{"id":5174,"date":"2025-12-22T14:09:53","date_gmt":"2025-12-22T13:09:53","guid":{"rendered":"https:\/\/fdasrl.it\/prodotto\/art-fda-002p11-abreuvoir-a-tetine-1-2-moyen-pour-porcs-a-lengrais-avec-axe-majore\/"},"modified":"2025-12-22T14:09:53","modified_gmt":"2025-12-22T13:09:53","slug":"art-fda-002p11-abreuvoir-a-tetine-1-2-moyen-pour-porcs-a-lengrais-avec-axe-majore","status":"publish","type":"product","link":"https:\/\/fdasrl.it\/fr\/prodotto\/art-fda-002p11-abreuvoir-a-tetine-1-2-moyen-pour-porcs-a-lengrais-avec-axe-majore\/","title":{"rendered":"Art. FDA-002P11 &#8211; Abreuvoir \u00e0 t\u00e9tine 1\/2\u201d moyen pour porcs \u00e0 l\u2019engrais avec axe major\u00e9"},"content":{"rendered":"<h2>Abreuvoir automatique \u00e0 t\u00e9tine 1\/2&Prime; pour porc \u00e0 l\u2019engrais avec axe major\u00e9 \u2013 Mod\u00e8le FDA-002P11<\/h2>\n<h3>Description du produit<\/h3>\n<p>L\u2019abreuvoir automatique pour porc \u00e0 l\u2019engrais <strong>FDA-002P11<\/strong> est con\u00e7u pour garantir fiabilit\u00e9, durabilit\u00e9 et une distribution d\u2019eau constante durant toute la phase de croissance.<br \/>\nR\u00e9alis\u00e9 avec des mat\u00e9riaux robustes et pens\u00e9 pour une installation rapide, il repr\u00e9sente une solution id\u00e9ale pour les \u00e9levages porcins exigeant <strong>efficacit\u00e9, hygi\u00e8ne et r\u00e9sistance<\/strong> dans les structures d\u00e9di\u00e9es \u00e0 l\u2019engraissement.<\/p>\n<p>C\u2019est le grand fr\u00e8re du mod\u00e8le FDA-000002, mais avec un axe major\u00e9 de 11 mm de diam.<\/p>\n<hr>\n<h3>Caract\u00e9ristiques techniques<\/h3>\n<ul>\n<li>Filetage en laiton<\/li>\n<li>Tube et axe en acier inoxydable<\/li>\n<li>Raccord d\u2019eau 1\/2&Prime;<\/li>\n<li>Longueur totale : 62,3 mm.<\/li>\n<li>Tube abreuvoir \u00d8 21 mm<\/li>\n<li>Axe \u00d8 11 mm<\/li>\n<li>Poids : 91 g<\/li>\n<li>Hexagone 21 mm<\/li>\n<li>Filtre interne en maille inox avec anneau de maintien ou filtre r\u00e9glable en plastique (voir mod\u00e8le FDA-002P11TP)<\/li>\n<\/ul>\n<hr>\n<h3>Hauteurs et angle d\u2019installation<\/h3>\n<p><a href=\"https:\/\/fdasrl.it\/wp-content\/uploads\/2025\/12\/Installation-Fda-Nipple-drinkers-1-2_compressed.pdf\">\ud83d\udc49 <\/a><em>(<a href=\"https:\/\/fdasrl.it\/wp-content\/uploads\/2025\/12\/Installation-Fda-Nipple-drinkers-1-2_compressed.pdf\">CLIQUEZ ICI) pour le tableau complet d\u2019installation<\/a><\/em><\/p>\n<p>Les hauteurs indiqu\u00e9es sont des directives g\u00e9n\u00e9rales.<br \/>\nPour l\u2019\u00e9levage des porcs \u00e0 l\u2019engrais, il est conseill\u00e9 d\u2019utiliser <strong>deux hauteurs d\u2019installation<\/strong> ou des <strong>r\u00e9gulateurs de hauteur<\/strong>, afin d\u2019adapter la position de l\u2019abreuvoir \u00e0 la croissance des animaux.<\/p>\n<p>L\u2019abreuvoir FDA-000002 peut \u00eatre install\u00e9 avec une inclinaison comprise entre <strong>15\u00b0 et 45\u00b0<\/strong> :<\/p>\n<ul>\n<li><strong>15\u00b0 \u2192<\/strong> utiliser la hauteur la plus basse<\/li>\n<li><strong>45\u00b0 \u2192<\/strong> utiliser la hauteur la plus haute<\/li>\n<\/ul>\n<p>Ce r\u00e9glage garantit une posture correcte des animaux et r\u00e9duit le gaspillage d\u2019eau.<\/p>\n<hr>\n<h3>Pression d\u2019eau conseill\u00e9e<\/h3>\n<p>La pression maximale de l\u2019eau ne doit pas d\u00e9passer <strong>4 bar (55 psi)<\/strong> pour assurer le bon fonctionnement de l\u2019installation.<\/p>\n<p>Pour les porcelets et porcelets sevr\u00e9s, la pression ne devrait pas d\u00e9passer <strong>2 bar (28 psi)<\/strong>.<\/p>\n<p>Des pressions plus basses favorisent :<\/p>\n<ul>\n<li>l\u2019\u00e9conomie d\u2019eau<\/li>\n<li>une plus longue dur\u00e9e de vie des joints et du ressort<\/li>\n<li>la r\u00e9gularit\u00e9 du flux<\/li>\n<li>la facilit\u00e9 d\u2019utilisation<\/li>\n<li>la r\u00e9duction des gaspillages<\/li>\n<\/ul>\n<p>\ud83d\udc49 <em>L\u2019utilisation d\u2019un r\u00e9ducteur de pression est conseill\u00e9e si la ligne d\u2019eau pr\u00e9sente des valeurs \u00e9lev\u00e9es ou instables.<\/em><\/p>\n<hr>\n<h3>D\u00e9bit d\u2019eau<\/h3>\n<p><a href=\"https:\/\/fdasrl.it\/wp-content\/uploads\/2025\/01\/grafico-fda-00002-nipple-drinker.jpg\">\ud83d\udc49 <em>(CLIQUEZ ICI) pour le tableau des d\u00e9bits<\/em><\/a><\/p>\n<p>Le d\u00e9bit effectif varie selon la pression disponible dans l\u2019\u00e9table.<br \/>\nPour les <strong>porcs \u00e0 l\u2019engrais<\/strong>, un d\u00e9bit compris entre <strong>0,8 et 1,4 L\/min<\/strong> est recommand\u00e9, afin de garantir un apport d\u2019eau ad\u00e9quat durant toute la phase de croissance.<\/p>\n<p>Pour augmenter le d\u00e9bit, des vannes optionnelles sont disponibles avec les diam\u00e8tres suivants :<\/p>\n<ul>\n<li>\u00d8 3 mm<\/li>\n<li>\u00d8 3,5 mm<\/li>\n<li>\u00d8 4 mm<\/li>\n<\/ul>\n<p>L\u2019emploi de <strong>r\u00e9ducteurs de pression<\/strong> permet une gestion centralis\u00e9e du syst\u00e8me, particuli\u00e8rement utile durant les mois d\u2019\u00e9t\u00e9 lorsqu\u2019il peut \u00eatre n\u00e9cessaire d\u2019augmenter le d\u00e9bit.<\/p>\n","protected":false},"excerpt":{"rendered":"<p>Abreuvoir automatique \u00e0 t\u00e9tine FDA-002P11 en laiton et inox, avec raccord 1\/2&Prime; et axe major\u00e9. Fiable, r\u00e9sistant et id\u00e9al pour garantir une distribution d\u2019eau contr\u00f4l\u00e9e pour les porcs \u00e0 l\u2019engrais. <\/p>\n<p><a href=\"https:\/\/fdasrl.it\/wp-content\/uploads\/2025\/12\/Installation-Fda-Nipple-drinkers-1-2_compressed.pdf\">\ud83d\udc49 <b>(CLIQUEZ ICI)<\/b> pour le tableau complet d\u2019installation<\/a><\/p>\n<p><a href=\"https:\/\/fdasrl.it\/wp-content\/uploads\/2025\/01\/grafico-fda-00002-nipple-drinker.jpg\">\ud83d\udc49 <b>(CLIQUEZ ICI)<\/b> pour le tableau des d\u00e9bits<\/a><\/p>\n<p>\ud83d\udc49 <a href=\"https:\/\/fdasrl.it\/wp-content\/uploads\/2025\/12\/FDA002P11_compressed.pdf\"><b>(CLIQUEZ ICI)<\/b> pour le dessin technique<\/a><\/p>\n","protected":false},"featured_media":1011,"comment_status":"open","ping_status":"closed","template":"","meta":{"_et_pb_use_builder":"","_et_pb_old_content":"","_et_gb_content_width":""},"product_brand":[],"product_cat":[754,1192,1191,662],"product_tag":[1215],"class_list":{"0":"post-5174","1":"product","2":"type-product","3":"status-publish","4":"has-post-thumbnail","6":"product_cat-abreuvoirs-3","7":"product_cat-abreuvoirs-a-tetine","8":"product_cat-laiton-acier-inoxydable","9":"product_cat-porcs","10":"product_tag-fda-002p11","12":"first","13":"instock","14":"shipping-taxable","15":"product-type-simple"},"yoast_head":"<!-- This site is optimized with the Yoast SEO Premium plugin v27.5 (Yoast SEO v27.5) - https:\/\/yoast.com\/product\/yoast-seo-premium-wordpress\/ -->\n<title>Abreuvoir automatique pour porcs \u00e0 l\u2019engrais FDA-002P11<\/title>\n<meta name=\"description\" content=\"D\u00e9couvrez l\u2019abreuvoir automatique pour porcs \u00e0 l\u2019engrais FDA-002P11, id\u00e9al pour garantir une eau toujours fra\u00eeche et hygi\u00e9nique. Avec axe major\u00e9.\" \/>\n<meta name=\"robots\" content=\"index, follow, max-snippet:-1, max-image-preview:large, max-video-preview:-1\" \/>\n<link rel=\"canonical\" href=\"https:\/\/fdasrl.it\/fr\/prodotto\/art-fda-002p11-abreuvoir-a-tetine-1-2-moyen-pour-porcs-a-lengrais-avec-axe-majore\/\" \/>\n<meta property=\"og:locale\" content=\"fr_FR\" \/>\n<meta property=\"og:type\" content=\"article\" \/>\n<meta property=\"og:title\" content=\"Art. FDA-002P11 - Abreuvoir \u00e0 t\u00e9tine 1\/2\u201d moyen pour porcs \u00e0 l\u2019engrais avec axe major\u00e9\" \/>\n<meta property=\"og:description\" content=\"D\u00e9couvrez l\u2019abreuvoir automatique pour porcs \u00e0 l\u2019engrais FDA-002P11, id\u00e9al pour garantir une eau toujours fra\u00eeche et hygi\u00e9nique. Avec axe major\u00e9.\" \/>\n<meta property=\"og:url\" content=\"https:\/\/fdasrl.it\/fr\/prodotto\/art-fda-002p11-abreuvoir-a-tetine-1-2-moyen-pour-porcs-a-lengrais-avec-axe-majore\/\" \/>\n<meta property=\"og:site_name\" content=\"FDA srl\" \/>\n<meta property=\"article:publisher\" content=\"https:\/\/www.facebook.com\/share\/1MWhFWg1Tp\/?mibextid=LQQJ4d\" \/>\n<meta property=\"og:image\" content=\"https:\/\/fdasrl.it\/wp-content\/uploads\/2025\/01\/pig-nipple-drinker-brass-inox-front-view-fda-srl.webp\" \/>\n\t<meta property=\"og:image:width\" content=\"1600\" \/>\n\t<meta property=\"og:image:height\" content=\"1600\" \/>\n\t<meta property=\"og:image:type\" content=\"image\/webp\" \/>\n<meta name=\"twitter:card\" content=\"summary_large_image\" \/>\n<meta name=\"twitter:label1\" content=\"Prix\" \/>\n\t<meta name=\"twitter:data1\" content=\"\" \/>\n\t<meta name=\"twitter:label2\" content=\"Disponibilit\u00e9\" \/>\n\t<meta name=\"twitter:data2\" content=\"En stock\" \/>\n<meta property=\"product:price:currency\" content=\"EUR\" \/>\n<meta property=\"og:availability\" content=\"instock\" \/>\n<meta property=\"product:availability\" content=\"instock\" \/>\n<meta property=\"product:retailer_item_id\" content=\"FDA-002P11\" \/>\n<meta property=\"product:condition\" content=\"new\" \/>\n<!-- \/ Yoast SEO Premium plugin. -->","yoast_head_json":{"title":"Abreuvoir automatique pour porcs \u00e0 l\u2019engrais FDA-002P11","description":"D\u00e9couvrez l\u2019abreuvoir automatique pour porcs \u00e0 l\u2019engrais FDA-002P11, id\u00e9al pour garantir une eau toujours fra\u00eeche et hygi\u00e9nique. Avec axe major\u00e9.","robots":{"index":"index","follow":"follow","max-snippet":"max-snippet:-1","max-image-preview":"max-image-preview:large","max-video-preview":"max-video-preview:-1"},"canonical":"https:\/\/fdasrl.it\/fr\/prodotto\/art-fda-002p11-abreuvoir-a-tetine-1-2-moyen-pour-porcs-a-lengrais-avec-axe-majore\/","og_locale":"fr_FR","og_type":"article","og_title":"Art. FDA-002P11 - Abreuvoir \u00e0 t\u00e9tine 1\/2\u201d moyen pour porcs \u00e0 l\u2019engrais avec axe major\u00e9","og_description":"D\u00e9couvrez l\u2019abreuvoir automatique pour porcs \u00e0 l\u2019engrais FDA-002P11, id\u00e9al pour garantir une eau toujours fra\u00eeche et hygi\u00e9nique. Avec axe major\u00e9.","og_url":"https:\/\/fdasrl.it\/fr\/prodotto\/art-fda-002p11-abreuvoir-a-tetine-1-2-moyen-pour-porcs-a-lengrais-avec-axe-majore\/","og_site_name":"FDA srl","article_publisher":"https:\/\/www.facebook.com\/share\/1MWhFWg1Tp\/?mibextid=LQQJ4d","og_image":[{"width":1600,"height":1600,"url":"https:\/\/fdasrl.it\/wp-content\/uploads\/2025\/01\/pig-nipple-drinker-brass-inox-front-view-fda-srl.webp","type":"image\/webp"}],"twitter_card":"summary_large_image","twitter_misc":{"Prix":"","Disponibilit\u00e9":"En stock"},"schema":{"@context":"https:\/\/schema.org","@graph":[{"@type":"WebPage","@id":"https:\/\/fdasrl.it\/fr\/prodotto\/art-fda-002p11-abreuvoir-a-tetine-1-2-moyen-pour-porcs-a-lengrais-avec-axe-majore\/","url":"https:\/\/fdasrl.it\/fr\/prodotto\/art-fda-002p11-abreuvoir-a-tetine-1-2-moyen-pour-porcs-a-lengrais-avec-axe-majore\/","name":"Abreuvoir automatique pour porcs \u00e0 l\u2019engrais FDA-002P11","isPartOf":{"@id":"https:\/\/fdasrl.it\/fr\/#website"},"primaryImageOfPage":{"@id":"https:\/\/fdasrl.it\/fr\/prodotto\/art-fda-002p11-abreuvoir-a-tetine-1-2-moyen-pour-porcs-a-lengrais-avec-axe-majore\/#primaryimage"},"image":{"@id":"https:\/\/fdasrl.it\/fr\/prodotto\/art-fda-002p11-abreuvoir-a-tetine-1-2-moyen-pour-porcs-a-lengrais-avec-axe-majore\/#primaryimage"},"thumbnailUrl":"https:\/\/fdasrl.it\/wp-content\/uploads\/2025\/01\/pig-nipple-drinker-brass-inox-front-view-fda-srl.webp","datePublished":"2025-12-22T13:09:53+00:00","description":"D\u00e9couvrez l\u2019abreuvoir automatique pour porcs \u00e0 l\u2019engrais FDA-002P11, id\u00e9al pour garantir une eau toujours fra\u00eeche et hygi\u00e9nique. Avec axe major\u00e9.","breadcrumb":{"@id":"https:\/\/fdasrl.it\/fr\/prodotto\/art-fda-002p11-abreuvoir-a-tetine-1-2-moyen-pour-porcs-a-lengrais-avec-axe-majore\/#breadcrumb"},"inLanguage":"fr-FR","potentialAction":[{"@type":"ReadAction","target":["https:\/\/fdasrl.it\/fr\/prodotto\/art-fda-002p11-abreuvoir-a-tetine-1-2-moyen-pour-porcs-a-lengrais-avec-axe-majore\/"]}]},{"@type":"ImageObject","inLanguage":"fr-FR","@id":"https:\/\/fdasrl.it\/fr\/prodotto\/art-fda-002p11-abreuvoir-a-tetine-1-2-moyen-pour-porcs-a-lengrais-avec-axe-majore\/#primaryimage","url":"https:\/\/fdasrl.it\/wp-content\/uploads\/2025\/01\/pig-nipple-drinker-brass-inox-front-view-fda-srl.webp","contentUrl":"https:\/\/fdasrl.it\/wp-content\/uploads\/2025\/01\/pig-nipple-drinker-brass-inox-front-view-fda-srl.webp","width":1600,"height":1600,"caption":"Front view of brass and stainless steel pig nipple drinker \u2013 FDA SRL"},{"@type":"BreadcrumbList","@id":"https:\/\/fdasrl.it\/fr\/prodotto\/art-fda-002p11-abreuvoir-a-tetine-1-2-moyen-pour-porcs-a-lengrais-avec-axe-majore\/#breadcrumb","itemListElement":[{"@type":"ListItem","position":1,"name":"Home","item":"https:\/\/fdasrl.it\/fr\/accueil\/"},{"@type":"ListItem","position":2,"name":"Boutique","item":"https:\/\/fdasrl.it\/fr\/boutique\/"},{"@type":"ListItem","position":3,"name":"Art. FDA-002P11 &#8211; Abreuvoir \u00e0 t\u00e9tine 1\/2\u201d moyen pour porcs \u00e0 l\u2019engrais avec axe major\u00e9"}]},{"@type":"WebSite","@id":"https:\/\/fdasrl.it\/fr\/#website","url":"https:\/\/fdasrl.it\/fr\/","name":"FDA srl","description":"Equipment for animal husbandry","publisher":{"@id":"https:\/\/fdasrl.it\/fr\/#organization"},"potentialAction":[{"@type":"SearchAction","target":{"@type":"EntryPoint","urlTemplate":"https:\/\/fdasrl.it\/fr\/?s={search_term_string}"},"query-input":{"@type":"PropertyValueSpecification","valueRequired":true,"valueName":"search_term_string"}}],"inLanguage":"fr-FR"},{"@type":"Organization","@id":"https:\/\/fdasrl.it\/fr\/#organization","name":"FDA srl","url":"https:\/\/fdasrl.it\/fr\/","logo":{"@type":"ImageObject","inLanguage":"fr-FR","@id":"https:\/\/fdasrl.it\/fr\/#\/schema\/logo\/image\/","url":"https:\/\/fdasrl.it\/wp-content\/uploads\/2024\/12\/Logo-FDA.png","contentUrl":"https:\/\/fdasrl.it\/wp-content\/uploads\/2024\/12\/Logo-FDA.png","width":316,"height":119,"caption":"FDA srl"},"image":{"@id":"https:\/\/fdasrl.it\/fr\/#\/schema\/logo\/image\/"},"sameAs":["https:\/\/www.facebook.com\/share\/1MWhFWg1Tp\/?mibextid=LQQJ4d","https:\/\/www.instagram.com\/fda_srl\/profilecard\/?igsh=YW5lbzJ6MWg0d21u","https:\/\/www.youtube.com\/@FDASRL_ANIMALCARE"],"description":"FDA SRL \u2013 Equipment for animal husbandry nasce con l\u2019obiettivo di offrire soluzioni affidabili e innovative per l\u2019allevamento moderno. Con anni di esperienza nel settore zootecnico, progettiamo e realizziamo attrezzature destinate al benessere animale e alla gestione efficiente delle stalle: vasche, abbeveratoi, mangiatoie e sistemi di riscaldamento pensati per durare nel tempo e semplificare il lavoro quotidiano degli allevatori. Dalla progettazione alla produzione, ogni nostro prodotto \u00e8 studiato nei minimi dettagli, testato con cura e costruito per rispondere alle esigenze reali del settore. La nostra forza \u00e8 unire artigianalit\u00e0, tecnologia e competenza tecnica per trasformare ogni progetto in una soluzione concreta e funzionale. Oggi FDA SRL \u00e8 un punto di riferimento per privati e rivenditori che cercano qualit\u00e0, affidabilit\u00e0 e innovazione nelle attrezzature per l\u2019allevamento.","email":"info@fdasrl.it","telephone":"+390522826820","legalName":"F.D.A. SRL","foundingDate":"2024-10-13","vatID":"03075840359","taxID":"03075840359","numberOfEmployees":{"@type":"QuantitativeValue","minValue":"1","maxValue":"10"}}]},"product_price_currency":"EUR","og_availability":"instock","product_availability":"instock","product_retailer_item_id":"FDA-002P11","product_condition":"new"},"_links":{"self":[{"href":"https:\/\/fdasrl.it\/fr\/wp-json\/wp\/v2\/product\/5174","targetHints":{"allow":["GET"]}}],"collection":[{"href":"https:\/\/fdasrl.it\/fr\/wp-json\/wp\/v2\/product"}],"about":[{"href":"https:\/\/fdasrl.it\/fr\/wp-json\/wp\/v2\/types\/product"}],"replies":[{"embeddable":true,"href":"https:\/\/fdasrl.it\/fr\/wp-json\/wp\/v2\/comments?post=5174"}],"wp:featuredmedia":[{"embeddable":true,"href":"https:\/\/fdasrl.it\/fr\/wp-json\/wp\/v2\/media\/1011"}],"wp:attachment":[{"href":"https:\/\/fdasrl.it\/fr\/wp-json\/wp\/v2\/media?parent=5174"}],"wp:term":[{"taxonomy":"product_brand","embeddable":true,"href":"https:\/\/fdasrl.it\/fr\/wp-json\/wp\/v2\/product_brand?post=5174"},{"taxonomy":"product_cat","embeddable":true,"href":"https:\/\/fdasrl.it\/fr\/wp-json\/wp\/v2\/product_cat?post=5174"},{"taxonomy":"product_tag","embeddable":true,"href":"https:\/\/fdasrl.it\/fr\/wp-json\/wp\/v2\/product_tag?post=5174"}],"curies":[{"name":"wp","href":"https:\/\/api.w.org\/{rel}","templated":true}]}}