{"id":5307,"date":"2026-03-13T16:40:08","date_gmt":"2026-03-13T15:40:08","guid":{"rendered":"https:\/\/fdasrl.it\/prodotto\/art-fda-000005tp-abreuvoir-a-tetine-1-2-pour-bacs-antigaspillage-manger-boire\/"},"modified":"2026-03-13T16:40:08","modified_gmt":"2026-03-13T15:40:08","slug":"art-fda-000005tp-abreuvoir-a-tetine-1-2-pour-bacs-antigaspillage-manger-boire","status":"publish","type":"product","link":"https:\/\/fdasrl.it\/fr\/prodotto\/art-fda-000005tp-abreuvoir-a-tetine-1-2-pour-bacs-antigaspillage-manger-boire\/","title":{"rendered":"Art. FDA-000005TP &#8211; Abreuvoir \u00e0 t\u00e9tine 1\/2\u201d pour bacs antigaspillage manger\/boire"},"content":{"rendered":"<h1 data-section-id=\"m5jqlp\" data-start=\"258\" data-end=\"361\">Abreuvoir automatique \u00e0 t\u00e9tine 1\/2&Prime; pour bacs antigaspillage manger\/boire \u2013 Mod\u00e8le FDA-000005TP<\/h1>\n<h2 data-section-id=\"7u0kos\" data-start=\"363\" data-end=\"390\">Description du produit<\/h2>\n<p data-start=\"341\" data-end=\"542\">L\u2019<strong data-start=\"343\" data-end=\"411\">abreuvoir \u00e0 t\u00e9tine pour bacs manger\/boire FDA-000005TP<\/strong> est con\u00e7u pour les syst\u00e8mes d\u2019alimentation combin\u00e9e chez les porcs, o\u00f9 l\u2019eau et l\u2019aliment sont consomm\u00e9s directement dans la mangeoire.<\/p>\n<p data-start=\"544\" data-end=\"811\">Cet <strong data-start=\"551\" data-end=\"619\">abreuvoir \u00e0 t\u00e9tine pour bacs manger\/boire FDA-000005TP<\/strong> avec raccord filet\u00e9 <strong data-start=\"642\" data-end=\"650\">1\/2&Prime;<\/strong> permet une distribution contr\u00f4l\u00e9e de l\u2019eau qui humidifie l\u2019aliment, am\u00e9liorant sa palatabilit\u00e9 et favorisant l\u2019ingestion de la nourriture par les animaux.<\/p>\n<p data-start=\"813\" data-end=\"1037\">Le <strong data-start=\"816\" data-end=\"848\">corps et le filetage en laiton<\/strong> garantissent une haute r\u00e9sistance \u00e0 la corrosion, une fiabilit\u00e9 dans le temps et une \u00e9tanch\u00e9it\u00e9 hydraulique correcte.<br data-start=\"953\" data-end=\"956\"\/>L\u2019<strong data-start=\"958\" data-end=\"978\">hexagone de 25 mm<\/strong> permet un vissage stable et s\u00fbr sur la mangeoire.<\/p>\n<p data-start=\"1039\" data-end=\"1412\">Le <strong data-start=\"1042\" data-end=\"1091\">bouton d\u2019activation \u00d8 24 mm en acier inoxydable<\/strong> de l\u2019<strong data-start=\"1097\" data-end=\"1165\">abreuvoir \u00e0 t\u00e9tine pour bacs manger\/boire FDA-000005TP<\/strong> est \u00e9tudi\u00e9 pour \u00eatre actionn\u00e9 par le porc lors du passage naturel de la t\u00eate dans la mangeoire. Le mouvement du bouton provoque une <strong data-start=\"1303\" data-end=\"1347\">distribution d\u2019eau l\u00e9g\u00e8re et contr\u00f4l\u00e9e<\/strong>, qui humidifie l\u2019aliment et contribue \u00e0 r\u00e9duire le gaspillage. <\/p>\n<p data-start=\"1414\" data-end=\"1691\">Cette version de l\u2019<strong data-start=\"1435\" data-end=\"1503\">abreuvoir \u00e0 t\u00e9tine pour bacs manger\/boire FDA-000005TP<\/strong> est \u00e9quip\u00e9e d\u2019un <strong data-start=\"1516\" data-end=\"1549\">filtre r\u00e9glable en plastique<\/strong>, qui permet de r\u00e9guler le d\u00e9bit d\u2019eau en fonction de la pression pr\u00e9sente dans la ligne hydraulique, am\u00e9liorant ainsi le contr\u00f4le du flux.<\/p>\n<hr data-start=\"1701\" data-end=\"1704\">\n<h2 data-section-id=\"nuql2p\" data-start=\"1706\" data-end=\"1733\">Caract\u00e9ristiques techniques<\/h2>\n<ul data-start=\"1735\" data-end=\"1965\">\n<li data-section-id=\"1o9ytxp\" data-start=\"1735\" data-end=\"1760\">\n<p data-start=\"1737\" data-end=\"1760\"><strong data-start=\"1737\" data-end=\"1758\">Filetage en laiton<\/strong><\/p>\n<\/li>\n<li data-section-id=\"169p6ni\" data-start=\"1761\" data-end=\"1791\">\n<p data-start=\"1763\" data-end=\"1791\"><strong data-start=\"1763\" data-end=\"1789\">Bouton en acier inoxydable<\/strong><\/p>\n<\/li>\n<li data-section-id=\"d3pims\" data-start=\"1792\" data-end=\"1819\">\n<p data-start=\"1794\" data-end=\"1819\"><strong data-start=\"1794\" data-end=\"1812\">Raccordement d\u2019eau :<\/strong> 1\/2&Prime;<\/p>\n<\/li>\n<li data-section-id=\"1oxkjxt\" data-start=\"1820\" data-end=\"1853\">\n<p data-start=\"1822\" data-end=\"1853\"><strong data-start=\"1822\" data-end=\"1843\">Longueur totale :<\/strong> 57,6 mm<\/p>\n<\/li>\n<li data-section-id=\"uqig1r\" data-start=\"1854\" data-end=\"1886\">\n<p data-start=\"1856\" data-end=\"1886\"><strong data-start=\"1856\" data-end=\"1876\">Diam\u00e8tre du bouton :<\/strong> \u00d8 24 mm<\/p>\n<\/li>\n<li data-section-id=\"wzfciy\" data-start=\"1887\" data-end=\"1906\">\n<p data-start=\"1889\" data-end=\"1906\"><strong data-start=\"1889\" data-end=\"1898\">Poids :<\/strong> 161 g<\/p>\n<\/li>\n<li data-section-id=\"1nozte3\" data-start=\"1907\" data-end=\"1929\">\n<p data-start=\"1909\" data-end=\"1929\"><strong data-start=\"1909\" data-end=\"1921\">Hexagone :<\/strong> 25 mm<\/p>\n<\/li>\n<li data-section-id=\"51mczo\" data-start=\"1930\" data-end=\"1965\">\n<p data-start=\"1932\" data-end=\"1965\"><strong data-start=\"1932\" data-end=\"1965\">Filtre r\u00e9glable en plastique<\/strong><\/p>\n<\/li>\n<\/ul>\n<h3 data-section-id=\"a0rm9p\" data-start=\"1967\" data-end=\"1991\">Versions disponibles<\/h3>\n<ul data-start=\"1993\" data-end=\"2092\">\n<li data-section-id=\"1081g3p\" data-start=\"1993\" data-end=\"2049\">\n<p data-start=\"1995\" data-end=\"2049\">avec <strong data-start=\"1999\" data-end=\"2022\">filtre en maille inox<\/strong> \u2013 mod\u00e8le <strong data-start=\"2033\" data-end=\"2047\">FDA-000005<\/strong><\/p>\n<\/li>\n<li data-section-id=\"13te3xk\" data-start=\"2050\" data-end=\"2092\">\n<p data-start=\"2052\" data-end=\"2092\"><strong data-start=\"2052\" data-end=\"2066\">tout inox<\/strong> \u2013 mod\u00e8le <strong data-start=\"2077\" data-end=\"2092\">FDA-000015E<\/strong><\/p>\n<\/li>\n<\/ul>\n<hr data-start=\"2094\" data-end=\"2097\">\n<h2 data-section-id=\"xgq6w7\" data-start=\"2099\" data-end=\"2135\">Hauteurs et angle d\u2019installation<\/h2>\n<p data-start=\"2137\" data-end=\"2197\">\ud83d\udc49 <strong data-start=\"2140\" data-end=\"2156\">(CLIQUEZ ICI)<\/strong> pour le tableau complet d\u2019installation<\/p>\n<p data-start=\"2199\" data-end=\"2482\">Les hauteurs indiqu\u00e9es sont des directives g\u00e9n\u00e9rales.<br data-start=\"2245\" data-end=\"2248\"\/>Il est conseill\u00e9 d\u2019utiliser <strong data-start=\"2275\" data-end=\"2307\">trois hauteurs d\u2019installation<\/strong> ou des <strong data-start=\"2318\" data-end=\"2343\">r\u00e9gulateurs de hauteur<\/strong>, afin d\u2019adapter la position de l\u2019<strong data-start=\"2380\" data-end=\"2438\">abreuvoir \u00e0 t\u00e9tine pour mangeoire manger et boire<\/strong> aux diff\u00e9rentes phases de croissance de l\u2019animal.<\/p>\n<p data-start=\"2484\" data-end=\"2585\">L\u2019abreuvoir <strong data-start=\"2499\" data-end=\"2515\">FDA-000005TP<\/strong> peut \u00eatre install\u00e9 avec une inclinaison comprise entre <strong data-start=\"2571\" data-end=\"2584\">15\u00b0 et 45\u00b0<\/strong> :<\/p>\n<ul data-start=\"2587\" data-end=\"2673\">\n<li data-section-id=\"axr87z\" data-start=\"2587\" data-end=\"2631\">\n<p data-start=\"2589\" data-end=\"2631\"><strong data-start=\"2589\" data-end=\"2629\">15\u00b0 \u2192 utiliser la hauteur la plus basse<\/strong><\/p>\n<\/li>\n<li data-section-id=\"4csin4\" data-start=\"2632\" data-end=\"2673\">\n<p data-start=\"2634\" data-end=\"2673\"><strong data-start=\"2634\" data-end=\"2673\">45\u00b0 \u2192 utiliser la hauteur la plus haute<\/strong><\/p>\n<\/li>\n<\/ul>\n<p data-start=\"2675\" data-end=\"2791\">Ce r\u00e9glage garantit <strong data-start=\"2705\" data-end=\"2743\">une posture correcte des animaux<\/strong> et contribue \u00e0 <strong data-start=\"2761\" data-end=\"2790\">r\u00e9duire le gaspillage d\u2019eau<\/strong>.<\/p>\n<hr data-start=\"2793\" data-end=\"2796\">\n<h2 data-section-id=\"is0d26\" data-start=\"2798\" data-end=\"2833\">Pression d\u2019eau conseill\u00e9e<\/h2>\n<p data-start=\"2835\" data-end=\"2959\">La pression maximale de l\u2019eau ne doit pas d\u00e9passer <strong data-start=\"2885\" data-end=\"2903\">4 bar (55 psi)<\/strong> pour assurer le bon fonctionnement de l\u2019installation.<\/p>\n<p data-start=\"2961\" data-end=\"3053\">Pour les <strong data-start=\"2965\" data-end=\"2997\">porcelets et porcelets sevr\u00e9s<\/strong>, la pression ne devrait pas d\u00e9passer <strong data-start=\"3034\" data-end=\"3052\">2 bar (28 psi)<\/strong>.<\/p>\n<p data-start=\"3055\" data-end=\"3087\">Des pressions plus basses favorisent :<\/p>\n<ul data-start=\"3089\" data-end=\"3225\">\n<li data-section-id=\"11e5cqa\" data-start=\"3089\" data-end=\"3109\">\n<p data-start=\"3091\" data-end=\"3109\">l\u2019\u00e9conomie d\u2019eau<\/p>\n<\/li>\n<li data-section-id=\"1yzlpkk\" data-start=\"3110\" data-end=\"3152\">\n<p data-start=\"3112\" data-end=\"3152\">une plus longue dur\u00e9e de vie des joints et du ressort<\/p>\n<\/li>\n<li data-section-id=\"1qi1tl4\" data-start=\"3153\" data-end=\"3178\">\n<p data-start=\"3155\" data-end=\"3178\">la r\u00e9gularit\u00e9 du flux<\/p>\n<\/li>\n<li data-section-id=\"agvkv4\" data-start=\"3179\" data-end=\"3197\">\n<p data-start=\"3181\" data-end=\"3197\">la facilit\u00e9 d\u2019utilisation<\/p>\n<\/li>\n<li data-section-id=\"1hn09s\" data-start=\"3198\" data-end=\"3225\">\n<p data-start=\"3200\" data-end=\"3225\">la r\u00e9duction du gaspillage<\/p>\n<\/li>\n<\/ul>\n<p data-start=\"3227\" data-end=\"3342\">\ud83d\udc49 L\u2019utilisation d\u2019un <strong data-start=\"3260\" data-end=\"3286\">r\u00e9ducteur de pression<\/strong> est conseill\u00e9e si la ligne hydraulique pr\u00e9sente des valeurs \u00e9lev\u00e9es ou instables.<\/p>\n<hr data-start=\"3344\" data-end=\"3347\">\n<h2 data-section-id=\"ca3mia\" data-start=\"3349\" data-end=\"3367\">D\u00e9bit d\u2019eau<\/h2>\n<p data-start=\"3369\" data-end=\"3417\">\ud83d\udc49 <strong data-start=\"3372\" data-end=\"3388\">(CLIQUEZ ICI)<\/strong> pour le tableau des d\u00e9bits<\/p>\n<p data-start=\"3419\" data-end=\"3548\">Le d\u00e9bit de l\u2019<strong data-start=\"3435\" data-end=\"3490\">abreuvoir automatique \u00e0 t\u00e9tine 1\/2&Prime; pour porcs<\/strong> varie en fonction de la pression pr\u00e9sente dans la ligne hydraulique.<\/p>\n<p data-start=\"3550\" data-end=\"3784\">Pour un fonctionnement optimal du syst\u00e8me, un <strong data-start=\"3609\" data-end=\"3647\">d\u00e9bit compris entre 0,6 et 1 L\/min<\/strong> est conseill\u00e9, afin d\u2019obtenir une humidification correcte de l\u2019aliment, tout en r\u00e9duisant le gaspillage d\u2019eau et en maintenant la zone d\u2019alimentation plus propre.<\/p>\n<p data-start=\"3786\" data-end=\"3999\">Dans la version avec <strong data-start=\"3805\" data-end=\"3849\">filtre r\u00e9glable (mod\u00e8le FDA-000005TP)<\/strong>, le d\u00e9bit peut \u00eatre r\u00e9gl\u00e9 via le <strong data-start=\"3892\" data-end=\"3921\">capuchon de la valve<\/strong>, ce qui permet d\u2019adapter le flux \u00e0 la pression disponible dans l\u2019installation.<\/p>\n<p data-start=\"4001\" data-end=\"4075\">Le graphique met en \u00e9vidence <strong data-start=\"4030\" data-end=\"4074\">trois niveaux de r\u00e9glage de la valve<\/strong> :<\/p>\n<ul data-start=\"4077\" data-end=\"4354\">\n<li data-section-id=\"jsf9ok\" data-start=\"4077\" data-end=\"4175\">\n<p data-start=\"4079\" data-end=\"4175\"><strong data-start=\"4079\" data-end=\"4115\">Niveau 1 (4\u20139 bar) \u2013 zone verte<\/strong><br data-start=\"4115\" data-end=\"4118\"\/>utilis\u00e9 lorsque la pression de l\u2019installation est \u00e9lev\u00e9e.<\/p>\n<\/li>\n<li data-section-id=\"1b7zwdm\" data-start=\"4177\" data-end=\"4255\">\n<p data-start=\"4179\" data-end=\"4255\"><strong data-start=\"4179\" data-end=\"4213\">Niveau 2 (2\u20134 bar) \u2013 zone bleue<\/strong><br data-start=\"4213\" data-end=\"4216\"\/>adapt\u00e9 aux syst\u00e8mes \u00e0 pression moyenne.<\/p>\n<\/li>\n<li data-section-id=\"11ztnx0\" data-start=\"4257\" data-end=\"4354\">\n<p data-start=\"4259\" data-end=\"4354\"><strong data-start=\"4259\" data-end=\"4296\">Niveau 3 (0\u20132 bar) \u2013 zone grise<\/strong><br data-start=\"4296\" data-end=\"4299\"\/>id\u00e9al pour les lignes d\u2019abreuvement \u00e0 basse pression.<\/p>\n<\/li>\n<\/ul>\n<p data-start=\"4356\" data-end=\"4608\">Le graphique permet d\u2019identifier rapidement quel niveau r\u00e9gler sur le capuchon de la valve pour obtenir un <strong data-start=\"4474\" data-end=\"4553\">d\u00e9bit stable de l\u2019abreuvoir \u00e0 t\u00e9tine pour mangeoires manger et boire<\/strong> en fonction de la pression disponible dans l\u2019installation.<\/p>\n<p data-start=\"4610\" data-end=\"4724\">Avec le r\u00e9glage correct, le d\u00e9bit reste <strong data-start=\"4656\" data-end=\"4679\">autour de 1,0 L\/min<\/strong>, garantissant un flux constant et fiable.<\/p>\n<hr data-start=\"4726\" data-end=\"4729\">\n<h2 data-section-id=\"1lqngb5\" data-start=\"4731\" data-end=\"4759\">Contamination de l\u2019eau<\/h2>\n<p data-start=\"4761\" data-end=\"4927\">La contamination de l\u2019eau ou des tuyauteries peut repr\u00e9senter l\u2019une des principales causes de dysfonctionnement des <strong data-start=\"4878\" data-end=\"4916\">abreuvoirs \u00e0 t\u00e9tine pour porcs<\/strong> au fil du temps.<\/p>\n<p data-start=\"4929\" data-end=\"5132\">Pour pr\u00e9venir ce probl\u00e8me, l\u2019installation d\u2019<strong data-start=\"4991\" data-end=\"5037\">un filtre \u00e0 l\u2019entr\u00e9e de la ligne hydraulique<\/strong> est conseill\u00e9e, afin de retenir les \u00e9ventuelles impuret\u00e9s et de garantir un fonctionnement r\u00e9gulier de l\u2019installation.<\/p>\n","protected":false},"excerpt":{"rendered":"<p>Raccord filet\u00e9 1\/2\u201d pour mangeoires manger et boire pour porcs, avec corps en laiton et bouton en acier inoxydable. <strong data-start=\"1609\" data-end=\"1642\">Filtre r\u00e9glable en plastique. <\/strong>Activation automatique au passage de la t\u00eate du porc pour une humidification contr\u00f4l\u00e9e de l\u2019aliment. Disponible \u00e9galement en version tout inox. <\/p>\n<p><a href=\"https:\/\/fdasrl.it\/wp-content\/uploads\/2025\/01\/Installation-of-1-2-nipple-drinker-for-anti-waste-eatdrink-trays.pdf\" target=\"_blank\" rel=\"noopener\">\ud83d\udc49 <strong data-start=\"1158\" data-end=\"1174\">(CLIQUEZ ICI)<\/strong> pour le tableau complet d\u2019installation<\/a><\/p>\n<p><a href=\"https:\/\/fdasrl.it\/wp-content\/uploads\/2026\/03\/grafico-fda-succhiotto-mangia-bevi-000005tp.jpg\">\ud83d\udc49 <strong data-start=\"1158\" data-end=\"1174\">(CLIQUEZ ICI)<\/strong> pour le tableau des d\u00e9bits<\/a><\/p>\n<p><a href=\"https:\/\/fdasrl.it\/wp-content\/uploads\/2026\/03\/FDA0005TP.pdf\">\ud83d\udc49 <strong data-start=\"1158\" data-end=\"1174\">(CLIQUEZ ICI)<\/strong> pour le dessin technique<\/a><\/p>\n","protected":false},"featured_media":1248,"comment_status":"open","ping_status":"closed","template":"","meta":{"_et_pb_use_builder":"","_et_pb_old_content":"","_et_gb_content_width":""},"product_brand":[],"product_cat":[754,1192,1191,662],"product_tag":[1240],"class_list":{"0":"post-5307","1":"product","2":"type-product","3":"status-publish","4":"has-post-thumbnail","6":"product_cat-abreuvoirs-3","7":"product_cat-abreuvoirs-a-tetine","8":"product_cat-laiton-acier-inoxydable","9":"product_cat-porcs","10":"product_tag-fda-000005tp","12":"first","13":"instock","14":"shipping-taxable","15":"product-type-simple"},"yoast_head":"<!-- This site is optimized with the Yoast SEO Premium plugin v27.5 (Yoast SEO v27.5) - https:\/\/yoast.com\/product\/yoast-seo-premium-wordpress\/ -->\n<title>Abreuvoir \u00e0 t\u00e9tine pour bacs manger\/boire FDA-0005TP<\/title>\n<meta name=\"description\" content=\"Optimisez le r\u00e9gime de vos porcs avec l\u2019abreuvoir \u00e0 t\u00e9tine pour bacs manger\/boire FDA-0005TP. Il garantit une meilleure ingestion de l\u2019aliment ! \ud83d\udc16\" \/>\n<meta name=\"robots\" content=\"index, follow, max-snippet:-1, max-image-preview:large, max-video-preview:-1\" \/>\n<link rel=\"canonical\" href=\"https:\/\/fdasrl.it\/fr\/prodotto\/art-fda-000005tp-abreuvoir-a-tetine-1-2-pour-bacs-antigaspillage-manger-boire\/\" \/>\n<meta property=\"og:locale\" content=\"fr_FR\" \/>\n<meta property=\"og:type\" content=\"article\" \/>\n<meta property=\"og:title\" content=\"Art. FDA-000005TP - Abreuvoir \u00e0 t\u00e9tine 1\/2\u201d pour bacs antigaspillage manger\/boire\" \/>\n<meta property=\"og:description\" content=\"Optimisez le r\u00e9gime de vos porcs avec l\u2019abreuvoir \u00e0 t\u00e9tine pour bacs manger\/boire FDA-0005TP. Il garantit une meilleure ingestion de l\u2019aliment ! \ud83d\udc16\" \/>\n<meta property=\"og:url\" content=\"https:\/\/fdasrl.it\/fr\/prodotto\/art-fda-000005tp-abreuvoir-a-tetine-1-2-pour-bacs-antigaspillage-manger-boire\/\" \/>\n<meta property=\"og:site_name\" content=\"FDA srl\" \/>\n<meta property=\"article:publisher\" content=\"https:\/\/www.facebook.com\/share\/1MWhFWg1Tp\/?mibextid=LQQJ4d\" \/>\n<meta property=\"og:image\" content=\"https:\/\/fdasrl.it\/wp-content\/uploads\/2026\/03\/abbeveratoio-succhiotto-1-2-vaschetta-antispreco-mangia-bevi-con-regolazione.jpg\" \/>\n\t<meta property=\"og:image:width\" content=\"1915\" \/>\n\t<meta property=\"og:image:height\" content=\"1922\" \/>\n\t<meta property=\"og:image:type\" content=\"image\/jpeg\" \/>\n<meta name=\"twitter:card\" content=\"summary_large_image\" \/>\n<meta name=\"twitter:label1\" content=\"Prix\" \/>\n\t<meta name=\"twitter:data1\" content=\"\" \/>\n\t<meta name=\"twitter:label2\" content=\"Disponibilit\u00e9\" \/>\n\t<meta name=\"twitter:data2\" content=\"En stock\" \/>\n<meta property=\"product:price:currency\" content=\"EUR\" \/>\n<meta property=\"og:availability\" content=\"instock\" \/>\n<meta property=\"product:availability\" content=\"instock\" \/>\n<meta property=\"product:retailer_item_id\" content=\"FDA-000005TP\" \/>\n<meta property=\"product:condition\" content=\"new\" \/>\n<!-- \/ Yoast SEO Premium plugin. -->","yoast_head_json":{"title":"Abreuvoir \u00e0 t\u00e9tine pour bacs manger\/boire FDA-0005TP","description":"Optimisez le r\u00e9gime de vos porcs avec l\u2019abreuvoir \u00e0 t\u00e9tine pour bacs manger\/boire FDA-0005TP. Il garantit une meilleure ingestion de l\u2019aliment ! \ud83d\udc16","robots":{"index":"index","follow":"follow","max-snippet":"max-snippet:-1","max-image-preview":"max-image-preview:large","max-video-preview":"max-video-preview:-1"},"canonical":"https:\/\/fdasrl.it\/fr\/prodotto\/art-fda-000005tp-abreuvoir-a-tetine-1-2-pour-bacs-antigaspillage-manger-boire\/","og_locale":"fr_FR","og_type":"article","og_title":"Art. FDA-000005TP - Abreuvoir \u00e0 t\u00e9tine 1\/2\u201d pour bacs antigaspillage manger\/boire","og_description":"Optimisez le r\u00e9gime de vos porcs avec l\u2019abreuvoir \u00e0 t\u00e9tine pour bacs manger\/boire FDA-0005TP. Il garantit une meilleure ingestion de l\u2019aliment ! \ud83d\udc16","og_url":"https:\/\/fdasrl.it\/fr\/prodotto\/art-fda-000005tp-abreuvoir-a-tetine-1-2-pour-bacs-antigaspillage-manger-boire\/","og_site_name":"FDA srl","article_publisher":"https:\/\/www.facebook.com\/share\/1MWhFWg1Tp\/?mibextid=LQQJ4d","og_image":[{"width":1915,"height":1922,"url":"https:\/\/fdasrl.it\/wp-content\/uploads\/2026\/03\/abbeveratoio-succhiotto-1-2-vaschetta-antispreco-mangia-bevi-con-regolazione.jpg","type":"image\/jpeg"}],"twitter_card":"summary_large_image","twitter_misc":{"Prix":"","Disponibilit\u00e9":"En stock"},"schema":{"@context":"https:\/\/schema.org","@graph":[{"@type":"WebPage","@id":"https:\/\/fdasrl.it\/fr\/prodotto\/art-fda-000005tp-abreuvoir-a-tetine-1-2-pour-bacs-antigaspillage-manger-boire\/","url":"https:\/\/fdasrl.it\/fr\/prodotto\/art-fda-000005tp-abreuvoir-a-tetine-1-2-pour-bacs-antigaspillage-manger-boire\/","name":"Abreuvoir \u00e0 t\u00e9tine pour bacs manger\/boire FDA-0005TP","isPartOf":{"@id":"https:\/\/fdasrl.it\/fr\/#website"},"primaryImageOfPage":{"@id":"https:\/\/fdasrl.it\/fr\/prodotto\/art-fda-000005tp-abreuvoir-a-tetine-1-2-pour-bacs-antigaspillage-manger-boire\/#primaryimage"},"image":{"@id":"https:\/\/fdasrl.it\/fr\/prodotto\/art-fda-000005tp-abreuvoir-a-tetine-1-2-pour-bacs-antigaspillage-manger-boire\/#primaryimage"},"thumbnailUrl":"https:\/\/fdasrl.it\/wp-content\/uploads\/2026\/03\/abbeveratoio-succhiotto-1-2-vaschetta-antispreco-mangia-bevi-con-regolazione.jpg","datePublished":"2026-03-13T15:40:08+00:00","description":"Optimisez le r\u00e9gime de vos porcs avec l\u2019abreuvoir \u00e0 t\u00e9tine pour bacs manger\/boire FDA-0005TP. Il garantit une meilleure ingestion de l\u2019aliment ! \ud83d\udc16","breadcrumb":{"@id":"https:\/\/fdasrl.it\/fr\/prodotto\/art-fda-000005tp-abreuvoir-a-tetine-1-2-pour-bacs-antigaspillage-manger-boire\/#breadcrumb"},"inLanguage":"fr-FR","potentialAction":[{"@type":"ReadAction","target":["https:\/\/fdasrl.it\/fr\/prodotto\/art-fda-000005tp-abreuvoir-a-tetine-1-2-pour-bacs-antigaspillage-manger-boire\/"]}]},{"@type":"ImageObject","inLanguage":"fr-FR","@id":"https:\/\/fdasrl.it\/fr\/prodotto\/art-fda-000005tp-abreuvoir-a-tetine-1-2-pour-bacs-antigaspillage-manger-boire\/#primaryimage","url":"https:\/\/fdasrl.it\/wp-content\/uploads\/2026\/03\/abbeveratoio-succhiotto-1-2-vaschetta-antispreco-mangia-bevi-con-regolazione.jpg","contentUrl":"https:\/\/fdasrl.it\/wp-content\/uploads\/2026\/03\/abbeveratoio-succhiotto-1-2-vaschetta-antispreco-mangia-bevi-con-regolazione.jpg","width":1915,"height":1922,"caption":"T\u00e9tine pour abreuvoirs avec raccord de 1\/2\" et r\u00e9glage du d\u00e9bit d\u2019eau."},{"@type":"BreadcrumbList","@id":"https:\/\/fdasrl.it\/fr\/prodotto\/art-fda-000005tp-abreuvoir-a-tetine-1-2-pour-bacs-antigaspillage-manger-boire\/#breadcrumb","itemListElement":[{"@type":"ListItem","position":1,"name":"Home","item":"https:\/\/fdasrl.it\/fr\/accueil\/"},{"@type":"ListItem","position":2,"name":"Boutique","item":"https:\/\/fdasrl.it\/fr\/boutique\/"},{"@type":"ListItem","position":3,"name":"Art. FDA-000005TP &#8211; Abreuvoir \u00e0 t\u00e9tine 1\/2\u201d pour bacs antigaspillage manger\/boire"}]},{"@type":"WebSite","@id":"https:\/\/fdasrl.it\/fr\/#website","url":"https:\/\/fdasrl.it\/fr\/","name":"FDA srl","description":"Equipment for animal husbandry","publisher":{"@id":"https:\/\/fdasrl.it\/fr\/#organization"},"potentialAction":[{"@type":"SearchAction","target":{"@type":"EntryPoint","urlTemplate":"https:\/\/fdasrl.it\/fr\/?s={search_term_string}"},"query-input":{"@type":"PropertyValueSpecification","valueRequired":true,"valueName":"search_term_string"}}],"inLanguage":"fr-FR"},{"@type":"Organization","@id":"https:\/\/fdasrl.it\/fr\/#organization","name":"FDA srl","url":"https:\/\/fdasrl.it\/fr\/","logo":{"@type":"ImageObject","inLanguage":"fr-FR","@id":"https:\/\/fdasrl.it\/fr\/#\/schema\/logo\/image\/","url":"https:\/\/fdasrl.it\/wp-content\/uploads\/2024\/12\/Logo-FDA.png","contentUrl":"https:\/\/fdasrl.it\/wp-content\/uploads\/2024\/12\/Logo-FDA.png","width":316,"height":119,"caption":"FDA srl"},"image":{"@id":"https:\/\/fdasrl.it\/fr\/#\/schema\/logo\/image\/"},"sameAs":["https:\/\/www.facebook.com\/share\/1MWhFWg1Tp\/?mibextid=LQQJ4d","https:\/\/www.instagram.com\/fda_srl\/profilecard\/?igsh=YW5lbzJ6MWg0d21u","https:\/\/www.youtube.com\/@FDASRL_ANIMALCARE"],"description":"FDA SRL \u2013 Equipment for animal husbandry nasce con l\u2019obiettivo di offrire soluzioni affidabili e innovative per l\u2019allevamento moderno. Con anni di esperienza nel settore zootecnico, progettiamo e realizziamo attrezzature destinate al benessere animale e alla gestione efficiente delle stalle: vasche, abbeveratoi, mangiatoie e sistemi di riscaldamento pensati per durare nel tempo e semplificare il lavoro quotidiano degli allevatori. Dalla progettazione alla produzione, ogni nostro prodotto \u00e8 studiato nei minimi dettagli, testato con cura e costruito per rispondere alle esigenze reali del settore. La nostra forza \u00e8 unire artigianalit\u00e0, tecnologia e competenza tecnica per trasformare ogni progetto in una soluzione concreta e funzionale. Oggi FDA SRL \u00e8 un punto di riferimento per privati e rivenditori che cercano qualit\u00e0, affidabilit\u00e0 e innovazione nelle attrezzature per l\u2019allevamento.","email":"info@fdasrl.it","telephone":"+390522826820","legalName":"F.D.A. SRL","foundingDate":"2024-10-13","vatID":"03075840359","taxID":"03075840359","numberOfEmployees":{"@type":"QuantitativeValue","minValue":"1","maxValue":"10"}}]},"product_price_currency":"EUR","og_availability":"instock","product_availability":"instock","product_retailer_item_id":"FDA-000005TP","product_condition":"new"},"_links":{"self":[{"href":"https:\/\/fdasrl.it\/fr\/wp-json\/wp\/v2\/product\/5307","targetHints":{"allow":["GET"]}}],"collection":[{"href":"https:\/\/fdasrl.it\/fr\/wp-json\/wp\/v2\/product"}],"about":[{"href":"https:\/\/fdasrl.it\/fr\/wp-json\/wp\/v2\/types\/product"}],"replies":[{"embeddable":true,"href":"https:\/\/fdasrl.it\/fr\/wp-json\/wp\/v2\/comments?post=5307"}],"wp:featuredmedia":[{"embeddable":true,"href":"https:\/\/fdasrl.it\/fr\/wp-json\/wp\/v2\/media\/1248"}],"wp:attachment":[{"href":"https:\/\/fdasrl.it\/fr\/wp-json\/wp\/v2\/media?parent=5307"}],"wp:term":[{"taxonomy":"product_brand","embeddable":true,"href":"https:\/\/fdasrl.it\/fr\/wp-json\/wp\/v2\/product_brand?post=5307"},{"taxonomy":"product_cat","embeddable":true,"href":"https:\/\/fdasrl.it\/fr\/wp-json\/wp\/v2\/product_cat?post=5307"},{"taxonomy":"product_tag","embeddable":true,"href":"https:\/\/fdasrl.it\/fr\/wp-json\/wp\/v2\/product_tag?post=5307"}],"curies":[{"name":"wp","href":"https:\/\/api.w.org\/{rel}","templated":true}]}}