{"id":5346,"date":"2026-04-20T12:05:58","date_gmt":"2026-04-20T10:05:58","guid":{"rendered":"https:\/\/fdasrl.it\/prodotto\/ref-fda-000024tp-abreuvoir-automatique-a-tetine-1-2-pour-mangeoires-porcins-mange-boit\/"},"modified":"2026-04-20T12:05:58","modified_gmt":"2026-04-20T10:05:58","slug":"ref-fda-000024tp-abreuvoir-automatique-a-tetine-1-2-pour-mangeoires-porcins-mange-boit","status":"publish","type":"product","link":"https:\/\/fdasrl.it\/fr\/prodotto\/ref-fda-000024tp-abreuvoir-automatique-a-tetine-1-2-pour-mangeoires-porcins-mange-boit\/","title":{"rendered":"R\u00e9f. FDA-000024TP &#8211; Abreuvoir automatique \u00e0 t\u00e9tine 1\/2&Prime; pour mangeoires porcins (mange\/boit)"},"content":{"rendered":"<h2 data-section-id=\"6chav3\" data-start=\"221\" data-end=\"325\"><strong data-start=\"224\" data-end=\"325\">R\u00e9f. FDA-000024TP &#8211; <\/strong><strong data-start=\"224\" data-end=\"325\">Abreuvoir automatique \u00e0 t\u00e9tine 1\/2&Prime; pour mangeoires porcins (mange\/boit)<\/strong><\/h2>\n<h3 data-section-id=\"jbtoyn\" data-start=\"327\" data-end=\"361\"><strong data-start=\"331\" data-end=\"359\">Description du produit<\/strong><\/h3>\n<p data-start=\"362\" data-end=\"588\">L\u2019abreuvoir automatique \u00e0 t\u00e9tine <strong data-start=\"401\" data-end=\"415\">FDA-000024TP<\/strong> est con\u00e7u pour \u00eatre utilis\u00e9 \u00e0 l\u2019int\u00e9rieur des mangeoires (syst\u00e8mes mange et boit), garantissant une distribution d\u2019eau constante directement pendant l\u2019ingestion de l\u2019aliment.<\/p>\n<p data-start=\"590\" data-end=\"761\">Cette solution permet d\u2019am\u00e9liorer l\u2019ingestion alimentaire, de favoriser l\u2019hydratation des animaux et de r\u00e9duire le gaspillage, tout en maintenant la zone d\u2019\u00e9levage plus propre.<\/p>\n<p data-start=\"763\" data-end=\"914\">Fabriqu\u00e9 avec des mat\u00e9riaux robustes et r\u00e9sistants \u00e0 l\u2019usure, il est id\u00e9al pour les \u00e9levages porcins exigeant fiabilit\u00e9, durabilit\u00e9 et facilit\u00e9 de gestion.<\/p>\n<hr data-start=\"916\" data-end=\"919\">\n<h3 data-section-id=\"w1my6q\" data-start=\"921\" data-end=\"953\"><strong data-start=\"925\" data-end=\"953\">Caract\u00e9ristiques techniques<\/strong><\/h3>\n<ul data-start=\"954\" data-end=\"1262\">\n<li data-section-id=\"1j1tkb1\" data-start=\"954\" data-end=\"975\">\n<p data-start=\"956\" data-end=\"975\">Filetage en laiton<\/p>\n<\/li>\n<li data-section-id=\"dg8e7\" data-start=\"976\" data-end=\"1008\">\n<p data-start=\"978\" data-end=\"1008\">Tube et axe en acier inoxydable<\/p>\n<\/li>\n<li data-section-id=\"fivce\" data-start=\"1009\" data-end=\"1031\">\n<p data-start=\"1011\" data-end=\"1031\">Raccord d\u2019eau 1\/2&Prime;<\/p>\n<\/li>\n<li data-section-id=\"1bpnsil\" data-start=\"1032\" data-end=\"1061\">\n<p data-start=\"1034\" data-end=\"1061\">Longueur totale : 95,5 mm<\/p>\n<\/li>\n<li data-section-id=\"zmqwqu\" data-start=\"1062\" data-end=\"1091\">\n<p data-start=\"1064\" data-end=\"1091\">Tube d\u2019abreuvoir \u00d8 21 mm<\/p>\n<\/li>\n<li data-section-id=\"38xd2m\" data-start=\"1092\" data-end=\"1108\">\n<p data-start=\"1094\" data-end=\"1108\">Axe \u00d8 8 mm<\/p>\n<\/li>\n<li data-section-id=\"ttht2s\" data-start=\"1109\" data-end=\"1123\">\n<p data-start=\"1111\" data-end=\"1123\">Poids : 82,9 g<\/p>\n<\/li>\n<li data-section-id=\"1g74jjp\" data-start=\"1124\" data-end=\"1141\">\n<p data-start=\"1126\" data-end=\"1141\">Hexagone 21 mm<\/p>\n<\/li>\n<li data-section-id=\"r2uce6\" data-start=\"1142\" data-end=\"1262\">\n<p data-start=\"1144\" data-end=\"1262\">Vanne avec filtre r\u00e9glable en plastique<\/p>\n<\/li>\n<\/ul>\n<hr data-start=\"1264\" data-end=\"1267\">\n<h3 data-section-id=\"m3h7tw\" data-start=\"1269\" data-end=\"1312\"><strong data-start=\"1273\" data-end=\"1310\">Hauteurs et angle d\u2019installation<\/strong><\/h3>\n<p data-start=\"1313\" data-end=\"1371\"><a href=\"https:\/\/fdasrl.it\/wp-content\/uploads\/2025\/01\/Installation-Fda-Nipple-drinkers-1-2-for-feeders_compressed.pdf\">\ud83d\udc49 (CLIQUEZ ICI) pour le tableau complet d\u2019installation<\/a><\/p>\n<p data-start=\"1373\" data-end=\"1421\">Les hauteurs indiqu\u00e9es sont des directives g\u00e9n\u00e9rales.<\/p>\n<p data-start=\"1423\" data-end=\"1575\">L\u2019abreuvoir <strong data-start=\"1438\" data-end=\"1452\">FDA-000024TP<\/strong> est con\u00e7u pour \u00eatre install\u00e9 <strong data-start=\"1488\" data-end=\"1520\">\u00e0 l\u2019int\u00e9rieur des mangeoires<\/strong>, afin que le porc puisse l\u2019activer tout en mangeant.<\/p>\n<p data-start=\"1577\" data-end=\"1755\">Pour l\u2019\u00e9levage des porcelets, il est conseill\u00e9 d\u2019utiliser deux hauteurs d\u2019installation ou des r\u00e9gulateurs de hauteur, afin d\u2019adapter la position \u00e0 la croissance des animaux.<\/p>\n<p data-start=\"1757\" data-end=\"1810\">L\u2019inclinaison peut \u00eatre r\u00e9gl\u00e9e entre 30<strong data-start=\"1796\" data-end=\"1809\">\u00b0 et 45\u00b0<\/strong> :<\/p>\n<ul data-start=\"1812\" data-end=\"1898\">\n<li data-section-id=\"axr87z\" data-start=\"1812\" data-end=\"1856\">\n<p data-start=\"158\" data-end=\"182\"><strong data-start=\"158\" data-end=\"180\">Porcelets (7\u201320 kg)<\/strong><\/p>\n<ul data-start=\"183\" data-end=\"308\">\n<li data-section-id=\"1c90bus\" data-start=\"183\" data-end=\"228\">Hauteur : 8 \u2013 12 cm au-dessus du fond de la mangeoire<\/li>\n<li data-section-id=\"1ka8lgn\" data-start=\"229\" data-end=\"250\">Angle : 30\u00b0 \u2013 45\u00b0<\/li>\n<li data-section-id=\"8r4lzv\" data-start=\"251\" data-end=\"279\">Pression : 0,5 \u2013 1,5 bar<\/li>\n<li data-section-id=\"1mu4dmw\" data-start=\"280\" data-end=\"308\">D\u00e9bit : 0,5 \u2013 0,8 L\/min<\/li>\n<\/ul>\n<hr data-start=\"310\" data-end=\"313\">\n<p data-start=\"315\" data-end=\"354\"><strong data-start=\"315\" data-end=\"352\">Sevr\u00e9s \/ Porcs en post-sevrage (20\u201340 kg)<\/strong><\/p>\n<ul data-start=\"355\" data-end=\"454\">\n<li data-section-id=\"1qrpe7s\" data-start=\"355\" data-end=\"378\">Hauteur : 12 \u2013 18 cm<\/li>\n<li data-section-id=\"kc6vya\" data-start=\"379\" data-end=\"400\">Angle : 35\u00b0 \u2013 45\u00b0<\/li>\n<li data-section-id=\"1nv6ul5\" data-start=\"401\" data-end=\"425\">Pression : 1 \u2013 2 bar<\/li>\n<li data-section-id=\"1djnj7n\" data-start=\"426\" data-end=\"454\">D\u00e9bit : 0,7 \u2013 1,0 L\/min<\/li>\n<\/ul>\n<hr data-start=\"456\" data-end=\"459\">\n<p data-start=\"461\" data-end=\"485\"><strong data-start=\"461\" data-end=\"483\">Porcs en croissance (40\u201380 kg)<\/strong><\/p>\n<ul data-start=\"486\" data-end=\"587\">\n<li data-section-id=\"dkchy4\" data-start=\"486\" data-end=\"509\">Hauteur : 18 \u2013 25 cm<\/li>\n<li data-section-id=\"11qh10g\" data-start=\"510\" data-end=\"531\">Angle : 40\u00b0 \u2013 45\u00b0<\/li>\n<li data-section-id=\"ewpqio\" data-start=\"532\" data-end=\"558\">Pression : 1 \u2013 2,5 bar<\/li>\n<li data-section-id=\"1tgj8um\" data-start=\"559\" data-end=\"587\">D\u00e9bit : 0,8 \u2013 1,2 L\/min<\/li>\n<\/ul>\n<hr data-start=\"589\" data-end=\"592\">\n<p data-start=\"594\" data-end=\"621\"><strong data-start=\"594\" data-end=\"619\">Engraissement (80\u2013120+ kg)<\/strong><\/p>\n<ul data-start=\"622\" data-end=\"717\">\n<li data-section-id=\"1u4ywqb\" data-start=\"622\" data-end=\"645\">Hauteur : 25 \u2013 35 cm<\/li>\n<li data-section-id=\"o3souf\" data-start=\"646\" data-end=\"661\">Angle : 45\u00b0<\/li>\n<li data-section-id=\"10hiqf5\" data-start=\"662\" data-end=\"688\">Pression : 1,5 \u2013 3 bar<\/li>\n<li data-section-id=\"1667clc\" data-start=\"689\" data-end=\"717\">D\u00e9bit : 1,0 \u2013 1,5 L\/min<\/li>\n<\/ul>\n<\/li>\n<\/ul>\n<p data-start=\"1900\" data-end=\"2055\">Une installation correcte permet de diriger le flux d\u2019eau directement dans l\u2019aliment, r\u00e9duisant le gaspillage et am\u00e9liorant l\u2019efficacit\u00e9 alimentaire.<\/p>\n<hr data-start=\"2057\" data-end=\"2060\">\n<h3 data-section-id=\"1m3l471\" data-start=\"2062\" data-end=\"2104\"><strong data-start=\"2066\" data-end=\"2102\">Pression d\u2019eau conseill\u00e9e<\/strong><\/h3>\n<p data-start=\"2105\" data-end=\"2219\">Tous les abreuvoirs fonctionnent aussi bien \u00e0 basse qu\u2019\u00e0 haute pression, avec une valeur maximale de <strong data-start=\"2198\" data-end=\"2216\">4 bar (55 psi)<\/strong>.<\/p>\n<p data-start=\"2221\" data-end=\"2320\">Pour l\u2019\u00e9levage des porcelets, la pression de l\u2019eau ne devrait pas d\u00e9passer <strong data-start=\"2299\" data-end=\"2317\">2 bar (28 psi)<\/strong>.<\/p>\n<p data-start=\"2322\" data-end=\"2367\">En g\u00e9n\u00e9ral, des pressions plus basses favorisent :<\/p>\n<ul data-start=\"2368\" data-end=\"2522\">\n<li data-section-id=\"11e5cqa\" data-start=\"2368\" data-end=\"2388\">\n<p data-start=\"2370\" data-end=\"2388\">l\u2019\u00e9conomie d\u2019eau<\/p>\n<\/li>\n<li data-section-id=\"140hy6k\" data-start=\"2389\" data-end=\"2428\">\n<p data-start=\"2391\" data-end=\"2428\">une moindre usure des joints et du ressort<\/p>\n<\/li>\n<li data-section-id=\"fqvo0v\" data-start=\"2429\" data-end=\"2460\">\n<p data-start=\"2431\" data-end=\"2460\">un flux d\u2019eau plus d\u00e9licat<\/p>\n<\/li>\n<li data-section-id=\"1k8yo6e\" data-start=\"2461\" data-end=\"2494\">\n<p data-start=\"2463\" data-end=\"2494\">une plus grande facilit\u00e9 d\u2019utilisation<\/p>\n<\/li>\n<li data-section-id=\"1hn09s\" data-start=\"2495\" data-end=\"2522\">\n<p data-start=\"2497\" data-end=\"2522\">la r\u00e9duction du gaspillage<\/p>\n<\/li>\n<\/ul>\n<p data-start=\"2524\" data-end=\"2622\">\ud83d\udc49 L\u2019utilisation d\u2019un r\u00e9ducteur de pression est conseill\u00e9e en pr\u00e9sence de valeurs \u00e9lev\u00e9es ou variables.<\/p>\n<hr data-start=\"2624\" data-end=\"2627\">\n<h3 data-section-id=\"1rk201d\" data-start=\"2629\" data-end=\"2654\"><strong data-start=\"2633\" data-end=\"2652\">D\u00e9bit d\u2019eau<\/strong><\/h3>\n<p data-start=\"2655\" data-end=\"2701\">\ud83d\udc49 <a href=\"https:\/\/fdasrl.it\/wp-content\/uploads\/2026\/04\/grafico-fda-succhiotto-mangia-bevi-0000024TP.jpg\">(CLIQUEZ ICI) pour le tableau des d\u00e9bits<\/a><\/p>\n<p data-start=\"243\" data-end=\"360\">Le d\u00e9bit de l\u2019abreuvoir automatique \u00e0 t\u00e9tine 1\/2&Prime; varie en fonction de la pression pr\u00e9sente dans la ligne d\u2019eau.<\/p>\n<p data-start=\"362\" data-end=\"595\">Pour un fonctionnement optimal du syst\u00e8me, un d\u00e9bit compris entre <strong data-start=\"442\" data-end=\"461\">0,7 et 1,5 L\/min<\/strong> est conseill\u00e9, afin d\u2019obtenir une humidification correcte de l\u2019aliment, tout en r\u00e9duisant le gaspillage d\u2019eau et en maintenant la zone d\u2019alimentation plus propre.<\/p>\n<p data-start=\"597\" data-end=\"807\">Dans la version avec <strong data-start=\"616\" data-end=\"661\">vanne r\u00e9glable (mod\u00e8le FDA-000024TP)<\/strong>, le d\u00e9bit peut \u00eatre r\u00e9gl\u00e9 via le capuchon de la vanne, permettant d\u2019adapter le flux \u00e0 la pression disponible dans l\u2019installation.<\/p>\n<p data-start=\"809\" data-end=\"865\">Trois niveaux de r\u00e9glage sont mis en \u00e9vidence sur le graphique :<\/p>\n<ul data-start=\"867\" data-end=\"1090\">\n<li data-section-id=\"80vfqb\" data-start=\"867\" data-end=\"946\">\n<p data-start=\"869\" data-end=\"946\"><strong data-start=\"869\" data-end=\"905\">Niveau 1 (2\u20139 bar) \u2013 zone verte<\/strong><br data-start=\"905\" data-end=\"908\"\/>pour installations \u00e0 haute pression<\/p>\n<\/li>\n<li data-section-id=\"1gr8l3v\" data-start=\"948\" data-end=\"1015\">\n<p data-start=\"950\" data-end=\"1015\"><strong data-start=\"950\" data-end=\"984\">Niveau 2 (1\u20132 bar) \u2013 zone bleue<\/strong><br data-start=\"984\" data-end=\"987\"\/>pour pressions interm\u00e9diaires<\/p>\n<\/li>\n<li data-section-id=\"sd5jiu\" data-start=\"1017\" data-end=\"1090\">\n<p data-start=\"1019\" data-end=\"1090\"><strong data-start=\"1019\" data-end=\"1056\">Niveau 3 (0\u20131 bar) \u2013 zone grise<\/strong><br data-start=\"1056\" data-end=\"1059\"\/>pour lignes \u00e0 basse pression<\/p>\n<\/li>\n<\/ul>\n<p data-start=\"1092\" data-end=\"1263\">Le graphique permet d\u2019identifier rapidement le niveau correct \u00e0 r\u00e9gler sur le capuchon pour obtenir un d\u00e9bit stable en fonction de la pression disponible.<\/p>\n<p data-start=\"1265\" data-end=\"1433\">Avec un r\u00e9glage correct, le d\u00e9bit se maintient autour de <strong data-start=\"1328\" data-end=\"1341\">1,0 L\/min<\/strong>, garantissant un flux constant, fiable et adapt\u00e9 aux diff\u00e9rentes conditions d\u2019\u00e9levage.<\/p>\n<p data-start=\"3173\" data-end=\"3300\">L\u2019emploi de r\u00e9ducteurs de pression permet une gestion centralis\u00e9e du d\u00e9bit, particuli\u00e8rement utile lors des p\u00e9riodes chaudes.<\/p>\n<hr data-start=\"3302\" data-end=\"3305\">\n<h3 data-section-id=\"cx62aa\" data-start=\"3307\" data-end=\"3342\"><strong data-start=\"3311\" data-end=\"3340\">Contamination de l\u2019eau<\/strong><\/h3>\n<p data-start=\"3343\" data-end=\"3469\">La contamination de l\u2019eau ou des tuyauteries repr\u00e9sente l\u2019une des principales causes de dysfonctionnement des abreuvoirs.<\/p>\n<p data-start=\"3471\" data-end=\"3593\">La pr\u00e9sence d\u2019impuret\u00e9s ou de s\u00e9diments peut compromettre le bon fonctionnement du syst\u00e8me et r\u00e9duire sa dur\u00e9e de vie.<\/p>\n<p data-start=\"3595\" data-end=\"3729\">\ud83d\udc49 L\u2019installation d\u2019un filtre sur le r\u00e9seau d\u2019eau est conseill\u00e9e pour pr\u00e9venir ces inconv\u00e9nients et garantir des performances constantes.<\/p>\n","protected":false},"excerpt":{"rendered":"<p>Raccord filet\u00e9 1\/2\u201d pour mangeoires mange et boit pour porcins, avec corps en laiton et axe en acier inoxydable. <strong data-start=\"1609\" data-end=\"1642\">Filtre r\u00e9glable en plastique. <\/strong>Activation automatique au passage de la t\u00eate du porc pour un mouillage contr\u00f4l\u00e9 de l\u2019aliment. Disponible \u00e9galement en version tout inox. <\/p>\n<p><a href=\"https:\/\/fdasrl.it\/wp-content\/uploads\/2025\/01\/Installation-Fda-Nipple-drinkers-1-2-for-feeders_compressed.pdf\">\ud83d\udc49 <b>(CLIQUEZ ICI)<\/b> pour le tableau complet d\u2019installation<\/a><\/p>\n<p>\ud83d\udc49<a href=\"https:\/\/fdasrl.it\/wp-content\/uploads\/2026\/04\/grafico-fda-succhiotto-mangia-bevi-0000024TP.jpg\"> <b>(CLIQUEZ ICI)<\/b> pour le tableau des d\u00e9bits<\/a><\/p>\n<p>\ud83d\udc49 <a href=\"https:\/\/fdasrl.it\/wp-content\/uploads\/2026\/04\/FDA000024TP_compressed.pdf\"><b>(CLIQUEZ ICI)<\/b> pour le dessin technique<\/a><\/p>\n","protected":false},"featured_media":1280,"comment_status":"open","ping_status":"closed","template":"","meta":{"_et_pb_use_builder":"","_et_pb_old_content":"","_et_gb_content_width":""},"product_brand":[],"product_cat":[754,1192,1191,662],"product_tag":[1246],"class_list":{"0":"post-5346","1":"product","2":"type-product","3":"status-publish","4":"has-post-thumbnail","6":"product_cat-abreuvoirs-3","7":"product_cat-abreuvoirs-a-tetine","8":"product_cat-laiton-acier-inoxydable","9":"product_cat-porcs","10":"product_tag-fda-000024tp","12":"first","13":"instock","14":"shipping-taxable","15":"product-type-simple"},"yoast_head":"<!-- This site is optimized with the Yoast SEO Premium plugin v27.5 (Yoast SEO v27.5) - https:\/\/yoast.com\/product\/yoast-seo-premium-wordpress\/ -->\n<title>Abreuvoir \u00e0 t\u00e9tine mange et boit pour porcins FDA-000024TP<\/title>\n<meta name=\"description\" content=\"Am\u00e9liorez l\u2019efficacit\u00e9 de votre \u00e9levage avec l\u2019abreuvoir \u00e0 t\u00e9tine mange et boit pour porcins FDA-000024TP. Fabriqu\u00e9 avec des mat\u00e9riaux r\u00e9sistants et durables ! \ud83c\udf39\" \/>\n<meta name=\"robots\" content=\"index, follow, max-snippet:-1, max-image-preview:large, max-video-preview:-1\" \/>\n<link rel=\"canonical\" href=\"https:\/\/fdasrl.it\/fr\/prodotto\/ref-fda-000024tp-abreuvoir-automatique-a-tetine-1-2-pour-mangeoires-porcins-mange-boit\/\" \/>\n<meta property=\"og:locale\" content=\"fr_FR\" \/>\n<meta property=\"og:type\" content=\"article\" \/>\n<meta property=\"og:title\" content=\"R\u00e9f. FDA-000024TP - Abreuvoir automatique \u00e0 t\u00e9tine 1\/2&quot; pour mangeoires porcins (mange\/boit)\" \/>\n<meta property=\"og:description\" content=\"Am\u00e9liorez l\u2019efficacit\u00e9 de votre \u00e9levage avec l\u2019abreuvoir \u00e0 t\u00e9tine mange et boit pour porcins FDA-000024TP. Fabriqu\u00e9 avec des mat\u00e9riaux r\u00e9sistants et durables ! \ud83c\udf39\" \/>\n<meta property=\"og:url\" content=\"https:\/\/fdasrl.it\/fr\/prodotto\/ref-fda-000024tp-abreuvoir-automatique-a-tetine-1-2-pour-mangeoires-porcins-mange-boit\/\" \/>\n<meta property=\"og:site_name\" content=\"FDA srl\" \/>\n<meta property=\"article:publisher\" content=\"https:\/\/www.facebook.com\/share\/1MWhFWg1Tp\/?mibextid=LQQJ4d\" \/>\n<meta property=\"og:image\" content=\"https:\/\/fdasrl.it\/wp-content\/uploads\/2026\/04\/FDA_024.jpg\" \/>\n\t<meta property=\"og:image:width\" content=\"1935\" \/>\n\t<meta property=\"og:image:height\" content=\"1548\" \/>\n\t<meta property=\"og:image:type\" content=\"image\/jpeg\" \/>\n<meta name=\"twitter:card\" content=\"summary_large_image\" \/>\n<meta name=\"twitter:label1\" content=\"Prix\" \/>\n\t<meta name=\"twitter:data1\" content=\"\" \/>\n\t<meta name=\"twitter:label2\" content=\"Disponibilit\u00e9\" \/>\n\t<meta name=\"twitter:data2\" content=\"En stock\" \/>\n<meta property=\"product:price:currency\" content=\"EUR\" \/>\n<meta property=\"og:availability\" content=\"instock\" \/>\n<meta property=\"product:availability\" content=\"instock\" \/>\n<meta property=\"product:retailer_item_id\" content=\"FDA-000024TP\" \/>\n<meta property=\"product:condition\" content=\"new\" \/>\n<!-- \/ Yoast SEO Premium plugin. -->","yoast_head_json":{"title":"Abreuvoir \u00e0 t\u00e9tine mange et boit pour porcins FDA-000024TP","description":"Am\u00e9liorez l\u2019efficacit\u00e9 de votre \u00e9levage avec l\u2019abreuvoir \u00e0 t\u00e9tine mange et boit pour porcins FDA-000024TP. Fabriqu\u00e9 avec des mat\u00e9riaux r\u00e9sistants et durables ! \ud83c\udf39","robots":{"index":"index","follow":"follow","max-snippet":"max-snippet:-1","max-image-preview":"max-image-preview:large","max-video-preview":"max-video-preview:-1"},"canonical":"https:\/\/fdasrl.it\/fr\/prodotto\/ref-fda-000024tp-abreuvoir-automatique-a-tetine-1-2-pour-mangeoires-porcins-mange-boit\/","og_locale":"fr_FR","og_type":"article","og_title":"R\u00e9f. FDA-000024TP - Abreuvoir automatique \u00e0 t\u00e9tine 1\/2\" pour mangeoires porcins (mange\/boit)","og_description":"Am\u00e9liorez l\u2019efficacit\u00e9 de votre \u00e9levage avec l\u2019abreuvoir \u00e0 t\u00e9tine mange et boit pour porcins FDA-000024TP. Fabriqu\u00e9 avec des mat\u00e9riaux r\u00e9sistants et durables ! \ud83c\udf39","og_url":"https:\/\/fdasrl.it\/fr\/prodotto\/ref-fda-000024tp-abreuvoir-automatique-a-tetine-1-2-pour-mangeoires-porcins-mange-boit\/","og_site_name":"FDA srl","article_publisher":"https:\/\/www.facebook.com\/share\/1MWhFWg1Tp\/?mibextid=LQQJ4d","og_image":[{"width":1935,"height":1548,"url":"https:\/\/fdasrl.it\/wp-content\/uploads\/2026\/04\/FDA_024.jpg","type":"image\/jpeg"}],"twitter_card":"summary_large_image","twitter_misc":{"Prix":"","Disponibilit\u00e9":"En stock"},"schema":{"@context":"https:\/\/schema.org","@graph":[{"@type":"WebPage","@id":"https:\/\/fdasrl.it\/fr\/prodotto\/ref-fda-000024tp-abreuvoir-automatique-a-tetine-1-2-pour-mangeoires-porcins-mange-boit\/","url":"https:\/\/fdasrl.it\/fr\/prodotto\/ref-fda-000024tp-abreuvoir-automatique-a-tetine-1-2-pour-mangeoires-porcins-mange-boit\/","name":"Abreuvoir \u00e0 t\u00e9tine mange et boit pour porcins FDA-000024TP","isPartOf":{"@id":"https:\/\/fdasrl.it\/fr\/#website"},"primaryImageOfPage":{"@id":"https:\/\/fdasrl.it\/fr\/prodotto\/ref-fda-000024tp-abreuvoir-automatique-a-tetine-1-2-pour-mangeoires-porcins-mange-boit\/#primaryimage"},"image":{"@id":"https:\/\/fdasrl.it\/fr\/prodotto\/ref-fda-000024tp-abreuvoir-automatique-a-tetine-1-2-pour-mangeoires-porcins-mange-boit\/#primaryimage"},"thumbnailUrl":"https:\/\/fdasrl.it\/wp-content\/uploads\/2026\/04\/FDA_024.jpg","datePublished":"2026-04-20T10:05:58+00:00","description":"Am\u00e9liorez l\u2019efficacit\u00e9 de votre \u00e9levage avec l\u2019abreuvoir \u00e0 t\u00e9tine mange et boit pour porcins FDA-000024TP. Fabriqu\u00e9 avec des mat\u00e9riaux r\u00e9sistants et durables ! \ud83c\udf39","breadcrumb":{"@id":"https:\/\/fdasrl.it\/fr\/prodotto\/ref-fda-000024tp-abreuvoir-automatique-a-tetine-1-2-pour-mangeoires-porcins-mange-boit\/#breadcrumb"},"inLanguage":"fr-FR","potentialAction":[{"@type":"ReadAction","target":["https:\/\/fdasrl.it\/fr\/prodotto\/ref-fda-000024tp-abreuvoir-automatique-a-tetine-1-2-pour-mangeoires-porcins-mange-boit\/"]}]},{"@type":"ImageObject","inLanguage":"fr-FR","@id":"https:\/\/fdasrl.it\/fr\/prodotto\/ref-fda-000024tp-abreuvoir-automatique-a-tetine-1-2-pour-mangeoires-porcins-mange-boit\/#primaryimage","url":"https:\/\/fdasrl.it\/wp-content\/uploads\/2026\/04\/FDA_024.jpg","contentUrl":"https:\/\/fdasrl.it\/wp-content\/uploads\/2026\/04\/FDA_024.jpg","width":1935,"height":1548,"caption":"T\u00e9tine pour abreuvoirs avec raccord 1\/2\" et r\u00e9glage du d\u00e9bit d\u2019eau FDA-000024TP"},{"@type":"BreadcrumbList","@id":"https:\/\/fdasrl.it\/fr\/prodotto\/ref-fda-000024tp-abreuvoir-automatique-a-tetine-1-2-pour-mangeoires-porcins-mange-boit\/#breadcrumb","itemListElement":[{"@type":"ListItem","position":1,"name":"Home","item":"https:\/\/fdasrl.it\/fr\/accueil\/"},{"@type":"ListItem","position":2,"name":"Boutique","item":"https:\/\/fdasrl.it\/fr\/boutique\/"},{"@type":"ListItem","position":3,"name":"R\u00e9f. FDA-000024TP &#8211; Abreuvoir automatique \u00e0 t\u00e9tine 1\/2&#8243; pour mangeoires porcins (mange\/boit)"}]},{"@type":"WebSite","@id":"https:\/\/fdasrl.it\/fr\/#website","url":"https:\/\/fdasrl.it\/fr\/","name":"FDA srl","description":"Equipment for animal husbandry","publisher":{"@id":"https:\/\/fdasrl.it\/fr\/#organization"},"potentialAction":[{"@type":"SearchAction","target":{"@type":"EntryPoint","urlTemplate":"https:\/\/fdasrl.it\/fr\/?s={search_term_string}"},"query-input":{"@type":"PropertyValueSpecification","valueRequired":true,"valueName":"search_term_string"}}],"inLanguage":"fr-FR"},{"@type":"Organization","@id":"https:\/\/fdasrl.it\/fr\/#organization","name":"FDA srl","url":"https:\/\/fdasrl.it\/fr\/","logo":{"@type":"ImageObject","inLanguage":"fr-FR","@id":"https:\/\/fdasrl.it\/fr\/#\/schema\/logo\/image\/","url":"https:\/\/fdasrl.it\/wp-content\/uploads\/2024\/12\/Logo-FDA.png","contentUrl":"https:\/\/fdasrl.it\/wp-content\/uploads\/2024\/12\/Logo-FDA.png","width":316,"height":119,"caption":"FDA srl"},"image":{"@id":"https:\/\/fdasrl.it\/fr\/#\/schema\/logo\/image\/"},"sameAs":["https:\/\/www.facebook.com\/share\/1MWhFWg1Tp\/?mibextid=LQQJ4d","https:\/\/www.instagram.com\/fda_srl\/profilecard\/?igsh=YW5lbzJ6MWg0d21u","https:\/\/www.youtube.com\/@FDASRL_ANIMALCARE"],"description":"FDA SRL \u2013 Equipment for animal husbandry nasce con l\u2019obiettivo di offrire soluzioni affidabili e innovative per l\u2019allevamento moderno. Con anni di esperienza nel settore zootecnico, progettiamo e realizziamo attrezzature destinate al benessere animale e alla gestione efficiente delle stalle: vasche, abbeveratoi, mangiatoie e sistemi di riscaldamento pensati per durare nel tempo e semplificare il lavoro quotidiano degli allevatori. Dalla progettazione alla produzione, ogni nostro prodotto \u00e8 studiato nei minimi dettagli, testato con cura e costruito per rispondere alle esigenze reali del settore. La nostra forza \u00e8 unire artigianalit\u00e0, tecnologia e competenza tecnica per trasformare ogni progetto in una soluzione concreta e funzionale. Oggi FDA SRL \u00e8 un punto di riferimento per privati e rivenditori che cercano qualit\u00e0, affidabilit\u00e0 e innovazione nelle attrezzature per l\u2019allevamento.","email":"info@fdasrl.it","telephone":"+390522826820","legalName":"F.D.A. SRL","foundingDate":"2024-10-13","vatID":"03075840359","taxID":"03075840359","numberOfEmployees":{"@type":"QuantitativeValue","minValue":"1","maxValue":"10"}}]},"product_price_currency":"EUR","og_availability":"instock","product_availability":"instock","product_retailer_item_id":"FDA-000024TP","product_condition":"new"},"_links":{"self":[{"href":"https:\/\/fdasrl.it\/fr\/wp-json\/wp\/v2\/product\/5346","targetHints":{"allow":["GET"]}}],"collection":[{"href":"https:\/\/fdasrl.it\/fr\/wp-json\/wp\/v2\/product"}],"about":[{"href":"https:\/\/fdasrl.it\/fr\/wp-json\/wp\/v2\/types\/product"}],"replies":[{"embeddable":true,"href":"https:\/\/fdasrl.it\/fr\/wp-json\/wp\/v2\/comments?post=5346"}],"wp:featuredmedia":[{"embeddable":true,"href":"https:\/\/fdasrl.it\/fr\/wp-json\/wp\/v2\/media\/1280"}],"wp:attachment":[{"href":"https:\/\/fdasrl.it\/fr\/wp-json\/wp\/v2\/media?parent=5346"}],"wp:term":[{"taxonomy":"product_brand","embeddable":true,"href":"https:\/\/fdasrl.it\/fr\/wp-json\/wp\/v2\/product_brand?post=5346"},{"taxonomy":"product_cat","embeddable":true,"href":"https:\/\/fdasrl.it\/fr\/wp-json\/wp\/v2\/product_cat?post=5346"},{"taxonomy":"product_tag","embeddable":true,"href":"https:\/\/fdasrl.it\/fr\/wp-json\/wp\/v2\/product_tag?post=5346"}],"curies":[{"name":"wp","href":"https:\/\/api.w.org\/{rel}","templated":true}]}}