{"id":5361,"date":"2026-03-17T12:12:41","date_gmt":"2026-03-17T11:12:41","guid":{"rendered":"https:\/\/fdasrl.it\/prodotto\/abreuvoir-automatique-a-tetine-1-2-pour-porcelets-avec-valve-reglable-modele-fda-000022tp\/"},"modified":"2026-03-17T12:12:41","modified_gmt":"2026-03-17T11:12:41","slug":"abreuvoir-automatique-a-tetine-1-2-pour-porcelets-avec-valve-reglable-modele-fda-000022tp","status":"publish","type":"product","link":"https:\/\/fdasrl.it\/fr\/prodotto\/abreuvoir-automatique-a-tetine-1-2-pour-porcelets-avec-valve-reglable-modele-fda-000022tp\/","title":{"rendered":"Abreuvoir automatique \u00e0 t\u00e9tine 1\/2&Prime; pour porcelets avec valve r\u00e9glable \u2013 Mod\u00e8le FDA-000022TP"},"content":{"rendered":"<h2 data-section-id=\"1x88uas\" data-start=\"122\" data-end=\"229\"><strong data-start=\"125\" data-end=\"229\">Abreuvoir automatique \u00e0 t\u00e9tine 1\/2&Prime; pour porcelets avec valve r\u00e9glable \u2013 Mod\u00e8le FDA-000022TP<\/strong><\/h2>\n<h3 data-section-id=\"jbtoyn\" data-start=\"231\" data-end=\"265\"><strong data-start=\"235\" data-end=\"263\">Description du produit<\/strong><\/h3>\n<p data-start=\"266\" data-end=\"436\">L\u2019abreuvoir automatique pour porcelets <strong data-start=\"305\" data-end=\"321\">FDA-000022TP<\/strong> est con\u00e7u pour garantir une distribution d\u2019eau constante et facilement accessible d\u00e8s les premi\u00e8res phases de croissance.<\/p>\n<p data-start=\"438\" data-end=\"639\">\u00c9quip\u00e9 d\u2019une <strong data-start=\"448\" data-end=\"470\">valve r\u00e9glable<\/strong>, il permet d\u2019adapter avec pr\u00e9cision le d\u00e9bit selon les besoins des animaux et les conditions de l\u2019installation, am\u00e9liorant l\u2019efficacit\u00e9 et r\u00e9duisant le gaspillage.<\/p>\n<p data-start=\"641\" data-end=\"813\">Fabriqu\u00e9 avec des mat\u00e9riaux r\u00e9sistants et con\u00e7u pour une installation rapide, il repr\u00e9sente une solution id\u00e9ale pour les \u00e9levages exigeant contr\u00f4le, hygi\u00e8ne et fiabilit\u00e9.<\/p>\n<hr data-start=\"815\" data-end=\"818\">\n<h3 data-section-id=\"w1my6q\" data-start=\"820\" data-end=\"852\"><strong data-start=\"824\" data-end=\"852\">Caract\u00e9ristiques techniques<\/strong><\/h3>\n<ul data-start=\"853\" data-end=\"1107\">\n<li data-section-id=\"1j1tkb1\" data-start=\"853\" data-end=\"874\">\n<p data-start=\"855\" data-end=\"874\">Filetage en laiton<\/p>\n<\/li>\n<li data-section-id=\"dg8e7\" data-start=\"875\" data-end=\"907\">\n<p data-start=\"877\" data-end=\"907\">Tube et axe en acier inox<\/p>\n<\/li>\n<li data-section-id=\"fivce\" data-start=\"908\" data-end=\"930\">\n<p data-start=\"910\" data-end=\"930\">Raccord d\u2019eau 1\/2&Prime;<\/p>\n<\/li>\n<li data-section-id=\"2l09rp\" data-start=\"931\" data-end=\"960\">\n<p data-start=\"933\" data-end=\"960\">Longueur totale : 55,0 mm<\/p>\n<\/li>\n<li data-section-id=\"b1l74y\" data-start=\"961\" data-end=\"990\">\n<p data-start=\"963\" data-end=\"990\">Tube abreuvoir \u00d8 16 mm<\/p>\n<\/li>\n<li data-section-id=\"1t891y8\" data-start=\"991\" data-end=\"1007\">\n<p data-start=\"993\" data-end=\"1007\">Axe \u00d8 6 mm<\/p>\n<\/li>\n<li data-section-id=\"104rgaa\" data-start=\"1008\" data-end=\"1022\">\n<p data-start=\"1010\" data-end=\"1022\">Poids : 68 g<\/p>\n<\/li>\n<li data-section-id=\"1g74jjp\" data-start=\"1023\" data-end=\"1040\">\n<p data-start=\"1025\" data-end=\"1040\">Hexagone 21 mm<\/p>\n<\/li>\n<li data-section-id=\"10hztla\" data-start=\"1041\" data-end=\"1107\">\n<p data-start=\"1043\" data-end=\"1107\"><strong data-start=\"1043\" data-end=\"1107\">Valve r\u00e9glable en plastique pour la gestion du d\u00e9bit<\/strong><\/p>\n<\/li>\n<\/ul>\n<hr data-start=\"1109\" data-end=\"1112\">\n<h3 data-section-id=\"m3h7tw\" data-start=\"1114\" data-end=\"1157\"><strong data-start=\"1118\" data-end=\"1155\">Hauteurs et angle d\u2019installation<\/strong><\/h3>\n<p data-start=\"1158\" data-end=\"1216\"><a href=\"https:\/\/fdasrl.it\/wp-content\/uploads\/2025\/11\/Installation-Fda-Nipple-drinkers-3-8_compressed.pdf\">\ud83d\udc49 (CLIQUEZ ICI) pour le tableau complet d\u2019installation<\/a><\/p>\n<p data-start=\"1218\" data-end=\"1266\">Les hauteurs indiqu\u00e9es sont des directives g\u00e9n\u00e9rales.<\/p>\n<p data-start=\"1268\" data-end=\"1399\">Pour les porcelets, il est fondamental de positionner correctement l\u2019abreuvoir pour en faciliter l\u2019utilisation d\u00e8s les premi\u00e8res phases de croissance.<\/p>\n<p data-start=\"1401\" data-end=\"1502\">L\u2019abreuvoir <strong data-start=\"1416\" data-end=\"1432\">FDA-000022TP<\/strong> peut \u00eatre install\u00e9 avec une inclinaison comprise entre <strong data-start=\"1488\" data-end=\"1501\">15\u00b0 et 45\u00b0<\/strong> :<\/p>\n<ul data-start=\"1504\" data-end=\"1586\">\n<li data-section-id=\"zue5w4\" data-start=\"1504\" data-end=\"1555\">\n<p data-start=\"1506\" data-end=\"1555\"><strong data-start=\"1506\" data-end=\"1553\">15\u00b0 \u2192 position plus basse et plus accessible<\/strong><\/p>\n<\/li>\n<li data-section-id=\"qkmnq9\" data-start=\"1556\" data-end=\"1586\">\n<p data-start=\"1558\" data-end=\"1586\"><strong data-start=\"1558\" data-end=\"1586\">45\u00b0 \u2192 position plus haute<\/strong><\/p>\n<\/li>\n<\/ul>\n<p data-start=\"1588\" data-end=\"1668\">Un r\u00e9glage correct favorise l\u2019apprentissage et r\u00e9duit le gaspillage d\u2019eau.<\/p>\n<hr data-start=\"1670\" data-end=\"1673\">\n<h3 data-section-id=\"1m3l471\" data-start=\"1675\" data-end=\"1717\"><strong data-start=\"1679\" data-end=\"1715\">Pression d\u2019eau recommand\u00e9e<\/strong><\/h3>\n<p data-start=\"1718\" data-end=\"1837\">Pour les porcelets, il est recommand\u00e9 une pression <strong data-start=\"1761\" data-end=\"1795\">ne d\u00e9passant pas 2 bar (28 psi)<\/strong>, pour garantir une activation facile.<\/p>\n<p data-start=\"1839\" data-end=\"1920\">La pression maximale de l\u2019installation ne doit toutefois pas d\u00e9passer <strong data-start=\"1901\" data-end=\"1919\">4 bar (55 psi)<\/strong>.<\/p>\n<p data-start=\"1922\" data-end=\"1954\">Des pressions plus basses favorisent :<\/p>\n<ul data-start=\"1955\" data-end=\"2106\">\n<li data-section-id=\"kn5i9v\" data-start=\"1955\" data-end=\"1988\">\n<p data-start=\"1957\" data-end=\"1988\">la facilit\u00e9 d\u2019utilisation pour les porcelets<\/p>\n<\/li>\n<li data-section-id=\"11e5cqa\" data-start=\"1989\" data-end=\"2009\">\n<p data-start=\"1991\" data-end=\"2009\">l\u2019\u00e9conomie d\u2019eau<\/p>\n<\/li>\n<li data-section-id=\"1yzlpkk\" data-start=\"2010\" data-end=\"2052\">\n<p data-start=\"2012\" data-end=\"2052\">une plus longue dur\u00e9e de vie des joints et du ressort<\/p>\n<\/li>\n<li data-section-id=\"1qi1tl4\" data-start=\"2053\" data-end=\"2078\">\n<p data-start=\"2055\" data-end=\"2078\">la r\u00e9gularit\u00e9 du flux<\/p>\n<\/li>\n<li data-section-id=\"1hn09s\" data-start=\"2079\" data-end=\"2106\">\n<p data-start=\"2081\" data-end=\"2106\">la r\u00e9duction du gaspillage<\/p>\n<\/li>\n<\/ul>\n<p data-start=\"2108\" data-end=\"2189\">\ud83d\udc49 L\u2019utilisation d\u2019un r\u00e9ducteur de pression est conseill\u00e9e pour maintenir des valeurs constantes.<\/p>\n<hr data-start=\"2191\" data-end=\"2194\">\n<h3 data-section-id=\"1rk201d\" data-start=\"169\" data-end=\"194\"><strong data-start=\"173\" data-end=\"192\">D\u00e9bit d\u2019eau<\/strong><\/h3>\n<p data-start=\"195\" data-end=\"241\">\ud83d\udc49 <a href=\"https:\/\/fdasrl.it\/wp-content\/uploads\/2026\/03\/grafico-fda-succhiotto-mangia-bevi-000005tp.jpg\">(CLIQUEZ ICI) pour le tableau des d\u00e9bits<\/a><\/p>\n<p data-start=\"243\" data-end=\"360\">Le d\u00e9bit de l\u2019abreuvoir automatique \u00e0 t\u00e9tine 1\/2&Prime; varie en fonction de la pression pr\u00e9sente dans la ligne d\u2019eau.<\/p>\n<p data-start=\"362\" data-end=\"595\">Pour un fonctionnement optimal du syst\u00e8me, un d\u00e9bit compris entre <strong data-start=\"442\" data-end=\"461\">0,6 et 1,0 L\/min<\/strong> est conseill\u00e9, afin de garantir une hydratation correcte des porcelets tout en r\u00e9duisant le gaspillage d\u2019eau et en maintenant la zone d\u2019\u00e9levage plus propre.<\/p>\n<p data-start=\"597\" data-end=\"807\">Dans la version avec <strong data-start=\"616\" data-end=\"661\">valve r\u00e9glable (mod\u00e8le FDA-000022TP)<\/strong>, le d\u00e9bit peut \u00eatre r\u00e9gl\u00e9 via le capuchon de la valve, permettant d\u2019adapter le flux \u00e0 la pression disponible dans l\u2019installation.<\/p>\n<p data-start=\"809\" data-end=\"865\">Le graphique met en \u00e9vidence trois niveaux de r\u00e9glage :<\/p>\n<ul data-start=\"867\" data-end=\"1090\">\n<li data-section-id=\"80vfqb\" data-start=\"867\" data-end=\"946\">\n<p data-start=\"869\" data-end=\"946\"><strong data-start=\"869\" data-end=\"905\">Niveau 1 (4\u20139 bar) \u2013 zone verte<\/strong><br data-start=\"905\" data-end=\"908\"\/>pour installations \u00e0 haute pression<\/p>\n<\/li>\n<li data-section-id=\"1gr8l3v\" data-start=\"948\" data-end=\"1015\">\n<p data-start=\"950\" data-end=\"1015\"><strong data-start=\"950\" data-end=\"984\">Niveau 2 (2\u20134 bar) \u2013 zone bleue<\/strong><br data-start=\"984\" data-end=\"987\"\/>pour pressions interm\u00e9diaires<\/p>\n<\/li>\n<li data-section-id=\"sd5jiu\" data-start=\"1017\" data-end=\"1090\">\n<p data-start=\"1019\" data-end=\"1090\"><strong data-start=\"1019\" data-end=\"1056\">Niveau 3 (0\u20132 bar) \u2013 zone grise<\/strong><br data-start=\"1056\" data-end=\"1059\"\/>pour lignes \u00e0 basse pression<\/p>\n<\/li>\n<\/ul>\n<p data-start=\"1092\" data-end=\"1263\">Le graphique permet d\u2019identifier rapidement le niveau correct \u00e0 r\u00e9gler sur le capuchon pour obtenir un d\u00e9bit stable en fonction de la pression disponible.<\/p>\n<p data-start=\"1265\" data-end=\"1433\">Avec un r\u00e9glage correct, le d\u00e9bit se maintient autour de <strong data-start=\"1328\" data-end=\"1341\">1,0 L\/min<\/strong>, garantissant un flux constant, fiable et adapt\u00e9 aux diff\u00e9rentes conditions d\u2019\u00e9levage.<\/p>\n<hr data-start=\"2707\" data-end=\"2710\">\n<h3 data-section-id=\"cx62aa\" data-start=\"2712\" data-end=\"2747\"><strong data-start=\"2716\" data-end=\"2745\">Contamination de l\u2019eau<\/strong><\/h3>\n<p data-start=\"2748\" data-end=\"2874\">La contamination de l\u2019eau ou des tuyauteries repr\u00e9sente l\u2019une des principales causes de dysfonctionnement des abreuvoirs.<\/p>\n<p data-start=\"2876\" data-end=\"2984\">Les impuret\u00e9s et les s\u00e9diments peuvent compromettre le bon fonctionnement de la valve et des composants internes.<\/p>\n<p data-start=\"2986\" data-end=\"3110\">\ud83d\udc49 L\u2019installation d\u2019un filtre sur le r\u00e9seau d\u2019eau est conseill\u00e9e pour garantir fiabilit\u00e9, durabilit\u00e9 et performances constantes.<\/p>\n","protected":false},"excerpt":{"rendered":"<p data-start=\"104\" data-end=\"465\"><strong data-start=\"104\" data-end=\"465\">Abreuvoir automatique \u00e0 t\u00e9tine 1\/2&Prime; pour porcelets avec valve r\u00e9glable, con\u00e7u pour adapter le d\u00e9bit en fonction de la pression de l\u2019installation et de la croissance des animaux. Fabriqu\u00e9 avec des composants en acier inox et un filetage en laiton, il garantit r\u00e9sistance, hygi\u00e8ne et longue dur\u00e9e de vie, r\u00e9duisant le gaspillage et am\u00e9liorant l\u2019efficacit\u00e9 de l\u2019\u00e9levage. <\/strong><\/p>\n<p><a href=\"https:\/\/fdasrl.it\/wp-content\/uploads\/2025\/11\/Installation-Fda-Nipple-drinkers-3-8_compressed.pdf\">\ud83d\udc49 <b>(CLIQUEZ ICI)<\/b> pour le tableau complet d\u2019installation<\/a><\/p>\n<p><a href=\"https:\/\/fdasrl.it\/wp-content\/uploads\/2026\/03\/grafico-fda-succhiotto-mangia-bevi-000005tp.jpg\">\ud83d\udc49 <b>(CLIQUEZ ICI)<\/b> pour le tableau des d\u00e9bits<\/a><\/p>\n<p>\ud83d\udc49 <a href=\"https:\/\/fdasrl.it\/wp-content\/uploads\/2026\/03\/FDA000022TP.pdf\"><b>(CLIQUEZ ICI)<\/b> pour le dessin technique<\/a><\/p>\n","protected":false},"featured_media":1261,"comment_status":"open","ping_status":"closed","template":"","meta":{"_et_pb_use_builder":"off","_et_pb_old_content":"Raccord filet\u00e9 1\/2\u201d petit pour porcelets\nex. 21 - Tube \u00d8 16 - axe \u00d8 5\n\nAbreuvoir \u00e0 t\u00e9tine avec corps en laiton et tube en acier inoxydable","_et_gb_content_width":""},"product_brand":[],"product_cat":[754,1192,1191,662],"product_tag":[1248],"class_list":{"0":"post-5361","1":"product","2":"type-product","3":"status-publish","4":"has-post-thumbnail","6":"product_cat-abreuvoirs-3","7":"product_cat-abreuvoirs-a-tetine","8":"product_cat-laiton-acier-inoxydable","9":"product_cat-porcs","10":"product_tag-fda-000022tp","12":"first","13":"instock","14":"shipping-taxable","15":"product-type-simple"},"yoast_head":"<!-- This site is optimized with the Yoast SEO Premium plugin v27.5 (Yoast SEO v27.5) - https:\/\/yoast.com\/product\/yoast-seo-premium-wordpress\/ -->\n<title>Abreuvoir automatique porcelets \u00e0 t\u00e9tine 1\/2 r\u00e9glable<\/title>\n<meta name=\"description\" content=\"D\u00e9couvrez l\u2019abreuvoir automatique pour porcelets \u00e0 t\u00e9tine 1\/2 r\u00e9glable, con\u00e7u pour un approvisionnement en eau constant. Id\u00e9al pour garantir hygi\u00e8ne et contr\u00f4le !\" \/>\n<meta name=\"robots\" content=\"index, follow, max-snippet:-1, max-image-preview:large, max-video-preview:-1\" \/>\n<link rel=\"canonical\" href=\"https:\/\/fdasrl.it\/fr\/prodotto\/abreuvoir-automatique-a-tetine-1-2-pour-porcelets-avec-valve-reglable-modele-fda-000022tp\/\" \/>\n<meta property=\"og:locale\" content=\"fr_FR\" \/>\n<meta property=\"og:type\" content=\"article\" \/>\n<meta property=\"og:title\" content=\"Abreuvoir automatique \u00e0 t\u00e9tine 1\/2&quot; pour porcelets avec valve r\u00e9glable \u2013 Mod\u00e8le FDA-000022TP\" \/>\n<meta property=\"og:description\" content=\"D\u00e9couvrez l\u2019abreuvoir automatique pour porcelets \u00e0 t\u00e9tine 1\/2 r\u00e9glable, con\u00e7u pour un approvisionnement en eau constant. Id\u00e9al pour garantir hygi\u00e8ne et contr\u00f4le !\" \/>\n<meta property=\"og:url\" content=\"https:\/\/fdasrl.it\/fr\/prodotto\/abreuvoir-automatique-a-tetine-1-2-pour-porcelets-avec-valve-reglable-modele-fda-000022tp\/\" \/>\n<meta property=\"og:site_name\" content=\"FDA srl\" \/>\n<meta property=\"article:publisher\" content=\"https:\/\/www.facebook.com\/share\/1MWhFWg1Tp\/?mibextid=LQQJ4d\" \/>\n<meta property=\"og:image\" content=\"https:\/\/fdasrl.it\/wp-content\/uploads\/2026\/03\/succhiotto-suinetti-inox-ottone-1-2-fda-000022tp.jpg\" \/>\n\t<meta property=\"og:image:width\" content=\"1523\" \/>\n\t<meta property=\"og:image:height\" content=\"1216\" \/>\n\t<meta property=\"og:image:type\" content=\"image\/jpeg\" \/>\n<meta name=\"twitter:card\" content=\"summary_large_image\" \/>\n<meta name=\"twitter:label1\" content=\"Prix\" \/>\n\t<meta name=\"twitter:data1\" content=\"\" \/>\n\t<meta name=\"twitter:label2\" content=\"Disponibilit\u00e9\" \/>\n\t<meta name=\"twitter:data2\" content=\"En stock\" \/>\n<meta property=\"product:price:currency\" content=\"EUR\" \/>\n<meta property=\"og:availability\" content=\"instock\" \/>\n<meta property=\"product:availability\" content=\"instock\" \/>\n<meta property=\"product:retailer_item_id\" content=\"FDA-000022TP\" \/>\n<meta property=\"product:condition\" content=\"new\" \/>\n<!-- \/ Yoast SEO Premium plugin. -->","yoast_head_json":{"title":"Abreuvoir automatique porcelets \u00e0 t\u00e9tine 1\/2 r\u00e9glable","description":"D\u00e9couvrez l\u2019abreuvoir automatique pour porcelets \u00e0 t\u00e9tine 1\/2 r\u00e9glable, con\u00e7u pour un approvisionnement en eau constant. Id\u00e9al pour garantir hygi\u00e8ne et contr\u00f4le !","robots":{"index":"index","follow":"follow","max-snippet":"max-snippet:-1","max-image-preview":"max-image-preview:large","max-video-preview":"max-video-preview:-1"},"canonical":"https:\/\/fdasrl.it\/fr\/prodotto\/abreuvoir-automatique-a-tetine-1-2-pour-porcelets-avec-valve-reglable-modele-fda-000022tp\/","og_locale":"fr_FR","og_type":"article","og_title":"Abreuvoir automatique \u00e0 t\u00e9tine 1\/2\" pour porcelets avec valve r\u00e9glable \u2013 Mod\u00e8le FDA-000022TP","og_description":"D\u00e9couvrez l\u2019abreuvoir automatique pour porcelets \u00e0 t\u00e9tine 1\/2 r\u00e9glable, con\u00e7u pour un approvisionnement en eau constant. Id\u00e9al pour garantir hygi\u00e8ne et contr\u00f4le !","og_url":"https:\/\/fdasrl.it\/fr\/prodotto\/abreuvoir-automatique-a-tetine-1-2-pour-porcelets-avec-valve-reglable-modele-fda-000022tp\/","og_site_name":"FDA srl","article_publisher":"https:\/\/www.facebook.com\/share\/1MWhFWg1Tp\/?mibextid=LQQJ4d","og_image":[{"width":1523,"height":1216,"url":"https:\/\/fdasrl.it\/wp-content\/uploads\/2026\/03\/succhiotto-suinetti-inox-ottone-1-2-fda-000022tp.jpg","type":"image\/jpeg"}],"twitter_card":"summary_large_image","twitter_misc":{"Prix":"","Disponibilit\u00e9":"En stock"},"schema":{"@context":"https:\/\/schema.org","@graph":[{"@type":"WebPage","@id":"https:\/\/fdasrl.it\/fr\/prodotto\/abreuvoir-automatique-a-tetine-1-2-pour-porcelets-avec-valve-reglable-modele-fda-000022tp\/","url":"https:\/\/fdasrl.it\/fr\/prodotto\/abreuvoir-automatique-a-tetine-1-2-pour-porcelets-avec-valve-reglable-modele-fda-000022tp\/","name":"Abreuvoir automatique porcelets \u00e0 t\u00e9tine 1\/2 r\u00e9glable","isPartOf":{"@id":"https:\/\/fdasrl.it\/fr\/#website"},"primaryImageOfPage":{"@id":"https:\/\/fdasrl.it\/fr\/prodotto\/abreuvoir-automatique-a-tetine-1-2-pour-porcelets-avec-valve-reglable-modele-fda-000022tp\/#primaryimage"},"image":{"@id":"https:\/\/fdasrl.it\/fr\/prodotto\/abreuvoir-automatique-a-tetine-1-2-pour-porcelets-avec-valve-reglable-modele-fda-000022tp\/#primaryimage"},"thumbnailUrl":"https:\/\/fdasrl.it\/wp-content\/uploads\/2026\/03\/succhiotto-suinetti-inox-ottone-1-2-fda-000022tp.jpg","datePublished":"2026-03-17T11:12:41+00:00","description":"D\u00e9couvrez l\u2019abreuvoir automatique pour porcelets \u00e0 t\u00e9tine 1\/2 r\u00e9glable, con\u00e7u pour un approvisionnement en eau constant. Id\u00e9al pour garantir hygi\u00e8ne et contr\u00f4le !","breadcrumb":{"@id":"https:\/\/fdasrl.it\/fr\/prodotto\/abreuvoir-automatique-a-tetine-1-2-pour-porcelets-avec-valve-reglable-modele-fda-000022tp\/#breadcrumb"},"inLanguage":"fr-FR","potentialAction":[{"@type":"ReadAction","target":["https:\/\/fdasrl.it\/fr\/prodotto\/abreuvoir-automatique-a-tetine-1-2-pour-porcelets-avec-valve-reglable-modele-fda-000022tp\/"]}]},{"@type":"ImageObject","inLanguage":"fr-FR","@id":"https:\/\/fdasrl.it\/fr\/prodotto\/abreuvoir-automatique-a-tetine-1-2-pour-porcelets-avec-valve-reglable-modele-fda-000022tp\/#primaryimage","url":"https:\/\/fdasrl.it\/wp-content\/uploads\/2026\/03\/succhiotto-suinetti-inox-ottone-1-2-fda-000022tp.jpg","contentUrl":"https:\/\/fdasrl.it\/wp-content\/uploads\/2026\/03\/succhiotto-suinetti-inox-ottone-1-2-fda-000022tp.jpg","width":1523,"height":1216,"caption":"T\u00e9tine d\u2019abreuvement pour porcelets en acier inox et laiton avec raccord 1\/2\", haut d\u00e9bit et longue dur\u00e9e. Code FDA-000022TP."},{"@type":"BreadcrumbList","@id":"https:\/\/fdasrl.it\/fr\/prodotto\/abreuvoir-automatique-a-tetine-1-2-pour-porcelets-avec-valve-reglable-modele-fda-000022tp\/#breadcrumb","itemListElement":[{"@type":"ListItem","position":1,"name":"Home","item":"https:\/\/fdasrl.it\/fr\/accueil\/"},{"@type":"ListItem","position":2,"name":"Boutique","item":"https:\/\/fdasrl.it\/fr\/boutique\/"},{"@type":"ListItem","position":3,"name":"Abreuvoir automatique \u00e0 t\u00e9tine 1\/2&#8243; pour porcelets avec valve r\u00e9glable \u2013 Mod\u00e8le FDA-000022TP"}]},{"@type":"WebSite","@id":"https:\/\/fdasrl.it\/fr\/#website","url":"https:\/\/fdasrl.it\/fr\/","name":"FDA srl","description":"Equipment for animal husbandry","publisher":{"@id":"https:\/\/fdasrl.it\/fr\/#organization"},"potentialAction":[{"@type":"SearchAction","target":{"@type":"EntryPoint","urlTemplate":"https:\/\/fdasrl.it\/fr\/?s={search_term_string}"},"query-input":{"@type":"PropertyValueSpecification","valueRequired":true,"valueName":"search_term_string"}}],"inLanguage":"fr-FR"},{"@type":"Organization","@id":"https:\/\/fdasrl.it\/fr\/#organization","name":"FDA srl","url":"https:\/\/fdasrl.it\/fr\/","logo":{"@type":"ImageObject","inLanguage":"fr-FR","@id":"https:\/\/fdasrl.it\/fr\/#\/schema\/logo\/image\/","url":"https:\/\/fdasrl.it\/wp-content\/uploads\/2024\/12\/Logo-FDA.png","contentUrl":"https:\/\/fdasrl.it\/wp-content\/uploads\/2024\/12\/Logo-FDA.png","width":316,"height":119,"caption":"FDA srl"},"image":{"@id":"https:\/\/fdasrl.it\/fr\/#\/schema\/logo\/image\/"},"sameAs":["https:\/\/www.facebook.com\/share\/1MWhFWg1Tp\/?mibextid=LQQJ4d","https:\/\/www.instagram.com\/fda_srl\/profilecard\/?igsh=YW5lbzJ6MWg0d21u","https:\/\/www.youtube.com\/@FDASRL_ANIMALCARE"],"description":"FDA SRL \u2013 Equipment for animal husbandry nasce con l\u2019obiettivo di offrire soluzioni affidabili e innovative per l\u2019allevamento moderno. Con anni di esperienza nel settore zootecnico, progettiamo e realizziamo attrezzature destinate al benessere animale e alla gestione efficiente delle stalle: vasche, abbeveratoi, mangiatoie e sistemi di riscaldamento pensati per durare nel tempo e semplificare il lavoro quotidiano degli allevatori. Dalla progettazione alla produzione, ogni nostro prodotto \u00e8 studiato nei minimi dettagli, testato con cura e costruito per rispondere alle esigenze reali del settore. La nostra forza \u00e8 unire artigianalit\u00e0, tecnologia e competenza tecnica per trasformare ogni progetto in una soluzione concreta e funzionale. Oggi FDA SRL \u00e8 un punto di riferimento per privati e rivenditori che cercano qualit\u00e0, affidabilit\u00e0 e innovazione nelle attrezzature per l\u2019allevamento.","email":"info@fdasrl.it","telephone":"+390522826820","legalName":"F.D.A. SRL","foundingDate":"2024-10-13","vatID":"03075840359","taxID":"03075840359","numberOfEmployees":{"@type":"QuantitativeValue","minValue":"1","maxValue":"10"}}]},"product_price_currency":"EUR","og_availability":"instock","product_availability":"instock","product_retailer_item_id":"FDA-000022TP","product_condition":"new"},"_links":{"self":[{"href":"https:\/\/fdasrl.it\/fr\/wp-json\/wp\/v2\/product\/5361","targetHints":{"allow":["GET"]}}],"collection":[{"href":"https:\/\/fdasrl.it\/fr\/wp-json\/wp\/v2\/product"}],"about":[{"href":"https:\/\/fdasrl.it\/fr\/wp-json\/wp\/v2\/types\/product"}],"replies":[{"embeddable":true,"href":"https:\/\/fdasrl.it\/fr\/wp-json\/wp\/v2\/comments?post=5361"}],"wp:featuredmedia":[{"embeddable":true,"href":"https:\/\/fdasrl.it\/fr\/wp-json\/wp\/v2\/media\/1261"}],"wp:attachment":[{"href":"https:\/\/fdasrl.it\/fr\/wp-json\/wp\/v2\/media?parent=5361"}],"wp:term":[{"taxonomy":"product_brand","embeddable":true,"href":"https:\/\/fdasrl.it\/fr\/wp-json\/wp\/v2\/product_brand?post=5361"},{"taxonomy":"product_cat","embeddable":true,"href":"https:\/\/fdasrl.it\/fr\/wp-json\/wp\/v2\/product_cat?post=5361"},{"taxonomy":"product_tag","embeddable":true,"href":"https:\/\/fdasrl.it\/fr\/wp-json\/wp\/v2\/product_tag?post=5361"}],"curies":[{"name":"wp","href":"https:\/\/api.w.org\/{rel}","templated":true}]}}