{"id":5498,"date":"2025-12-22T16:09:04","date_gmt":"2025-12-22T15:09:04","guid":{"rendered":"https:\/\/fdasrl.it\/prodotto\/art-fda-004p12-abreuvoir-a-tetine-3-4-grand-modele-pour-truies-et-engraissement\/"},"modified":"2025-12-22T16:09:04","modified_gmt":"2025-12-22T15:09:04","slug":"art-fda-004p12-abreuvoir-a-tetine-3-4-grand-modele-pour-truies-et-engraissement","status":"publish","type":"product","link":"https:\/\/fdasrl.it\/fr\/prodotto\/art-fda-004p12-abreuvoir-a-tetine-3-4-grand-modele-pour-truies-et-engraissement\/","title":{"rendered":"Art. FDA-004P12 &#8211; Abreuvoir \u00e0 t\u00e9tine 3\/4\u201d grand mod\u00e8le pour truies et engraissement"},"content":{"rendered":"<h2>Abreuvoir automatique \u00e0 t\u00e9tine 3\/4&Prime; pour truies et engraissement \u2013 Mod\u00e8le FDA-004P12<\/h2>\n<h3>Description du produit<\/h3>\n<p>L\u2019abreuvoir automatique FDA-004P12 est con\u00e7u pour garantir <strong data-start=\"342\" data-end=\"358\">fiabilit\u00e9<\/strong>, <strong data-start=\"360\" data-end=\"374\">r\u00e9sistance<\/strong> et une distribution d\u2019eau <strong data-start=\"399\" data-end=\"411\">constante<\/strong> dans les lignes d\u00e9di\u00e9es aux <strong data-start=\"435\" data-end=\"445\">truies<\/strong> et <strong data-start=\"448\" data-end=\"469\">porcs \u00e0 l\u2019engrais<\/strong>. <br data-start=\"470\" data-end=\"473\">La solidit\u00e9 des mat\u00e9riaux et la simplicit\u00e9 d\u2019installation en font une solution id\u00e9ale pour les \u00e9levages exigeant <strong data-start=\"598\" data-end=\"608\">hygi\u00e8ne<\/strong>, <strong data-start=\"610\" data-end=\"624\" data-is-only-node=\"\">efficacit\u00e9<\/strong> et <strong data-start=\"627\" data-end=\"641\">durabilit\u00e9<\/strong>, m\u00eame dans les conditions les plus intensives.<\/p>\n<p>L\u2019axe major\u00e9 de diam. 12 mm augmente sa r\u00e9sistance aux sollicitations m\u00e9caniques.<\/p>\n<hr>\n<h3>Caract\u00e9ristiques techniques<\/h3>\n<ul>\n<li>Filetage en laiton<\/li>\n<li>Tube et axe en acier inox<\/li>\n<li>Raccord d\u2019eau 3\/4&Prime;<\/li>\n<li>Longueur totale : 72,0 mm<\/li>\n<li>Tube d\u2019abreuvoir \u00d8 25 mm<\/li>\n<li>Axe \u00d8 12 mm<\/li>\n<li>Poids : 170 g<\/li>\n<li>Hexagone 27 mm<\/li>\n<li>Filtre interne en maille inox avec bague de maintien ou filtre r\u00e9glable en plastique (voir mod\u00e8le FDA-004P12TP)<\/li>\n<\/ul>\n<hr>\n<h3>Hauteurs et angle d\u2019installation<\/h3>\n<p><a href=\"https:\/\/fdasrl.it\/wp-content\/uploads\/2025\/12\/Installation-Fda-Nipple-drinkers-1-2-sows-fattening-pigs_compressed.pdf\">\ud83d\udc49 <\/a><em>(<a href=\"https:\/\/fdasrl.it\/wp-content\/uploads\/2025\/12\/Installation-Fda-Nipple-drinkers-1-2-sows-fattening-pigs_compressed.pdf\">CLIQUEZ ICI) pour le tableau complet d\u2019installation<\/a><\/em><\/p>\n<p>Les hauteurs indiqu\u00e9es sont des directives g\u00e9n\u00e9rales.<br \/>\nPour l\u2019\u00e9levage de porcs \u00e0 l\u2019engrais, il est conseill\u00e9 d\u2019utiliser <strong>deux hauteurs d\u2019installation<\/strong> ou des <strong>r\u00e9gulateurs de hauteur<\/strong>, afin d\u2019adapter la position de l\u2019abreuvoir \u00e0 la croissance des animaux.<\/p>\n<p>L\u2019abreuvoir FDA-004P12 peut \u00eatre install\u00e9 avec une inclinaison comprise entre <strong>15\u00b0 et 45\u00b0<\/strong> :<\/p>\n<ul>\n<li><strong>15\u00b0 \u2192<\/strong> utiliser la hauteur la plus basse<\/li>\n<li><strong>45\u00b0 \u2192<\/strong> utiliser la hauteur la plus haute<\/li>\n<\/ul>\n<p>Ce r\u00e9glage garantit une posture correcte des animaux et r\u00e9duit le gaspillage d\u2019eau.<\/p>\n<hr>\n<h3>Pression d\u2019eau recommand\u00e9e<\/h3>\n<p>La pression maximale de l\u2019eau ne doit pas d\u00e9passer <strong>4 bar (55 psi)<\/strong> pour assurer le bon fonctionnement de l\u2019installation.<\/p>\n<p>Pour les porcelets et les porcelets sevr\u00e9s, la pression ne devrait pas d\u00e9passer <strong>2 bar (28 psi)<\/strong>.<\/p>\n<p>Des pressions plus basses favorisent :<\/p>\n<ul>\n<li>l\u2019\u00e9conomie d\u2019eau<\/li>\n<li>une plus longue dur\u00e9e de vie des joints et du ressort<\/li>\n<li>la r\u00e9gularit\u00e9 du flux<\/li>\n<li>la facilit\u00e9 d\u2019utilisation<\/li>\n<li>la r\u00e9duction du gaspillage<\/li>\n<\/ul>\n<p>\ud83d\udc49 <em>L\u2019utilisation d\u2019un r\u00e9ducteur de pression est conseill\u00e9e si la ligne d\u2019eau pr\u00e9sente des valeurs \u00e9lev\u00e9es ou instables.<\/em><\/p>\n<hr>\n<h3>D\u00e9bit d\u2019eau<\/h3>\n<p><a href=\"https:\/\/fdasrl.it\/wp-content\/uploads\/2025\/12\/grafico-succhiotto-fda-004p12-curve-portata-diametri.webp\">\ud83d\udc49 <em>(CLIQUEZ ICI) pour le tableau des d\u00e9bits<\/em><\/a><\/p>\n<p data-start=\"2299\" data-end=\"2464\">Le d\u00e9bit varie selon la pression de la ligne d\u2019eau.<br data-start=\"2367\" data-end=\"2370\"\/>Pour les <strong data-start=\"2374\" data-end=\"2384\">truies<\/strong> et les <strong data-start=\"2387\" data-end=\"2408\">porcs \u00e0 l\u2019engrais<\/strong>, un d\u00e9bit est conseill\u00e9 \u00e0 titre indicatif entre :<\/p>\n<ul data-start=\"2466\" data-end=\"2533\">\n<li data-start=\"2466\" data-end=\"2533\">\n<p data-start=\"2468\" data-end=\"2533\"><strong data-start=\"2468\" data-end=\"2487\">1,0 et 2,0 L\/min<\/strong> est conseill\u00e9, selon les besoins de l\u2019\u00e9levage.<\/p>\n<\/li>\n<\/ul>\n<p>La valve standard poss\u00e8de un orifice de 2 mm.<\/p>\n<p>Pour augmenter le d\u00e9bit, des vannes optionnelles sont disponibles avec les diam\u00e8tres suivants :<\/p>\n<ul>\n<li>\u00d8 3 mm<\/li>\n<li>\u00d8 3,5 mm<\/li>\n<li>\u00d8 4 mm<\/li>\n<\/ul>\n<p>L\u2019emploi de <strong>r\u00e9ducteurs de pression<\/strong> permet une gestion centralis\u00e9e du syst\u00e8me, particuli\u00e8rement utile durant les mois d\u2019\u00e9t\u00e9 lorsqu\u2019il peut \u00eatre n\u00e9cessaire d\u2019augmenter le d\u00e9bit.<\/p>\n","protected":false},"excerpt":{"rendered":"<p>Abreuvoir automatique \u00e0 t\u00e9tine FDA-004P12 en laiton et inox, avec raccord 3\/4\u2033 et axe major\u00e9. Fiable, r\u00e9sistant et id\u00e9al pour garantir une distribution d\u2019eau contr\u00f4l\u00e9e dans les lignes d\u00e9di\u00e9es aux <strong data-start=\"435\" data-end=\"445\">truies<\/strong> et <strong data-start=\"448\" data-end=\"469\">porcs \u00e0 l\u2019engrais<\/strong> <\/p>\n<p><a href=\"https:\/\/fdasrl.it\/wp-content\/uploads\/2025\/12\/Installation-Fda-Nipple-drinkers-1-2-sows-fattening-pigs_compressed.pdf\">\ud83d\udc49 <b>(CLIQUEZ ICI)<\/b> pour le tableau d\u2019installation complet<\/a><\/p>\n<p><a href=\"https:\/\/fdasrl.it\/wp-content\/uploads\/2025\/12\/grafico-succhiotto-fda-004p12-curve-portata-diametri.webp\">\ud83d\udc49 <b>(CLIQUEZ ICI)<\/b> pour le tableau des d\u00e9bits<\/a><\/p>\n<p><a href=\"https:\/\/fdasrl.it\/wp-content\/uploads\/2025\/12\/FDA004P12_compressed.pdf\">\ud83d\udc49 <b>(CLIQUEZ ICI)<\/b> pour le dessin technique<\/a><\/p>\n","protected":false},"featured_media":1061,"comment_status":"open","ping_status":"closed","template":"","meta":{"_et_pb_use_builder":"","_et_pb_old_content":"","_et_gb_content_width":""},"product_brand":[],"product_cat":[754,1192,1191,662],"product_tag":[1271],"class_list":{"0":"post-5498","1":"product","2":"type-product","3":"status-publish","4":"has-post-thumbnail","6":"product_cat-abreuvoirs-3","7":"product_cat-abreuvoirs-a-tetine","8":"product_cat-laiton-acier-inoxydable","9":"product_cat-porcs","10":"product_tag-fda-004p12","12":"first","13":"instock","14":"shipping-taxable","15":"product-type-simple"},"yoast_head":"<!-- This site is optimized with the Yoast SEO Premium plugin v27.5 (Yoast SEO v27.5) - https:\/\/yoast.com\/product\/yoast-seo-premium-wordpress\/ -->\n<title>abreuvoir \u00e0 t\u00e9tine 3\/4\u201d grand mod\u00e8le pour truies gros axe<\/title>\n<meta name=\"description\" content=\"Fiabilit\u00e9 et r\u00e9sistance avec l\u2019abreuvoir \u00e0 t\u00e9tine 3\/4\u201d grand mod\u00e8le pour truies gros axe. Rendez votre exploitation plus efficace !\" \/>\n<meta name=\"robots\" content=\"index, follow, max-snippet:-1, max-image-preview:large, max-video-preview:-1\" \/>\n<link rel=\"canonical\" href=\"https:\/\/fdasrl.it\/fr\/prodotto\/art-fda-004p12-abreuvoir-a-tetine-3-4-grand-modele-pour-truies-et-engraissement\/\" \/>\n<meta property=\"og:locale\" content=\"fr_FR\" \/>\n<meta property=\"og:type\" content=\"article\" \/>\n<meta property=\"og:title\" content=\"Art. FDA-004P12 - Abreuvoir \u00e0 t\u00e9tine 3\/4\u201d grand mod\u00e8le pour truies et engraissement\" \/>\n<meta property=\"og:description\" content=\"Fiabilit\u00e9 et r\u00e9sistance avec l\u2019abreuvoir \u00e0 t\u00e9tine 3\/4\u201d grand mod\u00e8le pour truies gros axe. Rendez votre exploitation plus efficace !\" \/>\n<meta property=\"og:url\" content=\"https:\/\/fdasrl.it\/fr\/prodotto\/art-fda-004p12-abreuvoir-a-tetine-3-4-grand-modele-pour-truies-et-engraissement\/\" \/>\n<meta property=\"og:site_name\" content=\"FDA srl\" \/>\n<meta property=\"article:publisher\" content=\"https:\/\/www.facebook.com\/share\/1MWhFWg1Tp\/?mibextid=LQQJ4d\" \/>\n<meta property=\"og:image\" content=\"https:\/\/fdasrl.it\/wp-content\/uploads\/2025\/12\/abbeveratoio-succhiotto-big-scrofe-suini-ingrasso-3-4-ottone-inox-foto-frontale.webp\" \/>\n\t<meta property=\"og:image:width\" content=\"1024\" \/>\n\t<meta property=\"og:image:height\" content=\"1024\" \/>\n\t<meta property=\"og:image:type\" content=\"image\/webp\" \/>\n<meta name=\"twitter:card\" content=\"summary_large_image\" \/>\n<meta name=\"twitter:label1\" content=\"Prix\" \/>\n\t<meta name=\"twitter:data1\" content=\"\" \/>\n\t<meta name=\"twitter:label2\" content=\"Disponibilit\u00e9\" \/>\n\t<meta name=\"twitter:data2\" content=\"En stock\" \/>\n<meta property=\"product:price:currency\" content=\"EUR\" \/>\n<meta property=\"og:availability\" content=\"instock\" \/>\n<meta property=\"product:availability\" content=\"instock\" \/>\n<meta property=\"product:retailer_item_id\" content=\"FDA-004P12\" \/>\n<meta property=\"product:condition\" content=\"new\" \/>\n<!-- \/ Yoast SEO Premium plugin. -->","yoast_head_json":{"title":"abreuvoir \u00e0 t\u00e9tine 3\/4\u201d grand mod\u00e8le pour truies gros axe","description":"Fiabilit\u00e9 et r\u00e9sistance avec l\u2019abreuvoir \u00e0 t\u00e9tine 3\/4\u201d grand mod\u00e8le pour truies gros axe. Rendez votre exploitation plus efficace !","robots":{"index":"index","follow":"follow","max-snippet":"max-snippet:-1","max-image-preview":"max-image-preview:large","max-video-preview":"max-video-preview:-1"},"canonical":"https:\/\/fdasrl.it\/fr\/prodotto\/art-fda-004p12-abreuvoir-a-tetine-3-4-grand-modele-pour-truies-et-engraissement\/","og_locale":"fr_FR","og_type":"article","og_title":"Art. FDA-004P12 - Abreuvoir \u00e0 t\u00e9tine 3\/4\u201d grand mod\u00e8le pour truies et engraissement","og_description":"Fiabilit\u00e9 et r\u00e9sistance avec l\u2019abreuvoir \u00e0 t\u00e9tine 3\/4\u201d grand mod\u00e8le pour truies gros axe. Rendez votre exploitation plus efficace !","og_url":"https:\/\/fdasrl.it\/fr\/prodotto\/art-fda-004p12-abreuvoir-a-tetine-3-4-grand-modele-pour-truies-et-engraissement\/","og_site_name":"FDA srl","article_publisher":"https:\/\/www.facebook.com\/share\/1MWhFWg1Tp\/?mibextid=LQQJ4d","og_image":[{"width":1024,"height":1024,"url":"https:\/\/fdasrl.it\/wp-content\/uploads\/2025\/12\/abbeveratoio-succhiotto-big-scrofe-suini-ingrasso-3-4-ottone-inox-foto-frontale.webp","type":"image\/webp"}],"twitter_card":"summary_large_image","twitter_misc":{"Prix":"","Disponibilit\u00e9":"En stock"},"schema":{"@context":"https:\/\/schema.org","@graph":[{"@type":"WebPage","@id":"https:\/\/fdasrl.it\/fr\/prodotto\/art-fda-004p12-abreuvoir-a-tetine-3-4-grand-modele-pour-truies-et-engraissement\/","url":"https:\/\/fdasrl.it\/fr\/prodotto\/art-fda-004p12-abreuvoir-a-tetine-3-4-grand-modele-pour-truies-et-engraissement\/","name":"abreuvoir \u00e0 t\u00e9tine 3\/4\u201d grand mod\u00e8le pour truies gros axe","isPartOf":{"@id":"https:\/\/fdasrl.it\/fr\/#website"},"primaryImageOfPage":{"@id":"https:\/\/fdasrl.it\/fr\/prodotto\/art-fda-004p12-abreuvoir-a-tetine-3-4-grand-modele-pour-truies-et-engraissement\/#primaryimage"},"image":{"@id":"https:\/\/fdasrl.it\/fr\/prodotto\/art-fda-004p12-abreuvoir-a-tetine-3-4-grand-modele-pour-truies-et-engraissement\/#primaryimage"},"thumbnailUrl":"https:\/\/fdasrl.it\/wp-content\/uploads\/2025\/12\/abbeveratoio-succhiotto-big-scrofe-suini-ingrasso-3-4-ottone-inox-foto-frontale.webp","datePublished":"2025-12-22T15:09:04+00:00","description":"Fiabilit\u00e9 et r\u00e9sistance avec l\u2019abreuvoir \u00e0 t\u00e9tine 3\/4\u201d grand mod\u00e8le pour truies gros axe. Rendez votre exploitation plus efficace !","breadcrumb":{"@id":"https:\/\/fdasrl.it\/fr\/prodotto\/art-fda-004p12-abreuvoir-a-tetine-3-4-grand-modele-pour-truies-et-engraissement\/#breadcrumb"},"inLanguage":"fr-FR","potentialAction":[{"@type":"ReadAction","target":["https:\/\/fdasrl.it\/fr\/prodotto\/art-fda-004p12-abreuvoir-a-tetine-3-4-grand-modele-pour-truies-et-engraissement\/"]}]},{"@type":"ImageObject","inLanguage":"fr-FR","@id":"https:\/\/fdasrl.it\/fr\/prodotto\/art-fda-004p12-abreuvoir-a-tetine-3-4-grand-modele-pour-truies-et-engraissement\/#primaryimage","url":"https:\/\/fdasrl.it\/wp-content\/uploads\/2025\/12\/abbeveratoio-succhiotto-big-scrofe-suini-ingrasso-3-4-ottone-inox-foto-frontale.webp","contentUrl":"https:\/\/fdasrl.it\/wp-content\/uploads\/2025\/12\/abbeveratoio-succhiotto-big-scrofe-suini-ingrasso-3-4-ottone-inox-foto-frontale.webp","width":1024,"height":1024,"caption":"Abreuvoir \u00e0 t\u00e9tine BIG 3\/4\u201d en laiton et inox pour truies et porcs \u00e0 l\u2019engrais"},{"@type":"BreadcrumbList","@id":"https:\/\/fdasrl.it\/fr\/prodotto\/art-fda-004p12-abreuvoir-a-tetine-3-4-grand-modele-pour-truies-et-engraissement\/#breadcrumb","itemListElement":[{"@type":"ListItem","position":1,"name":"Home","item":"https:\/\/fdasrl.it\/fr\/accueil\/"},{"@type":"ListItem","position":2,"name":"Boutique","item":"https:\/\/fdasrl.it\/fr\/boutique\/"},{"@type":"ListItem","position":3,"name":"Art. FDA-004P12 &#8211; Abreuvoir \u00e0 t\u00e9tine 3\/4\u201d grand mod\u00e8le pour truies et engraissement"}]},{"@type":"WebSite","@id":"https:\/\/fdasrl.it\/fr\/#website","url":"https:\/\/fdasrl.it\/fr\/","name":"FDA srl","description":"Equipment for animal husbandry","publisher":{"@id":"https:\/\/fdasrl.it\/fr\/#organization"},"potentialAction":[{"@type":"SearchAction","target":{"@type":"EntryPoint","urlTemplate":"https:\/\/fdasrl.it\/fr\/?s={search_term_string}"},"query-input":{"@type":"PropertyValueSpecification","valueRequired":true,"valueName":"search_term_string"}}],"inLanguage":"fr-FR"},{"@type":"Organization","@id":"https:\/\/fdasrl.it\/fr\/#organization","name":"FDA srl","url":"https:\/\/fdasrl.it\/fr\/","logo":{"@type":"ImageObject","inLanguage":"fr-FR","@id":"https:\/\/fdasrl.it\/fr\/#\/schema\/logo\/image\/","url":"https:\/\/fdasrl.it\/wp-content\/uploads\/2024\/12\/Logo-FDA.png","contentUrl":"https:\/\/fdasrl.it\/wp-content\/uploads\/2024\/12\/Logo-FDA.png","width":316,"height":119,"caption":"FDA srl"},"image":{"@id":"https:\/\/fdasrl.it\/fr\/#\/schema\/logo\/image\/"},"sameAs":["https:\/\/www.facebook.com\/share\/1MWhFWg1Tp\/?mibextid=LQQJ4d","https:\/\/www.instagram.com\/fda_srl\/profilecard\/?igsh=YW5lbzJ6MWg0d21u","https:\/\/www.youtube.com\/@FDASRL_ANIMALCARE"],"description":"FDA SRL \u2013 Equipment for animal husbandry nasce con l\u2019obiettivo di offrire soluzioni affidabili e innovative per l\u2019allevamento moderno. Con anni di esperienza nel settore zootecnico, progettiamo e realizziamo attrezzature destinate al benessere animale e alla gestione efficiente delle stalle: vasche, abbeveratoi, mangiatoie e sistemi di riscaldamento pensati per durare nel tempo e semplificare il lavoro quotidiano degli allevatori. Dalla progettazione alla produzione, ogni nostro prodotto \u00e8 studiato nei minimi dettagli, testato con cura e costruito per rispondere alle esigenze reali del settore. La nostra forza \u00e8 unire artigianalit\u00e0, tecnologia e competenza tecnica per trasformare ogni progetto in una soluzione concreta e funzionale. Oggi FDA SRL \u00e8 un punto di riferimento per privati e rivenditori che cercano qualit\u00e0, affidabilit\u00e0 e innovazione nelle attrezzature per l\u2019allevamento.","email":"info@fdasrl.it","telephone":"+390522826820","legalName":"F.D.A. SRL","foundingDate":"2024-10-13","vatID":"03075840359","taxID":"03075840359","numberOfEmployees":{"@type":"QuantitativeValue","minValue":"1","maxValue":"10"}}]},"product_price_currency":"EUR","og_availability":"instock","product_availability":"instock","product_retailer_item_id":"FDA-004P12","product_condition":"new"},"_links":{"self":[{"href":"https:\/\/fdasrl.it\/fr\/wp-json\/wp\/v2\/product\/5498","targetHints":{"allow":["GET"]}}],"collection":[{"href":"https:\/\/fdasrl.it\/fr\/wp-json\/wp\/v2\/product"}],"about":[{"href":"https:\/\/fdasrl.it\/fr\/wp-json\/wp\/v2\/types\/product"}],"replies":[{"embeddable":true,"href":"https:\/\/fdasrl.it\/fr\/wp-json\/wp\/v2\/comments?post=5498"}],"wp:featuredmedia":[{"embeddable":true,"href":"https:\/\/fdasrl.it\/fr\/wp-json\/wp\/v2\/media\/1061"}],"wp:attachment":[{"href":"https:\/\/fdasrl.it\/fr\/wp-json\/wp\/v2\/media?parent=5498"}],"wp:term":[{"taxonomy":"product_brand","embeddable":true,"href":"https:\/\/fdasrl.it\/fr\/wp-json\/wp\/v2\/product_brand?post=5498"},{"taxonomy":"product_cat","embeddable":true,"href":"https:\/\/fdasrl.it\/fr\/wp-json\/wp\/v2\/product_cat?post=5498"},{"taxonomy":"product_tag","embeddable":true,"href":"https:\/\/fdasrl.it\/fr\/wp-json\/wp\/v2\/product_tag?post=5498"}],"curies":[{"name":"wp","href":"https:\/\/api.w.org\/{rel}","templated":true}]}}