{"id":5512,"date":"2025-12-23T10:48:49","date_gmt":"2025-12-23T09:48:49","guid":{"rendered":"https:\/\/fdasrl.it\/prodotto\/ref-fda-004p12tp-abrevoir-a-tetine-3-4-grand-modele-pour-truies-et-engraissement\/"},"modified":"2025-12-23T10:48:49","modified_gmt":"2025-12-23T09:48:49","slug":"ref-fda-004p12tp-abrevoir-a-tetine-3-4-grand-modele-pour-truies-et-engraissement","status":"publish","type":"product","link":"https:\/\/fdasrl.it\/fr\/prodotto\/ref-fda-004p12tp-abrevoir-a-tetine-3-4-grand-modele-pour-truies-et-engraissement\/","title":{"rendered":"R\u00e9f. FDA-004P12TP \u2013 Abr\u00e9voir \u00e0 t\u00e9tine 3\/4\u201d grand mod\u00e8le pour truies et engraissement"},"content":{"rendered":"<h2>Abr\u00e9voir automatique \u00e0 t\u00e9tine 3\/4&Prime; r\u00e9glable pour truies et porcs \u00e0 l\u2019engrais \u2013 Mod\u00e8le FDA-004P12TP<\/h2>\n<h3>Description du produit<\/h3>\n<p>L\u2019abr\u00e9voir automatique \u00e0 t\u00e9tine r\u00e9glable <strong>FDA-004P12TP<\/strong> est con\u00e7u pour garantir fiabilit\u00e9, durabilit\u00e9 et un d\u00e9bit d\u2019eau constant dans les lignes d\u00e9di\u00e9es aux <strong data-start=\"435\" data-end=\"445\">truies<\/strong> et aux <strong data-start=\"448\" data-end=\"469\">porcs \u00e0 l\u2019engrais<\/strong>.<br \/>\nFabriqu\u00e9 avec des mat\u00e9riaux robustes et con\u00e7u pour une installation rapide, il repr\u00e9sente une solution id\u00e9ale pour les \u00e9levages porcins exigeant <strong>efficacit\u00e9, hygi\u00e8ne et r\u00e9sistance<\/strong>, m\u00eame dans les conditions les plus intensives.<\/p>\n<p>L\u2019axe renforc\u00e9 de diam. 12 mm augmente sa r\u00e9sistance aux sollicitations m\u00e9caniques.<\/p>\n<hr>\n<h3>Caract\u00e9ristiques techniques<\/h3>\n<ul>\n<li>Filetage en laiton<\/li>\n<li>Tube et axe en acier inox<\/li>\n<li>Raccord d\u2019eau 3\/4&Prime;<\/li>\n<li>Longueur totale : 82,3 mm<\/li>\n<li>Tube d\u2019abreuvoir \u00d8 25 mm<\/li>\n<li>Axe \u00d8 12 mm<\/li>\n<li>Poids : 167 g<\/li>\n<li>Hexagone 27 mm<\/li>\n<li>Filtre r\u00e9glable en plastique<\/li>\n<\/ul>\n<hr>\n<h3>Hauteurs et angle d\u2019installation<\/h3>\n<p><a href=\"https:\/\/fdasrl.it\/wp-content\/uploads\/2025\/12\/Installation-Fda-Nipple-drinkers-1-2_compressed.pdf\">\ud83d\udc49 <\/a><em>(<a href=\"https:\/\/fdasrl.it\/wp-content\/uploads\/2025\/12\/Installation-Fda-Nipple-drinkers-1-2-sows-fattening-pigs_compressed.pdf\">CLIQUEZ ICI) pour le tableau complet d\u2019installation<\/a><\/em><\/p>\n<p>Les hauteurs indiqu\u00e9es sont des directives g\u00e9n\u00e9rales.<br \/>\nPour l\u2019\u00e9levage de porcs \u00e0 l\u2019engrais, il est conseill\u00e9 d\u2019utiliser <strong>deux hauteurs d\u2019installation<\/strong> ou des <strong>r\u00e9gulateurs de hauteur<\/strong>, afin d\u2019adapter la position de l\u2019abreuvoir \u00e0 la croissance des animaux.<\/p>\n<p>L\u2019abr\u00e9voir FDA-004P12TP peut \u00eatre install\u00e9 avec une inclinaison comprise entre <strong>15\u00b0 et 45\u00b0<\/strong> :<\/p>\n<ul>\n<li><strong>15\u00b0 \u2192<\/strong> utiliser la hauteur la plus basse<\/li>\n<li><strong>45\u00b0 \u2192<\/strong> utiliser la hauteur la plus haute<\/li>\n<\/ul>\n<p>Ce r\u00e9glage garantit une posture correcte des animaux et r\u00e9duit le gaspillage d\u2019eau.<\/p>\n<hr>\n<h3>Pression d\u2019eau recommand\u00e9e<\/h3>\n<p>La pression maximale de l\u2019eau ne doit pas d\u00e9passer <strong>4 bar (55 psi)<\/strong> pour assurer le bon fonctionnement de l\u2019installation.<\/p>\n<p>Pour les porcelets et les porcelets sevr\u00e9s, la pression ne devrait pas d\u00e9passer <strong>2 bar (28 psi)<\/strong>.<\/p>\n<p>Des pressions plus basses favorisent :<\/p>\n<ul>\n<li>l\u2019\u00e9conomie d\u2019eau<\/li>\n<li>une plus longue dur\u00e9e de vie des joints et du ressort<\/li>\n<li>la r\u00e9gularit\u00e9 du flux<\/li>\n<li>la facilit\u00e9 d\u2019utilisation<\/li>\n<li>la r\u00e9duction du gaspillage<\/li>\n<\/ul>\n<p>\ud83d\udc49 <em>L\u2019utilisation d\u2019un r\u00e9ducteur de pression est conseill\u00e9e si la ligne d\u2019eau pr\u00e9sente des valeurs \u00e9lev\u00e9es ou instables.<\/em><\/p>\n<hr>\n<h3>D\u00e9bit d\u2019eau<\/h3>\n<p><a href=\"https:\/\/fdasrl.it\/wp-content\/uploads\/2025\/12\/grafico_valvola_fda_14Lmin_livelli_0-9bar-fda-004p12tp.webp\">\ud83d\udc49 <em>(CLIQUEZ ICI) pour le tableau des d\u00e9bits<\/em><\/a><\/p>\n<p data-start=\"2299\" data-end=\"2464\">Le d\u00e9bit varie selon la pression pr\u00e9sente dans la ligne d\u2019eau.<br data-start=\"2367\" data-end=\"2370\"\/>Pour les <strong data-start=\"2374\" data-end=\"2384\">truies<\/strong> et les <strong data-start=\"2387\" data-end=\"2408\">porcs \u00e0 l\u2019engraissement<\/strong>, un d\u00e9bit compris approximativement entre :<\/p>\n<ul data-start=\"2466\" data-end=\"2533\">\n<li data-start=\"2466\" data-end=\"2533\">\n<p data-start=\"2468\" data-end=\"2533\"><strong data-start=\"2468\" data-end=\"2487\">1,0 et 2,0 L\/min<\/strong> est conseill\u00e9, selon les besoins de l\u2019\u00e9levage.<\/p>\n<\/li>\n<\/ul>\n<p data-start=\"239\" data-end=\"478\">Cette image montre le graphique du <strong data-start=\"279\" data-end=\"329\">d\u00e9bit constant d\u2019une valve r\u00e9glable FDA<\/strong>, qui distribue <strong data-start=\"341\" data-end=\"364\">1,4 litre par minute<\/strong> ind\u00e9pendamment de la pression.<br data-start=\"399\" data-end=\"402\"\/>Le graphique met en \u00e9vidence les <strong data-start=\"433\" data-end=\"477\">trois niveaux de r\u00e9glage de la valve<\/strong> :<\/p>\n<ul data-start=\"480\" data-end=\"747\">\n<li data-start=\"480\" data-end=\"576\">\n<p data-start=\"482\" data-end=\"576\"><strong data-start=\"482\" data-end=\"506\">Niveau 1 (2\u20139 bar) :<\/strong> zone verte, utilis\u00e9e lorsque la pression de l\u2019installation est \u00e9lev\u00e9e.<\/p>\n<\/li>\n<li data-start=\"577\" data-end=\"653\">\n<p data-start=\"579\" data-end=\"653\"><strong data-start=\"579\" data-end=\"603\">Niveau 2 (1\u20132 bar) :<\/strong> zone bleue, adapt\u00e9e aux syst\u00e8mes \u00e0 pression moyenne.<\/p>\n<\/li>\n<li data-start=\"654\" data-end=\"747\">\n<p data-start=\"656\" data-end=\"747\"><strong data-start=\"656\" data-end=\"680\">Niveau 3 (0\u20131 bar) :<\/strong> zone grise, id\u00e9ale pour les lignes d\u2019abreuvement \u00e0 basse pression.<\/p>\n<\/li>\n<\/ul>\n<p data-start=\"749\" data-end=\"1025\">Le graphique aide \u00e0 comprendre rapidement <strong data-start=\"787\" data-end=\"844\">quel niveau r\u00e9gler sur le capuchon de la valve<\/strong> pour obtenir un d\u00e9bit stable et correct selon la pression disponible dans l\u2019installation. Le d\u00e9bit reste stable \u00e0 <strong data-start=\"967\" data-end=\"980\">1,4 L\/min<\/strong>, garantissant un flux constant et fiable. <\/p>\n<p>L\u2019utilisation de  <strong>r\u00e9ducteurs de pression<\/strong>  permet une gestion centralis\u00e9e du syst\u00e8me, particuli\u00e8rement utile durant les mois d\u2019\u00e9t\u00e9 lorsqu\u2019il peut \u00eatre n\u00e9cessaire d\u2019augmenter le d\u00e9bit.<\/p>\n","protected":false},"excerpt":{"rendered":"<p>Abr\u00e9voir automatique \u00e0 t\u00e9tine FDA-004P12TP en laiton et inox, avec raccord 3\/4&Prime;, soupape r\u00e9glable et axe renforc\u00e9. Fiable, r\u00e9sistant et id\u00e9al pour garantir un d\u00e9bit d\u2019eau contr\u00f4l\u00e9 pour les truies et les porcs \u00e0 l\u2019engrais. <\/p>\n<p><a href=\"https:\/\/fdasrl.it\/wp-content\/uploads\/2025\/12\/Installation-Fda-Nipple-drinkers-1-2-sows-fattening-pigs_compressed.pdf\">\ud83d\udc49 <b>(CLIQUEZ ICI)<\/b> pour le tableau d\u2019installation complet<\/a><\/p>\n<p><a href=\"https:\/\/fdasrl.it\/wp-content\/uploads\/2025\/12\/grafico_valvola_fda_14Lmin_livelli_0-9bar-fda-004p12tp.webp\">\ud83d\udc49 <b>(CLIQUEZ ICI)<\/b> pour le tableau des d\u00e9bits<\/a><\/p>\n<p>\ud83d\udc49 <a href=\"https:\/\/fdasrl.it\/wp-content\/uploads\/2025\/12\/FDA004P12TP_compressed.pdf\"><b>(CLIQUEZ ICI)<\/b> pour le dessin technique<\/a><\/p>\n","protected":false},"featured_media":1066,"comment_status":"open","ping_status":"closed","template":"","meta":{"_et_pb_use_builder":"","_et_pb_old_content":"","_et_gb_content_width":""},"product_brand":[],"product_cat":[754,1192,1191,662],"product_tag":[1273],"class_list":{"0":"post-5512","1":"product","2":"type-product","3":"status-publish","4":"has-post-thumbnail","6":"product_cat-abreuvoirs-3","7":"product_cat-abreuvoirs-a-tetine","8":"product_cat-laiton-acier-inoxydable","9":"product_cat-porcs","10":"product_tag-fda-004p12tp","12":"first","13":"instock","14":"shipping-taxable","15":"product-type-simple"},"yoast_head":"<!-- This site is optimized with the Yoast SEO Premium plugin v27.5 (Yoast SEO v27.5) - https:\/\/yoast.com\/product\/yoast-seo-premium-wordpress\/ -->\n<title>Abreuvoir automatique r\u00e9glable pour truies et porcs \u00e0 l\u2019engraissement<\/title>\n<meta name=\"description\" content=\"D\u00e9couvrez l\u2019abr\u00e9voir automatique r\u00e9glable FDA-004P12TP pour truies et porcs \u00e0 l\u2019engrais. Il garantit une eau constante et durable pour votre \u00e9levage !\" \/>\n<meta name=\"robots\" content=\"index, follow, max-snippet:-1, max-image-preview:large, max-video-preview:-1\" \/>\n<link rel=\"canonical\" href=\"https:\/\/fdasrl.it\/fr\/prodotto\/ref-fda-004p12tp-abrevoir-a-tetine-3-4-grand-modele-pour-truies-et-engraissement\/\" \/>\n<meta property=\"og:locale\" content=\"fr_FR\" \/>\n<meta property=\"og:type\" content=\"article\" \/>\n<meta property=\"og:title\" content=\"R\u00e9f. FDA-004P12TP \u2013 Abr\u00e9voir \u00e0 t\u00e9tine 3\/4\u201d grand mod\u00e8le pour truies et engraissement\" \/>\n<meta property=\"og:description\" content=\"D\u00e9couvrez l\u2019abr\u00e9voir automatique r\u00e9glable FDA-004P12TP pour truies et porcs \u00e0 l\u2019engrais. Il garantit une eau constante et durable pour votre \u00e9levage !\" \/>\n<meta property=\"og:url\" content=\"https:\/\/fdasrl.it\/fr\/prodotto\/ref-fda-004p12tp-abrevoir-a-tetine-3-4-grand-modele-pour-truies-et-engraissement\/\" \/>\n<meta property=\"og:site_name\" content=\"FDA srl\" \/>\n<meta property=\"article:publisher\" content=\"https:\/\/www.facebook.com\/share\/1MWhFWg1Tp\/?mibextid=LQQJ4d\" \/>\n<meta property=\"og:image\" content=\"https:\/\/fdasrl.it\/wp-content\/uploads\/2025\/12\/abbeveratoio-succhiotto-big-3-4-ottone-inox-foto-frontale-v2.webp\" \/>\n\t<meta property=\"og:image:width\" content=\"1810\" \/>\n\t<meta property=\"og:image:height\" content=\"1579\" \/>\n\t<meta property=\"og:image:type\" content=\"image\/webp\" \/>\n<meta name=\"twitter:card\" content=\"summary_large_image\" \/>\n<meta name=\"twitter:label1\" content=\"Prix\" \/>\n\t<meta name=\"twitter:data1\" content=\"\" \/>\n\t<meta name=\"twitter:label2\" content=\"Disponibilit\u00e9\" \/>\n\t<meta name=\"twitter:data2\" content=\"En stock\" \/>\n<meta property=\"product:price:currency\" content=\"EUR\" \/>\n<meta property=\"og:availability\" content=\"instock\" \/>\n<meta property=\"product:availability\" content=\"instock\" \/>\n<meta property=\"product:retailer_item_id\" content=\"FDA-004P12TP\" \/>\n<meta property=\"product:condition\" content=\"new\" \/>\n<!-- \/ Yoast SEO Premium plugin. -->","yoast_head_json":{"title":"Abreuvoir automatique r\u00e9glable pour truies et porcs \u00e0 l\u2019engraissement","description":"D\u00e9couvrez l\u2019abr\u00e9voir automatique r\u00e9glable FDA-004P12TP pour truies et porcs \u00e0 l\u2019engrais. Il garantit une eau constante et durable pour votre \u00e9levage !","robots":{"index":"index","follow":"follow","max-snippet":"max-snippet:-1","max-image-preview":"max-image-preview:large","max-video-preview":"max-video-preview:-1"},"canonical":"https:\/\/fdasrl.it\/fr\/prodotto\/ref-fda-004p12tp-abrevoir-a-tetine-3-4-grand-modele-pour-truies-et-engraissement\/","og_locale":"fr_FR","og_type":"article","og_title":"R\u00e9f. FDA-004P12TP \u2013 Abr\u00e9voir \u00e0 t\u00e9tine 3\/4\u201d grand mod\u00e8le pour truies et engraissement","og_description":"D\u00e9couvrez l\u2019abr\u00e9voir automatique r\u00e9glable FDA-004P12TP pour truies et porcs \u00e0 l\u2019engrais. Il garantit une eau constante et durable pour votre \u00e9levage !","og_url":"https:\/\/fdasrl.it\/fr\/prodotto\/ref-fda-004p12tp-abrevoir-a-tetine-3-4-grand-modele-pour-truies-et-engraissement\/","og_site_name":"FDA srl","article_publisher":"https:\/\/www.facebook.com\/share\/1MWhFWg1Tp\/?mibextid=LQQJ4d","og_image":[{"width":1810,"height":1579,"url":"https:\/\/fdasrl.it\/wp-content\/uploads\/2025\/12\/abbeveratoio-succhiotto-big-3-4-ottone-inox-foto-frontale-v2.webp","type":"image\/webp"}],"twitter_card":"summary_large_image","twitter_misc":{"Prix":"","Disponibilit\u00e9":"En stock"},"schema":{"@context":"https:\/\/schema.org","@graph":[{"@type":"WebPage","@id":"https:\/\/fdasrl.it\/fr\/prodotto\/ref-fda-004p12tp-abrevoir-a-tetine-3-4-grand-modele-pour-truies-et-engraissement\/","url":"https:\/\/fdasrl.it\/fr\/prodotto\/ref-fda-004p12tp-abrevoir-a-tetine-3-4-grand-modele-pour-truies-et-engraissement\/","name":"Abreuvoir automatique r\u00e9glable pour truies et porcs \u00e0 l\u2019engraissement","isPartOf":{"@id":"https:\/\/fdasrl.it\/fr\/#website"},"primaryImageOfPage":{"@id":"https:\/\/fdasrl.it\/fr\/prodotto\/ref-fda-004p12tp-abrevoir-a-tetine-3-4-grand-modele-pour-truies-et-engraissement\/#primaryimage"},"image":{"@id":"https:\/\/fdasrl.it\/fr\/prodotto\/ref-fda-004p12tp-abrevoir-a-tetine-3-4-grand-modele-pour-truies-et-engraissement\/#primaryimage"},"thumbnailUrl":"https:\/\/fdasrl.it\/wp-content\/uploads\/2025\/12\/abbeveratoio-succhiotto-big-3-4-ottone-inox-foto-frontale-v2.webp","datePublished":"2025-12-23T09:48:49+00:00","description":"D\u00e9couvrez l\u2019abr\u00e9voir automatique r\u00e9glable FDA-004P12TP pour truies et porcs \u00e0 l\u2019engrais. Il garantit une eau constante et durable pour votre \u00e9levage !","breadcrumb":{"@id":"https:\/\/fdasrl.it\/fr\/prodotto\/ref-fda-004p12tp-abrevoir-a-tetine-3-4-grand-modele-pour-truies-et-engraissement\/#breadcrumb"},"inLanguage":"fr-FR","potentialAction":[{"@type":"ReadAction","target":["https:\/\/fdasrl.it\/fr\/prodotto\/ref-fda-004p12tp-abrevoir-a-tetine-3-4-grand-modele-pour-truies-et-engraissement\/"]}]},{"@type":"ImageObject","inLanguage":"fr-FR","@id":"https:\/\/fdasrl.it\/fr\/prodotto\/ref-fda-004p12tp-abrevoir-a-tetine-3-4-grand-modele-pour-truies-et-engraissement\/#primaryimage","url":"https:\/\/fdasrl.it\/wp-content\/uploads\/2025\/12\/abbeveratoio-succhiotto-big-3-4-ottone-inox-foto-frontale-v2.webp","contentUrl":"https:\/\/fdasrl.it\/wp-content\/uploads\/2025\/12\/abbeveratoio-succhiotto-big-3-4-ottone-inox-foto-frontale-v2.webp","width":1810,"height":1579,"caption":"Abr\u00e9voir \u00e0 t\u00e9tine BIG 3\/4\u201d en laiton et inox r\u00e9glable pour truies et porcs \u00e0 l\u2019engrais"},{"@type":"BreadcrumbList","@id":"https:\/\/fdasrl.it\/fr\/prodotto\/ref-fda-004p12tp-abrevoir-a-tetine-3-4-grand-modele-pour-truies-et-engraissement\/#breadcrumb","itemListElement":[{"@type":"ListItem","position":1,"name":"Home","item":"https:\/\/fdasrl.it\/fr\/accueil\/"},{"@type":"ListItem","position":2,"name":"Boutique","item":"https:\/\/fdasrl.it\/fr\/boutique\/"},{"@type":"ListItem","position":3,"name":"R\u00e9f. FDA-004P12TP \u2013 Abr\u00e9voir \u00e0 t\u00e9tine 3\/4\u201d grand mod\u00e8le pour truies et engraissement"}]},{"@type":"WebSite","@id":"https:\/\/fdasrl.it\/fr\/#website","url":"https:\/\/fdasrl.it\/fr\/","name":"FDA srl","description":"Equipment for animal husbandry","publisher":{"@id":"https:\/\/fdasrl.it\/fr\/#organization"},"potentialAction":[{"@type":"SearchAction","target":{"@type":"EntryPoint","urlTemplate":"https:\/\/fdasrl.it\/fr\/?s={search_term_string}"},"query-input":{"@type":"PropertyValueSpecification","valueRequired":true,"valueName":"search_term_string"}}],"inLanguage":"fr-FR"},{"@type":"Organization","@id":"https:\/\/fdasrl.it\/fr\/#organization","name":"FDA srl","url":"https:\/\/fdasrl.it\/fr\/","logo":{"@type":"ImageObject","inLanguage":"fr-FR","@id":"https:\/\/fdasrl.it\/fr\/#\/schema\/logo\/image\/","url":"https:\/\/fdasrl.it\/wp-content\/uploads\/2024\/12\/Logo-FDA.png","contentUrl":"https:\/\/fdasrl.it\/wp-content\/uploads\/2024\/12\/Logo-FDA.png","width":316,"height":119,"caption":"FDA srl"},"image":{"@id":"https:\/\/fdasrl.it\/fr\/#\/schema\/logo\/image\/"},"sameAs":["https:\/\/www.facebook.com\/share\/1MWhFWg1Tp\/?mibextid=LQQJ4d","https:\/\/www.instagram.com\/fda_srl\/profilecard\/?igsh=YW5lbzJ6MWg0d21u","https:\/\/www.youtube.com\/@FDASRL_ANIMALCARE"],"description":"FDA SRL \u2013 Equipment for animal husbandry nasce con l\u2019obiettivo di offrire soluzioni affidabili e innovative per l\u2019allevamento moderno. Con anni di esperienza nel settore zootecnico, progettiamo e realizziamo attrezzature destinate al benessere animale e alla gestione efficiente delle stalle: vasche, abbeveratoi, mangiatoie e sistemi di riscaldamento pensati per durare nel tempo e semplificare il lavoro quotidiano degli allevatori. Dalla progettazione alla produzione, ogni nostro prodotto \u00e8 studiato nei minimi dettagli, testato con cura e costruito per rispondere alle esigenze reali del settore. La nostra forza \u00e8 unire artigianalit\u00e0, tecnologia e competenza tecnica per trasformare ogni progetto in una soluzione concreta e funzionale. Oggi FDA SRL \u00e8 un punto di riferimento per privati e rivenditori che cercano qualit\u00e0, affidabilit\u00e0 e innovazione nelle attrezzature per l\u2019allevamento.","email":"info@fdasrl.it","telephone":"+390522826820","legalName":"F.D.A. SRL","foundingDate":"2024-10-13","vatID":"03075840359","taxID":"03075840359","numberOfEmployees":{"@type":"QuantitativeValue","minValue":"1","maxValue":"10"}}]},"product_price_currency":"EUR","og_availability":"instock","product_availability":"instock","product_retailer_item_id":"FDA-004P12TP","product_condition":"new"},"_links":{"self":[{"href":"https:\/\/fdasrl.it\/fr\/wp-json\/wp\/v2\/product\/5512","targetHints":{"allow":["GET"]}}],"collection":[{"href":"https:\/\/fdasrl.it\/fr\/wp-json\/wp\/v2\/product"}],"about":[{"href":"https:\/\/fdasrl.it\/fr\/wp-json\/wp\/v2\/types\/product"}],"replies":[{"embeddable":true,"href":"https:\/\/fdasrl.it\/fr\/wp-json\/wp\/v2\/comments?post=5512"}],"wp:featuredmedia":[{"embeddable":true,"href":"https:\/\/fdasrl.it\/fr\/wp-json\/wp\/v2\/media\/1066"}],"wp:attachment":[{"href":"https:\/\/fdasrl.it\/fr\/wp-json\/wp\/v2\/media?parent=5512"}],"wp:term":[{"taxonomy":"product_brand","embeddable":true,"href":"https:\/\/fdasrl.it\/fr\/wp-json\/wp\/v2\/product_brand?post=5512"},{"taxonomy":"product_cat","embeddable":true,"href":"https:\/\/fdasrl.it\/fr\/wp-json\/wp\/v2\/product_cat?post=5512"},{"taxonomy":"product_tag","embeddable":true,"href":"https:\/\/fdasrl.it\/fr\/wp-json\/wp\/v2\/product_tag?post=5512"}],"curies":[{"name":"wp","href":"https:\/\/api.w.org\/{rel}","templated":true}]}}