{"id":5552,"date":"2025-01-15T12:03:21","date_gmt":"2025-01-15T11:03:21","guid":{"rendered":"https:\/\/fdasrl.it\/prodotto\/ref-fda-000028-abreuvoir-automatique-3-8-f-humidificateur-pour-mangeoires-porcins-mange-boit\/"},"modified":"2025-01-15T12:03:21","modified_gmt":"2025-01-15T11:03:21","slug":"ref-fda-000028-abreuvoir-automatique-3-8-f-humidificateur-pour-mangeoires-porcins-mange-boit","status":"publish","type":"product","link":"https:\/\/fdasrl.it\/fr\/prodotto\/ref-fda-000028-abreuvoir-automatique-3-8-f-humidificateur-pour-mangeoires-porcins-mange-boit\/","title":{"rendered":"R\u00e9f. FDA-000028 &#8211; Abreuvoir automatique 3\/8&Prime; F humidificateur pour mangeoires porcins (mange\/boit)"},"content":{"rendered":"<h2 data-section-id=\"1orjph9\" data-start=\"79\" data-end=\"183\"><span role=\"text\"><strong data-start=\"82\" data-end=\"183\">R\u00e9f. FDA-000028 &#8211; Abreuvoir automatique 3\/8&Prime; F humidificateur pour mangeoires porcins (mange\/boit)<\/strong><\/span><\/h2>\n<h3 data-section-id=\"jbtoyn\" data-start=\"185\" data-end=\"219\"><span role=\"text\"><strong data-start=\"189\" data-end=\"217\">Description du produit<\/strong><\/span><\/h3>\n<p data-start=\"220\" data-end=\"458\">L\u2019abreuvoir automatique <strong data-start=\"246\" data-end=\"287\">3\/8&Prime; femelle FDA-000028 humidificateur<\/strong> est con\u00e7u pour \u00eatre utilis\u00e9 \u00e0 l\u2019int\u00e9rieur des mangeoires (syst\u00e8mes mange et boit), garantissant une distribution d\u2019eau constante directement pendant la prise d\u2019aliment.<\/p>\n<p data-start=\"460\" data-end=\"629\">Cette solution permet d\u2019am\u00e9liorer l\u2019ingestion alimentaire, de favoriser l\u2019hydratation des animaux et de r\u00e9duire le gaspillage, tout en maintenant la zone d\u2019\u00e9levage plus propre.<\/p>\n<p data-start=\"631\" data-end=\"782\">Fabriqu\u00e9 avec des mat\u00e9riaux robustes et r\u00e9sistants \u00e0 l\u2019usure, il est id\u00e9al pour les \u00e9levages porcins exigeant fiabilit\u00e9, durabilit\u00e9 et facilit\u00e9 de gestion.<\/p>\n<hr data-start=\"784\" data-end=\"787\">\n<h3 data-section-id=\"w1my6q\" data-start=\"789\" data-end=\"821\"><span role=\"text\"><strong data-start=\"793\" data-end=\"821\">Caract\u00e9ristiques techniques<\/strong><\/span><\/h3>\n<ul data-start=\"822\" data-end=\"1145\">\n<li data-section-id=\"1j1tkb1\" data-start=\"822\" data-end=\"843\">Filetage en laiton<\/li>\n<li data-section-id=\"dg8e7\" data-start=\"844\" data-end=\"876\">Tube en laiton et axe en acier inoxydable<\/li>\n<li data-section-id=\"1fst7fn\" data-start=\"877\" data-end=\"911\"><strong data-start=\"879\" data-end=\"909\">Raccord d\u2019eau 3\/8&Prime; femelle<\/strong><\/li>\n<li data-section-id=\"18pz5ww\" data-start=\"912\" data-end=\"941\">Longueur totale : 73,0 mm<\/li>\n<li data-section-id=\"zmqwqu\" data-start=\"942\" data-end=\"971\">Tube d\u2019abreuvoir \u00d8 21 mm<\/li>\n<li data-section-id=\"9jqgyd\" data-start=\"972\" data-end=\"989\">Axe \u00d8 8 mm<\/li>\n<li data-section-id=\"1jts4tp\" data-start=\"990\" data-end=\"1006\">Poids : 94,5 g<\/li>\n<li data-section-id=\"1g74jjp\" data-start=\"1007\" data-end=\"1024\">Hexagone 21 mm<\/li>\n<li data-section-id=\"12wlzqy\" data-start=\"1079\" data-end=\"1145\">Mod\u00e8le tout Inox disponible (voir mod\u00e8le FDA-0020E3\/8)<\/li>\n<\/ul>\n<hr data-start=\"1147\" data-end=\"1150\">\n<h3 data-section-id=\"9sy6zo\" data-start=\"1152\" data-end=\"1193\"><span role=\"text\"><strong data-start=\"1156\" data-end=\"1193\">Hauteurs et angle d\u2019installation<\/strong><\/span><\/h3>\n<p data-start=\"1194\" data-end=\"1252\"><a href=\"https:\/\/fdasrl.it\/wp-content\/uploads\/2025\/01\/Installation-Fda-Nipple-drinkers-1-2-for-feeders_compressed.pdf\">\ud83d\udc49 (CLIQUEZ ICI) pour le tableau complet d\u2019installation<\/a><\/p>\n<p data-start=\"1254\" data-end=\"1300\">Les hauteurs indiqu\u00e9es sont des directives g\u00e9n\u00e9rales.<\/p>\n<p data-start=\"1302\" data-end=\"1448\">L\u2019abreuvoir <strong data-start=\"1317\" data-end=\"1331\">FDA-000028<\/strong> est con\u00e7u pour \u00eatre install\u00e9 \u00e0 l\u2019int\u00e9rieur des mangeoires, afin que le porc puisse l\u2019activer tout en mangeant.<\/p>\n<p data-start=\"1450\" data-end=\"1628\">Pour l\u2019\u00e9levage des porcelets, il est conseill\u00e9 d\u2019utiliser deux hauteurs d\u2019installation ou des r\u00e9gulateurs de hauteur, afin d\u2019adapter la position \u00e0 la croissance des animaux.<\/p>\n<p data-start=\"1630\" data-end=\"1683\">L\u2019inclinaison peut \u00eatre r\u00e9gl\u00e9e entre <strong data-start=\"1669\" data-end=\"1682\">30\u00b0 et 45\u00b0<\/strong> :<\/p>\n<p data-start=\"1685\" data-end=\"1709\"><strong data-start=\"1685\" data-end=\"1707\">Porcelets (7\u201320 kg)<\/strong><\/p>\n<ul data-start=\"1710\" data-end=\"1835\">\n<li data-section-id=\"1c90bus\" data-start=\"1710\" data-end=\"1755\">Hauteur : 8 \u2013 12 cm au-dessus du fond de la mangeoire<\/li>\n<li data-section-id=\"1ka8lgn\" data-start=\"1756\" data-end=\"1777\">Angle : 30\u00b0 \u2013 45\u00b0<\/li>\n<li data-section-id=\"8r4lzv\" data-start=\"1778\" data-end=\"1806\">Pression : 0,5 \u2013 1,5 bar<\/li>\n<li data-section-id=\"1mu4dmw\" data-start=\"1807\" data-end=\"1835\">D\u00e9bit : 0,5 \u2013 0,8 L\/min<\/li>\n<\/ul>\n<p data-start=\"1837\" data-end=\"1876\"><strong data-start=\"1837\" data-end=\"1874\">Sevr\u00e9s \/ Porcs en post-sevrage (20\u201340 kg)<\/strong><\/p>\n<ul data-start=\"1877\" data-end=\"1976\">\n<li data-section-id=\"1qrpe7s\" data-start=\"1877\" data-end=\"1900\">Hauteur : 12 \u2013 18 cm<\/li>\n<li data-section-id=\"kc6vya\" data-start=\"1901\" data-end=\"1922\">Angle : 35\u00b0 \u2013 45\u00b0<\/li>\n<li data-section-id=\"1nv6ul5\" data-start=\"1923\" data-end=\"1947\">Pression : 1 \u2013 2 bar<\/li>\n<li data-section-id=\"1djnj7n\" data-start=\"1948\" data-end=\"1976\">D\u00e9bit : 0,7 \u2013 1,0 L\/min<\/li>\n<\/ul>\n<p data-start=\"1978\" data-end=\"2002\"><strong data-start=\"1978\" data-end=\"2000\">Porcs en croissance (40\u201380 kg)<\/strong><\/p>\n<ul data-start=\"2003\" data-end=\"2104\">\n<li data-section-id=\"dkchy4\" data-start=\"2003\" data-end=\"2026\">Hauteur : 18 \u2013 25 cm<\/li>\n<li data-section-id=\"11qh10g\" data-start=\"2027\" data-end=\"2048\">Angle : 40\u00b0 \u2013 45\u00b0<\/li>\n<li data-section-id=\"ewpqio\" data-start=\"2049\" data-end=\"2075\">Pression : 1 \u2013 2,5 bar<\/li>\n<li data-section-id=\"1tgj8um\" data-start=\"2076\" data-end=\"2104\">D\u00e9bit : 0,8 \u2013 1,2 L\/min<\/li>\n<\/ul>\n<p data-start=\"2106\" data-end=\"2133\"><strong data-start=\"2106\" data-end=\"2131\">Engraissement (80\u2013120+ kg)<\/strong><\/p>\n<ul data-start=\"2134\" data-end=\"2235\">\n<li data-section-id=\"1u4ywqb\" data-start=\"2134\" data-end=\"2157\">Hauteur : 25 \u2013 35 cm<\/li>\n<li data-section-id=\"5rf7wz\" data-start=\"2158\" data-end=\"2179\">Angle : 45\u00b0 &#8211; 90\u00b0<\/li>\n<li data-section-id=\"10hiqf5\" data-start=\"2180\" data-end=\"2206\">Pression : 1,5 \u2013 3 bar<\/li>\n<li data-section-id=\"1667clc\" data-start=\"2207\" data-end=\"2235\">D\u00e9bit : 1,0 \u2013 1,5 L\/min<\/li>\n<\/ul>\n<hr data-start=\"2237\" data-end=\"2240\">\n<h3 data-section-id=\"1gk5xbx\" data-start=\"2242\" data-end=\"2282\"><span role=\"text\"><strong data-start=\"2246\" data-end=\"2282\">Pression d\u2019eau recommand\u00e9e<\/strong><\/span><\/h3>\n<p data-start=\"2283\" data-end=\"2395\">Tous les abreuvoirs fonctionnent aussi bien \u00e0 basse qu\u2019\u00e0 haute pression, avec une valeur maximale de <strong data-start=\"2376\" data-end=\"2394\">4 bar (55 psi)<\/strong>.<\/p>\n<p data-start=\"2397\" data-end=\"2494\">Pour l\u2019\u00e9levage des porcelets, la pression de l\u2019eau ne devrait pas d\u00e9passer <strong data-start=\"2475\" data-end=\"2493\">2 bar (28 psi)<\/strong>.<\/p>\n<p data-start=\"2496\" data-end=\"2541\">En g\u00e9n\u00e9ral, des pressions plus basses favorisent :<\/p>\n<ul data-start=\"2542\" data-end=\"2696\">\n<li data-section-id=\"11e5cqa\" data-start=\"2542\" data-end=\"2562\">l\u2019\u00e9conomie d\u2019eau<\/li>\n<li data-section-id=\"140hy6k\" data-start=\"2563\" data-end=\"2602\">une moindre usure des joints et du ressort<\/li>\n<li data-section-id=\"fqvo0v\" data-start=\"2603\" data-end=\"2634\">un flux d\u2019eau plus d\u00e9licat<\/li>\n<li data-section-id=\"1k8yo6e\" data-start=\"2635\" data-end=\"2668\">une plus grande facilit\u00e9 d\u2019utilisation<\/li>\n<li data-section-id=\"1hn09s\" data-start=\"2669\" data-end=\"2696\">la r\u00e9duction du gaspillage<\/li>\n<\/ul>\n<p data-start=\"2698\" data-end=\"2754\">\ud83d\udc49 L\u2019utilisation d\u2019un r\u00e9ducteur de pression est recommand\u00e9e.<\/p>\n<hr data-start=\"2756\" data-end=\"2759\">\n<h3 data-section-id=\"1rk201d\" data-start=\"2629\" data-end=\"2654\"><strong data-start=\"2633\" data-end=\"2652\">D\u00e9bit d\u2019eau<\/strong><\/h3>\n<p data-start=\"2655\" data-end=\"2701\">\ud83d\udc49 <a href=\"https:\/\/fdasrl.it\/wp-content\/uploads\/2025\/01\/grafico-fda-succhiotto-mangia-bevi-000005.webp\">(CLIQUEZ ICI) pour le tableau des d\u00e9bits<\/a><\/p>\n<p data-start=\"2703\" data-end=\"2787\">Le d\u00e9bit d\u2019eau varie en fonction de la pression disponible sur la ligne d\u2019eau.<\/p>\n<p data-start=\"2789\" data-end=\"2957\">Pour les porcelets et les porcs en croissance, un d\u00e9bit compris entre <strong data-start=\"2866\" data-end=\"2885\">0,6 et 1,0 L\/min<\/strong> est recommand\u00e9, afin d\u2019obtenir une humidification correcte de l\u2019aliment sans exc\u00e8s.<\/p>\n<p data-start=\"2959\" data-end=\"3058\">Les buses r\u00e9glables permettent d\u2019adapter le d\u00e9bit \u00e0 la pression disponible dans l\u2019installation.<\/p>\n<p data-start=\"3060\" data-end=\"3136\">Si un d\u00e9bit plus \u00e9lev\u00e9 est n\u00e9cessaire, des vannes avec les diam\u00e8tres suivants sont disponibles :<\/p>\n<ul data-start=\"3137\" data-end=\"3171\">\n<li data-section-id=\"dkblkz\" data-start=\"3137\" data-end=\"3147\">\n<p data-start=\"3139\" data-end=\"3147\">\u00d8 3 mm<\/p>\n<\/li>\n<li data-section-id=\"ce2p6i\" data-start=\"3148\" data-end=\"3160\">\n<p data-start=\"3150\" data-end=\"3160\">\u00d8 3,5 mm<\/p>\n<\/li>\n<li data-section-id=\"cycn50\" data-start=\"3161\" data-end=\"3171\">\n<p data-start=\"3163\" data-end=\"3171\">\u00d8 4 mm<\/p>\n<\/li>\n<\/ul>\n<p data-start=\"3173\" data-end=\"3300\">L\u2019emploi de r\u00e9ducteurs de pression permet une gestion centralis\u00e9e du d\u00e9bit, particuli\u00e8rement utile lors des p\u00e9riodes chaudes.<\/p>\n<hr data-start=\"2998\" data-end=\"3001\">\n<h3 data-section-id=\"1uqk9zm\" data-start=\"3003\" data-end=\"3036\"><span role=\"text\"><strong data-start=\"3007\" data-end=\"3036\">Contamination de l\u2019eau<\/strong><\/span><\/h3>\n<p data-start=\"3037\" data-end=\"3120\">La pr\u00e9sence d\u2019impuret\u00e9s ou de s\u00e9diments peut compromettre le fonctionnement du syst\u00e8me.<\/p>\n<p data-start=\"3122\" data-end=\"3223\">\ud83d\udc49 L\u2019installation d\u2019un filtre sur le r\u00e9seau d\u2019eau est conseill\u00e9e pour garantir des performances constantes.<\/p>\n","protected":false},"excerpt":{"rendered":"<p><strong data-start=\"79\" data-end=\"169\">Abreuvoir automatique \u00e0 t\u00e9tine 3\/8\u2033 femelle pour mangeoires porcins (mange et boit)<\/strong>, con\u00e7u pour distribuer l\u2019eau directement pendant la prise d\u2019aliment. Fabriqu\u00e9 en acier inoxydable avec filetage en laiton, il garantit r\u00e9sistance, hygi\u00e8ne et long\u00e9vit\u00e9, am\u00e9liorant l\u2019efficacit\u00e9 alimentaire et r\u00e9duisant le gaspillage d\u2019eau. <\/p>\n<p><a href=\"https:\/\/fdasrl.it\/wp-content\/uploads\/2025\/01\/Installation-Fda-Nipple-drinkers-1-2-for-feeders_compressed.pdf\">\ud83d\udc49 <b>(CLIQUEZ ICI)<\/b> pour le tableau d\u2019installation complet<\/a><\/p>\n<p><a href=\"https:\/\/fdasrl.it\/wp-content\/uploads\/2025\/01\/grafico-fda-succhiotto-mangia-bevi-000005.webp\">\ud83d\udc49 <b>(CLIQUEZ ICI)<\/b> pour le tableau des d\u00e9bits<\/a><\/p>\n<p>\ud83d\udc49 <a href=\"https:\/\/fdasrl.it\/wp-content\/uploads\/2025\/01\/FDA000024.pdf\"><b>(CLIQUEZ ICI)<\/b> pour le dessin technique<\/a><\/p>\n","protected":false},"featured_media":1311,"comment_status":"open","ping_status":"closed","template":"","meta":{"_et_pb_use_builder":"","_et_pb_old_content":"","_et_gb_content_width":""},"product_brand":[],"product_cat":[754,1192,1191,662],"product_tag":[1279],"class_list":{"0":"post-5552","1":"product","2":"type-product","3":"status-publish","4":"has-post-thumbnail","6":"product_cat-abreuvoirs-3","7":"product_cat-abreuvoirs-a-tetine","8":"product_cat-laiton-acier-inoxydable","9":"product_cat-porcs","10":"product_tag-fda-000028","12":"first","13":"instock","14":"shipping-taxable","15":"product-type-simple"},"yoast_head":"<!-- This site is optimized with the Yoast SEO Premium plugin v27.5 (Yoast SEO v27.5) - https:\/\/yoast.com\/product\/yoast-seo-premium-wordpress\/ -->\n<title>Abreuvoir porcins 3\/8 femelle humidificateur mange et boit - FDA srl<\/title>\n<meta name=\"description\" content=\"Assurez une hydratation correcte de vos porcins avec l\u2019abreuvoir porcins 3\/8 femelle humidificateur mange et boit. D\u00e9couvrez-en plus d\u00e8s maintenant ! \ud83d\udca7\" \/>\n<meta name=\"robots\" content=\"index, follow, max-snippet:-1, max-image-preview:large, max-video-preview:-1\" \/>\n<link rel=\"canonical\" href=\"https:\/\/fdasrl.it\/fr\/prodotto\/ref-fda-000028-abreuvoir-automatique-3-8-f-humidificateur-pour-mangeoires-porcins-mange-boit\/\" \/>\n<meta property=\"og:locale\" content=\"fr_FR\" \/>\n<meta property=\"og:type\" content=\"article\" \/>\n<meta property=\"og:title\" content=\"R\u00e9f. FDA-000028 - Abreuvoir automatique 3\/8&quot; F humidificateur pour mangeoires porcins (mange\/boit)\" \/>\n<meta property=\"og:description\" content=\"Assurez une hydratation correcte de vos porcins avec l\u2019abreuvoir porcins 3\/8 femelle humidificateur mange et boit. D\u00e9couvrez-en plus d\u00e8s maintenant ! \ud83d\udca7\" \/>\n<meta property=\"og:url\" content=\"https:\/\/fdasrl.it\/fr\/prodotto\/ref-fda-000028-abreuvoir-automatique-3-8-f-humidificateur-pour-mangeoires-porcins-mange-boit\/\" \/>\n<meta property=\"og:site_name\" content=\"FDA srl\" \/>\n<meta property=\"article:publisher\" content=\"https:\/\/www.facebook.com\/share\/1MWhFWg1Tp\/?mibextid=LQQJ4d\" \/>\n<meta property=\"og:image\" content=\"https:\/\/fdasrl.it\/wp-content\/uploads\/2025\/01\/FDA_028.jpg\" \/>\n\t<meta property=\"og:image:width\" content=\"1655\" \/>\n\t<meta property=\"og:image:height\" content=\"1441\" \/>\n\t<meta property=\"og:image:type\" content=\"image\/jpeg\" \/>\n<meta name=\"twitter:card\" content=\"summary_large_image\" \/>\n<meta name=\"twitter:label1\" content=\"Prix\" \/>\n\t<meta name=\"twitter:data1\" content=\"\" \/>\n\t<meta name=\"twitter:label2\" content=\"Disponibilit\u00e9\" \/>\n\t<meta name=\"twitter:data2\" content=\"En stock\" \/>\n<meta property=\"product:price:currency\" content=\"EUR\" \/>\n<meta property=\"og:availability\" content=\"instock\" \/>\n<meta property=\"product:availability\" content=\"instock\" \/>\n<meta property=\"product:retailer_item_id\" content=\"FDA-000028\" \/>\n<meta property=\"product:condition\" content=\"new\" \/>\n<!-- \/ Yoast SEO Premium plugin. -->","yoast_head_json":{"title":"Abreuvoir porcins 3\/8 femelle humidificateur mange et boit - FDA srl","description":"Assurez une hydratation correcte de vos porcins avec l\u2019abreuvoir porcins 3\/8 femelle humidificateur mange et boit. D\u00e9couvrez-en plus d\u00e8s maintenant ! \ud83d\udca7","robots":{"index":"index","follow":"follow","max-snippet":"max-snippet:-1","max-image-preview":"max-image-preview:large","max-video-preview":"max-video-preview:-1"},"canonical":"https:\/\/fdasrl.it\/fr\/prodotto\/ref-fda-000028-abreuvoir-automatique-3-8-f-humidificateur-pour-mangeoires-porcins-mange-boit\/","og_locale":"fr_FR","og_type":"article","og_title":"R\u00e9f. FDA-000028 - Abreuvoir automatique 3\/8\" F humidificateur pour mangeoires porcins (mange\/boit)","og_description":"Assurez une hydratation correcte de vos porcins avec l\u2019abreuvoir porcins 3\/8 femelle humidificateur mange et boit. D\u00e9couvrez-en plus d\u00e8s maintenant ! \ud83d\udca7","og_url":"https:\/\/fdasrl.it\/fr\/prodotto\/ref-fda-000028-abreuvoir-automatique-3-8-f-humidificateur-pour-mangeoires-porcins-mange-boit\/","og_site_name":"FDA srl","article_publisher":"https:\/\/www.facebook.com\/share\/1MWhFWg1Tp\/?mibextid=LQQJ4d","og_image":[{"width":1655,"height":1441,"url":"https:\/\/fdasrl.it\/wp-content\/uploads\/2025\/01\/FDA_028.jpg","type":"image\/jpeg"}],"twitter_card":"summary_large_image","twitter_misc":{"Prix":"","Disponibilit\u00e9":"En stock"},"schema":{"@context":"https:\/\/schema.org","@graph":[{"@type":"WebPage","@id":"https:\/\/fdasrl.it\/fr\/prodotto\/ref-fda-000028-abreuvoir-automatique-3-8-f-humidificateur-pour-mangeoires-porcins-mange-boit\/","url":"https:\/\/fdasrl.it\/fr\/prodotto\/ref-fda-000028-abreuvoir-automatique-3-8-f-humidificateur-pour-mangeoires-porcins-mange-boit\/","name":"Abreuvoir porcins 3\/8 femelle humidificateur mange et boit - FDA srl","isPartOf":{"@id":"https:\/\/fdasrl.it\/fr\/#website"},"primaryImageOfPage":{"@id":"https:\/\/fdasrl.it\/fr\/prodotto\/ref-fda-000028-abreuvoir-automatique-3-8-f-humidificateur-pour-mangeoires-porcins-mange-boit\/#primaryimage"},"image":{"@id":"https:\/\/fdasrl.it\/fr\/prodotto\/ref-fda-000028-abreuvoir-automatique-3-8-f-humidificateur-pour-mangeoires-porcins-mange-boit\/#primaryimage"},"thumbnailUrl":"https:\/\/fdasrl.it\/wp-content\/uploads\/2025\/01\/FDA_028.jpg","datePublished":"2025-01-15T11:03:21+00:00","description":"Assurez une hydratation correcte de vos porcins avec l\u2019abreuvoir porcins 3\/8 femelle humidificateur mange et boit. D\u00e9couvrez-en plus d\u00e8s maintenant ! \ud83d\udca7","breadcrumb":{"@id":"https:\/\/fdasrl.it\/fr\/prodotto\/ref-fda-000028-abreuvoir-automatique-3-8-f-humidificateur-pour-mangeoires-porcins-mange-boit\/#breadcrumb"},"inLanguage":"fr-FR","potentialAction":[{"@type":"ReadAction","target":["https:\/\/fdasrl.it\/fr\/prodotto\/ref-fda-000028-abreuvoir-automatique-3-8-f-humidificateur-pour-mangeoires-porcins-mange-boit\/"]}]},{"@type":"ImageObject","inLanguage":"fr-FR","@id":"https:\/\/fdasrl.it\/fr\/prodotto\/ref-fda-000028-abreuvoir-automatique-3-8-f-humidificateur-pour-mangeoires-porcins-mange-boit\/#primaryimage","url":"https:\/\/fdasrl.it\/wp-content\/uploads\/2025\/01\/FDA_028.jpg","contentUrl":"https:\/\/fdasrl.it\/wp-content\/uploads\/2025\/01\/FDA_028.jpg","width":1655,"height":1441},{"@type":"BreadcrumbList","@id":"https:\/\/fdasrl.it\/fr\/prodotto\/ref-fda-000028-abreuvoir-automatique-3-8-f-humidificateur-pour-mangeoires-porcins-mange-boit\/#breadcrumb","itemListElement":[{"@type":"ListItem","position":1,"name":"Home","item":"https:\/\/fdasrl.it\/fr\/accueil\/"},{"@type":"ListItem","position":2,"name":"Boutique","item":"https:\/\/fdasrl.it\/fr\/boutique\/"},{"@type":"ListItem","position":3,"name":"R\u00e9f. FDA-000028 &#8211; Abreuvoir automatique 3\/8&#8243; F humidificateur pour mangeoires porcins (mange\/boit)"}]},{"@type":"WebSite","@id":"https:\/\/fdasrl.it\/fr\/#website","url":"https:\/\/fdasrl.it\/fr\/","name":"FDA srl","description":"Equipment for animal husbandry","publisher":{"@id":"https:\/\/fdasrl.it\/fr\/#organization"},"potentialAction":[{"@type":"SearchAction","target":{"@type":"EntryPoint","urlTemplate":"https:\/\/fdasrl.it\/fr\/?s={search_term_string}"},"query-input":{"@type":"PropertyValueSpecification","valueRequired":true,"valueName":"search_term_string"}}],"inLanguage":"fr-FR"},{"@type":"Organization","@id":"https:\/\/fdasrl.it\/fr\/#organization","name":"FDA srl","url":"https:\/\/fdasrl.it\/fr\/","logo":{"@type":"ImageObject","inLanguage":"fr-FR","@id":"https:\/\/fdasrl.it\/fr\/#\/schema\/logo\/image\/","url":"https:\/\/fdasrl.it\/wp-content\/uploads\/2024\/12\/Logo-FDA.png","contentUrl":"https:\/\/fdasrl.it\/wp-content\/uploads\/2024\/12\/Logo-FDA.png","width":316,"height":119,"caption":"FDA srl"},"image":{"@id":"https:\/\/fdasrl.it\/fr\/#\/schema\/logo\/image\/"},"sameAs":["https:\/\/www.facebook.com\/share\/1MWhFWg1Tp\/?mibextid=LQQJ4d","https:\/\/www.instagram.com\/fda_srl\/profilecard\/?igsh=YW5lbzJ6MWg0d21u","https:\/\/www.youtube.com\/@FDASRL_ANIMALCARE"],"description":"FDA SRL \u2013 Equipment for animal husbandry nasce con l\u2019obiettivo di offrire soluzioni affidabili e innovative per l\u2019allevamento moderno. Con anni di esperienza nel settore zootecnico, progettiamo e realizziamo attrezzature destinate al benessere animale e alla gestione efficiente delle stalle: vasche, abbeveratoi, mangiatoie e sistemi di riscaldamento pensati per durare nel tempo e semplificare il lavoro quotidiano degli allevatori. Dalla progettazione alla produzione, ogni nostro prodotto \u00e8 studiato nei minimi dettagli, testato con cura e costruito per rispondere alle esigenze reali del settore. La nostra forza \u00e8 unire artigianalit\u00e0, tecnologia e competenza tecnica per trasformare ogni progetto in una soluzione concreta e funzionale. Oggi FDA SRL \u00e8 un punto di riferimento per privati e rivenditori che cercano qualit\u00e0, affidabilit\u00e0 e innovazione nelle attrezzature per l\u2019allevamento.","email":"info@fdasrl.it","telephone":"+390522826820","legalName":"F.D.A. SRL","foundingDate":"2024-10-13","vatID":"03075840359","taxID":"03075840359","numberOfEmployees":{"@type":"QuantitativeValue","minValue":"1","maxValue":"10"}}]},"product_price_currency":"EUR","og_availability":"instock","product_availability":"instock","product_retailer_item_id":"FDA-000028","product_condition":"new"},"_links":{"self":[{"href":"https:\/\/fdasrl.it\/fr\/wp-json\/wp\/v2\/product\/5552","targetHints":{"allow":["GET"]}}],"collection":[{"href":"https:\/\/fdasrl.it\/fr\/wp-json\/wp\/v2\/product"}],"about":[{"href":"https:\/\/fdasrl.it\/fr\/wp-json\/wp\/v2\/types\/product"}],"replies":[{"embeddable":true,"href":"https:\/\/fdasrl.it\/fr\/wp-json\/wp\/v2\/comments?post=5552"}],"wp:featuredmedia":[{"embeddable":true,"href":"https:\/\/fdasrl.it\/fr\/wp-json\/wp\/v2\/media\/1311"}],"wp:attachment":[{"href":"https:\/\/fdasrl.it\/fr\/wp-json\/wp\/v2\/media?parent=5552"}],"wp:term":[{"taxonomy":"product_brand","embeddable":true,"href":"https:\/\/fdasrl.it\/fr\/wp-json\/wp\/v2\/product_brand?post=5552"},{"taxonomy":"product_cat","embeddable":true,"href":"https:\/\/fdasrl.it\/fr\/wp-json\/wp\/v2\/product_cat?post=5552"},{"taxonomy":"product_tag","embeddable":true,"href":"https:\/\/fdasrl.it\/fr\/wp-json\/wp\/v2\/product_tag?post=5552"}],"curies":[{"name":"wp","href":"https:\/\/api.w.org\/{rel}","templated":true}]}}