{"id":5664,"date":"2025-01-15T11:55:27","date_gmt":"2025-01-15T10:55:27","guid":{"rendered":"https:\/\/fdasrl.it\/prodotto\/art-fda-000007tp-abreuvoir-1-2-humidificateur-a-bouton-poussoir-en-laiton\/"},"modified":"2025-01-15T11:55:27","modified_gmt":"2025-01-15T10:55:27","slug":"art-fda-000007tp-abreuvoir-1-2-humidificateur-a-bouton-poussoir-en-laiton","status":"publish","type":"product","link":"https:\/\/fdasrl.it\/fr\/prodotto\/art-fda-000007tp-abreuvoir-1-2-humidificateur-a-bouton-poussoir-en-laiton\/","title":{"rendered":"Art. FDA-000007TP &#8211; Abreuvoir 1\/2&Prime; humidificateur \u00e0 bouton-poussoir en laiton"},"content":{"rendered":"<h2 data-section-id=\"1ynp7ed\" data-start=\"160\" data-end=\"298\"><span role=\"text\"><strong data-start=\"163\" data-end=\"298\">Art. FDA-000007TP &#8211; Abreuvoir automatique \u00e0 t\u00e9tine 1\/2&Prime; humidificateur \u00e0 bouton-poussoir en laiton pour mangeoires porcins (mange\/boit)<\/strong><\/span><\/h2>\n<h3 data-section-id=\"jbtoyn\" data-start=\"300\" data-end=\"334\"><span role=\"text\"><strong data-start=\"304\" data-end=\"332\">Description du produit<\/strong><\/span><\/h3>\n<p data-start=\"335\" data-end=\"582\">L&rsquo;abreuvoir automatique \u00e0 t\u00e9tine <strong data-start=\"374\" data-end=\"411\">FDA-000007TP \u00e0 bouton-poussoir en laiton<\/strong> est con\u00e7u pour une utilisation \u00e0 l&rsquo;int\u00e9rieur des mangeoires (syst\u00e8mes mange et boit), garantissant une distribution d&rsquo;eau constante directement pendant la prise d&rsquo;aliment.<\/p>\n<p data-start=\"584\" data-end=\"743\">Le syst\u00e8me \u00e0 <strong data-start=\"597\" data-end=\"609\">bouton-poussoir<\/strong> permet une activation pr\u00e9cise et contr\u00f4l\u00e9e par l&rsquo;animal, am\u00e9liorant la gestion de l&rsquo;eau \u00e0 l&rsquo;int\u00e9rieur de la mangeoire.<\/p>\n<p data-start=\"745\" data-end=\"914\">Cette solution permet d\u2019am\u00e9liorer l\u2019ingestion alimentaire, de favoriser l\u2019hydratation des animaux et de r\u00e9duire le gaspillage, tout en maintenant la zone d\u2019\u00e9levage plus propre.<\/p>\n<p data-start=\"916\" data-end=\"1067\">Fabriqu\u00e9 avec des mat\u00e9riaux robustes et r\u00e9sistants \u00e0 l\u2019usure, il est id\u00e9al pour les \u00e9levages porcins exigeant fiabilit\u00e9, durabilit\u00e9 et facilit\u00e9 de gestion.<\/p>\n<hr data-start=\"1069\" data-end=\"1072\">\n<h3 data-section-id=\"w1my6q\" data-start=\"1074\" data-end=\"1106\"><span role=\"text\"><strong data-start=\"1078\" data-end=\"1106\">Caract\u00e9ristiques techniques<\/strong><\/span><\/h3>\n<ul data-start=\"1107\" data-end=\"1290\">\n<li data-section-id=\"zhm7l1\" data-start=\"1107\" data-end=\"1126\">Corps en laiton<\/li>\n<li data-section-id=\"pi13n9\" data-start=\"1127\" data-end=\"1159\">Syst\u00e8me \u00e0 bouton-poussoir en laiton<\/li>\n<li data-section-id=\"fivce\" data-start=\"1160\" data-end=\"1182\">Raccord d\u2019eau 1\/2&Prime;<\/li>\n<li data-section-id=\"kp7h5u\" data-start=\"1183\" data-end=\"1213\">Longueur totale : 47,15 mm<\/li>\n<li data-section-id=\"jnopu1\" data-start=\"1214\" data-end=\"1236\">Axe \u00d8 17 x 10 mm<\/li>\n<li data-section-id=\"jjpnr2\" data-start=\"1237\" data-end=\"1254\">Hexagone 19 mm<\/li>\n<li data-section-id=\"jjpnr2\" data-start=\"1237\" data-end=\"1254\">Poids : 65,0 grammes<\/li>\n<li data-section-id=\"1mv8i4q\" data-start=\"1255\" data-end=\"1290\">Structure compacte et r\u00e9sistante<\/li>\n<\/ul>\n<hr data-start=\"1292\" data-end=\"1295\">\n<h3 data-section-id=\"9sy6zo\" data-start=\"1297\" data-end=\"1338\"><span role=\"text\"><strong data-start=\"1301\" data-end=\"1338\">Hauteurs et angle d\u2019installation<\/strong><\/span><\/h3>\n<p data-start=\"1339\" data-end=\"1397\"><a href=\"https:\/\/fdasrl.it\/wp-content\/uploads\/2025\/01\/Installation-Fda-Nipple-drinkers-1-2-for-feeders_compressed.pdf\">\ud83d\udc49 (CLIQUEZ ICI) pour le tableau complet d\u2019installation<\/a><\/p>\n<p data-start=\"1399\" data-end=\"1445\">Les hauteurs indiqu\u00e9es sont des directives g\u00e9n\u00e9rales.<\/p>\n<p data-start=\"1447\" data-end=\"1595\">L&rsquo;abreuvoir <strong data-start=\"1462\" data-end=\"1478\">FDA-000007TP<\/strong> est con\u00e7u pour \u00eatre install\u00e9 \u00e0 l&rsquo;int\u00e9rieur des mangeoires, de mani\u00e8re \u00e0 ce que le porc puisse l&rsquo;activer pendant qu&rsquo;il mange.<\/p>\n<p data-start=\"1597\" data-end=\"1775\">Pour l\u2019\u00e9levage des porcelets, il est conseill\u00e9 d\u2019utiliser deux hauteurs d\u2019installation ou des r\u00e9gulateurs de hauteur, afin d\u2019adapter la position \u00e0 la croissance des animaux.<\/p>\n<p data-start=\"1777\" data-end=\"1830\">L&rsquo;inclinaison peut \u00eatre r\u00e9gl\u00e9e entre <strong data-start=\"1816\" data-end=\"1829\">30\u00b0 et 45\u00b0<\/strong> :<\/p>\n<p data-start=\"1832\" data-end=\"1856\"><strong data-start=\"1832\" data-end=\"1854\">Porcelets (7\u201320 kg)<\/strong><\/p>\n<ul data-start=\"1857\" data-end=\"1982\">\n<li data-section-id=\"1c90bus\" data-start=\"1857\" data-end=\"1902\">Hauteur : 8 \u2013 12 cm au-dessus du fond de la mangeoire<\/li>\n<li data-section-id=\"1ka8lgn\" data-start=\"1903\" data-end=\"1924\">Angle : 30\u00b0 \u2013 45\u00b0<\/li>\n<li data-section-id=\"8r4lzv\" data-start=\"1925\" data-end=\"1953\">Pression : 0,5 \u2013 1,5 bar<\/li>\n<li data-section-id=\"1mu4dmw\" data-start=\"1954\" data-end=\"1982\">D\u00e9bit : 0,5 \u2013 0,8 L\/min<\/li>\n<\/ul>\n<p data-start=\"1984\" data-end=\"2023\"><strong data-start=\"1984\" data-end=\"2021\">Sevr\u00e9s \/ Porcs en post-sevrage (20\u201340 kg)<\/strong><\/p>\n<ul data-start=\"2024\" data-end=\"2123\">\n<li data-section-id=\"1qrpe7s\" data-start=\"2024\" data-end=\"2047\">Hauteur : 12 \u2013 18 cm<\/li>\n<li data-section-id=\"kc6vya\" data-start=\"2048\" data-end=\"2069\">Angle : 35\u00b0 \u2013 45\u00b0<\/li>\n<li data-section-id=\"1nv6ul5\" data-start=\"2070\" data-end=\"2094\">Pression : 1 \u2013 2 bar<\/li>\n<li data-section-id=\"1djnj7n\" data-start=\"2095\" data-end=\"2123\">D\u00e9bit : 0,7 \u2013 1,0 L\/min<\/li>\n<\/ul>\n<p data-start=\"2125\" data-end=\"2149\"><strong data-start=\"2125\" data-end=\"2147\">Porcs en croissance (40\u201380 kg)<\/strong><\/p>\n<ul data-start=\"2150\" data-end=\"2251\">\n<li data-section-id=\"dkchy4\" data-start=\"2150\" data-end=\"2173\">Hauteur : 18 \u2013 25 cm<\/li>\n<li data-section-id=\"11qh10g\" data-start=\"2174\" data-end=\"2195\">Angle : 40\u00b0 \u2013 45\u00b0<\/li>\n<li data-section-id=\"ewpqio\" data-start=\"2196\" data-end=\"2222\">Pression : 1 \u2013 2,5 bar<\/li>\n<li data-section-id=\"1tgj8um\" data-start=\"2223\" data-end=\"2251\">D\u00e9bit : 0,8 \u2013 1,2 L\/min<\/li>\n<\/ul>\n<p data-start=\"2253\" data-end=\"2280\"><strong data-start=\"2253\" data-end=\"2278\">Engraissement (80\u2013120+ kg)<\/strong><\/p>\n<ul data-start=\"2281\" data-end=\"2376\">\n<li data-section-id=\"1u4ywqb\" data-start=\"2281\" data-end=\"2304\">Hauteur : 25 \u2013 35 cm<\/li>\n<li data-section-id=\"o3souf\" data-start=\"2305\" data-end=\"2320\">Angle : 45\u00b0<\/li>\n<li data-section-id=\"10hiqf5\" data-start=\"2321\" data-end=\"2347\">Pression : 1,5 \u2013 3 bar<\/li>\n<li data-section-id=\"1667clc\" data-start=\"2348\" data-end=\"2376\">D\u00e9bit : 1,0 \u2013 1,5 L\/min<\/li>\n<\/ul>\n<p data-start=\"2378\" data-end=\"2533\">Une installation correcte permet de diriger le flux d\u2019eau directement dans l\u2019aliment, r\u00e9duisant le gaspillage et am\u00e9liorant l\u2019efficacit\u00e9 alimentaire.<\/p>\n<hr data-start=\"2535\" data-end=\"2538\">\n<h3 data-section-id=\"1gk5xbx\" data-start=\"2540\" data-end=\"2580\"><span role=\"text\"><strong data-start=\"2544\" data-end=\"2580\">Pression d\u2019eau recommand\u00e9e<\/strong><\/span><\/h3>\n<p data-start=\"2581\" data-end=\"2693\">Tous les abreuvoirs fonctionnent aussi bien \u00e0 basse qu\u2019\u00e0 haute pression, avec une valeur maximale de <strong data-start=\"2674\" data-end=\"2692\">4 bar (55 psi)<\/strong>.<\/p>\n<p data-start=\"2695\" data-end=\"2792\">Pour l\u2019\u00e9levage des porcelets, la pression de l\u2019eau ne devrait pas d\u00e9passer <strong data-start=\"2773\" data-end=\"2791\">2 bar (28 psi)<\/strong>.<\/p>\n<p data-start=\"2794\" data-end=\"2839\">En g\u00e9n\u00e9ral, des pressions plus basses favorisent :<\/p>\n<ul data-start=\"2840\" data-end=\"2989\">\n<li data-section-id=\"11e5cqa\" data-start=\"2840\" data-end=\"2860\">l\u2019\u00e9conomie d\u2019eau<\/li>\n<li data-section-id=\"d1z0hg\" data-start=\"2861\" data-end=\"2892\">usure r\u00e9duite des composants<\/li>\n<li data-section-id=\"sa36z7\" data-start=\"2893\" data-end=\"2927\">d\u00e9bit d&rsquo;eau plus contr\u00f4l\u00e9<\/li>\n<li data-section-id=\"1k8yo6e\" data-start=\"2928\" data-end=\"2961\">une plus grande facilit\u00e9 d\u2019utilisation<\/li>\n<li data-section-id=\"1hn09s\" data-start=\"2962\" data-end=\"2989\">la r\u00e9duction du gaspillage<\/li>\n<\/ul>\n<p data-start=\"2991\" data-end=\"3089\">\ud83d\udc49 L\u2019utilisation d\u2019un r\u00e9ducteur de pression est conseill\u00e9e en pr\u00e9sence de valeurs \u00e9lev\u00e9es ou variables.<\/p>\n<hr data-start=\"3091\" data-end=\"3094\">\n<h3 data-section-id=\"1kh8do1\" data-start=\"3096\" data-end=\"3119\"><span role=\"text\"><strong data-start=\"3100\" data-end=\"3119\">D\u00e9bit d\u2019eau<\/strong><\/span><\/h3>\n<p data-start=\"3120\" data-end=\"3166\"><a href=\"https:\/\/fdasrl.it\/wp-content\/uploads\/2026\/04\/grafico-fda-succhiotto-mangia-bevi-0000024TP.jpg\">\ud83d\udc49 (CLIQUEZ ICI) pour le tableau des d\u00e9bits<\/a><\/p>\n<p data-start=\"3168\" data-end=\"3283\">Le d\u00e9bit de l\u2019abreuvoir automatique \u00e0 t\u00e9tine 1\/2&Prime; varie en fonction de la pression pr\u00e9sente dans la ligne d\u2019eau.<\/p>\n<p data-start=\"3285\" data-end=\"3442\">Pour un fonctionnement optimal, un d\u00e9bit compris entre <strong data-start=\"3353\" data-end=\"3372\">0,7 et 1,5 L\/min<\/strong> est recommand\u00e9, afin d&rsquo;obtenir une humidification correcte de l&rsquo;aliment sans exc\u00e8s.<\/p>\n<p data-start=\"3444\" data-end=\"3565\">Le syst\u00e8me \u00e0 bouton-poussoir permet une distribution contr\u00f4l\u00e9e, s&rsquo;adaptant aux diff\u00e9rentes conditions de pression de l&rsquo;installation.<\/p>\n<p data-start=\"809\" data-end=\"865\">Le graphique met en \u00e9vidence trois niveaux de r\u00e9glage :<\/p>\n<ul data-start=\"867\" data-end=\"1090\">\n<li data-section-id=\"80vfqb\" data-start=\"867\" data-end=\"946\">\n<p data-start=\"869\" data-end=\"946\"><strong data-start=\"869\" data-end=\"905\">Niveau 1 (2\u20139 bar) \u2013 zone verte<\/strong><br data-start=\"905\" data-end=\"908\"\/>pour installations \u00e0 pression \u00e9lev\u00e9e<\/p>\n<\/li>\n<li data-section-id=\"1gr8l3v\" data-start=\"948\" data-end=\"1015\">\n<p data-start=\"950\" data-end=\"1015\"><strong data-start=\"950\" data-end=\"984\">Niveau 2 (1\u20132 bar) \u2013 zone bleue<\/strong><br data-start=\"984\" data-end=\"987\"\/>pour pressions interm\u00e9diaires<\/p>\n<\/li>\n<li data-section-id=\"sd5jiu\" data-start=\"1017\" data-end=\"1090\">\n<p data-start=\"1019\" data-end=\"1090\"><strong data-start=\"1019\" data-end=\"1056\">Niveau 3 (0\u20131 bar) \u2013 zone grise<\/strong><br data-start=\"1056\" data-end=\"1059\"\/>pour lignes \u00e0 basse pression<\/p>\n<\/li>\n<\/ul>\n<p data-start=\"1092\" data-end=\"1263\">Le graphique permet d\u2019identifier rapidement le niveau correct \u00e0 r\u00e9gler sur le capuchon pour obtenir un d\u00e9bit stable en fonction de la pression disponible.<\/p>\n<p data-start=\"1265\" data-end=\"1433\">Avec un r\u00e9glage correct, le d\u00e9bit se maintient autour de <strong data-start=\"1328\" data-end=\"1341\">1,0 L\/min<\/strong>, garantissant un flux constant, fiable et adapt\u00e9 aux diff\u00e9rentes conditions d\u2019\u00e9levage.<\/p>\n<p data-start=\"3173\" data-end=\"3300\">L\u2019emploi de r\u00e9ducteurs de pression permet une gestion centralis\u00e9e du d\u00e9bit, particuli\u00e8rement utile lors des p\u00e9riodes chaudes.<\/p>\n<hr data-start=\"3567\" data-end=\"3570\">\n<h3 data-section-id=\"1uqk9zm\" data-start=\"3572\" data-end=\"3605\"><span role=\"text\"><strong data-start=\"3576\" data-end=\"3605\">Contamination de l\u2019eau<\/strong><\/span><\/h3>\n<p data-start=\"3606\" data-end=\"3730\">La contamination de l\u2019eau ou des tuyauteries repr\u00e9sente l\u2019une des principales causes de dysfonctionnement des abreuvoirs.<\/p>\n<p data-start=\"3732\" data-end=\"3854\">La pr\u00e9sence d\u2019impuret\u00e9s ou de s\u00e9diments peut compromettre le bon fonctionnement du syst\u00e8me et r\u00e9duire sa dur\u00e9e de vie.<\/p>\n<p data-start=\"3856\" data-end=\"3990\">\ud83d\udc49 L\u2019installation d\u2019un filtre sur le r\u00e9seau d\u2019eau est conseill\u00e9e pour pr\u00e9venir ces inconv\u00e9nients et garantir des performances constantes.<\/p>\n","protected":false},"excerpt":{"rendered":"<p>Abreuvoir automatique \u00e0 t\u00e9tine 1\/2&Prime; pour porcins, avec syst\u00e8me \u00e0 bouton-poussoir en laiton, id\u00e9al pour mangeoires \u00ab\u00a0mange et boit\u00a0\u00bb. Garantit une distribution d&rsquo;eau contr\u00f4l\u00e9e, am\u00e9liorant la prise d&rsquo;aliment et r\u00e9duisant le gaspillage. <\/p>\n<p><a href=\"https:\/\/fdasrl.it\/wp-content\/uploads\/2025\/01\/Installation-Fda-Nipple-drinkers-1-2-for-feeders_compressed.pdf\">\ud83d\udc49 (CLIQUEZ ICI) pour le tableau complet d&rsquo;installation<\/a><\/p>\n<p><a href=\"https:\/\/fdasrl.it\/wp-content\/uploads\/2026\/04\/grafico-fda-succhiotto-mangia-bevi-0000024TP.jpg\">\ud83d\udc49 (CLIQUEZ ICI) pour le tableau des d\u00e9bits<\/a><\/p>\n","protected":false},"featured_media":1321,"comment_status":"open","ping_status":"closed","template":"","meta":{"_et_pb_use_builder":"","_et_pb_old_content":"","_et_gb_content_width":""},"product_brand":[],"product_cat":[754,1192,1191,662],"product_tag":[1299],"class_list":{"0":"post-5664","1":"product","2":"type-product","3":"status-publish","4":"has-post-thumbnail","6":"product_cat-abreuvoirs-3","7":"product_cat-abreuvoirs-a-tetine","8":"product_cat-laiton-acier-inoxydable","9":"product_cat-porcs","10":"product_tag-fda-000007tp","12":"first","13":"instock","14":"shipping-taxable","15":"product-type-simple"},"yoast_head":"<!-- This site is optimized with the Yoast SEO Premium plugin v27.5 (Yoast SEO v27.5) - https:\/\/yoast.com\/product\/yoast-seo-premium-wordpress\/ -->\n<title>Abreuvoir porcins 1\/2 \u00e0 bouton-poussoir en laiton pour \u00e9levages - FDA srl<\/title>\n<meta name=\"description\" content=\"D\u00e9couvrez l&#039;abreuvoir porcins 1\/2 \u00e0 bouton-poussoir en laiton, con\u00e7u pour une distribution d&#039;eau constante pendant le repas. Am\u00e9liorez l&#039;efficacit\u00e9 d\u00e8s aujourd&#039;hui !\" \/>\n<meta name=\"robots\" content=\"index, follow, max-snippet:-1, max-image-preview:large, max-video-preview:-1\" \/>\n<link rel=\"canonical\" href=\"https:\/\/fdasrl.it\/fr\/prodotto\/art-fda-000007tp-abreuvoir-1-2-humidificateur-a-bouton-poussoir-en-laiton\/\" \/>\n<meta property=\"og:locale\" content=\"fr_FR\" \/>\n<meta property=\"og:type\" content=\"article\" \/>\n<meta property=\"og:title\" content=\"Art. FDA-000007TP - Abreuvoir 1\/2&quot; humidificateur \u00e0 bouton-poussoir en laiton\" \/>\n<meta property=\"og:description\" content=\"D\u00e9couvrez l&#039;abreuvoir porcins 1\/2 \u00e0 bouton-poussoir en laiton, con\u00e7u pour une distribution d&#039;eau constante pendant le repas. Am\u00e9liorez l&#039;efficacit\u00e9 d\u00e8s aujourd&#039;hui !\" \/>\n<meta property=\"og:url\" content=\"https:\/\/fdasrl.it\/fr\/prodotto\/art-fda-000007tp-abreuvoir-1-2-humidificateur-a-bouton-poussoir-en-laiton\/\" \/>\n<meta property=\"og:site_name\" content=\"FDA srl\" \/>\n<meta property=\"article:publisher\" content=\"https:\/\/www.facebook.com\/share\/1MWhFWg1Tp\/?mibextid=LQQJ4d\" \/>\n<meta property=\"og:image\" content=\"https:\/\/fdasrl.it\/wp-content\/uploads\/2025\/01\/abbeveratoio-succhiotto-suini-1-2-maschio-ottone-mangia-bevi-umidificatore-fda-00007TP-1.png\" \/>\n\t<meta property=\"og:image:width\" content=\"621\" \/>\n\t<meta property=\"og:image:height\" content=\"577\" \/>\n\t<meta property=\"og:image:type\" content=\"image\/png\" \/>\n<meta name=\"twitter:card\" content=\"summary_large_image\" \/>\n<meta name=\"twitter:label1\" content=\"Prix\" \/>\n\t<meta name=\"twitter:data1\" content=\"\" \/>\n\t<meta name=\"twitter:label2\" content=\"Disponibilit\u00e9\" \/>\n\t<meta name=\"twitter:data2\" content=\"En stock\" \/>\n<meta property=\"product:price:currency\" content=\"EUR\" \/>\n<meta property=\"og:availability\" content=\"instock\" \/>\n<meta property=\"product:availability\" content=\"instock\" \/>\n<meta property=\"product:retailer_item_id\" content=\"FDA-000007TP\" \/>\n<meta property=\"product:condition\" content=\"new\" \/>\n<!-- \/ Yoast SEO Premium plugin. -->","yoast_head_json":{"title":"Abreuvoir porcins 1\/2 \u00e0 bouton-poussoir en laiton pour \u00e9levages - FDA srl","description":"D\u00e9couvrez l'abreuvoir porcins 1\/2 \u00e0 bouton-poussoir en laiton, con\u00e7u pour une distribution d'eau constante pendant le repas. Am\u00e9liorez l'efficacit\u00e9 d\u00e8s aujourd'hui !","robots":{"index":"index","follow":"follow","max-snippet":"max-snippet:-1","max-image-preview":"max-image-preview:large","max-video-preview":"max-video-preview:-1"},"canonical":"https:\/\/fdasrl.it\/fr\/prodotto\/art-fda-000007tp-abreuvoir-1-2-humidificateur-a-bouton-poussoir-en-laiton\/","og_locale":"fr_FR","og_type":"article","og_title":"Art. FDA-000007TP - Abreuvoir 1\/2\" humidificateur \u00e0 bouton-poussoir en laiton","og_description":"D\u00e9couvrez l'abreuvoir porcins 1\/2 \u00e0 bouton-poussoir en laiton, con\u00e7u pour une distribution d'eau constante pendant le repas. Am\u00e9liorez l'efficacit\u00e9 d\u00e8s aujourd'hui !","og_url":"https:\/\/fdasrl.it\/fr\/prodotto\/art-fda-000007tp-abreuvoir-1-2-humidificateur-a-bouton-poussoir-en-laiton\/","og_site_name":"FDA srl","article_publisher":"https:\/\/www.facebook.com\/share\/1MWhFWg1Tp\/?mibextid=LQQJ4d","og_image":[{"width":621,"height":577,"url":"https:\/\/fdasrl.it\/wp-content\/uploads\/2025\/01\/abbeveratoio-succhiotto-suini-1-2-maschio-ottone-mangia-bevi-umidificatore-fda-00007TP-1.png","type":"image\/png"}],"twitter_card":"summary_large_image","twitter_misc":{"Prix":"","Disponibilit\u00e9":"En stock"},"schema":{"@context":"https:\/\/schema.org","@graph":[{"@type":"WebPage","@id":"https:\/\/fdasrl.it\/fr\/prodotto\/art-fda-000007tp-abreuvoir-1-2-humidificateur-a-bouton-poussoir-en-laiton\/","url":"https:\/\/fdasrl.it\/fr\/prodotto\/art-fda-000007tp-abreuvoir-1-2-humidificateur-a-bouton-poussoir-en-laiton\/","name":"Abreuvoir porcins 1\/2 \u00e0 bouton-poussoir en laiton pour \u00e9levages - FDA srl","isPartOf":{"@id":"https:\/\/fdasrl.it\/fr\/#website"},"primaryImageOfPage":{"@id":"https:\/\/fdasrl.it\/fr\/prodotto\/art-fda-000007tp-abreuvoir-1-2-humidificateur-a-bouton-poussoir-en-laiton\/#primaryimage"},"image":{"@id":"https:\/\/fdasrl.it\/fr\/prodotto\/art-fda-000007tp-abreuvoir-1-2-humidificateur-a-bouton-poussoir-en-laiton\/#primaryimage"},"thumbnailUrl":"https:\/\/fdasrl.it\/wp-content\/uploads\/2025\/01\/abbeveratoio-succhiotto-suini-1-2-maschio-ottone-mangia-bevi-umidificatore-fda-00007TP-1.png","datePublished":"2025-01-15T10:55:27+00:00","description":"D\u00e9couvrez l'abreuvoir porcins 1\/2 \u00e0 bouton-poussoir en laiton, con\u00e7u pour une distribution d'eau constante pendant le repas. Am\u00e9liorez l'efficacit\u00e9 d\u00e8s aujourd'hui !","breadcrumb":{"@id":"https:\/\/fdasrl.it\/fr\/prodotto\/art-fda-000007tp-abreuvoir-1-2-humidificateur-a-bouton-poussoir-en-laiton\/#breadcrumb"},"inLanguage":"fr-FR","potentialAction":[{"@type":"ReadAction","target":["https:\/\/fdasrl.it\/fr\/prodotto\/art-fda-000007tp-abreuvoir-1-2-humidificateur-a-bouton-poussoir-en-laiton\/"]}]},{"@type":"ImageObject","inLanguage":"fr-FR","@id":"https:\/\/fdasrl.it\/fr\/prodotto\/art-fda-000007tp-abreuvoir-1-2-humidificateur-a-bouton-poussoir-en-laiton\/#primaryimage","url":"https:\/\/fdasrl.it\/wp-content\/uploads\/2025\/01\/abbeveratoio-succhiotto-suini-1-2-maschio-ottone-mangia-bevi-umidificatore-fda-00007TP-1.png","contentUrl":"https:\/\/fdasrl.it\/wp-content\/uploads\/2025\/01\/abbeveratoio-succhiotto-suini-1-2-maschio-ottone-mangia-bevi-umidificatore-fda-00007TP-1.png","width":621,"height":577,"caption":"Abreuvoir t\u00e9tine \u00e0 bouton-poussoir pour porcins 1\/2\" m\u00e2le laiton mange boit humidificateur fda 00007TP"},{"@type":"BreadcrumbList","@id":"https:\/\/fdasrl.it\/fr\/prodotto\/art-fda-000007tp-abreuvoir-1-2-humidificateur-a-bouton-poussoir-en-laiton\/#breadcrumb","itemListElement":[{"@type":"ListItem","position":1,"name":"Home","item":"https:\/\/fdasrl.it\/fr\/accueil\/"},{"@type":"ListItem","position":2,"name":"Boutique","item":"https:\/\/fdasrl.it\/fr\/boutique\/"},{"@type":"ListItem","position":3,"name":"Art. FDA-000007TP &#8211; Abreuvoir 1\/2&#8243; humidificateur \u00e0 bouton-poussoir en laiton"}]},{"@type":"WebSite","@id":"https:\/\/fdasrl.it\/fr\/#website","url":"https:\/\/fdasrl.it\/fr\/","name":"FDA srl","description":"Equipment for animal husbandry","publisher":{"@id":"https:\/\/fdasrl.it\/fr\/#organization"},"potentialAction":[{"@type":"SearchAction","target":{"@type":"EntryPoint","urlTemplate":"https:\/\/fdasrl.it\/fr\/?s={search_term_string}"},"query-input":{"@type":"PropertyValueSpecification","valueRequired":true,"valueName":"search_term_string"}}],"inLanguage":"fr-FR"},{"@type":"Organization","@id":"https:\/\/fdasrl.it\/fr\/#organization","name":"FDA srl","url":"https:\/\/fdasrl.it\/fr\/","logo":{"@type":"ImageObject","inLanguage":"fr-FR","@id":"https:\/\/fdasrl.it\/fr\/#\/schema\/logo\/image\/","url":"https:\/\/fdasrl.it\/wp-content\/uploads\/2024\/12\/Logo-FDA.png","contentUrl":"https:\/\/fdasrl.it\/wp-content\/uploads\/2024\/12\/Logo-FDA.png","width":316,"height":119,"caption":"FDA srl"},"image":{"@id":"https:\/\/fdasrl.it\/fr\/#\/schema\/logo\/image\/"},"sameAs":["https:\/\/www.facebook.com\/share\/1MWhFWg1Tp\/?mibextid=LQQJ4d","https:\/\/www.instagram.com\/fda_srl\/profilecard\/?igsh=YW5lbzJ6MWg0d21u","https:\/\/www.youtube.com\/@FDASRL_ANIMALCARE"],"description":"FDA SRL \u2013 Equipment for animal husbandry nasce con l\u2019obiettivo di offrire soluzioni affidabili e innovative per l\u2019allevamento moderno. Con anni di esperienza nel settore zootecnico, progettiamo e realizziamo attrezzature destinate al benessere animale e alla gestione efficiente delle stalle: vasche, abbeveratoi, mangiatoie e sistemi di riscaldamento pensati per durare nel tempo e semplificare il lavoro quotidiano degli allevatori. Dalla progettazione alla produzione, ogni nostro prodotto \u00e8 studiato nei minimi dettagli, testato con cura e costruito per rispondere alle esigenze reali del settore. La nostra forza \u00e8 unire artigianalit\u00e0, tecnologia e competenza tecnica per trasformare ogni progetto in una soluzione concreta e funzionale. Oggi FDA SRL \u00e8 un punto di riferimento per privati e rivenditori che cercano qualit\u00e0, affidabilit\u00e0 e innovazione nelle attrezzature per l\u2019allevamento.","email":"info@fdasrl.it","telephone":"+390522826820","legalName":"F.D.A. SRL","foundingDate":"2024-10-13","vatID":"03075840359","taxID":"03075840359","numberOfEmployees":{"@type":"QuantitativeValue","minValue":"1","maxValue":"10"}}]},"product_price_currency":"EUR","og_availability":"instock","product_availability":"instock","product_retailer_item_id":"FDA-000007TP","product_condition":"new"},"_links":{"self":[{"href":"https:\/\/fdasrl.it\/fr\/wp-json\/wp\/v2\/product\/5664","targetHints":{"allow":["GET"]}}],"collection":[{"href":"https:\/\/fdasrl.it\/fr\/wp-json\/wp\/v2\/product"}],"about":[{"href":"https:\/\/fdasrl.it\/fr\/wp-json\/wp\/v2\/types\/product"}],"replies":[{"embeddable":true,"href":"https:\/\/fdasrl.it\/fr\/wp-json\/wp\/v2\/comments?post=5664"}],"wp:featuredmedia":[{"embeddable":true,"href":"https:\/\/fdasrl.it\/fr\/wp-json\/wp\/v2\/media\/1321"}],"wp:attachment":[{"href":"https:\/\/fdasrl.it\/fr\/wp-json\/wp\/v2\/media?parent=5664"}],"wp:term":[{"taxonomy":"product_brand","embeddable":true,"href":"https:\/\/fdasrl.it\/fr\/wp-json\/wp\/v2\/product_brand?post=5664"},{"taxonomy":"product_cat","embeddable":true,"href":"https:\/\/fdasrl.it\/fr\/wp-json\/wp\/v2\/product_cat?post=5664"},{"taxonomy":"product_tag","embeddable":true,"href":"https:\/\/fdasrl.it\/fr\/wp-json\/wp\/v2\/product_tag?post=5664"}],"curies":[{"name":"wp","href":"https:\/\/api.w.org\/{rel}","templated":true}]}}