{"id":5804,"date":"2025-01-15T11:44:37","date_gmt":"2025-01-15T10:44:37","guid":{"rendered":"https:\/\/fdasrl.it\/prodotto\/ref-fda-000005-abreuvoir-a-tetine-1-2-pour-bacs-antigaspillage-manger-boire\/"},"modified":"2025-01-15T11:44:37","modified_gmt":"2025-01-15T10:44:37","slug":"ref-fda-000005-abreuvoir-a-tetine-1-2-pour-bacs-antigaspillage-manger-boire","status":"publish","type":"product","link":"https:\/\/fdasrl.it\/fr\/prodotto\/ref-fda-000005-abreuvoir-a-tetine-1-2-pour-bacs-antigaspillage-manger-boire\/","title":{"rendered":"R\u00e9f. FDA-000005 &#8211; Abreuvoir \u00e0 t\u00e9tine 1\/2\u201d pour bacs antigaspillage manger\/boire"},"content":{"rendered":"<h2>Abreuvoir automatique \u00e0 t\u00e9tine 1\/2&Prime; pour bacs antigaspillage manger\/boire \u2013 Mod\u00e8le FDA-000005<\/h2>\n<h3>Description du produit<\/h3>\n<p data-start=\"722\" data-end=\"862\">L\u2019abreuvoir \u00e0 t\u00e9tine pour bacs antigaspillage FDA-000005 avec raccord filet\u00e9 <strong data-start=\"740\" data-end=\"789\">1\/2\u201d pour mangeoires \u00ab manger et boire \u00bb pour porcins<\/strong> est con\u00e7u pour les syst\u00e8mes d\u2019alimentation combin\u00e9e en milieu zootechnique.<\/p>\n<p data-start=\"864\" data-end=\"1088\">Le <strong data-start=\"867\" data-end=\"899\">corps et le filetage en laiton<\/strong> garantissent une haute r\u00e9sistance \u00e0 la corrosion, une fiabilit\u00e9 durable et une \u00e9tanch\u00e9it\u00e9 hydraulique optimale.<br data-start=\"1004\" data-end=\"1007\"\/>L\u2019<strong data-start=\"1009\" data-end=\"1029\">hexagone de 25 mm<\/strong> permet un vissage stable et s\u00fbr sur la mangeoire.<\/p>\n<p data-start=\"1090\" data-end=\"1447\">Le <strong data-start=\"1093\" data-end=\"1126\">bouton d\u2019activation \u00d8 24 mm<\/strong>, r\u00e9alis\u00e9 en <strong data-start=\"1142\" data-end=\"1158\">acier inoxydable<\/strong>, est sp\u00e9cialement con\u00e7u pour \u00eatre actionn\u00e9 par le porc lors du passage naturel de sa t\u00eate dans la mangeoire. Le mouvement du bouton provoque une <strong data-start=\"1311\" data-end=\"1355\">distribution d\u2019eau l\u00e9g\u00e8re et contr\u00f4l\u00e9e<\/strong>, qui humidifie l\u2019aliment en am\u00e9liorant son app\u00e9tence et en favorisant l\u2019ingestion. <\/p>\n<hr>\n<h3>Caract\u00e9ristiques techniques<\/h3>\n<ul>\n<li>Filetage en laiton<\/li>\n<li>Bouton en acier inoxydable<\/li>\n<li>Raccord d\u2019eau 1\/2&Prime;<\/li>\n<li>Longueur totale : 49,0 mm<\/li>\n<li>Bouton \u00d8 24 mm<\/li>\n<li>Poids : 161 g<\/li>\n<li>Hexagone 25 mm<\/li>\n<li>Filtre interne en maille inox avec bague de maintien ou filtre r\u00e9glable en plastique (voir mod\u00e8le FDA-000005TP)<\/li>\n<li>Version alternative : <strong data-start=\"2509\" data-end=\"2537\">Tout inox \u2013 FDA-000015E<\/strong><\/li>\n<\/ul>\n<hr>\n<h3>Hauteurs et angle d\u2019installation<\/h3>\n<p><a href=\"https:\/\/fdasrl.it\/wp-content\/uploads\/2025\/12\/Installation-Fda-Nipple-drinkers-1-2_compressed.pdf\">\ud83d\udc49 <\/a><em>(<a href=\"https:\/\/fdasrl.it\/wp-content\/uploads\/2025\/01\/Installation-of-1-2-nipple-drinker-for-anti-waste-eatdrink-trays.pdf\">CLIQUEZ ICI) pour le tableau complet d\u2019installation<\/a><\/em><\/p>\n<p>Les hauteurs indiqu\u00e9es sont des directives g\u00e9n\u00e9rales.<br \/>\nIl est conseill\u00e9 d\u2019utiliser troi<strong>s hauteurs d\u2019installation<\/strong> ou des <strong>r\u00e9gulateurs de hauteur<\/strong>, afin d\u2019adapter la position de l\u2019abreuvoir ou de la mangeoire \u00e0 la phase de croissance de l\u2019animal.<\/p>\n<p>L\u2019abreuvoir FDA-000005 peut \u00eatre install\u00e9 avec une inclinaison comprise entre <strong>15\u00b0 et 45\u00b0<\/strong> :<\/p>\n<ul>\n<li><strong>15\u00b0 \u2192<\/strong> utiliser la hauteur la plus basse<\/li>\n<li><strong>45\u00b0 \u2192<\/strong> utiliser la hauteur la plus haute<\/li>\n<\/ul>\n<p>Ce r\u00e9glage garantit une posture correcte des animaux et r\u00e9duit le gaspillage d\u2019eau.<\/p>\n<hr>\n<h3>Pression d\u2019eau recommand\u00e9e<\/h3>\n<p>La pression maximale de l\u2019eau ne doit pas d\u00e9passer <strong>4 bar (55 psi)<\/strong> pour assurer le bon fonctionnement de l\u2019installation.<\/p>\n<p>Pour les porcelets et les porcelets sevr\u00e9s, la pression ne devrait pas d\u00e9passer <strong>2 bar (28 psi)<\/strong>.<\/p>\n<p>Des pressions plus basses favorisent :<\/p>\n<ul>\n<li>l\u2019\u00e9conomie d\u2019eau<\/li>\n<li>une plus longue dur\u00e9e de vie des joints et du ressort<\/li>\n<li>la r\u00e9gularit\u00e9 du flux<\/li>\n<li>la facilit\u00e9 d\u2019utilisation<\/li>\n<li>la r\u00e9duction du gaspillage<\/li>\n<\/ul>\n<p>\ud83d\udc49 <em>L\u2019utilisation d\u2019un r\u00e9ducteur de pression est conseill\u00e9e si la ligne d\u2019eau pr\u00e9sente des valeurs \u00e9lev\u00e9es ou instables.<\/em><\/p>\n<hr>\n<h3>D\u00e9bit d\u2019eau<\/h3>\n<p><a href=\"https:\/\/fdasrl.it\/wp-content\/uploads\/2025\/01\/grafico-fda-succhiotto-mangia-bevi-000005.webp\">\ud83d\udc49 <em>(CLIQUEZ ICI) pour le tableau des d\u00e9bits<\/em><\/a><\/p>\n<p>Le d\u00e9bit r\u00e9el varie selon la pression disponible dans l\u2019\u00e9table.<br \/>\nPour un fonctionnement optimal du syst\u00e8me, <strong data-start=\"1492\" data-end=\"1562\">un d\u00e9bit d\u2019eau compris entre 0,6 et 1 litre\/minute est recommand\u00e9<\/strong>, afin d\u2019obtenir une humidification correcte de l\u2019aliment tout en r\u00e9duisant le gaspillage d\u2019eau et en maintenant la zone d\u2019alimentation plus propre.<\/p>\n<p>Pour augmenter le d\u00e9bit, des vannes optionnelles sont disponibles avec les diam\u00e8tres suivants :<\/p>\n<ul>\n<li>\u00d8 3 mm<\/li>\n<li>\u00d8 3,5 mm<\/li>\n<li>\u00d8 4 mm<\/li>\n<\/ul>\n<p>L\u2019emploi de <strong>r\u00e9ducteurs de pression<\/strong> permet une gestion centralis\u00e9e du syst\u00e8me, particuli\u00e8rement utile durant les mois d\u2019\u00e9t\u00e9 lorsqu\u2019il peut \u00eatre n\u00e9cessaire d\u2019augmenter le d\u00e9bit.<\/p>\n","protected":false},"excerpt":{"rendered":"<p>Raccord filet\u00e9 1\/2\u201d pour mangeoires manger et boire pour porcins, avec corps en laiton et bouton en acier inoxydable. Activation automatique au passage de la t\u00eate du porc pour une humidification contr\u00f4l\u00e9e de l\u2019aliment. D\u00e9bit conseill\u00e9 0,6\u20131 L\/min. \u00c9galement disponible en version tout inox.  <\/p>\n<p><a href=\"https:\/\/fdasrl.it\/wp-content\/uploads\/2025\/01\/Installation-of-1-2-nipple-drinker-for-anti-waste-eatdrink-trays.pdf\" target=\"_blank\" rel=\"noopener\">\ud83d\udc49 <strong data-start=\"1158\" data-end=\"1174\">(CLIQUEZ ICI)<\/strong> pour le tableau d\u2019installation complet<\/a><\/p>\n<p><a href=\"https:\/\/fdasrl.it\/wp-content\/uploads\/2025\/01\/grafico-fda-succhiotto-mangia-bevi-000005.webp\">\ud83d\udc49 <strong data-start=\"1158\" data-end=\"1174\">(CLIQUEZ ICI)<\/strong> pour le tableau des d\u00e9bits<\/a><\/p>\n<p><a href=\"https:\/\/fdasrl.it\/wp-content\/uploads\/2025\/01\/FDA000005_compressed.pdf\">\ud83d\udc49 <strong data-start=\"1158\" data-end=\"1174\">(CLIQUEZ ICI)<\/strong> pour le dessin technique<\/a><\/p>\n","protected":false},"featured_media":1075,"comment_status":"open","ping_status":"closed","template":"","meta":{"_et_pb_use_builder":"","_et_pb_old_content":"","_et_gb_content_width":""},"product_brand":[],"product_cat":[754,1192,1191,662],"product_tag":[1321],"class_list":{"0":"post-5804","1":"product","2":"type-product","3":"status-publish","4":"has-post-thumbnail","6":"product_cat-abreuvoirs-3","7":"product_cat-abreuvoirs-a-tetine","8":"product_cat-laiton-acier-inoxydable","9":"product_cat-porcs","10":"product_tag-fda-000005","12":"first","13":"instock","14":"shipping-taxable","15":"product-type-simple"},"yoast_head":"<!-- This site is optimized with the Yoast SEO Premium plugin v27.5 (Yoast SEO v27.5) - https:\/\/yoast.com\/product\/yoast-seo-premium-wordpress\/ -->\n<title>Abreuvoir \u00e0 t\u00e9tine pour bacs manger\/boire FDA-000005<\/title>\n<meta name=\"description\" content=\"D\u00e9couvrez l\u2019abreuvoir \u00e0 t\u00e9tine pour bacs manger\/boire FDA-000005, id\u00e9al pour les porcins. Il garantit r\u00e9sistance et fiabilit\u00e9 dans le temps !\" \/>\n<meta name=\"robots\" content=\"index, follow, max-snippet:-1, max-image-preview:large, max-video-preview:-1\" \/>\n<link rel=\"canonical\" href=\"https:\/\/fdasrl.it\/fr\/prodotto\/ref-fda-000005-abreuvoir-a-tetine-1-2-pour-bacs-antigaspillage-manger-boire\/\" \/>\n<meta property=\"og:locale\" content=\"fr_FR\" \/>\n<meta property=\"og:type\" content=\"article\" \/>\n<meta property=\"og:title\" content=\"R\u00e9f. FDA-000005 - Abreuvoir \u00e0 t\u00e9tine 1\/2\u201d pour bacs antigaspillage manger\/boire\" \/>\n<meta property=\"og:description\" content=\"D\u00e9couvrez l\u2019abreuvoir \u00e0 t\u00e9tine pour bacs manger\/boire FDA-000005, id\u00e9al pour les porcins. Il garantit r\u00e9sistance et fiabilit\u00e9 dans le temps !\" \/>\n<meta property=\"og:url\" content=\"https:\/\/fdasrl.it\/fr\/prodotto\/ref-fda-000005-abreuvoir-a-tetine-1-2-pour-bacs-antigaspillage-manger-boire\/\" \/>\n<meta property=\"og:site_name\" content=\"FDA srl\" \/>\n<meta property=\"article:publisher\" content=\"https:\/\/www.facebook.com\/share\/1MWhFWg1Tp\/?mibextid=LQQJ4d\" \/>\n<meta property=\"og:image\" content=\"https:\/\/fdasrl.it\/wp-content\/uploads\/2025\/01\/abbeveratoio-succhiotto-1-2-vaschetta-antispreco-mangia-bevi.webp\" \/>\n\t<meta property=\"og:image:width\" content=\"1200\" \/>\n\t<meta property=\"og:image:height\" content=\"1200\" \/>\n\t<meta property=\"og:image:type\" content=\"image\/webp\" \/>\n<meta name=\"twitter:card\" content=\"summary_large_image\" \/>\n<meta name=\"twitter:label1\" content=\"Prix\" \/>\n\t<meta name=\"twitter:data1\" content=\"\" \/>\n\t<meta name=\"twitter:label2\" content=\"Disponibilit\u00e9\" \/>\n\t<meta name=\"twitter:data2\" content=\"En stock\" \/>\n<meta property=\"product:price:currency\" content=\"EUR\" \/>\n<meta property=\"og:availability\" content=\"instock\" \/>\n<meta property=\"product:availability\" content=\"instock\" \/>\n<meta property=\"product:retailer_item_id\" content=\"FDA-000005\" \/>\n<meta property=\"product:condition\" content=\"new\" \/>\n<!-- \/ Yoast SEO Premium plugin. -->","yoast_head_json":{"title":"Abreuvoir \u00e0 t\u00e9tine pour bacs manger\/boire FDA-000005","description":"D\u00e9couvrez l\u2019abreuvoir \u00e0 t\u00e9tine pour bacs manger\/boire FDA-000005, id\u00e9al pour les porcins. Il garantit r\u00e9sistance et fiabilit\u00e9 dans le temps !","robots":{"index":"index","follow":"follow","max-snippet":"max-snippet:-1","max-image-preview":"max-image-preview:large","max-video-preview":"max-video-preview:-1"},"canonical":"https:\/\/fdasrl.it\/fr\/prodotto\/ref-fda-000005-abreuvoir-a-tetine-1-2-pour-bacs-antigaspillage-manger-boire\/","og_locale":"fr_FR","og_type":"article","og_title":"R\u00e9f. FDA-000005 - Abreuvoir \u00e0 t\u00e9tine 1\/2\u201d pour bacs antigaspillage manger\/boire","og_description":"D\u00e9couvrez l\u2019abreuvoir \u00e0 t\u00e9tine pour bacs manger\/boire FDA-000005, id\u00e9al pour les porcins. Il garantit r\u00e9sistance et fiabilit\u00e9 dans le temps !","og_url":"https:\/\/fdasrl.it\/fr\/prodotto\/ref-fda-000005-abreuvoir-a-tetine-1-2-pour-bacs-antigaspillage-manger-boire\/","og_site_name":"FDA srl","article_publisher":"https:\/\/www.facebook.com\/share\/1MWhFWg1Tp\/?mibextid=LQQJ4d","og_image":[{"width":1200,"height":1200,"url":"https:\/\/fdasrl.it\/wp-content\/uploads\/2025\/01\/abbeveratoio-succhiotto-1-2-vaschetta-antispreco-mangia-bevi.webp","type":"image\/webp"}],"twitter_card":"summary_large_image","twitter_misc":{"Prix":"","Disponibilit\u00e9":"En stock"},"schema":{"@context":"https:\/\/schema.org","@graph":[{"@type":"WebPage","@id":"https:\/\/fdasrl.it\/fr\/prodotto\/ref-fda-000005-abreuvoir-a-tetine-1-2-pour-bacs-antigaspillage-manger-boire\/","url":"https:\/\/fdasrl.it\/fr\/prodotto\/ref-fda-000005-abreuvoir-a-tetine-1-2-pour-bacs-antigaspillage-manger-boire\/","name":"Abreuvoir \u00e0 t\u00e9tine pour bacs manger\/boire FDA-000005","isPartOf":{"@id":"https:\/\/fdasrl.it\/fr\/#website"},"primaryImageOfPage":{"@id":"https:\/\/fdasrl.it\/fr\/prodotto\/ref-fda-000005-abreuvoir-a-tetine-1-2-pour-bacs-antigaspillage-manger-boire\/#primaryimage"},"image":{"@id":"https:\/\/fdasrl.it\/fr\/prodotto\/ref-fda-000005-abreuvoir-a-tetine-1-2-pour-bacs-antigaspillage-manger-boire\/#primaryimage"},"thumbnailUrl":"https:\/\/fdasrl.it\/wp-content\/uploads\/2025\/01\/abbeveratoio-succhiotto-1-2-vaschetta-antispreco-mangia-bevi.webp","datePublished":"2025-01-15T10:44:37+00:00","description":"D\u00e9couvrez l\u2019abreuvoir \u00e0 t\u00e9tine pour bacs manger\/boire FDA-000005, id\u00e9al pour les porcins. Il garantit r\u00e9sistance et fiabilit\u00e9 dans le temps !","breadcrumb":{"@id":"https:\/\/fdasrl.it\/fr\/prodotto\/ref-fda-000005-abreuvoir-a-tetine-1-2-pour-bacs-antigaspillage-manger-boire\/#breadcrumb"},"inLanguage":"fr-FR","potentialAction":[{"@type":"ReadAction","target":["https:\/\/fdasrl.it\/fr\/prodotto\/ref-fda-000005-abreuvoir-a-tetine-1-2-pour-bacs-antigaspillage-manger-boire\/"]}]},{"@type":"ImageObject","inLanguage":"fr-FR","@id":"https:\/\/fdasrl.it\/fr\/prodotto\/ref-fda-000005-abreuvoir-a-tetine-1-2-pour-bacs-antigaspillage-manger-boire\/#primaryimage","url":"https:\/\/fdasrl.it\/wp-content\/uploads\/2025\/01\/abbeveratoio-succhiotto-1-2-vaschetta-antispreco-mangia-bevi.webp","contentUrl":"https:\/\/fdasrl.it\/wp-content\/uploads\/2025\/01\/abbeveratoio-succhiotto-1-2-vaschetta-antispreco-mangia-bevi.webp","width":1200,"height":1200,"caption":"Abreuvoir \u00e0 t\u00e9tine 1\/2\u201d pour bacs antigaspillage manger\/boire"},{"@type":"BreadcrumbList","@id":"https:\/\/fdasrl.it\/fr\/prodotto\/ref-fda-000005-abreuvoir-a-tetine-1-2-pour-bacs-antigaspillage-manger-boire\/#breadcrumb","itemListElement":[{"@type":"ListItem","position":1,"name":"Home","item":"https:\/\/fdasrl.it\/fr\/accueil\/"},{"@type":"ListItem","position":2,"name":"Boutique","item":"https:\/\/fdasrl.it\/fr\/boutique\/"},{"@type":"ListItem","position":3,"name":"R\u00e9f. FDA-000005 &#8211; Abreuvoir \u00e0 t\u00e9tine 1\/2\u201d pour bacs antigaspillage manger\/boire"}]},{"@type":"WebSite","@id":"https:\/\/fdasrl.it\/fr\/#website","url":"https:\/\/fdasrl.it\/fr\/","name":"FDA srl","description":"Equipment for animal husbandry","publisher":{"@id":"https:\/\/fdasrl.it\/fr\/#organization"},"potentialAction":[{"@type":"SearchAction","target":{"@type":"EntryPoint","urlTemplate":"https:\/\/fdasrl.it\/fr\/?s={search_term_string}"},"query-input":{"@type":"PropertyValueSpecification","valueRequired":true,"valueName":"search_term_string"}}],"inLanguage":"fr-FR"},{"@type":"Organization","@id":"https:\/\/fdasrl.it\/fr\/#organization","name":"FDA srl","url":"https:\/\/fdasrl.it\/fr\/","logo":{"@type":"ImageObject","inLanguage":"fr-FR","@id":"https:\/\/fdasrl.it\/fr\/#\/schema\/logo\/image\/","url":"https:\/\/fdasrl.it\/wp-content\/uploads\/2024\/12\/Logo-FDA.png","contentUrl":"https:\/\/fdasrl.it\/wp-content\/uploads\/2024\/12\/Logo-FDA.png","width":316,"height":119,"caption":"FDA srl"},"image":{"@id":"https:\/\/fdasrl.it\/fr\/#\/schema\/logo\/image\/"},"sameAs":["https:\/\/www.facebook.com\/share\/1MWhFWg1Tp\/?mibextid=LQQJ4d","https:\/\/www.instagram.com\/fda_srl\/profilecard\/?igsh=YW5lbzJ6MWg0d21u","https:\/\/www.youtube.com\/@FDASRL_ANIMALCARE"],"description":"FDA SRL \u2013 Equipment for animal husbandry nasce con l\u2019obiettivo di offrire soluzioni affidabili e innovative per l\u2019allevamento moderno. Con anni di esperienza nel settore zootecnico, progettiamo e realizziamo attrezzature destinate al benessere animale e alla gestione efficiente delle stalle: vasche, abbeveratoi, mangiatoie e sistemi di riscaldamento pensati per durare nel tempo e semplificare il lavoro quotidiano degli allevatori. Dalla progettazione alla produzione, ogni nostro prodotto \u00e8 studiato nei minimi dettagli, testato con cura e costruito per rispondere alle esigenze reali del settore. La nostra forza \u00e8 unire artigianalit\u00e0, tecnologia e competenza tecnica per trasformare ogni progetto in una soluzione concreta e funzionale. Oggi FDA SRL \u00e8 un punto di riferimento per privati e rivenditori che cercano qualit\u00e0, affidabilit\u00e0 e innovazione nelle attrezzature per l\u2019allevamento.","email":"info@fdasrl.it","telephone":"+390522826820","legalName":"F.D.A. SRL","foundingDate":"2024-10-13","vatID":"03075840359","taxID":"03075840359","numberOfEmployees":{"@type":"QuantitativeValue","minValue":"1","maxValue":"10"}}]},"product_price_currency":"EUR","og_availability":"instock","product_availability":"instock","product_retailer_item_id":"FDA-000005","product_condition":"new"},"_links":{"self":[{"href":"https:\/\/fdasrl.it\/fr\/wp-json\/wp\/v2\/product\/5804","targetHints":{"allow":["GET"]}}],"collection":[{"href":"https:\/\/fdasrl.it\/fr\/wp-json\/wp\/v2\/product"}],"about":[{"href":"https:\/\/fdasrl.it\/fr\/wp-json\/wp\/v2\/types\/product"}],"replies":[{"embeddable":true,"href":"https:\/\/fdasrl.it\/fr\/wp-json\/wp\/v2\/comments?post=5804"}],"wp:featuredmedia":[{"embeddable":true,"href":"https:\/\/fdasrl.it\/fr\/wp-json\/wp\/v2\/media\/1075"}],"wp:attachment":[{"href":"https:\/\/fdasrl.it\/fr\/wp-json\/wp\/v2\/media?parent=5804"}],"wp:term":[{"taxonomy":"product_brand","embeddable":true,"href":"https:\/\/fdasrl.it\/fr\/wp-json\/wp\/v2\/product_brand?post=5804"},{"taxonomy":"product_cat","embeddable":true,"href":"https:\/\/fdasrl.it\/fr\/wp-json\/wp\/v2\/product_cat?post=5804"},{"taxonomy":"product_tag","embeddable":true,"href":"https:\/\/fdasrl.it\/fr\/wp-json\/wp\/v2\/product_tag?post=5804"}],"curies":[{"name":"wp","href":"https:\/\/api.w.org\/{rel}","templated":true}]}}