{"id":1598,"date":"2024-12-10T16:40:04","date_gmt":"2024-12-10T15:40:04","guid":{"rendered":"https:\/\/fdasrl.it\/politica-de-privacidade\/"},"modified":"2026-05-06T10:55:21","modified_gmt":"2026-05-06T08:55:21","slug":"politica-de-privacidade","status":"publish","type":"page","link":"https:\/\/fdasrl.it\/pt-pt\/politica-de-privacidade\/","title":{"rendered":"Pol\u00edtica de Privacidade"},"content":{"rendered":"\n<h2 class=\"wp-block-heading\"><strong>Documento Informativo nos termos e para os efeitos do Artigo 13.\u00ba do D.lgs.<\/strong><strong> <\/strong><strong>30 de junho de 2003 n.\u00ba 196, \u201cC\u00f3digo em mat\u00e9ria de prote\u00e7\u00e3o de dados pessoais\u201d<\/strong><\/h2>\n\n<p><strong>Nos termos do Art. 13.\u00ba do Decreto Legislativo de 30 de junho de 2003 n.\u00ba 196, informamos que a FDA Shop garante que o tratamento dos seus dados pessoais \u00e9 realizado no respeito pelos direitos e liberdades fundamentais, bem como pela dignidade do interessado, com especial refer\u00eancia \u00e0 confidencialidade, \u00e0 identidade pessoal e ao direito \u00e0 prote\u00e7\u00e3o dos dados pessoais.<\/strong><\/p>\n\n<h3 class=\"wp-block-heading\"><strong>Finalidades do tratamento dos dados pessoais<\/strong><\/h3>\n\n<p>Todos os dados fornecidos ser\u00e3o tratados exclusivamente para cumprimentos relacionados e instrumentais \u00e0 gest\u00e3o da atividade econ\u00f3mica da empresa e, em particular:<\/p>\n\n<ul class=\"wp-block-list\">\n<li>inser\u00e7\u00e3o nos registos das bases de dados inform\u00e1ticas da empresa;<\/li>\n\n\n\n<li>emiss\u00e3o de documentos de transporte, faturas, notas de cr\u00e9dito;<\/li>\n\n\n\n<li>manuten\u00e7\u00e3o correta da contabilidade e dos registos de I.V.A.; <\/li>\n\n\n\n<li>gest\u00e3o de recebimentos e pagamentos;<\/li>\n\n\n\n<li>para cumprir as obriga\u00e7\u00f5es previstas nas normas da lei civil e fiscal, nos regulamentos e na legisla\u00e7\u00e3o comunit\u00e1ria.<\/li>\n<\/ul>\n\n<p><strong>\u00c2mbito de comunica\u00e7\u00e3o e difus\u00e3o dos dados<\/strong><\/p>\n\n<p>Os seus dados pessoais n\u00e3o ser\u00e3o difundidos. Ser\u00e3o conservados e tratados no seio da FDA srl pelos nossos colaboradores e funcion\u00e1rios. Para permitir o cumprimento das obriga\u00e7\u00f5es administrativas e fiscais, poder\u00e3o ser comunicados:   <\/p>\n\n<ul class=\"wp-block-list\">\n<li>aos correios, empresas de expedi\u00e7\u00e3o de mercadorias;<\/li>\n\n\n\n<li>gabinetes profissionais de consultoria administrativa, fiscal ou jur\u00eddica;<\/li>\n\n\n\n<li>institui\u00e7\u00f5es banc\u00e1rias para recebimentos e pagamentos;<\/li>\n\n\n\n<li>entidades p\u00fablicas, c\u00e2maras de com\u00e9rcio, etc.<\/li>\n<\/ul>\n\n<p><strong>Modalidades do tratamento<\/strong><\/p>\n\n<p>O tratamento dos dados pessoais ser\u00e1 realizado pela FDA srl com sistemas inform\u00e1ticos ou suportes em papel, por pessoal especificamente encarregado, para garantir a m\u00e1xima seguran\u00e7a e confidencialidade, em conformidade com o disposto no D.lgs. n.\u00ba 196\/2003. <\/p>\n\n<p><strong>Natureza da recolha dos dados<\/strong><\/p>\n\n<p><strong>A ced\u00eancia dos seus dados pessoais deve ser considerada facultativa; no entanto, a falta dos mesmos implica a impossibilidade de a FDA srl fornecer os servi\u00e7os solicitados, por n\u00e3o dispor dos dados necess\u00e1rios para cumprir as obriga\u00e7\u00f5es contabil\u00edsticas e fiscais.<\/strong><\/p>\n\n<p><strong>Direito de acesso aos dados pessoais e outros direitos (Art. 7.\u00ba \u2013 D.lgs. n.\u00ba 196\/2003)<\/strong><\/p>\n\n<p>1. O interessado tem o direito de obter a confirma\u00e7\u00e3o da exist\u00eancia ou n\u00e3o de dados pessoais que lhe digam respeito, mesmo que ainda n\u00e3o registados, e a sua comunica\u00e7\u00e3o de forma intelig\u00edvel.<\/p>\n\n<p>2. O interessado tem o direito de obter a indica\u00e7\u00e3o:<\/p>\n\n<ul class=\"wp-block-list\">\n<li>a) da origem dos dados pessoais;<\/li>\n\n\n\n<li>b) das finalidades e modalidades do tratamento;<\/li>\n\n\n\n<li>c) da l\u00f3gica aplicada em caso de tratamento efetuado com o aux\u00edlio de instrumentos eletr\u00f3nicos;<\/li>\n\n\n\n<li>d) dos elementos de identifica\u00e7\u00e3o do titular, dos respons\u00e1veis e do representante designado nos termos do artigo 5.\u00ba, par\u00e1grafo 2 do D.lgs. n.\u00ba 196\/2003; <\/li>\n\n\n\n<li>e) dos sujeitos ou das categorias de sujeitos aos quais os dados pessoais podem ser comunicados ou que deles podem tomar conhecimento na qualidade de representante designado no territ\u00f3rio do Estado, de respons\u00e1veis ou encarregados.<\/li>\n<\/ul>\n\n<p>3. O interessado tem o direito de obter:<\/p>\n\n<ul class=\"wp-block-list\">\n<li>a) a atualiza\u00e7\u00e3o, a retifica\u00e7\u00e3o ou, quando houver interesse, a integra\u00e7\u00e3o dos dados;<\/li>\n\n\n\n<li>b) o apagamento, a anonimiza\u00e7\u00e3o ou o bloqueio dos dados tratados em viola\u00e7\u00e3o da lei, incluindo aqueles cuja conserva\u00e7\u00e3o n\u00e3o \u00e9 necess\u00e1ria em rela\u00e7\u00e3o aos fins para os quais os dados foram recolhidos ou posteriormente tratados;<\/li>\n\n\n\n<li>c) a certifica\u00e7\u00e3o de que as opera\u00e7\u00f5es referidas nas al\u00edneas a) e b) foram levadas ao conhecimento, inclusive quanto ao seu conte\u00fado, daqueles a quem os dados foram comunicados ou difundidos, exceto no caso em que tal cumprimento se revele imposs\u00edvel ou implique um emprego de meios manifestamente desproporcionado em rela\u00e7\u00e3o ao direito protegido.  <\/li>\n<\/ul>\n\n<p>  4. O interessado tem o direito de se opor, no todo ou em parte:<\/p>\n\n<ul class=\"wp-block-list\">\n<li>a) por motivos leg\u00edtimos, ao tratamento dos dados pessoais que lhe digam respeito, ainda que pertinentes ao fim da recolha;<\/li>\n\n\n\n<li>b) ao tratamento de dados pessoais que lhe digam respeito para fins de envio de material publicit\u00e1rio ou de venda direta, ou para a realiza\u00e7\u00e3o de pesquisas de mercado ou de comunica\u00e7\u00e3o comercial.<\/li>\n<\/ul>\n\n<p>O titular dos dados pessoais \u00e9 a FDA srl, com sede social na via Sandro Pertini n.\u00ba 3, Gualtieri (R.E)<\/p>\n\n<h3 class=\"wp-block-heading\"><strong>Direitos do utilizador<\/strong><strong> <\/strong><\/h3>\n\n<p>Nos termos do Regulamento Europeu 679\/2016 (RGPD) e da legisla\u00e7\u00e3o nacional, o Utilizador pode, de acordo com as modalidades e nos limites previstos na legisla\u00e7\u00e3o em vigor, exercer os seguintes direitos: <\/p>\n\n<p>&#8211; solicitar a confirma\u00e7\u00e3o da exist\u00eancia de dados pessoais que lhe digam respeito (direito de acesso);<br\/>&#8211; conhecer a sua origem;<br\/>&#8211; receber comunica\u00e7\u00e3o intelig\u00edvel;<br\/>&#8211; obter informa\u00e7\u00f5es sobre a l\u00f3gica, as modalidades e as finalidades do tratamento;<br\/>&#8211; solicitar a atualiza\u00e7\u00e3o, retifica\u00e7\u00e3o, integra\u00e7\u00e3o, apagamento, anonimiza\u00e7\u00e3o, bloqueio dos dados tratados em viola\u00e7\u00e3o da lei, incluindo aqueles que j\u00e1 n\u00e3o sejam necess\u00e1rios para a prossecu\u00e7\u00e3o dos fins para os quais foram recolhidos;<br\/>&#8211; nos casos de tratamento baseado no consentimento, receber, apenas pelo custo do eventual suporte, os seus dados fornecidos ao titular, de forma estruturada e leg\u00edvel por um computador e num formato comummente utilizado por um dispositivo eletr\u00f3nico;<br\/>&#8211; o direito de apresentar uma reclama\u00e7\u00e3o \u00e0 Autoridade de controlo (Garante Privacy \u2013 <a href=\"https:\/\/www.garanteprivacy.it\/web\/guest\/home\/docweb\/-\/docweb-display\/docweb\/4535524\">liga\u00e7\u00e3o para a p\u00e1gina do Garante<\/a>); <br\/>&#8211; bem como, de uma forma mais geral, exercer todos os direitos que lhe s\u00e3o reconhecidos pelas disposi\u00e7\u00f5es legais em vigor.<\/p>\n\n<p>Documento Informativo prestado nos termos do Regulamento (UE) 2016\/679 em mat\u00e9ria de prote\u00e7\u00e3o de dados pessoais<\/p>\n\n<p>Trata-se de uma nota informativa que \u00e9 prestada tamb\u00e9m nos termos do art. 13.\u00ba do Regulamento (UE) 2016\/679 \u00e0queles que se ligam ao site da FDA srl no endere\u00e7o https:\/\/fdasrl.it. <\/p>\n\n<p>A nota informativa \u00e9 prestada apenas para o site acima mencionado e n\u00e3o para outros sites web eventualmente consultados pelo utilizador atrav\u00e9s de liga\u00e7\u00f5es espec\u00edficas.<\/p>\n\n<p>Titular do tratamento<\/p>\n\n<p>Nos termos do Art. 13.\u00ba do Regulamento (UE) 2016\/679, informamos que o \u201cTitular\u201d do tratamento \u00e9 a FDA srl, que tem sede social na Via Sandro Pertini, 3, 42044 Gualtieri (RE) It\u00e1lia, info@fdasrl.it <\/p>\n\n<p>A FDA srl garante que o tratamento dos seus dados pessoais \u00e9 realizado no respeito pelos direitos e liberdades fundamentais, bem como pela dignidade do interessado, com especial refer\u00eancia \u00e0 confidencialidade, \u00e0 identidade pessoal e ao direito \u00e0 prote\u00e7\u00e3o dos dados pessoais.<\/p>\n\n<p>Finalidades do tratamento dos dados pessoais<\/p>\n\n<p>Todos os dados fornecidos ser\u00e3o tratados exclusivamente para cumprimentos relacionados e instrumentais \u00e0 gest\u00e3o da atividade econ\u00f3mica da empresa e, em particular:<\/p>\n\n<ul class=\"wp-block-list\">\n<li>  inser\u00e7\u00e3o nos registos presentes nas bases de dados inform\u00e1ticas da empresa;<\/li>\n\n\n\n<li>  responder a pedidos expressos por utilizadores\/visitantes\/compradores;<\/li>\n\n\n\n<li>  gest\u00e3o de or\u00e7amentos\/encomendas;<\/li>\n\n\n\n<li>  emiss\u00e3o de documentos de transporte, faturas, notas de cr\u00e9dito;<\/li>\n\n\n\n<li>  gest\u00e3o de recebimentos e pagamentos;<\/li>\n\n\n\n<li>  para cumprir as obriga\u00e7\u00f5es previstas nas normas da lei civil e fiscal, nos regulamentos e na legisla\u00e7\u00e3o comunit\u00e1ria.<\/li>\n<\/ul>\n\n<p>Base jur\u00eddica do tratamento<\/p>\n\n<p>O tratamento efetuado \u00e9 l\u00edcito com base no:<\/p>\n\n<ul class=\"wp-block-list\">\n<li>  Consentimento prestado pelo interessado (art. 6.\u00ba, par. 1, al\u00ednea a));<\/li>\n<\/ul>\n\n<p>ou (conforme aplic\u00e1vel):<\/p>\n\n<ul class=\"wp-block-list\">\n<li>  Tratamento necess\u00e1rio para a execu\u00e7\u00e3o de um contrato no qual o interessado \u00e9 parte ou para a execu\u00e7\u00e3o de dilig\u00eancias pr\u00e9-contratuais (or\u00e7amentos) a pedido do interessado (art. 6.\u00ba, par. 1, al\u00ednea b));<\/li>\n\n\n\n<li>  Tratamento necess\u00e1rio para efeito dos interesses leg\u00edtimos prosseguidos pelo titular do tratamento (art. 6.\u00ba, par. 1, al\u00ednea f)), como a possibilidade de responder aos pedidos enviados por utilizadores\/visitantes\/compradores.<\/li>\n<\/ul>\n\n<p>\u00c2mbito de comunica\u00e7\u00e3o e difus\u00e3o dos dados<\/p>\n\n<p>Sem preju\u00edzo do que \u00e9 especificado de seguida relativamente \u00e0 utiliza\u00e7\u00e3o de Cookies, especifica-se que os seus dados pessoais n\u00e3o ser\u00e3o difundidos. Ser\u00e3o conservados e tratados no seio da FDA srl pelos nossos colaboradores e funcion\u00e1rios. <\/p>\n\n<p>Para permitir o cumprimento das obriga\u00e7\u00f5es administrativas e fiscais, e para o desenvolvimento de atividades econ\u00f3micas e de gest\u00e3o, poder\u00e3o ser comunicados a empresas, consultores externos, entidades p\u00fablicas:<\/p>\n\n<ul class=\"wp-block-list\">\n<li>  aos correios, empresas de expedi\u00e7\u00e3o de mercadorias;<\/li>\n\n\n\n<li>  gabinetes profissionais de consultoria administrativa, fiscal ou jur\u00eddica;<\/li>\n\n\n\n<li>  empresas de gest\u00e3o de sistemas de informa\u00e7\u00e3o, incluindo o servi\u00e7o de alojamento do dom\u00ednio do site e do correio eletr\u00f3nico;<\/li>\n\n\n\n<li>  institui\u00e7\u00f5es banc\u00e1rias para recebimentos e pagamentos;<\/li>\n\n\n\n<li>  entidades p\u00fablicas, c\u00e2maras de com\u00e9rcio, etc.<\/li>\n<\/ul>\n\n<p>Modalidades do tratamento<\/p>\n\n<p>O tratamento dos dados pessoais ser\u00e1 realizado pela FDA srl com sistemas inform\u00e1ticos ou suportes em papel, por pessoal especificamente encarregado e formado, para garantir a m\u00e1xima seguran\u00e7a e confidencialidade, em conformidade com o disposto no Regulamento (UE) 2016\/679.<\/p>\n\n<p>Os dados ser\u00e3o conservados enquanto estiverem atualizados e, em qualquer caso, por um per\u00edodo m\u00e1ximo de 10 anos.<\/p>\n\n<p>Natureza da recolha dos dados<\/p>\n\n<p>A ced\u00eancia dos seus dados pessoais deve ser considerada facultativa. No entanto, a n\u00e3o ced\u00eancia dos dados pode implicar a impossibilidade de obter o que foi solicitado pelo utilizador\/visitante\/comprador ou impedir a realiza\u00e7\u00e3o, por parte da FDA srl, das atividades acima referidas. <\/p>\n\n<p>A recolha de alguns dados pessoais tem tamb\u00e9m natureza obrigat\u00f3ria, devendo dar-se seguimento aos cumprimentos legais e fiscais, e a recusa em fornecer tais dados implicar\u00e1 a impossibilidade de estabelecer rela\u00e7\u00f5es com a nossa Sociedade.<\/p>\n\n<p>Direitos do interessado (Art. 13.\u00ba do Regulamento (UE) 2016\/679)<\/p>\n\n<p>1) O interessado tem o direito de solicitar ao titular do tratamento o acesso aos dados pessoais e a retifica\u00e7\u00e3o ou o apagamento dos mesmos, ou a limita\u00e7\u00e3o do tratamento que lhe diga respeito, ou de se opor ao seu tratamento, para al\u00e9m do direito \u00e0 portabilidade dos dados;<\/p>\n\n<p>2) Caso tenha expressado o consentimento para o tratamento dos seus dados pessoais para uma ou mais finalidades espec\u00edficas, o interessado tem o direito de retirar o consentimento a qualquer momento, sem comprometer a licitude do tratamento baseada no consentimento prestado antes da retirada;<\/p>\n\n<p>3) O interessado tem o direito de apresentar reclama\u00e7\u00e3o a uma Autoridade de controlo (o Garante per la protezione dei dati personali, Garante Privacy, \u00e9 a autoridade de controlo nacional italiana em mat\u00e9ria de prote\u00e7\u00e3o de dados pessoais, uma autoridade administrativa independente institu\u00edda pela lei da privacidade (lei de 31 de dezembro de 1996, n.\u00ba 675) em aplica\u00e7\u00e3o da diretiva comunit\u00e1ria 95\/46\/CE).<\/p>\n\n<p><strong>Cookies<\/strong><\/p>\n\n<p>O que s\u00e3o os cookies<\/p>\n\n<p>Tamb\u00e9m chamados de testemunhos de conex\u00e3o, s\u00e3o pequenos ficheiros de texto que s\u00e3o inseridos nos dispositivos dos utilizadores que visitam o nosso site. Assim, quando um utilizador acede ao site https:\/\/fdasrl.it, os cookies s\u00e3o guardados no diret\u00f3rio do navegador Web do utilizador. <\/p>\n\n<p>Para que servem?<\/p>\n\n<p>Principalmente para fornecer um melhor servi\u00e7o ao utilizador e proporcionar-lhe uma experi\u00eancia de navega\u00e7\u00e3o positiva. A t\u00edtulo de exemplo, os cookies servem para: <\/p>\n\n<ul class=\"wp-block-list\">\n<li>  memorizar o nome de utilizador e as suas prefer\u00eancias;<\/li>\n\n\n\n<li>  permitir que os formul\u00e1rios de registo j\u00e1 apare\u00e7am pr\u00e9-preenchidos;<\/li>\n\n\n\n<li>  permitir medir os servi\u00e7os utilizados pelos utilizadores;<\/li>\n\n\n\n<li>  permitir a exibi\u00e7\u00e3o de mensagens promocionais em linha com os interesses do utilizador.<\/li>\n<\/ul>\n\n<p>Que tipo de cookies utiliza a FDA srl:<\/p>\n\n<ul class=\"wp-block-list\">\n<li>  cookies t\u00e9cnicos, necess\u00e1rios para o correto funcionamento de algumas funcionalidades do site, como por exemplo para a memoriza\u00e7\u00e3o do carrinho de compras ou para recolher dados de forma agregada com fins estat\u00edsticos;<\/li>\n\n\n\n<li>  cookies de perfil de terceiros: utilizados para fornecer mensagens promocionais em linha com as prefer\u00eancias do utilizador registadas com base nos percursos de navega\u00e7\u00e3o e nos produtos visitados. No nosso caso, utilizamos os cookies de remarketing da Google e do Facebook. <\/li>\n<\/ul>\n\n<p>Desativa\u00e7\u00e3o de cookies<\/p>\n\n<p>Os cookies est\u00e3o ligados ao navegador utilizado e PODEM SER DESATIVADOS DIRETAMENTE NO NAVEGADOR, recusando\/revogando assim o consentimento para a utiliza\u00e7\u00e3o de cookies. Deve ter-se em conta que a desativa\u00e7\u00e3o dos cookies poder\u00e1 impedir a utiliza\u00e7\u00e3o correta de algumas fun\u00e7\u00f5es do pr\u00f3prio site. <\/p>\n\n<p>As instru\u00e7\u00f5es para a desativa\u00e7\u00e3o dos cookies encontram-se nas seguintes p\u00e1ginas web:<\/p>\n\n<p>Mozilla Firefox &#8211; Windows Internet Explorer &#8211; Google Chrome &#8211; Opera &#8211; Apple Safari<\/p>\n\n<p>Os pedidos devem ser dirigidos ao Titular do tratamento. <\/p>\n\n<p>No caso de os dados serem tratados com base em interesses leg\u00edtimos, s\u00e3o garantidos os direitos dos interessados ao tratamento (exceto o direito \u00e0 portabilidade, que n\u00e3o est\u00e1 previsto nas normas), em particular o direito de oposi\u00e7\u00e3o ao tratamento, que pode ser exercido enviando um pedido ao titular do tratamento.<\/p>\n","protected":false},"excerpt":{"rendered":"<p>Documento Informativo nos termos e para os efeitos do Artigo 13.\u00ba do D.lgs. 30 de junho de 2003 n.\u00ba 196, \u201cC\u00f3digo em mat\u00e9ria de prote\u00e7\u00e3o de dados pessoais\u201d Nos termos do Art. 13.\u00ba do Decreto Legislativo de 30 de junho de 2003 n.\u00ba 196, informamos que a FDA Shop garante que o tratamento dos seus [&hellip;]<\/p>\n","protected":false},"author":1,"featured_media":0,"parent":0,"menu_order":0,"comment_status":"closed","ping_status":"open","template":"","meta":{"_et_pb_use_builder":"","_et_pb_old_content":"","_et_gb_content_width":"","footnotes":""},"class_list":["post-1598","page","type-page","status-publish","hentry"],"yoast_head":"<!-- This site is optimized with the Yoast SEO Premium plugin v27.5 (Yoast SEO v27.6) - https:\/\/yoast.com\/product\/yoast-seo-premium-wordpress\/ -->\n<title>Pol\u00edtica de Privacidade - FDA srl<\/title>\n<meta name=\"robots\" content=\"index, follow, max-snippet:-1, max-image-preview:large, max-video-preview:-1\" \/>\n<link rel=\"canonical\" href=\"https:\/\/fdasrl.it\/pt-pt\/politica-de-privacidade\/\" \/>\n<meta property=\"og:locale\" content=\"pt_PT\" \/>\n<meta property=\"og:type\" content=\"article\" \/>\n<meta property=\"og:title\" content=\"Pol\u00edtica de Privacidade\" \/>\n<meta property=\"og:description\" content=\"Documento Informativo nos termos e para os efeitos do Artigo 13.\u00ba do D.lgs. 30 de junho de 2003 n.\u00ba 196, \u201cC\u00f3digo em mat\u00e9ria de prote\u00e7\u00e3o de dados pessoais\u201d Nos termos do Art. 13.\u00ba do Decreto Legislativo de 30 de junho de 2003 n.\u00ba 196, informamos que a FDA Shop garante que o tratamento dos seus [&hellip;]\" \/>\n<meta property=\"og:url\" content=\"https:\/\/fdasrl.it\/pt-pt\/politica-de-privacidade\/\" \/>\n<meta property=\"og:site_name\" content=\"FDA srl\" \/>\n<meta property=\"article:publisher\" content=\"https:\/\/www.facebook.com\/share\/1MWhFWg1Tp\/?mibextid=LQQJ4d\" \/>\n<meta property=\"article:modified_time\" content=\"2026-05-06T08:55:21+00:00\" \/>\n<meta name=\"twitter:card\" content=\"summary_large_image\" \/>\n<meta name=\"twitter:label1\" content=\"Tempo estimado de leitura\" \/>\n\t<meta name=\"twitter:data1\" content=\"10 minutos\" \/>\n<!-- \/ Yoast SEO Premium plugin. -->","yoast_head_json":{"title":"Pol\u00edtica de Privacidade - FDA srl","robots":{"index":"index","follow":"follow","max-snippet":"max-snippet:-1","max-image-preview":"max-image-preview:large","max-video-preview":"max-video-preview:-1"},"canonical":"https:\/\/fdasrl.it\/pt-pt\/politica-de-privacidade\/","og_locale":"pt_PT","og_type":"article","og_title":"Pol\u00edtica de Privacidade","og_description":"Documento Informativo nos termos e para os efeitos do Artigo 13.\u00ba do D.lgs. 30 de junho de 2003 n.\u00ba 196, \u201cC\u00f3digo em mat\u00e9ria de prote\u00e7\u00e3o de dados pessoais\u201d Nos termos do Art. 13.\u00ba do Decreto Legislativo de 30 de junho de 2003 n.\u00ba 196, informamos que a FDA Shop garante que o tratamento dos seus [&hellip;]","og_url":"https:\/\/fdasrl.it\/pt-pt\/politica-de-privacidade\/","og_site_name":"FDA srl","article_publisher":"https:\/\/www.facebook.com\/share\/1MWhFWg1Tp\/?mibextid=LQQJ4d","article_modified_time":"2026-05-06T08:55:21+00:00","twitter_card":"summary_large_image","twitter_misc":{"Tempo estimado de leitura":"10 minutos"},"schema":{"@context":"https:\/\/schema.org","@graph":[{"@type":"WebPage","@id":"https:\/\/fdasrl.it\/pt-pt\/politica-de-privacidade\/","url":"https:\/\/fdasrl.it\/pt-pt\/politica-de-privacidade\/","name":"Pol\u00edtica de Privacidade - FDA srl","isPartOf":{"@id":"https:\/\/fdasrl.it\/pt-pt\/#website"},"datePublished":"2024-12-10T15:40:04+00:00","dateModified":"2026-05-06T08:55:21+00:00","breadcrumb":{"@id":"https:\/\/fdasrl.it\/pt-pt\/politica-de-privacidade\/#breadcrumb"},"inLanguage":"pt-PT","potentialAction":[{"@type":"ReadAction","target":["https:\/\/fdasrl.it\/pt-pt\/politica-de-privacidade\/"]}]},{"@type":"BreadcrumbList","@id":"https:\/\/fdasrl.it\/pt-pt\/politica-de-privacidade\/#breadcrumb","itemListElement":[{"@type":"ListItem","position":1,"name":"Home","item":"https:\/\/fdasrl.it\/pt-pt\/inicio\/"},{"@type":"ListItem","position":2,"name":"Pol\u00edtica de Privacidade"}]},{"@type":"WebSite","@id":"https:\/\/fdasrl.it\/pt-pt\/#website","url":"https:\/\/fdasrl.it\/pt-pt\/","name":"FDA srl","description":"Equipment for animal husbandry","publisher":{"@id":"https:\/\/fdasrl.it\/pt-pt\/#organization"},"potentialAction":[{"@type":"SearchAction","target":{"@type":"EntryPoint","urlTemplate":"https:\/\/fdasrl.it\/pt-pt\/?s={search_term_string}"},"query-input":{"@type":"PropertyValueSpecification","valueRequired":true,"valueName":"search_term_string"}}],"inLanguage":"pt-PT"},{"@type":"Organization","@id":"https:\/\/fdasrl.it\/pt-pt\/#organization","name":"FDA srl","url":"https:\/\/fdasrl.it\/pt-pt\/","logo":{"@type":"ImageObject","inLanguage":"pt-PT","@id":"https:\/\/fdasrl.it\/pt-pt\/#\/schema\/logo\/image\/","url":"https:\/\/fdasrl.it\/wp-content\/uploads\/2024\/12\/Logo-FDA.png","contentUrl":"https:\/\/fdasrl.it\/wp-content\/uploads\/2024\/12\/Logo-FDA.png","width":316,"height":119,"caption":"FDA srl"},"image":{"@id":"https:\/\/fdasrl.it\/pt-pt\/#\/schema\/logo\/image\/"},"sameAs":["https:\/\/www.facebook.com\/share\/1MWhFWg1Tp\/?mibextid=LQQJ4d","https:\/\/www.instagram.com\/fda_srl\/profilecard\/?igsh=YW5lbzJ6MWg0d21u","https:\/\/www.youtube.com\/@FDASRL_ANIMALCARE"],"description":"FDA SRL \u2013 Equipment for animal husbandry nasce con l\u2019obiettivo di offrire soluzioni affidabili e innovative per l\u2019allevamento moderno. Con anni di esperienza nel settore zootecnico, progettiamo e realizziamo attrezzature destinate al benessere animale e alla gestione efficiente delle stalle: vasche, abbeveratoi, mangiatoie e sistemi di riscaldamento pensati per durare nel tempo e semplificare il lavoro quotidiano degli allevatori. Dalla progettazione alla produzione, ogni nostro prodotto \u00e8 studiato nei minimi dettagli, testato con cura e costruito per rispondere alle esigenze reali del settore. La nostra forza \u00e8 unire artigianalit\u00e0, tecnologia e competenza tecnica per trasformare ogni progetto in una soluzione concreta e funzionale. Oggi FDA SRL \u00e8 un punto di riferimento per privati e rivenditori che cercano qualit\u00e0, affidabilit\u00e0 e innovazione nelle attrezzature per l\u2019allevamento.","email":"info@fdasrl.it","telephone":"+390522826820","legalName":"F.D.A. SRL","foundingDate":"2024-10-13","vatID":"03075840359","taxID":"03075840359","numberOfEmployees":{"@type":"QuantitativeValue","minValue":"1","maxValue":"10"}}]}},"_links":{"self":[{"href":"https:\/\/fdasrl.it\/pt-pt\/wp-json\/wp\/v2\/pages\/1598","targetHints":{"allow":["GET"]}}],"collection":[{"href":"https:\/\/fdasrl.it\/pt-pt\/wp-json\/wp\/v2\/pages"}],"about":[{"href":"https:\/\/fdasrl.it\/pt-pt\/wp-json\/wp\/v2\/types\/page"}],"author":[{"embeddable":true,"href":"https:\/\/fdasrl.it\/pt-pt\/wp-json\/wp\/v2\/users\/1"}],"replies":[{"embeddable":true,"href":"https:\/\/fdasrl.it\/pt-pt\/wp-json\/wp\/v2\/comments?post=1598"}],"version-history":[{"count":1,"href":"https:\/\/fdasrl.it\/pt-pt\/wp-json\/wp\/v2\/pages\/1598\/revisions"}],"predecessor-version":[{"id":1599,"href":"https:\/\/fdasrl.it\/pt-pt\/wp-json\/wp\/v2\/pages\/1598\/revisions\/1599"}],"wp:attachment":[{"href":"https:\/\/fdasrl.it\/pt-pt\/wp-json\/wp\/v2\/media?parent=1598"}],"curies":[{"name":"wp","href":"https:\/\/api.w.org\/{rel}","templated":true}]}}