{"id":1629,"date":"2026-03-03T17:31:13","date_gmt":"2026-03-03T16:31:13","guid":{"rendered":"https:\/\/fdasrl.it\/prodotto\/ordenha-movel-fa1775-com-bomba-de-vacuo-a-banho-de-oleo-para-bovinos-de-leite\/"},"modified":"2026-03-03T17:31:13","modified_gmt":"2026-03-03T16:31:13","slug":"ordenha-movel-fa1775-com-bomba-de-vacuo-a-banho-de-oleo-para-bovinos-de-leite","status":"publish","type":"product","link":"https:\/\/fdasrl.it\/pt-pt\/prodotto\/ordenha-movel-fa1775-com-bomba-de-vacuo-a-banho-de-oleo-para-bovinos-de-leite\/","title":{"rendered":"Ordenha m\u00f3vel FA1775 com bomba de v\u00e1cuo a banho de \u00f3leo para bovinos de leite"},"content":{"rendered":"<div>\n<h1 data-start=\"265\" data-end=\"340\">Ordenha m\u00f3vel FA1775 com bomba de v\u00e1cuo a banho de \u00f3leo para bovinos de leite<\/h1>\n<p data-start=\"342\" data-end=\"504\">A <strong data-start=\"345\" data-end=\"402\">ordenha m\u00f3vel FA1775 com bomba de v\u00e1cuo a banho de \u00f3leo<\/strong> foi concebida para garantir uma ordenha <strong data-start=\"444\" data-end=\"503\">eficiente, fi\u00e1vel e higi\u00e9nica de vacas leiteiras<\/strong>.<\/p>\n<p data-start=\"506\" data-end=\"708\">Gra\u00e7as \u00e0 <strong data-start=\"518\" data-end=\"550\">estrutura m\u00f3vel sobre carro<\/strong>, \u00e9 a solu\u00e7\u00e3o ideal para explora\u00e7\u00f5es pecu\u00e1rias que necessitam de um sistema de ordenha <strong data-start=\"641\" data-end=\"707\">pr\u00e1tico, robusto e f\u00e1cil de utilizar diretamente no est\u00e1bulo<\/strong>.<\/p>\n<p data-start=\"710\" data-end=\"840\">A ordenha permite efetuar a ordenha de forma simples mantendo <strong data-start=\"788\" data-end=\"839\">desempenho constante e m\u00e1xima higiene do leite<\/strong>.<\/p>\n<hr data-start=\"842\" data-end=\"845\">\n<h2 data-start=\"847\" data-end=\"906\">Bomba de v\u00e1cuo a banho de \u00f3leo: estabilidade e longa dura\u00e7\u00e3o<\/h2>\n<p data-start=\"908\" data-end=\"1050\">A ordenha FA1775 est\u00e1 equipada com <strong data-start=\"941\" data-end=\"988\">bomba de v\u00e1cuo a banho de \u00f3leo de 250 L\/min<\/strong>, concebida para garantir elevado desempenho e longa dura\u00e7\u00e3o.<\/p>\n<p data-start=\"1052\" data-end=\"1072\">Principais vantagens:<\/p>\n<ul data-start=\"1074\" data-end=\"1215\">\n<li data-start=\"1074\" data-end=\"1110\">\n<p data-start=\"1076\" data-end=\"1110\">funcionamento est\u00e1vel e cont\u00ednuo<\/p>\n<\/li>\n<li data-start=\"1111\" data-end=\"1152\">\n<p data-start=\"1113\" data-end=\"1152\">menor desgaste dos componentes mec\u00e2nicos<\/p>\n<\/li>\n<li data-start=\"1153\" data-end=\"1188\">\n<p data-start=\"1155\" data-end=\"1188\">maior fiabilidade operacional<\/p>\n<\/li>\n<li data-start=\"1189\" data-end=\"1215\">\n<p data-start=\"1191\" data-end=\"1215\">longa dura\u00e7\u00e3o ao longo do tempo<\/p>\n<\/li>\n<\/ul>\n<p data-start=\"1217\" data-end=\"1283\">O sistema \u00e9 alimentado por <strong data-start=\"1244\" data-end=\"1282\">motor el\u00e9trico de 0,55 kW \u2013 220V<\/strong>.<\/p>\n<p data-start=\"1285\" data-end=\"1414\">A estrutura com <strong data-start=\"1302\" data-end=\"1324\">ta\u00e7as separadas<\/strong> melhora a resist\u00eancia e assegura uma maior continuidade de trabalho durante a ordenha.<\/p>\n<p data-start=\"1416\" data-end=\"1447\">O sistema de v\u00e1cuo inclui:<\/p>\n<ul data-start=\"1449\" data-end=\"1614\">\n<li data-start=\"1449\" data-end=\"1486\">\n<p data-start=\"1451\" data-end=\"1486\">reservat\u00f3rio de v\u00e1cuo de <strong data-start=\"1474\" data-end=\"1486\">18 litros<\/strong><\/p>\n<\/li>\n<li data-start=\"1487\" data-end=\"1533\">\n<p data-start=\"1489\" data-end=\"1533\"><strong data-start=\"1489\" data-end=\"1533\">v\u00e1lvula de regula\u00e7\u00e3o da depress\u00e3o<\/strong><\/p>\n<\/li>\n<li data-start=\"1534\" data-end=\"1614\">\n<p data-start=\"1536\" data-end=\"1614\"><strong data-start=\"1536\" data-end=\"1560\">vacu\u00f3metro integrado<\/strong> para controlo da press\u00e3o durante a ordenha<\/p>\n<\/li>\n<\/ul>\n<hr data-start=\"1616\" data-end=\"1619\">\n<h2 data-start=\"1621\" data-end=\"1660\">Grupo de ordenha para vacas leiteiras<\/h2>\n<p data-start=\"1662\" data-end=\"1742\">A ordenha est\u00e1 equipada com <strong data-start=\"1688\" data-end=\"1728\">grupo de ordenha completo para bovinos<\/strong>, composto por:<\/p>\n<ul data-start=\"1744\" data-end=\"1918\">\n<li data-start=\"1744\" data-end=\"1770\">\n<p data-start=\"1746\" data-end=\"1770\"><strong data-start=\"1746\" data-end=\"1770\">coletor de 250 cc<\/strong><\/p>\n<\/li>\n<li data-start=\"1771\" data-end=\"1811\">\n<p data-start=\"1773\" data-end=\"1811\"><strong data-start=\"1773\" data-end=\"1811\">tetinas em a\u00e7o inoxid\u00e1vel de 155 mm<\/strong><\/p>\n<\/li>\n<li data-start=\"1812\" data-end=\"1833\">\n<p data-start=\"1814\" data-end=\"1833\">orif\u00edcio de <strong data-start=\"1822\" data-end=\"1833\">16,5 mm<\/strong><\/p>\n<\/li>\n<li data-start=\"1834\" data-end=\"1881\">\n<p data-start=\"1836\" data-end=\"1881\"><strong data-start=\"1836\" data-end=\"1881\">tubeiras de ordenha compat\u00edveis tipo DeLaval<\/strong><\/p>\n<\/li>\n<li data-start=\"1882\" data-end=\"1918\">\n<p data-start=\"1884\" data-end=\"1918\"><strong data-start=\"1884\" data-end=\"1918\">pulsador pneum\u00e1tico de 60 bpm*<\/strong><\/p>\n<\/li>\n<\/ul>\n<p data-start=\"1920\" data-end=\"2026\">Este sistema garante uma ordenha <strong data-start=\"1960\" data-end=\"1986\">delicada e eficiente<\/strong>, respeitando o bem-estar do animal.<\/p>\n<hr data-start=\"2028\" data-end=\"2031\">\n<h2 data-start=\"1743\" data-end=\"1766\">* Opcionais dispon\u00edveis<\/h2>\n<ul data-start=\"1768\" data-end=\"1923\">\n<li data-start=\"1768\" data-end=\"1833\">\n<p data-start=\"1770\" data-end=\"1833\"><strong data-start=\"1770\" data-end=\"1833\">Pulsador eletr\u00f3nico com placa interna 24VDC + centralina<\/strong><\/p>\n<\/li>\n<\/ul>\n<p>&nbsp;<\/p>\n<h2 data-start=\"2033\" data-end=\"2062\">Equipamento da ordenha<\/h2>\n<p data-start=\"2064\" data-end=\"2110\">A ordenha m\u00f3vel FA1775 \u00e9 fornecida com:<\/p>\n<ul data-start=\"2112\" data-end=\"2232\">\n<li data-start=\"2112\" data-end=\"2159\">\n<p data-start=\"2114\" data-end=\"2159\"><strong data-start=\"2114\" data-end=\"2159\">balde de leite em a\u00e7o inoxid\u00e1vel de 30 litros<\/strong><\/p>\n<\/li>\n<li data-start=\"2160\" data-end=\"2193\">\n<p data-start=\"2162\" data-end=\"2193\"><strong data-start=\"2162\" data-end=\"2193\">torneira de v\u00e1cuo de 1\/2&#8243;<\/strong><\/p>\n<\/li>\n<li data-start=\"2194\" data-end=\"2232\">\n<p data-start=\"2196\" data-end=\"2232\"><strong data-start=\"2196\" data-end=\"2232\">tubagens de ordenha de 2,5 metros<\/strong><\/p>\n<\/li>\n<\/ul>\n<p data-start=\"2234\" data-end=\"2341\">Todas as partes em contacto com o leite s\u00e3o fabricadas em <strong data-start=\"2292\" data-end=\"2308\">a\u00e7o inoxid\u00e1vel<\/strong>, material ideal para garantir:<\/p>\n<ul data-start=\"2343\" data-end=\"2413\">\n<li data-start=\"2343\" data-end=\"2359\">\n<p data-start=\"2345\" data-end=\"2359\">elevada higiene<\/p>\n<\/li>\n<li data-start=\"2360\" data-end=\"2388\">\n<p data-start=\"2362\" data-end=\"2388\">resist\u00eancia \u00e0 corros\u00e3o<\/p>\n<\/li>\n<li data-start=\"2389\" data-end=\"2413\">\n<p data-start=\"2391\" data-end=\"2413\">longa dura\u00e7\u00e3o ao longo do tempo<\/p>\n<\/li>\n<\/ul>\n<hr data-start=\"2415\" data-end=\"2418\">\n<h2 data-start=\"2420\" data-end=\"2458\">Limpeza e manuten\u00e7\u00e3o simplificadas<\/h2>\n<p data-start=\"2460\" data-end=\"2535\">Para facilitar a manuten\u00e7\u00e3o di\u00e1ria, a ordenha \u00e9 fornecida com:<\/p>\n<ul data-start=\"2537\" data-end=\"2609\">\n<li data-start=\"2537\" data-end=\"2572\">\n<p data-start=\"2539\" data-end=\"2572\"><strong data-start=\"2539\" data-end=\"2572\">conjunto de escovas para limpeza<\/strong><\/p>\n<\/li>\n<li data-start=\"2573\" data-end=\"2609\">\n<p data-start=\"2575\" data-end=\"2609\"><strong data-start=\"2575\" data-end=\"2609\">detergente alcalino de 1 litro<\/strong><\/p>\n<\/li>\n<\/ul>\n<p data-start=\"2611\" data-end=\"2714\">Isto permite uma <strong data-start=\"2631\" data-end=\"2668\">limpeza r\u00e1pida do circuito de leite<\/strong>, mantendo sempre elevados padr\u00f5es higi\u00e9nicos.<\/p>\n<hr data-start=\"2716\" data-end=\"2719\">\n<h2 data-start=\"2721\" data-end=\"2750\">Caracter\u00edsticas principais<\/h2>\n<ul data-start=\"2752\" data-end=\"2983\">\n<li data-start=\"2752\" data-end=\"2787\">\n<p data-start=\"2754\" data-end=\"2787\">ordenha <strong data-start=\"2765\" data-end=\"2787\">m\u00f3vel sobre carro<\/strong><\/p>\n<\/li>\n<li data-start=\"2788\" data-end=\"2824\">\n<p data-start=\"2790\" data-end=\"2824\"><strong data-start=\"2790\" data-end=\"2824\">bomba de v\u00e1cuo a banho de \u00f3leo<\/strong><\/p>\n<\/li>\n<li data-start=\"2825\" data-end=\"2854\">\n<p data-start=\"2827\" data-end=\"2854\"><strong data-start=\"2827\" data-end=\"2854\">caudal da bomba 250 L\/min<\/strong><\/p>\n<\/li>\n<li data-start=\"2855\" data-end=\"2892\">\n<p data-start=\"2857\" data-end=\"2892\"><strong data-start=\"2857\" data-end=\"2892\">motor el\u00e9trico 0,55 kW \u2013 220V<\/strong><\/p>\n<\/li>\n<li data-start=\"2893\" data-end=\"2925\">\n<p data-start=\"2895\" data-end=\"2925\"><strong data-start=\"2895\" data-end=\"2925\">balde de leite inox de 30 L<\/strong><\/p>\n<\/li>\n<li data-start=\"2926\" data-end=\"2959\">\n<p data-start=\"2928\" data-end=\"2959\"><strong data-start=\"2928\" data-end=\"2959\">pulsador pneum\u00e1tico 60 bpm<\/strong><\/p>\n<\/li>\n<li data-start=\"2960\" data-end=\"2983\">\n<p data-start=\"2962\" data-end=\"2983\"><strong data-start=\"2962\" data-end=\"2983\">certifica\u00e7\u00e3o CE<\/strong><\/p>\n<\/li>\n<\/ul>\n<hr data-start=\"2985\" data-end=\"2988\">\n<p data-start=\"2990\" data-end=\"3172\">\u2705 <strong data-start=\"2992\" data-end=\"3172\">A ordenha m\u00f3vel FA1775 com bomba de v\u00e1cuo a banho de \u00f3leo \u00e9 a escolha ideal para criadores que procuram um sistema de ordenha m\u00f3vel, robusto e fi\u00e1vel para bovinos de leite.<\/strong><\/p>\n<p data-start=\"2990\" data-end=\"3172\">Revendedores e distribuidores: solicite informa\u00e7\u00f5es <a href=\"https:\/\/fdasrl.it\/pt-pt\/contactos\/\">(CLIQUE AQUI)<\/a><\/p>\n<\/div>\n<div>Adquira na nossa <a href=\"https:\/\/fda-shop.it\/shop\/mungitura\/mungitrici-carrellate\/mungitrice-bovini\/mungitrice-carrellate-fa1775-per-bovini-a-un-gruppo-di-mungitura-con-motore-a-olio\" target=\"_blank\" rel=\"noopener\">loja online<\/a><\/div>\n","protected":false},"excerpt":{"rendered":"<p>Ordenha m\u00f3vel FA1775 com bomba de v\u00e1cuo a banho de \u00f3leo de 250 L\/min, concebida para a ordenha eficiente de bovinos de leite. Estrutura m\u00f3vel sobre carro, balde de leite inox de 30 L e grupo de ordenha completo com pulsador pneum\u00e1tico. Sistema robusto, fi\u00e1vel e certificado CE, ideal para utiliza\u00e7\u00e3o direta no est\u00e1bulo.  <\/p>\n","protected":false},"featured_media":1116,"comment_status":"open","ping_status":"closed","template":"","meta":{"_et_pb_use_builder":"","_et_pb_old_content":"","_et_gb_content_width":""},"product_brand":[],"product_cat":[383,384],"product_tag":[385],"class_list":{"0":"post-1629","1":"product","2":"type-product","3":"status-publish","4":"has-post-thumbnail","6":"product_cat-bovinos","7":"product_cat-ordenhas-moveis","8":"product_tag-fa1775","10":"first","11":"instock","12":"shipping-taxable","13":"product-type-simple"},"yoast_head":"<!-- This site is optimized with the Yoast SEO Premium plugin v27.5 (Yoast SEO v27.5) - https:\/\/yoast.com\/product\/yoast-seo-premium-wordpress\/ -->\n<title>Ordenha m\u00f3vel bovinos bomba banho de \u00f3leo F\u00e1cil de Usar<\/title>\n<meta name=\"description\" content=\"Obtenha o m\u00e1ximo da ordenha m\u00f3vel para vacas de um grupo! Desempenho excecional e manuten\u00e7\u00e3o reduzida, n\u00e3o perca a oportunidade! \ud83c\udf3e\" \/>\n<meta name=\"robots\" content=\"index, follow, max-snippet:-1, max-image-preview:large, max-video-preview:-1\" \/>\n<link rel=\"canonical\" href=\"https:\/\/fdasrl.it\/pt-pt\/prodotto\/ordenha-movel-fa1775-com-bomba-de-vacuo-a-banho-de-oleo-para-bovinos-de-leite\/\" \/>\n<meta property=\"og:locale\" content=\"pt_PT\" \/>\n<meta property=\"og:type\" content=\"article\" \/>\n<meta property=\"og:title\" content=\"Ordenha m\u00f3vel FA1775 com bomba de v\u00e1cuo a banho de \u00f3leo para bovinos de leite\" \/>\n<meta property=\"og:description\" content=\"Obtenha o m\u00e1ximo da ordenha m\u00f3vel para vacas de um grupo! Desempenho excecional e manuten\u00e7\u00e3o reduzida, n\u00e3o perca a oportunidade! \ud83c\udf3e\" \/>\n<meta property=\"og:url\" content=\"https:\/\/fdasrl.it\/pt-pt\/prodotto\/ordenha-movel-fa1775-com-bomba-de-vacuo-a-banho-de-oleo-para-bovinos-de-leite\/\" \/>\n<meta property=\"og:site_name\" content=\"FDA srl\" \/>\n<meta property=\"article:publisher\" content=\"https:\/\/www.facebook.com\/share\/1MWhFWg1Tp\/?mibextid=LQQJ4d\" \/>\n<meta property=\"og:image\" content=\"https:\/\/fdasrl.it\/wp-content\/uploads\/2026\/03\/mungitrice-olio-fda-bovini-1-gruppo-3-4.jpg\" \/>\n\t<meta property=\"og:image:width\" content=\"922\" \/>\n\t<meta property=\"og:image:height\" content=\"800\" \/>\n\t<meta property=\"og:image:type\" content=\"image\/jpeg\" \/>\n<meta name=\"twitter:card\" content=\"summary_large_image\" \/>\n<meta name=\"twitter:label1\" content=\"pre\u00e7o\" \/>\n\t<meta name=\"twitter:data1\" content=\"\" \/>\n\t<meta name=\"twitter:label2\" content=\"Disponibilidade\" \/>\n\t<meta name=\"twitter:data2\" content=\"Em stock\" \/>\n<meta property=\"product:price:currency\" content=\"EUR\" \/>\n<meta property=\"og:availability\" content=\"instock\" \/>\n<meta property=\"product:availability\" content=\"instock\" \/>\n<meta property=\"product:retailer_item_id\" content=\"FA1775\" \/>\n<meta property=\"product:condition\" content=\"new\" \/>\n<!-- \/ Yoast SEO Premium plugin. -->","yoast_head_json":{"title":"Ordenha m\u00f3vel bovinos bomba banho de \u00f3leo F\u00e1cil de Usar","description":"Obtenha o m\u00e1ximo da ordenha m\u00f3vel para vacas de um grupo! Desempenho excecional e manuten\u00e7\u00e3o reduzida, n\u00e3o perca a oportunidade! \ud83c\udf3e","robots":{"index":"index","follow":"follow","max-snippet":"max-snippet:-1","max-image-preview":"max-image-preview:large","max-video-preview":"max-video-preview:-1"},"canonical":"https:\/\/fdasrl.it\/pt-pt\/prodotto\/ordenha-movel-fa1775-com-bomba-de-vacuo-a-banho-de-oleo-para-bovinos-de-leite\/","og_locale":"pt_PT","og_type":"article","og_title":"Ordenha m\u00f3vel FA1775 com bomba de v\u00e1cuo a banho de \u00f3leo para bovinos de leite","og_description":"Obtenha o m\u00e1ximo da ordenha m\u00f3vel para vacas de um grupo! Desempenho excecional e manuten\u00e7\u00e3o reduzida, n\u00e3o perca a oportunidade! \ud83c\udf3e","og_url":"https:\/\/fdasrl.it\/pt-pt\/prodotto\/ordenha-movel-fa1775-com-bomba-de-vacuo-a-banho-de-oleo-para-bovinos-de-leite\/","og_site_name":"FDA srl","article_publisher":"https:\/\/www.facebook.com\/share\/1MWhFWg1Tp\/?mibextid=LQQJ4d","og_image":[{"width":922,"height":800,"url":"https:\/\/fdasrl.it\/wp-content\/uploads\/2026\/03\/mungitrice-olio-fda-bovini-1-gruppo-3-4.jpg","type":"image\/jpeg"}],"twitter_card":"summary_large_image","twitter_misc":{"pre\u00e7o":"","Disponibilidade":"Em stock"},"schema":{"@context":"https:\/\/schema.org","@graph":[{"@type":"WebPage","@id":"https:\/\/fdasrl.it\/pt-pt\/prodotto\/ordenha-movel-fa1775-com-bomba-de-vacuo-a-banho-de-oleo-para-bovinos-de-leite\/","url":"https:\/\/fdasrl.it\/pt-pt\/prodotto\/ordenha-movel-fa1775-com-bomba-de-vacuo-a-banho-de-oleo-para-bovinos-de-leite\/","name":"Ordenha m\u00f3vel bovinos bomba banho de \u00f3leo F\u00e1cil de Usar","isPartOf":{"@id":"https:\/\/fdasrl.it\/pt-pt\/#website"},"primaryImageOfPage":{"@id":"https:\/\/fdasrl.it\/pt-pt\/prodotto\/ordenha-movel-fa1775-com-bomba-de-vacuo-a-banho-de-oleo-para-bovinos-de-leite\/#primaryimage"},"image":{"@id":"https:\/\/fdasrl.it\/pt-pt\/prodotto\/ordenha-movel-fa1775-com-bomba-de-vacuo-a-banho-de-oleo-para-bovinos-de-leite\/#primaryimage"},"thumbnailUrl":"https:\/\/fdasrl.it\/wp-content\/uploads\/2026\/03\/mungitrice-olio-fda-bovini-1-gruppo-3-4.jpg","datePublished":"2026-03-03T16:31:13+00:00","description":"Obtenha o m\u00e1ximo da ordenha m\u00f3vel para vacas de um grupo! Desempenho excecional e manuten\u00e7\u00e3o reduzida, n\u00e3o perca a oportunidade! \ud83c\udf3e","breadcrumb":{"@id":"https:\/\/fdasrl.it\/pt-pt\/prodotto\/ordenha-movel-fa1775-com-bomba-de-vacuo-a-banho-de-oleo-para-bovinos-de-leite\/#breadcrumb"},"inLanguage":"pt-PT","potentialAction":[{"@type":"ReadAction","target":["https:\/\/fdasrl.it\/pt-pt\/prodotto\/ordenha-movel-fa1775-com-bomba-de-vacuo-a-banho-de-oleo-para-bovinos-de-leite\/"]}]},{"@type":"ImageObject","inLanguage":"pt-PT","@id":"https:\/\/fdasrl.it\/pt-pt\/prodotto\/ordenha-movel-fa1775-com-bomba-de-vacuo-a-banho-de-oleo-para-bovinos-de-leite\/#primaryimage","url":"https:\/\/fdasrl.it\/wp-content\/uploads\/2026\/03\/mungitrice-olio-fda-bovini-1-gruppo-3-4.jpg","contentUrl":"https:\/\/fdasrl.it\/wp-content\/uploads\/2026\/03\/mungitrice-olio-fda-bovini-1-gruppo-3-4.jpg","width":922,"height":800,"caption":"Ordenha m\u00f3vel FA1775 para bovinos com balde em a\u00e7o inoxid\u00e1vel, bomba de v\u00e1cuo lubrificada a \u00f3leo e grupo de ordenha."},{"@type":"BreadcrumbList","@id":"https:\/\/fdasrl.it\/pt-pt\/prodotto\/ordenha-movel-fa1775-com-bomba-de-vacuo-a-banho-de-oleo-para-bovinos-de-leite\/#breadcrumb","itemListElement":[{"@type":"ListItem","position":1,"name":"Home","item":"https:\/\/fdasrl.it\/pt-pt\/inicio\/"},{"@type":"ListItem","position":2,"name":"Loja","item":"https:\/\/fdasrl.it\/pt-pt\/loja\/"},{"@type":"ListItem","position":3,"name":"Ordenha m\u00f3vel FA1775 com bomba de v\u00e1cuo a banho de \u00f3leo para bovinos de leite"}]},{"@type":"WebSite","@id":"https:\/\/fdasrl.it\/pt-pt\/#website","url":"https:\/\/fdasrl.it\/pt-pt\/","name":"FDA srl","description":"Equipment for animal husbandry","publisher":{"@id":"https:\/\/fdasrl.it\/pt-pt\/#organization"},"potentialAction":[{"@type":"SearchAction","target":{"@type":"EntryPoint","urlTemplate":"https:\/\/fdasrl.it\/pt-pt\/?s={search_term_string}"},"query-input":{"@type":"PropertyValueSpecification","valueRequired":true,"valueName":"search_term_string"}}],"inLanguage":"pt-PT"},{"@type":"Organization","@id":"https:\/\/fdasrl.it\/pt-pt\/#organization","name":"FDA srl","url":"https:\/\/fdasrl.it\/pt-pt\/","logo":{"@type":"ImageObject","inLanguage":"pt-PT","@id":"https:\/\/fdasrl.it\/pt-pt\/#\/schema\/logo\/image\/","url":"https:\/\/fdasrl.it\/wp-content\/uploads\/2024\/12\/Logo-FDA.png","contentUrl":"https:\/\/fdasrl.it\/wp-content\/uploads\/2024\/12\/Logo-FDA.png","width":316,"height":119,"caption":"FDA srl"},"image":{"@id":"https:\/\/fdasrl.it\/pt-pt\/#\/schema\/logo\/image\/"},"sameAs":["https:\/\/www.facebook.com\/share\/1MWhFWg1Tp\/?mibextid=LQQJ4d","https:\/\/www.instagram.com\/fda_srl\/profilecard\/?igsh=YW5lbzJ6MWg0d21u","https:\/\/www.youtube.com\/@FDASRL_ANIMALCARE"],"description":"FDA SRL \u2013 Equipment for animal husbandry nasce con l\u2019obiettivo di offrire soluzioni affidabili e innovative per l\u2019allevamento moderno. Con anni di esperienza nel settore zootecnico, progettiamo e realizziamo attrezzature destinate al benessere animale e alla gestione efficiente delle stalle: vasche, abbeveratoi, mangiatoie e sistemi di riscaldamento pensati per durare nel tempo e semplificare il lavoro quotidiano degli allevatori. Dalla progettazione alla produzione, ogni nostro prodotto \u00e8 studiato nei minimi dettagli, testato con cura e costruito per rispondere alle esigenze reali del settore. La nostra forza \u00e8 unire artigianalit\u00e0, tecnologia e competenza tecnica per trasformare ogni progetto in una soluzione concreta e funzionale. Oggi FDA SRL \u00e8 un punto di riferimento per privati e rivenditori che cercano qualit\u00e0, affidabilit\u00e0 e innovazione nelle attrezzature per l\u2019allevamento.","email":"info@fdasrl.it","telephone":"+390522826820","legalName":"F.D.A. SRL","foundingDate":"2024-10-13","vatID":"03075840359","taxID":"03075840359","numberOfEmployees":{"@type":"QuantitativeValue","minValue":"1","maxValue":"10"}}]},"product_price_currency":"EUR","og_availability":"instock","product_availability":"instock","product_retailer_item_id":"FA1775","product_condition":"new"},"_links":{"self":[{"href":"https:\/\/fdasrl.it\/pt-pt\/wp-json\/wp\/v2\/product\/1629","targetHints":{"allow":["GET"]}}],"collection":[{"href":"https:\/\/fdasrl.it\/pt-pt\/wp-json\/wp\/v2\/product"}],"about":[{"href":"https:\/\/fdasrl.it\/pt-pt\/wp-json\/wp\/v2\/types\/product"}],"replies":[{"embeddable":true,"href":"https:\/\/fdasrl.it\/pt-pt\/wp-json\/wp\/v2\/comments?post=1629"}],"wp:featuredmedia":[{"embeddable":true,"href":"https:\/\/fdasrl.it\/pt-pt\/wp-json\/wp\/v2\/media\/1116"}],"wp:attachment":[{"href":"https:\/\/fdasrl.it\/pt-pt\/wp-json\/wp\/v2\/media?parent=1629"}],"wp:term":[{"taxonomy":"product_brand","embeddable":true,"href":"https:\/\/fdasrl.it\/pt-pt\/wp-json\/wp\/v2\/product_brand?post=1629"},{"taxonomy":"product_cat","embeddable":true,"href":"https:\/\/fdasrl.it\/pt-pt\/wp-json\/wp\/v2\/product_cat?post=1629"},{"taxonomy":"product_tag","embeddable":true,"href":"https:\/\/fdasrl.it\/pt-pt\/wp-json\/wp\/v2\/product_tag?post=1629"}],"curies":[{"name":"wp","href":"https:\/\/api.w.org\/{rel}","templated":true}]}}