{"id":1753,"date":"2026-03-04T09:25:32","date_gmt":"2026-03-04T08:25:32","guid":{"rendered":"https:\/\/fdasrl.it\/prodotto\/ordenha-movel-fa06433-para-cabras-e-ovelhas-com-4-grupos-e-bomba-de-vacuo-a-banho-de-oleo\/"},"modified":"2026-03-04T09:25:32","modified_gmt":"2026-03-04T08:25:32","slug":"ordenha-movel-fa06433-para-cabras-e-ovelhas-com-4-grupos-e-bomba-de-vacuo-a-banho-de-oleo","status":"publish","type":"product","link":"https:\/\/fdasrl.it\/pt-pt\/prodotto\/ordenha-movel-fa06433-para-cabras-e-ovelhas-com-4-grupos-e-bomba-de-vacuo-a-banho-de-oleo\/","title":{"rendered":"Ordenha m\u00f3vel FA06433 para cabras e ovelhas com 4 grupos e bomba de v\u00e1cuo a banho de \u00f3leo"},"content":{"rendered":"<div>\n<h3 data-start=\"306\" data-end=\"418\">\ud83d\udc10\ud83d\udc11 Ordenha m\u00f3vel FA06433 para cabras e ovelhas com 4 grupos e bomba de v\u00e1cuo a banho de \u00f3leo<\/h3>\n<p data-start=\"286\" data-end=\"451\">A <strong data-start=\"289\" data-end=\"341\">ordenha m\u00f3vel FA06433 para cabras e ovelhas<\/strong> foi concebida para garantir uma ordenha <strong data-start=\"383\" data-end=\"450\">r\u00e1pida, eficiente e higi\u00e9nica em explora\u00e7\u00f5es ovinas e caprinas<\/strong>.<\/p>\n<p data-start=\"453\" data-end=\"686\">Gra\u00e7as \u00e0 <strong data-start=\"465\" data-end=\"497\">estrutura m\u00f3vel sobre carro<\/strong> e ao sistema com <strong data-start=\"515\" data-end=\"549\">bomba de v\u00e1cuo a banho de \u00f3leo<\/strong>, permite ordenhar <strong data-start=\"571\" data-end=\"616\">at\u00e9 quatro animais simultaneamente<\/strong>, melhorando a produtividade e reduzindo os tempos de trabalho no est\u00e1bulo.<\/p>\n<p data-start=\"688\" data-end=\"849\">O sistema foi concebido para oferecer <strong data-start=\"724\" data-end=\"777\">fiabilidade, facilidade de utiliza\u00e7\u00e3o e longa dura\u00e7\u00e3o<\/strong>, com componentes resistentes e materiais adequados ao contacto com o leite.<\/p>\n<hr data-start=\"851\" data-end=\"854\">\n<h2 data-start=\"856\" data-end=\"885\">Caracter\u00edsticas principais<\/h2>\n<ul data-start=\"887\" data-end=\"1552\">\n<li data-start=\"887\" data-end=\"999\">\n<p data-start=\"889\" data-end=\"999\"><strong data-start=\"889\" data-end=\"974\">Bomba de v\u00e1cuo a banho de \u00f3leo de 280 L\/min com motor el\u00e9trico 220VAC \u2013 0,75 kW<\/strong> com tinas separadas**<\/p>\n<\/li>\n<li data-start=\"1000\" data-end=\"1046\">\n<p data-start=\"1002\" data-end=\"1046\"><strong data-start=\"1002\" data-end=\"1044\">N.\u00ba 4 grupos de ordenha para cabra\/ovelha<\/strong><\/p>\n<\/li>\n<li data-start=\"1047\" data-end=\"1108\">\n<p data-start=\"1049\" data-end=\"1108\"><strong data-start=\"1049\" data-end=\"1106\">N.\u00ba 2 pulsadores pneum\u00e1ticos cabra\/ovelha (90\u2013120 bpm)*<\/strong><\/p>\n<\/li>\n<li data-start=\"1109\" data-end=\"1160\">\n<p data-start=\"1111\" data-end=\"1160\"><strong data-start=\"1111\" data-end=\"1158\">Casquilhos em policarbonato de alta resist\u00eancia<\/strong><\/p>\n<\/li>\n<li data-start=\"1161\" data-end=\"1223\">\n<p data-start=\"1163\" data-end=\"1223\"><strong data-start=\"1163\" data-end=\"1221\">N.\u00ba 4 coletores alimentares para cabra\/ovelha mod. 13300<\/strong><\/p>\n<\/li>\n<li data-start=\"1224\" data-end=\"1267\">\n<p data-start=\"1226\" data-end=\"1267\"><strong data-start=\"1226\" data-end=\"1265\">Tetinas de silicone para ordenha<\/strong><\/p>\n<\/li>\n<li data-start=\"1268\" data-end=\"1334\">\n<p data-start=\"1270\" data-end=\"1334\"><strong data-start=\"1270\" data-end=\"1332\">Reservat\u00f3rio de v\u00e1cuo de 18 litros com v\u00e1lvula de regula\u00e7\u00e3o<\/strong><\/p>\n<\/li>\n<li data-start=\"1335\" data-end=\"1385\">\n<p data-start=\"1337\" data-end=\"1385\"><strong data-start=\"1337\" data-end=\"1383\">Vacu\u00f3metro para controlo da depress\u00e3o<\/strong><\/p>\n<\/li>\n<li data-start=\"1386\" data-end=\"1421\">\n<p data-start=\"1388\" data-end=\"1421\"><strong data-start=\"1388\" data-end=\"1419\">Torneira de v\u00e1cuo de 1\/2&#8243;<\/strong><\/p>\n<\/li>\n<li data-start=\"1422\" data-end=\"1471\">\n<p data-start=\"1424\" data-end=\"1471\"><strong data-start=\"1424\" data-end=\"1469\">Balde de leite em a\u00e7o inoxid\u00e1vel de 40 litros<\/strong><\/p>\n<\/li>\n<li data-start=\"1472\" data-end=\"1528\">\n<p data-start=\"1474\" data-end=\"1528\"><strong data-start=\"1474\" data-end=\"1526\">Tubagens de ordenha de 2,5 metros para cada grupo<\/strong><\/p>\n<\/li>\n<li data-start=\"1529\" data-end=\"1552\">\n<p data-start=\"1531\" data-end=\"1552\"><strong data-start=\"1531\" data-end=\"1552\">Certifica\u00e7\u00e3o CE<\/strong><\/p>\n<\/li>\n<\/ul>\n<hr data-start=\"1554\" data-end=\"1557\">\n<h2 data-start=\"1559\" data-end=\"1579\">Equipamento inclu\u00eddo<\/h2>\n<p data-start=\"1581\" data-end=\"1683\">Para facilitar a manuten\u00e7\u00e3o e garantir elevados padr\u00f5es higi\u00e9nicos, a ordenha \u00e9 fornecida com:<\/p>\n<ul data-start=\"1685\" data-end=\"1757\">\n<li data-start=\"1685\" data-end=\"1720\">\n<p data-start=\"1687\" data-end=\"1720\"><strong data-start=\"1687\" data-end=\"1720\">Conjunto de escovas para limpeza<\/strong><\/p>\n<\/li>\n<li data-start=\"1721\" data-end=\"1757\">\n<p data-start=\"1723\" data-end=\"1757\"><strong data-start=\"1723\" data-end=\"1757\">Detergente alcalino de 1 litro<\/strong><\/p>\n<\/li>\n<\/ul>\n<p data-start=\"1759\" data-end=\"1913\">As pe\u00e7as em contacto com o leite s\u00e3o fabricadas com <strong data-start=\"1812\" data-end=\"1851\">materiais adequados ao uso alimentar<\/strong>, para assegurar <strong data-start=\"1868\" data-end=\"1912\">higiene, seguran\u00e7a e resist\u00eancia ao longo do tempo<\/strong>.<\/p>\n<hr data-start=\"1915\" data-end=\"1918\">\n<h2 data-start=\"1920\" data-end=\"1943\">Opcionais dispon\u00edveis<\/h2>\n<p data-start=\"1945\" data-end=\"2011\">* <strong data-start=\"1948\" data-end=\"2011\">Pulsador eletr\u00f3nico com placa interna 24VDC + centralina<\/strong><\/p>\n<p data-start=\"2013\" data-end=\"2100\">** <strong data-start=\"2018\" data-end=\"2100\">Bomba de v\u00e1cuo a banho de \u00f3leo 400 L\/min com motor el\u00e9trico 220VAC \u2013 1,10 kW<\/strong><\/p>\n<hr data-start=\"2102\" data-end=\"2105\">\n<p data-start=\"2107\" data-end=\"2325\">\u2705 <strong data-start=\"2109\" data-end=\"2325\">A ordenha m\u00f3vel FA06433 \u00e9 a solu\u00e7\u00e3o ideal para explora\u00e7\u00f5es de cabras e ovelhas que necessitam de um sistema de ordenha m\u00f3vel, fi\u00e1vel e concebido para trabalhar com v\u00e1rios animais simultaneamente.<\/strong><\/p>\n<hr data-start=\"1949\" data-end=\"1952\">\n<h4 data-start=\"1954\" data-end=\"1993\"><\/h4>\n<h4 data-start=\"1954\" data-end=\"1993\">Revendedores e distribuidores: solicite informa\u00e7\u00f5es <a href=\"https:\/\/fdasrl.it\/pt-pt\/contactos\/\">(CLIQUE AQUI)<\/a><\/h4>\n<h4 data-start=\"1954\" data-end=\"1993\">\ud83d\uded2 Adquira online &#8211; <strong data-start=\"1961\" data-end=\"1993\">Dispon\u00edvel em duas vers\u00f5es:<\/strong><\/h4>\n<ul data-start=\"1994\" data-end=\"2080\">\n<li data-start=\"1994\" data-end=\"2037\">\n<p data-start=\"1996\" data-end=\"2037\">\u2705 [<strong data-start=\"1999\" data-end=\"2021\">Vers\u00e3o para cabras<\/strong> \u2013 <a href=\"https:\/\/fda-shop.it\/shop\/mungitura\/mungitrici-carrellate\/mungitrice-carrellata-4-gruppi-per-capre-e-pecore-con-pompa-a-bagno-olio-280-400-lmin#\/302-tipo_motore_olio-motore_standard_280_litri_pecore\">clique aqui<\/a>]<\/p>\n<\/li>\n<li data-start=\"2038\" data-end=\"2080\">\n<p data-start=\"2040\" data-end=\"2080\">\u2705 [<strong data-start=\"2043\" data-end=\"2066\">Vers\u00e3o para ovelhas<\/strong> \u2013 <a href=\"https:\/\/fda-shop.it\/shop\/mungitura\/mungitrici-carrellate\/mungitrice-carrellata-4-gruppi-per-capre-e-pecore-con-pompa-a-bagno-olio-280-400-lmin#\/302-tipo_motore_olio-motore_standard_280_litri_pecore\">clique aqui<\/a>]<\/p>\n<\/li>\n<\/ul>\n<\/div>\n","protected":false},"excerpt":{"rendered":"<p>Ordenha m\u00f3vel FA06433 para cabras e ovelhas com 4 grupos de ordenha e bomba de v\u00e1cuo a banho de \u00f3leo de 280 L\/min (opcional 400 L\/min). Equipada com balde de leite inox de 40 L, casquilhos em policarbonato e tetinas de silicone. Sistema m\u00f3vel, fi\u00e1vel e certificado CE, ideal para a ordenha simult\u00e2nea de v\u00e1rios animais.  <\/p>\n","protected":false},"featured_media":1133,"comment_status":"open","ping_status":"closed","template":"","meta":{"_et_pb_use_builder":"","_et_pb_old_content":"","_et_gb_content_width":""},"product_brand":[],"product_cat":[384,412],"product_tag":[413],"class_list":{"0":"post-1753","1":"product","2":"type-product","3":"status-publish","4":"has-post-thumbnail","6":"product_cat-ordenhas-moveis","7":"product_cat-ovinos-e-caprinos","8":"product_tag-fa06433","10":"first","11":"instock","12":"shipping-taxable","13":"product-type-simple"},"yoast_head":"<!-- This site is optimized with the Yoast SEO Premium plugin v27.5 (Yoast SEO v27.5) - https:\/\/yoast.com\/product\/yoast-seo-premium-wordpress\/ -->\n<title>Ordenha m\u00f3vel cabras ovelhas 4 grupos bomba a banho de \u00f3leo<\/title>\n<meta name=\"description\" content=\"Descubra a ordenha m\u00f3vel para cabras e ovelhas, ideal para uma ordenha r\u00e1pida e higi\u00e9nica. Aumente a sua produtividade no est\u00e1bulo!\" \/>\n<meta name=\"robots\" content=\"index, follow, max-snippet:-1, max-image-preview:large, max-video-preview:-1\" \/>\n<link rel=\"canonical\" href=\"https:\/\/fdasrl.it\/pt-pt\/prodotto\/ordenha-movel-fa06433-para-cabras-e-ovelhas-com-4-grupos-e-bomba-de-vacuo-a-banho-de-oleo\/\" \/>\n<meta property=\"og:locale\" content=\"pt_PT\" \/>\n<meta property=\"og:type\" content=\"article\" \/>\n<meta property=\"og:title\" content=\"Ordenha m\u00f3vel FA06433 para cabras e ovelhas com 4 grupos e bomba de v\u00e1cuo a banho de \u00f3leo\" \/>\n<meta property=\"og:description\" content=\"Descubra a ordenha m\u00f3vel para cabras e ovelhas, ideal para uma ordenha r\u00e1pida e higi\u00e9nica. Aumente a sua produtividade no est\u00e1bulo!\" \/>\n<meta property=\"og:url\" content=\"https:\/\/fdasrl.it\/pt-pt\/prodotto\/ordenha-movel-fa06433-para-cabras-e-ovelhas-com-4-grupos-e-bomba-de-vacuo-a-banho-de-oleo\/\" \/>\n<meta property=\"og:site_name\" content=\"FDA srl\" \/>\n<meta property=\"article:publisher\" content=\"https:\/\/www.facebook.com\/share\/1MWhFWg1Tp\/?mibextid=LQQJ4d\" \/>\n<meta property=\"og:image\" content=\"https:\/\/fdasrl.it\/wp-content\/uploads\/2026\/03\/mungitrice-carrellata-4-gruppi-per-capre-e-pecore-con-pompa-a-olio-280-lmin-3.jpg\" \/>\n\t<meta property=\"og:image:width\" content=\"1327\" \/>\n\t<meta property=\"og:image:height\" content=\"1365\" \/>\n\t<meta property=\"og:image:type\" content=\"image\/jpeg\" \/>\n<meta name=\"twitter:card\" content=\"summary_large_image\" \/>\n<meta name=\"twitter:label1\" content=\"pre\u00e7o\" \/>\n\t<meta name=\"twitter:data1\" content=\"\" \/>\n\t<meta name=\"twitter:label2\" content=\"Disponibilidade\" \/>\n\t<meta name=\"twitter:data2\" content=\"Em stock\" \/>\n<meta property=\"product:price:currency\" content=\"EUR\" \/>\n<meta property=\"og:availability\" content=\"instock\" \/>\n<meta property=\"product:availability\" content=\"instock\" \/>\n<meta property=\"product:retailer_item_id\" content=\"FA06433\" \/>\n<meta property=\"product:condition\" content=\"new\" \/>\n<!-- \/ Yoast SEO Premium plugin. -->","yoast_head_json":{"title":"Ordenha m\u00f3vel cabras ovelhas 4 grupos bomba a banho de \u00f3leo","description":"Descubra a ordenha m\u00f3vel para cabras e ovelhas, ideal para uma ordenha r\u00e1pida e higi\u00e9nica. Aumente a sua produtividade no est\u00e1bulo!","robots":{"index":"index","follow":"follow","max-snippet":"max-snippet:-1","max-image-preview":"max-image-preview:large","max-video-preview":"max-video-preview:-1"},"canonical":"https:\/\/fdasrl.it\/pt-pt\/prodotto\/ordenha-movel-fa06433-para-cabras-e-ovelhas-com-4-grupos-e-bomba-de-vacuo-a-banho-de-oleo\/","og_locale":"pt_PT","og_type":"article","og_title":"Ordenha m\u00f3vel FA06433 para cabras e ovelhas com 4 grupos e bomba de v\u00e1cuo a banho de \u00f3leo","og_description":"Descubra a ordenha m\u00f3vel para cabras e ovelhas, ideal para uma ordenha r\u00e1pida e higi\u00e9nica. Aumente a sua produtividade no est\u00e1bulo!","og_url":"https:\/\/fdasrl.it\/pt-pt\/prodotto\/ordenha-movel-fa06433-para-cabras-e-ovelhas-com-4-grupos-e-bomba-de-vacuo-a-banho-de-oleo\/","og_site_name":"FDA srl","article_publisher":"https:\/\/www.facebook.com\/share\/1MWhFWg1Tp\/?mibextid=LQQJ4d","og_image":[{"width":1327,"height":1365,"url":"https:\/\/fdasrl.it\/wp-content\/uploads\/2026\/03\/mungitrice-carrellata-4-gruppi-per-capre-e-pecore-con-pompa-a-olio-280-lmin-3.jpg","type":"image\/jpeg"}],"twitter_card":"summary_large_image","twitter_misc":{"pre\u00e7o":"","Disponibilidade":"Em stock"},"schema":{"@context":"https:\/\/schema.org","@graph":[{"@type":"WebPage","@id":"https:\/\/fdasrl.it\/pt-pt\/prodotto\/ordenha-movel-fa06433-para-cabras-e-ovelhas-com-4-grupos-e-bomba-de-vacuo-a-banho-de-oleo\/","url":"https:\/\/fdasrl.it\/pt-pt\/prodotto\/ordenha-movel-fa06433-para-cabras-e-ovelhas-com-4-grupos-e-bomba-de-vacuo-a-banho-de-oleo\/","name":"Ordenha m\u00f3vel cabras ovelhas 4 grupos bomba a banho de \u00f3leo","isPartOf":{"@id":"https:\/\/fdasrl.it\/pt-pt\/#website"},"primaryImageOfPage":{"@id":"https:\/\/fdasrl.it\/pt-pt\/prodotto\/ordenha-movel-fa06433-para-cabras-e-ovelhas-com-4-grupos-e-bomba-de-vacuo-a-banho-de-oleo\/#primaryimage"},"image":{"@id":"https:\/\/fdasrl.it\/pt-pt\/prodotto\/ordenha-movel-fa06433-para-cabras-e-ovelhas-com-4-grupos-e-bomba-de-vacuo-a-banho-de-oleo\/#primaryimage"},"thumbnailUrl":"https:\/\/fdasrl.it\/wp-content\/uploads\/2026\/03\/mungitrice-carrellata-4-gruppi-per-capre-e-pecore-con-pompa-a-olio-280-lmin-3.jpg","datePublished":"2026-03-04T08:25:32+00:00","description":"Descubra a ordenha m\u00f3vel para cabras e ovelhas, ideal para uma ordenha r\u00e1pida e higi\u00e9nica. Aumente a sua produtividade no est\u00e1bulo!","breadcrumb":{"@id":"https:\/\/fdasrl.it\/pt-pt\/prodotto\/ordenha-movel-fa06433-para-cabras-e-ovelhas-com-4-grupos-e-bomba-de-vacuo-a-banho-de-oleo\/#breadcrumb"},"inLanguage":"pt-PT","potentialAction":[{"@type":"ReadAction","target":["https:\/\/fdasrl.it\/pt-pt\/prodotto\/ordenha-movel-fa06433-para-cabras-e-ovelhas-com-4-grupos-e-bomba-de-vacuo-a-banho-de-oleo\/"]}]},{"@type":"ImageObject","inLanguage":"pt-PT","@id":"https:\/\/fdasrl.it\/pt-pt\/prodotto\/ordenha-movel-fa06433-para-cabras-e-ovelhas-com-4-grupos-e-bomba-de-vacuo-a-banho-de-oleo\/#primaryimage","url":"https:\/\/fdasrl.it\/wp-content\/uploads\/2026\/03\/mungitrice-carrellata-4-gruppi-per-capre-e-pecore-con-pompa-a-olio-280-lmin-3.jpg","contentUrl":"https:\/\/fdasrl.it\/wp-content\/uploads\/2026\/03\/mungitrice-carrellata-4-gruppi-per-capre-e-pecore-con-pompa-a-olio-280-lmin-3.jpg","width":1327,"height":1365,"caption":"Ordenha profissional para cabras e ovelhas com quatro grupos de ordenha e balde de leite em a\u00e7o inoxid\u00e1vel."},{"@type":"BreadcrumbList","@id":"https:\/\/fdasrl.it\/pt-pt\/prodotto\/ordenha-movel-fa06433-para-cabras-e-ovelhas-com-4-grupos-e-bomba-de-vacuo-a-banho-de-oleo\/#breadcrumb","itemListElement":[{"@type":"ListItem","position":1,"name":"Home","item":"https:\/\/fdasrl.it\/pt-pt\/inicio\/"},{"@type":"ListItem","position":2,"name":"Loja","item":"https:\/\/fdasrl.it\/pt-pt\/loja\/"},{"@type":"ListItem","position":3,"name":"Ordenha m\u00f3vel FA06433 para cabras e ovelhas com 4 grupos e bomba de v\u00e1cuo a banho de \u00f3leo"}]},{"@type":"WebSite","@id":"https:\/\/fdasrl.it\/pt-pt\/#website","url":"https:\/\/fdasrl.it\/pt-pt\/","name":"FDA srl","description":"Equipment for animal husbandry","publisher":{"@id":"https:\/\/fdasrl.it\/pt-pt\/#organization"},"potentialAction":[{"@type":"SearchAction","target":{"@type":"EntryPoint","urlTemplate":"https:\/\/fdasrl.it\/pt-pt\/?s={search_term_string}"},"query-input":{"@type":"PropertyValueSpecification","valueRequired":true,"valueName":"search_term_string"}}],"inLanguage":"pt-PT"},{"@type":"Organization","@id":"https:\/\/fdasrl.it\/pt-pt\/#organization","name":"FDA srl","url":"https:\/\/fdasrl.it\/pt-pt\/","logo":{"@type":"ImageObject","inLanguage":"pt-PT","@id":"https:\/\/fdasrl.it\/pt-pt\/#\/schema\/logo\/image\/","url":"https:\/\/fdasrl.it\/wp-content\/uploads\/2024\/12\/Logo-FDA.png","contentUrl":"https:\/\/fdasrl.it\/wp-content\/uploads\/2024\/12\/Logo-FDA.png","width":316,"height":119,"caption":"FDA srl"},"image":{"@id":"https:\/\/fdasrl.it\/pt-pt\/#\/schema\/logo\/image\/"},"sameAs":["https:\/\/www.facebook.com\/share\/1MWhFWg1Tp\/?mibextid=LQQJ4d","https:\/\/www.instagram.com\/fda_srl\/profilecard\/?igsh=YW5lbzJ6MWg0d21u","https:\/\/www.youtube.com\/@FDASRL_ANIMALCARE"],"description":"FDA SRL \u2013 Equipment for animal husbandry nasce con l\u2019obiettivo di offrire soluzioni affidabili e innovative per l\u2019allevamento moderno. Con anni di esperienza nel settore zootecnico, progettiamo e realizziamo attrezzature destinate al benessere animale e alla gestione efficiente delle stalle: vasche, abbeveratoi, mangiatoie e sistemi di riscaldamento pensati per durare nel tempo e semplificare il lavoro quotidiano degli allevatori. Dalla progettazione alla produzione, ogni nostro prodotto \u00e8 studiato nei minimi dettagli, testato con cura e costruito per rispondere alle esigenze reali del settore. La nostra forza \u00e8 unire artigianalit\u00e0, tecnologia e competenza tecnica per trasformare ogni progetto in una soluzione concreta e funzionale. Oggi FDA SRL \u00e8 un punto di riferimento per privati e rivenditori che cercano qualit\u00e0, affidabilit\u00e0 e innovazione nelle attrezzature per l\u2019allevamento.","email":"info@fdasrl.it","telephone":"+390522826820","legalName":"F.D.A. SRL","foundingDate":"2024-10-13","vatID":"03075840359","taxID":"03075840359","numberOfEmployees":{"@type":"QuantitativeValue","minValue":"1","maxValue":"10"}}]},"product_price_currency":"EUR","og_availability":"instock","product_availability":"instock","product_retailer_item_id":"FA06433","product_condition":"new"},"_links":{"self":[{"href":"https:\/\/fdasrl.it\/pt-pt\/wp-json\/wp\/v2\/product\/1753","targetHints":{"allow":["GET"]}}],"collection":[{"href":"https:\/\/fdasrl.it\/pt-pt\/wp-json\/wp\/v2\/product"}],"about":[{"href":"https:\/\/fdasrl.it\/pt-pt\/wp-json\/wp\/v2\/types\/product"}],"replies":[{"embeddable":true,"href":"https:\/\/fdasrl.it\/pt-pt\/wp-json\/wp\/v2\/comments?post=1753"}],"wp:featuredmedia":[{"embeddable":true,"href":"https:\/\/fdasrl.it\/pt-pt\/wp-json\/wp\/v2\/media\/1133"}],"wp:attachment":[{"href":"https:\/\/fdasrl.it\/pt-pt\/wp-json\/wp\/v2\/media?parent=1753"}],"wp:term":[{"taxonomy":"product_brand","embeddable":true,"href":"https:\/\/fdasrl.it\/pt-pt\/wp-json\/wp\/v2\/product_brand?post=1753"},{"taxonomy":"product_cat","embeddable":true,"href":"https:\/\/fdasrl.it\/pt-pt\/wp-json\/wp\/v2\/product_cat?post=1753"},{"taxonomy":"product_tag","embeddable":true,"href":"https:\/\/fdasrl.it\/pt-pt\/wp-json\/wp\/v2\/product_tag?post=1753"}],"curies":[{"name":"wp","href":"https:\/\/api.w.org\/{rel}","templated":true}]}}