{"id":1829,"date":"2026-03-04T08:42:29","date_gmt":"2026-03-04T07:42:29","guid":{"rendered":"https:\/\/fdasrl.it\/prodotto\/ordenha-movel-fa1625-de-dois-grupos-para-bovinos-com-bomba-de-vacuo-a-banho-de-oleo\/"},"modified":"2026-03-04T08:42:29","modified_gmt":"2026-03-04T07:42:29","slug":"ordenha-movel-fa1625-de-dois-grupos-para-bovinos-com-bomba-de-vacuo-a-banho-de-oleo","status":"publish","type":"product","link":"https:\/\/fdasrl.it\/pt-pt\/prodotto\/ordenha-movel-fa1625-de-dois-grupos-para-bovinos-com-bomba-de-vacuo-a-banho-de-oleo\/","title":{"rendered":"Ordenha m\u00f3vel FA1625 de dois grupos para bovinos com bomba de v\u00e1cuo a banho de \u00f3leo"},"content":{"rendered":"<div>\n<h1 data-start=\"130\" data-end=\"209\">Ordenha m\u00f3vel FA1625 de dois grupos para bovinos com bomba a banho de \u00f3leo<\/h1>\n<p data-start=\"211\" data-end=\"372\">A <strong data-start=\"214\" data-end=\"272\">ordenha m\u00f3vel FA1625 de dois grupos de ordenha<\/strong> foi concebida para garantir uma ordenha <strong data-start=\"314\" data-end=\"371\">eficiente, fi\u00e1vel e higi\u00e9nica de bovinos leiteiros<\/strong>.<\/p>\n<p data-start=\"374\" data-end=\"634\">Gra\u00e7as \u00e0 <strong data-start=\"386\" data-end=\"418\">estrutura m\u00f3vel sobre carro<\/strong> e ao sistema com <strong data-start=\"436\" data-end=\"470\">bomba de v\u00e1cuo a banho de \u00f3leo<\/strong>, representa uma solu\u00e7\u00e3o ideal para explora\u00e7\u00f5es pecu\u00e1rias que necessitam de uma instala\u00e7\u00e3o de ordenha <strong data-start=\"573\" data-end=\"633\">robusta, pr\u00e1tica e adequada para utiliza\u00e7\u00e3o direta no est\u00e1bulo<\/strong>.<\/p>\n<p data-start=\"636\" data-end=\"787\">O sistema de <strong data-start=\"649\" data-end=\"673\">dois grupos de ordenha<\/strong> permite ordenhar <strong data-start=\"694\" data-end=\"727\">duas vacas simultaneamente<\/strong>, melhorando a produtividade e reduzindo os tempos de trabalho.<\/p>\n<hr data-start=\"789\" data-end=\"792\">\n<h2 data-start=\"794\" data-end=\"823\">Caracter\u00edsticas principais<\/h2>\n<ul data-start=\"825\" data-end=\"1092\">\n<li data-start=\"825\" data-end=\"874\">\n<p data-start=\"827\" data-end=\"874\"><strong data-start=\"827\" data-end=\"874\">Bomba de v\u00e1cuo a banho de \u00f3leo de 280 L\/min*<\/strong><\/p>\n<\/li>\n<li data-start=\"875\" data-end=\"912\">\n<p data-start=\"877\" data-end=\"912\"><strong data-start=\"877\" data-end=\"912\">Motor el\u00e9trico 220V \u2013 0,75 kW<\/strong><\/p>\n<\/li>\n<li data-start=\"913\" data-end=\"947\">\n<p data-start=\"915\" data-end=\"947\">Bomba com <strong data-start=\"925\" data-end=\"947\">reservat\u00f3rios separados<\/strong><\/p>\n<\/li>\n<li data-start=\"948\" data-end=\"985\">\n<p data-start=\"950\" data-end=\"985\"><strong data-start=\"950\" data-end=\"985\">Reservat\u00f3rio de v\u00e1cuo de 18 litros<\/strong><\/p>\n<\/li>\n<li data-start=\"986\" data-end=\"1034\">\n<p data-start=\"988\" data-end=\"1034\"><strong data-start=\"988\" data-end=\"1002\">Vacu\u00f3metro<\/strong> para controlo da depress\u00e3o<\/p>\n<\/li>\n<li data-start=\"1035\" data-end=\"1068\">\n<p data-start=\"1037\" data-end=\"1068\"><strong data-start=\"1037\" data-end=\"1068\">Torneira de v\u00e1cuo de 1\/2&#8243;<\/strong><\/p>\n<\/li>\n<li data-start=\"1069\" data-end=\"1092\">\n<p data-start=\"1071\" data-end=\"1092\"><strong data-start=\"1071\" data-end=\"1092\">Certifica\u00e7\u00e3o CE<\/strong><\/p>\n<\/li>\n<\/ul>\n<hr data-start=\"1094\" data-end=\"1097\">\n<h2 data-start=\"1099\" data-end=\"1138\">Grupos de ordenha para bovinos leiteiros<\/h2>\n<p data-start=\"1140\" data-end=\"1211\">A ordenha est\u00e1 equipada com <strong data-start=\"1166\" data-end=\"1197\">2 grupos de ordenha completos<\/strong>, compostos por:<\/p>\n<ul data-start=\"1213\" data-end=\"1391\">\n<li data-start=\"1213\" data-end=\"1241\">\n<p data-start=\"1215\" data-end=\"1241\"><strong data-start=\"1215\" data-end=\"1241\">2 coletores de 250 cc<\/strong><\/p>\n<\/li>\n<li data-start=\"1242\" data-end=\"1280\">\n<p data-start=\"1244\" data-end=\"1280\"><strong data-start=\"1244\" data-end=\"1280\">2 pulsadores pneum\u00e1ticos de 60 bpm*<\/strong><\/p>\n<\/li>\n<li data-start=\"1281\" data-end=\"1321\">\n<p data-start=\"1283\" data-end=\"1321\"><strong data-start=\"1283\" data-end=\"1321\">tetinas em a\u00e7o inoxid\u00e1vel de 155 mm<\/strong><\/p>\n<\/li>\n<li data-start=\"1322\" data-end=\"1343\">\n<p data-start=\"1324\" data-end=\"1343\"><strong data-start=\"1324\" data-end=\"1343\">orif\u00edcio de 16,5 mm<\/strong><\/p>\n<\/li>\n<li data-start=\"1344\" data-end=\"1391\">\n<p data-start=\"1346\" data-end=\"1391\"><strong data-start=\"1346\" data-end=\"1391\">borrachas de ordenha compat\u00edveis tipo DeLaval<\/strong><\/p>\n<\/li>\n<\/ul>\n<hr data-start=\"1393\" data-end=\"1396\">\n<h2 data-start=\"1398\" data-end=\"1418\">Equipamento inclu\u00eddo<\/h2>\n<ul data-start=\"1420\" data-end=\"1596\">\n<li data-start=\"1420\" data-end=\"1468\">\n<p data-start=\"1422\" data-end=\"1468\"><strong data-start=\"1422\" data-end=\"1468\">2 baldes de leite em a\u00e7o inoxid\u00e1vel de 30 litros<\/strong><\/p>\n<\/li>\n<li data-start=\"1469\" data-end=\"1523\">\n<p data-start=\"1471\" data-end=\"1523\"><strong data-start=\"1471\" data-end=\"1523\">tubagens de ordenha de 2,5 metros para cada grupo<\/strong><\/p>\n<\/li>\n<li data-start=\"1524\" data-end=\"1559\">\n<p data-start=\"1526\" data-end=\"1559\"><strong data-start=\"1526\" data-end=\"1559\">conjunto de escovas para limpeza<\/strong><\/p>\n<\/li>\n<li data-start=\"1560\" data-end=\"1596\">\n<p data-start=\"1562\" data-end=\"1596\"><strong data-start=\"1562\" data-end=\"1596\">detergente alcalino de 1 litro<\/strong><\/p>\n<\/li>\n<\/ul>\n<p data-start=\"1598\" data-end=\"1736\">Todas as pe\u00e7as em contacto com o leite s\u00e3o fabricadas em <strong data-start=\"1656\" data-end=\"1672\">a\u00e7o inoxid\u00e1vel<\/strong>, para garantir <strong data-start=\"1688\" data-end=\"1735\">m\u00e1xima higiene e resist\u00eancia \u00e0 corros\u00e3o<\/strong>.<\/p>\n<hr data-start=\"1738\" data-end=\"1741\">\n<h2 data-start=\"1743\" data-end=\"1766\">* Opcionais dispon\u00edveis<\/h2>\n<ul data-start=\"1768\" data-end=\"1923\">\n<li data-start=\"1768\" data-end=\"1833\">\n<p data-start=\"1770\" data-end=\"1833\"><strong data-start=\"1770\" data-end=\"1833\">Pulsador eletr\u00f3nico com placa interna 24VDC + centralina<\/strong><\/p>\n<\/li>\n<li data-start=\"1834\" data-end=\"1923\">\n<p data-start=\"1836\" data-end=\"1883\"><strong data-start=\"1836\" data-end=\"1883\">Bomba de v\u00e1cuo a banho de \u00f3leo de 400 L\/min<\/strong><\/p>\n<ul data-start=\"1886\" data-end=\"1923\">\n<li data-start=\"1886\" data-end=\"1923\">\n<p data-start=\"1888\" data-end=\"1923\">Motor el\u00e9trico <strong data-start=\"1905\" data-end=\"1923\">220V \u2013 1,10 kW<\/strong><\/p>\n<\/li>\n<\/ul>\n<\/li>\n<\/ul>\n<hr data-start=\"1925\" data-end=\"1928\">\n<h2 data-start=\"1930\" data-end=\"1965\">Vantagens da ordenha FA1625<\/h2>\n<ul data-start=\"1967\" data-end=\"2168\">\n<li data-start=\"1967\" data-end=\"2007\">\n<p data-start=\"1969\" data-end=\"2007\">ordenha <strong data-start=\"1979\" data-end=\"2007\">simult\u00e2nea de dois bovinos<\/strong><\/p>\n<\/li>\n<li data-start=\"2008\" data-end=\"2043\">\n<p data-start=\"2010\" data-end=\"2043\">estrutura <strong data-start=\"2020\" data-end=\"2043\">m\u00f3vel e resistente<\/strong><\/p>\n<\/li>\n<li data-start=\"2044\" data-end=\"2091\">\n<p data-start=\"2046\" data-end=\"2091\"><strong data-start=\"2046\" data-end=\"2091\">bomba a banho de \u00f3leo de alta fiabilidade<\/strong><\/p>\n<\/li>\n<li data-start=\"2092\" data-end=\"2115\">\n<p data-start=\"2094\" data-end=\"2115\">manuten\u00e7\u00e3o simples<\/p>\n<\/li>\n<li data-start=\"2116\" data-end=\"2168\">\n<p data-start=\"2118\" data-end=\"2168\">sistema concebido para <strong data-start=\"2141\" data-end=\"2168\">uso intensivo no est\u00e1bulo<\/strong><\/p>\n<\/li>\n<\/ul>\n<\/div>\n<div><\/div>\n<div>\n<p data-start=\"2990\" data-end=\"3172\">Revendedores e distribuidores: solicite informa\u00e7\u00f5es <a href=\"https:\/\/fdasrl.it\/pt-pt\/contactos\/\">(CLIQUE AQUI)<\/a><\/p>\n<\/div>\n<div>Adquira na nossa <a href=\"https:\/\/fda-shop.it\/shop\/mungitura\/mungitrici-carrellate\/mungitrice-bovini\/mungitrice-carrellata-fa1625-a-2-gruppi-con-pompa-del-vuoto-a-bagno-dolio-per-bovini#\/307-tipo_motore_olio-motore_standard_280_litri_bovini\" target=\"_blank\" rel=\"noopener\">loja online<\/a><\/div>\n<p>&nbsp;<\/p>\n","protected":false},"excerpt":{"rendered":"<p>Ordenha m\u00f3vel FA1625 de dois grupos para bovinos leiteiros com bomba de v\u00e1cuo a banho de \u00f3leo de 280 ou 400 L\/min. Equipada com dois grupos de ordenha completos, dois baldes de leite inox de 30 L e estrutura m\u00f3vel sobre carro. Sistema fi\u00e1vel e certificado CE, ideal para ordenhar duas vacas simultaneamente no est\u00e1bulo.  <\/p>\n","protected":false},"featured_media":1124,"comment_status":"open","ping_status":"closed","template":"","meta":{"_et_pb_use_builder":"","_et_pb_old_content":"","_et_gb_content_width":""},"product_brand":[],"product_cat":[383,384],"product_tag":[424],"class_list":{"0":"post-1829","1":"product","2":"type-product","3":"status-publish","4":"has-post-thumbnail","6":"product_cat-bovinos","7":"product_cat-ordenhas-moveis","8":"product_tag-fa1625","10":"first","11":"instock","12":"shipping-taxable","13":"product-type-simple"},"yoast_head":"<!-- This site is optimized with the Yoast SEO Premium plugin v27.5 (Yoast SEO v27.5) - https:\/\/yoast.com\/product\/yoast-seo-premium-wordpress\/ -->\n<title>Ordenha m\u00f3vel bovinos 2 grupos bomba a banho de \u00f3leo - FDA srl<\/title>\n<meta name=\"description\" content=\"Simplifique a sua ordenha com a ordenha m\u00f3vel bovinos 2 grupos bomba a banho de \u00f3leo. \u00d3tima para uso direto no est\u00e1bulo e robusta! \ud83d\udc4c\" \/>\n<meta name=\"robots\" content=\"index, follow, max-snippet:-1, max-image-preview:large, max-video-preview:-1\" \/>\n<link rel=\"canonical\" href=\"https:\/\/fdasrl.it\/pt-pt\/prodotto\/ordenha-movel-fa1625-de-dois-grupos-para-bovinos-com-bomba-de-vacuo-a-banho-de-oleo\/\" \/>\n<meta property=\"og:locale\" content=\"pt_PT\" \/>\n<meta property=\"og:type\" content=\"article\" \/>\n<meta property=\"og:title\" content=\"Ordenha m\u00f3vel FA1625 de dois grupos para bovinos com bomba de v\u00e1cuo a banho de \u00f3leo\" \/>\n<meta property=\"og:description\" content=\"Simplifique a sua ordenha com a ordenha m\u00f3vel bovinos 2 grupos bomba a banho de \u00f3leo. \u00d3tima para uso direto no est\u00e1bulo e robusta! \ud83d\udc4c\" \/>\n<meta property=\"og:url\" content=\"https:\/\/fdasrl.it\/pt-pt\/prodotto\/ordenha-movel-fa1625-de-dois-grupos-para-bovinos-com-bomba-de-vacuo-a-banho-de-oleo\/\" \/>\n<meta property=\"og:site_name\" content=\"FDA srl\" \/>\n<meta property=\"article:publisher\" content=\"https:\/\/www.facebook.com\/share\/1MWhFWg1Tp\/?mibextid=LQQJ4d\" \/>\n<meta property=\"og:image\" content=\"https:\/\/fdasrl.it\/wp-content\/uploads\/2026\/03\/mungitrice-olio-fda-bovini-2-gruppi.webp\" \/>\n\t<meta property=\"og:image:width\" content=\"2048\" \/>\n\t<meta property=\"og:image:height\" content=\"1982\" \/>\n\t<meta property=\"og:image:type\" content=\"image\/webp\" \/>\n<meta name=\"twitter:card\" content=\"summary_large_image\" \/>\n<meta name=\"twitter:label1\" content=\"pre\u00e7o\" \/>\n\t<meta name=\"twitter:data1\" content=\"\" \/>\n\t<meta name=\"twitter:label2\" content=\"Disponibilidade\" \/>\n\t<meta name=\"twitter:data2\" content=\"Em stock\" \/>\n<meta property=\"product:price:currency\" content=\"EUR\" \/>\n<meta property=\"og:availability\" content=\"instock\" \/>\n<meta property=\"product:availability\" content=\"instock\" \/>\n<meta property=\"product:retailer_item_id\" content=\"FA1625\" \/>\n<meta property=\"product:condition\" content=\"new\" \/>\n<!-- \/ Yoast SEO Premium plugin. -->","yoast_head_json":{"title":"Ordenha m\u00f3vel bovinos 2 grupos bomba a banho de \u00f3leo - FDA srl","description":"Simplifique a sua ordenha com a ordenha m\u00f3vel bovinos 2 grupos bomba a banho de \u00f3leo. \u00d3tima para uso direto no est\u00e1bulo e robusta! \ud83d\udc4c","robots":{"index":"index","follow":"follow","max-snippet":"max-snippet:-1","max-image-preview":"max-image-preview:large","max-video-preview":"max-video-preview:-1"},"canonical":"https:\/\/fdasrl.it\/pt-pt\/prodotto\/ordenha-movel-fa1625-de-dois-grupos-para-bovinos-com-bomba-de-vacuo-a-banho-de-oleo\/","og_locale":"pt_PT","og_type":"article","og_title":"Ordenha m\u00f3vel FA1625 de dois grupos para bovinos com bomba de v\u00e1cuo a banho de \u00f3leo","og_description":"Simplifique a sua ordenha com a ordenha m\u00f3vel bovinos 2 grupos bomba a banho de \u00f3leo. \u00d3tima para uso direto no est\u00e1bulo e robusta! \ud83d\udc4c","og_url":"https:\/\/fdasrl.it\/pt-pt\/prodotto\/ordenha-movel-fa1625-de-dois-grupos-para-bovinos-com-bomba-de-vacuo-a-banho-de-oleo\/","og_site_name":"FDA srl","article_publisher":"https:\/\/www.facebook.com\/share\/1MWhFWg1Tp\/?mibextid=LQQJ4d","og_image":[{"width":2048,"height":1982,"url":"https:\/\/fdasrl.it\/wp-content\/uploads\/2026\/03\/mungitrice-olio-fda-bovini-2-gruppi.webp","type":"image\/webp"}],"twitter_card":"summary_large_image","twitter_misc":{"pre\u00e7o":"","Disponibilidade":"Em stock"},"schema":{"@context":"https:\/\/schema.org","@graph":[{"@type":"WebPage","@id":"https:\/\/fdasrl.it\/pt-pt\/prodotto\/ordenha-movel-fa1625-de-dois-grupos-para-bovinos-com-bomba-de-vacuo-a-banho-de-oleo\/","url":"https:\/\/fdasrl.it\/pt-pt\/prodotto\/ordenha-movel-fa1625-de-dois-grupos-para-bovinos-com-bomba-de-vacuo-a-banho-de-oleo\/","name":"Ordenha m\u00f3vel bovinos 2 grupos bomba a banho de \u00f3leo - FDA srl","isPartOf":{"@id":"https:\/\/fdasrl.it\/pt-pt\/#website"},"primaryImageOfPage":{"@id":"https:\/\/fdasrl.it\/pt-pt\/prodotto\/ordenha-movel-fa1625-de-dois-grupos-para-bovinos-com-bomba-de-vacuo-a-banho-de-oleo\/#primaryimage"},"image":{"@id":"https:\/\/fdasrl.it\/pt-pt\/prodotto\/ordenha-movel-fa1625-de-dois-grupos-para-bovinos-com-bomba-de-vacuo-a-banho-de-oleo\/#primaryimage"},"thumbnailUrl":"https:\/\/fdasrl.it\/wp-content\/uploads\/2026\/03\/mungitrice-olio-fda-bovini-2-gruppi.webp","datePublished":"2026-03-04T07:42:29+00:00","description":"Simplifique a sua ordenha com a ordenha m\u00f3vel bovinos 2 grupos bomba a banho de \u00f3leo. \u00d3tima para uso direto no est\u00e1bulo e robusta! \ud83d\udc4c","breadcrumb":{"@id":"https:\/\/fdasrl.it\/pt-pt\/prodotto\/ordenha-movel-fa1625-de-dois-grupos-para-bovinos-com-bomba-de-vacuo-a-banho-de-oleo\/#breadcrumb"},"inLanguage":"pt-PT","potentialAction":[{"@type":"ReadAction","target":["https:\/\/fdasrl.it\/pt-pt\/prodotto\/ordenha-movel-fa1625-de-dois-grupos-para-bovinos-com-bomba-de-vacuo-a-banho-de-oleo\/"]}]},{"@type":"ImageObject","inLanguage":"pt-PT","@id":"https:\/\/fdasrl.it\/pt-pt\/prodotto\/ordenha-movel-fa1625-de-dois-grupos-para-bovinos-com-bomba-de-vacuo-a-banho-de-oleo\/#primaryimage","url":"https:\/\/fdasrl.it\/wp-content\/uploads\/2026\/03\/mungitrice-olio-fda-bovini-2-gruppi.webp","contentUrl":"https:\/\/fdasrl.it\/wp-content\/uploads\/2026\/03\/mungitrice-olio-fda-bovini-2-gruppi.webp","width":2048,"height":1982,"caption":"Ordenha m\u00f3vel para bovinos com duplo grupo de ordenha e baldes em a\u00e7o inoxid\u00e1vel."},{"@type":"BreadcrumbList","@id":"https:\/\/fdasrl.it\/pt-pt\/prodotto\/ordenha-movel-fa1625-de-dois-grupos-para-bovinos-com-bomba-de-vacuo-a-banho-de-oleo\/#breadcrumb","itemListElement":[{"@type":"ListItem","position":1,"name":"Home","item":"https:\/\/fdasrl.it\/pt-pt\/inicio\/"},{"@type":"ListItem","position":2,"name":"Loja","item":"https:\/\/fdasrl.it\/pt-pt\/loja\/"},{"@type":"ListItem","position":3,"name":"Ordenha m\u00f3vel FA1625 de dois grupos para bovinos com bomba de v\u00e1cuo a banho de \u00f3leo"}]},{"@type":"WebSite","@id":"https:\/\/fdasrl.it\/pt-pt\/#website","url":"https:\/\/fdasrl.it\/pt-pt\/","name":"FDA srl","description":"Equipment for animal husbandry","publisher":{"@id":"https:\/\/fdasrl.it\/pt-pt\/#organization"},"potentialAction":[{"@type":"SearchAction","target":{"@type":"EntryPoint","urlTemplate":"https:\/\/fdasrl.it\/pt-pt\/?s={search_term_string}"},"query-input":{"@type":"PropertyValueSpecification","valueRequired":true,"valueName":"search_term_string"}}],"inLanguage":"pt-PT"},{"@type":"Organization","@id":"https:\/\/fdasrl.it\/pt-pt\/#organization","name":"FDA srl","url":"https:\/\/fdasrl.it\/pt-pt\/","logo":{"@type":"ImageObject","inLanguage":"pt-PT","@id":"https:\/\/fdasrl.it\/pt-pt\/#\/schema\/logo\/image\/","url":"https:\/\/fdasrl.it\/wp-content\/uploads\/2024\/12\/Logo-FDA.png","contentUrl":"https:\/\/fdasrl.it\/wp-content\/uploads\/2024\/12\/Logo-FDA.png","width":316,"height":119,"caption":"FDA srl"},"image":{"@id":"https:\/\/fdasrl.it\/pt-pt\/#\/schema\/logo\/image\/"},"sameAs":["https:\/\/www.facebook.com\/share\/1MWhFWg1Tp\/?mibextid=LQQJ4d","https:\/\/www.instagram.com\/fda_srl\/profilecard\/?igsh=YW5lbzJ6MWg0d21u","https:\/\/www.youtube.com\/@FDASRL_ANIMALCARE"],"description":"FDA SRL \u2013 Equipment for animal husbandry nasce con l\u2019obiettivo di offrire soluzioni affidabili e innovative per l\u2019allevamento moderno. Con anni di esperienza nel settore zootecnico, progettiamo e realizziamo attrezzature destinate al benessere animale e alla gestione efficiente delle stalle: vasche, abbeveratoi, mangiatoie e sistemi di riscaldamento pensati per durare nel tempo e semplificare il lavoro quotidiano degli allevatori. Dalla progettazione alla produzione, ogni nostro prodotto \u00e8 studiato nei minimi dettagli, testato con cura e costruito per rispondere alle esigenze reali del settore. La nostra forza \u00e8 unire artigianalit\u00e0, tecnologia e competenza tecnica per trasformare ogni progetto in una soluzione concreta e funzionale. Oggi FDA SRL \u00e8 un punto di riferimento per privati e rivenditori che cercano qualit\u00e0, affidabilit\u00e0 e innovazione nelle attrezzature per l\u2019allevamento.","email":"info@fdasrl.it","telephone":"+390522826820","legalName":"F.D.A. SRL","foundingDate":"2024-10-13","vatID":"03075840359","taxID":"03075840359","numberOfEmployees":{"@type":"QuantitativeValue","minValue":"1","maxValue":"10"}}]},"product_price_currency":"EUR","og_availability":"instock","product_availability":"instock","product_retailer_item_id":"FA1625","product_condition":"new"},"_links":{"self":[{"href":"https:\/\/fdasrl.it\/pt-pt\/wp-json\/wp\/v2\/product\/1829","targetHints":{"allow":["GET"]}}],"collection":[{"href":"https:\/\/fdasrl.it\/pt-pt\/wp-json\/wp\/v2\/product"}],"about":[{"href":"https:\/\/fdasrl.it\/pt-pt\/wp-json\/wp\/v2\/types\/product"}],"replies":[{"embeddable":true,"href":"https:\/\/fdasrl.it\/pt-pt\/wp-json\/wp\/v2\/comments?post=1829"}],"wp:featuredmedia":[{"embeddable":true,"href":"https:\/\/fdasrl.it\/pt-pt\/wp-json\/wp\/v2\/media\/1124"}],"wp:attachment":[{"href":"https:\/\/fdasrl.it\/pt-pt\/wp-json\/wp\/v2\/media?parent=1829"}],"wp:term":[{"taxonomy":"product_brand","embeddable":true,"href":"https:\/\/fdasrl.it\/pt-pt\/wp-json\/wp\/v2\/product_brand?post=1829"},{"taxonomy":"product_cat","embeddable":true,"href":"https:\/\/fdasrl.it\/pt-pt\/wp-json\/wp\/v2\/product_cat?post=1829"},{"taxonomy":"product_tag","embeddable":true,"href":"https:\/\/fdasrl.it\/pt-pt\/wp-json\/wp\/v2\/product_tag?post=1829"}],"curies":[{"name":"wp","href":"https:\/\/api.w.org\/{rel}","templated":true}]}}