{"id":1890,"date":"2026-03-04T10:14:16","date_gmt":"2026-03-04T09:14:16","guid":{"rendered":"https:\/\/fdasrl.it\/prodotto\/ordenhadora-movel-fa07149-para-cabras-e-ovelhas-de-2-grupos-com-bomba-em-banho-de-oleo\/"},"modified":"2026-03-04T10:14:16","modified_gmt":"2026-03-04T09:14:16","slug":"ordenhadora-movel-fa07149-para-cabras-e-ovelhas-de-2-grupos-com-bomba-em-banho-de-oleo","status":"publish","type":"product","link":"https:\/\/fdasrl.it\/pt-pt\/prodotto\/ordenhadora-movel-fa07149-para-cabras-e-ovelhas-de-2-grupos-com-bomba-em-banho-de-oleo\/","title":{"rendered":"Ordenhadora m\u00f3vel FA07149 para cabras e ovelhas de 2 grupos com bomba em banho de \u00f3leo"},"content":{"rendered":"<div>\n<h3 data-start=\"306\" data-end=\"418\">Ordenhadora m\u00f3vel FA07149 para cabras e ovelhas de 2 grupos com bomba em banho de \u00f3leo<\/h3>\n<p data-start=\"277\" data-end=\"443\">A <strong data-start=\"280\" data-end=\"332\">ordenhadora m\u00f3vel FA07149 para cabras e ovelhas<\/strong> foi concebida para garantir uma ordenha <strong data-start=\"374\" data-end=\"442\">eficiente, pr\u00e1tica e higi\u00e9nica em explora\u00e7\u00f5es ovinas e caprinas<\/strong>.<\/p>\n<p data-start=\"445\" data-end=\"750\">Gra\u00e7as \u00e0 <strong data-start=\"457\" data-end=\"489\">estrutura m\u00f3vel sobre carrinho<\/strong> e \u00e0 <strong data-start=\"497\" data-end=\"531\">bomba de v\u00e1cuo em banho de \u00f3leo<\/strong>, oferece um desempenho fi\u00e1vel e longa durabilidade. O sistema de <strong data-start=\"601\" data-end=\"625\">dois grupos de ordenha<\/strong> permite ordenhar <strong data-start=\"646\" data-end=\"680\">dois animais simultaneamente<\/strong>, melhorando a produtividade e reduzindo os tempos de trabalho no est\u00e1bulo. <\/p>\n<hr data-start=\"752\" data-end=\"755\">\n<h2 data-start=\"757\" data-end=\"786\">Caracter\u00edsticas principais<\/h2>\n<ul data-start=\"788\" data-end=\"1453\">\n<li data-start=\"788\" data-end=\"902\">\n<p data-start=\"790\" data-end=\"902\"><strong data-start=\"790\" data-end=\"837\">Bomba de v\u00e1cuo em banho de \u00f3leo de 250 L\/min<\/strong> com motor el\u00e9trico <strong data-start=\"859\" data-end=\"879\">220 VAC \u2013 0,55 kW<\/strong> com reservat\u00f3rios separados<\/p>\n<\/li>\n<li data-start=\"903\" data-end=\"949\">\n<p data-start=\"905\" data-end=\"949\"><strong data-start=\"905\" data-end=\"947\">N.\u00ba 2 grupos de ordenha para cabra\/ovelha<\/strong><\/p>\n<\/li>\n<li data-start=\"950\" data-end=\"1006\">\n<p data-start=\"952\" data-end=\"1006\"><strong data-start=\"952\" data-end=\"1004\">Pulsador pneum\u00e1tico cabra\/ovelha (90\u2013120 bpm)*<\/strong><\/p>\n<\/li>\n<li data-start=\"1007\" data-end=\"1058\">\n<p data-start=\"1009\" data-end=\"1058\"><strong data-start=\"1009\" data-end=\"1056\">Casquilhos em policarbonato de alta resist\u00eancia<\/strong><\/p>\n<\/li>\n<li data-start=\"1059\" data-end=\"1121\">\n<p data-start=\"1061\" data-end=\"1121\"><strong data-start=\"1061\" data-end=\"1119\">N.\u00ba 2 coletores alimentares para cabra\/ovelha mod. 13300<\/strong><\/p>\n<\/li>\n<li data-start=\"1122\" data-end=\"1165\">\n<p data-start=\"1124\" data-end=\"1165\"><strong data-start=\"1124\" data-end=\"1163\">Tetinas de silicone para ordenha<\/strong><\/p>\n<\/li>\n<li data-start=\"1166\" data-end=\"1232\">\n<p data-start=\"1168\" data-end=\"1232\"><strong data-start=\"1168\" data-end=\"1230\">Reservat\u00f3rio de v\u00e1cuo de 18 litros com v\u00e1lvula de regula\u00e7\u00e3o<\/strong><\/p>\n<\/li>\n<li data-start=\"1233\" data-end=\"1286\">\n<p data-start=\"1235\" data-end=\"1286\"><strong data-start=\"1235\" data-end=\"1284\">Vacu\u00f3metro para o controlo da depress\u00e3o<\/strong><\/p>\n<\/li>\n<li data-start=\"1287\" data-end=\"1322\">\n<p data-start=\"1289\" data-end=\"1322\"><strong data-start=\"1289\" data-end=\"1320\">Torneira de v\u00e1cuo de 1\/2&#8243;<\/strong><\/p>\n<\/li>\n<li data-start=\"1323\" data-end=\"1372\">\n<p data-start=\"1325\" data-end=\"1372\"><strong data-start=\"1325\" data-end=\"1370\">Balde de leite em a\u00e7o inoxid\u00e1vel de 30 litros<\/strong><\/p>\n<\/li>\n<li data-start=\"1373\" data-end=\"1429\">\n<p data-start=\"1375\" data-end=\"1429\"><strong data-start=\"1375\" data-end=\"1427\">Tubagens de ordenha de 2,5 metros para cada grupo<\/strong><\/p>\n<\/li>\n<li data-start=\"1430\" data-end=\"1453\">\n<p data-start=\"1432\" data-end=\"1453\"><strong data-start=\"1432\" data-end=\"1453\">Certifica\u00e7\u00e3o CE<\/strong><\/p>\n<\/li>\n<\/ul>\n<hr data-start=\"1455\" data-end=\"1458\">\n<h2 data-start=\"1460\" data-end=\"1480\">Equipamento inclu\u00eddo<\/h2>\n<p data-start=\"1482\" data-end=\"1583\">Para garantir uma manuten\u00e7\u00e3o e higiene corretas do circuito do leite, a ordenhadora \u00e9 fornecida com:<\/p>\n<ul data-start=\"1585\" data-end=\"1657\">\n<li data-start=\"1585\" data-end=\"1620\">\n<p data-start=\"1587\" data-end=\"1620\"><strong data-start=\"1587\" data-end=\"1620\">Conjunto de escovas para limpeza<\/strong><\/p>\n<\/li>\n<li data-start=\"1621\" data-end=\"1657\">\n<p data-start=\"1623\" data-end=\"1657\"><strong data-start=\"1623\" data-end=\"1657\">Detergente alcalino de 1 litro<\/strong><\/p>\n<\/li>\n<\/ul>\n<hr data-start=\"1659\" data-end=\"1662\">\n<h2 data-start=\"1664\" data-end=\"1687\">Opcionais dispon\u00edveis<\/h2>\n<p data-start=\"1689\" data-end=\"1755\">* <strong data-start=\"1692\" data-end=\"1755\">Pulsador eletr\u00f3nico com placa interna 24VDC + centralina<\/strong><\/p>\n<h4 data-start=\"1954\" data-end=\"1993\">Revendedores e distribuidores: solicite informa\u00e7\u00f5es <a href=\"https:\/\/fdasrl.it\/pt-pt\/contactos\/\">(CLIQUE AQUI)<\/a><\/h4>\n<h4 data-start=\"1954\" data-end=\"1993\">\ud83d\uded2 Compre online <a href=\"https:\/\/fda-shop.it\/shop\/ovini-caprini\/ovini-caprini-mungitrici\/mungitrice-per-pecora-e-capra-due-gruppi-a-bagno-dolio#\/150-tipo-pecora\">(CLIQUE AQUI)<\/a><\/h4>\n<\/div>\n","protected":false},"excerpt":{"rendered":"<p>Ordenhadora m\u00f3vel FA07149 para cabras e ovelhas com 2 grupos de ordenha e bomba de v\u00e1cuo em banho de \u00f3leo de 250 L\/min. Equipada com balde de leite inox de 30 L, copos em policarbonato e tetinas de silicone. Sistema m\u00f3vel, fi\u00e1vel e com certifica\u00e7\u00e3o CE, ideal para a ordenha de dois animais em simult\u00e2neo.  <\/p>\n","protected":false},"featured_media":1140,"comment_status":"open","ping_status":"closed","template":"","meta":{"_et_pb_use_builder":"","_et_pb_old_content":"","_et_gb_content_width":""},"product_brand":[],"product_cat":[384,412],"product_tag":[432],"class_list":{"0":"post-1890","1":"product","2":"type-product","3":"status-publish","4":"has-post-thumbnail","6":"product_cat-ordenhas-moveis","7":"product_cat-ovinos-e-caprinos","8":"product_tag-432","10":"first","11":"instock","12":"shipping-taxable","13":"product-type-simple"},"yoast_head":"<!-- This site is optimized with the Yoast SEO Premium plugin v27.5 (Yoast SEO v27.5) - https:\/\/yoast.com\/product\/yoast-seo-premium-wordpress\/ -->\n<title>Ordenhadora m\u00f3vel cabras ovelhas 2 grupos bomba em banho de \u00f3leo<\/title>\n<meta name=\"description\" content=\"Descubra a ordenhadora para cabras e ovelhas de 2 grupos a \u00f3leo, ideal para explora\u00e7\u00f5es pr\u00e1ticas e higi\u00e9nicas. Aumente a sua produtividade com esta m\u00e1quina!\" \/>\n<meta name=\"robots\" content=\"index, follow, max-snippet:-1, max-image-preview:large, max-video-preview:-1\" \/>\n<link rel=\"canonical\" href=\"https:\/\/fdasrl.it\/pt-pt\/prodotto\/ordenhadora-movel-fa07149-para-cabras-e-ovelhas-de-2-grupos-com-bomba-em-banho-de-oleo\/\" \/>\n<meta property=\"og:locale\" content=\"pt_PT\" \/>\n<meta property=\"og:type\" content=\"article\" \/>\n<meta property=\"og:title\" content=\"Ordenhadora m\u00f3vel FA07149 para cabras e ovelhas de 2 grupos com bomba em banho de \u00f3leo\" \/>\n<meta property=\"og:description\" content=\"Descubra a ordenhadora para cabras e ovelhas de 2 grupos a \u00f3leo, ideal para explora\u00e7\u00f5es pr\u00e1ticas e higi\u00e9nicas. Aumente a sua produtividade com esta m\u00e1quina!\" \/>\n<meta property=\"og:url\" content=\"https:\/\/fdasrl.it\/pt-pt\/prodotto\/ordenhadora-movel-fa07149-para-cabras-e-ovelhas-de-2-grupos-com-bomba-em-banho-de-oleo\/\" \/>\n<meta property=\"og:site_name\" content=\"FDA srl\" \/>\n<meta property=\"article:publisher\" content=\"https:\/\/www.facebook.com\/share\/1MWhFWg1Tp\/?mibextid=LQQJ4d\" \/>\n<meta property=\"og:image\" content=\"https:\/\/fdasrl.it\/wp-content\/uploads\/2026\/03\/mungitrice-per-pecora-e-capra-due-gruppi-a-bagno-dolio.jpg\" \/>\n\t<meta property=\"og:image:width\" content=\"1100\" \/>\n\t<meta property=\"og:image:height\" content=\"919\" \/>\n\t<meta property=\"og:image:type\" content=\"image\/jpeg\" \/>\n<meta name=\"twitter:card\" content=\"summary_large_image\" \/>\n<meta name=\"twitter:label1\" content=\"pre\u00e7o\" \/>\n\t<meta name=\"twitter:data1\" content=\"\" \/>\n\t<meta name=\"twitter:label2\" content=\"Disponibilidade\" \/>\n\t<meta name=\"twitter:data2\" content=\"Em stock\" \/>\n<meta property=\"product:price:currency\" content=\"EUR\" \/>\n<meta property=\"og:availability\" content=\"instock\" \/>\n<meta property=\"product:availability\" content=\"instock\" \/>\n<meta property=\"product:retailer_item_id\" content=\"07149\" \/>\n<meta property=\"product:condition\" content=\"new\" \/>\n<!-- \/ Yoast SEO Premium plugin. -->","yoast_head_json":{"title":"Ordenhadora m\u00f3vel cabras ovelhas 2 grupos bomba em banho de \u00f3leo","description":"Descubra a ordenhadora para cabras e ovelhas de 2 grupos a \u00f3leo, ideal para explora\u00e7\u00f5es pr\u00e1ticas e higi\u00e9nicas. Aumente a sua produtividade com esta m\u00e1quina!","robots":{"index":"index","follow":"follow","max-snippet":"max-snippet:-1","max-image-preview":"max-image-preview:large","max-video-preview":"max-video-preview:-1"},"canonical":"https:\/\/fdasrl.it\/pt-pt\/prodotto\/ordenhadora-movel-fa07149-para-cabras-e-ovelhas-de-2-grupos-com-bomba-em-banho-de-oleo\/","og_locale":"pt_PT","og_type":"article","og_title":"Ordenhadora m\u00f3vel FA07149 para cabras e ovelhas de 2 grupos com bomba em banho de \u00f3leo","og_description":"Descubra a ordenhadora para cabras e ovelhas de 2 grupos a \u00f3leo, ideal para explora\u00e7\u00f5es pr\u00e1ticas e higi\u00e9nicas. Aumente a sua produtividade com esta m\u00e1quina!","og_url":"https:\/\/fdasrl.it\/pt-pt\/prodotto\/ordenhadora-movel-fa07149-para-cabras-e-ovelhas-de-2-grupos-com-bomba-em-banho-de-oleo\/","og_site_name":"FDA srl","article_publisher":"https:\/\/www.facebook.com\/share\/1MWhFWg1Tp\/?mibextid=LQQJ4d","og_image":[{"width":1100,"height":919,"url":"https:\/\/fdasrl.it\/wp-content\/uploads\/2026\/03\/mungitrice-per-pecora-e-capra-due-gruppi-a-bagno-dolio.jpg","type":"image\/jpeg"}],"twitter_card":"summary_large_image","twitter_misc":{"pre\u00e7o":"","Disponibilidade":"Em stock"},"schema":{"@context":"https:\/\/schema.org","@graph":[{"@type":"WebPage","@id":"https:\/\/fdasrl.it\/pt-pt\/prodotto\/ordenhadora-movel-fa07149-para-cabras-e-ovelhas-de-2-grupos-com-bomba-em-banho-de-oleo\/","url":"https:\/\/fdasrl.it\/pt-pt\/prodotto\/ordenhadora-movel-fa07149-para-cabras-e-ovelhas-de-2-grupos-com-bomba-em-banho-de-oleo\/","name":"Ordenhadora m\u00f3vel cabras ovelhas 2 grupos bomba em banho de \u00f3leo","isPartOf":{"@id":"https:\/\/fdasrl.it\/pt-pt\/#website"},"primaryImageOfPage":{"@id":"https:\/\/fdasrl.it\/pt-pt\/prodotto\/ordenhadora-movel-fa07149-para-cabras-e-ovelhas-de-2-grupos-com-bomba-em-banho-de-oleo\/#primaryimage"},"image":{"@id":"https:\/\/fdasrl.it\/pt-pt\/prodotto\/ordenhadora-movel-fa07149-para-cabras-e-ovelhas-de-2-grupos-com-bomba-em-banho-de-oleo\/#primaryimage"},"thumbnailUrl":"https:\/\/fdasrl.it\/wp-content\/uploads\/2026\/03\/mungitrice-per-pecora-e-capra-due-gruppi-a-bagno-dolio.jpg","datePublished":"2026-03-04T09:14:16+00:00","description":"Descubra a ordenhadora para cabras e ovelhas de 2 grupos a \u00f3leo, ideal para explora\u00e7\u00f5es pr\u00e1ticas e higi\u00e9nicas. Aumente a sua produtividade com esta m\u00e1quina!","breadcrumb":{"@id":"https:\/\/fdasrl.it\/pt-pt\/prodotto\/ordenhadora-movel-fa07149-para-cabras-e-ovelhas-de-2-grupos-com-bomba-em-banho-de-oleo\/#breadcrumb"},"inLanguage":"pt-PT","potentialAction":[{"@type":"ReadAction","target":["https:\/\/fdasrl.it\/pt-pt\/prodotto\/ordenhadora-movel-fa07149-para-cabras-e-ovelhas-de-2-grupos-com-bomba-em-banho-de-oleo\/"]}]},{"@type":"ImageObject","inLanguage":"pt-PT","@id":"https:\/\/fdasrl.it\/pt-pt\/prodotto\/ordenhadora-movel-fa07149-para-cabras-e-ovelhas-de-2-grupos-com-bomba-em-banho-de-oleo\/#primaryimage","url":"https:\/\/fdasrl.it\/wp-content\/uploads\/2026\/03\/mungitrice-per-pecora-e-capra-due-gruppi-a-bagno-dolio.jpg","contentUrl":"https:\/\/fdasrl.it\/wp-content\/uploads\/2026\/03\/mungitrice-per-pecora-e-capra-due-gruppi-a-bagno-dolio.jpg","width":1100,"height":919,"caption":"Ordenhadora m\u00f3vel para cabras e ovelhas com dois grupos de ordenha e balde de leite em a\u00e7o inoxid\u00e1vel."},{"@type":"BreadcrumbList","@id":"https:\/\/fdasrl.it\/pt-pt\/prodotto\/ordenhadora-movel-fa07149-para-cabras-e-ovelhas-de-2-grupos-com-bomba-em-banho-de-oleo\/#breadcrumb","itemListElement":[{"@type":"ListItem","position":1,"name":"Home","item":"https:\/\/fdasrl.it\/pt-pt\/inicio\/"},{"@type":"ListItem","position":2,"name":"Loja","item":"https:\/\/fdasrl.it\/pt-pt\/loja\/"},{"@type":"ListItem","position":3,"name":"Ordenhadora m\u00f3vel FA07149 para cabras e ovelhas de 2 grupos com bomba em banho de \u00f3leo"}]},{"@type":"WebSite","@id":"https:\/\/fdasrl.it\/pt-pt\/#website","url":"https:\/\/fdasrl.it\/pt-pt\/","name":"FDA srl","description":"Equipment for animal husbandry","publisher":{"@id":"https:\/\/fdasrl.it\/pt-pt\/#organization"},"potentialAction":[{"@type":"SearchAction","target":{"@type":"EntryPoint","urlTemplate":"https:\/\/fdasrl.it\/pt-pt\/?s={search_term_string}"},"query-input":{"@type":"PropertyValueSpecification","valueRequired":true,"valueName":"search_term_string"}}],"inLanguage":"pt-PT"},{"@type":"Organization","@id":"https:\/\/fdasrl.it\/pt-pt\/#organization","name":"FDA srl","url":"https:\/\/fdasrl.it\/pt-pt\/","logo":{"@type":"ImageObject","inLanguage":"pt-PT","@id":"https:\/\/fdasrl.it\/pt-pt\/#\/schema\/logo\/image\/","url":"https:\/\/fdasrl.it\/wp-content\/uploads\/2024\/12\/Logo-FDA.png","contentUrl":"https:\/\/fdasrl.it\/wp-content\/uploads\/2024\/12\/Logo-FDA.png","width":316,"height":119,"caption":"FDA srl"},"image":{"@id":"https:\/\/fdasrl.it\/pt-pt\/#\/schema\/logo\/image\/"},"sameAs":["https:\/\/www.facebook.com\/share\/1MWhFWg1Tp\/?mibextid=LQQJ4d","https:\/\/www.instagram.com\/fda_srl\/profilecard\/?igsh=YW5lbzJ6MWg0d21u","https:\/\/www.youtube.com\/@FDASRL_ANIMALCARE"],"description":"FDA SRL \u2013 Equipment for animal husbandry nasce con l\u2019obiettivo di offrire soluzioni affidabili e innovative per l\u2019allevamento moderno. Con anni di esperienza nel settore zootecnico, progettiamo e realizziamo attrezzature destinate al benessere animale e alla gestione efficiente delle stalle: vasche, abbeveratoi, mangiatoie e sistemi di riscaldamento pensati per durare nel tempo e semplificare il lavoro quotidiano degli allevatori. Dalla progettazione alla produzione, ogni nostro prodotto \u00e8 studiato nei minimi dettagli, testato con cura e costruito per rispondere alle esigenze reali del settore. La nostra forza \u00e8 unire artigianalit\u00e0, tecnologia e competenza tecnica per trasformare ogni progetto in una soluzione concreta e funzionale. Oggi FDA SRL \u00e8 un punto di riferimento per privati e rivenditori che cercano qualit\u00e0, affidabilit\u00e0 e innovazione nelle attrezzature per l\u2019allevamento.","email":"info@fdasrl.it","telephone":"+390522826820","legalName":"F.D.A. SRL","foundingDate":"2024-10-13","vatID":"03075840359","taxID":"03075840359","numberOfEmployees":{"@type":"QuantitativeValue","minValue":"1","maxValue":"10"}}]},"product_price_currency":"EUR","og_availability":"instock","product_availability":"instock","product_retailer_item_id":"07149","product_condition":"new"},"_links":{"self":[{"href":"https:\/\/fdasrl.it\/pt-pt\/wp-json\/wp\/v2\/product\/1890","targetHints":{"allow":["GET"]}}],"collection":[{"href":"https:\/\/fdasrl.it\/pt-pt\/wp-json\/wp\/v2\/product"}],"about":[{"href":"https:\/\/fdasrl.it\/pt-pt\/wp-json\/wp\/v2\/types\/product"}],"replies":[{"embeddable":true,"href":"https:\/\/fdasrl.it\/pt-pt\/wp-json\/wp\/v2\/comments?post=1890"}],"wp:featuredmedia":[{"embeddable":true,"href":"https:\/\/fdasrl.it\/pt-pt\/wp-json\/wp\/v2\/media\/1140"}],"wp:attachment":[{"href":"https:\/\/fdasrl.it\/pt-pt\/wp-json\/wp\/v2\/media?parent=1890"}],"wp:term":[{"taxonomy":"product_brand","embeddable":true,"href":"https:\/\/fdasrl.it\/pt-pt\/wp-json\/wp\/v2\/product_brand?post=1890"},{"taxonomy":"product_cat","embeddable":true,"href":"https:\/\/fdasrl.it\/pt-pt\/wp-json\/wp\/v2\/product_cat?post=1890"},{"taxonomy":"product_tag","embeddable":true,"href":"https:\/\/fdasrl.it\/pt-pt\/wp-json\/wp\/v2\/product_tag?post=1890"}],"curies":[{"name":"wp","href":"https:\/\/api.w.org\/{rel}","templated":true}]}}