{"id":1949,"date":"2025-01-21T12:42:10","date_gmt":"2025-01-21T11:42:10","guid":{"rendered":"https:\/\/fdasrl.it\/prodotto\/ordenha-movel-para-vacas-2-grupos\/"},"modified":"2025-01-21T12:42:10","modified_gmt":"2025-01-21T11:42:10","slug":"ordenha-movel-para-vacas-2-grupos","status":"publish","type":"product","link":"https:\/\/fdasrl.it\/pt-pt\/prodotto\/ordenha-movel-para-vacas-2-grupos\/","title":{"rendered":"ORDENHA M\u00d3VEL PARA VACAS 2 GRUPOS"},"content":{"rendered":"<div>\n<h3 data-start=\"228\" data-end=\"331\"><strong data-start=\"228\" data-end=\"331\">Ordenha M\u00f3vel para Vacas de 2 Grupos com Bomba a Seco e 2 Baldes em A\u00e7o Inoxid\u00e1vel de 30 Litros<\/strong><\/h3>\n<h4 data-start=\"333\" data-end=\"609\">Esta ordenha m\u00f3vel profissional \u00e9 a solu\u00e7\u00e3o ideal para explora\u00e7\u00f5es de m\u00e9dia dimens\u00e3o que procuram efici\u00eancia, fiabilidade e facilidade de utiliza\u00e7\u00e3o. Gra\u00e7as \u00e0 sua estrutura robusta e aos componentes de alta qualidade, garante uma ordenha delicada, r\u00e1pida e higi\u00e9nica. <\/h4>\n<p class=\"\" data-start=\"611\" data-end=\"645\">\ud83d\udd27 <strong data-start=\"614\" data-end=\"645\">Caracter\u00edsticas principais:<\/strong><\/p>\n<ul data-start=\"647\" data-end=\"1450\">\n<li class=\"\" data-start=\"647\" data-end=\"806\">\n<p class=\"\" data-start=\"649\" data-end=\"806\"><strong data-start=\"649\" data-end=\"702\">Bomba de v\u00e1cuo a seco de 280 ou 400 litros\/minuto<\/strong>, ideal para garantir um funcionamento constante e fi\u00e1vel, sem necessidade de manuten\u00e7\u00e3o de \u00f3leo.<\/p>\n<\/li>\n<li class=\"\" data-start=\"807\" data-end=\"933\">\n<p class=\"\" data-start=\"809\" data-end=\"933\"><strong data-start=\"809\" data-end=\"851\">Dois baldes em a\u00e7o inoxid\u00e1vel de 30 litros<\/strong>, resistentes, f\u00e1ceis de limpar e conformes \u00e0s normas higi\u00e9nicas para a ordenha.<\/p>\n<\/li>\n<li class=\"\" data-start=\"934\" data-end=\"1059\">\n<p class=\"\" data-start=\"936\" data-end=\"1059\"><strong data-start=\"936\" data-end=\"969\">Motor monof\u00e1sico 220V \/ 0,55kW<\/strong>, compat\u00edvel com utiliza\u00e7\u00e3o dom\u00e9stica ou empresarial, garantindo ao mesmo tempo elevado desempenho.<\/p>\n<\/li>\n<li class=\"\" data-start=\"1060\" data-end=\"1177\">\n<p class=\"\" data-start=\"1062\" data-end=\"1177\"><strong data-start=\"1062\" data-end=\"1083\">Tubos de 2,5 metros<\/strong> para cada grupo de ordenha, concebidos para oferecer ampla liberdade de movimento durante a utiliza\u00e7\u00e3o.<\/p>\n<\/li>\n<li class=\"\" data-start=\"1178\" data-end=\"1257\">\n<p class=\"\" data-start=\"1180\" data-end=\"1257\"><strong data-start=\"1180\" data-end=\"1203\">Reservat\u00f3rio de v\u00e1cuo<\/strong> integrado para uma estabilidade \u00f3tima da press\u00e3o.<\/p>\n<\/li>\n<li class=\"\" data-start=\"1258\" data-end=\"1346\">\n<p class=\"\" data-start=\"1260\" data-end=\"1346\"><strong data-start=\"1260\" data-end=\"1281\">Certifica\u00e7\u00e3o CE<\/strong>, garantia de qualidade e seguran\u00e7a conforme as normas europeias.<\/p>\n<\/li>\n<li class=\"\" data-start=\"1347\" data-end=\"1450\">\n<p class=\"\" data-start=\"1349\" data-end=\"1450\"><strong data-start=\"1349\" data-end=\"1382\">Conjunto de escovas para limpeza<\/strong> inclu\u00eddo, para manter a instala\u00e7\u00e3o sempre perfeitamente higienizada.<\/p>\n<\/li>\n<\/ul>\n<p class=\"\" data-start=\"1452\" data-end=\"1477\">\ud83d\udd29 <strong data-start=\"1455\" data-end=\"1477\">Acess\u00f3rios inclu\u00eddos:<\/strong><\/p>\n<ul data-start=\"1479\" data-end=\"1884\">\n<li class=\"\" data-start=\"1479\" data-end=\"1532\">\n<p class=\"\" data-start=\"1481\" data-end=\"1532\">C\u00e2nula em a\u00e7o inoxid\u00e1vel (C.155 mm, orif\u00edcio \u00d8 16,5 mm)<\/p>\n<\/li>\n<li class=\"\" data-start=\"1533\" data-end=\"1585\">\n<p class=\"\" data-start=\"1535\" data-end=\"1585\">Coletor de 250 cc espec\u00edfico para bovinos de leite<\/p>\n<\/li>\n<li class=\"\" data-start=\"1586\" data-end=\"1648\">\n<p class=\"\" data-start=\"1588\" data-end=\"1648\">Pulsador pneum\u00e1tico para uma ordenha eficiente e delicada<\/p>\n<\/li>\n<li class=\"\" data-start=\"1649\" data-end=\"1688\">\n<p class=\"\" data-start=\"1651\" data-end=\"1688\">Palhetas em grafite de alta resist\u00eancia<\/p>\n<\/li>\n<li class=\"\" data-start=\"1689\" data-end=\"1767\">\n<p class=\"\" data-start=\"1691\" data-end=\"1767\">Vacu\u00f3metro e v\u00e1lvula de regula\u00e7\u00e3o para um controlo preciso da press\u00e3o<\/p>\n<\/li>\n<li class=\"\" data-start=\"1768\" data-end=\"1797\">\n<p class=\"\" data-start=\"1770\" data-end=\"1797\">Torneira de v\u00e1cuo de 1\/2&#8243;<\/p>\n<\/li>\n<li class=\"\" data-start=\"1798\" data-end=\"1836\">\n<p class=\"\" data-start=\"1800\" data-end=\"1836\">Tetina de ordenha compat\u00edvel DeLaval<\/p>\n<\/li>\n<li class=\"\" data-start=\"1837\" data-end=\"1884\">\n<p class=\"\" data-start=\"1839\" data-end=\"1884\">Grupo de ordenha completo para bovino de leite<\/p>\n<\/li>\n<\/ul>\n<p class=\"\" data-start=\"1886\" data-end=\"1984\">\ud83d\udcbc Ideal para pequenos e m\u00e9dios criadores que desejam um equipamento profissional e fi\u00e1vel.<\/p>\n<\/div>\n<div><\/div>\n<div>Adquira na nossa <a href=\"https:\/\/fda-shop.it\/shop\/mungitura\/mungitrici-carrellate\/mungitrice-bovini\/mungitrice-bovini-a-due-gruppi-e-bidoni#\/261-tipo-motore_standard_280_litri\" target=\"_blank\" rel=\"noopener\">loja online<\/a><\/div>\n","protected":false},"excerpt":{"rendered":"<p>Ordenha m\u00f3vel para vacas com 2 grupos de ordenha, bomba a seco de 280 ou 400 L\/min, 2 baldes em a\u00e7o inoxid\u00e1vel de 30L, motor 220V. Completa com acess\u00f3rios e certificada CE. Ideal para pequenas e m\u00e9dias explora\u00e7\u00f5es.  <\/p>\n","protected":false},"featured_media":454,"comment_status":"open","ping_status":"closed","template":"","meta":{"_et_pb_use_builder":"","_et_pb_old_content":"","_et_gb_content_width":""},"product_brand":[],"product_cat":[384],"product_tag":[439],"class_list":{"0":"post-1949","1":"product","2":"type-product","3":"status-publish","4":"has-post-thumbnail","6":"product_cat-ordenhas-moveis","7":"product_tag-m1600","9":"first","10":"instock","11":"shipping-taxable","12":"product-type-simple"},"yoast_head":"<!-- This site is optimized with the Yoast SEO Premium plugin v27.5 (Yoast SEO v27.5) - https:\/\/yoast.com\/product\/yoast-seo-premium-wordpress\/ -->\n<title>ORDENHA M\u00d3VEL PARA VACAS 2 GRUPOS - FDA srl<\/title>\n<meta name=\"description\" content=\"A ordenha para vacas oferece um funcionamento constante sem manuten\u00e7\u00e3o de \u00f3leo. Compre agora e melhore a efici\u00eancia da sua explora\u00e7\u00e3o! \ud83d\udd27\" \/>\n<meta name=\"robots\" content=\"index, follow, max-snippet:-1, max-image-preview:large, max-video-preview:-1\" \/>\n<link rel=\"canonical\" href=\"https:\/\/fdasrl.it\/pt-pt\/prodotto\/ordenha-movel-para-vacas-2-grupos\/\" \/>\n<meta property=\"og:locale\" content=\"pt_PT\" \/>\n<meta property=\"og:type\" content=\"article\" \/>\n<meta property=\"og:title\" content=\"ORDENHA M\u00d3VEL PARA VACAS 2 GRUPOS\" \/>\n<meta property=\"og:description\" content=\"A ordenha para vacas oferece um funcionamento constante sem manuten\u00e7\u00e3o de \u00f3leo. Compre agora e melhore a efici\u00eancia da sua explora\u00e7\u00e3o! \ud83d\udd27\" \/>\n<meta property=\"og:url\" content=\"https:\/\/fdasrl.it\/pt-pt\/prodotto\/ordenha-movel-para-vacas-2-grupos\/\" \/>\n<meta property=\"og:site_name\" content=\"FDA srl\" \/>\n<meta property=\"article:publisher\" content=\"https:\/\/www.facebook.com\/share\/1MWhFWg1Tp\/?mibextid=LQQJ4d\" \/>\n<meta property=\"og:image\" content=\"https:\/\/fdasrl.it\/wp-content\/uploads\/2025\/01\/M1600_1.jpg\" \/>\n\t<meta property=\"og:image:width\" content=\"800\" \/>\n\t<meta property=\"og:image:height\" content=\"737\" \/>\n\t<meta property=\"og:image:type\" content=\"image\/jpeg\" \/>\n<meta name=\"twitter:card\" content=\"summary_large_image\" \/>\n<meta name=\"twitter:label1\" content=\"pre\u00e7o\" \/>\n\t<meta name=\"twitter:data1\" content=\"\" \/>\n\t<meta name=\"twitter:label2\" content=\"Disponibilidade\" \/>\n\t<meta name=\"twitter:data2\" content=\"Em stock\" \/>\n<meta property=\"product:price:currency\" content=\"EUR\" \/>\n<meta property=\"og:availability\" content=\"instock\" \/>\n<meta property=\"product:availability\" content=\"instock\" \/>\n<meta property=\"product:retailer_item_id\" content=\"M1600\" \/>\n<meta property=\"product:condition\" content=\"new\" \/>\n<!-- \/ Yoast SEO Premium plugin. -->","yoast_head_json":{"title":"ORDENHA M\u00d3VEL PARA VACAS 2 GRUPOS - FDA srl","description":"A ordenha para vacas oferece um funcionamento constante sem manuten\u00e7\u00e3o de \u00f3leo. Compre agora e melhore a efici\u00eancia da sua explora\u00e7\u00e3o! \ud83d\udd27","robots":{"index":"index","follow":"follow","max-snippet":"max-snippet:-1","max-image-preview":"max-image-preview:large","max-video-preview":"max-video-preview:-1"},"canonical":"https:\/\/fdasrl.it\/pt-pt\/prodotto\/ordenha-movel-para-vacas-2-grupos\/","og_locale":"pt_PT","og_type":"article","og_title":"ORDENHA M\u00d3VEL PARA VACAS 2 GRUPOS","og_description":"A ordenha para vacas oferece um funcionamento constante sem manuten\u00e7\u00e3o de \u00f3leo. Compre agora e melhore a efici\u00eancia da sua explora\u00e7\u00e3o! \ud83d\udd27","og_url":"https:\/\/fdasrl.it\/pt-pt\/prodotto\/ordenha-movel-para-vacas-2-grupos\/","og_site_name":"FDA srl","article_publisher":"https:\/\/www.facebook.com\/share\/1MWhFWg1Tp\/?mibextid=LQQJ4d","og_image":[{"width":800,"height":737,"url":"https:\/\/fdasrl.it\/wp-content\/uploads\/2025\/01\/M1600_1.jpg","type":"image\/jpeg"}],"twitter_card":"summary_large_image","twitter_misc":{"pre\u00e7o":"","Disponibilidade":"Em stock"},"schema":{"@context":"https:\/\/schema.org","@graph":[{"@type":"WebPage","@id":"https:\/\/fdasrl.it\/pt-pt\/prodotto\/ordenha-movel-para-vacas-2-grupos\/","url":"https:\/\/fdasrl.it\/pt-pt\/prodotto\/ordenha-movel-para-vacas-2-grupos\/","name":"ORDENHA M\u00d3VEL PARA VACAS 2 GRUPOS - FDA srl","isPartOf":{"@id":"https:\/\/fdasrl.it\/pt-pt\/#website"},"primaryImageOfPage":{"@id":"https:\/\/fdasrl.it\/pt-pt\/prodotto\/ordenha-movel-para-vacas-2-grupos\/#primaryimage"},"image":{"@id":"https:\/\/fdasrl.it\/pt-pt\/prodotto\/ordenha-movel-para-vacas-2-grupos\/#primaryimage"},"thumbnailUrl":"https:\/\/fdasrl.it\/wp-content\/uploads\/2025\/01\/M1600_1.jpg","datePublished":"2025-01-21T11:42:10+00:00","description":"A ordenha para vacas oferece um funcionamento constante sem manuten\u00e7\u00e3o de \u00f3leo. Compre agora e melhore a efici\u00eancia da sua explora\u00e7\u00e3o! \ud83d\udd27","breadcrumb":{"@id":"https:\/\/fdasrl.it\/pt-pt\/prodotto\/ordenha-movel-para-vacas-2-grupos\/#breadcrumb"},"inLanguage":"pt-PT","potentialAction":[{"@type":"ReadAction","target":["https:\/\/fdasrl.it\/pt-pt\/prodotto\/ordenha-movel-para-vacas-2-grupos\/"]}]},{"@type":"ImageObject","inLanguage":"pt-PT","@id":"https:\/\/fdasrl.it\/pt-pt\/prodotto\/ordenha-movel-para-vacas-2-grupos\/#primaryimage","url":"https:\/\/fdasrl.it\/wp-content\/uploads\/2025\/01\/M1600_1.jpg","contentUrl":"https:\/\/fdasrl.it\/wp-content\/uploads\/2025\/01\/M1600_1.jpg","width":800,"height":737,"caption":"ORDENHA M\u00d3VEL PARA VACA DE 2 GRUPOS"},{"@type":"BreadcrumbList","@id":"https:\/\/fdasrl.it\/pt-pt\/prodotto\/ordenha-movel-para-vacas-2-grupos\/#breadcrumb","itemListElement":[{"@type":"ListItem","position":1,"name":"Home","item":"https:\/\/fdasrl.it\/pt-pt\/inicio\/"},{"@type":"ListItem","position":2,"name":"Loja","item":"https:\/\/fdasrl.it\/pt-pt\/loja\/"},{"@type":"ListItem","position":3,"name":"ORDENHA M\u00d3VEL PARA VACAS 2 GRUPOS"}]},{"@type":"WebSite","@id":"https:\/\/fdasrl.it\/pt-pt\/#website","url":"https:\/\/fdasrl.it\/pt-pt\/","name":"FDA srl","description":"Equipment for animal husbandry","publisher":{"@id":"https:\/\/fdasrl.it\/pt-pt\/#organization"},"potentialAction":[{"@type":"SearchAction","target":{"@type":"EntryPoint","urlTemplate":"https:\/\/fdasrl.it\/pt-pt\/?s={search_term_string}"},"query-input":{"@type":"PropertyValueSpecification","valueRequired":true,"valueName":"search_term_string"}}],"inLanguage":"pt-PT"},{"@type":"Organization","@id":"https:\/\/fdasrl.it\/pt-pt\/#organization","name":"FDA srl","url":"https:\/\/fdasrl.it\/pt-pt\/","logo":{"@type":"ImageObject","inLanguage":"pt-PT","@id":"https:\/\/fdasrl.it\/pt-pt\/#\/schema\/logo\/image\/","url":"https:\/\/fdasrl.it\/wp-content\/uploads\/2024\/12\/Logo-FDA.png","contentUrl":"https:\/\/fdasrl.it\/wp-content\/uploads\/2024\/12\/Logo-FDA.png","width":316,"height":119,"caption":"FDA srl"},"image":{"@id":"https:\/\/fdasrl.it\/pt-pt\/#\/schema\/logo\/image\/"},"sameAs":["https:\/\/www.facebook.com\/share\/1MWhFWg1Tp\/?mibextid=LQQJ4d","https:\/\/www.instagram.com\/fda_srl\/profilecard\/?igsh=YW5lbzJ6MWg0d21u","https:\/\/www.youtube.com\/@FDASRL_ANIMALCARE"],"description":"FDA SRL \u2013 Equipment for animal husbandry nasce con l\u2019obiettivo di offrire soluzioni affidabili e innovative per l\u2019allevamento moderno. Con anni di esperienza nel settore zootecnico, progettiamo e realizziamo attrezzature destinate al benessere animale e alla gestione efficiente delle stalle: vasche, abbeveratoi, mangiatoie e sistemi di riscaldamento pensati per durare nel tempo e semplificare il lavoro quotidiano degli allevatori. Dalla progettazione alla produzione, ogni nostro prodotto \u00e8 studiato nei minimi dettagli, testato con cura e costruito per rispondere alle esigenze reali del settore. La nostra forza \u00e8 unire artigianalit\u00e0, tecnologia e competenza tecnica per trasformare ogni progetto in una soluzione concreta e funzionale. Oggi FDA SRL \u00e8 un punto di riferimento per privati e rivenditori che cercano qualit\u00e0, affidabilit\u00e0 e innovazione nelle attrezzature per l\u2019allevamento.","email":"info@fdasrl.it","telephone":"+390522826820","legalName":"F.D.A. SRL","foundingDate":"2024-10-13","vatID":"03075840359","taxID":"03075840359","numberOfEmployees":{"@type":"QuantitativeValue","minValue":"1","maxValue":"10"}}]},"product_price_currency":"EUR","og_availability":"instock","product_availability":"instock","product_retailer_item_id":"M1600","product_condition":"new"},"_links":{"self":[{"href":"https:\/\/fdasrl.it\/pt-pt\/wp-json\/wp\/v2\/product\/1949","targetHints":{"allow":["GET"]}}],"collection":[{"href":"https:\/\/fdasrl.it\/pt-pt\/wp-json\/wp\/v2\/product"}],"about":[{"href":"https:\/\/fdasrl.it\/pt-pt\/wp-json\/wp\/v2\/types\/product"}],"replies":[{"embeddable":true,"href":"https:\/\/fdasrl.it\/pt-pt\/wp-json\/wp\/v2\/comments?post=1949"}],"wp:featuredmedia":[{"embeddable":true,"href":"https:\/\/fdasrl.it\/pt-pt\/wp-json\/wp\/v2\/media\/454"}],"wp:attachment":[{"href":"https:\/\/fdasrl.it\/pt-pt\/wp-json\/wp\/v2\/media?parent=1949"}],"wp:term":[{"taxonomy":"product_brand","embeddable":true,"href":"https:\/\/fdasrl.it\/pt-pt\/wp-json\/wp\/v2\/product_brand?post=1949"},{"taxonomy":"product_cat","embeddable":true,"href":"https:\/\/fdasrl.it\/pt-pt\/wp-json\/wp\/v2\/product_cat?post=1949"},{"taxonomy":"product_tag","embeddable":true,"href":"https:\/\/fdasrl.it\/pt-pt\/wp-json\/wp\/v2\/product_tag?post=1949"}],"curies":[{"name":"wp","href":"https:\/\/api.w.org\/{rel}","templated":true}]}}