{"id":1969,"date":"2025-01-21T12:37:00","date_gmt":"2025-01-21T11:37:00","guid":{"rendered":"https:\/\/fdasrl.it\/prodotto\/maquina-de-ordenha-para-vaca-1-grupo-balde-inox\/"},"modified":"2025-01-21T12:37:00","modified_gmt":"2025-01-21T11:37:00","slug":"maquina-de-ordenha-para-vaca-1-grupo-balde-inox","status":"publish","type":"product","link":"https:\/\/fdasrl.it\/pt-pt\/prodotto\/maquina-de-ordenha-para-vaca-1-grupo-balde-inox\/","title":{"rendered":"M\u00c1QUINA DE ORDENHA PARA VACA 1 GRUPO BALDE INOX"},"content":{"rendered":"<div>\n<h3 data-start=\"135\" data-end=\"226\"><strong data-start=\"135\" data-end=\"226\">M\u00c1QUINA DE ORDENHA M\u00d3VEL PARA VACAS DE 1 GRUPO COM BOMBA A SECO E BALDE EM A\u00c7O INOX DE 30 LITROS. <\/strong><\/h3>\n<h4 data-start=\"228\" data-end=\"477\">Esta m\u00e1quina de ordenha profissional de um grupo foi concebida para garantir efici\u00eancia, higiene e durabilidade. Ideal para explora\u00e7\u00f5es pecu\u00e1rias de pequena e m\u00e9dia dimens\u00e3o, permite uma ordenha r\u00e1pida e segura, respeitando totalmente a sa\u00fade do animal. <\/h4>\n<h5 data-start=\"479\" data-end=\"510\"><strong data-start=\"479\" data-end=\"510\">Caracter\u00edsticas principais:<\/strong><\/h5>\n<ul data-start=\"512\" data-end=\"1454\">\n<li class=\"\" data-start=\"512\" data-end=\"670\">\n<p class=\"\" data-start=\"514\" data-end=\"670\"><strong data-start=\"514\" data-end=\"561\">Bomba de v\u00e1cuo a seco de 250 litros\/minuto<\/strong>: silenciosa, fi\u00e1vel e isenta de \u00f3leo, minimiza a manuten\u00e7\u00e3o e garante um desempenho constante.<\/p>\n<\/li>\n<li class=\"\" data-start=\"671\" data-end=\"814\">\n<p class=\"\" data-start=\"673\" data-end=\"814\"><strong data-start=\"673\" data-end=\"696\">Comprimento das tubagens<\/strong>: cada grupo de ordenha est\u00e1 equipado com tubagens de 2,5 metros, para uma adequada liberdade de movimentos durante a opera\u00e7\u00e3o.<\/p>\n<\/li>\n<li class=\"\" data-start=\"815\" data-end=\"961\">\n<p class=\"\" data-start=\"817\" data-end=\"961\"><strong data-start=\"817\" data-end=\"866\">Dep\u00f3sito de v\u00e1cuo inspecion\u00e1vel de 18 litros<\/strong>: facilita o controlo e a manuten\u00e7\u00e3o, assegurando o correto funcionamento do sistema.<\/p>\n<\/li>\n<li class=\"\" data-start=\"962\" data-end=\"1093\">\n<p class=\"\" data-start=\"964\" data-end=\"1093\"><strong data-start=\"964\" data-end=\"1003\">Balde em a\u00e7o inox de 30 litros<\/strong>: resistente, f\u00e1cil de limpar, ideal para garantir a m\u00e1xima higiene do leite recolhido.<\/p>\n<\/li>\n<li class=\"\" data-start=\"1094\" data-end=\"1210\">\n<p class=\"\" data-start=\"1096\" data-end=\"1210\"><strong data-start=\"1096\" data-end=\"1134\">Motor monof\u00e1sico 220 Volt \/ 0,55 kW<\/strong>: potente e adequado para utiliza\u00e7\u00e3o em ambientes agr\u00edcolas com alimenta\u00e7\u00e3o dom\u00e9stica.<\/p>\n<\/li>\n<li class=\"\" data-start=\"1211\" data-end=\"1310\">\n<p class=\"\" data-start=\"1213\" data-end=\"1310\"><strong data-start=\"1213\" data-end=\"1234\">Certifica\u00e7\u00e3o CE<\/strong>: em conformidade com as normas europeias em mat\u00e9ria de seguran\u00e7a, qualidade e higiene.<\/p>\n<\/li>\n<li class=\"\" data-start=\"1311\" data-end=\"1454\">\n<p class=\"\" data-start=\"1313\" data-end=\"1454\"><strong data-start=\"1313\" data-end=\"1339\">Conjunto de escovilh\u00f5es inclu\u00eddo<\/strong>: acess\u00f3rios pr\u00e1ticos para a limpeza di\u00e1ria dos componentes, fundamentais para manter elevados padr\u00f5es de higiene.<\/p>\n<\/li>\n<\/ul>\n<h5 data-start=\"1456\" data-end=\"1494\"><strong data-start=\"1456\" data-end=\"1494\">Acess\u00f3rios inclu\u00eddos no fornecimento:<\/strong><\/h5>\n<ul data-start=\"1496\" data-end=\"2067\">\n<li class=\"\" data-start=\"1496\" data-end=\"1557\">\n<p class=\"\" data-start=\"1498\" data-end=\"1557\">Copo de ordenha em a\u00e7o inox comprimento 155 mm, furo de 16,5 mm;<\/p>\n<\/li>\n<li class=\"\" data-start=\"1558\" data-end=\"1612\">\n<p class=\"\" data-start=\"1560\" data-end=\"1612\">Coletor de 250 cc, espec\u00edfico para bovinos de leite;<\/p>\n<\/li>\n<li class=\"\" data-start=\"1613\" data-end=\"1675\">\n<p class=\"\" data-start=\"1615\" data-end=\"1675\">Pulsador pneum\u00e1tico para uma ordenha regular e eficaz;<\/p>\n<\/li>\n<li class=\"\" data-start=\"1676\" data-end=\"1720\">\n<p class=\"\" data-start=\"1678\" data-end=\"1720\">Palhetas em grafite para a bomba de v\u00e1cuo;<\/p>\n<\/li>\n<li class=\"\" data-start=\"1721\" data-end=\"1779\">\n<p class=\"\" data-start=\"1723\" data-end=\"1779\">Vacu\u00f3metro para a monitoriza\u00e7\u00e3o constante da press\u00e3o;<\/p>\n<\/li>\n<li class=\"\" data-start=\"1780\" data-end=\"1850\">\n<p class=\"\" data-start=\"1782\" data-end=\"1850\">Bomba de v\u00e1cuo a seco de 250 l\/min com motor el\u00e9trico integrado;<\/p>\n<\/li>\n<li class=\"\" data-start=\"1851\" data-end=\"1899\">\n<p class=\"\" data-start=\"1853\" data-end=\"1899\">Grupo de ordenha completo para bovinos de leite;<\/p>\n<\/li>\n<li class=\"\" data-start=\"1900\" data-end=\"1967\">\n<p class=\"\" data-start=\"1902\" data-end=\"1967\">Torneira de v\u00e1cuo de 1\/2&#8243; para uma gest\u00e3o simples do fluxo;<\/p>\n<\/li>\n<li class=\"\" data-start=\"1968\" data-end=\"2019\">\n<p class=\"\" data-start=\"1970\" data-end=\"2019\">Tetina de ordenha compat\u00edvel com sistemas DeLaval;<\/p>\n<\/li>\n<li class=\"\" data-start=\"2020\" data-end=\"2067\">\n<p class=\"\" data-start=\"2022\" data-end=\"2067\">V\u00e1lvula para a regula\u00e7\u00e3o precisa do v\u00e1cuo.<\/p>\n<\/li>\n<\/ul>\n<p class=\"\" data-start=\"2069\" data-end=\"2212\">Gra\u00e7as \u00e0 qualidade dos materiais e \u00e0 facilidade de utiliza\u00e7\u00e3o, esta m\u00e1quina de ordenha representa uma solu\u00e7\u00e3o fi\u00e1vel para o criador moderno.<\/p>\n<\/div>\n<div>Adquira na nossa <a href=\"https:\/\/fda-shop.it\/shop\/mungitura\/mungitrici-carrellate\/mungitrice-bovini\/mungitrice-bovini-a-un-gruppo-mungitura\" target=\"_blank\" rel=\"noopener\">loja online<\/a><\/div>\n","protected":false},"excerpt":{"rendered":"<p>M\u00e1quina de ordenha para vacas de 1 grupo com bomba a seco e balde inox de 30 litros. Completa com acess\u00f3rios, motor 220V, dep\u00f3sito de v\u00e1cuo e certifica\u00e7\u00e3o CE. Ideal para explora\u00e7\u00f5es de pequena e m\u00e9dia dimens\u00e3o.  <\/p>\n","protected":false},"featured_media":444,"comment_status":"open","ping_status":"closed","template":"","meta":{"_et_pb_use_builder":"","_et_pb_old_content":"","_et_gb_content_width":""},"product_brand":[],"product_cat":[384],"product_tag":[443],"class_list":{"0":"post-1969","1":"product","2":"type-product","3":"status-publish","4":"has-post-thumbnail","6":"product_cat-ordenhas-moveis","7":"product_tag-m1750","9":"first","10":"instock","11":"shipping-taxable","12":"product-type-simple"},"yoast_head":"<!-- This site is optimized with the Yoast SEO Premium plugin v27.5 (Yoast SEO v27.5) - https:\/\/yoast.com\/product\/yoast-seo-premium-wordpress\/ -->\n<title>M\u00e1quina de ordenha m\u00f3vel para vacas de um grupo com motor potente<\/title>\n<meta name=\"description\" content=\"Obtenha o m\u00e1ximo da ordenha m\u00f3vel para vacas de um grupo! Desempenho excecional e manuten\u00e7\u00e3o reduzida, n\u00e3o perca a oportunidade! \ud83c\udf3e\" \/>\n<meta name=\"robots\" content=\"index, follow, max-snippet:-1, max-image-preview:large, max-video-preview:-1\" \/>\n<link rel=\"canonical\" href=\"https:\/\/fdasrl.it\/pt-pt\/prodotto\/maquina-de-ordenha-para-vaca-1-grupo-balde-inox\/\" \/>\n<meta property=\"og:locale\" content=\"pt_PT\" \/>\n<meta property=\"og:type\" content=\"article\" \/>\n<meta property=\"og:title\" content=\"M\u00c1QUINA DE ORDENHA PARA VACA 1 GRUPO BALDE INOX\" \/>\n<meta property=\"og:description\" content=\"Obtenha o m\u00e1ximo da ordenha m\u00f3vel para vacas de um grupo! Desempenho excecional e manuten\u00e7\u00e3o reduzida, n\u00e3o perca a oportunidade! \ud83c\udf3e\" \/>\n<meta property=\"og:url\" content=\"https:\/\/fdasrl.it\/pt-pt\/prodotto\/maquina-de-ordenha-para-vaca-1-grupo-balde-inox\/\" \/>\n<meta property=\"og:site_name\" content=\"FDA srl\" \/>\n<meta property=\"article:publisher\" content=\"https:\/\/www.facebook.com\/share\/1MWhFWg1Tp\/?mibextid=LQQJ4d\" \/>\n<meta property=\"og:image\" content=\"https:\/\/fdasrl.it\/wp-content\/uploads\/2025\/01\/M1750_1.jpg\" \/>\n\t<meta property=\"og:image:width\" content=\"800\" \/>\n\t<meta property=\"og:image:height\" content=\"737\" \/>\n\t<meta property=\"og:image:type\" content=\"image\/jpeg\" \/>\n<meta name=\"twitter:card\" content=\"summary_large_image\" \/>\n<meta name=\"twitter:label1\" content=\"pre\u00e7o\" \/>\n\t<meta name=\"twitter:data1\" content=\"\" \/>\n\t<meta name=\"twitter:label2\" content=\"Disponibilidade\" \/>\n\t<meta name=\"twitter:data2\" content=\"Em stock\" \/>\n<meta property=\"product:price:currency\" content=\"EUR\" \/>\n<meta property=\"og:availability\" content=\"instock\" \/>\n<meta property=\"product:availability\" content=\"instock\" \/>\n<meta property=\"product:retailer_item_id\" content=\"M1750\" \/>\n<meta property=\"product:condition\" content=\"new\" \/>\n<!-- \/ Yoast SEO Premium plugin. -->","yoast_head_json":{"title":"M\u00e1quina de ordenha m\u00f3vel para vacas de um grupo com motor potente","description":"Obtenha o m\u00e1ximo da ordenha m\u00f3vel para vacas de um grupo! Desempenho excecional e manuten\u00e7\u00e3o reduzida, n\u00e3o perca a oportunidade! \ud83c\udf3e","robots":{"index":"index","follow":"follow","max-snippet":"max-snippet:-1","max-image-preview":"max-image-preview:large","max-video-preview":"max-video-preview:-1"},"canonical":"https:\/\/fdasrl.it\/pt-pt\/prodotto\/maquina-de-ordenha-para-vaca-1-grupo-balde-inox\/","og_locale":"pt_PT","og_type":"article","og_title":"M\u00c1QUINA DE ORDENHA PARA VACA 1 GRUPO BALDE INOX","og_description":"Obtenha o m\u00e1ximo da ordenha m\u00f3vel para vacas de um grupo! Desempenho excecional e manuten\u00e7\u00e3o reduzida, n\u00e3o perca a oportunidade! \ud83c\udf3e","og_url":"https:\/\/fdasrl.it\/pt-pt\/prodotto\/maquina-de-ordenha-para-vaca-1-grupo-balde-inox\/","og_site_name":"FDA srl","article_publisher":"https:\/\/www.facebook.com\/share\/1MWhFWg1Tp\/?mibextid=LQQJ4d","og_image":[{"width":800,"height":737,"url":"https:\/\/fdasrl.it\/wp-content\/uploads\/2025\/01\/M1750_1.jpg","type":"image\/jpeg"}],"twitter_card":"summary_large_image","twitter_misc":{"pre\u00e7o":"","Disponibilidade":"Em stock"},"schema":{"@context":"https:\/\/schema.org","@graph":[{"@type":"WebPage","@id":"https:\/\/fdasrl.it\/pt-pt\/prodotto\/maquina-de-ordenha-para-vaca-1-grupo-balde-inox\/","url":"https:\/\/fdasrl.it\/pt-pt\/prodotto\/maquina-de-ordenha-para-vaca-1-grupo-balde-inox\/","name":"M\u00e1quina de ordenha m\u00f3vel para vacas de um grupo com motor potente","isPartOf":{"@id":"https:\/\/fdasrl.it\/pt-pt\/#website"},"primaryImageOfPage":{"@id":"https:\/\/fdasrl.it\/pt-pt\/prodotto\/maquina-de-ordenha-para-vaca-1-grupo-balde-inox\/#primaryimage"},"image":{"@id":"https:\/\/fdasrl.it\/pt-pt\/prodotto\/maquina-de-ordenha-para-vaca-1-grupo-balde-inox\/#primaryimage"},"thumbnailUrl":"https:\/\/fdasrl.it\/wp-content\/uploads\/2025\/01\/M1750_1.jpg","datePublished":"2025-01-21T11:37:00+00:00","description":"Obtenha o m\u00e1ximo da ordenha m\u00f3vel para vacas de um grupo! Desempenho excecional e manuten\u00e7\u00e3o reduzida, n\u00e3o perca a oportunidade! \ud83c\udf3e","breadcrumb":{"@id":"https:\/\/fdasrl.it\/pt-pt\/prodotto\/maquina-de-ordenha-para-vaca-1-grupo-balde-inox\/#breadcrumb"},"inLanguage":"pt-PT","potentialAction":[{"@type":"ReadAction","target":["https:\/\/fdasrl.it\/pt-pt\/prodotto\/maquina-de-ordenha-para-vaca-1-grupo-balde-inox\/"]}]},{"@type":"ImageObject","inLanguage":"pt-PT","@id":"https:\/\/fdasrl.it\/pt-pt\/prodotto\/maquina-de-ordenha-para-vaca-1-grupo-balde-inox\/#primaryimage","url":"https:\/\/fdasrl.it\/wp-content\/uploads\/2025\/01\/M1750_1.jpg","contentUrl":"https:\/\/fdasrl.it\/wp-content\/uploads\/2025\/01\/M1750_1.jpg","width":800,"height":737,"caption":"M\u00c1QUINA DE ORDENHA PARA VACA DE 1 GRUPO FDA SRL"},{"@type":"BreadcrumbList","@id":"https:\/\/fdasrl.it\/pt-pt\/prodotto\/maquina-de-ordenha-para-vaca-1-grupo-balde-inox\/#breadcrumb","itemListElement":[{"@type":"ListItem","position":1,"name":"Home","item":"https:\/\/fdasrl.it\/pt-pt\/inicio\/"},{"@type":"ListItem","position":2,"name":"Loja","item":"https:\/\/fdasrl.it\/pt-pt\/loja\/"},{"@type":"ListItem","position":3,"name":"M\u00c1QUINA DE ORDENHA PARA VACA 1 GRUPO BALDE INOX"}]},{"@type":"WebSite","@id":"https:\/\/fdasrl.it\/pt-pt\/#website","url":"https:\/\/fdasrl.it\/pt-pt\/","name":"FDA srl","description":"Equipment for animal husbandry","publisher":{"@id":"https:\/\/fdasrl.it\/pt-pt\/#organization"},"potentialAction":[{"@type":"SearchAction","target":{"@type":"EntryPoint","urlTemplate":"https:\/\/fdasrl.it\/pt-pt\/?s={search_term_string}"},"query-input":{"@type":"PropertyValueSpecification","valueRequired":true,"valueName":"search_term_string"}}],"inLanguage":"pt-PT"},{"@type":"Organization","@id":"https:\/\/fdasrl.it\/pt-pt\/#organization","name":"FDA srl","url":"https:\/\/fdasrl.it\/pt-pt\/","logo":{"@type":"ImageObject","inLanguage":"pt-PT","@id":"https:\/\/fdasrl.it\/pt-pt\/#\/schema\/logo\/image\/","url":"https:\/\/fdasrl.it\/wp-content\/uploads\/2024\/12\/Logo-FDA.png","contentUrl":"https:\/\/fdasrl.it\/wp-content\/uploads\/2024\/12\/Logo-FDA.png","width":316,"height":119,"caption":"FDA srl"},"image":{"@id":"https:\/\/fdasrl.it\/pt-pt\/#\/schema\/logo\/image\/"},"sameAs":["https:\/\/www.facebook.com\/share\/1MWhFWg1Tp\/?mibextid=LQQJ4d","https:\/\/www.instagram.com\/fda_srl\/profilecard\/?igsh=YW5lbzJ6MWg0d21u","https:\/\/www.youtube.com\/@FDASRL_ANIMALCARE"],"description":"FDA SRL \u2013 Equipment for animal husbandry nasce con l\u2019obiettivo di offrire soluzioni affidabili e innovative per l\u2019allevamento moderno. Con anni di esperienza nel settore zootecnico, progettiamo e realizziamo attrezzature destinate al benessere animale e alla gestione efficiente delle stalle: vasche, abbeveratoi, mangiatoie e sistemi di riscaldamento pensati per durare nel tempo e semplificare il lavoro quotidiano degli allevatori. Dalla progettazione alla produzione, ogni nostro prodotto \u00e8 studiato nei minimi dettagli, testato con cura e costruito per rispondere alle esigenze reali del settore. La nostra forza \u00e8 unire artigianalit\u00e0, tecnologia e competenza tecnica per trasformare ogni progetto in una soluzione concreta e funzionale. Oggi FDA SRL \u00e8 un punto di riferimento per privati e rivenditori che cercano qualit\u00e0, affidabilit\u00e0 e innovazione nelle attrezzature per l\u2019allevamento.","email":"info@fdasrl.it","telephone":"+390522826820","legalName":"F.D.A. SRL","foundingDate":"2024-10-13","vatID":"03075840359","taxID":"03075840359","numberOfEmployees":{"@type":"QuantitativeValue","minValue":"1","maxValue":"10"}}]},"product_price_currency":"EUR","og_availability":"instock","product_availability":"instock","product_retailer_item_id":"M1750","product_condition":"new"},"_links":{"self":[{"href":"https:\/\/fdasrl.it\/pt-pt\/wp-json\/wp\/v2\/product\/1969","targetHints":{"allow":["GET"]}}],"collection":[{"href":"https:\/\/fdasrl.it\/pt-pt\/wp-json\/wp\/v2\/product"}],"about":[{"href":"https:\/\/fdasrl.it\/pt-pt\/wp-json\/wp\/v2\/types\/product"}],"replies":[{"embeddable":true,"href":"https:\/\/fdasrl.it\/pt-pt\/wp-json\/wp\/v2\/comments?post=1969"}],"wp:featuredmedia":[{"embeddable":true,"href":"https:\/\/fdasrl.it\/pt-pt\/wp-json\/wp\/v2\/media\/444"}],"wp:attachment":[{"href":"https:\/\/fdasrl.it\/pt-pt\/wp-json\/wp\/v2\/media?parent=1969"}],"wp:term":[{"taxonomy":"product_brand","embeddable":true,"href":"https:\/\/fdasrl.it\/pt-pt\/wp-json\/wp\/v2\/product_brand?post=1969"},{"taxonomy":"product_cat","embeddable":true,"href":"https:\/\/fdasrl.it\/pt-pt\/wp-json\/wp\/v2\/product_cat?post=1969"},{"taxonomy":"product_tag","embeddable":true,"href":"https:\/\/fdasrl.it\/pt-pt\/wp-json\/wp\/v2\/product_tag?post=1969"}],"curies":[{"name":"wp","href":"https:\/\/api.w.org\/{rel}","templated":true}]}}