{"id":1975,"date":"2025-01-21T12:28:40","date_gmt":"2025-01-21T11:28:40","guid":{"rendered":"https:\/\/fdasrl.it\/prodotto\/maquina-de-ordenha-eletrica-para-cabras-ovelhas-de-2-grupos\/"},"modified":"2025-01-21T12:28:40","modified_gmt":"2025-01-21T11:28:40","slug":"maquina-de-ordenha-eletrica-para-cabras-ovelhas-de-2-grupos","status":"publish","type":"product","link":"https:\/\/fdasrl.it\/pt-pt\/prodotto\/maquina-de-ordenha-eletrica-para-cabras-ovelhas-de-2-grupos\/","title":{"rendered":"M\u00c1QUINA DE ORDENHA EL\u00c9TRICA PARA CABRAS\/OVELHAS DE 2 GRUPOS"},"content":{"rendered":"<div>\n<h3 data-start=\"165\" data-end=\"276\">\ud83d\udc10\ud83d\udc11 <strong data-start=\"174\" data-end=\"276\">M\u00e1quina de Ordenha El\u00e9trica para Cabras ou Ovelhas de 2 Grupos \u2013 Bomba a Seco 250 L\/min, Balde Inox de 30 L<\/strong><\/h3>\n<p data-start=\"278\" data-end=\"668\">Solu\u00e7\u00e3o profissional para a ordenha de <strong data-start=\"322\" data-end=\"331\">cabras<\/strong> ou <strong data-start=\"334\" data-end=\"344\">ovelhas<\/strong>, concebida para garantir efici\u00eancia, higiene e fiabilidade.<br data-start=\"405\" data-end=\"408\">Esta <strong data-start=\"415\" data-end=\"450\">m\u00e1quina de ordenha el\u00e9trica de 2 grupos<\/strong> est\u00e1 equipada com uma <strong data-start=\"467\" data-end=\"514\">bomba de v\u00e1cuo a seco de 250 litros\/minuto<\/strong>, <strong data-start=\"516\" data-end=\"565\">dep\u00f3sito de v\u00e1cuo inspecion\u00e1vel de 18 litros<\/strong> e <strong data-start=\"568\" data-end=\"607\">balde em a\u00e7o inox de 30 litros<\/strong>, ideal para um uso di\u00e1rio em pequenas e m\u00e9dias explora\u00e7\u00f5es pecu\u00e1rias.<\/p>\n<p data-start=\"670\" data-end=\"895\">Gra\u00e7as \u00e0 estrutura compacta e aos componentes de alta qualidade, \u00e9 f\u00e1cil de deslocar, simples de utilizar e est\u00e1 em conformidade com as normas CE. A presen\u00e7a de todos os acess\u00f3rios necess\u00e1rios torna-a uma m\u00e1quina pronta a usar. <\/p>\n<hr data-start=\"897\" data-end=\"900\">\n<h3 data-start=\"902\" data-end=\"949\">\u2699\ufe0f <strong data-start=\"909\" data-end=\"949\">Principais caracter\u00edsticas t\u00e9cnicas:<\/strong><\/h3>\n<ul data-start=\"950\" data-end=\"1441\">\n<li data-start=\"950\" data-end=\"1038\">\n<p data-start=\"952\" data-end=\"1038\"><strong data-start=\"952\" data-end=\"979\">Bomba de v\u00e1cuo a seco<\/strong> de 250 L\/min com <strong data-start=\"997\" data-end=\"1036\">palhetas em grafite autolubrificantes<\/strong><\/p>\n<\/li>\n<li data-start=\"1039\" data-end=\"1092\">\n<p data-start=\"1041\" data-end=\"1092\"><strong data-start=\"1041\" data-end=\"1064\">Dep\u00f3sito de v\u00e1cuo<\/strong> inspecion\u00e1vel de 18 litros<\/p>\n<\/li>\n<li data-start=\"1093\" data-end=\"1144\">\n<p data-start=\"1095\" data-end=\"1144\"><strong data-start=\"1095\" data-end=\"1124\">Motor el\u00e9trico monof\u00e1sico<\/strong> de 220 V \/ 0,55 kW<\/p>\n<\/li>\n<li data-start=\"1145\" data-end=\"1202\">\n<p data-start=\"1147\" data-end=\"1202\"><strong data-start=\"1147\" data-end=\"1168\">Balde de ordenha<\/strong> em <strong data-start=\"1172\" data-end=\"1200\">a\u00e7o inox de 30 litros<\/strong><\/p>\n<\/li>\n<li data-start=\"1203\" data-end=\"1270\">\n<p data-start=\"1205\" data-end=\"1270\"><strong data-start=\"1205\" data-end=\"1228\">Comprimento das tubagens<\/strong> para cada grupo de ordenha: 2,5 metros<\/p>\n<\/li>\n<li data-start=\"1271\" data-end=\"1331\">\n<p data-start=\"1273\" data-end=\"1331\"><strong data-start=\"1273\" data-end=\"1295\">Estrutura compacta<\/strong>, robusta e de f\u00e1cil manuten\u00e7\u00e3o<\/p>\n<\/li>\n<li data-start=\"1332\" data-end=\"1397\">\n<p data-start=\"1334\" data-end=\"1397\"><strong data-start=\"1334\" data-end=\"1352\">Certificada CE<\/strong> para uso em \u00e2mbito zoot\u00e9cnico profissional<\/p>\n<\/li>\n<li data-start=\"1398\" data-end=\"1441\">\n<p data-start=\"1400\" data-end=\"1441\"><strong data-start=\"1400\" data-end=\"1418\">Conjunto de escovilh\u00f5es<\/strong> para limpeza inclu\u00eddo<\/p>\n<\/li>\n<\/ul>\n<hr data-start=\"1443\" data-end=\"1446\">\n<h3 data-start=\"1448\" data-end=\"1485\">\ud83e\uddf0 <strong data-start=\"1455\" data-end=\"1485\">Acess\u00f3rios inclu\u00eddos no kit:<\/strong><\/h3>\n<ul data-start=\"1486\" data-end=\"1865\">\n<li data-start=\"1486\" data-end=\"1547\">\n<p data-start=\"1488\" data-end=\"1547\">2 grupos de ordenha completos para cabras ou ovelhas (\u00e0 escolha)<\/p>\n<\/li>\n<li data-start=\"1548\" data-end=\"1591\">\n<p data-start=\"1550\" data-end=\"1591\">Coletores espec\u00edficos para cabra ou ovelha<\/p>\n<\/li>\n<li data-start=\"1592\" data-end=\"1635\">\n<p data-start=\"1594\" data-end=\"1635\">Pulsadores pneum\u00e1ticos de alta precis\u00e3o<\/p>\n<\/li>\n<li data-start=\"1636\" data-end=\"1683\">\n<p data-start=\"1638\" data-end=\"1683\">V\u00e1lvulas semiautom\u00e1ticas para cada grupo<\/p>\n<\/li>\n<li data-start=\"1684\" data-end=\"1747\">\n<p data-start=\"1686\" data-end=\"1747\">Vacu\u00f3metro integrado para o controlo do n\u00edvel de v\u00e1cuo<\/p>\n<\/li>\n<li data-start=\"1748\" data-end=\"1784\">\n<p data-start=\"1750\" data-end=\"1784\">V\u00e1lvula de regula\u00e7\u00e3o de v\u00e1cuo<\/p>\n<\/li>\n<li data-start=\"1785\" data-end=\"1829\">\n<p data-start=\"1787\" data-end=\"1829\">Manga de silicone e copos de ordenha fornecidos<\/p>\n<\/li>\n<li data-start=\"1830\" data-end=\"1865\">\n<p data-start=\"1832\" data-end=\"1865\">Torneira de 1\/2&#8243; para gest\u00e3o de v\u00e1cuo<\/p>\n<\/li>\n<\/ul>\n<hr data-start=\"1867\" data-end=\"1870\">\n<h3 data-start=\"1872\" data-end=\"1894\">\ud83c\udfaf <strong data-start=\"1879\" data-end=\"1894\">Ideal para:<\/strong><\/h3>\n<ul data-start=\"1895\" data-end=\"2104\">\n<li data-start=\"1895\" data-end=\"1979\">\n<p data-start=\"1897\" data-end=\"1979\">Criadores de cabras ou ovelhas que procuram um sistema profissional de 2 postos<\/p>\n<\/li>\n<li data-start=\"1980\" data-end=\"2034\">\n<p data-start=\"1982\" data-end=\"2034\">Ordenha di\u00e1ria em pequenas e m\u00e9dias explora\u00e7\u00f5es pecu\u00e1rias<\/p>\n<\/li>\n<li data-start=\"2035\" data-end=\"2104\">\n<p data-start=\"2037\" data-end=\"2104\">Quem deseja um sistema <strong data-start=\"2061\" data-end=\"2102\">completo, eficiente e pronto a usar<\/strong><\/p>\n<\/li>\n<\/ul>\n<hr data-start=\"2106\" data-end=\"2109\">\n<h3 data-start=\"2111\" data-end=\"2145\">\ud83d\uded2 <strong data-start=\"2118\" data-end=\"2145\">Compre j\u00e1 online:<\/strong><\/h3>\n<ul data-start=\"2146\" data-end=\"2234\">\n<li data-start=\"2146\" data-end=\"2189\">\n<p data-start=\"2148\" data-end=\"2189\">\u2705 [<strong data-start=\"2151\" data-end=\"2173\">Vers\u00e3o para cabras<\/strong> \u2013 <a href=\"https:\/\/fda-shop.it\/shop\/mungitura\/mungitrici-carrellate\/mungitrice-capra\/mungitrice-capre-due-gruppi-mungitura\">clique aqui<\/a>]<\/p>\n<\/li>\n<li data-start=\"2190\" data-end=\"2234\">\n<p data-start=\"2192\" data-end=\"2234\">\u2705 [<strong data-start=\"2195\" data-end=\"2218\">Vers\u00e3o para ovelhas<\/strong> \u2013 <a href=\"https:\/\/fda-shop.it\/shop\/mungitura\/mungitrici-carrellate\/mungitrice-pecore\/mungitrice-pecore-due-gruppi-mungitura\">clique aqui<\/a>]<\/p>\n<\/li>\n<\/ul>\n<\/div>\n<div>\n<div>\n<div><\/div>\n<\/div>\n<\/div>\n","protected":false},"excerpt":{"rendered":"<p>M\u00e1quina de ordenha el\u00e9trica de 2 grupos para cabras ou ovelhas, com bomba a seco 250 L\/min, balde inox de 30 L e acess\u00f3rios inclu\u00eddos. Ideal para ordenha profissional. <\/p>\n","protected":false},"featured_media":433,"comment_status":"open","ping_status":"closed","template":"","meta":{"_et_pb_use_builder":"","_et_pb_old_content":"","_et_gb_content_width":""},"product_brand":[],"product_cat":[384,412],"product_tag":[445,446,444],"class_list":{"0":"post-1975","1":"product","2":"type-product","3":"status-publish","4":"has-post-thumbnail","6":"product_cat-ordenhas-moveis","7":"product_cat-ovinos-e-caprinos","8":"product_tag-fa-m71","9":"product_tag-m7100c","10":"product_tag-m7100p","12":"first","13":"instock","14":"shipping-taxable","15":"product-type-simple"},"yoast_head":"<!-- This site is optimized with the Yoast SEO Premium plugin v27.5 (Yoast SEO v27.5) - https:\/\/yoast.com\/product\/yoast-seo-premium-wordpress\/ -->\n<title>M\u00e1quina de ordenha el\u00e9trica 2 grupos cabras ovelhas pronta a usar - FDA srl<\/title>\n<meta name=\"description\" content=\"Torne a ordenha das cabras e das ovelhas mais f\u00e1cil com a m\u00e1quina de ordenha el\u00e9trica de 2 grupos! Efici\u00eancia e higiene ao seu servi\u00e7o.\" \/>\n<meta name=\"robots\" content=\"index, follow, max-snippet:-1, max-image-preview:large, max-video-preview:-1\" \/>\n<link rel=\"canonical\" href=\"https:\/\/fdasrl.it\/pt-pt\/prodotto\/maquina-de-ordenha-eletrica-para-cabras-ovelhas-de-2-grupos\/\" \/>\n<meta property=\"og:locale\" content=\"pt_PT\" \/>\n<meta property=\"og:type\" content=\"article\" \/>\n<meta property=\"og:title\" content=\"M\u00c1QUINA DE ORDENHA EL\u00c9TRICA PARA CABRAS\/OVELHAS DE 2 GRUPOS\" \/>\n<meta property=\"og:description\" content=\"Torne a ordenha das cabras e das ovelhas mais f\u00e1cil com a m\u00e1quina de ordenha el\u00e9trica de 2 grupos! Efici\u00eancia e higiene ao seu servi\u00e7o.\" \/>\n<meta property=\"og:url\" content=\"https:\/\/fdasrl.it\/pt-pt\/prodotto\/maquina-de-ordenha-eletrica-para-cabras-ovelhas-de-2-grupos\/\" \/>\n<meta property=\"og:site_name\" content=\"FDA srl\" \/>\n<meta property=\"article:publisher\" content=\"https:\/\/www.facebook.com\/share\/1MWhFWg1Tp\/?mibextid=LQQJ4d\" \/>\n<meta property=\"og:image\" content=\"https:\/\/fdasrl.it\/wp-content\/uploads\/2025\/01\/M7100P_1.jpg\" \/>\n\t<meta property=\"og:image:width\" content=\"800\" \/>\n\t<meta property=\"og:image:height\" content=\"737\" \/>\n\t<meta property=\"og:image:type\" content=\"image\/jpeg\" \/>\n<meta name=\"twitter:card\" content=\"summary_large_image\" \/>\n<meta name=\"twitter:label1\" content=\"pre\u00e7o\" \/>\n\t<meta name=\"twitter:data1\" content=\"\" \/>\n\t<meta name=\"twitter:label2\" content=\"Disponibilidade\" \/>\n\t<meta name=\"twitter:data2\" content=\"Em stock\" \/>\n<meta property=\"product:price:currency\" content=\"EUR\" \/>\n<meta property=\"og:availability\" content=\"instock\" \/>\n<meta property=\"product:availability\" content=\"instock\" \/>\n<meta property=\"product:retailer_item_id\" content=\"FA-M71\" \/>\n<meta property=\"product:condition\" content=\"new\" \/>\n<!-- \/ Yoast SEO Premium plugin. -->","yoast_head_json":{"title":"M\u00e1quina de ordenha el\u00e9trica 2 grupos cabras ovelhas pronta a usar - FDA srl","description":"Torne a ordenha das cabras e das ovelhas mais f\u00e1cil com a m\u00e1quina de ordenha el\u00e9trica de 2 grupos! Efici\u00eancia e higiene ao seu servi\u00e7o.","robots":{"index":"index","follow":"follow","max-snippet":"max-snippet:-1","max-image-preview":"max-image-preview:large","max-video-preview":"max-video-preview:-1"},"canonical":"https:\/\/fdasrl.it\/pt-pt\/prodotto\/maquina-de-ordenha-eletrica-para-cabras-ovelhas-de-2-grupos\/","og_locale":"pt_PT","og_type":"article","og_title":"M\u00c1QUINA DE ORDENHA EL\u00c9TRICA PARA CABRAS\/OVELHAS DE 2 GRUPOS","og_description":"Torne a ordenha das cabras e das ovelhas mais f\u00e1cil com a m\u00e1quina de ordenha el\u00e9trica de 2 grupos! Efici\u00eancia e higiene ao seu servi\u00e7o.","og_url":"https:\/\/fdasrl.it\/pt-pt\/prodotto\/maquina-de-ordenha-eletrica-para-cabras-ovelhas-de-2-grupos\/","og_site_name":"FDA srl","article_publisher":"https:\/\/www.facebook.com\/share\/1MWhFWg1Tp\/?mibextid=LQQJ4d","og_image":[{"width":800,"height":737,"url":"https:\/\/fdasrl.it\/wp-content\/uploads\/2025\/01\/M7100P_1.jpg","type":"image\/jpeg"}],"twitter_card":"summary_large_image","twitter_misc":{"pre\u00e7o":"","Disponibilidade":"Em stock"},"schema":{"@context":"https:\/\/schema.org","@graph":[{"@type":"WebPage","@id":"https:\/\/fdasrl.it\/pt-pt\/prodotto\/maquina-de-ordenha-eletrica-para-cabras-ovelhas-de-2-grupos\/","url":"https:\/\/fdasrl.it\/pt-pt\/prodotto\/maquina-de-ordenha-eletrica-para-cabras-ovelhas-de-2-grupos\/","name":"M\u00e1quina de ordenha el\u00e9trica 2 grupos cabras ovelhas pronta a usar - FDA srl","isPartOf":{"@id":"https:\/\/fdasrl.it\/pt-pt\/#website"},"primaryImageOfPage":{"@id":"https:\/\/fdasrl.it\/pt-pt\/prodotto\/maquina-de-ordenha-eletrica-para-cabras-ovelhas-de-2-grupos\/#primaryimage"},"image":{"@id":"https:\/\/fdasrl.it\/pt-pt\/prodotto\/maquina-de-ordenha-eletrica-para-cabras-ovelhas-de-2-grupos\/#primaryimage"},"thumbnailUrl":"https:\/\/fdasrl.it\/wp-content\/uploads\/2025\/01\/M7100P_1.jpg","datePublished":"2025-01-21T11:28:40+00:00","description":"Torne a ordenha das cabras e das ovelhas mais f\u00e1cil com a m\u00e1quina de ordenha el\u00e9trica de 2 grupos! Efici\u00eancia e higiene ao seu servi\u00e7o.","breadcrumb":{"@id":"https:\/\/fdasrl.it\/pt-pt\/prodotto\/maquina-de-ordenha-eletrica-para-cabras-ovelhas-de-2-grupos\/#breadcrumb"},"inLanguage":"pt-PT","potentialAction":[{"@type":"ReadAction","target":["https:\/\/fdasrl.it\/pt-pt\/prodotto\/maquina-de-ordenha-eletrica-para-cabras-ovelhas-de-2-grupos\/"]}]},{"@type":"ImageObject","inLanguage":"pt-PT","@id":"https:\/\/fdasrl.it\/pt-pt\/prodotto\/maquina-de-ordenha-eletrica-para-cabras-ovelhas-de-2-grupos\/#primaryimage","url":"https:\/\/fdasrl.it\/wp-content\/uploads\/2025\/01\/M7100P_1.jpg","contentUrl":"https:\/\/fdasrl.it\/wp-content\/uploads\/2025\/01\/M7100P_1.jpg","width":800,"height":737,"caption":"M\u00c1QUINA DE ORDENHA EL\u00c9TRICA PARA CABRAS\/OVELHAS DE 2 GRUPOS"},{"@type":"BreadcrumbList","@id":"https:\/\/fdasrl.it\/pt-pt\/prodotto\/maquina-de-ordenha-eletrica-para-cabras-ovelhas-de-2-grupos\/#breadcrumb","itemListElement":[{"@type":"ListItem","position":1,"name":"Home","item":"https:\/\/fdasrl.it\/pt-pt\/inicio\/"},{"@type":"ListItem","position":2,"name":"Loja","item":"https:\/\/fdasrl.it\/pt-pt\/loja\/"},{"@type":"ListItem","position":3,"name":"M\u00c1QUINA DE ORDENHA EL\u00c9TRICA PARA CABRAS\/OVELHAS DE 2 GRUPOS"}]},{"@type":"WebSite","@id":"https:\/\/fdasrl.it\/pt-pt\/#website","url":"https:\/\/fdasrl.it\/pt-pt\/","name":"FDA srl","description":"Equipment for animal husbandry","publisher":{"@id":"https:\/\/fdasrl.it\/pt-pt\/#organization"},"potentialAction":[{"@type":"SearchAction","target":{"@type":"EntryPoint","urlTemplate":"https:\/\/fdasrl.it\/pt-pt\/?s={search_term_string}"},"query-input":{"@type":"PropertyValueSpecification","valueRequired":true,"valueName":"search_term_string"}}],"inLanguage":"pt-PT"},{"@type":"Organization","@id":"https:\/\/fdasrl.it\/pt-pt\/#organization","name":"FDA srl","url":"https:\/\/fdasrl.it\/pt-pt\/","logo":{"@type":"ImageObject","inLanguage":"pt-PT","@id":"https:\/\/fdasrl.it\/pt-pt\/#\/schema\/logo\/image\/","url":"https:\/\/fdasrl.it\/wp-content\/uploads\/2024\/12\/Logo-FDA.png","contentUrl":"https:\/\/fdasrl.it\/wp-content\/uploads\/2024\/12\/Logo-FDA.png","width":316,"height":119,"caption":"FDA srl"},"image":{"@id":"https:\/\/fdasrl.it\/pt-pt\/#\/schema\/logo\/image\/"},"sameAs":["https:\/\/www.facebook.com\/share\/1MWhFWg1Tp\/?mibextid=LQQJ4d","https:\/\/www.instagram.com\/fda_srl\/profilecard\/?igsh=YW5lbzJ6MWg0d21u","https:\/\/www.youtube.com\/@FDASRL_ANIMALCARE"],"description":"FDA SRL \u2013 Equipment for animal husbandry nasce con l\u2019obiettivo di offrire soluzioni affidabili e innovative per l\u2019allevamento moderno. Con anni di esperienza nel settore zootecnico, progettiamo e realizziamo attrezzature destinate al benessere animale e alla gestione efficiente delle stalle: vasche, abbeveratoi, mangiatoie e sistemi di riscaldamento pensati per durare nel tempo e semplificare il lavoro quotidiano degli allevatori. Dalla progettazione alla produzione, ogni nostro prodotto \u00e8 studiato nei minimi dettagli, testato con cura e costruito per rispondere alle esigenze reali del settore. La nostra forza \u00e8 unire artigianalit\u00e0, tecnologia e competenza tecnica per trasformare ogni progetto in una soluzione concreta e funzionale. Oggi FDA SRL \u00e8 un punto di riferimento per privati e rivenditori che cercano qualit\u00e0, affidabilit\u00e0 e innovazione nelle attrezzature per l\u2019allevamento.","email":"info@fdasrl.it","telephone":"+390522826820","legalName":"F.D.A. SRL","foundingDate":"2024-10-13","vatID":"03075840359","taxID":"03075840359","numberOfEmployees":{"@type":"QuantitativeValue","minValue":"1","maxValue":"10"}}]},"product_price_currency":"EUR","og_availability":"instock","product_availability":"instock","product_retailer_item_id":"FA-M71","product_condition":"new"},"_links":{"self":[{"href":"https:\/\/fdasrl.it\/pt-pt\/wp-json\/wp\/v2\/product\/1975","targetHints":{"allow":["GET"]}}],"collection":[{"href":"https:\/\/fdasrl.it\/pt-pt\/wp-json\/wp\/v2\/product"}],"about":[{"href":"https:\/\/fdasrl.it\/pt-pt\/wp-json\/wp\/v2\/types\/product"}],"replies":[{"embeddable":true,"href":"https:\/\/fdasrl.it\/pt-pt\/wp-json\/wp\/v2\/comments?post=1975"}],"wp:featuredmedia":[{"embeddable":true,"href":"https:\/\/fdasrl.it\/pt-pt\/wp-json\/wp\/v2\/media\/433"}],"wp:attachment":[{"href":"https:\/\/fdasrl.it\/pt-pt\/wp-json\/wp\/v2\/media?parent=1975"}],"wp:term":[{"taxonomy":"product_brand","embeddable":true,"href":"https:\/\/fdasrl.it\/pt-pt\/wp-json\/wp\/v2\/product_brand?post=1975"},{"taxonomy":"product_cat","embeddable":true,"href":"https:\/\/fdasrl.it\/pt-pt\/wp-json\/wp\/v2\/product_cat?post=1975"},{"taxonomy":"product_tag","embeddable":true,"href":"https:\/\/fdasrl.it\/pt-pt\/wp-json\/wp\/v2\/product_tag?post=1975"}],"curies":[{"name":"wp","href":"https:\/\/api.w.org\/{rel}","templated":true}]}}