{"id":2107,"date":"2025-01-21T12:48:09","date_gmt":"2025-01-21T11:48:09","guid":{"rendered":"https:\/\/fdasrl.it\/prodotto\/ordenhadora-para-cabras-ovelhas-4-conjuntos-dois-baldes\/"},"modified":"2025-01-21T12:48:09","modified_gmt":"2025-01-21T11:48:09","slug":"ordenhadora-para-cabras-ovelhas-4-conjuntos-dois-baldes","status":"publish","type":"product","link":"https:\/\/fdasrl.it\/pt-pt\/prodotto\/ordenhadora-para-cabras-ovelhas-4-conjuntos-dois-baldes\/","title":{"rendered":"ORDENHADORA PARA CABRAS\/OVELHAS 4 CONJUNTOS DOIS BALDES"},"content":{"rendered":"<h3>ORDENHADORA PROFISSIONAL M\u00d3VEL FDA PARA CABRAS E OVELHAS DE 4 CONJUNTOS COM BOMBA A SECO E 2 BALDES EM A\u00c7O INOX DE 30 LITROS.<\/h3>\n<p class=\"\" data-start=\"138\" data-end=\"515\">A ordenhadora <strong data-start=\"152\" data-end=\"166\">FDA M6700P<\/strong> para cabras e ovelhas est\u00e1 equipada com <strong data-start=\"198\" data-end=\"220\">4 conjuntos de ordenha<\/strong>, perfeitos para trabalhar simultaneamente em v\u00e1rios animais, <strong data-start=\"279\" data-end=\"316\">otimizando assim tempos e recursos<\/strong>. Al\u00e9m disso, est\u00e1 montada sobre uma <strong data-start=\"344\" data-end=\"364\">estrutura m\u00f3vel<\/strong> que permite desloc\u00e1-la facilmente entre diferentes pontos da explora\u00e7\u00e3o, <strong data-start=\"438\" data-end=\"475\">tornando-a particularmente adequada<\/strong> tanto para uso no est\u00e1bulo como no pasto. <\/p>\n<p class=\"\" data-start=\"138\" data-end=\"515\">Todo o sistema funciona com <strong data-start=\"557\" data-end=\"588\">uma bomba de v\u00e1cuo a seco<\/strong>, dispon\u00edvel em duas configura\u00e7\u00f5es (280 ou 400 l\/min), <strong data-start=\"647\" data-end=\"682\">de modo a adaptar-se facilmente<\/strong> a diferentes necessidades produtivas. <strong data-start=\"717\" data-end=\"732\">Al\u00e9m disso<\/strong>, o motor el\u00e9trico monof\u00e1sico de 0,55 kW \u2013 220 V garante <strong data-start=\"792\" data-end=\"813\">consumos reduzidos<\/strong> e <strong data-start=\"816\" data-end=\"848\">m\u00e1xima efici\u00eancia operacional<\/strong>.<\/p>\n<h5 data-start=\"138\" data-end=\"515\">PRINCIPAIS CARATER\u00cdSTICAS T\u00c9CNICAS:<\/h5>\n<div>\n<ul>\n<li class=\"\" data-start=\"901\" data-end=\"955\">\n<p class=\"\" data-start=\"903\" data-end=\"955\"><strong data-start=\"903\" data-end=\"930\">Bomba de v\u00e1cuo a seco<\/strong> de 280 ou 400 l\/min<\/p>\n<\/li>\n<li class=\"\" data-start=\"956\" data-end=\"1010\">\n<p class=\"\" data-start=\"958\" data-end=\"1010\"><strong data-start=\"958\" data-end=\"979\">Tubos de ordenha<\/strong> com 2,5 m de comprimento para cada conjunto<\/p>\n<\/li>\n<li class=\"\" data-start=\"1011\" data-end=\"1048\">\n<p class=\"\" data-start=\"1013\" data-end=\"1048\"><strong data-start=\"1013\" data-end=\"1036\">Dep\u00f3sito de v\u00e1cuo<\/strong> integrado<\/p>\n<\/li>\n<li class=\"\" data-start=\"1049\" data-end=\"1104\">\n<p class=\"\" data-start=\"1051\" data-end=\"1104\"><strong data-start=\"1051\" data-end=\"1081\">Dois baldes em a\u00e7o inox<\/strong> de 30 litros cada<\/p>\n<\/li>\n<li class=\"\" data-start=\"1105\" data-end=\"1147\">\n<p class=\"\" data-start=\"1107\" data-end=\"1147\"><strong data-start=\"1107\" data-end=\"1126\">Motor monof\u00e1sico<\/strong> 220 V \/ 0,55 kW<\/p>\n<\/li>\n<li class=\"\" data-start=\"1148\" data-end=\"1210\">\n<p class=\"\" data-start=\"1150\" data-end=\"1210\"><strong data-start=\"1150\" data-end=\"1171\">Certifica\u00e7\u00e3o CE<\/strong>, em conformidade com as normas de seguran\u00e7a<\/p>\n<\/li>\n<li class=\"\" data-start=\"1211\" data-end=\"1276\">\n<p class=\"\" data-start=\"1213\" data-end=\"1276\"><strong data-start=\"1213\" data-end=\"1239\">Conjunto de escovilh\u00f5es inclu\u00eddo<\/strong>, para uma limpeza r\u00e1pida e minuciosa<\/p>\n<\/li>\n<\/ul>\n<div>\n<h3>Acess\u00f3rios:<\/h3>\n<div>&#8211; Conjunto de ordenha para ovelhas ou cabras;<\/div>\n<div>&#8211; V\u00e1lvula semiautom\u00e1tica para conjunto de ordenha;<\/div>\n<div>&#8211; Coletor para cabras ou ovelhas;<\/div>\n<div>&#8211; Pulsador pneum\u00e1tico;<\/div>\n<div>&#8211; Palhetas de grafite;<\/div>\n<div>&#8211; Vacu\u00f3metro;<\/div>\n<div>&#8211; Bomba de v\u00e1cuo a seco 280 l\/min com motor el\u00e9trico<\/div>\n<div>ou<\/div>\n<div>&#8211; Bomba de v\u00e1cuo a seco 400 l\/min com motor el\u00e9trico;<\/div>\n<div>&#8211; Torneira de v\u00e1cuo de 1\/2&#8243;;<\/div>\n<div>&#8211; Teteira de silicone para Ovelha ou Cabra;<\/div>\n<div>&#8211; Copo;<\/div>\n<div>&#8211; V\u00e1lvula de regula\u00e7\u00e3o de v\u00e1cuo.<\/div>\n<\/div>\n<\/div>\n<div><\/div>\n<div>Compre a vers\u00e3o para cabras na nossa <a href=\"https:\/\/fda-shop.it\/shop\/mungitura\/mungitrici-carrellate\/mungitrice-capra\/mungitrice-capre-due-bidoni-latte-e-gruppi-mungitura#\/261-tipo-motore_standard_280_litri\" target=\"_blank\" rel=\"noopener\">loja online<\/a><\/div>\n<div>Compre a vers\u00e3o para cabras na nossa <a href=\"https:\/\/fda-shop.it\/shop\/mungitura\/mungitrici-carrellate\/mungitrice-pecore\/mungitrice-pecore-due-bidoni-e-gruppi-mungitura#\/261-tipo-motore_standard_280_litri\" target=\"_blank\" rel=\"noopener\">loja online<\/a><\/div>\n","protected":false},"excerpt":{"rendered":"<p>Ordenhadora profissional de 4 conjuntos para cabras ou ovelhas, ideal para explora\u00e7\u00f5es m\u00f3veis ou est\u00e1bulos. Equipada com bomba de v\u00e1cuo a seco (280 ou 400 l\/min), 2 baldes em a\u00e7o inox de 30 litros e motor el\u00e9trico monof\u00e1sico de 0,55 kW. F\u00e1cil de deslocar e perfeita para uma ordenha eficiente, r\u00e1pida e higi\u00e9nica.  <\/p>\n","protected":false},"featured_media":465,"comment_status":"open","ping_status":"closed","template":"","meta":{"_et_pb_use_builder":"","_et_pb_old_content":"","_et_gb_content_width":""},"product_brand":[],"product_cat":[384,412],"product_tag":[472],"class_list":{"0":"post-2107","1":"product","2":"type-product","3":"status-publish","4":"has-post-thumbnail","6":"product_cat-ordenhas-moveis","7":"product_cat-ovinos-e-caprinos","8":"product_tag-m6700p","10":"first","11":"instock","12":"shipping-taxable","13":"product-type-simple"},"yoast_head":"<!-- This site is optimized with the Yoast SEO Premium plugin v27.5 (Yoast SEO v27.5) - https:\/\/yoast.com\/product\/yoast-seo-premium-wordpress\/ -->\n<title>ordenhadora profissional m\u00f3vel para cabras e ovelhas: motor potente<\/title>\n<meta name=\"description\" content=\"Simplifique a ordenha com a ordenhadora profissional m\u00f3vel para cabras e ovelhas. Inclui tudo o que \u00e9 necess\u00e1rio para uma ordenha eficaz! \ud83d\udcaa\" \/>\n<meta name=\"robots\" content=\"index, follow, max-snippet:-1, max-image-preview:large, max-video-preview:-1\" \/>\n<link rel=\"canonical\" href=\"https:\/\/fdasrl.it\/pt-pt\/prodotto\/ordenhadora-para-cabras-ovelhas-4-conjuntos-dois-baldes\/\" \/>\n<meta property=\"og:locale\" content=\"pt_PT\" \/>\n<meta property=\"og:type\" content=\"article\" \/>\n<meta property=\"og:title\" content=\"ORDENHADORA PARA CABRAS\/OVELHAS 4 CONJUNTOS DOIS BALDES\" \/>\n<meta property=\"og:description\" content=\"Simplifique a ordenha com a ordenhadora profissional m\u00f3vel para cabras e ovelhas. Inclui tudo o que \u00e9 necess\u00e1rio para uma ordenha eficaz! \ud83d\udcaa\" \/>\n<meta property=\"og:url\" content=\"https:\/\/fdasrl.it\/pt-pt\/prodotto\/ordenhadora-para-cabras-ovelhas-4-conjuntos-dois-baldes\/\" \/>\n<meta property=\"og:site_name\" content=\"FDA srl\" \/>\n<meta property=\"article:publisher\" content=\"https:\/\/www.facebook.com\/share\/1MWhFWg1Tp\/?mibextid=LQQJ4d\" \/>\n<meta property=\"og:image\" content=\"https:\/\/fdasrl.it\/wp-content\/uploads\/2025\/01\/M6700P_1.jpg\" \/>\n\t<meta property=\"og:image:width\" content=\"800\" \/>\n\t<meta property=\"og:image:height\" content=\"737\" \/>\n\t<meta property=\"og:image:type\" content=\"image\/jpeg\" \/>\n<meta name=\"twitter:card\" content=\"summary_large_image\" \/>\n<meta name=\"twitter:label1\" content=\"pre\u00e7o\" \/>\n\t<meta name=\"twitter:data1\" content=\"\" \/>\n\t<meta name=\"twitter:label2\" content=\"Disponibilidade\" \/>\n\t<meta name=\"twitter:data2\" content=\"Em stock\" \/>\n<meta property=\"product:price:currency\" content=\"EUR\" \/>\n<meta property=\"og:availability\" content=\"instock\" \/>\n<meta property=\"product:availability\" content=\"instock\" \/>\n<meta property=\"product:retailer_item_id\" content=\"M6700P\" \/>\n<meta property=\"product:condition\" content=\"new\" \/>\n<!-- \/ Yoast SEO Premium plugin. -->","yoast_head_json":{"title":"ordenhadora profissional m\u00f3vel para cabras e ovelhas: motor potente","description":"Simplifique a ordenha com a ordenhadora profissional m\u00f3vel para cabras e ovelhas. Inclui tudo o que \u00e9 necess\u00e1rio para uma ordenha eficaz! \ud83d\udcaa","robots":{"index":"index","follow":"follow","max-snippet":"max-snippet:-1","max-image-preview":"max-image-preview:large","max-video-preview":"max-video-preview:-1"},"canonical":"https:\/\/fdasrl.it\/pt-pt\/prodotto\/ordenhadora-para-cabras-ovelhas-4-conjuntos-dois-baldes\/","og_locale":"pt_PT","og_type":"article","og_title":"ORDENHADORA PARA CABRAS\/OVELHAS 4 CONJUNTOS DOIS BALDES","og_description":"Simplifique a ordenha com a ordenhadora profissional m\u00f3vel para cabras e ovelhas. Inclui tudo o que \u00e9 necess\u00e1rio para uma ordenha eficaz! \ud83d\udcaa","og_url":"https:\/\/fdasrl.it\/pt-pt\/prodotto\/ordenhadora-para-cabras-ovelhas-4-conjuntos-dois-baldes\/","og_site_name":"FDA srl","article_publisher":"https:\/\/www.facebook.com\/share\/1MWhFWg1Tp\/?mibextid=LQQJ4d","og_image":[{"width":800,"height":737,"url":"https:\/\/fdasrl.it\/wp-content\/uploads\/2025\/01\/M6700P_1.jpg","type":"image\/jpeg"}],"twitter_card":"summary_large_image","twitter_misc":{"pre\u00e7o":"","Disponibilidade":"Em stock"},"schema":{"@context":"https:\/\/schema.org","@graph":[{"@type":"WebPage","@id":"https:\/\/fdasrl.it\/pt-pt\/prodotto\/ordenhadora-para-cabras-ovelhas-4-conjuntos-dois-baldes\/","url":"https:\/\/fdasrl.it\/pt-pt\/prodotto\/ordenhadora-para-cabras-ovelhas-4-conjuntos-dois-baldes\/","name":"ordenhadora profissional m\u00f3vel para cabras e ovelhas: motor potente","isPartOf":{"@id":"https:\/\/fdasrl.it\/pt-pt\/#website"},"primaryImageOfPage":{"@id":"https:\/\/fdasrl.it\/pt-pt\/prodotto\/ordenhadora-para-cabras-ovelhas-4-conjuntos-dois-baldes\/#primaryimage"},"image":{"@id":"https:\/\/fdasrl.it\/pt-pt\/prodotto\/ordenhadora-para-cabras-ovelhas-4-conjuntos-dois-baldes\/#primaryimage"},"thumbnailUrl":"https:\/\/fdasrl.it\/wp-content\/uploads\/2025\/01\/M6700P_1.jpg","datePublished":"2025-01-21T11:48:09+00:00","description":"Simplifique a ordenha com a ordenhadora profissional m\u00f3vel para cabras e ovelhas. Inclui tudo o que \u00e9 necess\u00e1rio para uma ordenha eficaz! \ud83d\udcaa","breadcrumb":{"@id":"https:\/\/fdasrl.it\/pt-pt\/prodotto\/ordenhadora-para-cabras-ovelhas-4-conjuntos-dois-baldes\/#breadcrumb"},"inLanguage":"pt-PT","potentialAction":[{"@type":"ReadAction","target":["https:\/\/fdasrl.it\/pt-pt\/prodotto\/ordenhadora-para-cabras-ovelhas-4-conjuntos-dois-baldes\/"]}]},{"@type":"ImageObject","inLanguage":"pt-PT","@id":"https:\/\/fdasrl.it\/pt-pt\/prodotto\/ordenhadora-para-cabras-ovelhas-4-conjuntos-dois-baldes\/#primaryimage","url":"https:\/\/fdasrl.it\/wp-content\/uploads\/2025\/01\/M6700P_1.jpg","contentUrl":"https:\/\/fdasrl.it\/wp-content\/uploads\/2025\/01\/M6700P_1.jpg","width":800,"height":737,"caption":"ORDENHADORA PARA CABRAS\/OVELHAS DE 4 CONJUNTOS FDA SRL"},{"@type":"BreadcrumbList","@id":"https:\/\/fdasrl.it\/pt-pt\/prodotto\/ordenhadora-para-cabras-ovelhas-4-conjuntos-dois-baldes\/#breadcrumb","itemListElement":[{"@type":"ListItem","position":1,"name":"Home","item":"https:\/\/fdasrl.it\/pt-pt\/inicio\/"},{"@type":"ListItem","position":2,"name":"Loja","item":"https:\/\/fdasrl.it\/pt-pt\/loja\/"},{"@type":"ListItem","position":3,"name":"ORDENHADORA PARA CABRAS\/OVELHAS 4 CONJUNTOS DOIS BALDES"}]},{"@type":"WebSite","@id":"https:\/\/fdasrl.it\/pt-pt\/#website","url":"https:\/\/fdasrl.it\/pt-pt\/","name":"FDA srl","description":"Equipment for animal husbandry","publisher":{"@id":"https:\/\/fdasrl.it\/pt-pt\/#organization"},"potentialAction":[{"@type":"SearchAction","target":{"@type":"EntryPoint","urlTemplate":"https:\/\/fdasrl.it\/pt-pt\/?s={search_term_string}"},"query-input":{"@type":"PropertyValueSpecification","valueRequired":true,"valueName":"search_term_string"}}],"inLanguage":"pt-PT"},{"@type":"Organization","@id":"https:\/\/fdasrl.it\/pt-pt\/#organization","name":"FDA srl","url":"https:\/\/fdasrl.it\/pt-pt\/","logo":{"@type":"ImageObject","inLanguage":"pt-PT","@id":"https:\/\/fdasrl.it\/pt-pt\/#\/schema\/logo\/image\/","url":"https:\/\/fdasrl.it\/wp-content\/uploads\/2024\/12\/Logo-FDA.png","contentUrl":"https:\/\/fdasrl.it\/wp-content\/uploads\/2024\/12\/Logo-FDA.png","width":316,"height":119,"caption":"FDA srl"},"image":{"@id":"https:\/\/fdasrl.it\/pt-pt\/#\/schema\/logo\/image\/"},"sameAs":["https:\/\/www.facebook.com\/share\/1MWhFWg1Tp\/?mibextid=LQQJ4d","https:\/\/www.instagram.com\/fda_srl\/profilecard\/?igsh=YW5lbzJ6MWg0d21u","https:\/\/www.youtube.com\/@FDASRL_ANIMALCARE"],"description":"FDA SRL \u2013 Equipment for animal husbandry nasce con l\u2019obiettivo di offrire soluzioni affidabili e innovative per l\u2019allevamento moderno. Con anni di esperienza nel settore zootecnico, progettiamo e realizziamo attrezzature destinate al benessere animale e alla gestione efficiente delle stalle: vasche, abbeveratoi, mangiatoie e sistemi di riscaldamento pensati per durare nel tempo e semplificare il lavoro quotidiano degli allevatori. Dalla progettazione alla produzione, ogni nostro prodotto \u00e8 studiato nei minimi dettagli, testato con cura e costruito per rispondere alle esigenze reali del settore. La nostra forza \u00e8 unire artigianalit\u00e0, tecnologia e competenza tecnica per trasformare ogni progetto in una soluzione concreta e funzionale. Oggi FDA SRL \u00e8 un punto di riferimento per privati e rivenditori che cercano qualit\u00e0, affidabilit\u00e0 e innovazione nelle attrezzature per l\u2019allevamento.","email":"info@fdasrl.it","telephone":"+390522826820","legalName":"F.D.A. SRL","foundingDate":"2024-10-13","vatID":"03075840359","taxID":"03075840359","numberOfEmployees":{"@type":"QuantitativeValue","minValue":"1","maxValue":"10"}}]},"product_price_currency":"EUR","og_availability":"instock","product_availability":"instock","product_retailer_item_id":"M6700P","product_condition":"new"},"_links":{"self":[{"href":"https:\/\/fdasrl.it\/pt-pt\/wp-json\/wp\/v2\/product\/2107","targetHints":{"allow":["GET"]}}],"collection":[{"href":"https:\/\/fdasrl.it\/pt-pt\/wp-json\/wp\/v2\/product"}],"about":[{"href":"https:\/\/fdasrl.it\/pt-pt\/wp-json\/wp\/v2\/types\/product"}],"replies":[{"embeddable":true,"href":"https:\/\/fdasrl.it\/pt-pt\/wp-json\/wp\/v2\/comments?post=2107"}],"wp:featuredmedia":[{"embeddable":true,"href":"https:\/\/fdasrl.it\/pt-pt\/wp-json\/wp\/v2\/media\/465"}],"wp:attachment":[{"href":"https:\/\/fdasrl.it\/pt-pt\/wp-json\/wp\/v2\/media?parent=2107"}],"wp:term":[{"taxonomy":"product_brand","embeddable":true,"href":"https:\/\/fdasrl.it\/pt-pt\/wp-json\/wp\/v2\/product_brand?post=2107"},{"taxonomy":"product_cat","embeddable":true,"href":"https:\/\/fdasrl.it\/pt-pt\/wp-json\/wp\/v2\/product_cat?post=2107"},{"taxonomy":"product_tag","embeddable":true,"href":"https:\/\/fdasrl.it\/pt-pt\/wp-json\/wp\/v2\/product_tag?post=2107"}],"curies":[{"name":"wp","href":"https:\/\/api.w.org\/{rel}","templated":true}]}}