{"id":2129,"date":"2026-03-04T10:43:57","date_gmt":"2026-03-04T09:43:57","guid":{"rendered":"https:\/\/fdasrl.it\/prodotto\/ordenhadora-movel-fa27032-para-cabras-e-ovelhas-de-8-grupos-com-bomba-em-banho-de-oleo\/"},"modified":"2026-03-04T10:43:57","modified_gmt":"2026-03-04T09:43:57","slug":"ordenhadora-movel-fa27032-para-cabras-e-ovelhas-de-8-grupos-com-bomba-em-banho-de-oleo","status":"publish","type":"product","link":"https:\/\/fdasrl.it\/pt-pt\/prodotto\/ordenhadora-movel-fa27032-para-cabras-e-ovelhas-de-8-grupos-com-bomba-em-banho-de-oleo\/","title":{"rendered":"Ordenhadora m\u00f3vel FA27032 para cabras e ovelhas de 8 grupos com bomba em banho de \u00f3leo"},"content":{"rendered":"<h1 data-start=\"176\" data-end=\"262\">Ordenhadora m\u00f3vel FA27032 para cabras e ovelhas de 8 grupos com bomba em banho de \u00f3leo<\/h1>\n<p data-start=\"264\" data-end=\"429\">A <strong data-start=\"267\" data-end=\"319\">ordenhadora m\u00f3vel FA27032 para cabras e ovelhas<\/strong> foi concebida para garantir uma ordenha <strong data-start=\"361\" data-end=\"428\">r\u00e1pida, eficiente e higi\u00e9nica em explora\u00e7\u00f5es ovinas e caprinas<\/strong>.<\/p>\n<p data-start=\"431\" data-end=\"669\">Gra\u00e7as \u00e0 <strong data-start=\"443\" data-end=\"475\">estrutura m\u00f3vel sobre carrinho<\/strong> e \u00e0 <strong data-start=\"483\" data-end=\"517\">bomba de v\u00e1cuo em banho de \u00f3leo<\/strong>, esta ordenhadora permite ordenhar <strong data-start=\"557\" data-end=\"599\">at\u00e9 oito animais em simult\u00e2neo<\/strong>, melhorando a produtividade e reduzindo os tempos de trabalho no est\u00e1bulo.<\/p>\n<p data-start=\"671\" data-end=\"832\">O sistema foi concebido para oferecer <strong data-start=\"707\" data-end=\"760\">desempenho constante, fiabilidade e longa durabilidade<\/strong>, com componentes resistentes e materiais adequados para o contacto com o leite.<\/p>\n<hr data-start=\"834\" data-end=\"837\">\n<h2 data-start=\"839\" data-end=\"868\">Caracter\u00edsticas principais<\/h2>\n<ul data-start=\"870\" data-end=\"1545\">\n<li data-start=\"870\" data-end=\"983\">\n<p data-start=\"872\" data-end=\"983\"><strong data-start=\"872\" data-end=\"919\">Bomba de v\u00e1cuo em banho de \u00f3leo de 400 L\/min<\/strong> com motor el\u00e9trico <strong data-start=\"941\" data-end=\"960\">220 VAC \u2013 1,5 kW<\/strong> com reservat\u00f3rios separados<\/p>\n<\/li>\n<li data-start=\"984\" data-end=\"1030\">\n<p data-start=\"986\" data-end=\"1030\"><strong data-start=\"986\" data-end=\"1028\">N.\u00ba 8 grupos de ordenha para cabra\/ovelha<\/strong><\/p>\n<\/li>\n<li data-start=\"1031\" data-end=\"1092\">\n<p data-start=\"1033\" data-end=\"1092\"><strong data-start=\"1033\" data-end=\"1090\">N.\u00ba 4 pulsadores pneum\u00e1ticos cabra\/ovelha (90\u2013120 bpm)*<\/strong><\/p>\n<\/li>\n<li data-start=\"1093\" data-end=\"1144\">\n<p data-start=\"1095\" data-end=\"1144\"><strong data-start=\"1095\" data-end=\"1142\">Casquilhos em policarbonato de alta resist\u00eancia<\/strong><\/p>\n<\/li>\n<li data-start=\"1145\" data-end=\"1207\">\n<p data-start=\"1147\" data-end=\"1207\"><strong data-start=\"1147\" data-end=\"1205\">N.\u00ba 8 coletores alimentares para cabra\/ovelha mod. 13300<\/strong><\/p>\n<\/li>\n<li data-start=\"1208\" data-end=\"1251\">\n<p data-start=\"1210\" data-end=\"1251\"><strong data-start=\"1210\" data-end=\"1249\">Tetinas de silicone para ordenha<\/strong><\/p>\n<\/li>\n<li data-start=\"1252\" data-end=\"1318\">\n<p data-start=\"1254\" data-end=\"1318\"><strong data-start=\"1254\" data-end=\"1316\">Reservat\u00f3rio de v\u00e1cuo de 18 litros com v\u00e1lvula de regula\u00e7\u00e3o<\/strong><\/p>\n<\/li>\n<li data-start=\"1319\" data-end=\"1369\">\n<p data-start=\"1321\" data-end=\"1369\"><strong data-start=\"1321\" data-end=\"1367\">Vacu\u00f3metro para controlo da depress\u00e3o<\/strong><\/p>\n<\/li>\n<li data-start=\"1370\" data-end=\"1410\">\n<p data-start=\"1372\" data-end=\"1410\"><strong data-start=\"1372\" data-end=\"1408\">N.\u00ba 2 torneiras de v\u00e1cuo de 1\/2&#8243;<\/strong><\/p>\n<\/li>\n<li data-start=\"1411\" data-end=\"1464\">\n<p data-start=\"1413\" data-end=\"1464\"><strong data-start=\"1413\" data-end=\"1462\">N.\u00ba 2 baldes de leite em a\u00e7o inoxid\u00e1vel de 40 litros<\/strong><\/p>\n<\/li>\n<li data-start=\"1465\" data-end=\"1521\">\n<p data-start=\"1467\" data-end=\"1521\"><strong data-start=\"1467\" data-end=\"1519\">Tubagens de ordenha de 2,5 metros para cada grupo<\/strong><\/p>\n<\/li>\n<li data-start=\"1522\" data-end=\"1545\">\n<p data-start=\"1524\" data-end=\"1545\"><strong data-start=\"1524\" data-end=\"1545\">Certifica\u00e7\u00e3o CE<\/strong><\/p>\n<\/li>\n<\/ul>\n<hr data-start=\"1547\" data-end=\"1550\">\n<h2 data-start=\"1552\" data-end=\"1572\">Equipamento inclu\u00eddo<\/h2>\n<p data-start=\"1574\" data-end=\"1676\">Para facilitar a manuten\u00e7\u00e3o e garantir elevados padr\u00f5es higi\u00e9nicos, a ordenha \u00e9 fornecida com:<\/p>\n<ul data-start=\"1678\" data-end=\"1750\">\n<li data-start=\"1678\" data-end=\"1713\">\n<p data-start=\"1680\" data-end=\"1713\"><strong data-start=\"1680\" data-end=\"1713\">Conjunto de escovas para limpeza<\/strong><\/p>\n<\/li>\n<li data-start=\"1714\" data-end=\"1750\">\n<p data-start=\"1716\" data-end=\"1750\"><strong data-start=\"1716\" data-end=\"1750\">Detergente alcalino de 1 litro<\/strong><\/p>\n<\/li>\n<\/ul>\n<p data-start=\"1752\" data-end=\"1897\">As partes em contacto com o leite s\u00e3o fabricadas com <strong data-start=\"1805\" data-end=\"1844\">material adequado para uso alimentar<\/strong>, para garantir <strong data-start=\"1860\" data-end=\"1896\">higiene, seguran\u00e7a e longa durabilidade<\/strong>.<\/p>\n<hr data-start=\"1899\" data-end=\"1902\">\n<h2 data-start=\"1904\" data-end=\"1927\">Opcionais dispon\u00edveis<\/h2>\n<p data-start=\"1929\" data-end=\"1995\">* <strong data-start=\"1932\" data-end=\"1995\">Pulsador eletr\u00f3nico com placa interna 24VDC + centralina<\/strong><\/p>\n<h4 data-start=\"1954\" data-end=\"1993\">Revendedores e distribuidores: solicite informa\u00e7\u00f5es <a href=\"https:\/\/fdasrl.it\/pt-pt\/contactos\/\">(CLIQUE AQUI)<\/a><\/h4>\n<h4 data-start=\"1954\" data-end=\"1993\">\ud83d\uded2 Compre online <a href=\"https:\/\/fda-shop.it\/shop\/mungitura\/mungitrici-carrellate\/mungitrice-pecore\/mungitrice-carrellate-fa27032-per-caprapecora-a-otto-gruppi-di-mungitura-con-pompa-a-bagno-olio\">(CLIQUE AQUI)<\/a><\/h4>\n","protected":false},"excerpt":{"rendered":"<p>Ordenhadora m\u00f3vel FA27032 para cabras e ovelhas com 8 grupos de ordenha e bomba de v\u00e1cuo em banho de \u00f3leo de 400 L\/min. Equipada com dois baldes de leite em inox de 40 L, copos em policarbonato e teteiras de silicone. Sistema m\u00f3vel, fi\u00e1vel e com certifica\u00e7\u00e3o CE, ideal para a ordenha simult\u00e2nea de v\u00e1rios animais.  <\/p>\n","protected":false},"featured_media":1148,"comment_status":"closed","ping_status":"closed","template":"","meta":{"_et_pb_use_builder":"","_et_pb_old_content":"","_et_gb_content_width":""},"product_brand":[],"product_cat":[384,412],"product_tag":[475],"class_list":{"0":"post-2129","1":"product","2":"type-product","3":"status-publish","4":"has-post-thumbnail","6":"product_cat-ordenhas-moveis","7":"product_cat-ovinos-e-caprinos","8":"product_tag-fa27032","10":"first","11":"instock","12":"shipping-taxable","13":"product-type-simple"},"yoast_head":"<!-- This site is optimized with the Yoast SEO Premium plugin v27.5 (Yoast SEO v27.5) - https:\/\/yoast.com\/product\/yoast-seo-premium-wordpress\/ -->\n<title>Ordenhadora m\u00f3vel cabras ovelhas 8 grupos bomba em banho de \u00f3leo<\/title>\n<meta name=\"description\" content=\"Descubra a ordenhadora para cabras e ovelhas de 8 grupos a \u00f3leo, ideal para uma ordenha r\u00e1pida e eficiente. Aumente a sua produtividade no est\u00e1bulo agora!\" \/>\n<meta name=\"robots\" content=\"index, follow, max-snippet:-1, max-image-preview:large, max-video-preview:-1\" \/>\n<link rel=\"canonical\" href=\"https:\/\/fdasrl.it\/pt-pt\/prodotto\/ordenhadora-movel-fa27032-para-cabras-e-ovelhas-de-8-grupos-com-bomba-em-banho-de-oleo\/\" \/>\n<meta property=\"og:locale\" content=\"pt_PT\" \/>\n<meta property=\"og:type\" content=\"article\" \/>\n<meta property=\"og:title\" content=\"Ordenhadora m\u00f3vel FA27032 para cabras e ovelhas de 8 grupos com bomba em banho de \u00f3leo\" \/>\n<meta property=\"og:description\" content=\"Descubra a ordenhadora para cabras e ovelhas de 8 grupos a \u00f3leo, ideal para uma ordenha r\u00e1pida e eficiente. Aumente a sua produtividade no est\u00e1bulo agora!\" \/>\n<meta property=\"og:url\" content=\"https:\/\/fdasrl.it\/pt-pt\/prodotto\/ordenhadora-movel-fa27032-para-cabras-e-ovelhas-de-8-grupos-com-bomba-em-banho-de-oleo\/\" \/>\n<meta property=\"og:site_name\" content=\"FDA srl\" \/>\n<meta property=\"article:publisher\" content=\"https:\/\/www.facebook.com\/share\/1MWhFWg1Tp\/?mibextid=LQQJ4d\" \/>\n<meta property=\"og:image\" content=\"https:\/\/fdasrl.it\/wp-content\/uploads\/2026\/03\/mungitrice-per-pecora-e-capra-otto-gruppi-a-bagno-olio-vista-sinistra.webp\" \/>\n\t<meta property=\"og:image:width\" content=\"2048\" \/>\n\t<meta property=\"og:image:height\" content=\"2048\" \/>\n\t<meta property=\"og:image:type\" content=\"image\/webp\" \/>\n<meta name=\"twitter:card\" content=\"summary_large_image\" \/>\n<meta name=\"twitter:label1\" content=\"pre\u00e7o\" \/>\n\t<meta name=\"twitter:data1\" content=\"\" \/>\n\t<meta name=\"twitter:label2\" content=\"Disponibilidade\" \/>\n\t<meta name=\"twitter:data2\" content=\"Em stock\" \/>\n<meta property=\"product:price:currency\" content=\"EUR\" \/>\n<meta property=\"og:availability\" content=\"instock\" \/>\n<meta property=\"product:availability\" content=\"instock\" \/>\n<meta property=\"product:retailer_item_id\" content=\"FA27032\" \/>\n<meta property=\"product:condition\" content=\"new\" \/>\n<!-- \/ Yoast SEO Premium plugin. -->","yoast_head_json":{"title":"Ordenhadora m\u00f3vel cabras ovelhas 8 grupos bomba em banho de \u00f3leo","description":"Descubra a ordenhadora para cabras e ovelhas de 8 grupos a \u00f3leo, ideal para uma ordenha r\u00e1pida e eficiente. Aumente a sua produtividade no est\u00e1bulo agora!","robots":{"index":"index","follow":"follow","max-snippet":"max-snippet:-1","max-image-preview":"max-image-preview:large","max-video-preview":"max-video-preview:-1"},"canonical":"https:\/\/fdasrl.it\/pt-pt\/prodotto\/ordenhadora-movel-fa27032-para-cabras-e-ovelhas-de-8-grupos-com-bomba-em-banho-de-oleo\/","og_locale":"pt_PT","og_type":"article","og_title":"Ordenhadora m\u00f3vel FA27032 para cabras e ovelhas de 8 grupos com bomba em banho de \u00f3leo","og_description":"Descubra a ordenhadora para cabras e ovelhas de 8 grupos a \u00f3leo, ideal para uma ordenha r\u00e1pida e eficiente. Aumente a sua produtividade no est\u00e1bulo agora!","og_url":"https:\/\/fdasrl.it\/pt-pt\/prodotto\/ordenhadora-movel-fa27032-para-cabras-e-ovelhas-de-8-grupos-com-bomba-em-banho-de-oleo\/","og_site_name":"FDA srl","article_publisher":"https:\/\/www.facebook.com\/share\/1MWhFWg1Tp\/?mibextid=LQQJ4d","og_image":[{"width":2048,"height":2048,"url":"https:\/\/fdasrl.it\/wp-content\/uploads\/2026\/03\/mungitrice-per-pecora-e-capra-otto-gruppi-a-bagno-olio-vista-sinistra.webp","type":"image\/webp"}],"twitter_card":"summary_large_image","twitter_misc":{"pre\u00e7o":"","Disponibilidade":"Em stock"},"schema":{"@context":"https:\/\/schema.org","@graph":[{"@type":"WebPage","@id":"https:\/\/fdasrl.it\/pt-pt\/prodotto\/ordenhadora-movel-fa27032-para-cabras-e-ovelhas-de-8-grupos-com-bomba-em-banho-de-oleo\/","url":"https:\/\/fdasrl.it\/pt-pt\/prodotto\/ordenhadora-movel-fa27032-para-cabras-e-ovelhas-de-8-grupos-com-bomba-em-banho-de-oleo\/","name":"Ordenhadora m\u00f3vel cabras ovelhas 8 grupos bomba em banho de \u00f3leo","isPartOf":{"@id":"https:\/\/fdasrl.it\/pt-pt\/#website"},"primaryImageOfPage":{"@id":"https:\/\/fdasrl.it\/pt-pt\/prodotto\/ordenhadora-movel-fa27032-para-cabras-e-ovelhas-de-8-grupos-com-bomba-em-banho-de-oleo\/#primaryimage"},"image":{"@id":"https:\/\/fdasrl.it\/pt-pt\/prodotto\/ordenhadora-movel-fa27032-para-cabras-e-ovelhas-de-8-grupos-com-bomba-em-banho-de-oleo\/#primaryimage"},"thumbnailUrl":"https:\/\/fdasrl.it\/wp-content\/uploads\/2026\/03\/mungitrice-per-pecora-e-capra-otto-gruppi-a-bagno-olio-vista-sinistra.webp","datePublished":"2026-03-04T09:43:57+00:00","description":"Descubra a ordenhadora para cabras e ovelhas de 8 grupos a \u00f3leo, ideal para uma ordenha r\u00e1pida e eficiente. Aumente a sua produtividade no est\u00e1bulo agora!","breadcrumb":{"@id":"https:\/\/fdasrl.it\/pt-pt\/prodotto\/ordenhadora-movel-fa27032-para-cabras-e-ovelhas-de-8-grupos-com-bomba-em-banho-de-oleo\/#breadcrumb"},"inLanguage":"pt-PT","potentialAction":[{"@type":"ReadAction","target":["https:\/\/fdasrl.it\/pt-pt\/prodotto\/ordenhadora-movel-fa27032-para-cabras-e-ovelhas-de-8-grupos-com-bomba-em-banho-de-oleo\/"]}]},{"@type":"ImageObject","inLanguage":"pt-PT","@id":"https:\/\/fdasrl.it\/pt-pt\/prodotto\/ordenhadora-movel-fa27032-para-cabras-e-ovelhas-de-8-grupos-com-bomba-em-banho-de-oleo\/#primaryimage","url":"https:\/\/fdasrl.it\/wp-content\/uploads\/2026\/03\/mungitrice-per-pecora-e-capra-otto-gruppi-a-bagno-olio-vista-sinistra.webp","contentUrl":"https:\/\/fdasrl.it\/wp-content\/uploads\/2026\/03\/mungitrice-per-pecora-e-capra-otto-gruppi-a-bagno-olio-vista-sinistra.webp","width":2048,"height":2048,"caption":"Vista lateral da ordenhadora com oito grupos de ordenha para cabras e ovelhas."},{"@type":"BreadcrumbList","@id":"https:\/\/fdasrl.it\/pt-pt\/prodotto\/ordenhadora-movel-fa27032-para-cabras-e-ovelhas-de-8-grupos-com-bomba-em-banho-de-oleo\/#breadcrumb","itemListElement":[{"@type":"ListItem","position":1,"name":"Home","item":"https:\/\/fdasrl.it\/pt-pt\/inicio\/"},{"@type":"ListItem","position":2,"name":"Loja","item":"https:\/\/fdasrl.it\/pt-pt\/loja\/"},{"@type":"ListItem","position":3,"name":"Ordenhadora m\u00f3vel FA27032 para cabras e ovelhas de 8 grupos com bomba em banho de \u00f3leo"}]},{"@type":"WebSite","@id":"https:\/\/fdasrl.it\/pt-pt\/#website","url":"https:\/\/fdasrl.it\/pt-pt\/","name":"FDA srl","description":"Equipment for animal husbandry","publisher":{"@id":"https:\/\/fdasrl.it\/pt-pt\/#organization"},"potentialAction":[{"@type":"SearchAction","target":{"@type":"EntryPoint","urlTemplate":"https:\/\/fdasrl.it\/pt-pt\/?s={search_term_string}"},"query-input":{"@type":"PropertyValueSpecification","valueRequired":true,"valueName":"search_term_string"}}],"inLanguage":"pt-PT"},{"@type":"Organization","@id":"https:\/\/fdasrl.it\/pt-pt\/#organization","name":"FDA srl","url":"https:\/\/fdasrl.it\/pt-pt\/","logo":{"@type":"ImageObject","inLanguage":"pt-PT","@id":"https:\/\/fdasrl.it\/pt-pt\/#\/schema\/logo\/image\/","url":"https:\/\/fdasrl.it\/wp-content\/uploads\/2024\/12\/Logo-FDA.png","contentUrl":"https:\/\/fdasrl.it\/wp-content\/uploads\/2024\/12\/Logo-FDA.png","width":316,"height":119,"caption":"FDA srl"},"image":{"@id":"https:\/\/fdasrl.it\/pt-pt\/#\/schema\/logo\/image\/"},"sameAs":["https:\/\/www.facebook.com\/share\/1MWhFWg1Tp\/?mibextid=LQQJ4d","https:\/\/www.instagram.com\/fda_srl\/profilecard\/?igsh=YW5lbzJ6MWg0d21u","https:\/\/www.youtube.com\/@FDASRL_ANIMALCARE"],"description":"FDA SRL \u2013 Equipment for animal husbandry nasce con l\u2019obiettivo di offrire soluzioni affidabili e innovative per l\u2019allevamento moderno. Con anni di esperienza nel settore zootecnico, progettiamo e realizziamo attrezzature destinate al benessere animale e alla gestione efficiente delle stalle: vasche, abbeveratoi, mangiatoie e sistemi di riscaldamento pensati per durare nel tempo e semplificare il lavoro quotidiano degli allevatori. Dalla progettazione alla produzione, ogni nostro prodotto \u00e8 studiato nei minimi dettagli, testato con cura e costruito per rispondere alle esigenze reali del settore. La nostra forza \u00e8 unire artigianalit\u00e0, tecnologia e competenza tecnica per trasformare ogni progetto in una soluzione concreta e funzionale. Oggi FDA SRL \u00e8 un punto di riferimento per privati e rivenditori che cercano qualit\u00e0, affidabilit\u00e0 e innovazione nelle attrezzature per l\u2019allevamento.","email":"info@fdasrl.it","telephone":"+390522826820","legalName":"F.D.A. SRL","foundingDate":"2024-10-13","vatID":"03075840359","taxID":"03075840359","numberOfEmployees":{"@type":"QuantitativeValue","minValue":"1","maxValue":"10"}}]},"product_price_currency":"EUR","og_availability":"instock","product_availability":"instock","product_retailer_item_id":"FA27032","product_condition":"new"},"_links":{"self":[{"href":"https:\/\/fdasrl.it\/pt-pt\/wp-json\/wp\/v2\/product\/2129","targetHints":{"allow":["GET"]}}],"collection":[{"href":"https:\/\/fdasrl.it\/pt-pt\/wp-json\/wp\/v2\/product"}],"about":[{"href":"https:\/\/fdasrl.it\/pt-pt\/wp-json\/wp\/v2\/types\/product"}],"replies":[{"embeddable":true,"href":"https:\/\/fdasrl.it\/pt-pt\/wp-json\/wp\/v2\/comments?post=2129"}],"wp:featuredmedia":[{"embeddable":true,"href":"https:\/\/fdasrl.it\/pt-pt\/wp-json\/wp\/v2\/media\/1148"}],"wp:attachment":[{"href":"https:\/\/fdasrl.it\/pt-pt\/wp-json\/wp\/v2\/media?parent=2129"}],"wp:term":[{"taxonomy":"product_brand","embeddable":true,"href":"https:\/\/fdasrl.it\/pt-pt\/wp-json\/wp\/v2\/product_brand?post=2129"},{"taxonomy":"product_cat","embeddable":true,"href":"https:\/\/fdasrl.it\/pt-pt\/wp-json\/wp\/v2\/product_cat?post=2129"},{"taxonomy":"product_tag","embeddable":true,"href":"https:\/\/fdasrl.it\/pt-pt\/wp-json\/wp\/v2\/product_tag?post=2129"}],"curies":[{"name":"wp","href":"https:\/\/api.w.org\/{rel}","templated":true}]}}