{"id":2241,"date":"2026-03-13T10:28:58","date_gmt":"2026-03-13T09:28:58","guid":{"rendered":"https:\/\/fdasrl.it\/prodotto\/valvula-de-boia-far16b-para-bebedouro-1-2-com-boia-o90-mm\/"},"modified":"2026-03-13T10:28:58","modified_gmt":"2026-03-13T09:28:58","slug":"valvula-de-boia-far16b-para-bebedouro-1-2-com-boia-o90-mm","status":"publish","type":"product","link":"https:\/\/fdasrl.it\/pt-pt\/prodotto\/valvula-de-boia-far16b-para-bebedouro-1-2-com-boia-o90-mm\/","title":{"rendered":"V\u00e1lvula de Boia FAR16B para Bebedouro 1\/2&#8243; com Boia \u00d890 mm"},"content":{"rendered":"<h2 data-section-id=\"tmb3x4\" data-start=\"73\" data-end=\"151\">V\u00e1lvula de Boia FAR16B para Bebedouro 1\/2&#8243; com Boia \u00d890 mm<\/h2>\n<p data-start=\"153\" data-end=\"466\">A <strong data-start=\"156\" data-end=\"226\">v\u00e1lvula de boia FAR16B com liga\u00e7\u00e3o 1\/2&#8243; de rosca macho<\/strong> foi concebida para o controlo autom\u00e1tico do n\u00edvel da \u00e1gua em bebedouros pecu\u00e1rios. O corpo da v\u00e1lvula \u00e9 fabricado em <strong data-start=\"359\" data-end=\"369\">lat\u00e3o<\/strong>, um material robusto e resistente \u00e0 corros\u00e3o, ideal para utiliza\u00e7\u00e3o em ambientes de est\u00e1bulo. <\/p>\n<p data-start=\"468\" data-end=\"659\">O sistema est\u00e1 equipado com uma <strong data-start=\"491\" data-end=\"561\">boia em polipropileno de cor laranja com 90 mm de di\u00e2metro<\/strong> e uma <strong data-start=\"564\" data-end=\"588\">haste em a\u00e7o inoxid\u00e1vel<\/strong>, uma solu\u00e7\u00e3o que garante elevada resist\u00eancia e longa durabilidade.<\/p>\n<p data-start=\"661\" data-end=\"910\">A boia foi concebida para funcionar <strong data-start=\"703\" data-end=\"729\">na posi\u00e7\u00e3o vertical<\/strong> e permite uma <strong data-start=\"745\" data-end=\"790\">f\u00e1cil regula\u00e7\u00e3o do n\u00edvel da \u00e1gua<\/strong>, mantendo constante o enchimento do bebedouro e assegurando a correta disponibilidade de \u00e1gua para os animais.<\/p>\n<p data-start=\"912\" data-end=\"1067\">Esta v\u00e1lvula \u00e9 ideal como <strong data-start=\"941\" data-end=\"1011\">pe\u00e7a de substitui\u00e7\u00e3o para bebedouros de bovinos e outros animais de cria\u00e7\u00e3o<\/strong>, garantindo fiabilidade e simplicidade de instala\u00e7\u00e3o.<\/p>\n<hr data-start=\"1069\" data-end=\"1072\">\n<h2 data-section-id=\"og5zk7\" data-start=\"1074\" data-end=\"1104\">\u2699\ufe0f Caracter\u00edsticas t\u00e9cnicas<\/h2>\n<p data-start=\"1106\" data-end=\"1135\"><strong data-start=\"1106\" data-end=\"1126\">C\u00f3digo do produto:<\/strong> FAR16B<\/p>\n<p data-start=\"1137\" data-end=\"1158\"><strong data-start=\"1137\" data-end=\"1149\">V\u00e1lvula:<\/strong> Lat\u00e3o<\/p>\n<p data-start=\"1160\" data-end=\"1199\"><strong data-start=\"1160\" data-end=\"1172\">Liga\u00e7\u00e3o:<\/strong> 1\/2&#8243; rosca macho<\/p>\n<p data-start=\"1201\" data-end=\"1244\"><strong data-start=\"1201\" data-end=\"1228\">Material da boia:<\/strong> Polipropileno<\/p>\n<p data-start=\"1246\" data-end=\"1280\"><strong data-start=\"1246\" data-end=\"1272\">Di\u00e2metro da boia:<\/strong> 90 mm<\/p>\n<p data-start=\"1282\" data-end=\"1316\"><strong data-start=\"1282\" data-end=\"1306\">Cor da boia:<\/strong> Laranja<\/p>\n<p data-start=\"1318\" data-end=\"1342\"><strong data-start=\"1318\" data-end=\"1327\">Haste:<\/strong> A\u00e7o inoxid\u00e1vel<\/p>\n<p data-start=\"1344\" data-end=\"1405\"><strong data-start=\"1344\" data-end=\"1361\">Liga\u00e7\u00e3o da haste:<\/strong> Trinco em lat\u00e3o com rosca <strong data-start=\"1394\" data-end=\"1403\">1\/4 W<\/strong><\/p>\n<p data-start=\"1407\" data-end=\"1443\"><strong data-start=\"1407\" data-end=\"1431\">Posi\u00e7\u00e3o de trabalho:<\/strong> Vertical<\/p>\n<p data-start=\"1445\" data-end=\"1480\"><strong data-start=\"1445\" data-end=\"1475\">Regula\u00e7\u00e3o do n\u00edvel de \u00e1gua:<\/strong> Sim<\/p>\n<p data-start=\"1482\" data-end=\"1512\"><strong data-start=\"1482\" data-end=\"1500\">Caudal de \u00e1gua:<\/strong> <strong data-start=\"1501\" data-end=\"1512\">5 L\/min<\/strong><\/p>\n<p data-start=\"1514\" data-end=\"1553\"><strong data-start=\"1514\" data-end=\"1541\">Press\u00e3o de servi\u00e7o:<\/strong> 0,5 \u2013 6 bar<\/p>\n<p data-start=\"1465\" data-end=\"1485\"><strong data-start=\"1465\" data-end=\"1483\">Compatibilidade:<\/strong><\/p>\n<ul data-start=\"1486\" data-end=\"1557\">\n<li data-section-id=\"7p62o9\" data-start=\"1486\" data-end=\"1518\">\n<p data-start=\"1488\" data-end=\"1518\">Bebedouro <strong data-start=\"1501\" data-end=\"1516\">FA-AG Ferro Fundido<\/strong><\/p>\n<\/li>\n<li data-section-id=\"bk0ult\" data-start=\"1519\" data-end=\"1557\">\n<p data-start=\"1521\" data-end=\"1557\">Bebedouro <strong data-start=\"1534\" data-end=\"1557\">FA-AG Polipropileno<\/strong><\/p>\n<\/li>\n<li data-section-id=\"bk0ult\" data-start=\"1519\" data-end=\"1557\">Todos os modelos com mecanismo de n\u00edvel constante<\/li>\n<\/ul>\n<hr data-start=\"1555\" data-end=\"1558\">\n<h2 data-section-id=\"50c332\" data-start=\"1560\" data-end=\"1584\">\u2705 Principais vantagens<\/h2>\n<ul>\n<li data-section-id=\"nmfhi2\" data-start=\"385\" data-end=\"429\">\n<p data-start=\"388\" data-end=\"429\">V\u00e1lvula em lat\u00e3o resistente e duradoura<\/p>\n<\/li>\n<li data-section-id=\"x779ih\" data-start=\"430\" data-end=\"470\">\n<p data-start=\"433\" data-end=\"470\">Haste em a\u00e7o inoxid\u00e1vel anticorros\u00e3o<\/p>\n<\/li>\n<li data-section-id=\"60dbw6\" data-start=\"471\" data-end=\"512\">\n<p data-start=\"474\" data-end=\"512\">Boia \u00d890 mm em polipropileno<\/p>\n<\/li>\n<li data-section-id=\"1hrkpq1\" data-start=\"513\" data-end=\"561\">\n<p data-start=\"516\" data-end=\"561\">Regula\u00e7\u00e3o simples do n\u00edvel da \u00e1gua<\/p>\n<\/li>\n<li data-section-id=\"1lifqpe\" data-start=\"562\" data-end=\"619\">\n<p data-start=\"565\" data-end=\"619\">Ideal como pe\u00e7a de substitui\u00e7\u00e3o para bebedouros pecu\u00e1rios<\/p>\n<\/li>\n<\/ul>\n<p>&nbsp;<\/p>\n<p>\ud83d\udc49 Solicite pre\u00e7o para revenda: <a href=\"mailto:info@fdasrl.it\">CLIQUE AQUI<\/a><\/p>\n","protected":false},"excerpt":{"rendered":"<p>V\u00e1lvula de boia FAR16B com corpo em lat\u00e3o, liga\u00e7\u00e3o 1\/2&#8243; macho, boia \u00d890 mm em polipropileno e haste em a\u00e7o inoxid\u00e1vel. Caudal de 5 L\/min e press\u00e3o de servi\u00e7o de 0,5\u20136 bar. <\/p>\n","protected":false},"featured_media":1237,"comment_status":"open","ping_status":"closed","template":"","meta":{"_et_pb_use_builder":"","_et_pb_old_content":"","_et_gb_content_width":""},"product_brand":[],"product_cat":[502,412,503,504],"product_tag":[505],"class_list":{"0":"post-2241","1":"product","2":"type-product","3":"status-publish","4":"has-post-thumbnail","6":"product_cat-bebedouros","7":"product_cat-ovinos-e-caprinos","8":"product_cat-tanques-inox-para-estabulos","9":"product_cat-valvulas-e-boias","10":"product_tag-far16b","12":"first","13":"instock","14":"shipping-taxable","15":"product-type-simple"},"yoast_head":"<!-- This site is optimized with the Yoast SEO Premium plugin v27.5 (Yoast SEO v27.6) - https:\/\/yoast.com\/product\/yoast-seo-premium-wordpress\/ -->\n<title>V\u00e1lvula de boia em lat\u00e3o FAR16B para bebedouro 1\/2&quot; - Resistente<\/title>\n<meta name=\"description\" content=\"Mantenha a \u00e1gua sempre no n\u00edvel ideal com a v\u00e1lvula de boia em lat\u00e3o FAR16B. Robusta e resistente, \u00e9 a solu\u00e7\u00e3o ideal para est\u00e1bulos! \ud83d\udc04\" \/>\n<meta name=\"robots\" content=\"index, follow, max-snippet:-1, max-image-preview:large, max-video-preview:-1\" \/>\n<link rel=\"canonical\" href=\"https:\/\/fdasrl.it\/pt-pt\/prodotto\/valvula-de-boia-far16b-para-bebedouro-1-2-com-boia-o90-mm\/\" \/>\n<meta property=\"og:locale\" content=\"pt_PT\" \/>\n<meta property=\"og:type\" content=\"article\" \/>\n<meta property=\"og:title\" content=\"V\u00e1lvula de Boia FAR16B para Bebedouro 1\/2&quot; com Boia \u00d890 mm\" \/>\n<meta property=\"og:description\" content=\"Mantenha a \u00e1gua sempre no n\u00edvel ideal com a v\u00e1lvula de boia em lat\u00e3o FAR16B. Robusta e resistente, \u00e9 a solu\u00e7\u00e3o ideal para est\u00e1bulos! \ud83d\udc04\" \/>\n<meta property=\"og:url\" content=\"https:\/\/fdasrl.it\/pt-pt\/prodotto\/valvula-de-boia-far16b-para-bebedouro-1-2-com-boia-o90-mm\/\" \/>\n<meta property=\"og:site_name\" content=\"FDA srl\" \/>\n<meta property=\"article:publisher\" content=\"https:\/\/www.facebook.com\/share\/1MWhFWg1Tp\/?mibextid=LQQJ4d\" \/>\n<meta property=\"og:image\" content=\"https:\/\/fdasrl.it\/wp-content\/uploads\/2026\/03\/Galleggiante-con-valvola-FAR16B-ottone.png\" \/>\n\t<meta property=\"og:image:width\" content=\"500\" \/>\n\t<meta property=\"og:image:height\" content=\"500\" \/>\n\t<meta property=\"og:image:type\" content=\"image\/png\" \/>\n<meta name=\"twitter:card\" content=\"summary_large_image\" \/>\n<meta name=\"twitter:label1\" content=\"pre\u00e7o\" \/>\n\t<meta name=\"twitter:data1\" content=\"\" \/>\n\t<meta name=\"twitter:label2\" content=\"Disponibilidade\" \/>\n\t<meta name=\"twitter:data2\" content=\"Em stock\" \/>\n<meta property=\"product:price:currency\" content=\"EUR\" \/>\n<meta property=\"og:availability\" content=\"instock\" \/>\n<meta property=\"product:availability\" content=\"instock\" \/>\n<meta property=\"product:retailer_item_id\" content=\"FAR16B\" \/>\n<meta property=\"product:condition\" content=\"new\" \/>\n<!-- \/ Yoast SEO Premium plugin. -->","yoast_head_json":{"title":"V\u00e1lvula de boia em lat\u00e3o FAR16B para bebedouro 1\/2\" - Resistente","description":"Mantenha a \u00e1gua sempre no n\u00edvel ideal com a v\u00e1lvula de boia em lat\u00e3o FAR16B. Robusta e resistente, \u00e9 a solu\u00e7\u00e3o ideal para est\u00e1bulos! \ud83d\udc04","robots":{"index":"index","follow":"follow","max-snippet":"max-snippet:-1","max-image-preview":"max-image-preview:large","max-video-preview":"max-video-preview:-1"},"canonical":"https:\/\/fdasrl.it\/pt-pt\/prodotto\/valvula-de-boia-far16b-para-bebedouro-1-2-com-boia-o90-mm\/","og_locale":"pt_PT","og_type":"article","og_title":"V\u00e1lvula de Boia FAR16B para Bebedouro 1\/2\" com Boia \u00d890 mm","og_description":"Mantenha a \u00e1gua sempre no n\u00edvel ideal com a v\u00e1lvula de boia em lat\u00e3o FAR16B. Robusta e resistente, \u00e9 a solu\u00e7\u00e3o ideal para est\u00e1bulos! \ud83d\udc04","og_url":"https:\/\/fdasrl.it\/pt-pt\/prodotto\/valvula-de-boia-far16b-para-bebedouro-1-2-com-boia-o90-mm\/","og_site_name":"FDA srl","article_publisher":"https:\/\/www.facebook.com\/share\/1MWhFWg1Tp\/?mibextid=LQQJ4d","og_image":[{"width":500,"height":500,"url":"https:\/\/fdasrl.it\/wp-content\/uploads\/2026\/03\/Galleggiante-con-valvola-FAR16B-ottone.png","type":"image\/png"}],"twitter_card":"summary_large_image","twitter_misc":{"pre\u00e7o":"","Disponibilidade":"Em stock"},"schema":{"@context":"https:\/\/schema.org","@graph":[{"@type":"WebPage","@id":"https:\/\/fdasrl.it\/pt-pt\/prodotto\/valvula-de-boia-far16b-para-bebedouro-1-2-com-boia-o90-mm\/","url":"https:\/\/fdasrl.it\/pt-pt\/prodotto\/valvula-de-boia-far16b-para-bebedouro-1-2-com-boia-o90-mm\/","name":"V\u00e1lvula de boia em lat\u00e3o FAR16B para bebedouro 1\/2\" - Resistente","isPartOf":{"@id":"https:\/\/fdasrl.it\/pt-pt\/#website"},"primaryImageOfPage":{"@id":"https:\/\/fdasrl.it\/pt-pt\/prodotto\/valvula-de-boia-far16b-para-bebedouro-1-2-com-boia-o90-mm\/#primaryimage"},"image":{"@id":"https:\/\/fdasrl.it\/pt-pt\/prodotto\/valvula-de-boia-far16b-para-bebedouro-1-2-com-boia-o90-mm\/#primaryimage"},"thumbnailUrl":"https:\/\/fdasrl.it\/wp-content\/uploads\/2026\/03\/Galleggiante-con-valvola-FAR16B-ottone.png","datePublished":"2026-03-13T09:28:58+00:00","description":"Mantenha a \u00e1gua sempre no n\u00edvel ideal com a v\u00e1lvula de boia em lat\u00e3o FAR16B. Robusta e resistente, \u00e9 a solu\u00e7\u00e3o ideal para est\u00e1bulos! \ud83d\udc04","breadcrumb":{"@id":"https:\/\/fdasrl.it\/pt-pt\/prodotto\/valvula-de-boia-far16b-para-bebedouro-1-2-com-boia-o90-mm\/#breadcrumb"},"inLanguage":"pt-PT","potentialAction":[{"@type":"ReadAction","target":["https:\/\/fdasrl.it\/pt-pt\/prodotto\/valvula-de-boia-far16b-para-bebedouro-1-2-com-boia-o90-mm\/"]}]},{"@type":"ImageObject","inLanguage":"pt-PT","@id":"https:\/\/fdasrl.it\/pt-pt\/prodotto\/valvula-de-boia-far16b-para-bebedouro-1-2-com-boia-o90-mm\/#primaryimage","url":"https:\/\/fdasrl.it\/wp-content\/uploads\/2026\/03\/Galleggiante-con-valvola-FAR16B-ottone.png","contentUrl":"https:\/\/fdasrl.it\/wp-content\/uploads\/2026\/03\/Galleggiante-con-valvola-FAR16B-ottone.png","width":500,"height":500,"caption":"Boia com v\u00e1lvula em lat\u00e3o FAR16B para o controlo autom\u00e1tico do n\u00edvel da \u00e1gua nos bebedouros."},{"@type":"BreadcrumbList","@id":"https:\/\/fdasrl.it\/pt-pt\/prodotto\/valvula-de-boia-far16b-para-bebedouro-1-2-com-boia-o90-mm\/#breadcrumb","itemListElement":[{"@type":"ListItem","position":1,"name":"Home","item":"https:\/\/fdasrl.it\/pt-pt\/inicio\/"},{"@type":"ListItem","position":2,"name":"Loja","item":"https:\/\/fdasrl.it\/pt-pt\/loja\/"},{"@type":"ListItem","position":3,"name":"V\u00e1lvula de Boia FAR16B para Bebedouro 1\/2&#8243; com Boia \u00d890 mm"}]},{"@type":"WebSite","@id":"https:\/\/fdasrl.it\/pt-pt\/#website","url":"https:\/\/fdasrl.it\/pt-pt\/","name":"FDA srl","description":"Equipment for animal husbandry","publisher":{"@id":"https:\/\/fdasrl.it\/pt-pt\/#organization"},"potentialAction":[{"@type":"SearchAction","target":{"@type":"EntryPoint","urlTemplate":"https:\/\/fdasrl.it\/pt-pt\/?s={search_term_string}"},"query-input":{"@type":"PropertyValueSpecification","valueRequired":true,"valueName":"search_term_string"}}],"inLanguage":"pt-PT"},{"@type":"Organization","@id":"https:\/\/fdasrl.it\/pt-pt\/#organization","name":"FDA srl","url":"https:\/\/fdasrl.it\/pt-pt\/","logo":{"@type":"ImageObject","inLanguage":"pt-PT","@id":"https:\/\/fdasrl.it\/pt-pt\/#\/schema\/logo\/image\/","url":"https:\/\/fdasrl.it\/wp-content\/uploads\/2024\/12\/Logo-FDA.png","contentUrl":"https:\/\/fdasrl.it\/wp-content\/uploads\/2024\/12\/Logo-FDA.png","width":316,"height":119,"caption":"FDA srl"},"image":{"@id":"https:\/\/fdasrl.it\/pt-pt\/#\/schema\/logo\/image\/"},"sameAs":["https:\/\/www.facebook.com\/share\/1MWhFWg1Tp\/?mibextid=LQQJ4d","https:\/\/www.instagram.com\/fda_srl\/profilecard\/?igsh=YW5lbzJ6MWg0d21u","https:\/\/www.youtube.com\/@FDASRL_ANIMALCARE"],"description":"FDA SRL \u2013 Equipment for animal husbandry nasce con l\u2019obiettivo di offrire soluzioni affidabili e innovative per l\u2019allevamento moderno. Con anni di esperienza nel settore zootecnico, progettiamo e realizziamo attrezzature destinate al benessere animale e alla gestione efficiente delle stalle: vasche, abbeveratoi, mangiatoie e sistemi di riscaldamento pensati per durare nel tempo e semplificare il lavoro quotidiano degli allevatori. Dalla progettazione alla produzione, ogni nostro prodotto \u00e8 studiato nei minimi dettagli, testato con cura e costruito per rispondere alle esigenze reali del settore. La nostra forza \u00e8 unire artigianalit\u00e0, tecnologia e competenza tecnica per trasformare ogni progetto in una soluzione concreta e funzionale. Oggi FDA SRL \u00e8 un punto di riferimento per privati e rivenditori che cercano qualit\u00e0, affidabilit\u00e0 e innovazione nelle attrezzature per l\u2019allevamento.","email":"info@fdasrl.it","telephone":"+390522826820","legalName":"F.D.A. SRL","foundingDate":"2024-10-13","vatID":"03075840359","taxID":"03075840359","numberOfEmployees":{"@type":"QuantitativeValue","minValue":"1","maxValue":"10"}}]},"product_price_currency":"EUR","og_availability":"instock","product_availability":"instock","product_retailer_item_id":"FAR16B","product_condition":"new"},"_links":{"self":[{"href":"https:\/\/fdasrl.it\/pt-pt\/wp-json\/wp\/v2\/product\/2241","targetHints":{"allow":["GET"]}}],"collection":[{"href":"https:\/\/fdasrl.it\/pt-pt\/wp-json\/wp\/v2\/product"}],"about":[{"href":"https:\/\/fdasrl.it\/pt-pt\/wp-json\/wp\/v2\/types\/product"}],"replies":[{"embeddable":true,"href":"https:\/\/fdasrl.it\/pt-pt\/wp-json\/wp\/v2\/comments?post=2241"}],"wp:featuredmedia":[{"embeddable":true,"href":"https:\/\/fdasrl.it\/pt-pt\/wp-json\/wp\/v2\/media\/1237"}],"wp:attachment":[{"href":"https:\/\/fdasrl.it\/pt-pt\/wp-json\/wp\/v2\/media?parent=2241"}],"wp:term":[{"taxonomy":"product_brand","embeddable":true,"href":"https:\/\/fdasrl.it\/pt-pt\/wp-json\/wp\/v2\/product_brand?post=2241"},{"taxonomy":"product_cat","embeddable":true,"href":"https:\/\/fdasrl.it\/pt-pt\/wp-json\/wp\/v2\/product_cat?post=2241"},{"taxonomy":"product_tag","embeddable":true,"href":"https:\/\/fdasrl.it\/pt-pt\/wp-json\/wp\/v2\/product_tag?post=2241"}],"curies":[{"name":"wp","href":"https:\/\/api.w.org\/{rel}","templated":true}]}}