{"id":2302,"date":"2026-03-04T15:19:48","date_gmt":"2026-03-04T14:19:48","guid":{"rendered":"https:\/\/fdasrl.it\/prodotto\/bebedouro-em-ferro-fundido-esmaltado-fabb0033-com-valvula-tubular\/"},"modified":"2026-03-04T15:19:48","modified_gmt":"2026-03-04T14:19:48","slug":"bebedouro-em-ferro-fundido-esmaltado-fabb0033-com-valvula-tubular","status":"publish","type":"product","link":"https:\/\/fdasrl.it\/pt-pt\/prodotto\/bebedouro-em-ferro-fundido-esmaltado-fabb0033-com-valvula-tubular\/","title":{"rendered":"Bebedouro em ferro fundido esmaltado FABB0033 com v\u00e1lvula tubular"},"content":{"rendered":"<h1 data-start=\"140\" data-end=\"238\">Bebedouro em ferro fundido esmaltado FABB0033 com v\u00e1lvula tubular para cavalos, bovinos, cabras e ovelhas<\/h1>\n<p data-start=\"240\" data-end=\"434\">O <strong data-start=\"242\" data-end=\"285\">bebedouro FABB0033 em ferro fundido esmaltado<\/strong> foi concebido para garantir um abastecimento de \u00e1gua <strong data-start=\"342\" data-end=\"403\">fi\u00e1vel e higi\u00e9nico para cavalos, bovinos, cabras e ovelhas<\/strong>, tanto no est\u00e1bulo como no pasto.<\/p>\n<p data-start=\"436\" data-end=\"765\">A <strong data-start=\"439\" data-end=\"490\">ta\u00e7a em ferro fundido com esmaltagem de alta qualidade<\/strong> assegura elevada resist\u00eancia ao desgaste, \u00e0 corros\u00e3o e aos impactos, garantindo uma longa vida \u00fatil. O bebedouro est\u00e1 equipado com uma <strong data-start=\"625\" data-end=\"680\">v\u00e1lvula tubular acionada diretamente pelo animal<\/strong>, que permite a distribui\u00e7\u00e3o de \u00e1gua apenas quando necess\u00e1rio, reduzindo o desperd\u00edcio. <\/p>\n<p data-start=\"767\" data-end=\"994\">A <strong data-start=\"770\" data-end=\"807\">v\u00e1lvula em lat\u00e3o intercambi\u00e1vel<\/strong> foi concebida para oferecer fiabilidade e facilidade de manuten\u00e7\u00e3o. Os animais habituam-se rapidamente ao funcionamento: <strong data-start=\"928\" data-end=\"993\">ao pressionar a v\u00e1lvula, a \u00e1gua come\u00e7a a correr automaticamente<\/strong>. <\/p>\n<p data-start=\"996\" data-end=\"1146\">O bebedouro disp\u00f5e de <strong data-start=\"1022\" data-end=\"1079\">entrada de \u00e1gua dupla de 1\/2&#8243; (superior ou inferior)<\/strong>; a entrada n\u00e3o utilizada pode ser fechada com o tamp\u00e3o apropriado.<\/p>\n<p data-start=\"1148\" data-end=\"1290\">O sistema pode ser instalado <strong data-start=\"1181\" data-end=\"1230\">na parede ou em tubo atrav\u00e9s de bra\u00e7adeiras em U<\/strong>, adaptando-se facilmente a diferentes configura\u00e7\u00f5es de est\u00e1bulo.<\/p>\n<hr data-start=\"1292\" data-end=\"1295\">\n<h2 data-start=\"1297\" data-end=\"1326\">Caracter\u00edsticas principais<\/h2>\n<ul data-start=\"1328\" data-end=\"1755\">\n<li data-start=\"1328\" data-end=\"1353\">\n<p data-start=\"1330\" data-end=\"1353\"><strong data-start=\"1330\" data-end=\"1342\">Modelo:<\/strong> FABB0033<\/p>\n<\/li>\n<li data-start=\"1354\" data-end=\"1408\">\n<p data-start=\"1356\" data-end=\"1408\"><strong data-start=\"1356\" data-end=\"1406\">Bebedouro em ferro fundido esmaltado de alta qualidade<\/strong><\/p>\n<\/li>\n<li data-start=\"1409\" data-end=\"1459\">\n<p data-start=\"1411\" data-end=\"1459\"><strong data-start=\"1411\" data-end=\"1457\">V\u00e1lvula tubular em lat\u00e3o intercambi\u00e1vel<\/strong><\/p>\n<\/li>\n<li data-start=\"1460\" data-end=\"1493\">\n<p data-start=\"1462\" data-end=\"1493\"><strong data-start=\"1462\" data-end=\"1481\">Capacidade da cuba:<\/strong> 1,7 l<\/p>\n<\/li>\n<li data-start=\"1494\" data-end=\"1525\">\n<p data-start=\"1496\" data-end=\"1525\"><strong data-start=\"1496\" data-end=\"1514\">Liga\u00e7\u00e3o de \u00e1gua:<\/strong> 1\/2&#8243; GAS<\/p>\n<\/li>\n<li data-start=\"1526\" data-end=\"1589\">\n<p data-start=\"1528\" data-end=\"1589\"><strong data-start=\"1528\" data-end=\"1587\">Possibilidade de liga\u00e7\u00e3o de \u00e1gua superior ou inferior<\/strong><\/p>\n<\/li>\n<li data-start=\"1590\" data-end=\"1622\">\n<p data-start=\"1592\" data-end=\"1622\"><strong data-start=\"1592\" data-end=\"1604\">Caudal:<\/strong> 8 l\/min a 3 bar<\/p>\n<\/li>\n<li data-start=\"1623\" data-end=\"1665\">\n<p data-start=\"1625\" data-end=\"1665\"><strong data-start=\"1625\" data-end=\"1663\">Forma da cuba f\u00e1cil de limpar<\/strong><\/p>\n<\/li>\n<li data-start=\"1666\" data-end=\"1706\">\n<p data-start=\"1668\" data-end=\"1706\"><strong data-start=\"1668\" data-end=\"1704\">Instala\u00e7\u00e3o na parede ou em tubo<\/strong><\/p>\n<\/li>\n<li data-start=\"1707\" data-end=\"1755\">\n<p data-start=\"1709\" data-end=\"1755\"><strong data-start=\"1709\" data-end=\"1755\">Adequado para cavalos, bovinos, cabras e ovelhas<\/strong><\/p>\n<\/li>\n<\/ul>\n<hr data-start=\"1757\" data-end=\"1760\">\n<h2 data-start=\"1762\" data-end=\"1775\">Dimens\u00f5es<\/h2>\n<ul data-start=\"1777\" data-end=\"1873\">\n<li data-start=\"1777\" data-end=\"1804\">\n<p data-start=\"1779\" data-end=\"1804\"><strong data-start=\"1779\" data-end=\"1792\">Capacidade:<\/strong> 1,7 l<\/p>\n<\/li>\n<li data-start=\"1805\" data-end=\"1843\">\n<p data-start=\"1807\" data-end=\"1843\"><strong data-start=\"1807\" data-end=\"1830\">Dimens\u00f5es externas:<\/strong> 16 \u00d7 26 cm<\/p>\n<\/li>\n<li data-start=\"1844\" data-end=\"1873\">\n<p data-start=\"1846\" data-end=\"1873\"><strong data-start=\"1846\" data-end=\"1864\">Liga\u00e7\u00e3o de \u00e1gua:<\/strong> 1\/2&#8243; GAS<\/p>\n<\/li>\n<\/ul>\n<p>&nbsp;<\/p>\n<p>\ud83d\udc49 Solicite pre\u00e7o para revenda: <a href=\"mailto:info@fdasrl.it\">CLIQUE AQUI<\/a><\/p>\n","protected":false},"excerpt":{"rendered":"<p>Bebedouro em ferro fundido esmaltado FABB0033 com v\u00e1lvula tubular em lat\u00e3o, adequado para cavalos, bovinos, cabras e ovelhas. Capacidade 1,7 l, liga\u00e7\u00e3o de \u00e1gua 1\/2&#8243; e caudal at\u00e9 8 l\/min. Robusto, higi\u00e9nico e ideal para instala\u00e7\u00e3o em est\u00e1bulo ou no pasto.  <\/p>\n","protected":false},"featured_media":1170,"comment_status":"open","ping_status":"closed","template":"","meta":{"_et_pb_use_builder":"","_et_pb_old_content":"","_et_gb_content_width":""},"product_brand":[],"product_cat":[412],"product_tag":[528],"class_list":{"0":"post-2302","1":"product","2":"type-product","3":"status-publish","4":"has-post-thumbnail","6":"product_cat-ovinos-e-caprinos","7":"product_tag-fabb0033","9":"first","10":"instock","11":"shipping-taxable","12":"product-type-simple"},"yoast_head":"<!-- This site is optimized with the Yoast SEO Premium plugin v27.5 (Yoast SEO v27.5) - https:\/\/yoast.com\/product\/yoast-seo-premium-wordpress\/ -->\n<title>Bebedouro para cabras e ovelhas em ferro fundido: Robusto e Higi\u00e9nico<\/title>\n<meta name=\"description\" content=\"Descubra o bebedouro para cabras e ovelhas em ferro fundido FABB0033, concebido para garantir \u00e1gua higi\u00e9nica e fi\u00e1vel para os seus animais. Escolha qualidade duradoura!\" \/>\n<meta name=\"robots\" content=\"index, follow, max-snippet:-1, max-image-preview:large, max-video-preview:-1\" \/>\n<link rel=\"canonical\" href=\"https:\/\/fdasrl.it\/pt-pt\/prodotto\/bebedouro-em-ferro-fundido-esmaltado-fabb0033-com-valvula-tubular\/\" \/>\n<meta property=\"og:locale\" content=\"pt_PT\" \/>\n<meta property=\"og:type\" content=\"article\" \/>\n<meta property=\"og:title\" content=\"Bebedouro em ferro fundido esmaltado FABB0033 com v\u00e1lvula tubular\" \/>\n<meta property=\"og:description\" content=\"Descubra o bebedouro para cabras e ovelhas em ferro fundido FABB0033, concebido para garantir \u00e1gua higi\u00e9nica e fi\u00e1vel para os seus animais. Escolha qualidade duradoura!\" \/>\n<meta property=\"og:url\" content=\"https:\/\/fdasrl.it\/pt-pt\/prodotto\/bebedouro-em-ferro-fundido-esmaltado-fabb0033-com-valvula-tubular\/\" \/>\n<meta property=\"og:site_name\" content=\"FDA srl\" \/>\n<meta property=\"article:publisher\" content=\"https:\/\/www.facebook.com\/share\/1MWhFWg1Tp\/?mibextid=LQQJ4d\" \/>\n<meta property=\"og:image\" content=\"https:\/\/fdasrl.it\/wp-content\/uploads\/2026\/03\/Abbeveratoio-smaltato-nero-pendolo-automatico-fda-shop-3.webp\" \/>\n\t<meta property=\"og:image:width\" content=\"700\" \/>\n\t<meta property=\"og:image:height\" content=\"800\" \/>\n\t<meta property=\"og:image:type\" content=\"image\/webp\" \/>\n<meta name=\"twitter:card\" content=\"summary_large_image\" \/>\n<meta name=\"twitter:label1\" content=\"pre\u00e7o\" \/>\n\t<meta name=\"twitter:data1\" content=\"\" \/>\n\t<meta name=\"twitter:label2\" content=\"Disponibilidade\" \/>\n\t<meta name=\"twitter:data2\" content=\"Em stock\" \/>\n<meta property=\"product:price:currency\" content=\"EUR\" \/>\n<meta property=\"og:availability\" content=\"instock\" \/>\n<meta property=\"product:availability\" content=\"instock\" \/>\n<meta property=\"product:retailer_item_id\" content=\"FABB0033\" \/>\n<meta property=\"product:condition\" content=\"new\" \/>\n<!-- \/ Yoast SEO Premium plugin. -->","yoast_head_json":{"title":"Bebedouro para cabras e ovelhas em ferro fundido: Robusto e Higi\u00e9nico","description":"Descubra o bebedouro para cabras e ovelhas em ferro fundido FABB0033, concebido para garantir \u00e1gua higi\u00e9nica e fi\u00e1vel para os seus animais. Escolha qualidade duradoura!","robots":{"index":"index","follow":"follow","max-snippet":"max-snippet:-1","max-image-preview":"max-image-preview:large","max-video-preview":"max-video-preview:-1"},"canonical":"https:\/\/fdasrl.it\/pt-pt\/prodotto\/bebedouro-em-ferro-fundido-esmaltado-fabb0033-com-valvula-tubular\/","og_locale":"pt_PT","og_type":"article","og_title":"Bebedouro em ferro fundido esmaltado FABB0033 com v\u00e1lvula tubular","og_description":"Descubra o bebedouro para cabras e ovelhas em ferro fundido FABB0033, concebido para garantir \u00e1gua higi\u00e9nica e fi\u00e1vel para os seus animais. Escolha qualidade duradoura!","og_url":"https:\/\/fdasrl.it\/pt-pt\/prodotto\/bebedouro-em-ferro-fundido-esmaltado-fabb0033-com-valvula-tubular\/","og_site_name":"FDA srl","article_publisher":"https:\/\/www.facebook.com\/share\/1MWhFWg1Tp\/?mibextid=LQQJ4d","og_image":[{"width":700,"height":800,"url":"https:\/\/fdasrl.it\/wp-content\/uploads\/2026\/03\/Abbeveratoio-smaltato-nero-pendolo-automatico-fda-shop-3.webp","type":"image\/webp"}],"twitter_card":"summary_large_image","twitter_misc":{"pre\u00e7o":"","Disponibilidade":"Em stock"},"schema":{"@context":"https:\/\/schema.org","@graph":[{"@type":"WebPage","@id":"https:\/\/fdasrl.it\/pt-pt\/prodotto\/bebedouro-em-ferro-fundido-esmaltado-fabb0033-com-valvula-tubular\/","url":"https:\/\/fdasrl.it\/pt-pt\/prodotto\/bebedouro-em-ferro-fundido-esmaltado-fabb0033-com-valvula-tubular\/","name":"Bebedouro para cabras e ovelhas em ferro fundido: Robusto e Higi\u00e9nico","isPartOf":{"@id":"https:\/\/fdasrl.it\/pt-pt\/#website"},"primaryImageOfPage":{"@id":"https:\/\/fdasrl.it\/pt-pt\/prodotto\/bebedouro-em-ferro-fundido-esmaltado-fabb0033-com-valvula-tubular\/#primaryimage"},"image":{"@id":"https:\/\/fdasrl.it\/pt-pt\/prodotto\/bebedouro-em-ferro-fundido-esmaltado-fabb0033-com-valvula-tubular\/#primaryimage"},"thumbnailUrl":"https:\/\/fdasrl.it\/wp-content\/uploads\/2026\/03\/Abbeveratoio-smaltato-nero-pendolo-automatico-fda-shop-3.webp","datePublished":"2026-03-04T14:19:48+00:00","description":"Descubra o bebedouro para cabras e ovelhas em ferro fundido FABB0033, concebido para garantir \u00e1gua higi\u00e9nica e fi\u00e1vel para os seus animais. Escolha qualidade duradoura!","breadcrumb":{"@id":"https:\/\/fdasrl.it\/pt-pt\/prodotto\/bebedouro-em-ferro-fundido-esmaltado-fabb0033-com-valvula-tubular\/#breadcrumb"},"inLanguage":"pt-PT","potentialAction":[{"@type":"ReadAction","target":["https:\/\/fdasrl.it\/pt-pt\/prodotto\/bebedouro-em-ferro-fundido-esmaltado-fabb0033-com-valvula-tubular\/"]}]},{"@type":"ImageObject","inLanguage":"pt-PT","@id":"https:\/\/fdasrl.it\/pt-pt\/prodotto\/bebedouro-em-ferro-fundido-esmaltado-fabb0033-com-valvula-tubular\/#primaryimage","url":"https:\/\/fdasrl.it\/wp-content\/uploads\/2026\/03\/Abbeveratoio-smaltato-nero-pendolo-automatico-fda-shop-3.webp","contentUrl":"https:\/\/fdasrl.it\/wp-content\/uploads\/2026\/03\/Abbeveratoio-smaltato-nero-pendolo-automatico-fda-shop-3.webp","width":700,"height":800,"caption":"Suporte de fixa\u00e7\u00e3o em ferro fundido para bebedouro autom\u00e1tico de est\u00e1bulo."},{"@type":"BreadcrumbList","@id":"https:\/\/fdasrl.it\/pt-pt\/prodotto\/bebedouro-em-ferro-fundido-esmaltado-fabb0033-com-valvula-tubular\/#breadcrumb","itemListElement":[{"@type":"ListItem","position":1,"name":"Home","item":"https:\/\/fdasrl.it\/pt-pt\/inicio\/"},{"@type":"ListItem","position":2,"name":"Loja","item":"https:\/\/fdasrl.it\/pt-pt\/loja\/"},{"@type":"ListItem","position":3,"name":"Bebedouro em ferro fundido esmaltado FABB0033 com v\u00e1lvula tubular"}]},{"@type":"WebSite","@id":"https:\/\/fdasrl.it\/pt-pt\/#website","url":"https:\/\/fdasrl.it\/pt-pt\/","name":"FDA srl","description":"Equipment for animal husbandry","publisher":{"@id":"https:\/\/fdasrl.it\/pt-pt\/#organization"},"potentialAction":[{"@type":"SearchAction","target":{"@type":"EntryPoint","urlTemplate":"https:\/\/fdasrl.it\/pt-pt\/?s={search_term_string}"},"query-input":{"@type":"PropertyValueSpecification","valueRequired":true,"valueName":"search_term_string"}}],"inLanguage":"pt-PT"},{"@type":"Organization","@id":"https:\/\/fdasrl.it\/pt-pt\/#organization","name":"FDA srl","url":"https:\/\/fdasrl.it\/pt-pt\/","logo":{"@type":"ImageObject","inLanguage":"pt-PT","@id":"https:\/\/fdasrl.it\/pt-pt\/#\/schema\/logo\/image\/","url":"https:\/\/fdasrl.it\/wp-content\/uploads\/2024\/12\/Logo-FDA.png","contentUrl":"https:\/\/fdasrl.it\/wp-content\/uploads\/2024\/12\/Logo-FDA.png","width":316,"height":119,"caption":"FDA srl"},"image":{"@id":"https:\/\/fdasrl.it\/pt-pt\/#\/schema\/logo\/image\/"},"sameAs":["https:\/\/www.facebook.com\/share\/1MWhFWg1Tp\/?mibextid=LQQJ4d","https:\/\/www.instagram.com\/fda_srl\/profilecard\/?igsh=YW5lbzJ6MWg0d21u","https:\/\/www.youtube.com\/@FDASRL_ANIMALCARE"],"description":"FDA SRL \u2013 Equipment for animal husbandry nasce con l\u2019obiettivo di offrire soluzioni affidabili e innovative per l\u2019allevamento moderno. Con anni di esperienza nel settore zootecnico, progettiamo e realizziamo attrezzature destinate al benessere animale e alla gestione efficiente delle stalle: vasche, abbeveratoi, mangiatoie e sistemi di riscaldamento pensati per durare nel tempo e semplificare il lavoro quotidiano degli allevatori. Dalla progettazione alla produzione, ogni nostro prodotto \u00e8 studiato nei minimi dettagli, testato con cura e costruito per rispondere alle esigenze reali del settore. La nostra forza \u00e8 unire artigianalit\u00e0, tecnologia e competenza tecnica per trasformare ogni progetto in una soluzione concreta e funzionale. Oggi FDA SRL \u00e8 un punto di riferimento per privati e rivenditori che cercano qualit\u00e0, affidabilit\u00e0 e innovazione nelle attrezzature per l\u2019allevamento.","email":"info@fdasrl.it","telephone":"+390522826820","legalName":"F.D.A. SRL","foundingDate":"2024-10-13","vatID":"03075840359","taxID":"03075840359","numberOfEmployees":{"@type":"QuantitativeValue","minValue":"1","maxValue":"10"}}]},"product_price_currency":"EUR","og_availability":"instock","product_availability":"instock","product_retailer_item_id":"FABB0033","product_condition":"new"},"_links":{"self":[{"href":"https:\/\/fdasrl.it\/pt-pt\/wp-json\/wp\/v2\/product\/2302","targetHints":{"allow":["GET"]}}],"collection":[{"href":"https:\/\/fdasrl.it\/pt-pt\/wp-json\/wp\/v2\/product"}],"about":[{"href":"https:\/\/fdasrl.it\/pt-pt\/wp-json\/wp\/v2\/types\/product"}],"replies":[{"embeddable":true,"href":"https:\/\/fdasrl.it\/pt-pt\/wp-json\/wp\/v2\/comments?post=2302"}],"wp:featuredmedia":[{"embeddable":true,"href":"https:\/\/fdasrl.it\/pt-pt\/wp-json\/wp\/v2\/media\/1170"}],"wp:attachment":[{"href":"https:\/\/fdasrl.it\/pt-pt\/wp-json\/wp\/v2\/media?parent=2302"}],"wp:term":[{"taxonomy":"product_brand","embeddable":true,"href":"https:\/\/fdasrl.it\/pt-pt\/wp-json\/wp\/v2\/product_brand?post=2302"},{"taxonomy":"product_cat","embeddable":true,"href":"https:\/\/fdasrl.it\/pt-pt\/wp-json\/wp\/v2\/product_cat?post=2302"},{"taxonomy":"product_tag","embeddable":true,"href":"https:\/\/fdasrl.it\/pt-pt\/wp-json\/wp\/v2\/product_tag?post=2302"}],"curies":[{"name":"wp","href":"https:\/\/api.w.org\/{rel}","templated":true}]}}