{"id":2331,"date":"2026-03-04T12:07:45","date_gmt":"2026-03-04T11:07:45","guid":{"rendered":"https:\/\/fdasrl.it\/prodotto\/motor-eletrico-com-bomba-de-vacuo-a-oleo-facm20701-400-l-min-220v-110-kw\/"},"modified":"2026-03-04T12:07:45","modified_gmt":"2026-03-04T11:07:45","slug":"motor-eletrico-com-bomba-de-vacuo-a-oleo-facm20701-400-l-min-220v-110-kw","status":"publish","type":"product","link":"https:\/\/fdasrl.it\/pt-pt\/prodotto\/motor-eletrico-com-bomba-de-vacuo-a-oleo-facm20701-400-l-min-220v-110-kw\/","title":{"rendered":"Motor el\u00e9trico com bomba de v\u00e1cuo a \u00f3leo FACM20701 400 L\/min \u2013 220V 1,10 kW"},"content":{"rendered":"<h1 data-start=\"109\" data-end=\"189\">Motor el\u00e9trico com bomba de v\u00e1cuo a \u00f3leo FACM20701 400 L\/min \u2013 220V 1,10 kW<\/h1>\n<p data-start=\"191\" data-end=\"388\">O <strong data-start=\"194\" data-end=\"207\">FACM20701<\/strong> \u00e9 um <strong data-start=\"213\" data-end=\"278\">motor el\u00e9trico com bomba de v\u00e1cuo em banho de \u00f3leo integrada<\/strong>, concebido para aplica\u00e7\u00f5es zoot\u00e9cnicas onde \u00e9 necess\u00e1ria uma <strong data-start=\"341\" data-end=\"387\">gera\u00e7\u00e3o de v\u00e1cuo fi\u00e1vel e cont\u00ednua<\/strong>.<\/p>\n<p data-start=\"390\" data-end=\"583\">O grupo \u00e9 composto por um <strong data-start=\"414\" data-end=\"466\">motor el\u00e9trico de 1,10 kW alimentado a 220 VAC<\/strong>, acoplado a uma <strong data-start=\"481\" data-end=\"520\">bomba de v\u00e1cuo lubrificada a \u00f3leo<\/strong>, capaz de garantir um <strong data-start=\"548\" data-end=\"582\">caudal de 400 litros por minuto<\/strong>.<\/p>\n<p data-start=\"585\" data-end=\"792\">Esta configura\u00e7\u00e3o garante um elevado desempenho e fiabilidade operacional, tornando o sistema particularmente adequado para <strong data-start=\"711\" data-end=\"791\">sistemas de ordenha e equipamentos utilizados no setor da pecu\u00e1ria<\/strong>.<\/p>\n<hr data-start=\"794\" data-end=\"797\">\n<h2 data-start=\"799\" data-end=\"837\">Vantagens do sistema em banho de \u00f3leo<\/h2>\n<p data-start=\"839\" data-end=\"959\">A lubrifica\u00e7\u00e3o a \u00f3leo contribui para manter a efici\u00eancia do sistema mesmo durante utiliza\u00e7\u00f5es prolongadas, oferecendo:<\/p>\n<ul data-start=\"961\" data-end=\"1112\">\n<li data-start=\"961\" data-end=\"998\">\n<p data-start=\"963\" data-end=\"998\"><strong data-start=\"963\" data-end=\"998\">maior fiabilidade operacional<\/strong><\/p>\n<\/li>\n<li data-start=\"999\" data-end=\"1035\">\n<p data-start=\"1001\" data-end=\"1035\"><strong data-start=\"1001\" data-end=\"1035\">redu\u00e7\u00e3o do desgaste mec\u00e2nico<\/strong><\/p>\n<\/li>\n<li data-start=\"1036\" data-end=\"1075\">\n<p data-start=\"1038\" data-end=\"1075\"><strong data-start=\"1038\" data-end=\"1075\">funcionamento regular e cont\u00ednuo<\/strong><\/p>\n<\/li>\n<li data-start=\"1076\" data-end=\"1112\">\n<p data-start=\"1078\" data-end=\"1112\"><strong data-start=\"1078\" data-end=\"1112\">desempenho constante ao longo do tempo<\/strong><\/p>\n<\/li>\n<\/ul>\n<p data-start=\"1114\" data-end=\"1294\">Gra\u00e7as \u00e0 sua estrutura robusta e compacta, o <strong data-start=\"1163\" data-end=\"1176\">FACM20701<\/strong> representa uma solu\u00e7\u00e3o ideal para sistemas que exigem <strong data-start=\"1237\" data-end=\"1293\">estabilidade de exerc\u00edcio e continuidade de funcionamento<\/strong>.<\/p>\n<hr data-start=\"1296\" data-end=\"1299\">\n<h2 data-start=\"1301\" data-end=\"1328\">Caracter\u00edsticas t\u00e9cnicas<\/h2>\n<ul data-start=\"1330\" data-end=\"1513\">\n<li data-start=\"1330\" data-end=\"1356\">\n<p data-start=\"1332\" data-end=\"1356\"><strong data-start=\"1332\" data-end=\"1344\">Modelo:<\/strong> FACM20701<\/p>\n<\/li>\n<li data-start=\"1357\" data-end=\"1383\">\n<p data-start=\"1359\" data-end=\"1383\"><strong data-start=\"1359\" data-end=\"1371\">Caudal:<\/strong> 400 L\/min<\/p>\n<\/li>\n<li data-start=\"1384\" data-end=\"1414\">\n<p data-start=\"1386\" data-end=\"1414\"><strong data-start=\"1386\" data-end=\"1404\">Alimenta\u00e7\u00e3o:<\/strong> 220 VAC<\/p>\n<\/li>\n<li data-start=\"1415\" data-end=\"1439\">\n<p data-start=\"1417\" data-end=\"1439\"><strong data-start=\"1417\" data-end=\"1429\">Pot\u00eancia:<\/strong> 1,10 kW (1,5 HP)<\/p>\n<\/li>\n<li data-start=\"1440\" data-end=\"1513\">\n<p data-start=\"1442\" data-end=\"1513\"><strong data-start=\"1442\" data-end=\"1461\">Configura\u00e7\u00e3o:<\/strong> motor el\u00e9trico com bomba de v\u00e1cuo em banho de \u00f3leo<\/p>\n<\/li>\n<\/ul>\n<p data-start=\"1515\" data-end=\"1599\">Concebido para garantir uma <strong data-start=\"1540\" data-end=\"1598\">longa vida \u00fatil operacional e um desempenho est\u00e1vel ao longo do tempo<\/strong>.<\/p>\n<h4 data-start=\"1954\" data-end=\"1993\">Revendedores e distribuidores: solicite informa\u00e7\u00f5es <a href=\"https:\/\/fdasrl.it\/pt-pt\/contactos\/\">(CLIQUE AQUI)<\/a><\/h4>\n<h4 data-start=\"1954\" data-end=\"1993\">\ud83d\uded2 Compre online <a href=\"https:\/\/fda-shop.it\/shop\/mungitura\/accessori-mungitrici\/motore-elettrico-con-pompa-del-vuoto-ad-olio-facm20701-400-lmin-220v-110-kw\">(CLIQUE AQUI)<\/a><\/h4>\n","protected":false},"excerpt":{"rendered":"<p>Motor el\u00e9trico com bomba de v\u00e1cuo em banho de \u00f3leo FACM20701 de 400 L\/min, alimenta\u00e7\u00e3o 220V e pot\u00eancia 1,10 kW. Grupo compacto e fi\u00e1vel, ideal para sistemas de ordenha e aplica\u00e7\u00f5es zoot\u00e9cnicas que requerem uma gera\u00e7\u00e3o de v\u00e1cuo est\u00e1vel e cont\u00ednua. <\/p>\n","protected":false},"featured_media":1165,"comment_status":"open","ping_status":"closed","template":"","meta":{"_et_pb_use_builder":"","_et_pb_old_content":"","_et_gb_content_width":""},"product_brand":[],"product_cat":[500,384],"product_tag":[533],"class_list":{"0":"post-2331","1":"product","2":"type-product","3":"status-publish","4":"has-post-thumbnail","6":"product_cat-acessorios-para-ordenhadoras","7":"product_cat-ordenhas-moveis","8":"product_tag-facm20701","10":"first","11":"instock","12":"shipping-taxable","13":"product-type-simple"},"yoast_head":"<!-- This site is optimized with the Yoast SEO Premium plugin v27.5 (Yoast SEO v27.5) - https:\/\/yoast.com\/product\/yoast-seo-premium-wordpress\/ -->\n<title>Bomba de v\u00e1cuo em banho de \u00f3leo 400 l\/min para ordenhadora<\/title>\n<meta name=\"description\" content=\"Garanta um elevado desempenho com a bomba de v\u00e1cuo em banho de \u00f3leo 400 l\/min para ordenhadora FACM20701. Aproveite hoje mesmo a sua pot\u00eancia e precis\u00e3o!\" \/>\n<meta name=\"robots\" content=\"index, follow, max-snippet:-1, max-image-preview:large, max-video-preview:-1\" \/>\n<link rel=\"canonical\" href=\"https:\/\/fdasrl.it\/pt-pt\/prodotto\/motor-eletrico-com-bomba-de-vacuo-a-oleo-facm20701-400-l-min-220v-110-kw\/\" \/>\n<meta property=\"og:locale\" content=\"pt_PT\" \/>\n<meta property=\"og:type\" content=\"article\" \/>\n<meta property=\"og:title\" content=\"Motor el\u00e9trico com bomba de v\u00e1cuo a \u00f3leo FACM20701 400 L\/min \u2013 220V 1,10 kW\" \/>\n<meta property=\"og:description\" content=\"Garanta um elevado desempenho com a bomba de v\u00e1cuo em banho de \u00f3leo 400 l\/min para ordenhadora FACM20701. Aproveite hoje mesmo a sua pot\u00eancia e precis\u00e3o!\" \/>\n<meta property=\"og:url\" content=\"https:\/\/fdasrl.it\/pt-pt\/prodotto\/motor-eletrico-com-bomba-de-vacuo-a-oleo-facm20701-400-l-min-220v-110-kw\/\" \/>\n<meta property=\"og:site_name\" content=\"FDA srl\" \/>\n<meta property=\"article:publisher\" content=\"https:\/\/www.facebook.com\/share\/1MWhFWg1Tp\/?mibextid=LQQJ4d\" \/>\n<meta property=\"og:image\" content=\"https:\/\/fdasrl.it\/wp-content\/uploads\/2026\/03\/Motore-Elettrico-con-Pompa-del-Vuoto-ad-Olio-FACM20701-400-lmin-220V-110-kW-1-white.webp\" \/>\n\t<meta property=\"og:image:width\" content=\"968\" \/>\n\t<meta property=\"og:image:height\" content=\"1452\" \/>\n\t<meta property=\"og:image:type\" content=\"image\/webp\" \/>\n<meta name=\"twitter:card\" content=\"summary_large_image\" \/>\n<meta name=\"twitter:label1\" content=\"pre\u00e7o\" \/>\n\t<meta name=\"twitter:data1\" content=\"\" \/>\n\t<meta name=\"twitter:label2\" content=\"Disponibilidade\" \/>\n\t<meta name=\"twitter:data2\" content=\"Em stock\" \/>\n<meta property=\"product:price:currency\" content=\"EUR\" \/>\n<meta property=\"og:availability\" content=\"instock\" \/>\n<meta property=\"product:availability\" content=\"instock\" \/>\n<meta property=\"product:retailer_item_id\" content=\"FACM20701\" \/>\n<meta property=\"product:condition\" content=\"new\" \/>\n<!-- \/ Yoast SEO Premium plugin. -->","yoast_head_json":{"title":"Bomba de v\u00e1cuo em banho de \u00f3leo 400 l\/min para ordenhadora","description":"Garanta um elevado desempenho com a bomba de v\u00e1cuo em banho de \u00f3leo 400 l\/min para ordenhadora FACM20701. Aproveite hoje mesmo a sua pot\u00eancia e precis\u00e3o!","robots":{"index":"index","follow":"follow","max-snippet":"max-snippet:-1","max-image-preview":"max-image-preview:large","max-video-preview":"max-video-preview:-1"},"canonical":"https:\/\/fdasrl.it\/pt-pt\/prodotto\/motor-eletrico-com-bomba-de-vacuo-a-oleo-facm20701-400-l-min-220v-110-kw\/","og_locale":"pt_PT","og_type":"article","og_title":"Motor el\u00e9trico com bomba de v\u00e1cuo a \u00f3leo FACM20701 400 L\/min \u2013 220V 1,10 kW","og_description":"Garanta um elevado desempenho com a bomba de v\u00e1cuo em banho de \u00f3leo 400 l\/min para ordenhadora FACM20701. Aproveite hoje mesmo a sua pot\u00eancia e precis\u00e3o!","og_url":"https:\/\/fdasrl.it\/pt-pt\/prodotto\/motor-eletrico-com-bomba-de-vacuo-a-oleo-facm20701-400-l-min-220v-110-kw\/","og_site_name":"FDA srl","article_publisher":"https:\/\/www.facebook.com\/share\/1MWhFWg1Tp\/?mibextid=LQQJ4d","og_image":[{"width":968,"height":1452,"url":"https:\/\/fdasrl.it\/wp-content\/uploads\/2026\/03\/Motore-Elettrico-con-Pompa-del-Vuoto-ad-Olio-FACM20701-400-lmin-220V-110-kW-1-white.webp","type":"image\/webp"}],"twitter_card":"summary_large_image","twitter_misc":{"pre\u00e7o":"","Disponibilidade":"Em stock"},"schema":{"@context":"https:\/\/schema.org","@graph":[{"@type":"WebPage","@id":"https:\/\/fdasrl.it\/pt-pt\/prodotto\/motor-eletrico-com-bomba-de-vacuo-a-oleo-facm20701-400-l-min-220v-110-kw\/","url":"https:\/\/fdasrl.it\/pt-pt\/prodotto\/motor-eletrico-com-bomba-de-vacuo-a-oleo-facm20701-400-l-min-220v-110-kw\/","name":"Bomba de v\u00e1cuo em banho de \u00f3leo 400 l\/min para ordenhadora","isPartOf":{"@id":"https:\/\/fdasrl.it\/pt-pt\/#website"},"primaryImageOfPage":{"@id":"https:\/\/fdasrl.it\/pt-pt\/prodotto\/motor-eletrico-com-bomba-de-vacuo-a-oleo-facm20701-400-l-min-220v-110-kw\/#primaryimage"},"image":{"@id":"https:\/\/fdasrl.it\/pt-pt\/prodotto\/motor-eletrico-com-bomba-de-vacuo-a-oleo-facm20701-400-l-min-220v-110-kw\/#primaryimage"},"thumbnailUrl":"https:\/\/fdasrl.it\/wp-content\/uploads\/2026\/03\/Motore-Elettrico-con-Pompa-del-Vuoto-ad-Olio-FACM20701-400-lmin-220V-110-kW-1-white.webp","datePublished":"2026-03-04T11:07:45+00:00","description":"Garanta um elevado desempenho com a bomba de v\u00e1cuo em banho de \u00f3leo 400 l\/min para ordenhadora FACM20701. Aproveite hoje mesmo a sua pot\u00eancia e precis\u00e3o!","breadcrumb":{"@id":"https:\/\/fdasrl.it\/pt-pt\/prodotto\/motor-eletrico-com-bomba-de-vacuo-a-oleo-facm20701-400-l-min-220v-110-kw\/#breadcrumb"},"inLanguage":"pt-PT","potentialAction":[{"@type":"ReadAction","target":["https:\/\/fdasrl.it\/pt-pt\/prodotto\/motor-eletrico-com-bomba-de-vacuo-a-oleo-facm20701-400-l-min-220v-110-kw\/"]}]},{"@type":"ImageObject","inLanguage":"pt-PT","@id":"https:\/\/fdasrl.it\/pt-pt\/prodotto\/motor-eletrico-com-bomba-de-vacuo-a-oleo-facm20701-400-l-min-220v-110-kw\/#primaryimage","url":"https:\/\/fdasrl.it\/wp-content\/uploads\/2026\/03\/Motore-Elettrico-con-Pompa-del-Vuoto-ad-Olio-FACM20701-400-lmin-220V-110-kW-1-white.webp","contentUrl":"https:\/\/fdasrl.it\/wp-content\/uploads\/2026\/03\/Motore-Elettrico-con-Pompa-del-Vuoto-ad-Olio-FACM20701-400-lmin-220V-110-kW-1-white.webp","width":968,"height":1452,"caption":"Motor el\u00e9trico com bomba de v\u00e1cuo lubrificada a \u00f3leo para ordenhadoras profissionais."},{"@type":"BreadcrumbList","@id":"https:\/\/fdasrl.it\/pt-pt\/prodotto\/motor-eletrico-com-bomba-de-vacuo-a-oleo-facm20701-400-l-min-220v-110-kw\/#breadcrumb","itemListElement":[{"@type":"ListItem","position":1,"name":"Home","item":"https:\/\/fdasrl.it\/pt-pt\/inicio\/"},{"@type":"ListItem","position":2,"name":"Loja","item":"https:\/\/fdasrl.it\/pt-pt\/loja\/"},{"@type":"ListItem","position":3,"name":"Motor el\u00e9trico com bomba de v\u00e1cuo a \u00f3leo FACM20701 400 L\/min \u2013 220V 1,10 kW"}]},{"@type":"WebSite","@id":"https:\/\/fdasrl.it\/pt-pt\/#website","url":"https:\/\/fdasrl.it\/pt-pt\/","name":"FDA srl","description":"Equipment for animal husbandry","publisher":{"@id":"https:\/\/fdasrl.it\/pt-pt\/#organization"},"potentialAction":[{"@type":"SearchAction","target":{"@type":"EntryPoint","urlTemplate":"https:\/\/fdasrl.it\/pt-pt\/?s={search_term_string}"},"query-input":{"@type":"PropertyValueSpecification","valueRequired":true,"valueName":"search_term_string"}}],"inLanguage":"pt-PT"},{"@type":"Organization","@id":"https:\/\/fdasrl.it\/pt-pt\/#organization","name":"FDA srl","url":"https:\/\/fdasrl.it\/pt-pt\/","logo":{"@type":"ImageObject","inLanguage":"pt-PT","@id":"https:\/\/fdasrl.it\/pt-pt\/#\/schema\/logo\/image\/","url":"https:\/\/fdasrl.it\/wp-content\/uploads\/2024\/12\/Logo-FDA.png","contentUrl":"https:\/\/fdasrl.it\/wp-content\/uploads\/2024\/12\/Logo-FDA.png","width":316,"height":119,"caption":"FDA srl"},"image":{"@id":"https:\/\/fdasrl.it\/pt-pt\/#\/schema\/logo\/image\/"},"sameAs":["https:\/\/www.facebook.com\/share\/1MWhFWg1Tp\/?mibextid=LQQJ4d","https:\/\/www.instagram.com\/fda_srl\/profilecard\/?igsh=YW5lbzJ6MWg0d21u","https:\/\/www.youtube.com\/@FDASRL_ANIMALCARE"],"description":"FDA SRL \u2013 Equipment for animal husbandry nasce con l\u2019obiettivo di offrire soluzioni affidabili e innovative per l\u2019allevamento moderno. Con anni di esperienza nel settore zootecnico, progettiamo e realizziamo attrezzature destinate al benessere animale e alla gestione efficiente delle stalle: vasche, abbeveratoi, mangiatoie e sistemi di riscaldamento pensati per durare nel tempo e semplificare il lavoro quotidiano degli allevatori. Dalla progettazione alla produzione, ogni nostro prodotto \u00e8 studiato nei minimi dettagli, testato con cura e costruito per rispondere alle esigenze reali del settore. La nostra forza \u00e8 unire artigianalit\u00e0, tecnologia e competenza tecnica per trasformare ogni progetto in una soluzione concreta e funzionale. Oggi FDA SRL \u00e8 un punto di riferimento per privati e rivenditori che cercano qualit\u00e0, affidabilit\u00e0 e innovazione nelle attrezzature per l\u2019allevamento.","email":"info@fdasrl.it","telephone":"+390522826820","legalName":"F.D.A. SRL","foundingDate":"2024-10-13","vatID":"03075840359","taxID":"03075840359","numberOfEmployees":{"@type":"QuantitativeValue","minValue":"1","maxValue":"10"}}]},"product_price_currency":"EUR","og_availability":"instock","product_availability":"instock","product_retailer_item_id":"FACM20701","product_condition":"new"},"_links":{"self":[{"href":"https:\/\/fdasrl.it\/pt-pt\/wp-json\/wp\/v2\/product\/2331","targetHints":{"allow":["GET"]}}],"collection":[{"href":"https:\/\/fdasrl.it\/pt-pt\/wp-json\/wp\/v2\/product"}],"about":[{"href":"https:\/\/fdasrl.it\/pt-pt\/wp-json\/wp\/v2\/types\/product"}],"replies":[{"embeddable":true,"href":"https:\/\/fdasrl.it\/pt-pt\/wp-json\/wp\/v2\/comments?post=2331"}],"wp:featuredmedia":[{"embeddable":true,"href":"https:\/\/fdasrl.it\/pt-pt\/wp-json\/wp\/v2\/media\/1165"}],"wp:attachment":[{"href":"https:\/\/fdasrl.it\/pt-pt\/wp-json\/wp\/v2\/media?parent=2331"}],"wp:term":[{"taxonomy":"product_brand","embeddable":true,"href":"https:\/\/fdasrl.it\/pt-pt\/wp-json\/wp\/v2\/product_brand?post=2331"},{"taxonomy":"product_cat","embeddable":true,"href":"https:\/\/fdasrl.it\/pt-pt\/wp-json\/wp\/v2\/product_cat?post=2331"},{"taxonomy":"product_tag","embeddable":true,"href":"https:\/\/fdasrl.it\/pt-pt\/wp-json\/wp\/v2\/product_tag?post=2331"}],"curies":[{"name":"wp","href":"https:\/\/api.w.org\/{rel}","templated":true}]}}