{"id":2356,"date":"2026-03-04T11:57:32","date_gmt":"2026-03-04T10:57:32","guid":{"rendered":"https:\/\/fdasrl.it\/prodotto\/motor-eletrico-com-bomba-de-vacuo-a-oleo-facm20612-280-l-min-220v-075-kw\/"},"modified":"2026-03-04T11:57:32","modified_gmt":"2026-03-04T10:57:32","slug":"motor-eletrico-com-bomba-de-vacuo-a-oleo-facm20612-280-l-min-220v-075-kw","status":"publish","type":"product","link":"https:\/\/fdasrl.it\/pt-pt\/prodotto\/motor-eletrico-com-bomba-de-vacuo-a-oleo-facm20612-280-l-min-220v-075-kw\/","title":{"rendered":"Motor el\u00e9trico com bomba de v\u00e1cuo a \u00f3leo FACM20612 280 L\/min \u2013 220V 0,75 kW"},"content":{"rendered":"<h1 data-start=\"119\" data-end=\"199\">Motor el\u00e9trico com bomba de v\u00e1cuo a \u00f3leo FACM20612 280 L\/min \u2013 220V 0,75 kW<\/h1>\n<p data-start=\"201\" data-end=\"398\">O <strong data-start=\"204\" data-end=\"217\">FACM20612<\/strong> \u00e9 um <strong data-start=\"223\" data-end=\"288\">motor el\u00e9trico com bomba de v\u00e1cuo a banho de \u00f3leo integrada<\/strong>, concebido para aplica\u00e7\u00f5es zoot\u00e9cnicas onde \u00e9 necess\u00e1ria uma <strong data-start=\"351\" data-end=\"397\">gera\u00e7\u00e3o de v\u00e1cuo fi\u00e1vel e cont\u00ednua<\/strong>.<\/p>\n<p data-start=\"400\" data-end=\"593\">O grupo \u00e9 composto por <strong data-start=\"424\" data-end=\"476\">motor el\u00e9trico de 0,75 kW alimentado a 220 VAC<\/strong>, acoplado a <strong data-start=\"491\" data-end=\"530\">bomba de v\u00e1cuo lubrificada a \u00f3leo<\/strong>, capaz de garantir um <strong data-start=\"558\" data-end=\"592\">caudal de 280 litros por minuto<\/strong>.<\/p>\n<p data-start=\"595\" data-end=\"792\">Esta configura\u00e7\u00e3o assegura desempenhos est\u00e1veis e fiabilidade operacional, tornando o sistema particularmente adequado para <strong data-start=\"719\" data-end=\"791\">instala\u00e7\u00f5es de ordenha e equipamentos para o sector da pecu\u00e1ria<\/strong>.<\/p>\n<hr data-start=\"794\" data-end=\"797\">\n<h2 data-start=\"799\" data-end=\"837\">Vantagens do sistema em banho de \u00f3leo<\/h2>\n<p data-start=\"839\" data-end=\"935\">A lubrifica\u00e7\u00e3o a \u00f3leo permite melhorar a efici\u00eancia e a durabilidade do sistema, oferecendo:<\/p>\n<ul data-start=\"937\" data-end=\"1088\">\n<li data-start=\"937\" data-end=\"974\">\n<p data-start=\"939\" data-end=\"974\"><strong data-start=\"939\" data-end=\"974\">maior fiabilidade operacional<\/strong><\/p>\n<\/li>\n<li data-start=\"975\" data-end=\"1011\">\n<p data-start=\"977\" data-end=\"1011\"><strong data-start=\"977\" data-end=\"1011\">redu\u00e7\u00e3o do desgaste mec\u00e2nico<\/strong><\/p>\n<\/li>\n<li data-start=\"1012\" data-end=\"1051\">\n<p data-start=\"1014\" data-end=\"1051\"><strong data-start=\"1014\" data-end=\"1051\">funcionamento regular e cont\u00ednuo<\/strong><\/p>\n<\/li>\n<li data-start=\"1052\" data-end=\"1088\">\n<p data-start=\"1054\" data-end=\"1088\"><strong data-start=\"1054\" data-end=\"1088\">desempenho constante ao longo do tempo<\/strong><\/p>\n<\/li>\n<\/ul>\n<p data-start=\"1090\" data-end=\"1270\">Gra\u00e7as \u00e0 sua estrutura compacta e robusta, o <strong data-start=\"1139\" data-end=\"1152\">FACM20612<\/strong> representa uma solu\u00e7\u00e3o ideal para sistemas que requerem <strong data-start=\"1213\" data-end=\"1269\">estabilidade de funcionamento e continuidade operacional<\/strong>.<\/p>\n<hr data-start=\"1272\" data-end=\"1275\">\n<h2 data-start=\"1277\" data-end=\"1304\">Caracter\u00edsticas t\u00e9cnicas<\/h2>\n<ul data-start=\"1306\" data-end=\"1496\">\n<li data-start=\"1306\" data-end=\"1332\">\n<p data-start=\"1308\" data-end=\"1332\"><strong data-start=\"1308\" data-end=\"1320\">Modelo:<\/strong> FACM20612<\/p>\n<\/li>\n<li data-start=\"1333\" data-end=\"1359\">\n<p data-start=\"1335\" data-end=\"1359\"><strong data-start=\"1335\" data-end=\"1347\">Caudal:<\/strong> 280 L\/min<\/p>\n<\/li>\n<li data-start=\"1360\" data-end=\"1390\">\n<p data-start=\"1362\" data-end=\"1390\"><strong data-start=\"1362\" data-end=\"1380\">Alimenta\u00e7\u00e3o:<\/strong> 220 VAC<\/p>\n<\/li>\n<li data-start=\"1391\" data-end=\"1422\">\n<p data-start=\"1393\" data-end=\"1422\"><strong data-start=\"1393\" data-end=\"1405\">Pot\u00eancia:<\/strong> 0,75 kW (1 HP)<\/p>\n<\/li>\n<li data-start=\"1423\" data-end=\"1496\">\n<p data-start=\"1425\" data-end=\"1496\"><strong data-start=\"1425\" data-end=\"1444\">Configura\u00e7\u00e3o:<\/strong> motor el\u00e9trico com bomba de v\u00e1cuo a banho de \u00f3leo<\/p>\n<\/li>\n<\/ul>\n<p data-start=\"1498\" data-end=\"1583\">Concebido para garantir <strong data-start=\"1523\" data-end=\"1582\">longa durabilidade operacional e desempenhos constantes ao longo do tempo<\/strong>.<\/p>\n<h4 data-start=\"1954\" data-end=\"1993\">Revendedores e distribuidores: solicite informa\u00e7\u00f5es <a href=\"https:\/\/fdasrl.it\/pt-pt\/contactos\/\">(CLIQUE AQUI)<\/a><\/h4>\n<h4 data-start=\"1954\" data-end=\"1993\">\ud83d\uded2 Compre online <a href=\"https:\/\/fda-shop.it\/shop\/mungitura\/accessori-mungitrici\/motore-elettrico-con-pompa-del-vuoto-ad-olio-facm20612-280-lmin-220v-075-kw\">(CLIQUE AQUI)<\/a><\/h4>\n","protected":false},"excerpt":{"rendered":"<p>Motor el\u00e9trico com bomba de v\u00e1cuo a banho de \u00f3leo FACM20612 de 280 L\/min, alimenta\u00e7\u00e3o 220V e pot\u00eancia 0,75 kW. Solu\u00e7\u00e3o fi\u00e1vel e compacta para instala\u00e7\u00f5es de ordenha e aplica\u00e7\u00f5es zoot\u00e9cnicas que requerem uma gera\u00e7\u00e3o de v\u00e1cuo est\u00e1vel e cont\u00ednua. <\/p>\n","protected":false},"featured_media":1160,"comment_status":"open","ping_status":"closed","template":"","meta":{"_et_pb_use_builder":"","_et_pb_old_content":"","_et_gb_content_width":""},"product_brand":[],"product_cat":[500,384],"product_tag":[538],"class_list":{"0":"post-2356","1":"product","2":"type-product","3":"status-publish","4":"has-post-thumbnail","6":"product_cat-acessorios-para-ordenhadoras","7":"product_cat-ordenhas-moveis","8":"product_tag-facm20612","10":"first","11":"instock","12":"shipping-taxable","13":"product-type-simple"},"yoast_head":"<!-- This site is optimized with the Yoast SEO Premium plugin v27.5 (Yoast SEO v27.5) - https:\/\/yoast.com\/product\/yoast-seo-premium-wordpress\/ -->\n<title>Bomba de v\u00e1cuo a banho de \u00f3leo 280l\/min para ordenhadeira<\/title>\n<meta name=\"description\" content=\"Descubra o FACM20612, a bomba de v\u00e1cuo a banho de \u00f3leo 280l\/min para ordenhadeira para aplica\u00e7\u00f5es zoot\u00e9cnicas. Garante desempenhos fi\u00e1veis e constantes.\" \/>\n<meta name=\"robots\" content=\"index, follow, max-snippet:-1, max-image-preview:large, max-video-preview:-1\" \/>\n<link rel=\"canonical\" href=\"https:\/\/fdasrl.it\/pt-pt\/prodotto\/motor-eletrico-com-bomba-de-vacuo-a-oleo-facm20612-280-l-min-220v-075-kw\/\" \/>\n<meta property=\"og:locale\" content=\"pt_PT\" \/>\n<meta property=\"og:type\" content=\"article\" \/>\n<meta property=\"og:title\" content=\"Motor el\u00e9trico com bomba de v\u00e1cuo a \u00f3leo FACM20612 280 L\/min \u2013 220V 0,75 kW\" \/>\n<meta property=\"og:description\" content=\"Descubra o FACM20612, a bomba de v\u00e1cuo a banho de \u00f3leo 280l\/min para ordenhadeira para aplica\u00e7\u00f5es zoot\u00e9cnicas. Garante desempenhos fi\u00e1veis e constantes.\" \/>\n<meta property=\"og:url\" content=\"https:\/\/fdasrl.it\/pt-pt\/prodotto\/motor-eletrico-com-bomba-de-vacuo-a-oleo-facm20612-280-l-min-220v-075-kw\/\" \/>\n<meta property=\"og:site_name\" content=\"FDA srl\" \/>\n<meta property=\"article:publisher\" content=\"https:\/\/www.facebook.com\/share\/1MWhFWg1Tp\/?mibextid=LQQJ4d\" \/>\n<meta property=\"og:image\" content=\"https:\/\/fdasrl.it\/wp-content\/uploads\/2026\/03\/motore-elettrico-con-pompa-del-vuoto-ad-olio-facm20612-280-lmin-220v-075-kw-1-white.webp\" \/>\n\t<meta property=\"og:image:width\" content=\"1501\" \/>\n\t<meta property=\"og:image:height\" content=\"1860\" \/>\n\t<meta property=\"og:image:type\" content=\"image\/webp\" \/>\n<meta name=\"twitter:card\" content=\"summary_large_image\" \/>\n<meta name=\"twitter:label1\" content=\"pre\u00e7o\" \/>\n\t<meta name=\"twitter:data1\" content=\"\" \/>\n\t<meta name=\"twitter:label2\" content=\"Disponibilidade\" \/>\n\t<meta name=\"twitter:data2\" content=\"Em stock\" \/>\n<meta property=\"product:price:currency\" content=\"EUR\" \/>\n<meta property=\"og:availability\" content=\"instock\" \/>\n<meta property=\"product:availability\" content=\"instock\" \/>\n<meta property=\"product:retailer_item_id\" content=\"FACM20612\" \/>\n<meta property=\"product:condition\" content=\"new\" \/>\n<!-- \/ Yoast SEO Premium plugin. -->","yoast_head_json":{"title":"Bomba de v\u00e1cuo a banho de \u00f3leo 280l\/min para ordenhadeira","description":"Descubra o FACM20612, a bomba de v\u00e1cuo a banho de \u00f3leo 280l\/min para ordenhadeira para aplica\u00e7\u00f5es zoot\u00e9cnicas. Garante desempenhos fi\u00e1veis e constantes.","robots":{"index":"index","follow":"follow","max-snippet":"max-snippet:-1","max-image-preview":"max-image-preview:large","max-video-preview":"max-video-preview:-1"},"canonical":"https:\/\/fdasrl.it\/pt-pt\/prodotto\/motor-eletrico-com-bomba-de-vacuo-a-oleo-facm20612-280-l-min-220v-075-kw\/","og_locale":"pt_PT","og_type":"article","og_title":"Motor el\u00e9trico com bomba de v\u00e1cuo a \u00f3leo FACM20612 280 L\/min \u2013 220V 0,75 kW","og_description":"Descubra o FACM20612, a bomba de v\u00e1cuo a banho de \u00f3leo 280l\/min para ordenhadeira para aplica\u00e7\u00f5es zoot\u00e9cnicas. Garante desempenhos fi\u00e1veis e constantes.","og_url":"https:\/\/fdasrl.it\/pt-pt\/prodotto\/motor-eletrico-com-bomba-de-vacuo-a-oleo-facm20612-280-l-min-220v-075-kw\/","og_site_name":"FDA srl","article_publisher":"https:\/\/www.facebook.com\/share\/1MWhFWg1Tp\/?mibextid=LQQJ4d","og_image":[{"width":1501,"height":1860,"url":"https:\/\/fdasrl.it\/wp-content\/uploads\/2026\/03\/motore-elettrico-con-pompa-del-vuoto-ad-olio-facm20612-280-lmin-220v-075-kw-1-white.webp","type":"image\/webp"}],"twitter_card":"summary_large_image","twitter_misc":{"pre\u00e7o":"","Disponibilidade":"Em stock"},"schema":{"@context":"https:\/\/schema.org","@graph":[{"@type":"WebPage","@id":"https:\/\/fdasrl.it\/pt-pt\/prodotto\/motor-eletrico-com-bomba-de-vacuo-a-oleo-facm20612-280-l-min-220v-075-kw\/","url":"https:\/\/fdasrl.it\/pt-pt\/prodotto\/motor-eletrico-com-bomba-de-vacuo-a-oleo-facm20612-280-l-min-220v-075-kw\/","name":"Bomba de v\u00e1cuo a banho de \u00f3leo 280l\/min para ordenhadeira","isPartOf":{"@id":"https:\/\/fdasrl.it\/pt-pt\/#website"},"primaryImageOfPage":{"@id":"https:\/\/fdasrl.it\/pt-pt\/prodotto\/motor-eletrico-com-bomba-de-vacuo-a-oleo-facm20612-280-l-min-220v-075-kw\/#primaryimage"},"image":{"@id":"https:\/\/fdasrl.it\/pt-pt\/prodotto\/motor-eletrico-com-bomba-de-vacuo-a-oleo-facm20612-280-l-min-220v-075-kw\/#primaryimage"},"thumbnailUrl":"https:\/\/fdasrl.it\/wp-content\/uploads\/2026\/03\/motore-elettrico-con-pompa-del-vuoto-ad-olio-facm20612-280-lmin-220v-075-kw-1-white.webp","datePublished":"2026-03-04T10:57:32+00:00","description":"Descubra o FACM20612, a bomba de v\u00e1cuo a banho de \u00f3leo 280l\/min para ordenhadeira para aplica\u00e7\u00f5es zoot\u00e9cnicas. Garante desempenhos fi\u00e1veis e constantes.","breadcrumb":{"@id":"https:\/\/fdasrl.it\/pt-pt\/prodotto\/motor-eletrico-com-bomba-de-vacuo-a-oleo-facm20612-280-l-min-220v-075-kw\/#breadcrumb"},"inLanguage":"pt-PT","potentialAction":[{"@type":"ReadAction","target":["https:\/\/fdasrl.it\/pt-pt\/prodotto\/motor-eletrico-com-bomba-de-vacuo-a-oleo-facm20612-280-l-min-220v-075-kw\/"]}]},{"@type":"ImageObject","inLanguage":"pt-PT","@id":"https:\/\/fdasrl.it\/pt-pt\/prodotto\/motor-eletrico-com-bomba-de-vacuo-a-oleo-facm20612-280-l-min-220v-075-kw\/#primaryimage","url":"https:\/\/fdasrl.it\/wp-content\/uploads\/2026\/03\/motore-elettrico-con-pompa-del-vuoto-ad-olio-facm20612-280-lmin-220v-075-kw-1-white.webp","contentUrl":"https:\/\/fdasrl.it\/wp-content\/uploads\/2026\/03\/motore-elettrico-con-pompa-del-vuoto-ad-olio-facm20612-280-lmin-220v-075-kw-1-white.webp","width":1501,"height":1860,"caption":"Motor el\u00e9trico com bomba de v\u00e1cuo a banho de \u00f3leo para ordenhadeiras com caudal de 280 L\/min."},{"@type":"BreadcrumbList","@id":"https:\/\/fdasrl.it\/pt-pt\/prodotto\/motor-eletrico-com-bomba-de-vacuo-a-oleo-facm20612-280-l-min-220v-075-kw\/#breadcrumb","itemListElement":[{"@type":"ListItem","position":1,"name":"Home","item":"https:\/\/fdasrl.it\/pt-pt\/inicio\/"},{"@type":"ListItem","position":2,"name":"Loja","item":"https:\/\/fdasrl.it\/pt-pt\/loja\/"},{"@type":"ListItem","position":3,"name":"Motor el\u00e9trico com bomba de v\u00e1cuo a \u00f3leo FACM20612 280 L\/min \u2013 220V 0,75 kW"}]},{"@type":"WebSite","@id":"https:\/\/fdasrl.it\/pt-pt\/#website","url":"https:\/\/fdasrl.it\/pt-pt\/","name":"FDA srl","description":"Equipment for animal husbandry","publisher":{"@id":"https:\/\/fdasrl.it\/pt-pt\/#organization"},"potentialAction":[{"@type":"SearchAction","target":{"@type":"EntryPoint","urlTemplate":"https:\/\/fdasrl.it\/pt-pt\/?s={search_term_string}"},"query-input":{"@type":"PropertyValueSpecification","valueRequired":true,"valueName":"search_term_string"}}],"inLanguage":"pt-PT"},{"@type":"Organization","@id":"https:\/\/fdasrl.it\/pt-pt\/#organization","name":"FDA srl","url":"https:\/\/fdasrl.it\/pt-pt\/","logo":{"@type":"ImageObject","inLanguage":"pt-PT","@id":"https:\/\/fdasrl.it\/pt-pt\/#\/schema\/logo\/image\/","url":"https:\/\/fdasrl.it\/wp-content\/uploads\/2024\/12\/Logo-FDA.png","contentUrl":"https:\/\/fdasrl.it\/wp-content\/uploads\/2024\/12\/Logo-FDA.png","width":316,"height":119,"caption":"FDA srl"},"image":{"@id":"https:\/\/fdasrl.it\/pt-pt\/#\/schema\/logo\/image\/"},"sameAs":["https:\/\/www.facebook.com\/share\/1MWhFWg1Tp\/?mibextid=LQQJ4d","https:\/\/www.instagram.com\/fda_srl\/profilecard\/?igsh=YW5lbzJ6MWg0d21u","https:\/\/www.youtube.com\/@FDASRL_ANIMALCARE"],"description":"FDA SRL \u2013 Equipment for animal husbandry nasce con l\u2019obiettivo di offrire soluzioni affidabili e innovative per l\u2019allevamento moderno. Con anni di esperienza nel settore zootecnico, progettiamo e realizziamo attrezzature destinate al benessere animale e alla gestione efficiente delle stalle: vasche, abbeveratoi, mangiatoie e sistemi di riscaldamento pensati per durare nel tempo e semplificare il lavoro quotidiano degli allevatori. Dalla progettazione alla produzione, ogni nostro prodotto \u00e8 studiato nei minimi dettagli, testato con cura e costruito per rispondere alle esigenze reali del settore. La nostra forza \u00e8 unire artigianalit\u00e0, tecnologia e competenza tecnica per trasformare ogni progetto in una soluzione concreta e funzionale. Oggi FDA SRL \u00e8 un punto di riferimento per privati e rivenditori che cercano qualit\u00e0, affidabilit\u00e0 e innovazione nelle attrezzature per l\u2019allevamento.","email":"info@fdasrl.it","telephone":"+390522826820","legalName":"F.D.A. SRL","foundingDate":"2024-10-13","vatID":"03075840359","taxID":"03075840359","numberOfEmployees":{"@type":"QuantitativeValue","minValue":"1","maxValue":"10"}}]},"product_price_currency":"EUR","og_availability":"instock","product_availability":"instock","product_retailer_item_id":"FACM20612","product_condition":"new"},"_links":{"self":[{"href":"https:\/\/fdasrl.it\/pt-pt\/wp-json\/wp\/v2\/product\/2356","targetHints":{"allow":["GET"]}}],"collection":[{"href":"https:\/\/fdasrl.it\/pt-pt\/wp-json\/wp\/v2\/product"}],"about":[{"href":"https:\/\/fdasrl.it\/pt-pt\/wp-json\/wp\/v2\/types\/product"}],"replies":[{"embeddable":true,"href":"https:\/\/fdasrl.it\/pt-pt\/wp-json\/wp\/v2\/comments?post=2356"}],"wp:featuredmedia":[{"embeddable":true,"href":"https:\/\/fdasrl.it\/pt-pt\/wp-json\/wp\/v2\/media\/1160"}],"wp:attachment":[{"href":"https:\/\/fdasrl.it\/pt-pt\/wp-json\/wp\/v2\/media?parent=2356"}],"wp:term":[{"taxonomy":"product_brand","embeddable":true,"href":"https:\/\/fdasrl.it\/pt-pt\/wp-json\/wp\/v2\/product_brand?post=2356"},{"taxonomy":"product_cat","embeddable":true,"href":"https:\/\/fdasrl.it\/pt-pt\/wp-json\/wp\/v2\/product_cat?post=2356"},{"taxonomy":"product_tag","embeddable":true,"href":"https:\/\/fdasrl.it\/pt-pt\/wp-json\/wp\/v2\/product_tag?post=2356"}],"curies":[{"name":"wp","href":"https:\/\/api.w.org\/{rel}","templated":true}]}}