{"id":2412,"date":"2026-03-13T09:19:31","date_gmt":"2026-03-13T08:19:31","guid":{"rendered":"https:\/\/fdasrl.it\/prodotto\/valvula-de-boia-far16p-para-bebedouro-1-2-com-boia-o90-mm\/"},"modified":"2026-03-13T09:19:31","modified_gmt":"2026-03-13T08:19:31","slug":"valvula-de-boia-far16p-para-bebedouro-1-2-com-boia-o90-mm","status":"publish","type":"product","link":"https:\/\/fdasrl.it\/pt-pt\/prodotto\/valvula-de-boia-far16p-para-bebedouro-1-2-com-boia-o90-mm\/","title":{"rendered":"V\u00e1lvula de Boia FAR16P para Bebedouro 1\/2&#8243; com Boia \u00d890 mm"},"content":{"rendered":"<h2 data-section-id=\"18vje6i\" data-start=\"124\" data-end=\"202\">V\u00e1lvula de Boia FAR16P para Bebedouro 1\/2&#8243; com Boia \u00d890 mm<\/h2>\n<p data-start=\"204\" data-end=\"536\">A <strong data-start=\"207\" data-end=\"280\">v\u00e1lvula de boia FAR16P com liga\u00e7\u00e3o de 1\/2&#8243; rosca macho<\/strong> foi concebida para o controlo autom\u00e1tico do n\u00edvel da \u00e1gua em bebedouros para cria\u00e7\u00e3o de animais. A v\u00e1lvula \u00e9 fabricada em <strong data-start=\"407\" data-end=\"427\">nylon resistente<\/strong>, material adequado para utiliza\u00e7\u00e3o em ambientes de est\u00e1bulo gra\u00e7as \u00e0 sua resist\u00eancia \u00e0 corros\u00e3o e ao desgaste. <\/p>\n<p data-start=\"538\" data-end=\"886\">O sistema est\u00e1 equipado com <strong data-start=\"561\" data-end=\"631\">boia em polipropileno de cor laranja com di\u00e2metro de 90 mm<\/strong> e <strong data-start=\"634\" data-end=\"652\">haste em lat\u00e3o<\/strong>, garantindo fiabilidade e durabilidade ao longo do tempo. A boia foi concebida para funcionar <strong data-start=\"742\" data-end=\"768\">em posi\u00e7\u00e3o vertical<\/strong> e permite uma <strong data-start=\"784\" data-end=\"831\">regula\u00e7\u00e3o simples do n\u00edvel da \u00e1gua<\/strong>, mantendo constante o enchimento do bebedouro. <\/p>\n<p data-start=\"888\" data-end=\"1014\">Esta v\u00e1lvula \u00e9 utilizada como <strong data-start=\"921\" data-end=\"955\">pe\u00e7a sobresselente para bebedouros FA-AG<\/strong>, tanto na vers\u00e3o <strong data-start=\"976\" data-end=\"988\">em ferro fundido<\/strong> como <strong data-start=\"993\" data-end=\"1013\">em polipropileno<\/strong>.<\/p>\n<hr data-start=\"1016\" data-end=\"1019\">\n<h2 data-section-id=\"og5zk7\" data-start=\"1021\" data-end=\"1051\">\u2699\ufe0f Caracter\u00edsticas t\u00e9cnicas<\/h2>\n<p data-start=\"1053\" data-end=\"1082\"><strong data-start=\"1053\" data-end=\"1073\">C\u00f3digo do produto:<\/strong> FAR16P<\/p>\n<p data-start=\"1084\" data-end=\"1104\"><strong data-start=\"1084\" data-end=\"1096\">V\u00e1lvula:<\/strong> Nylon<\/p>\n<p data-start=\"1106\" data-end=\"1145\"><strong data-start=\"1106\" data-end=\"1118\">Liga\u00e7\u00e3o:<\/strong> 1\/2&#8243; rosca macho<\/p>\n<p data-start=\"1147\" data-end=\"1190\"><strong data-start=\"1147\" data-end=\"1174\">Material da boia:<\/strong> Polipropileno<\/p>\n<p data-start=\"1192\" data-end=\"1226\"><strong data-start=\"1192\" data-end=\"1218\">Di\u00e2metro da boia:<\/strong> 90 mm<\/p>\n<p data-start=\"1228\" data-end=\"1262\"><strong data-start=\"1228\" data-end=\"1252\">Cor da boia:<\/strong> Laranja<\/p>\n<p data-start=\"1264\" data-end=\"1282\"><strong data-start=\"1264\" data-end=\"1273\">Haste:<\/strong> Lat\u00e3o<\/p>\n<p data-start=\"1284\" data-end=\"1345\"><strong data-start=\"1284\" data-end=\"1301\">Liga\u00e7\u00e3o da haste:<\/strong> Perno em lat\u00e3o com rosca <strong data-start=\"1334\" data-end=\"1343\">1\/4&#8243; g\u00e1s<\/strong><\/p>\n<p data-start=\"1347\" data-end=\"1383\"><strong data-start=\"1347\" data-end=\"1371\">Posi\u00e7\u00e3o de trabalho:<\/strong> Vertical<\/p>\n<p data-start=\"1385\" data-end=\"1420\"><strong data-start=\"1385\" data-end=\"1415\">Regula\u00e7\u00e3o do n\u00edvel da \u00e1gua:<\/strong> Sim<\/p>\n<p data-start=\"1422\" data-end=\"1463\"><strong data-start=\"1422\" data-end=\"1449\">Press\u00e3o de funcionamento:<\/strong> 0,5 \u2013 6 bar<\/p>\n<p data-start=\"1422\" data-end=\"1463\"><strong data-start=\"1482\" data-end=\"1500\">Caudal de \u00e1gua:<\/strong> <strong data-start=\"1501\" data-end=\"1512\">5 L\/min<\/strong><\/p>\n<p data-start=\"1465\" data-end=\"1485\"><strong data-start=\"1465\" data-end=\"1483\">Compatibilidade:<\/strong><\/p>\n<ul data-start=\"1486\" data-end=\"1557\">\n<li data-section-id=\"7p62o9\" data-start=\"1486\" data-end=\"1518\">\n<p data-start=\"1488\" data-end=\"1518\">Bebedouro <strong data-start=\"1501\" data-end=\"1516\">FA-AG Ferro Fundido<\/strong><\/p>\n<\/li>\n<li data-section-id=\"bk0ult\" data-start=\"1519\" data-end=\"1557\">\n<p data-start=\"1521\" data-end=\"1557\">Bebedouro <strong data-start=\"1534\" data-end=\"1557\">FA-AG Polipropileno<\/strong><\/p>\n<\/li>\n<li data-section-id=\"bk0ult\" data-start=\"1519\" data-end=\"1557\">Todos os modelos com mecanismo de n\u00edvel constante<\/li>\n<\/ul>\n<hr data-start=\"1559\" data-end=\"1562\">\n<h2 data-section-id=\"50c332\" data-start=\"1564\" data-end=\"1588\">\u2705 Principais vantagens<\/h2>\n<p data-start=\"1590\" data-end=\"1823\">\u2714 <strong data-start=\"1592\" data-end=\"1623\">V\u00e1lvula em nylon resistente<\/strong> \u00e0 corros\u00e3o<br data-start=\"1639\" data-end=\"1642\">\u2714 <strong data-start=\"1644\" data-end=\"1667\">Boia \u00d890 mm<\/strong> em polipropileno<br data-start=\"1684\" data-end=\"1687\">\u2714 <strong data-start=\"1689\" data-end=\"1707\">Haste em lat\u00e3o<\/strong> para maior durabilidade<br data-start=\"1727\" data-end=\"1730\">\u2714 <strong data-start=\"1732\" data-end=\"1774\">Regula\u00e7\u00e3o simples do n\u00edvel da \u00e1gua<\/strong><br data-start=\"1774\" data-end=\"1777\">\u2714 Pe\u00e7a sobresselente original para <strong data-start=\"1802\" data-end=\"1823\">bebedouros FA-AG<\/strong><\/p>\n<p>\ud83d\udc49 Solicite pre\u00e7o para revenda:  <a href=\"mailto:info@fdasrl.it\">CLIQUE AQUI<\/a><\/p>\n<p>\ud83d\udc49 Compre online: <a href=\"https:\/\/fda-shop.it\/shop\/articoli-per-allevamento\/abbeveratoi\/galleggiante-per-abbeveratoio-16p\">CLIQUE AQUI<\/a><\/p>\n","protected":false},"excerpt":{"rendered":"<p>V\u00e1lvula de boia FAR16P com liga\u00e7\u00e3o 1\/2&#8243; macho, corpo em nylon, boia em polipropileno \u00d890 mm e haste em lat\u00e3o. Pe\u00e7a sobresselente para bebedouros FA-AG em ferro fundido e polipropileno. <\/p>\n","protected":false},"featured_media":1232,"comment_status":"open","ping_status":"closed","template":"","meta":{"_et_pb_use_builder":"","_et_pb_old_content":"","_et_gb_content_width":""},"product_brand":[],"product_cat":[554,502,412,503,504],"product_tag":[555],"class_list":{"0":"post-2412","1":"product","2":"type-product","3":"status-publish","4":"has-post-thumbnail","6":"product_cat-bebedouros-2","7":"product_cat-bebedouros","8":"product_cat-ovinos-e-caprinos","9":"product_cat-tanques-inox-para-estabulos","10":"product_cat-valvulas-e-boias","11":"product_tag-far16p","13":"first","14":"instock","15":"shipping-taxable","16":"product-type-simple"},"yoast_head":"<!-- This site is optimized with the Yoast SEO Premium plugin v27.5 (Yoast SEO v27.5) - https:\/\/yoast.com\/product\/yoast-seo-premium-wordpress\/ -->\n<title>V\u00e1lvula de boia FAR16P bebedouro 1\/2&quot; com boia<\/title>\n<meta name=\"description\" content=\"Controle o n\u00edvel da \u00e1gua com a v\u00e1lvula de boia FAR16P bebedouro 1\/2&#039;&#039;. Fabricada em nylon resistente, \u00e9 perfeita para est\u00e1bulos.\" \/>\n<meta name=\"robots\" content=\"index, follow, max-snippet:-1, max-image-preview:large, max-video-preview:-1\" \/>\n<link rel=\"canonical\" href=\"https:\/\/fdasrl.it\/pt-pt\/prodotto\/valvula-de-boia-far16p-para-bebedouro-1-2-com-boia-o90-mm\/\" \/>\n<meta property=\"og:locale\" content=\"pt_PT\" \/>\n<meta property=\"og:type\" content=\"article\" \/>\n<meta property=\"og:title\" content=\"V\u00e1lvula de Boia FAR16P para Bebedouro 1\/2&quot; com Boia \u00d890 mm\" \/>\n<meta property=\"og:description\" content=\"Controle o n\u00edvel da \u00e1gua com a v\u00e1lvula de boia FAR16P bebedouro 1\/2&#039;&#039;. Fabricada em nylon resistente, \u00e9 perfeita para est\u00e1bulos.\" \/>\n<meta property=\"og:url\" content=\"https:\/\/fdasrl.it\/pt-pt\/prodotto\/valvula-de-boia-far16p-para-bebedouro-1-2-com-boia-o90-mm\/\" \/>\n<meta property=\"og:site_name\" content=\"FDA srl\" \/>\n<meta property=\"article:publisher\" content=\"https:\/\/www.facebook.com\/share\/1MWhFWg1Tp\/?mibextid=LQQJ4d\" \/>\n<meta property=\"og:image\" content=\"https:\/\/fdasrl.it\/wp-content\/uploads\/2026\/03\/Galleggiante-con-valvola-FAR16P-regolabile.png\" \/>\n\t<meta property=\"og:image:width\" content=\"500\" \/>\n\t<meta property=\"og:image:height\" content=\"500\" \/>\n\t<meta property=\"og:image:type\" content=\"image\/png\" \/>\n<meta name=\"twitter:card\" content=\"summary_large_image\" \/>\n<meta name=\"twitter:label1\" content=\"pre\u00e7o\" \/>\n\t<meta name=\"twitter:data1\" content=\"\" \/>\n\t<meta name=\"twitter:label2\" content=\"Disponibilidade\" \/>\n\t<meta name=\"twitter:data2\" content=\"Em stock\" \/>\n<meta property=\"product:price:currency\" content=\"EUR\" \/>\n<meta property=\"og:availability\" content=\"instock\" \/>\n<meta property=\"product:availability\" content=\"instock\" \/>\n<meta property=\"product:retailer_item_id\" content=\"FAR16P\" \/>\n<meta property=\"product:condition\" content=\"new\" \/>\n<!-- \/ Yoast SEO Premium plugin. -->","yoast_head_json":{"title":"V\u00e1lvula de boia FAR16P bebedouro 1\/2\" com boia","description":"Controle o n\u00edvel da \u00e1gua com a v\u00e1lvula de boia FAR16P bebedouro 1\/2''. Fabricada em nylon resistente, \u00e9 perfeita para est\u00e1bulos.","robots":{"index":"index","follow":"follow","max-snippet":"max-snippet:-1","max-image-preview":"max-image-preview:large","max-video-preview":"max-video-preview:-1"},"canonical":"https:\/\/fdasrl.it\/pt-pt\/prodotto\/valvula-de-boia-far16p-para-bebedouro-1-2-com-boia-o90-mm\/","og_locale":"pt_PT","og_type":"article","og_title":"V\u00e1lvula de Boia FAR16P para Bebedouro 1\/2\" com Boia \u00d890 mm","og_description":"Controle o n\u00edvel da \u00e1gua com a v\u00e1lvula de boia FAR16P bebedouro 1\/2''. Fabricada em nylon resistente, \u00e9 perfeita para est\u00e1bulos.","og_url":"https:\/\/fdasrl.it\/pt-pt\/prodotto\/valvula-de-boia-far16p-para-bebedouro-1-2-com-boia-o90-mm\/","og_site_name":"FDA srl","article_publisher":"https:\/\/www.facebook.com\/share\/1MWhFWg1Tp\/?mibextid=LQQJ4d","og_image":[{"width":500,"height":500,"url":"https:\/\/fdasrl.it\/wp-content\/uploads\/2026\/03\/Galleggiante-con-valvola-FAR16P-regolabile.png","type":"image\/png"}],"twitter_card":"summary_large_image","twitter_misc":{"pre\u00e7o":"","Disponibilidade":"Em stock"},"schema":{"@context":"https:\/\/schema.org","@graph":[{"@type":"WebPage","@id":"https:\/\/fdasrl.it\/pt-pt\/prodotto\/valvula-de-boia-far16p-para-bebedouro-1-2-com-boia-o90-mm\/","url":"https:\/\/fdasrl.it\/pt-pt\/prodotto\/valvula-de-boia-far16p-para-bebedouro-1-2-com-boia-o90-mm\/","name":"V\u00e1lvula de boia FAR16P bebedouro 1\/2\" com boia","isPartOf":{"@id":"https:\/\/fdasrl.it\/pt-pt\/#website"},"primaryImageOfPage":{"@id":"https:\/\/fdasrl.it\/pt-pt\/prodotto\/valvula-de-boia-far16p-para-bebedouro-1-2-com-boia-o90-mm\/#primaryimage"},"image":{"@id":"https:\/\/fdasrl.it\/pt-pt\/prodotto\/valvula-de-boia-far16p-para-bebedouro-1-2-com-boia-o90-mm\/#primaryimage"},"thumbnailUrl":"https:\/\/fdasrl.it\/wp-content\/uploads\/2026\/03\/Galleggiante-con-valvola-FAR16P-regolabile.png","datePublished":"2026-03-13T08:19:31+00:00","description":"Controle o n\u00edvel da \u00e1gua com a v\u00e1lvula de boia FAR16P bebedouro 1\/2''. Fabricada em nylon resistente, \u00e9 perfeita para est\u00e1bulos.","breadcrumb":{"@id":"https:\/\/fdasrl.it\/pt-pt\/prodotto\/valvula-de-boia-far16p-para-bebedouro-1-2-com-boia-o90-mm\/#breadcrumb"},"inLanguage":"pt-PT","potentialAction":[{"@type":"ReadAction","target":["https:\/\/fdasrl.it\/pt-pt\/prodotto\/valvula-de-boia-far16p-para-bebedouro-1-2-com-boia-o90-mm\/"]}]},{"@type":"ImageObject","inLanguage":"pt-PT","@id":"https:\/\/fdasrl.it\/pt-pt\/prodotto\/valvula-de-boia-far16p-para-bebedouro-1-2-com-boia-o90-mm\/#primaryimage","url":"https:\/\/fdasrl.it\/wp-content\/uploads\/2026\/03\/Galleggiante-con-valvola-FAR16P-regolabile.png","contentUrl":"https:\/\/fdasrl.it\/wp-content\/uploads\/2026\/03\/Galleggiante-con-valvola-FAR16P-regolabile.png","width":500,"height":500,"caption":"V\u00e1lvula com boia FAR16P para a regula\u00e7\u00e3o autom\u00e1tica do n\u00edvel da \u00e1gua."},{"@type":"BreadcrumbList","@id":"https:\/\/fdasrl.it\/pt-pt\/prodotto\/valvula-de-boia-far16p-para-bebedouro-1-2-com-boia-o90-mm\/#breadcrumb","itemListElement":[{"@type":"ListItem","position":1,"name":"Home","item":"https:\/\/fdasrl.it\/pt-pt\/inicio\/"},{"@type":"ListItem","position":2,"name":"Loja","item":"https:\/\/fdasrl.it\/pt-pt\/loja\/"},{"@type":"ListItem","position":3,"name":"V\u00e1lvula de Boia FAR16P para Bebedouro 1\/2&#8243; com Boia \u00d890 mm"}]},{"@type":"WebSite","@id":"https:\/\/fdasrl.it\/pt-pt\/#website","url":"https:\/\/fdasrl.it\/pt-pt\/","name":"FDA srl","description":"Equipment for animal husbandry","publisher":{"@id":"https:\/\/fdasrl.it\/pt-pt\/#organization"},"potentialAction":[{"@type":"SearchAction","target":{"@type":"EntryPoint","urlTemplate":"https:\/\/fdasrl.it\/pt-pt\/?s={search_term_string}"},"query-input":{"@type":"PropertyValueSpecification","valueRequired":true,"valueName":"search_term_string"}}],"inLanguage":"pt-PT"},{"@type":"Organization","@id":"https:\/\/fdasrl.it\/pt-pt\/#organization","name":"FDA srl","url":"https:\/\/fdasrl.it\/pt-pt\/","logo":{"@type":"ImageObject","inLanguage":"pt-PT","@id":"https:\/\/fdasrl.it\/pt-pt\/#\/schema\/logo\/image\/","url":"https:\/\/fdasrl.it\/wp-content\/uploads\/2024\/12\/Logo-FDA.png","contentUrl":"https:\/\/fdasrl.it\/wp-content\/uploads\/2024\/12\/Logo-FDA.png","width":316,"height":119,"caption":"FDA srl"},"image":{"@id":"https:\/\/fdasrl.it\/pt-pt\/#\/schema\/logo\/image\/"},"sameAs":["https:\/\/www.facebook.com\/share\/1MWhFWg1Tp\/?mibextid=LQQJ4d","https:\/\/www.instagram.com\/fda_srl\/profilecard\/?igsh=YW5lbzJ6MWg0d21u","https:\/\/www.youtube.com\/@FDASRL_ANIMALCARE"],"description":"FDA SRL \u2013 Equipment for animal husbandry nasce con l\u2019obiettivo di offrire soluzioni affidabili e innovative per l\u2019allevamento moderno. Con anni di esperienza nel settore zootecnico, progettiamo e realizziamo attrezzature destinate al benessere animale e alla gestione efficiente delle stalle: vasche, abbeveratoi, mangiatoie e sistemi di riscaldamento pensati per durare nel tempo e semplificare il lavoro quotidiano degli allevatori. Dalla progettazione alla produzione, ogni nostro prodotto \u00e8 studiato nei minimi dettagli, testato con cura e costruito per rispondere alle esigenze reali del settore. La nostra forza \u00e8 unire artigianalit\u00e0, tecnologia e competenza tecnica per trasformare ogni progetto in una soluzione concreta e funzionale. Oggi FDA SRL \u00e8 un punto di riferimento per privati e rivenditori che cercano qualit\u00e0, affidabilit\u00e0 e innovazione nelle attrezzature per l\u2019allevamento.","email":"info@fdasrl.it","telephone":"+390522826820","legalName":"F.D.A. SRL","foundingDate":"2024-10-13","vatID":"03075840359","taxID":"03075840359","numberOfEmployees":{"@type":"QuantitativeValue","minValue":"1","maxValue":"10"}}]},"product_price_currency":"EUR","og_availability":"instock","product_availability":"instock","product_retailer_item_id":"FAR16P","product_condition":"new"},"_links":{"self":[{"href":"https:\/\/fdasrl.it\/pt-pt\/wp-json\/wp\/v2\/product\/2412","targetHints":{"allow":["GET"]}}],"collection":[{"href":"https:\/\/fdasrl.it\/pt-pt\/wp-json\/wp\/v2\/product"}],"about":[{"href":"https:\/\/fdasrl.it\/pt-pt\/wp-json\/wp\/v2\/types\/product"}],"replies":[{"embeddable":true,"href":"https:\/\/fdasrl.it\/pt-pt\/wp-json\/wp\/v2\/comments?post=2412"}],"wp:featuredmedia":[{"embeddable":true,"href":"https:\/\/fdasrl.it\/pt-pt\/wp-json\/wp\/v2\/media\/1232"}],"wp:attachment":[{"href":"https:\/\/fdasrl.it\/pt-pt\/wp-json\/wp\/v2\/media?parent=2412"}],"wp:term":[{"taxonomy":"product_brand","embeddable":true,"href":"https:\/\/fdasrl.it\/pt-pt\/wp-json\/wp\/v2\/product_brand?post=2412"},{"taxonomy":"product_cat","embeddable":true,"href":"https:\/\/fdasrl.it\/pt-pt\/wp-json\/wp\/v2\/product_cat?post=2412"},{"taxonomy":"product_tag","embeddable":true,"href":"https:\/\/fdasrl.it\/pt-pt\/wp-json\/wp\/v2\/product_tag?post=2412"}],"curies":[{"name":"wp","href":"https:\/\/api.w.org\/{rel}","templated":true}]}}