{"id":2424,"date":"2026-03-11T11:35:20","date_gmt":"2026-03-11T10:35:20","guid":{"rendered":"https:\/\/fdasrl.it\/prodotto\/valvula-de-boia-para-bebedouro-dn20-g3-4-em-plastico-de-alto-caudal\/"},"modified":"2026-03-11T11:35:20","modified_gmt":"2026-03-11T10:35:20","slug":"valvula-de-boia-para-bebedouro-dn20-g3-4-em-plastico-de-alto-caudal","status":"publish","type":"product","link":"https:\/\/fdasrl.it\/pt-pt\/prodotto\/valvula-de-boia-para-bebedouro-dn20-g3-4-em-plastico-de-alto-caudal\/","title":{"rendered":"V\u00e1lvula de Boia para Bebedouro DN20 G3\/4&#8243; em Pl\u00e1stico de Alto Caudal"},"content":{"rendered":"<h2 data-section-id=\"1apu402\" data-start=\"111\" data-end=\"192\">V\u00e1lvula de Boia para Bebedouro DN20 G3\/4&#8243; em Pl\u00e1stico de Alto Caudal FAR19PVC<\/h2>\n<p data-start=\"194\" data-end=\"542\">A <strong data-start=\"197\" data-end=\"266\">v\u00e1lvula de boia DN20 com liga\u00e7\u00e3o G3\/4&#8243; rosca macho<\/strong> foi concebida para o controlo autom\u00e1tico do n\u00edvel da \u00e1gua em dep\u00f3sitos, bebedouros e sistemas h\u00eddricos. Gra\u00e7as ao sistema de boia, a v\u00e1lvula regula automaticamente a entrada de \u00e1gua, mantendo o n\u00edvel constante no interior do dep\u00f3sito ou do bebedouro. <\/p>\n<p data-start=\"544\" data-end=\"745\">A estrutura em <strong data-start=\"560\" data-end=\"599\">pl\u00e1stico resistente de alta qualidade<\/strong> garante uma boa durabilidade e resist\u00eancia \u00e0 corros\u00e3o, tornando-a adequada tamb\u00e9m para ambientes h\u00famidos ou aplica\u00e7\u00f5es no setor zoot\u00e9cnico.<\/p>\n<p data-start=\"747\" data-end=\"967\">Al\u00e9m disso, o design foi estudado para assegurar <strong data-start=\"792\" data-end=\"822\">um elevado caudal de \u00e1gua<\/strong>, at\u00e9 <strong data-start=\"831\" data-end=\"862\">180 litros por minuto a 6 bar<\/strong>, permitindo um enchimento r\u00e1pido e um funcionamento eficiente mesmo na presen\u00e7a de press\u00f5es elevadas.<\/p>\n<p data-start=\"969\" data-end=\"1119\">Gra\u00e7as \u00e0 <strong data-start=\"981\" data-end=\"1029\">f\u00e1cil instala\u00e7\u00e3o com rosca macho<\/strong>, a v\u00e1lvula pode ser montada rapidamente em diferentes tipos de dep\u00f3sitos ou sistemas h\u00eddricos.<\/p>\n<hr data-start=\"1121\" data-end=\"1124\">\n<h2 data-section-id=\"og5zk7\" data-start=\"1126\" data-end=\"1156\">\u2699\ufe0f Caracter\u00edsticas t\u00e9cnicas<\/h2>\n<p data-start=\"1158\" data-end=\"1232\"><strong data-start=\"1158\" data-end=\"1176\">Tipo de produto:<\/strong> V\u00e1lvula de boia \/ v\u00e1lvula de esfera flutuante<\/p>\n<p data-start=\"1234\" data-end=\"1259\"><strong data-start=\"1234\" data-end=\"1248\">Material:<\/strong> Pl\u00e1stico<\/p>\n<p data-start=\"1261\" data-end=\"1316\"><strong data-start=\"1261\" data-end=\"1277\">Liga\u00e7\u00e3o:<\/strong> Rosca macho <strong data-start=\"1298\" data-end=\"1314\">G3\/4&#8243; (DN20)<\/strong><\/p>\n<p data-start=\"1318\" data-end=\"1365\"><strong data-start=\"1318\" data-end=\"1345\">Press\u00e3o de servi\u00e7o:<\/strong> <strong data-start=\"1346\" data-end=\"1363\">0,1 \u2013 1,2 MPa<\/strong><\/p>\n<p data-start=\"1367\" data-end=\"1409\"><strong data-start=\"1367\" data-end=\"1385\">Caudal de \u00e1gua:<\/strong> <strong data-start=\"1386\" data-end=\"1407\">180 L\/min a 6 bar<\/strong><\/p>\n<p data-start=\"1411\" data-end=\"1452\"><strong data-start=\"1411\" data-end=\"1433\">Temperatura da \u00e1gua:<\/strong> <strong data-start=\"1434\" data-end=\"1450\">0 \u00b0C \u2013 70 \u00b0C<\/strong><\/p>\n<p data-start=\"1454\" data-end=\"1524\"><strong data-start=\"1454\" data-end=\"1483\">Dimens\u00e3o de instala\u00e7\u00e3o:<\/strong> cerca de <strong data-start=\"1490\" data-end=\"1500\">275 mm<\/strong> (excluindo a rosca)<\/p>\n<p data-start=\"1526\" data-end=\"1558\"><strong data-start=\"1526\" data-end=\"1550\">Fluido utiliz\u00e1vel:<\/strong> \u00e1gua<\/p>\n<p data-start=\"1560\" data-end=\"1585\"><strong data-start=\"1560\" data-end=\"1569\">Peso:<\/strong> cerca de <strong data-start=\"1576\" data-end=\"1585\">138 g<\/strong><\/p>\n<hr data-start=\"1587\" data-end=\"1590\">\n<h2 data-section-id=\"mslteg\" data-start=\"1592\" data-end=\"1607\">Aplica\u00e7\u00f5es<\/h2>\n<p data-start=\"1609\" data-end=\"1728\">Esta v\u00e1lvula de boia \u00e9 adequada para o controlo autom\u00e1tico do n\u00edvel da \u00e1gua em diversos sistemas, incluindo:<\/p>\n<ul data-start=\"1730\" data-end=\"1948\">\n<li data-section-id=\"1q01goj\" data-start=\"1730\" data-end=\"1761\">\n<p data-start=\"1732\" data-end=\"1761\">Dep\u00f3sitos e cisternas de \u00e1gua<\/p>\n<\/li>\n<li data-section-id=\"1s61xc\" data-start=\"1762\" data-end=\"1779\">\n<p data-start=\"1764\" data-end=\"1779\">Torres de \u00e1gua<\/p>\n<\/li>\n<li data-section-id=\"1crfh67\" data-start=\"1780\" data-end=\"1807\">\n<p data-start=\"1782\" data-end=\"1807\">Torres de arrefecimento<\/p>\n<\/li>\n<li data-section-id=\"1uzkr02\" data-start=\"1808\" data-end=\"1838\">\n<p data-start=\"1810\" data-end=\"1838\">Sistemas de arrefecimento<\/p>\n<\/li>\n<li data-section-id=\"m07hyl\" data-start=\"1839\" data-end=\"1867\">\n<p data-start=\"1841\" data-end=\"1867\">M\u00e1quinas de gelo<\/p>\n<\/li>\n<li data-section-id=\"1xt7pwt\" data-start=\"1868\" data-end=\"1901\">\n<p data-start=\"1870\" data-end=\"1901\">Equipamentos para zootecnia<\/p>\n<\/li>\n<li data-section-id=\"1p9qgg\" data-start=\"1902\" data-end=\"1948\">\n<p data-start=\"1904\" data-end=\"1948\">Sistemas de gest\u00e3o e tratamento de \u00e1gua<\/p>\n<\/li>\n<\/ul>\n<hr data-start=\"1950\" data-end=\"1953\">\n<h2 data-section-id=\"1113tbv\" data-start=\"1955\" data-end=\"1977\">Principais vantagens<\/h2>\n<p data-start=\"1979\" data-end=\"2238\">\u2714 Controlo autom\u00e1tico do n\u00edvel da \u00e1gua<br data-start=\"2024\" data-end=\"2027\">\u2714 <strong data-start=\"2029\" data-end=\"2065\">Elevado caudal at\u00e9 180 L\/min<\/strong><br data-start=\"2065\" data-end=\"2068\">\u2714 Estrutura resistente em pl\u00e1stico anticorros\u00e3o<br data-start=\"2117\" data-end=\"2120\">\u2714 Instala\u00e7\u00e3o simples com <strong data-start=\"2149\" data-end=\"2174\">liga\u00e7\u00e3o G3\/4&#8243; macho<\/strong><br data-start=\"2174\" data-end=\"2177\">\u2714 Adequada para aplica\u00e7\u00f5es industriais, agr\u00edcolas e zoot\u00e9cnicas<\/p>\n<p>\ud83d\udc49 Solicite pre\u00e7o para revenda:  <a href=\"mailto:info@fdasrl.it\">CLIQUE AQUI<\/a><\/p>\n<p>\ud83d\udc49 Compre online: <a href=\"https:\/\/fda-shop.it\/shop\/articoli-per-allevamento\/abbeveratoi\/valvola-a-galleggiante-per-abbeveratoio-dn20-g34-in-plastica-ad-alta-portata\">CLIQUE AQUI<\/a><\/p>\n","protected":false},"excerpt":{"rendered":"<p>V\u00e1lvula de boia DN20 G3\/4&#8243; em pl\u00e1stico para o controlo autom\u00e1tico do n\u00edvel da \u00e1gua. Caudal at\u00e9 180 L\/min a 6 bar, press\u00e3o de servi\u00e7o 0,1\u20131,2 MPa. Ideal para dep\u00f3sitos, torres de \u00e1gua, sistemas de arrefecimento e equipamentos zoot\u00e9cnicos.  <\/p>\n","protected":false},"featured_media":1226,"comment_status":"open","ping_status":"closed","template":"","meta":{"_et_pb_use_builder":"","_et_pb_old_content":"","_et_gb_content_width":""},"product_brand":[],"product_cat":[554,502,503,504],"product_tag":[560],"class_list":{"0":"post-2424","1":"product","2":"type-product","3":"status-publish","4":"has-post-thumbnail","6":"product_cat-bebedouros-2","7":"product_cat-bebedouros","8":"product_cat-tanques-inox-para-estabulos","9":"product_cat-valvulas-e-boias","10":"product_tag-far19pvc","12":"first","13":"instock","14":"shipping-taxable","15":"product-type-simple"},"yoast_head":"<!-- This site is optimized with the Yoast SEO Premium plugin v27.5 (Yoast SEO v27.5) - https:\/\/yoast.com\/product\/yoast-seo-premium-wordpress\/ -->\n<title>V\u00e1lvula de Boia para bebedouro com esfera FAR19PVC<\/title>\n<meta name=\"description\" content=\"Adicione a V\u00e1lvula de Boia FAR19PVC para bebedouros ao seu sistema h\u00eddrico. Mantenha sempre o n\u00edvel da \u00e1gua constante de forma simples!\" \/>\n<meta name=\"robots\" content=\"index, follow, max-snippet:-1, max-image-preview:large, max-video-preview:-1\" \/>\n<link rel=\"canonical\" href=\"https:\/\/fdasrl.it\/pt-pt\/prodotto\/valvula-de-boia-para-bebedouro-dn20-g3-4-em-plastico-de-alto-caudal\/\" \/>\n<meta property=\"og:locale\" content=\"pt_PT\" \/>\n<meta property=\"og:type\" content=\"article\" \/>\n<meta property=\"og:title\" content=\"V\u00e1lvula de Boia para Bebedouro DN20 G3\/4&quot; em Pl\u00e1stico de Alto Caudal\" \/>\n<meta property=\"og:description\" content=\"Adicione a V\u00e1lvula de Boia FAR19PVC para bebedouros ao seu sistema h\u00eddrico. Mantenha sempre o n\u00edvel da \u00e1gua constante de forma simples!\" \/>\n<meta property=\"og:url\" content=\"https:\/\/fdasrl.it\/pt-pt\/prodotto\/valvula-de-boia-para-bebedouro-dn20-g3-4-em-plastico-de-alto-caudal\/\" \/>\n<meta property=\"og:site_name\" content=\"FDA srl\" \/>\n<meta property=\"article:publisher\" content=\"https:\/\/www.facebook.com\/share\/1MWhFWg1Tp\/?mibextid=LQQJ4d\" \/>\n<meta property=\"og:image\" content=\"https:\/\/fdasrl.it\/wp-content\/uploads\/2026\/03\/Galleggiante-per-abbeveratoio-con-sfera-FAR19PVC-1.jpg\" \/>\n\t<meta property=\"og:image:width\" content=\"1500\" \/>\n\t<meta property=\"og:image:height\" content=\"1178\" \/>\n\t<meta property=\"og:image:type\" content=\"image\/jpeg\" \/>\n<meta name=\"twitter:card\" content=\"summary_large_image\" \/>\n<meta name=\"twitter:label1\" content=\"pre\u00e7o\" \/>\n\t<meta name=\"twitter:data1\" content=\"\" \/>\n\t<meta name=\"twitter:label2\" content=\"Disponibilidade\" \/>\n\t<meta name=\"twitter:data2\" content=\"Em stock\" \/>\n<meta property=\"product:price:currency\" content=\"EUR\" \/>\n<meta property=\"og:availability\" content=\"instock\" \/>\n<meta property=\"product:availability\" content=\"instock\" \/>\n<meta property=\"product:retailer_item_id\" content=\"FAR19PVC\" \/>\n<meta property=\"product:condition\" content=\"new\" \/>\n<!-- \/ Yoast SEO Premium plugin. -->","yoast_head_json":{"title":"V\u00e1lvula de Boia para bebedouro com esfera FAR19PVC","description":"Adicione a V\u00e1lvula de Boia FAR19PVC para bebedouros ao seu sistema h\u00eddrico. Mantenha sempre o n\u00edvel da \u00e1gua constante de forma simples!","robots":{"index":"index","follow":"follow","max-snippet":"max-snippet:-1","max-image-preview":"max-image-preview:large","max-video-preview":"max-video-preview:-1"},"canonical":"https:\/\/fdasrl.it\/pt-pt\/prodotto\/valvula-de-boia-para-bebedouro-dn20-g3-4-em-plastico-de-alto-caudal\/","og_locale":"pt_PT","og_type":"article","og_title":"V\u00e1lvula de Boia para Bebedouro DN20 G3\/4\" em Pl\u00e1stico de Alto Caudal","og_description":"Adicione a V\u00e1lvula de Boia FAR19PVC para bebedouros ao seu sistema h\u00eddrico. Mantenha sempre o n\u00edvel da \u00e1gua constante de forma simples!","og_url":"https:\/\/fdasrl.it\/pt-pt\/prodotto\/valvula-de-boia-para-bebedouro-dn20-g3-4-em-plastico-de-alto-caudal\/","og_site_name":"FDA srl","article_publisher":"https:\/\/www.facebook.com\/share\/1MWhFWg1Tp\/?mibextid=LQQJ4d","og_image":[{"width":1500,"height":1178,"url":"https:\/\/fdasrl.it\/wp-content\/uploads\/2026\/03\/Galleggiante-per-abbeveratoio-con-sfera-FAR19PVC-1.jpg","type":"image\/jpeg"}],"twitter_card":"summary_large_image","twitter_misc":{"pre\u00e7o":"","Disponibilidade":"Em stock"},"schema":{"@context":"https:\/\/schema.org","@graph":[{"@type":"WebPage","@id":"https:\/\/fdasrl.it\/pt-pt\/prodotto\/valvula-de-boia-para-bebedouro-dn20-g3-4-em-plastico-de-alto-caudal\/","url":"https:\/\/fdasrl.it\/pt-pt\/prodotto\/valvula-de-boia-para-bebedouro-dn20-g3-4-em-plastico-de-alto-caudal\/","name":"V\u00e1lvula de Boia para bebedouro com esfera FAR19PVC","isPartOf":{"@id":"https:\/\/fdasrl.it\/pt-pt\/#website"},"primaryImageOfPage":{"@id":"https:\/\/fdasrl.it\/pt-pt\/prodotto\/valvula-de-boia-para-bebedouro-dn20-g3-4-em-plastico-de-alto-caudal\/#primaryimage"},"image":{"@id":"https:\/\/fdasrl.it\/pt-pt\/prodotto\/valvula-de-boia-para-bebedouro-dn20-g3-4-em-plastico-de-alto-caudal\/#primaryimage"},"thumbnailUrl":"https:\/\/fdasrl.it\/wp-content\/uploads\/2026\/03\/Galleggiante-per-abbeveratoio-con-sfera-FAR19PVC-1.jpg","datePublished":"2026-03-11T10:35:20+00:00","description":"Adicione a V\u00e1lvula de Boia FAR19PVC para bebedouros ao seu sistema h\u00eddrico. Mantenha sempre o n\u00edvel da \u00e1gua constante de forma simples!","breadcrumb":{"@id":"https:\/\/fdasrl.it\/pt-pt\/prodotto\/valvula-de-boia-para-bebedouro-dn20-g3-4-em-plastico-de-alto-caudal\/#breadcrumb"},"inLanguage":"pt-PT","potentialAction":[{"@type":"ReadAction","target":["https:\/\/fdasrl.it\/pt-pt\/prodotto\/valvula-de-boia-para-bebedouro-dn20-g3-4-em-plastico-de-alto-caudal\/"]}]},{"@type":"ImageObject","inLanguage":"pt-PT","@id":"https:\/\/fdasrl.it\/pt-pt\/prodotto\/valvula-de-boia-para-bebedouro-dn20-g3-4-em-plastico-de-alto-caudal\/#primaryimage","url":"https:\/\/fdasrl.it\/wp-content\/uploads\/2026\/03\/Galleggiante-per-abbeveratoio-con-sfera-FAR19PVC-1.jpg","contentUrl":"https:\/\/fdasrl.it\/wp-content\/uploads\/2026\/03\/Galleggiante-per-abbeveratoio-con-sfera-FAR19PVC-1.jpg","width":1500,"height":1178},{"@type":"BreadcrumbList","@id":"https:\/\/fdasrl.it\/pt-pt\/prodotto\/valvula-de-boia-para-bebedouro-dn20-g3-4-em-plastico-de-alto-caudal\/#breadcrumb","itemListElement":[{"@type":"ListItem","position":1,"name":"Home","item":"https:\/\/fdasrl.it\/pt-pt\/inicio\/"},{"@type":"ListItem","position":2,"name":"Loja","item":"https:\/\/fdasrl.it\/pt-pt\/loja\/"},{"@type":"ListItem","position":3,"name":"V\u00e1lvula de Boia para Bebedouro DN20 G3\/4&#8243; em Pl\u00e1stico de Alto Caudal"}]},{"@type":"WebSite","@id":"https:\/\/fdasrl.it\/pt-pt\/#website","url":"https:\/\/fdasrl.it\/pt-pt\/","name":"FDA srl","description":"Equipment for animal husbandry","publisher":{"@id":"https:\/\/fdasrl.it\/pt-pt\/#organization"},"potentialAction":[{"@type":"SearchAction","target":{"@type":"EntryPoint","urlTemplate":"https:\/\/fdasrl.it\/pt-pt\/?s={search_term_string}"},"query-input":{"@type":"PropertyValueSpecification","valueRequired":true,"valueName":"search_term_string"}}],"inLanguage":"pt-PT"},{"@type":"Organization","@id":"https:\/\/fdasrl.it\/pt-pt\/#organization","name":"FDA srl","url":"https:\/\/fdasrl.it\/pt-pt\/","logo":{"@type":"ImageObject","inLanguage":"pt-PT","@id":"https:\/\/fdasrl.it\/pt-pt\/#\/schema\/logo\/image\/","url":"https:\/\/fdasrl.it\/wp-content\/uploads\/2024\/12\/Logo-FDA.png","contentUrl":"https:\/\/fdasrl.it\/wp-content\/uploads\/2024\/12\/Logo-FDA.png","width":316,"height":119,"caption":"FDA srl"},"image":{"@id":"https:\/\/fdasrl.it\/pt-pt\/#\/schema\/logo\/image\/"},"sameAs":["https:\/\/www.facebook.com\/share\/1MWhFWg1Tp\/?mibextid=LQQJ4d","https:\/\/www.instagram.com\/fda_srl\/profilecard\/?igsh=YW5lbzJ6MWg0d21u","https:\/\/www.youtube.com\/@FDASRL_ANIMALCARE"],"description":"FDA SRL \u2013 Equipment for animal husbandry nasce con l\u2019obiettivo di offrire soluzioni affidabili e innovative per l\u2019allevamento moderno. Con anni di esperienza nel settore zootecnico, progettiamo e realizziamo attrezzature destinate al benessere animale e alla gestione efficiente delle stalle: vasche, abbeveratoi, mangiatoie e sistemi di riscaldamento pensati per durare nel tempo e semplificare il lavoro quotidiano degli allevatori. Dalla progettazione alla produzione, ogni nostro prodotto \u00e8 studiato nei minimi dettagli, testato con cura e costruito per rispondere alle esigenze reali del settore. La nostra forza \u00e8 unire artigianalit\u00e0, tecnologia e competenza tecnica per trasformare ogni progetto in una soluzione concreta e funzionale. Oggi FDA SRL \u00e8 un punto di riferimento per privati e rivenditori che cercano qualit\u00e0, affidabilit\u00e0 e innovazione nelle attrezzature per l\u2019allevamento.","email":"info@fdasrl.it","telephone":"+390522826820","legalName":"F.D.A. SRL","foundingDate":"2024-10-13","vatID":"03075840359","taxID":"03075840359","numberOfEmployees":{"@type":"QuantitativeValue","minValue":"1","maxValue":"10"}}]},"product_price_currency":"EUR","og_availability":"instock","product_availability":"instock","product_retailer_item_id":"FAR19PVC","product_condition":"new"},"_links":{"self":[{"href":"https:\/\/fdasrl.it\/pt-pt\/wp-json\/wp\/v2\/product\/2424","targetHints":{"allow":["GET"]}}],"collection":[{"href":"https:\/\/fdasrl.it\/pt-pt\/wp-json\/wp\/v2\/product"}],"about":[{"href":"https:\/\/fdasrl.it\/pt-pt\/wp-json\/wp\/v2\/types\/product"}],"replies":[{"embeddable":true,"href":"https:\/\/fdasrl.it\/pt-pt\/wp-json\/wp\/v2\/comments?post=2424"}],"wp:featuredmedia":[{"embeddable":true,"href":"https:\/\/fdasrl.it\/pt-pt\/wp-json\/wp\/v2\/media\/1226"}],"wp:attachment":[{"href":"https:\/\/fdasrl.it\/pt-pt\/wp-json\/wp\/v2\/media?parent=2424"}],"wp:term":[{"taxonomy":"product_brand","embeddable":true,"href":"https:\/\/fdasrl.it\/pt-pt\/wp-json\/wp\/v2\/product_brand?post=2424"},{"taxonomy":"product_cat","embeddable":true,"href":"https:\/\/fdasrl.it\/pt-pt\/wp-json\/wp\/v2\/product_cat?post=2424"},{"taxonomy":"product_tag","embeddable":true,"href":"https:\/\/fdasrl.it\/pt-pt\/wp-json\/wp\/v2\/product_tag?post=2424"}],"curies":[{"name":"wp","href":"https:\/\/api.w.org\/{rel}","templated":true}]}}