{"id":2521,"date":"2026-03-09T16:03:54","date_gmt":"2026-03-09T15:03:54","guid":{"rendered":"https:\/\/fdasrl.it\/prodotto\/boia-para-bebedouro-com-valvula-de-latao-3-4-far19b\/"},"modified":"2026-03-09T16:03:54","modified_gmt":"2026-03-09T15:03:54","slug":"boia-para-bebedouro-com-valvula-de-latao-3-4-far19b","status":"publish","type":"product","link":"https:\/\/fdasrl.it\/pt-pt\/prodotto\/boia-para-bebedouro-com-valvula-de-latao-3-4-far19b\/","title":{"rendered":"Boia para bebedouro com v\u00e1lvula de lat\u00e3o 3\/4&#8243; \u2013 FAR19B"},"content":{"rendered":"<h3 data-section-id=\"8xm6rw\" data-start=\"89\" data-end=\"159\"><strong data-start=\"93\" data-end=\"159\">Boia para bebedouro com v\u00e1lvula de lat\u00e3o 3\/4&#8243; \u2013 FAR19B<\/strong><\/h3>\n<p data-start=\"161\" data-end=\"506\">Boia <strong data-start=\"174\" data-end=\"203\">em lat\u00e3o de alta qualidade<\/strong> concebida para o controlo autom\u00e1tico do n\u00edvel da \u00e1gua nos bebedouros e em <strong data-start=\"289\" data-end=\"326\">diversos tanques de n\u00edvel constante<\/strong>, incluindo os modelos <strong data-start=\"346\" data-end=\"367\">FA-VSRP e FA-VSRT<\/strong>.<br data-start=\"368\" data-end=\"371\">A <strong data-start=\"374\" data-end=\"414\">v\u00e1lvula com sede de veda\u00e7\u00e3o em lat\u00e3o<\/strong> garante elevada resist\u00eancia, fiabilidade e longa durabilidade, mesmo em ambientes pecu\u00e1rios.<\/p>\n<p data-start=\"508\" data-end=\"681\">O sistema de boia permite <strong data-start=\"546\" data-end=\"591\">regular facilmente o n\u00edvel da \u00e1gua<\/strong>, assegurando uma alimenta\u00e7\u00e3o constante aos animais e contribuindo para reduzir o desperd\u00edcio.<\/p>\n<h3 data-section-id=\"xrc42a\" data-start=\"683\" data-end=\"717\"><strong data-start=\"687\" data-end=\"717\">Caracter\u00edsticas principais<\/strong><\/h3>\n<ul data-start=\"719\" data-end=\"922\">\n<li data-section-id=\"1uaetok\" data-start=\"719\" data-end=\"756\">\n<p data-start=\"721\" data-end=\"756\">Corpo <strong data-start=\"727\" data-end=\"756\">em lat\u00e3o de alta qualidade<\/strong><\/p>\n<\/li>\n<li data-section-id=\"1l0v1sz\" data-start=\"757\" data-end=\"793\">\n<p data-start=\"759\" data-end=\"793\"><strong data-start=\"759\" data-end=\"793\">Liga\u00e7\u00e3o roscada macho 3\/4&#8243;<\/strong><\/p>\n<\/li>\n<li data-section-id=\"ul0k2p\" data-start=\"794\" data-end=\"824\">\n<p data-start=\"796\" data-end=\"824\"><strong data-start=\"796\" data-end=\"824\">Sede de veda\u00e7\u00e3o em lat\u00e3o<\/strong><\/p>\n<\/li>\n<li data-section-id=\"1u1s06\" data-start=\"825\" data-end=\"865\">\n<p data-start=\"827\" data-end=\"865\"><strong data-start=\"827\" data-end=\"865\">Regula\u00e7\u00e3o do n\u00edvel da \u00e1gua<\/strong><\/p>\n<\/li>\n<li data-section-id=\"d5dbow\" data-start=\"866\" data-end=\"922\">\n<p data-start=\"868\" data-end=\"922\">Adequado para <strong data-start=\"879\" data-end=\"922\">bebedouros e tanques de n\u00edvel constante<\/strong><\/p>\n<\/li>\n<li data-section-id=\"d5dbow\" data-start=\"866\" data-end=\"922\">Junta 50 x 27 x 2 mm inclu\u00edda<\/li>\n<\/ul>\n<h3 data-section-id=\"2pq1zq\" data-start=\"924\" data-end=\"954\"><strong data-start=\"928\" data-end=\"954\">Press\u00e3o de funcionamento<\/strong><\/h3>\n<ul data-start=\"956\" data-end=\"974\">\n<li data-section-id=\"bz2ema\" data-start=\"956\" data-end=\"974\">\n<p data-start=\"958\" data-end=\"974\"><strong data-start=\"958\" data-end=\"974\">0,5 \u2013 10 bar<\/strong><\/p>\n<\/li>\n<\/ul>\n<h3 data-section-id=\"8whuzw\" data-start=\"976\" data-end=\"997\"><strong data-start=\"980\" data-end=\"997\">Caudal de \u00e1gua<\/strong><\/h3>\n<ul data-start=\"999\" data-end=\"1021\">\n<li data-section-id=\"1upjgnj\" data-start=\"999\" data-end=\"1021\">\n<p data-start=\"1001\" data-end=\"1021\"><strong data-start=\"1001\" data-end=\"1021\">91 L\/min a 6 bar<\/strong><\/p>\n<\/li>\n<\/ul>\n<h3 data-section-id=\"1cf253l\" data-start=\"1023\" data-end=\"1044\"><strong data-start=\"1027\" data-end=\"1044\">Instala\u00e7\u00e3o<\/strong><\/h3>\n<p data-start=\"1046\" data-end=\"1177\">Para uma instala\u00e7\u00e3o correta e um funcionamento ideal, \u00e9 necess\u00e1rio prever <strong data-start=\"1128\" data-end=\"1176\">um espa\u00e7o livre superior m\u00ednimo de 190 mm<\/strong>.<\/p>\n<p>&nbsp;<\/p>\n<p>\ud83d\udc49 Solicite pre\u00e7o para revenda: <a href=\"mailto:info@fdasrl.it\">CLIQUE AQUI<\/a><\/p>\n<p>\ud83d\udc49 Compre online: <a href=\"https:\/\/fda-shop.it\/shop\/articoli-per-allevamento\/galleggiante-abbeveratoio-in-ottone-3-4\">CLIQUE AQUI<\/a><\/p>\n","protected":false},"excerpt":{"rendered":"<p><strong data-start=\"0\" data-end=\"86\" data-is-only-node=\"\">Boia para bebedouro FAR19B com v\u00e1lvula em lat\u00e3o e liga\u00e7\u00e3o 3\/4&#8243; macho.<\/strong><br data-start=\"86\" data-end=\"89\">Permite a regula\u00e7\u00e3o autom\u00e1tica do n\u00edvel da \u00e1gua e \u00e9 adequada para bebedouros e tanques de n\u00edvel constante, incluindo os modelos <strong data-start=\"222\" data-end=\"243\">FA-VSRP e FA-VSRT<\/strong>.<br data-start=\"244\" data-end=\"247\">Caudal at\u00e9 <strong data-start=\"262\" data-end=\"282\">91 L\/min a 6 bar<\/strong> com press\u00e3o de funcionamento <strong data-start=\"310\" data-end=\"324\">0,5\u201310 bar<\/strong>.<\/p>\n","protected":false},"featured_media":1204,"comment_status":"open","ping_status":"closed","template":"","meta":{"_et_pb_use_builder":"","_et_pb_old_content":"","_et_gb_content_width":""},"product_brand":[],"product_cat":[502,554,503,504],"product_tag":[580],"class_list":{"0":"post-2521","1":"product","2":"type-product","3":"status-publish","4":"has-post-thumbnail","6":"product_cat-bebedouros","7":"product_cat-bebedouros-2","8":"product_cat-tanques-inox-para-estabulos","9":"product_cat-valvulas-e-boias","10":"product_tag-far19b","12":"first","13":"instock","14":"shipping-taxable","15":"product-type-simple"},"yoast_head":"<!-- This site is optimized with the Yoast SEO Premium plugin v27.5 (Yoast SEO v27.6) - https:\/\/yoast.com\/product\/yoast-seo-premium-wordpress\/ -->\n<title>Boia com v\u00e1lvula 3\/4 de lat\u00e3o para bebedouros<\/title>\n<meta name=\"description\" content=\"Otimize a gest\u00e3o da \u00e1gua com a boia com v\u00e1lvula 3\/4 de lat\u00e3o, concebida para um elevado desempenho. Instale-a no seu sistema hoje mesmo!\" \/>\n<meta name=\"robots\" content=\"index, follow, max-snippet:-1, max-image-preview:large, max-video-preview:-1\" \/>\n<link rel=\"canonical\" href=\"https:\/\/fdasrl.it\/pt-pt\/prodotto\/boia-para-bebedouro-com-valvula-de-latao-3-4-far19b\/\" \/>\n<meta property=\"og:locale\" content=\"pt_PT\" \/>\n<meta property=\"og:type\" content=\"article\" \/>\n<meta property=\"og:title\" content=\"Boia para bebedouro com v\u00e1lvula de lat\u00e3o 3\/4&quot; \u2013 FAR19B\" \/>\n<meta property=\"og:description\" content=\"Otimize a gest\u00e3o da \u00e1gua com a boia com v\u00e1lvula 3\/4 de lat\u00e3o, concebida para um elevado desempenho. Instale-a no seu sistema hoje mesmo!\" \/>\n<meta property=\"og:url\" content=\"https:\/\/fdasrl.it\/pt-pt\/prodotto\/boia-para-bebedouro-com-valvula-de-latao-3-4-far19b\/\" \/>\n<meta property=\"og:site_name\" content=\"FDA srl\" \/>\n<meta property=\"article:publisher\" content=\"https:\/\/www.facebook.com\/share\/1MWhFWg1Tp\/?mibextid=LQQJ4d\" \/>\n<meta property=\"og:image\" content=\"https:\/\/fdasrl.it\/wp-content\/uploads\/2026\/03\/valvola-galleggiante-abbeveratoio-3-4-ottone-e1773070482989.webp\" \/>\n\t<meta property=\"og:image:width\" content=\"577\" \/>\n\t<meta property=\"og:image:height\" content=\"433\" \/>\n\t<meta property=\"og:image:type\" content=\"image\/webp\" \/>\n<meta name=\"twitter:card\" content=\"summary_large_image\" \/>\n<meta name=\"twitter:label1\" content=\"pre\u00e7o\" \/>\n\t<meta name=\"twitter:data1\" content=\"\" \/>\n\t<meta name=\"twitter:label2\" content=\"Disponibilidade\" \/>\n\t<meta name=\"twitter:data2\" content=\"Em stock\" \/>\n<meta property=\"product:price:currency\" content=\"EUR\" \/>\n<meta property=\"og:availability\" content=\"instock\" \/>\n<meta property=\"product:availability\" content=\"instock\" \/>\n<meta property=\"product:retailer_item_id\" content=\"FAR19B\" \/>\n<meta property=\"product:condition\" content=\"new\" \/>\n<!-- \/ Yoast SEO Premium plugin. -->","yoast_head_json":{"title":"Boia com v\u00e1lvula 3\/4 de lat\u00e3o para bebedouros","description":"Otimize a gest\u00e3o da \u00e1gua com a boia com v\u00e1lvula 3\/4 de lat\u00e3o, concebida para um elevado desempenho. Instale-a no seu sistema hoje mesmo!","robots":{"index":"index","follow":"follow","max-snippet":"max-snippet:-1","max-image-preview":"max-image-preview:large","max-video-preview":"max-video-preview:-1"},"canonical":"https:\/\/fdasrl.it\/pt-pt\/prodotto\/boia-para-bebedouro-com-valvula-de-latao-3-4-far19b\/","og_locale":"pt_PT","og_type":"article","og_title":"Boia para bebedouro com v\u00e1lvula de lat\u00e3o 3\/4\" \u2013 FAR19B","og_description":"Otimize a gest\u00e3o da \u00e1gua com a boia com v\u00e1lvula 3\/4 de lat\u00e3o, concebida para um elevado desempenho. Instale-a no seu sistema hoje mesmo!","og_url":"https:\/\/fdasrl.it\/pt-pt\/prodotto\/boia-para-bebedouro-com-valvula-de-latao-3-4-far19b\/","og_site_name":"FDA srl","article_publisher":"https:\/\/www.facebook.com\/share\/1MWhFWg1Tp\/?mibextid=LQQJ4d","og_image":[{"width":577,"height":433,"url":"https:\/\/fdasrl.it\/wp-content\/uploads\/2026\/03\/valvola-galleggiante-abbeveratoio-3-4-ottone-e1773070482989.webp","type":"image\/webp"}],"twitter_card":"summary_large_image","twitter_misc":{"pre\u00e7o":"","Disponibilidade":"Em stock"},"schema":{"@context":"https:\/\/schema.org","@graph":[{"@type":"WebPage","@id":"https:\/\/fdasrl.it\/pt-pt\/prodotto\/boia-para-bebedouro-com-valvula-de-latao-3-4-far19b\/","url":"https:\/\/fdasrl.it\/pt-pt\/prodotto\/boia-para-bebedouro-com-valvula-de-latao-3-4-far19b\/","name":"Boia com v\u00e1lvula 3\/4 de lat\u00e3o para bebedouros","isPartOf":{"@id":"https:\/\/fdasrl.it\/pt-pt\/#website"},"primaryImageOfPage":{"@id":"https:\/\/fdasrl.it\/pt-pt\/prodotto\/boia-para-bebedouro-com-valvula-de-latao-3-4-far19b\/#primaryimage"},"image":{"@id":"https:\/\/fdasrl.it\/pt-pt\/prodotto\/boia-para-bebedouro-com-valvula-de-latao-3-4-far19b\/#primaryimage"},"thumbnailUrl":"https:\/\/fdasrl.it\/wp-content\/uploads\/2026\/03\/valvola-galleggiante-abbeveratoio-3-4-ottone-e1773070482989.webp","datePublished":"2026-03-09T15:03:54+00:00","description":"Otimize a gest\u00e3o da \u00e1gua com a boia com v\u00e1lvula 3\/4 de lat\u00e3o, concebida para um elevado desempenho. Instale-a no seu sistema hoje mesmo!","breadcrumb":{"@id":"https:\/\/fdasrl.it\/pt-pt\/prodotto\/boia-para-bebedouro-com-valvula-de-latao-3-4-far19b\/#breadcrumb"},"inLanguage":"pt-PT","potentialAction":[{"@type":"ReadAction","target":["https:\/\/fdasrl.it\/pt-pt\/prodotto\/boia-para-bebedouro-com-valvula-de-latao-3-4-far19b\/"]}]},{"@type":"ImageObject","inLanguage":"pt-PT","@id":"https:\/\/fdasrl.it\/pt-pt\/prodotto\/boia-para-bebedouro-com-valvula-de-latao-3-4-far19b\/#primaryimage","url":"https:\/\/fdasrl.it\/wp-content\/uploads\/2026\/03\/valvola-galleggiante-abbeveratoio-3-4-ottone-e1773070482989.webp","contentUrl":"https:\/\/fdasrl.it\/wp-content\/uploads\/2026\/03\/valvola-galleggiante-abbeveratoio-3-4-ottone-e1773070482989.webp","width":577,"height":433,"caption":"V\u00e1lvula de boia em lat\u00e3o para bebedouros autom\u00e1ticos com liga\u00e7\u00e3o de 3\/4\"."},{"@type":"BreadcrumbList","@id":"https:\/\/fdasrl.it\/pt-pt\/prodotto\/boia-para-bebedouro-com-valvula-de-latao-3-4-far19b\/#breadcrumb","itemListElement":[{"@type":"ListItem","position":1,"name":"Home","item":"https:\/\/fdasrl.it\/pt-pt\/inicio\/"},{"@type":"ListItem","position":2,"name":"Loja","item":"https:\/\/fdasrl.it\/pt-pt\/loja\/"},{"@type":"ListItem","position":3,"name":"Boia para bebedouro com v\u00e1lvula de lat\u00e3o 3\/4&#8243; \u2013 FAR19B"}]},{"@type":"WebSite","@id":"https:\/\/fdasrl.it\/pt-pt\/#website","url":"https:\/\/fdasrl.it\/pt-pt\/","name":"FDA srl","description":"Equipment for animal husbandry","publisher":{"@id":"https:\/\/fdasrl.it\/pt-pt\/#organization"},"potentialAction":[{"@type":"SearchAction","target":{"@type":"EntryPoint","urlTemplate":"https:\/\/fdasrl.it\/pt-pt\/?s={search_term_string}"},"query-input":{"@type":"PropertyValueSpecification","valueRequired":true,"valueName":"search_term_string"}}],"inLanguage":"pt-PT"},{"@type":"Organization","@id":"https:\/\/fdasrl.it\/pt-pt\/#organization","name":"FDA srl","url":"https:\/\/fdasrl.it\/pt-pt\/","logo":{"@type":"ImageObject","inLanguage":"pt-PT","@id":"https:\/\/fdasrl.it\/pt-pt\/#\/schema\/logo\/image\/","url":"https:\/\/fdasrl.it\/wp-content\/uploads\/2024\/12\/Logo-FDA.png","contentUrl":"https:\/\/fdasrl.it\/wp-content\/uploads\/2024\/12\/Logo-FDA.png","width":316,"height":119,"caption":"FDA srl"},"image":{"@id":"https:\/\/fdasrl.it\/pt-pt\/#\/schema\/logo\/image\/"},"sameAs":["https:\/\/www.facebook.com\/share\/1MWhFWg1Tp\/?mibextid=LQQJ4d","https:\/\/www.instagram.com\/fda_srl\/profilecard\/?igsh=YW5lbzJ6MWg0d21u","https:\/\/www.youtube.com\/@FDASRL_ANIMALCARE"],"description":"FDA SRL \u2013 Equipment for animal husbandry nasce con l\u2019obiettivo di offrire soluzioni affidabili e innovative per l\u2019allevamento moderno. Con anni di esperienza nel settore zootecnico, progettiamo e realizziamo attrezzature destinate al benessere animale e alla gestione efficiente delle stalle: vasche, abbeveratoi, mangiatoie e sistemi di riscaldamento pensati per durare nel tempo e semplificare il lavoro quotidiano degli allevatori. Dalla progettazione alla produzione, ogni nostro prodotto \u00e8 studiato nei minimi dettagli, testato con cura e costruito per rispondere alle esigenze reali del settore. La nostra forza \u00e8 unire artigianalit\u00e0, tecnologia e competenza tecnica per trasformare ogni progetto in una soluzione concreta e funzionale. Oggi FDA SRL \u00e8 un punto di riferimento per privati e rivenditori che cercano qualit\u00e0, affidabilit\u00e0 e innovazione nelle attrezzature per l\u2019allevamento.","email":"info@fdasrl.it","telephone":"+390522826820","legalName":"F.D.A. SRL","foundingDate":"2024-10-13","vatID":"03075840359","taxID":"03075840359","numberOfEmployees":{"@type":"QuantitativeValue","minValue":"1","maxValue":"10"}}]},"product_price_currency":"EUR","og_availability":"instock","product_availability":"instock","product_retailer_item_id":"FAR19B","product_condition":"new"},"_links":{"self":[{"href":"https:\/\/fdasrl.it\/pt-pt\/wp-json\/wp\/v2\/product\/2521","targetHints":{"allow":["GET"]}}],"collection":[{"href":"https:\/\/fdasrl.it\/pt-pt\/wp-json\/wp\/v2\/product"}],"about":[{"href":"https:\/\/fdasrl.it\/pt-pt\/wp-json\/wp\/v2\/types\/product"}],"replies":[{"embeddable":true,"href":"https:\/\/fdasrl.it\/pt-pt\/wp-json\/wp\/v2\/comments?post=2521"}],"wp:featuredmedia":[{"embeddable":true,"href":"https:\/\/fdasrl.it\/pt-pt\/wp-json\/wp\/v2\/media\/1204"}],"wp:attachment":[{"href":"https:\/\/fdasrl.it\/pt-pt\/wp-json\/wp\/v2\/media?parent=2521"}],"wp:term":[{"taxonomy":"product_brand","embeddable":true,"href":"https:\/\/fdasrl.it\/pt-pt\/wp-json\/wp\/v2\/product_brand?post=2521"},{"taxonomy":"product_cat","embeddable":true,"href":"https:\/\/fdasrl.it\/pt-pt\/wp-json\/wp\/v2\/product_cat?post=2521"},{"taxonomy":"product_tag","embeddable":true,"href":"https:\/\/fdasrl.it\/pt-pt\/wp-json\/wp\/v2\/product_tag?post=2521"}],"curies":[{"name":"wp","href":"https:\/\/api.w.org\/{rel}","templated":true}]}}