{"id":2528,"date":"2026-03-10T14:05:36","date_gmt":"2026-03-10T13:05:36","guid":{"rendered":"https:\/\/fdasrl.it\/prodotto\/flutuador-para-bebedouro-far19pvr-3-4-em-abs-com-pre-filtro-e-regulacao-de-nivel\/"},"modified":"2026-03-10T14:05:36","modified_gmt":"2026-03-10T13:05:36","slug":"flutuador-para-bebedouro-far19pvr-3-4-em-abs-com-pre-filtro-e-regulacao-de-nivel","status":"publish","type":"product","link":"https:\/\/fdasrl.it\/pt-pt\/prodotto\/flutuador-para-bebedouro-far19pvr-3-4-em-abs-com-pre-filtro-e-regulacao-de-nivel\/","title":{"rendered":"Flutuador para Bebedouro FAR19PVR 3\/4&#8243; em ABS com Pr\u00e9-filtro e Regula\u00e7\u00e3o de N\u00edvel"},"content":{"rendered":"<h2 data-section-id=\"e0jt7x\" data-start=\"95\" data-end=\"184\">Flutuador para Bebedouro FAR19PVR 3\/4&#8243; em ABS com Pr\u00e9-filtro e Regula\u00e7\u00e3o de N\u00edvel<\/h2>\n<p data-start=\"186\" data-end=\"405\">O <strong data-start=\"189\" data-end=\"286\">flutuador para bebedouro FAR19PVR com corpo em ABS e liga\u00e7\u00e3o de 3\/4&#8243; rosca macho<\/strong> foi concebido para garantir um controlo preciso e fi\u00e1vel do n\u00edvel da \u00e1gua nos bebedouros para pecu\u00e1ria.<\/p>\n<p data-start=\"407\" data-end=\"720\">Gra\u00e7as \u00e0 estrutura em <strong data-start=\"432\" data-end=\"455\">ABS de alta qualidade<\/strong>, este flutuador oferece resist\u00eancia \u00e0 corros\u00e3o e longa durabilidade, mesmo em condi\u00e7\u00f5es de utiliza\u00e7\u00e3o intensiva em est\u00e1bulos. Al\u00e9m disso, est\u00e1 <strong data-start=\"591\" data-end=\"614\">equipado com pr\u00e9-filtro<\/strong>, \u00fatil para reter eventuais impurezas presentes na \u00e1gua e melhorar o funcionamento da v\u00e1lvula. <\/p>\n<p data-start=\"722\" data-end=\"893\">O sistema permite <strong data-start=\"742\" data-end=\"783\">a regula\u00e7\u00e3o do n\u00edvel da \u00e1gua<\/strong>, assegurando um enchimento constante do bebedouro e uma disponibilidade cont\u00ednua de \u00e1gua para os animais.<\/p>\n<hr data-start=\"895\" data-end=\"898\">\n<h2 data-section-id=\"og5zk7\" data-start=\"900\" data-end=\"930\">\u2699\ufe0f Caracter\u00edsticas t\u00e9cnicas<\/h2>\n<p data-start=\"932\" data-end=\"1065\"><strong data-start=\"932\" data-end=\"952\">C\u00f3digo do produto:<\/strong> FAR19PVR<br data-start=\"961\" data-end=\"964\"><strong data-start=\"964\" data-end=\"978\">Material:<\/strong> Corpo em ABS<br data-start=\"991\" data-end=\"994\"><strong data-start=\"994\" data-end=\"1006\">Liga\u00e7\u00e3o:<\/strong> 3\/4&#8243; rosca macho<br data-start=\"1031\" data-end=\"1034\"><strong data-start=\"1034\" data-end=\"1047\">Utiliza\u00e7\u00e3o:<\/strong> Para bebedouros<\/p>\n<p data-start=\"1067\" data-end=\"1093\"><strong data-start=\"1067\" data-end=\"1081\">Pr\u00e9-filtro:<\/strong> Integrado<\/p>\n<p data-start=\"1095\" data-end=\"1130\"><strong data-start=\"1095\" data-end=\"1125\">Regula\u00e7\u00e3o do n\u00edvel de \u00e1gua:<\/strong> Sim<\/p>\n<p data-start=\"1132\" data-end=\"1174\"><strong data-start=\"1132\" data-end=\"1159\">Press\u00e3o de exerc\u00edcio:<\/strong> 0,5 \u2013 12 bar<\/p>\n<p data-start=\"1176\" data-end=\"1214\"><strong data-start=\"1176\" data-end=\"1194\">Caudal de \u00e1gua:<\/strong> 180 L\/min a 6 bar<\/p>\n<p data-start=\"1216\" data-end=\"1269\"><strong data-start=\"1216\" data-end=\"1252\">Espa\u00e7o m\u00ednimo para instala\u00e7\u00e3o:<\/strong> 299 mm superiores<\/p>\n<hr data-start=\"1271\" data-end=\"1274\">\n<h2 data-section-id=\"50c332\" data-start=\"1276\" data-end=\"1300\">\u2705 Principais vantagens<\/h2>\n<ul>\n<li data-section-id=\"19eg2ht\" data-start=\"29\" data-end=\"73\">\n<p data-start=\"32\" data-end=\"73\">Corpo em ABS resistente \u00e0 corros\u00e3o<\/p>\n<\/li>\n<li data-section-id=\"1s3jga\" data-start=\"74\" data-end=\"122\">\n<p data-start=\"77\" data-end=\"122\">Pr\u00e9-filtro integrado para reter impurezas<\/p>\n<\/li>\n<li data-section-id=\"c242ck\" data-start=\"123\" data-end=\"181\">\n<p data-start=\"126\" data-end=\"181\">Regula\u00e7\u00e3o do n\u00edvel da \u00e1gua simples e precisa<\/p>\n<\/li>\n<li data-section-id=\"5ibxc3\" data-start=\"182\" data-end=\"219\">\n<p data-start=\"185\" data-end=\"219\">Elevado caudal at\u00e9 180 L\/min<\/p>\n<\/li>\n<li data-section-id=\"x61yrq\" data-start=\"220\" data-end=\"260\" data-is-last-node=\"\">\n<p data-start=\"223\" data-end=\"260\" data-is-last-node=\"\">Ideal para bebedouros em explora\u00e7\u00f5es pecu\u00e1rias<\/p>\n<\/li>\n<\/ul>\n<p>&nbsp;<\/p>\n<p>\ud83d\udc49 Solicite pre\u00e7o para revenda: <a href=\"mailto:info@fdasrl.it\">CLIQUE AQUI<\/a><\/p>\n<p>\ud83d\udc49 Compre online: <a href=\"https:\/\/fda-shop.it\/shop\/articoli-per-allevamento\/abbeveratoi\/ricambio-per-abbeveratoio-in-abs-da-3-4\">CLIQUE AQUI<\/a><\/p>\n","protected":false},"excerpt":{"rendered":"<p>Flutuador FAR19PVR para bebedouro com corpo em ABS e liga\u00e7\u00e3o 3\/4&#8243; macho. Equipado com pr\u00e9-filtro e regula\u00e7\u00e3o de n\u00edvel de \u00e1gua. Caudal 180 L\/min a 6 bar. Press\u00e3o de exerc\u00edcio de 0,5 a 12 bar.   <\/p>\n","protected":false},"featured_media":1220,"comment_status":"open","ping_status":"closed","template":"","meta":{"_et_pb_use_builder":"","_et_pb_old_content":"","_et_gb_content_width":""},"product_brand":[],"product_cat":[554,502,503,504],"product_tag":[581],"class_list":{"0":"post-2528","1":"product","2":"type-product","3":"status-publish","4":"has-post-thumbnail","6":"product_cat-bebedouros-2","7":"product_cat-bebedouros","8":"product_cat-tanques-inox-para-estabulos","9":"product_cat-valvulas-e-boias","10":"product_tag-far19pvr","12":"first","13":"instock","14":"shipping-taxable","15":"product-type-simple"},"yoast_head":"<!-- This site is optimized with the Yoast SEO Premium plugin v27.5 (Yoast SEO v27.5) - https:\/\/yoast.com\/product\/yoast-seo-premium-wordpress\/ -->\n<title>Flutuador para bebedouro com esfera FAR19PVR de alta qualidade<\/title>\n<meta name=\"description\" content=\"Descubra o flutuador de bebedouro de alto caudal FAR19PVR, concebido para um controlo de \u00e1gua preciso nos bebedouros. Escolha qualidade e durabilidade!\" \/>\n<meta name=\"robots\" content=\"index, follow, max-snippet:-1, max-image-preview:large, max-video-preview:-1\" \/>\n<link rel=\"canonical\" href=\"https:\/\/fdasrl.it\/pt-pt\/prodotto\/flutuador-para-bebedouro-far19pvr-3-4-em-abs-com-pre-filtro-e-regulacao-de-nivel\/\" \/>\n<meta property=\"og:locale\" content=\"pt_PT\" \/>\n<meta property=\"og:type\" content=\"article\" \/>\n<meta property=\"og:title\" content=\"Flutuador para Bebedouro FAR19PVR 3\/4&quot; em ABS com Pr\u00e9-filtro e Regula\u00e7\u00e3o de N\u00edvel\" \/>\n<meta property=\"og:description\" content=\"Descubra o flutuador de bebedouro de alto caudal FAR19PVR, concebido para um controlo de \u00e1gua preciso nos bebedouros. Escolha qualidade e durabilidade!\" \/>\n<meta property=\"og:url\" content=\"https:\/\/fdasrl.it\/pt-pt\/prodotto\/flutuador-para-bebedouro-far19pvr-3-4-em-abs-com-pre-filtro-e-regulacao-de-nivel\/\" \/>\n<meta property=\"og:site_name\" content=\"FDA srl\" \/>\n<meta property=\"article:publisher\" content=\"https:\/\/www.facebook.com\/share\/1MWhFWg1Tp\/?mibextid=LQQJ4d\" \/>\n<meta property=\"og:image\" content=\"https:\/\/fdasrl.it\/wp-content\/uploads\/2026\/03\/Galleggiante-per-abbeveratoio-con-sfera-FAR19PVR.png\" \/>\n\t<meta property=\"og:image:width\" content=\"500\" \/>\n\t<meta property=\"og:image:height\" content=\"500\" \/>\n\t<meta property=\"og:image:type\" content=\"image\/png\" \/>\n<meta name=\"twitter:card\" content=\"summary_large_image\" \/>\n<meta name=\"twitter:label1\" content=\"pre\u00e7o\" \/>\n\t<meta name=\"twitter:data1\" content=\"\" \/>\n\t<meta name=\"twitter:label2\" content=\"Disponibilidade\" \/>\n\t<meta name=\"twitter:data2\" content=\"Em stock\" \/>\n<meta property=\"product:price:currency\" content=\"EUR\" \/>\n<meta property=\"og:availability\" content=\"instock\" \/>\n<meta property=\"product:availability\" content=\"instock\" \/>\n<meta property=\"product:retailer_item_id\" content=\"FAR19PVR\" \/>\n<meta property=\"product:condition\" content=\"new\" \/>\n<!-- \/ Yoast SEO Premium plugin. -->","yoast_head_json":{"title":"Flutuador para bebedouro com esfera FAR19PVR de alta qualidade","description":"Descubra o flutuador de bebedouro de alto caudal FAR19PVR, concebido para um controlo de \u00e1gua preciso nos bebedouros. Escolha qualidade e durabilidade!","robots":{"index":"index","follow":"follow","max-snippet":"max-snippet:-1","max-image-preview":"max-image-preview:large","max-video-preview":"max-video-preview:-1"},"canonical":"https:\/\/fdasrl.it\/pt-pt\/prodotto\/flutuador-para-bebedouro-far19pvr-3-4-em-abs-com-pre-filtro-e-regulacao-de-nivel\/","og_locale":"pt_PT","og_type":"article","og_title":"Flutuador para Bebedouro FAR19PVR 3\/4\" em ABS com Pr\u00e9-filtro e Regula\u00e7\u00e3o de N\u00edvel","og_description":"Descubra o flutuador de bebedouro de alto caudal FAR19PVR, concebido para um controlo de \u00e1gua preciso nos bebedouros. Escolha qualidade e durabilidade!","og_url":"https:\/\/fdasrl.it\/pt-pt\/prodotto\/flutuador-para-bebedouro-far19pvr-3-4-em-abs-com-pre-filtro-e-regulacao-de-nivel\/","og_site_name":"FDA srl","article_publisher":"https:\/\/www.facebook.com\/share\/1MWhFWg1Tp\/?mibextid=LQQJ4d","og_image":[{"width":500,"height":500,"url":"https:\/\/fdasrl.it\/wp-content\/uploads\/2026\/03\/Galleggiante-per-abbeveratoio-con-sfera-FAR19PVR.png","type":"image\/png"}],"twitter_card":"summary_large_image","twitter_misc":{"pre\u00e7o":"","Disponibilidade":"Em stock"},"schema":{"@context":"https:\/\/schema.org","@graph":[{"@type":"WebPage","@id":"https:\/\/fdasrl.it\/pt-pt\/prodotto\/flutuador-para-bebedouro-far19pvr-3-4-em-abs-com-pre-filtro-e-regulacao-de-nivel\/","url":"https:\/\/fdasrl.it\/pt-pt\/prodotto\/flutuador-para-bebedouro-far19pvr-3-4-em-abs-com-pre-filtro-e-regulacao-de-nivel\/","name":"Flutuador para bebedouro com esfera FAR19PVR de alta qualidade","isPartOf":{"@id":"https:\/\/fdasrl.it\/pt-pt\/#website"},"primaryImageOfPage":{"@id":"https:\/\/fdasrl.it\/pt-pt\/prodotto\/flutuador-para-bebedouro-far19pvr-3-4-em-abs-com-pre-filtro-e-regulacao-de-nivel\/#primaryimage"},"image":{"@id":"https:\/\/fdasrl.it\/pt-pt\/prodotto\/flutuador-para-bebedouro-far19pvr-3-4-em-abs-com-pre-filtro-e-regulacao-de-nivel\/#primaryimage"},"thumbnailUrl":"https:\/\/fdasrl.it\/wp-content\/uploads\/2026\/03\/Galleggiante-per-abbeveratoio-con-sfera-FAR19PVR.png","datePublished":"2026-03-10T13:05:36+00:00","description":"Descubra o flutuador de bebedouro de alto caudal FAR19PVR, concebido para um controlo de \u00e1gua preciso nos bebedouros. Escolha qualidade e durabilidade!","breadcrumb":{"@id":"https:\/\/fdasrl.it\/pt-pt\/prodotto\/flutuador-para-bebedouro-far19pvr-3-4-em-abs-com-pre-filtro-e-regulacao-de-nivel\/#breadcrumb"},"inLanguage":"pt-PT","potentialAction":[{"@type":"ReadAction","target":["https:\/\/fdasrl.it\/pt-pt\/prodotto\/flutuador-para-bebedouro-far19pvr-3-4-em-abs-com-pre-filtro-e-regulacao-de-nivel\/"]}]},{"@type":"ImageObject","inLanguage":"pt-PT","@id":"https:\/\/fdasrl.it\/pt-pt\/prodotto\/flutuador-para-bebedouro-far19pvr-3-4-em-abs-com-pre-filtro-e-regulacao-de-nivel\/#primaryimage","url":"https:\/\/fdasrl.it\/wp-content\/uploads\/2026\/03\/Galleggiante-per-abbeveratoio-con-sfera-FAR19PVR.png","contentUrl":"https:\/\/fdasrl.it\/wp-content\/uploads\/2026\/03\/Galleggiante-per-abbeveratoio-con-sfera-FAR19PVR.png","width":500,"height":500,"caption":"Flutuador com esfera para o controlo autom\u00e1tico do n\u00edvel da \u00e1gua nos bebedouros."},{"@type":"BreadcrumbList","@id":"https:\/\/fdasrl.it\/pt-pt\/prodotto\/flutuador-para-bebedouro-far19pvr-3-4-em-abs-com-pre-filtro-e-regulacao-de-nivel\/#breadcrumb","itemListElement":[{"@type":"ListItem","position":1,"name":"Home","item":"https:\/\/fdasrl.it\/pt-pt\/inicio\/"},{"@type":"ListItem","position":2,"name":"Loja","item":"https:\/\/fdasrl.it\/pt-pt\/loja\/"},{"@type":"ListItem","position":3,"name":"Flutuador para Bebedouro FAR19PVR 3\/4&#8243; em ABS com Pr\u00e9-filtro e Regula\u00e7\u00e3o de N\u00edvel"}]},{"@type":"WebSite","@id":"https:\/\/fdasrl.it\/pt-pt\/#website","url":"https:\/\/fdasrl.it\/pt-pt\/","name":"FDA srl","description":"Equipment for animal husbandry","publisher":{"@id":"https:\/\/fdasrl.it\/pt-pt\/#organization"},"potentialAction":[{"@type":"SearchAction","target":{"@type":"EntryPoint","urlTemplate":"https:\/\/fdasrl.it\/pt-pt\/?s={search_term_string}"},"query-input":{"@type":"PropertyValueSpecification","valueRequired":true,"valueName":"search_term_string"}}],"inLanguage":"pt-PT"},{"@type":"Organization","@id":"https:\/\/fdasrl.it\/pt-pt\/#organization","name":"FDA srl","url":"https:\/\/fdasrl.it\/pt-pt\/","logo":{"@type":"ImageObject","inLanguage":"pt-PT","@id":"https:\/\/fdasrl.it\/pt-pt\/#\/schema\/logo\/image\/","url":"https:\/\/fdasrl.it\/wp-content\/uploads\/2024\/12\/Logo-FDA.png","contentUrl":"https:\/\/fdasrl.it\/wp-content\/uploads\/2024\/12\/Logo-FDA.png","width":316,"height":119,"caption":"FDA srl"},"image":{"@id":"https:\/\/fdasrl.it\/pt-pt\/#\/schema\/logo\/image\/"},"sameAs":["https:\/\/www.facebook.com\/share\/1MWhFWg1Tp\/?mibextid=LQQJ4d","https:\/\/www.instagram.com\/fda_srl\/profilecard\/?igsh=YW5lbzJ6MWg0d21u","https:\/\/www.youtube.com\/@FDASRL_ANIMALCARE"],"description":"FDA SRL \u2013 Equipment for animal husbandry nasce con l\u2019obiettivo di offrire soluzioni affidabili e innovative per l\u2019allevamento moderno. Con anni di esperienza nel settore zootecnico, progettiamo e realizziamo attrezzature destinate al benessere animale e alla gestione efficiente delle stalle: vasche, abbeveratoi, mangiatoie e sistemi di riscaldamento pensati per durare nel tempo e semplificare il lavoro quotidiano degli allevatori. Dalla progettazione alla produzione, ogni nostro prodotto \u00e8 studiato nei minimi dettagli, testato con cura e costruito per rispondere alle esigenze reali del settore. La nostra forza \u00e8 unire artigianalit\u00e0, tecnologia e competenza tecnica per trasformare ogni progetto in una soluzione concreta e funzionale. Oggi FDA SRL \u00e8 un punto di riferimento per privati e rivenditori che cercano qualit\u00e0, affidabilit\u00e0 e innovazione nelle attrezzature per l\u2019allevamento.","email":"info@fdasrl.it","telephone":"+390522826820","legalName":"F.D.A. SRL","foundingDate":"2024-10-13","vatID":"03075840359","taxID":"03075840359","numberOfEmployees":{"@type":"QuantitativeValue","minValue":"1","maxValue":"10"}}]},"product_price_currency":"EUR","og_availability":"instock","product_availability":"instock","product_retailer_item_id":"FAR19PVR","product_condition":"new"},"_links":{"self":[{"href":"https:\/\/fdasrl.it\/pt-pt\/wp-json\/wp\/v2\/product\/2528","targetHints":{"allow":["GET"]}}],"collection":[{"href":"https:\/\/fdasrl.it\/pt-pt\/wp-json\/wp\/v2\/product"}],"about":[{"href":"https:\/\/fdasrl.it\/pt-pt\/wp-json\/wp\/v2\/types\/product"}],"replies":[{"embeddable":true,"href":"https:\/\/fdasrl.it\/pt-pt\/wp-json\/wp\/v2\/comments?post=2528"}],"wp:featuredmedia":[{"embeddable":true,"href":"https:\/\/fdasrl.it\/pt-pt\/wp-json\/wp\/v2\/media\/1220"}],"wp:attachment":[{"href":"https:\/\/fdasrl.it\/pt-pt\/wp-json\/wp\/v2\/media?parent=2528"}],"wp:term":[{"taxonomy":"product_brand","embeddable":true,"href":"https:\/\/fdasrl.it\/pt-pt\/wp-json\/wp\/v2\/product_brand?post=2528"},{"taxonomy":"product_cat","embeddable":true,"href":"https:\/\/fdasrl.it\/pt-pt\/wp-json\/wp\/v2\/product_cat?post=2528"},{"taxonomy":"product_tag","embeddable":true,"href":"https:\/\/fdasrl.it\/pt-pt\/wp-json\/wp\/v2\/product_tag?post=2528"}],"curies":[{"name":"wp","href":"https:\/\/api.w.org\/{rel}","templated":true}]}}