{"id":2649,"date":"2026-03-05T16:00:57","date_gmt":"2026-03-05T15:00:57","guid":{"rendered":"https:\/\/fdasrl.it\/prodotto\/valvula-de-pendulo-far17-para-bebedouros\/"},"modified":"2026-03-05T16:00:57","modified_gmt":"2026-03-05T15:00:57","slug":"valvula-de-pendulo-far17-para-bebedouros","status":"publish","type":"product","link":"https:\/\/fdasrl.it\/pt-pt\/prodotto\/valvula-de-pendulo-far17-para-bebedouros\/","title":{"rendered":"V\u00e1lvula de p\u00eandulo FAR17 para bebedouros"},"content":{"rendered":"<h2>V\u00e1lvula de p\u00eandulo FAR17 para bebedouros<\/h2>\n<p>A <strong>v\u00e1lvula de p\u00eandulo FAR17<\/strong> foi concebida para muitos tipos de <strong>bebedouros, incluindo os bebedouros FDA FA-BE e FA-BE MAX<\/strong>, e \u00e9 fabricada em <strong>lat\u00e3o<\/strong> para garantir elevada resist\u00eancia e longa dura\u00e7\u00e3o em ambientes pecu\u00e1rios.<\/p>\n<p>Equipada com <strong>liga\u00e7\u00e3o roscada macho de 1\/2&#8243;<\/strong>, esta v\u00e1lvula assegura um elevado caudal de \u00e1gua e um funcionamento fi\u00e1vel mesmo em condi\u00e7\u00f5es de utiliza\u00e7\u00e3o intensiva.<\/p>\n<h3>Caracter\u00edsticas principais<\/h3>\n<ul>\n<li>Corpo em <strong>lat\u00e3o resistente \u00e0 corros\u00e3o<\/strong><\/li>\n<li><strong>Liga\u00e7\u00e3o roscada macho 1\/2&#8243;<\/strong><\/li>\n<li><strong>Caudal de \u00e1gua elevado<\/strong><\/li>\n<li>Compat\u00edvel com <strong>bebedouros FA-BE e FA-BE MAX<\/strong><\/li>\n<li><strong>Pe\u00e7a de substitui\u00e7\u00e3o completa<\/strong> pronta para instala\u00e7\u00e3o<\/li>\n<\/ul>\n<h3>Press\u00e3o de funcionamento<\/h3>\n<p>Press\u00e3o de trabalho:  <strong>de 0 a 5 bar<\/strong><\/p>\n<h3>Caudal de \u00e1gua<\/h3>\n<ul>\n<li><strong>3 bar:<\/strong> 20 l\/min<\/li>\n<li><strong>4 bar:<\/strong> 23 l\/min<\/li>\n<li><strong>5 bar:<\/strong> 26 l\/min<\/li>\n<\/ul>\n<p>A v\u00e1lvula de p\u00eandulo FAR17 garante uma distribui\u00e7\u00e3o eficiente da \u00e1gua nos bebedouros, contribuindo para reduzir o desperd\u00edcio e assegurando aos animais um acesso constante \u00e0 \u00e1gua.<\/p>\n<p>\ud83d\udc49 Solicite pre\u00e7o para revenda: <a href=\"mailto:info@fdasrl.it\">CLIQUE AQUI<\/a><\/p>\n","protected":false},"excerpt":{"rendered":"<p>A <strong data-start=\"26\" data-end=\"53\">v\u00e1lvula de p\u00eandulo FAR17<\/strong> \u00e9 uma pe\u00e7a de substitui\u00e7\u00e3o completa compat\u00edvel com muitos bebedouros, incluindo os <strong data-start=\"81\" data-end=\"114\">bebedouros FA-BE e FA-BE MAX<\/strong>, fabricada em <strong data-start=\"130\" data-end=\"140\">lat\u00e3o<\/strong> para garantir resist\u00eancia e dura\u00e7\u00e3o em ambientes pecu\u00e1rios. Equipada com <strong data-start=\"212\" data-end=\"249\">liga\u00e7\u00e3o roscada macho de 1\/2&#8243;<\/strong>, assegura <strong data-start=\"260\" data-end=\"287\">caudal de \u00e1gua elevado<\/strong> e funcionamento fi\u00e1vel com <strong data-start=\"319\" data-end=\"358\">press\u00e3o de funcionamento de 0 a 5 bar<\/strong>. Ideal para garantir uma distribui\u00e7\u00e3o constante da \u00e1gua nos bebedouros.  <\/p>\n","protected":false},"featured_media":1182,"comment_status":"open","ping_status":"closed","template":"","meta":{"_et_pb_use_builder":"","_et_pb_old_content":"","_et_gb_content_width":""},"product_brand":[],"product_cat":[554,502,504],"product_tag":[605],"class_list":{"0":"post-2649","1":"product","2":"type-product","3":"status-publish","4":"has-post-thumbnail","6":"product_cat-bebedouros-2","7":"product_cat-bebedouros","8":"product_cat-valvulas-e-boias","9":"product_tag-far17","11":"first","12":"instock","13":"shipping-taxable","14":"product-type-simple"},"yoast_head":"<!-- This site is optimized with the Yoast SEO Premium plugin v27.5 (Yoast SEO v27.6) - https:\/\/yoast.com\/product\/yoast-seo-premium-wordpress\/ -->\n<title>V\u00e1lvula de p\u00eandulo para bebedouros: caudal elevado<\/title>\n<meta name=\"description\" content=\"Descubra a v\u00e1lvula de p\u00eandulo para bebedouros FAR17, concebida para durar no tempo e garantir elevado caudal de \u00e1gua. Descubra-a agora!\" \/>\n<meta name=\"robots\" content=\"index, follow, max-snippet:-1, max-image-preview:large, max-video-preview:-1\" \/>\n<link rel=\"canonical\" href=\"https:\/\/fdasrl.it\/pt-pt\/prodotto\/valvula-de-pendulo-far17-para-bebedouros\/\" \/>\n<meta property=\"og:locale\" content=\"pt_PT\" \/>\n<meta property=\"og:type\" content=\"article\" \/>\n<meta property=\"og:title\" content=\"V\u00e1lvula de p\u00eandulo FAR17 para bebedouros\" \/>\n<meta property=\"og:description\" content=\"Descubra a v\u00e1lvula de p\u00eandulo para bebedouros FAR17, concebida para durar no tempo e garantir elevado caudal de \u00e1gua. Descubra-a agora!\" \/>\n<meta property=\"og:url\" content=\"https:\/\/fdasrl.it\/pt-pt\/prodotto\/valvula-de-pendulo-far17-para-bebedouros\/\" \/>\n<meta property=\"og:site_name\" content=\"FDA srl\" \/>\n<meta property=\"article:publisher\" content=\"https:\/\/www.facebook.com\/share\/1MWhFWg1Tp\/?mibextid=LQQJ4d\" \/>\n<meta property=\"og:image\" content=\"https:\/\/fdasrl.it\/wp-content\/uploads\/2026\/03\/valvola-pendolo-FAR17-elevata-portata-per-sito-1.jpg\" \/>\n\t<meta property=\"og:image:width\" content=\"530\" \/>\n\t<meta property=\"og:image:height\" content=\"482\" \/>\n\t<meta property=\"og:image:type\" content=\"image\/jpeg\" \/>\n<meta name=\"twitter:card\" content=\"summary_large_image\" \/>\n<meta name=\"twitter:label1\" content=\"pre\u00e7o\" \/>\n\t<meta name=\"twitter:data1\" content=\"\" \/>\n\t<meta name=\"twitter:label2\" content=\"Disponibilidade\" \/>\n\t<meta name=\"twitter:data2\" content=\"Em stock\" \/>\n<meta property=\"product:price:currency\" content=\"EUR\" \/>\n<meta property=\"og:availability\" content=\"instock\" \/>\n<meta property=\"product:availability\" content=\"instock\" \/>\n<meta property=\"product:retailer_item_id\" content=\"FAR17\" \/>\n<meta property=\"product:condition\" content=\"new\" \/>\n<!-- \/ Yoast SEO Premium plugin. -->","yoast_head_json":{"title":"V\u00e1lvula de p\u00eandulo para bebedouros: caudal elevado","description":"Descubra a v\u00e1lvula de p\u00eandulo para bebedouros FAR17, concebida para durar no tempo e garantir elevado caudal de \u00e1gua. Descubra-a agora!","robots":{"index":"index","follow":"follow","max-snippet":"max-snippet:-1","max-image-preview":"max-image-preview:large","max-video-preview":"max-video-preview:-1"},"canonical":"https:\/\/fdasrl.it\/pt-pt\/prodotto\/valvula-de-pendulo-far17-para-bebedouros\/","og_locale":"pt_PT","og_type":"article","og_title":"V\u00e1lvula de p\u00eandulo FAR17 para bebedouros","og_description":"Descubra a v\u00e1lvula de p\u00eandulo para bebedouros FAR17, concebida para durar no tempo e garantir elevado caudal de \u00e1gua. Descubra-a agora!","og_url":"https:\/\/fdasrl.it\/pt-pt\/prodotto\/valvula-de-pendulo-far17-para-bebedouros\/","og_site_name":"FDA srl","article_publisher":"https:\/\/www.facebook.com\/share\/1MWhFWg1Tp\/?mibextid=LQQJ4d","og_image":[{"width":530,"height":482,"url":"https:\/\/fdasrl.it\/wp-content\/uploads\/2026\/03\/valvola-pendolo-FAR17-elevata-portata-per-sito-1.jpg","type":"image\/jpeg"}],"twitter_card":"summary_large_image","twitter_misc":{"pre\u00e7o":"","Disponibilidade":"Em stock"},"schema":{"@context":"https:\/\/schema.org","@graph":[{"@type":"WebPage","@id":"https:\/\/fdasrl.it\/pt-pt\/prodotto\/valvula-de-pendulo-far17-para-bebedouros\/","url":"https:\/\/fdasrl.it\/pt-pt\/prodotto\/valvula-de-pendulo-far17-para-bebedouros\/","name":"V\u00e1lvula de p\u00eandulo para bebedouros: caudal elevado","isPartOf":{"@id":"https:\/\/fdasrl.it\/pt-pt\/#website"},"primaryImageOfPage":{"@id":"https:\/\/fdasrl.it\/pt-pt\/prodotto\/valvula-de-pendulo-far17-para-bebedouros\/#primaryimage"},"image":{"@id":"https:\/\/fdasrl.it\/pt-pt\/prodotto\/valvula-de-pendulo-far17-para-bebedouros\/#primaryimage"},"thumbnailUrl":"https:\/\/fdasrl.it\/wp-content\/uploads\/2026\/03\/valvola-pendolo-FAR17-elevata-portata-per-sito-1.jpg","datePublished":"2026-03-05T15:00:57+00:00","description":"Descubra a v\u00e1lvula de p\u00eandulo para bebedouros FAR17, concebida para durar no tempo e garantir elevado caudal de \u00e1gua. Descubra-a agora!","breadcrumb":{"@id":"https:\/\/fdasrl.it\/pt-pt\/prodotto\/valvula-de-pendulo-far17-para-bebedouros\/#breadcrumb"},"inLanguage":"pt-PT","potentialAction":[{"@type":"ReadAction","target":["https:\/\/fdasrl.it\/pt-pt\/prodotto\/valvula-de-pendulo-far17-para-bebedouros\/"]}]},{"@type":"ImageObject","inLanguage":"pt-PT","@id":"https:\/\/fdasrl.it\/pt-pt\/prodotto\/valvula-de-pendulo-far17-para-bebedouros\/#primaryimage","url":"https:\/\/fdasrl.it\/wp-content\/uploads\/2026\/03\/valvola-pendolo-FAR17-elevata-portata-per-sito-1.jpg","contentUrl":"https:\/\/fdasrl.it\/wp-content\/uploads\/2026\/03\/valvola-pendolo-FAR17-elevata-portata-per-sito-1.jpg","width":530,"height":482,"caption":"V\u00e1lvula de p\u00eandulo FAR17 de caudal elevado para bebedouros autom\u00e1ticos."},{"@type":"BreadcrumbList","@id":"https:\/\/fdasrl.it\/pt-pt\/prodotto\/valvula-de-pendulo-far17-para-bebedouros\/#breadcrumb","itemListElement":[{"@type":"ListItem","position":1,"name":"Home","item":"https:\/\/fdasrl.it\/pt-pt\/inicio\/"},{"@type":"ListItem","position":2,"name":"Loja","item":"https:\/\/fdasrl.it\/pt-pt\/loja\/"},{"@type":"ListItem","position":3,"name":"V\u00e1lvula de p\u00eandulo FAR17 para bebedouros"}]},{"@type":"WebSite","@id":"https:\/\/fdasrl.it\/pt-pt\/#website","url":"https:\/\/fdasrl.it\/pt-pt\/","name":"FDA srl","description":"Equipment for animal husbandry","publisher":{"@id":"https:\/\/fdasrl.it\/pt-pt\/#organization"},"potentialAction":[{"@type":"SearchAction","target":{"@type":"EntryPoint","urlTemplate":"https:\/\/fdasrl.it\/pt-pt\/?s={search_term_string}"},"query-input":{"@type":"PropertyValueSpecification","valueRequired":true,"valueName":"search_term_string"}}],"inLanguage":"pt-PT"},{"@type":"Organization","@id":"https:\/\/fdasrl.it\/pt-pt\/#organization","name":"FDA srl","url":"https:\/\/fdasrl.it\/pt-pt\/","logo":{"@type":"ImageObject","inLanguage":"pt-PT","@id":"https:\/\/fdasrl.it\/pt-pt\/#\/schema\/logo\/image\/","url":"https:\/\/fdasrl.it\/wp-content\/uploads\/2024\/12\/Logo-FDA.png","contentUrl":"https:\/\/fdasrl.it\/wp-content\/uploads\/2024\/12\/Logo-FDA.png","width":316,"height":119,"caption":"FDA srl"},"image":{"@id":"https:\/\/fdasrl.it\/pt-pt\/#\/schema\/logo\/image\/"},"sameAs":["https:\/\/www.facebook.com\/share\/1MWhFWg1Tp\/?mibextid=LQQJ4d","https:\/\/www.instagram.com\/fda_srl\/profilecard\/?igsh=YW5lbzJ6MWg0d21u","https:\/\/www.youtube.com\/@FDASRL_ANIMALCARE"],"description":"FDA SRL \u2013 Equipment for animal husbandry nasce con l\u2019obiettivo di offrire soluzioni affidabili e innovative per l\u2019allevamento moderno. Con anni di esperienza nel settore zootecnico, progettiamo e realizziamo attrezzature destinate al benessere animale e alla gestione efficiente delle stalle: vasche, abbeveratoi, mangiatoie e sistemi di riscaldamento pensati per durare nel tempo e semplificare il lavoro quotidiano degli allevatori. Dalla progettazione alla produzione, ogni nostro prodotto \u00e8 studiato nei minimi dettagli, testato con cura e costruito per rispondere alle esigenze reali del settore. La nostra forza \u00e8 unire artigianalit\u00e0, tecnologia e competenza tecnica per trasformare ogni progetto in una soluzione concreta e funzionale. Oggi FDA SRL \u00e8 un punto di riferimento per privati e rivenditori che cercano qualit\u00e0, affidabilit\u00e0 e innovazione nelle attrezzature per l\u2019allevamento.","email":"info@fdasrl.it","telephone":"+390522826820","legalName":"F.D.A. SRL","foundingDate":"2024-10-13","vatID":"03075840359","taxID":"03075840359","numberOfEmployees":{"@type":"QuantitativeValue","minValue":"1","maxValue":"10"}}]},"product_price_currency":"EUR","og_availability":"instock","product_availability":"instock","product_retailer_item_id":"FAR17","product_condition":"new"},"_links":{"self":[{"href":"https:\/\/fdasrl.it\/pt-pt\/wp-json\/wp\/v2\/product\/2649","targetHints":{"allow":["GET"]}}],"collection":[{"href":"https:\/\/fdasrl.it\/pt-pt\/wp-json\/wp\/v2\/product"}],"about":[{"href":"https:\/\/fdasrl.it\/pt-pt\/wp-json\/wp\/v2\/types\/product"}],"replies":[{"embeddable":true,"href":"https:\/\/fdasrl.it\/pt-pt\/wp-json\/wp\/v2\/comments?post=2649"}],"wp:featuredmedia":[{"embeddable":true,"href":"https:\/\/fdasrl.it\/pt-pt\/wp-json\/wp\/v2\/media\/1182"}],"wp:attachment":[{"href":"https:\/\/fdasrl.it\/pt-pt\/wp-json\/wp\/v2\/media?parent=2649"}],"wp:term":[{"taxonomy":"product_brand","embeddable":true,"href":"https:\/\/fdasrl.it\/pt-pt\/wp-json\/wp\/v2\/product_brand?post=2649"},{"taxonomy":"product_cat","embeddable":true,"href":"https:\/\/fdasrl.it\/pt-pt\/wp-json\/wp\/v2\/product_cat?post=2649"},{"taxonomy":"product_tag","embeddable":true,"href":"https:\/\/fdasrl.it\/pt-pt\/wp-json\/wp\/v2\/product_tag?post=2649"}],"curies":[{"name":"wp","href":"https:\/\/api.w.org\/{rel}","templated":true}]}}