{"id":2666,"date":"2026-03-10T09:04:32","date_gmt":"2026-03-10T08:04:32","guid":{"rendered":"https:\/\/fdasrl.it\/prodotto\/bebedouro-em-ferro-fundido-fa-be-max-com-pendulo-reforcado-fda-para-bovinos-e-equinos-taca-5-litros\/"},"modified":"2026-03-10T09:04:32","modified_gmt":"2026-03-10T08:04:32","slug":"bebedouro-em-ferro-fundido-fa-be-max-com-pendulo-reforcado-fda-para-bovinos-e-equinos-taca-5-litros","status":"publish","type":"product","link":"https:\/\/fdasrl.it\/pt-pt\/prodotto\/bebedouro-em-ferro-fundido-fa-be-max-com-pendulo-reforcado-fda-para-bovinos-e-equinos-taca-5-litros\/","title":{"rendered":"Bebedouro em Ferro Fundido FA-BE MAX com P\u00eandulo Refor\u00e7ado FDA para Bovinos e Equinos \u2013 Ta\u00e7a 5 Litros"},"content":{"rendered":"<h2 data-section-id=\"1y7oiug\" data-start=\"163\" data-end=\"268\">\ud83d\udc04 Bebedouro em Ferro Fundido FA-BE MAX com P\u00eandulo Refor\u00e7ado FDA para Bovinos e Equinos \u2013 Ta\u00e7a 5 Litros<\/h2>\n<p data-start=\"270\" data-end=\"599\">O <strong data-start=\"272\" data-end=\"334\">bebedouro em ferro fundido FA-BE MAX com p\u00eandulo refor\u00e7ado FDA<\/strong> foi concebido para bovinos e equinos em estabula\u00e7\u00e3o fixa. Gra\u00e7as \u00e0 estrutura em ferro fundido com <strong data-start=\"426\" data-end=\"470\">tratamento anticorros\u00e3o por cataforese<\/strong>, garante elevada resist\u00eancia \u00e0 ferrugem, longa dura\u00e7\u00e3o e m\u00e1xima fiabilidade mesmo nos ambientes de est\u00e1bulo mais exigentes. <\/p>\n<p data-start=\"601\" data-end=\"802\">Al\u00e9m disso, este <strong data-start=\"617\" data-end=\"665\">bebedouro de 5 litros para bovinos e equinos<\/strong> \u00e9 particularmente indicado para explora\u00e7\u00f5es profissionais que exigem robustez, elevado caudal de \u00e1gua e facilidade de instala\u00e7\u00e3o.<\/p>\n<p data-start=\"804\" data-end=\"1186\">Comparativamente ao modelo FA-BE standard, a vers\u00e3o <strong data-start=\"852\" data-end=\"906\">MAX disp\u00f5e de uma ta\u00e7a aumentada de 5 litros<\/strong>; consequentemente, assegura uma maior disponibilidade de \u00e1gua para os animais. Simultaneamente, o bebedouro est\u00e1 equipado com <strong data-start=\"1031\" data-end=\"1070\">v\u00e1lvula de press\u00e3o de alto caudal<\/strong> e <strong data-start=\"1076\" data-end=\"1102\">p\u00eandulo refor\u00e7ado FDA<\/strong>, concebido especificamente para resistir \u00e0 utiliza\u00e7\u00e3o intensiva t\u00edpica dos est\u00e1bulos. <\/p>\n<p data-start=\"1188\" data-end=\"1534\">Relativamente \u00e0 instala\u00e7\u00e3o, o bebedouro pode ser <strong data-start=\"1251\" data-end=\"1284\">fixado diretamente \u00e0 parede<\/strong>. Em alternativa, pode ser <strong data-start=\"1313\" data-end=\"1335\">instalado em tubo<\/strong> utilizando o respetivo <strong data-start=\"1359\" data-end=\"1443\">kit de fixa\u00e7\u00e3o composto por 2 bra\u00e7adeiras (c\u00f3d. FAC0017) com parafusaria em a\u00e7o inoxid\u00e1vel<\/strong>. Desta forma \u00e9 poss\u00edvel adapt\u00e1-lo facilmente \u00e0s diferentes configura\u00e7\u00f5es do est\u00e1bulo.  <\/p>\n<p data-start=\"295\" data-end=\"490\">Este <strong data-start=\"302\" data-end=\"359\">bebedouro em ferro fundido para bovinos e equinos de 5 litros<\/strong> foi concebido para garantir fiabilidade e durabilidade nas explora\u00e7\u00f5es profissionais. Em particular oferece diversas vantagens operacionais: <\/p>\n<ul data-start=\"492\" data-end=\"874\">\n<li data-section-id=\"1l5zpv\" data-start=\"492\" data-end=\"570\">\n<p data-start=\"494\" data-end=\"570\"><strong data-start=\"494\" data-end=\"529\">Ta\u00e7a aumentada de 5 litros<\/strong> para maior disponibilidade de \u00e1gua<\/p>\n<\/li>\n<li data-section-id=\"14hu1d\" data-start=\"571\" data-end=\"646\">\n<p data-start=\"573\" data-end=\"646\"><strong data-start=\"573\" data-end=\"615\">V\u00e1lvula de p\u00eandulo refor\u00e7ado FDA FAR17<\/strong> resistente ao uso intensivo <a href=\"https:\/\/fdasrl.it\/pt-pt\/prodotto\/valvula-de-pendulo-far17-para-bebedouros\/\">(para mais informa\u00e7\u00f5es clique aqui)<\/a><\/p>\n<\/li>\n<li data-section-id=\"1njywgi\" data-start=\"647\" data-end=\"720\">\n<p data-start=\"649\" data-end=\"720\"><strong data-start=\"649\" data-end=\"692\">Caudal de \u00e1gua at\u00e9 20 L\/min a 3 bar<\/strong> para enchimento r\u00e1pido<\/p>\n<\/li>\n<li data-section-id=\"lz6viv\" data-start=\"721\" data-end=\"801\">\n<p data-start=\"723\" data-end=\"801\"><strong data-start=\"723\" data-end=\"776\">Estrutura em ferro fundido com tratamento anticorros\u00e3o<\/strong> para ambientes de est\u00e1bulo<\/p>\n<\/li>\n<li data-section-id=\"1ywa03g\" data-start=\"802\" data-end=\"874\">\n<p data-start=\"804\" data-end=\"874\"><strong data-start=\"804\" data-end=\"832\">Instala\u00e7\u00e3o flex\u00edvel<\/strong> em parede ou em tubo com kit FAC0017<\/p>\n<\/li>\n<\/ul>\n<hr data-start=\"1536\" data-end=\"1539\">\n<h2 data-section-id=\"og5zk7\" data-start=\"1541\" data-end=\"1571\">\u2699\ufe0f Caracter\u00edsticas t\u00e9cnicas<\/h2>\n<p data-start=\"1573\" data-end=\"1597\"><strong data-start=\"1573\" data-end=\"1585\">Modelo:<\/strong> FA-BE MAX<\/p>\n<p data-start=\"1599\" data-end=\"1677\"><strong data-start=\"1599\" data-end=\"1613\">Material:<\/strong> Ferro fundido pintado com tratamento anticorros\u00e3o por cataforese<\/p>\n<p data-start=\"1679\" data-end=\"1729\"><strong data-start=\"1679\" data-end=\"1691\">V\u00e1lvula:<\/strong> V\u00e1lvula de press\u00e3o de alto caudal<\/p>\n<p data-start=\"1731\" data-end=\"1793\"><strong data-start=\"1731\" data-end=\"1752\">Tipo de ativa\u00e7\u00e3o:<\/strong> V\u00e1lvula de p\u00eandulo refor\u00e7ado FDA FAR17<\/p>\n<p data-start=\"1795\" data-end=\"1847\"><strong data-start=\"1795\" data-end=\"1813\">Caudal de \u00e1gua:<\/strong> 20 L\/min com press\u00e3o de 3 bar<\/p>\n<p data-start=\"1849\" data-end=\"1888\"><strong data-start=\"1849\" data-end=\"1876\">Press\u00e3o de funcionamento:<\/strong> 0 \u2013 5 atm<\/p>\n<p data-start=\"1890\" data-end=\"1923\"><strong data-start=\"1890\" data-end=\"1913\">Capacidade da ta\u00e7a:<\/strong> 5 litros<\/p>\n<p data-start=\"1925\" data-end=\"2005\"><strong data-start=\"1925\" data-end=\"1949\">Liga\u00e7\u00e3o h\u00eddrica:<\/strong> Liga\u00e7\u00e3o 1\/2\u2033 com entrada de \u00e1gua superior ou inferior<\/p>\n<p data-start=\"2007\" data-end=\"2062\"><strong data-start=\"2007\" data-end=\"2022\">Dimens\u00f5es:<\/strong><br data-start=\"2022\" data-end=\"2025\">Comprimento 305 mm<br data-start=\"2041\" data-end=\"2044\">Largura 240 mm<\/p>\n<p data-start=\"2064\" data-end=\"2082\"><strong data-start=\"2064\" data-end=\"2073\">Peso:<\/strong> 9,5 kg<\/p>\n<p data-start=\"2084\" data-end=\"2187\"><strong data-start=\"2084\" data-end=\"2102\">Instala\u00e7\u00e3o:<\/strong><br data-start=\"2102\" data-end=\"2105\">Fixa\u00e7\u00e3o em parede ou em tubo com <strong data-start=\"2143\" data-end=\"2187\">kit FAC0017 (2 suportes + parafusaria inox)<\/strong><\/p>\n<hr data-start=\"2189\" data-end=\"2192\">\n<h2 data-section-id=\"50c332\" data-start=\"2194\" data-end=\"2218\">\u2705 Principais vantagens<\/h2>\n<p data-start=\"2220\" data-end=\"2684\">\u2714 <strong data-start=\"2222\" data-end=\"2266\">Tratamento por cataforese anticorros\u00e3o<\/strong>, portanto maior durabilidade<br data-start=\"2300\" data-end=\"2303\">\u2714 <strong data-start=\"2305\" data-end=\"2340\">Ta\u00e7a aumentada de 5 litros<\/strong>, que garante mais \u00e1gua dispon\u00edvel<br data-start=\"2378\" data-end=\"2381\">\u2714 <strong data-start=\"2383\" data-end=\"2409\">P\u00eandulo refor\u00e7ado FDA<\/strong>, concebido para uso intensivo<br data-start=\"2442\" data-end=\"2445\">\u2714 <strong data-start=\"2447\" data-end=\"2485\">V\u00e1lvula de alto caudal (20 L\/min)<\/strong>, que assegura um fluxo de \u00e1gua r\u00e1pido e constante<br data-start=\"2535\" data-end=\"2538\">\u2714 <strong data-start=\"2540\" data-end=\"2570\">Estrutura robusta em ferro fundido<\/strong>, ideal para ambientes de est\u00e1bulo<br data-start=\"2601\" data-end=\"2604\">\u2714 <strong data-start=\"2606\" data-end=\"2633\">Instala\u00e7\u00e3o vers\u00e1til<\/strong>, gra\u00e7as \u00e0 entrada de \u00e1gua superior ou inferior<\/p>\n<hr data-start=\"1836\" data-end=\"1839\">\n<p>\ud83d\udc49 Solicite pre\u00e7o para revenda: <a href=\"mailto:info@fdasrl.it\">CLIQUE AQUI<\/a><\/p>\n<p>\ud83d\udc49 Compre online: <a href=\"https:\/\/fda-shop.it\/shop\/articoli-per-allevamento\/abbeveratoi\/abbeveratoio-in-ghisa-fa-be-max-con-pendolo-rinforzato-fda-per-bovini-ed-equini-vaschetta-5-litri#\/299-tipo_di_fissaggio_-a_muro\">CLIQUE AQUI<\/a><\/p>\n","protected":false},"excerpt":{"rendered":"<p>Bebedouro em ferro fundido FA-BE MAX com p\u00eandulo refor\u00e7ado FDA, ideal para bovinos e equinos em estabula\u00e7\u00e3o fixa. Ta\u00e7a aumentada de 5 litros com v\u00e1lvula de press\u00e3o de alto caudal (20 L\/min a 3 bar). Entrada de \u00e1gua superior ou inferior com liga\u00e7\u00e3o de 1\/2\u2033. Instala\u00e7\u00e3o em parede ou em tubo.   <\/p>\n","protected":false},"featured_media":1212,"comment_status":"open","ping_status":"closed","template":"","meta":{"_et_pb_use_builder":"","_et_pb_old_content":"","_et_gb_content_width":""},"product_brand":[],"product_cat":[502,554,383,609],"product_tag":[610],"class_list":{"0":"post-2666","1":"product","2":"type-product","3":"status-publish","4":"has-post-thumbnail","6":"product_cat-bebedouros","7":"product_cat-bebedouros-2","8":"product_cat-bovinos","9":"product_cat-cavalos","10":"product_tag-fa-be-max","12":"first","13":"instock","14":"shipping-taxable","15":"product-type-simple"},"yoast_head":"<!-- This site is optimized with the Yoast SEO Premium plugin v27.5 (Yoast SEO v27.5) - https:\/\/yoast.com\/product\/yoast-seo-premium-wordpress\/ -->\n<title>Bebedouro ferro fundido bovinos equinos 5 litros para qualquer est\u00e1bulo<\/title>\n<meta name=\"description\" content=\"Garanta \u00e1gua fresca e abundante com o nosso bebedouro ferro fundido bovinos equinos 5 litros! A melhor escolha para o bem-estar dos animais. \ud83d\udca7\" \/>\n<meta name=\"robots\" content=\"index, follow, max-snippet:-1, max-image-preview:large, max-video-preview:-1\" \/>\n<link rel=\"canonical\" href=\"https:\/\/fdasrl.it\/pt-pt\/prodotto\/bebedouro-em-ferro-fundido-fa-be-max-com-pendulo-reforcado-fda-para-bovinos-e-equinos-taca-5-litros\/\" \/>\n<meta property=\"og:locale\" content=\"pt_PT\" \/>\n<meta property=\"og:type\" content=\"article\" \/>\n<meta property=\"og:title\" content=\"Bebedouro em Ferro Fundido FA-BE MAX com P\u00eandulo Refor\u00e7ado FDA para Bovinos e Equinos \u2013 Ta\u00e7a 5 Litros\" \/>\n<meta property=\"og:description\" content=\"Garanta \u00e1gua fresca e abundante com o nosso bebedouro ferro fundido bovinos equinos 5 litros! A melhor escolha para o bem-estar dos animais. \ud83d\udca7\" \/>\n<meta property=\"og:url\" content=\"https:\/\/fdasrl.it\/pt-pt\/prodotto\/bebedouro-em-ferro-fundido-fa-be-max-com-pendulo-reforcado-fda-para-bovinos-e-equinos-taca-5-litros\/\" \/>\n<meta property=\"og:site_name\" content=\"FDA srl\" \/>\n<meta property=\"article:publisher\" content=\"https:\/\/www.facebook.com\/share\/1MWhFWg1Tp\/?mibextid=LQQJ4d\" \/>\n<meta property=\"og:image\" content=\"https:\/\/fdasrl.it\/wp-content\/uploads\/2026\/03\/FABE-max-abbeveratoi-elevata-capienza-FDA-1.webp\" \/>\n\t<meta property=\"og:image:width\" content=\"1884\" \/>\n\t<meta property=\"og:image:height\" content=\"2048\" \/>\n\t<meta property=\"og:image:type\" content=\"image\/webp\" \/>\n<meta name=\"twitter:card\" content=\"summary_large_image\" \/>\n<meta name=\"twitter:label1\" content=\"pre\u00e7o\" \/>\n\t<meta name=\"twitter:data1\" content=\"\" \/>\n\t<meta name=\"twitter:label2\" content=\"Disponibilidade\" \/>\n\t<meta name=\"twitter:data2\" content=\"Em stock\" \/>\n<meta property=\"product:price:currency\" content=\"EUR\" \/>\n<meta property=\"og:availability\" content=\"instock\" \/>\n<meta property=\"product:availability\" content=\"instock\" \/>\n<meta property=\"product:retailer_item_id\" content=\"FA-BE MAX\" \/>\n<meta property=\"product:condition\" content=\"new\" \/>\n<!-- \/ Yoast SEO Premium plugin. -->","yoast_head_json":{"title":"Bebedouro ferro fundido bovinos equinos 5 litros para qualquer est\u00e1bulo","description":"Garanta \u00e1gua fresca e abundante com o nosso bebedouro ferro fundido bovinos equinos 5 litros! A melhor escolha para o bem-estar dos animais. \ud83d\udca7","robots":{"index":"index","follow":"follow","max-snippet":"max-snippet:-1","max-image-preview":"max-image-preview:large","max-video-preview":"max-video-preview:-1"},"canonical":"https:\/\/fdasrl.it\/pt-pt\/prodotto\/bebedouro-em-ferro-fundido-fa-be-max-com-pendulo-reforcado-fda-para-bovinos-e-equinos-taca-5-litros\/","og_locale":"pt_PT","og_type":"article","og_title":"Bebedouro em Ferro Fundido FA-BE MAX com P\u00eandulo Refor\u00e7ado FDA para Bovinos e Equinos \u2013 Ta\u00e7a 5 Litros","og_description":"Garanta \u00e1gua fresca e abundante com o nosso bebedouro ferro fundido bovinos equinos 5 litros! A melhor escolha para o bem-estar dos animais. \ud83d\udca7","og_url":"https:\/\/fdasrl.it\/pt-pt\/prodotto\/bebedouro-em-ferro-fundido-fa-be-max-com-pendulo-reforcado-fda-para-bovinos-e-equinos-taca-5-litros\/","og_site_name":"FDA srl","article_publisher":"https:\/\/www.facebook.com\/share\/1MWhFWg1Tp\/?mibextid=LQQJ4d","og_image":[{"width":1884,"height":2048,"url":"https:\/\/fdasrl.it\/wp-content\/uploads\/2026\/03\/FABE-max-abbeveratoi-elevata-capienza-FDA-1.webp","type":"image\/webp"}],"twitter_card":"summary_large_image","twitter_misc":{"pre\u00e7o":"","Disponibilidade":"Em stock"},"schema":{"@context":"https:\/\/schema.org","@graph":[{"@type":"WebPage","@id":"https:\/\/fdasrl.it\/pt-pt\/prodotto\/bebedouro-em-ferro-fundido-fa-be-max-com-pendulo-reforcado-fda-para-bovinos-e-equinos-taca-5-litros\/","url":"https:\/\/fdasrl.it\/pt-pt\/prodotto\/bebedouro-em-ferro-fundido-fa-be-max-com-pendulo-reforcado-fda-para-bovinos-e-equinos-taca-5-litros\/","name":"Bebedouro ferro fundido bovinos equinos 5 litros para qualquer est\u00e1bulo","isPartOf":{"@id":"https:\/\/fdasrl.it\/pt-pt\/#website"},"primaryImageOfPage":{"@id":"https:\/\/fdasrl.it\/pt-pt\/prodotto\/bebedouro-em-ferro-fundido-fa-be-max-com-pendulo-reforcado-fda-para-bovinos-e-equinos-taca-5-litros\/#primaryimage"},"image":{"@id":"https:\/\/fdasrl.it\/pt-pt\/prodotto\/bebedouro-em-ferro-fundido-fa-be-max-com-pendulo-reforcado-fda-para-bovinos-e-equinos-taca-5-litros\/#primaryimage"},"thumbnailUrl":"https:\/\/fdasrl.it\/wp-content\/uploads\/2026\/03\/FABE-max-abbeveratoi-elevata-capienza-FDA-1.webp","datePublished":"2026-03-10T08:04:32+00:00","description":"Garanta \u00e1gua fresca e abundante com o nosso bebedouro ferro fundido bovinos equinos 5 litros! A melhor escolha para o bem-estar dos animais. \ud83d\udca7","breadcrumb":{"@id":"https:\/\/fdasrl.it\/pt-pt\/prodotto\/bebedouro-em-ferro-fundido-fa-be-max-com-pendulo-reforcado-fda-para-bovinos-e-equinos-taca-5-litros\/#breadcrumb"},"inLanguage":"pt-PT","potentialAction":[{"@type":"ReadAction","target":["https:\/\/fdasrl.it\/pt-pt\/prodotto\/bebedouro-em-ferro-fundido-fa-be-max-com-pendulo-reforcado-fda-para-bovinos-e-equinos-taca-5-litros\/"]}]},{"@type":"ImageObject","inLanguage":"pt-PT","@id":"https:\/\/fdasrl.it\/pt-pt\/prodotto\/bebedouro-em-ferro-fundido-fa-be-max-com-pendulo-reforcado-fda-para-bovinos-e-equinos-taca-5-litros\/#primaryimage","url":"https:\/\/fdasrl.it\/wp-content\/uploads\/2026\/03\/FABE-max-abbeveratoi-elevata-capienza-FDA-1.webp","contentUrl":"https:\/\/fdasrl.it\/wp-content\/uploads\/2026\/03\/FABE-max-abbeveratoi-elevata-capienza-FDA-1.webp","width":1884,"height":2048,"caption":"Bebedouro em ferro fundido de alta capacidade ideal para bovinos e equinos e explora\u00e7\u00f5es intensivas."},{"@type":"BreadcrumbList","@id":"https:\/\/fdasrl.it\/pt-pt\/prodotto\/bebedouro-em-ferro-fundido-fa-be-max-com-pendulo-reforcado-fda-para-bovinos-e-equinos-taca-5-litros\/#breadcrumb","itemListElement":[{"@type":"ListItem","position":1,"name":"Home","item":"https:\/\/fdasrl.it\/pt-pt\/inicio\/"},{"@type":"ListItem","position":2,"name":"Loja","item":"https:\/\/fdasrl.it\/pt-pt\/loja\/"},{"@type":"ListItem","position":3,"name":"Bebedouro em Ferro Fundido FA-BE MAX com P\u00eandulo Refor\u00e7ado FDA para Bovinos e Equinos \u2013 Ta\u00e7a 5 Litros"}]},{"@type":"WebSite","@id":"https:\/\/fdasrl.it\/pt-pt\/#website","url":"https:\/\/fdasrl.it\/pt-pt\/","name":"FDA srl","description":"Equipment for animal husbandry","publisher":{"@id":"https:\/\/fdasrl.it\/pt-pt\/#organization"},"potentialAction":[{"@type":"SearchAction","target":{"@type":"EntryPoint","urlTemplate":"https:\/\/fdasrl.it\/pt-pt\/?s={search_term_string}"},"query-input":{"@type":"PropertyValueSpecification","valueRequired":true,"valueName":"search_term_string"}}],"inLanguage":"pt-PT"},{"@type":"Organization","@id":"https:\/\/fdasrl.it\/pt-pt\/#organization","name":"FDA srl","url":"https:\/\/fdasrl.it\/pt-pt\/","logo":{"@type":"ImageObject","inLanguage":"pt-PT","@id":"https:\/\/fdasrl.it\/pt-pt\/#\/schema\/logo\/image\/","url":"https:\/\/fdasrl.it\/wp-content\/uploads\/2024\/12\/Logo-FDA.png","contentUrl":"https:\/\/fdasrl.it\/wp-content\/uploads\/2024\/12\/Logo-FDA.png","width":316,"height":119,"caption":"FDA srl"},"image":{"@id":"https:\/\/fdasrl.it\/pt-pt\/#\/schema\/logo\/image\/"},"sameAs":["https:\/\/www.facebook.com\/share\/1MWhFWg1Tp\/?mibextid=LQQJ4d","https:\/\/www.instagram.com\/fda_srl\/profilecard\/?igsh=YW5lbzJ6MWg0d21u","https:\/\/www.youtube.com\/@FDASRL_ANIMALCARE"],"description":"FDA SRL \u2013 Equipment for animal husbandry nasce con l\u2019obiettivo di offrire soluzioni affidabili e innovative per l\u2019allevamento moderno. Con anni di esperienza nel settore zootecnico, progettiamo e realizziamo attrezzature destinate al benessere animale e alla gestione efficiente delle stalle: vasche, abbeveratoi, mangiatoie e sistemi di riscaldamento pensati per durare nel tempo e semplificare il lavoro quotidiano degli allevatori. Dalla progettazione alla produzione, ogni nostro prodotto \u00e8 studiato nei minimi dettagli, testato con cura e costruito per rispondere alle esigenze reali del settore. La nostra forza \u00e8 unire artigianalit\u00e0, tecnologia e competenza tecnica per trasformare ogni progetto in una soluzione concreta e funzionale. Oggi FDA SRL \u00e8 un punto di riferimento per privati e rivenditori che cercano qualit\u00e0, affidabilit\u00e0 e innovazione nelle attrezzature per l\u2019allevamento.","email":"info@fdasrl.it","telephone":"+390522826820","legalName":"F.D.A. SRL","foundingDate":"2024-10-13","vatID":"03075840359","taxID":"03075840359","numberOfEmployees":{"@type":"QuantitativeValue","minValue":"1","maxValue":"10"}}]},"product_price_currency":"EUR","og_availability":"instock","product_availability":"instock","product_retailer_item_id":"FA-BE MAX","product_condition":"new"},"_links":{"self":[{"href":"https:\/\/fdasrl.it\/pt-pt\/wp-json\/wp\/v2\/product\/2666","targetHints":{"allow":["GET"]}}],"collection":[{"href":"https:\/\/fdasrl.it\/pt-pt\/wp-json\/wp\/v2\/product"}],"about":[{"href":"https:\/\/fdasrl.it\/pt-pt\/wp-json\/wp\/v2\/types\/product"}],"replies":[{"embeddable":true,"href":"https:\/\/fdasrl.it\/pt-pt\/wp-json\/wp\/v2\/comments?post=2666"}],"wp:featuredmedia":[{"embeddable":true,"href":"https:\/\/fdasrl.it\/pt-pt\/wp-json\/wp\/v2\/media\/1212"}],"wp:attachment":[{"href":"https:\/\/fdasrl.it\/pt-pt\/wp-json\/wp\/v2\/media?parent=2666"}],"wp:term":[{"taxonomy":"product_brand","embeddable":true,"href":"https:\/\/fdasrl.it\/pt-pt\/wp-json\/wp\/v2\/product_brand?post=2666"},{"taxonomy":"product_cat","embeddable":true,"href":"https:\/\/fdasrl.it\/pt-pt\/wp-json\/wp\/v2\/product_cat?post=2666"},{"taxonomy":"product_tag","embeddable":true,"href":"https:\/\/fdasrl.it\/pt-pt\/wp-json\/wp\/v2\/product_tag?post=2666"}],"curies":[{"name":"wp","href":"https:\/\/api.w.org\/{rel}","templated":true}]}}