{"id":2708,"date":"2026-03-06T14:03:03","date_gmt":"2026-03-06T13:03:03","guid":{"rendered":"https:\/\/fdasrl.it\/prodotto\/boia-para-bebedouro-com-pre-filtro-3-4-far19\/"},"modified":"2026-03-06T14:03:03","modified_gmt":"2026-03-06T13:03:03","slug":"boia-para-bebedouro-com-pre-filtro-3-4-far19","status":"publish","type":"product","link":"https:\/\/fdasrl.it\/pt-pt\/prodotto\/boia-para-bebedouro-com-pre-filtro-3-4-far19\/","title":{"rendered":"Boia para bebedouro com pr\u00e9-filtro 3\/4&#8243; \u2013 FAR19"},"content":{"rendered":"<h3 data-section-id=\"1dtpyof\" data-start=\"81\" data-end=\"145\"><strong data-start=\"85\" data-end=\"145\">Boia para bebedouro com pr\u00e9-filtro 3\/4&#8243; \u2013 FAR19<\/strong><\/h3>\n<p data-start=\"147\" data-end=\"278\">Boia de <strong data-start=\"163\" data-end=\"196\">alta qualidade com corpo em ABS<\/strong>, concebida para o controlo autom\u00e1tico do n\u00edvel da \u00e1gua nos bebedouros.<\/p>\n<p data-start=\"280\" data-end=\"486\">O sistema de boia mant\u00e9m o n\u00edvel da \u00e1gua constante, enquanto o <strong data-start=\"357\" data-end=\"380\">pr\u00e9-filtro integrado<\/strong> protege a v\u00e1lvula de impurezas presentes na \u00e1gua, garantindo maior fiabilidade e durabilidade.<\/p>\n<p data-start=\"488\" data-end=\"546\">Ideal para <strong data-start=\"499\" data-end=\"545\">sistemas de abeberamento em explora\u00e7\u00f5es pecu\u00e1rias<\/strong>.<\/p>\n<h3 data-section-id=\"w1my6q\" data-start=\"548\" data-end=\"580\"><strong data-start=\"552\" data-end=\"580\">Caracter\u00edsticas t\u00e9cnicas<\/strong><\/h3>\n<ul data-start=\"582\" data-end=\"873\">\n<li data-section-id=\"9k0ln1\" data-start=\"582\" data-end=\"612\">\n<p data-start=\"584\" data-end=\"612\"><strong data-start=\"584\" data-end=\"604\">C\u00f3digo do produto:<\/strong> FAR19<\/p>\n<\/li>\n<li data-section-id=\"5wopsd\" data-start=\"613\" data-end=\"641\">\n<p data-start=\"615\" data-end=\"641\"><strong data-start=\"615\" data-end=\"635\">Material do corpo:<\/strong> ABS<\/p>\n<\/li>\n<li data-section-id=\"13d7o5w\" data-start=\"642\" data-end=\"687\">\n<p data-start=\"644\" data-end=\"687\"><strong data-start=\"644\" data-end=\"656\">Liga\u00e7\u00e3o:<\/strong> rosca macho 3\/4<strong data-start=\"677\" data-end=\"685\">&#8220;<\/strong><\/p>\n<\/li>\n<li data-section-id=\"qy9hb0\" data-start=\"688\" data-end=\"715\">\n<p data-start=\"690\" data-end=\"715\"><strong data-start=\"690\" data-end=\"713\">Pr\u00e9-filtro integrado<\/strong><\/p>\n<\/li>\n<li data-section-id=\"19g44ab\" data-start=\"716\" data-end=\"749\">\n<p data-start=\"718\" data-end=\"749\"><strong data-start=\"718\" data-end=\"747\">Regula\u00e7\u00e3o do n\u00edvel de \u00e1gua<\/strong><\/p>\n<\/li>\n<li data-section-id=\"1oov41n\" data-start=\"750\" data-end=\"798\">\n<p data-start=\"752\" data-end=\"798\"><strong data-start=\"752\" data-end=\"783\">Junta grande inclu\u00edda:<\/strong> 40 \u00d7 26,5 mm<\/p>\n<\/li>\n<li data-section-id=\"1obzsug\" data-start=\"799\" data-end=\"843\">\n<p data-start=\"801\" data-end=\"843\"><strong data-start=\"801\" data-end=\"828\">Press\u00e3o de servi\u00e7o:<\/strong> 0,5 \u2013 10 bar<\/p>\n<\/li>\n<li data-section-id=\"adjn5y\" data-start=\"844\" data-end=\"873\">\n<p data-start=\"846\" data-end=\"873\"><strong data-start=\"846\" data-end=\"859\">Utiliza\u00e7\u00e3o:<\/strong> bebedouros<\/p>\n<\/li>\n<\/ul>\n<h3 data-section-id=\"8whuzw\" data-start=\"875\" data-end=\"896\"><strong data-start=\"879\" data-end=\"896\">Caudal de \u00e1gua<\/strong><\/h3>\n<ul data-start=\"898\" data-end=\"970\">\n<li data-section-id=\"8sx5mv\" data-start=\"898\" data-end=\"922\">\n<p data-start=\"900\" data-end=\"922\"><strong data-start=\"900\" data-end=\"920\">36 L\/min a 3 bar<\/strong><\/p>\n<\/li>\n<li data-section-id=\"2lljdb\" data-start=\"923\" data-end=\"947\">\n<p data-start=\"925\" data-end=\"947\"><strong data-start=\"925\" data-end=\"945\">39 L\/min a 4 bar<\/strong><\/p>\n<\/li>\n<li data-section-id=\"9jvw6a\" data-start=\"948\" data-end=\"970\">\n<p data-start=\"950\" data-end=\"970\"><strong data-start=\"950\" data-end=\"970\">42 L\/min a 5 bar<\/strong><\/p>\n<\/li>\n<\/ul>\n<h3 data-section-id=\"1cf253l\" data-start=\"972\" data-end=\"993\"><strong data-start=\"976\" data-end=\"993\">Instala\u00e7\u00e3o<\/strong><\/h3>\n<p data-start=\"995\" data-end=\"1114\">Para uma correta instala\u00e7\u00e3o e funcionamento, \u00e9 necess\u00e1rio prever um <strong data-start=\"1069\" data-end=\"1113\">espa\u00e7o livre superior m\u00ednimo de 196 mm<\/strong>.<\/p>\n<p>\ud83d\udc49 Solicite pre\u00e7o para revenda:  <a href=\"mailto:info@fdasrl.it\">CLIQUE AQUI<\/a><\/p>\n<p>\ud83d\udc49 Compre online: <a href=\"https:\/\/fda-shop.it\/shop\/articoli-per-allevamento\/abbeveratoi\/galleggiante-per-abbeveratoio-automatico#\/25-accessori_e_confezioni-singola_unita\">CLIQUE AQUI<\/a><\/p>\n","protected":false},"excerpt":{"rendered":"<p><strong data-start=\"0\" data-end=\"64\" data-is-only-node=\"\">Boia com v\u00e1lvula para bebedouro FAR19 com liga\u00e7\u00e3o 3\/4&#8243; macho<\/strong>, fabricada em <strong data-start=\"80\" data-end=\"98\">ABS resistente<\/strong> e completa com <strong data-start=\"113\" data-end=\"136\">pr\u00e9-filtro integrado<\/strong> e <strong data-start=\"139\" data-end=\"167\">junta 40 \u00d7 26,5 mm<\/strong>.<br data-start=\"168\" data-end=\"171\">Permite a <strong data-start=\"183\" data-end=\"221\">regula\u00e7\u00e3o do n\u00edvel da \u00e1gua<\/strong> e garante um caudal at\u00e9 <strong data-start=\"254\" data-end=\"266\">42 L\/min<\/strong> (a 5 bar).<br data-start=\"277\" data-end=\"280\">Adequada para sistemas de <strong data-start=\"303\" data-end=\"334\">abeberamento em explora\u00e7\u00f5es pecu\u00e1rias<\/strong>, com press\u00e3o de servi\u00e7o <strong data-start=\"363\" data-end=\"379\">0,5 \u2013 10 bar<\/strong>.<\/p>\n","protected":false},"featured_media":1191,"comment_status":"open","ping_status":"closed","template":"","meta":{"_et_pb_use_builder":"","_et_pb_old_content":"","_et_gb_content_width":""},"product_brand":[],"product_cat":[502,554,503,504],"product_tag":[619],"class_list":{"0":"post-2708","1":"product","2":"type-product","3":"status-publish","4":"has-post-thumbnail","6":"product_cat-bebedouros","7":"product_cat-bebedouros-2","8":"product_cat-tanques-inox-para-estabulos","9":"product_cat-valvulas-e-boias","10":"product_tag-far19","12":"first","13":"instock","14":"shipping-taxable","15":"product-type-simple"},"yoast_head":"<!-- This site is optimized with the Yoast SEO Premium plugin v27.5 (Yoast SEO v27.6) - https:\/\/yoast.com\/product\/yoast-seo-premium-wordpress\/ -->\n<title>Boia para bebedouro 3\/4 com pr\u00e9-filtro e regula\u00e7\u00e3o<\/title>\n<meta name=\"description\" content=\"Mantenha o n\u00edvel da \u00e1gua constante com a boia para bebedouro 3\/4 com pr\u00e9-filtro. Fiabilidade e qualidade para a sua explora\u00e7\u00e3o pecu\u00e1ria!\" \/>\n<meta name=\"robots\" content=\"index, follow, max-snippet:-1, max-image-preview:large, max-video-preview:-1\" \/>\n<link rel=\"canonical\" href=\"https:\/\/fdasrl.it\/pt-pt\/prodotto\/boia-para-bebedouro-com-pre-filtro-3-4-far19\/\" \/>\n<meta property=\"og:locale\" content=\"pt_PT\" \/>\n<meta property=\"og:type\" content=\"article\" \/>\n<meta property=\"og:title\" content=\"Boia para bebedouro com pr\u00e9-filtro 3\/4&quot; \u2013 FAR19\" \/>\n<meta property=\"og:description\" content=\"Mantenha o n\u00edvel da \u00e1gua constante com a boia para bebedouro 3\/4 com pr\u00e9-filtro. Fiabilidade e qualidade para a sua explora\u00e7\u00e3o pecu\u00e1ria!\" \/>\n<meta property=\"og:url\" content=\"https:\/\/fdasrl.it\/pt-pt\/prodotto\/boia-para-bebedouro-com-pre-filtro-3-4-far19\/\" \/>\n<meta property=\"og:site_name\" content=\"FDA srl\" \/>\n<meta property=\"article:publisher\" content=\"https:\/\/www.facebook.com\/share\/1MWhFWg1Tp\/?mibextid=LQQJ4d\" \/>\n<meta property=\"og:image\" content=\"https:\/\/fdasrl.it\/wp-content\/uploads\/2026\/03\/Galleggiante-per-abbeveratoio-con-prefiltro-FAR19.png\" \/>\n\t<meta property=\"og:image:width\" content=\"651\" \/>\n\t<meta property=\"og:image:height\" content=\"383\" \/>\n\t<meta property=\"og:image:type\" content=\"image\/png\" \/>\n<meta name=\"twitter:card\" content=\"summary_large_image\" \/>\n<meta name=\"twitter:label1\" content=\"pre\u00e7o\" \/>\n\t<meta name=\"twitter:data1\" content=\"\" \/>\n\t<meta name=\"twitter:label2\" content=\"Disponibilidade\" \/>\n\t<meta name=\"twitter:data2\" content=\"Em stock\" \/>\n<meta property=\"product:price:currency\" content=\"EUR\" \/>\n<meta property=\"og:availability\" content=\"instock\" \/>\n<meta property=\"product:availability\" content=\"instock\" \/>\n<meta property=\"product:retailer_item_id\" content=\"FAR19\" \/>\n<meta property=\"product:condition\" content=\"new\" \/>\n<!-- \/ Yoast SEO Premium plugin. -->","yoast_head_json":{"title":"Boia para bebedouro 3\/4 com pr\u00e9-filtro e regula\u00e7\u00e3o","description":"Mantenha o n\u00edvel da \u00e1gua constante com a boia para bebedouro 3\/4 com pr\u00e9-filtro. Fiabilidade e qualidade para a sua explora\u00e7\u00e3o pecu\u00e1ria!","robots":{"index":"index","follow":"follow","max-snippet":"max-snippet:-1","max-image-preview":"max-image-preview:large","max-video-preview":"max-video-preview:-1"},"canonical":"https:\/\/fdasrl.it\/pt-pt\/prodotto\/boia-para-bebedouro-com-pre-filtro-3-4-far19\/","og_locale":"pt_PT","og_type":"article","og_title":"Boia para bebedouro com pr\u00e9-filtro 3\/4\" \u2013 FAR19","og_description":"Mantenha o n\u00edvel da \u00e1gua constante com a boia para bebedouro 3\/4 com pr\u00e9-filtro. Fiabilidade e qualidade para a sua explora\u00e7\u00e3o pecu\u00e1ria!","og_url":"https:\/\/fdasrl.it\/pt-pt\/prodotto\/boia-para-bebedouro-com-pre-filtro-3-4-far19\/","og_site_name":"FDA srl","article_publisher":"https:\/\/www.facebook.com\/share\/1MWhFWg1Tp\/?mibextid=LQQJ4d","og_image":[{"width":651,"height":383,"url":"https:\/\/fdasrl.it\/wp-content\/uploads\/2026\/03\/Galleggiante-per-abbeveratoio-con-prefiltro-FAR19.png","type":"image\/png"}],"twitter_card":"summary_large_image","twitter_misc":{"pre\u00e7o":"","Disponibilidade":"Em stock"},"schema":{"@context":"https:\/\/schema.org","@graph":[{"@type":"WebPage","@id":"https:\/\/fdasrl.it\/pt-pt\/prodotto\/boia-para-bebedouro-com-pre-filtro-3-4-far19\/","url":"https:\/\/fdasrl.it\/pt-pt\/prodotto\/boia-para-bebedouro-com-pre-filtro-3-4-far19\/","name":"Boia para bebedouro 3\/4 com pr\u00e9-filtro e regula\u00e7\u00e3o","isPartOf":{"@id":"https:\/\/fdasrl.it\/pt-pt\/#website"},"primaryImageOfPage":{"@id":"https:\/\/fdasrl.it\/pt-pt\/prodotto\/boia-para-bebedouro-com-pre-filtro-3-4-far19\/#primaryimage"},"image":{"@id":"https:\/\/fdasrl.it\/pt-pt\/prodotto\/boia-para-bebedouro-com-pre-filtro-3-4-far19\/#primaryimage"},"thumbnailUrl":"https:\/\/fdasrl.it\/wp-content\/uploads\/2026\/03\/Galleggiante-per-abbeveratoio-con-prefiltro-FAR19.png","datePublished":"2026-03-06T13:03:03+00:00","description":"Mantenha o n\u00edvel da \u00e1gua constante com a boia para bebedouro 3\/4 com pr\u00e9-filtro. Fiabilidade e qualidade para a sua explora\u00e7\u00e3o pecu\u00e1ria!","breadcrumb":{"@id":"https:\/\/fdasrl.it\/pt-pt\/prodotto\/boia-para-bebedouro-com-pre-filtro-3-4-far19\/#breadcrumb"},"inLanguage":"pt-PT","potentialAction":[{"@type":"ReadAction","target":["https:\/\/fdasrl.it\/pt-pt\/prodotto\/boia-para-bebedouro-com-pre-filtro-3-4-far19\/"]}]},{"@type":"ImageObject","inLanguage":"pt-PT","@id":"https:\/\/fdasrl.it\/pt-pt\/prodotto\/boia-para-bebedouro-com-pre-filtro-3-4-far19\/#primaryimage","url":"https:\/\/fdasrl.it\/wp-content\/uploads\/2026\/03\/Galleggiante-per-abbeveratoio-con-prefiltro-FAR19.png","contentUrl":"https:\/\/fdasrl.it\/wp-content\/uploads\/2026\/03\/Galleggiante-per-abbeveratoio-con-prefiltro-FAR19.png","width":651,"height":383,"caption":"Boia FAR19 para bebedouros autom\u00e1ticos com pr\u00e9-filtro integrado e liga\u00e7\u00e3o de 3\/4\"."},{"@type":"BreadcrumbList","@id":"https:\/\/fdasrl.it\/pt-pt\/prodotto\/boia-para-bebedouro-com-pre-filtro-3-4-far19\/#breadcrumb","itemListElement":[{"@type":"ListItem","position":1,"name":"Home","item":"https:\/\/fdasrl.it\/pt-pt\/inicio\/"},{"@type":"ListItem","position":2,"name":"Loja","item":"https:\/\/fdasrl.it\/pt-pt\/loja\/"},{"@type":"ListItem","position":3,"name":"Boia para bebedouro com pr\u00e9-filtro 3\/4&#8243; \u2013 FAR19"}]},{"@type":"WebSite","@id":"https:\/\/fdasrl.it\/pt-pt\/#website","url":"https:\/\/fdasrl.it\/pt-pt\/","name":"FDA srl","description":"Equipment for animal husbandry","publisher":{"@id":"https:\/\/fdasrl.it\/pt-pt\/#organization"},"potentialAction":[{"@type":"SearchAction","target":{"@type":"EntryPoint","urlTemplate":"https:\/\/fdasrl.it\/pt-pt\/?s={search_term_string}"},"query-input":{"@type":"PropertyValueSpecification","valueRequired":true,"valueName":"search_term_string"}}],"inLanguage":"pt-PT"},{"@type":"Organization","@id":"https:\/\/fdasrl.it\/pt-pt\/#organization","name":"FDA srl","url":"https:\/\/fdasrl.it\/pt-pt\/","logo":{"@type":"ImageObject","inLanguage":"pt-PT","@id":"https:\/\/fdasrl.it\/pt-pt\/#\/schema\/logo\/image\/","url":"https:\/\/fdasrl.it\/wp-content\/uploads\/2024\/12\/Logo-FDA.png","contentUrl":"https:\/\/fdasrl.it\/wp-content\/uploads\/2024\/12\/Logo-FDA.png","width":316,"height":119,"caption":"FDA srl"},"image":{"@id":"https:\/\/fdasrl.it\/pt-pt\/#\/schema\/logo\/image\/"},"sameAs":["https:\/\/www.facebook.com\/share\/1MWhFWg1Tp\/?mibextid=LQQJ4d","https:\/\/www.instagram.com\/fda_srl\/profilecard\/?igsh=YW5lbzJ6MWg0d21u","https:\/\/www.youtube.com\/@FDASRL_ANIMALCARE"],"description":"FDA SRL \u2013 Equipment for animal husbandry nasce con l\u2019obiettivo di offrire soluzioni affidabili e innovative per l\u2019allevamento moderno. Con anni di esperienza nel settore zootecnico, progettiamo e realizziamo attrezzature destinate al benessere animale e alla gestione efficiente delle stalle: vasche, abbeveratoi, mangiatoie e sistemi di riscaldamento pensati per durare nel tempo e semplificare il lavoro quotidiano degli allevatori. Dalla progettazione alla produzione, ogni nostro prodotto \u00e8 studiato nei minimi dettagli, testato con cura e costruito per rispondere alle esigenze reali del settore. La nostra forza \u00e8 unire artigianalit\u00e0, tecnologia e competenza tecnica per trasformare ogni progetto in una soluzione concreta e funzionale. Oggi FDA SRL \u00e8 un punto di riferimento per privati e rivenditori che cercano qualit\u00e0, affidabilit\u00e0 e innovazione nelle attrezzature per l\u2019allevamento.","email":"info@fdasrl.it","telephone":"+390522826820","legalName":"F.D.A. SRL","foundingDate":"2024-10-13","vatID":"03075840359","taxID":"03075840359","numberOfEmployees":{"@type":"QuantitativeValue","minValue":"1","maxValue":"10"}}]},"product_price_currency":"EUR","og_availability":"instock","product_availability":"instock","product_retailer_item_id":"FAR19","product_condition":"new"},"_links":{"self":[{"href":"https:\/\/fdasrl.it\/pt-pt\/wp-json\/wp\/v2\/product\/2708","targetHints":{"allow":["GET"]}}],"collection":[{"href":"https:\/\/fdasrl.it\/pt-pt\/wp-json\/wp\/v2\/product"}],"about":[{"href":"https:\/\/fdasrl.it\/pt-pt\/wp-json\/wp\/v2\/types\/product"}],"replies":[{"embeddable":true,"href":"https:\/\/fdasrl.it\/pt-pt\/wp-json\/wp\/v2\/comments?post=2708"}],"wp:featuredmedia":[{"embeddable":true,"href":"https:\/\/fdasrl.it\/pt-pt\/wp-json\/wp\/v2\/media\/1191"}],"wp:attachment":[{"href":"https:\/\/fdasrl.it\/pt-pt\/wp-json\/wp\/v2\/media?parent=2708"}],"wp:term":[{"taxonomy":"product_brand","embeddable":true,"href":"https:\/\/fdasrl.it\/pt-pt\/wp-json\/wp\/v2\/product_brand?post=2708"},{"taxonomy":"product_cat","embeddable":true,"href":"https:\/\/fdasrl.it\/pt-pt\/wp-json\/wp\/v2\/product_cat?post=2708"},{"taxonomy":"product_tag","embeddable":true,"href":"https:\/\/fdasrl.it\/pt-pt\/wp-json\/wp\/v2\/product_tag?post=2708"}],"curies":[{"name":"wp","href":"https:\/\/api.w.org\/{rel}","templated":true}]}}