{"id":2880,"date":"2025-05-09T15:51:04","date_gmt":"2025-05-09T13:51:04","guid":{"rendered":"https:\/\/fdasrl.it\/prodotto\/estrados-de-borracha-antiderrapante-para-estabulos-sofa\/"},"modified":"2025-05-09T15:51:04","modified_gmt":"2025-05-09T13:51:04","slug":"estrados-de-borracha-antiderrapante-para-estabulos-sofa","status":"publish","type":"product","link":"https:\/\/fdasrl.it\/pt-pt\/prodotto\/estrados-de-borracha-antiderrapante-para-estabulos-sofa\/","title":{"rendered":"Estrados de borracha antiderrapante para est\u00e1bulos Sofa"},"content":{"rendered":"<h2 class=\"\" data-start=\"207\" data-end=\"327\"><strong data-start=\"210\" data-end=\"327\">Estrados de borracha quadrados SOFA \u2013 Pavimenta\u00e7\u00e3o modular antiderrapante para est\u00e1bulos, cub\u00edculos, boxes e salas de ordenha<\/strong><\/h2>\n<p class=\"\" data-start=\"329\" data-end=\"737\">Os <strong data-start=\"332\" data-end=\"368\">estrados de borracha quadrados SOFA PZ<\/strong> representam uma solu\u00e7\u00e3o profissional e eficaz para melhorar a seguran\u00e7a, a higiene e o conforto dos animais no interior dos est\u00e1bulos. Concebidos para uso intensivo no setor zoot\u00e9cnico, estas <strong data-start=\"574\" data-end=\"613\">pavimenta\u00e7\u00f5es modulares antiderrapantes<\/strong> adaptam-se perfeitamente a todas as superf\u00edcies do est\u00e1bulo, garantindo <strong data-start=\"686\" data-end=\"736\">durabilidade, resist\u00eancia e facilidade de instala\u00e7\u00e3o<\/strong>. <\/p>\n<h3 class=\"\" data-start=\"739\" data-end=\"769\">\u2705 <strong data-start=\"745\" data-end=\"768\">Aplica\u00e7\u00f5es ideais<\/strong>:<\/h3>\n<ul data-start=\"770\" data-end=\"1000\">\n<li class=\"\" data-start=\"770\" data-end=\"804\">\n<p class=\"\" data-start=\"772\" data-end=\"804\">Cub\u00edculos e corredores de passagem<\/p>\n<\/li>\n<li class=\"\" data-start=\"805\" data-end=\"839\">\n<p class=\"\" data-start=\"807\" data-end=\"839\">Salas de ordenha e salas de espera<\/p>\n<\/li>\n<li class=\"\" data-start=\"840\" data-end=\"887\">\n<p class=\"\" data-start=\"842\" data-end=\"887\">Pavimentos grelhados e \u00e1reas de tr\u00e2nsito<\/p>\n<\/li>\n<li class=\"\" data-start=\"888\" data-end=\"934\">\n<p class=\"\" data-start=\"890\" data-end=\"934\">Est\u00e1bulos fixos e \u00e1reas de alimenta\u00e7\u00e3o<\/p>\n<\/li>\n<li class=\"\" data-start=\"935\" data-end=\"961\">\n<p class=\"\" data-start=\"937\" data-end=\"961\">Boxes de enfermaria e parto<\/p>\n<\/li>\n<li class=\"\" data-start=\"962\" data-end=\"1000\">\n<p class=\"\" data-start=\"964\" data-end=\"1000\">Boxes para vitelos e gado jovem<\/p>\n<\/li>\n<\/ul>\n<h3 class=\"\" data-start=\"1002\" data-end=\"1053\">\u2b50 <strong data-start=\"1008\" data-end=\"1052\">Principais vantagens dos estrados quadrados SOFA<\/strong>:<\/h3>\n<ul data-start=\"1054\" data-end=\"2006\">\n<li class=\"\" data-start=\"1054\" data-end=\"1191\">\n<p class=\"\" data-start=\"1056\" data-end=\"1191\"><strong data-start=\"1056\" data-end=\"1098\">Conforto e seguran\u00e7a para os seus animais<\/strong>: a superf\u00edcie el\u00e1stica reduz a fadiga e melhora a qualidade de vida do gado.<\/p>\n<\/li>\n<li class=\"\" data-start=\"1192\" data-end=\"1316\">\n<p class=\"\" data-start=\"1194\" data-end=\"1316\"><strong data-start=\"1194\" data-end=\"1220\">Superf\u00edcie antiderrapante<\/strong>: concebida para reduzir o risco de quedas, mesmo na presen\u00e7a de humidade ou res\u00edduos org\u00e2nicos.<\/p>\n<\/li>\n<li class=\"\" data-start=\"1317\" data-end=\"1425\">\n<p class=\"\" data-start=\"1319\" data-end=\"1425\"><strong data-start=\"1319\" data-end=\"1349\">Maior bem-estar animal<\/strong>: o conforto sob os cascos ajuda a prevenir manqueiras, les\u00f5es e stresse.<\/p>\n<\/li>\n<li class=\"\" data-start=\"1426\" data-end=\"1531\">\n<p class=\"\" data-start=\"1428\" data-end=\"1531\"><strong data-start=\"1428\" data-end=\"1450\">Isolamento t\u00e9rmico<\/strong>: protege contra o frio do solo, ideal para per\u00edodos de inverno ou ambientes h\u00famidos.<\/p>\n<\/li>\n<li class=\"\" data-start=\"1532\" data-end=\"1651\">\n<p class=\"\" data-start=\"1534\" data-end=\"1651\"><strong data-start=\"1534\" data-end=\"1562\">Amortecimento eficaz<\/strong>: reduz o impacto nas articula\u00e7\u00f5es e ligamentos, melhorando a mobilidade dos animais.<\/p>\n<\/li>\n<li class=\"\" data-start=\"1652\" data-end=\"1766\">\n<p class=\"\" data-start=\"1654\" data-end=\"1766\"><strong data-start=\"1654\" data-end=\"1677\">Facilidade de limpeza<\/strong>: superf\u00edcie compacta e imperme\u00e1vel que facilita as opera\u00e7\u00f5es di\u00e1rias de lavagem.<\/p>\n<\/li>\n<li class=\"\" data-start=\"1767\" data-end=\"1879\">\n<p class=\"\" data-start=\"1769\" data-end=\"1879\"><strong data-start=\"1769\" data-end=\"1801\">Elevada resist\u00eancia ao desgaste<\/strong>: material duradouro mesmo em condi\u00e7\u00f5es de tr\u00e1fego e solicita\u00e7\u00e3o intensos.<\/p>\n<\/li>\n<li class=\"\" data-start=\"1880\" data-end=\"2006\">\n<p class=\"\" data-start=\"1882\" data-end=\"2006\"><strong data-start=\"1882\" data-end=\"1917\">Instala\u00e7\u00e3o simples e r\u00e1pida<\/strong>: sistema de encaixe tipo puzzle, adapt\u00e1vel a qualquer superf\u00edcie, mesmo irregular.<\/p>\n<\/li>\n<\/ul>\n<h3 class=\"\" data-start=\"2008\" data-end=\"2044\">\ud83d\udcd0 <strong data-start=\"2015\" data-end=\"2043\">Caracter\u00edsticas t\u00e9cnicas<\/strong>:<\/h3>\n<ul data-start=\"2045\" data-end=\"2208\">\n<li class=\"\" data-start=\"2045\" data-end=\"2089\">\n<p class=\"\" data-start=\"2047\" data-end=\"2089\">Material: borracha t\u00e9cnica de alta densidade<\/p>\n<\/li>\n<li class=\"\" data-start=\"2090\" data-end=\"2122\">\n<p class=\"\" data-start=\"2092\" data-end=\"2122\">Formato modular de encaixe<\/p>\n<\/li>\n<li class=\"\" data-start=\"2123\" data-end=\"2178\">\n<p class=\"\" data-start=\"2125\" data-end=\"2178\">Espessura e dimens\u00f5es personaliz\u00e1veis sob consulta<\/p>\n<\/li>\n<li class=\"\" data-start=\"2179\" data-end=\"2208\">\n<p class=\"\" data-start=\"2181\" data-end=\"2208\">Cor: preto ou sob consulta<\/p>\n<\/li>\n<\/ul>\n<hr class=\"\" data-start=\"2210\" data-end=\"2213\">\n<h3 class=\"\" data-start=\"2215\" data-end=\"2279\">\ud83d\udc04 <strong data-start=\"2222\" data-end=\"2279\">Porqu\u00ea escolher os estrados <\/strong><strong data-start=\"1008\" data-end=\"1052\">quadrados SOFA <\/strong><strong data-start=\"2222\" data-end=\"2279\">para o seu est\u00e1bulo?<\/strong><\/h3>\n<p class=\"\" data-start=\"2280\" data-end=\"2615\">Os estrados quadrados SOFA melhoram significativamente as condi\u00e7\u00f5es ambientais nos est\u00e1bulos, contribuindo para o <strong data-start=\"2383\" data-end=\"2404\">bem-estar animal<\/strong>, para a <strong data-start=\"2411\" data-end=\"2440\">produtividade do gado<\/strong> e para a <strong data-start=\"2448\" data-end=\"2477\">seguran\u00e7a dos operadores<\/strong>.<br data-start=\"2478\" data-end=\"2481\">Solu\u00e7\u00e3o ideal para explora\u00e7\u00f5es de bovinos, ovinos e su\u00ednos, com particular efic\u00e1cia em \u00e1reas sujeitas a elevada humidade ou movimenta\u00e7\u00e3o.<\/p>\n<p>&nbsp;<\/p>\n","protected":false},"excerpt":{"rendered":"<p><strong data-start=\"147\" data-end=\"194\">Estrados de borracha tipo puzzle SOFA PZ para est\u00e1bulos<\/strong>: pavimenta\u00e7\u00e3o modular antiderrapante para cub\u00edculos, salas de ordenha, boxes de parto e passagens. Conforto, seguran\u00e7a e bem-estar para os seus animais. <\/p>\n<p>Descarregar as fichas t\u00e9cnicas:<\/p>\n<p><strong><a href=\"https:\/\/fdasrl.it\/wp-content\/uploads\/2025\/05\/SOFA-ITpdf_compressed.pdf\">SOFA-ITpdf_compressed<\/a> <\/strong><\/p>\n<p><strong><a href=\"https:\/\/fdasrl.it\/wp-content\/uploads\/2025\/05\/SOFA-EN-pagine_compressed-1.pdf\">SOFA-EN-pagine_compressed (1)<\/a><\/strong><\/p>\n<p>SOLICITE A FICHA T\u00c9CNICA COMPLETA ENVIANDO-NOS UM E-MAIL: <a href=\"mailto:info@fdasrl.it\">info@fdasrl.it<\/a><\/p>\n","protected":false},"featured_media":790,"comment_status":"open","ping_status":"closed","template":"","meta":{"_et_pb_use_builder":"","_et_pb_old_content":"","_et_gb_content_width":""},"product_brand":[],"product_cat":[701,383,609,700,702,703,704],"product_tag":[705],"class_list":{"0":"post-2880","1":"product","2":"type-product","3":"status-publish","4":"has-post-thumbnail","6":"product_cat-bem-estar-animal","7":"product_cat-bovinos","8":"product_cat-cavalos","9":"product_cat-limpeza-de-cascos-e-tapetes-antiderrapantes-para-vacas","10":"product_cat-tapetes-antiderrapantes-para-equinos","11":"product_cat-tapetes-de-borracha-antiderrapante","12":"product_cat-tapetes-de-borracha-antiderrapante-para-suinos","13":"product_tag-sofa","15":"first","16":"instock","17":"shipping-taxable","18":"product-type-simple"},"yoast_head":"<!-- This site is optimized with the Yoast SEO Premium plugin v27.5 (Yoast SEO v27.6) - https:\/\/yoast.com\/product\/yoast-seo-premium-wordpress\/ -->\n<title>Estrados Antiderrapantes Quadrados Para Est\u00e1bulos: Seguran\u00e7a e Conforto - FDA srl<\/title>\n<meta name=\"description\" content=\"Melhore o conforto e a seguran\u00e7a dos animais com os estrados antiderrapantes quadrados para est\u00e1bulos. Concebidos para durar e adaptar-se a qualquer superf\u00edcie!\" \/>\n<meta name=\"robots\" content=\"index, follow, max-snippet:-1, max-image-preview:large, max-video-preview:-1\" \/>\n<link rel=\"canonical\" href=\"https:\/\/fdasrl.it\/pt-pt\/prodotto\/estrados-de-borracha-antiderrapante-para-estabulos-sofa\/\" \/>\n<meta property=\"og:locale\" content=\"pt_PT\" \/>\n<meta property=\"og:type\" content=\"article\" \/>\n<meta property=\"og:title\" content=\"Estrados de borracha antiderrapante para est\u00e1bulos Sofa\" \/>\n<meta property=\"og:description\" content=\"Melhore o conforto e a seguran\u00e7a dos animais com os estrados antiderrapantes quadrados para est\u00e1bulos. Concebidos para durar e adaptar-se a qualquer superf\u00edcie!\" \/>\n<meta property=\"og:url\" content=\"https:\/\/fdasrl.it\/pt-pt\/prodotto\/estrados-de-borracha-antiderrapante-para-estabulos-sofa\/\" \/>\n<meta property=\"og:site_name\" content=\"FDA srl\" \/>\n<meta property=\"article:publisher\" content=\"https:\/\/www.facebook.com\/share\/1MWhFWg1Tp\/?mibextid=LQQJ4d\" \/>\n<meta property=\"og:image\" content=\"https:\/\/fdasrl.it\/wp-content\/uploads\/2025\/05\/Pavimentazione-gomma-stalla-quaadro-sofa.jpeg\" \/>\n\t<meta property=\"og:image:width\" content=\"1199\" \/>\n\t<meta property=\"og:image:height\" content=\"1200\" \/>\n\t<meta property=\"og:image:type\" content=\"image\/jpeg\" \/>\n<meta name=\"twitter:card\" content=\"summary_large_image\" \/>\n<meta name=\"twitter:label1\" content=\"pre\u00e7o\" \/>\n\t<meta name=\"twitter:data1\" content=\"\" \/>\n\t<meta name=\"twitter:label2\" content=\"Disponibilidade\" \/>\n\t<meta name=\"twitter:data2\" content=\"Em stock\" \/>\n<meta property=\"product:price:currency\" content=\"EUR\" \/>\n<meta property=\"og:availability\" content=\"instock\" \/>\n<meta property=\"product:availability\" content=\"instock\" \/>\n<meta property=\"product:retailer_item_id\" content=\"SOFAPZ-1\" \/>\n<meta property=\"product:condition\" content=\"new\" \/>\n<!-- \/ Yoast SEO Premium plugin. -->","yoast_head_json":{"title":"Estrados Antiderrapantes Quadrados Para Est\u00e1bulos: Seguran\u00e7a e Conforto - FDA srl","description":"Melhore o conforto e a seguran\u00e7a dos animais com os estrados antiderrapantes quadrados para est\u00e1bulos. Concebidos para durar e adaptar-se a qualquer superf\u00edcie!","robots":{"index":"index","follow":"follow","max-snippet":"max-snippet:-1","max-image-preview":"max-image-preview:large","max-video-preview":"max-video-preview:-1"},"canonical":"https:\/\/fdasrl.it\/pt-pt\/prodotto\/estrados-de-borracha-antiderrapante-para-estabulos-sofa\/","og_locale":"pt_PT","og_type":"article","og_title":"Estrados de borracha antiderrapante para est\u00e1bulos Sofa","og_description":"Melhore o conforto e a seguran\u00e7a dos animais com os estrados antiderrapantes quadrados para est\u00e1bulos. Concebidos para durar e adaptar-se a qualquer superf\u00edcie!","og_url":"https:\/\/fdasrl.it\/pt-pt\/prodotto\/estrados-de-borracha-antiderrapante-para-estabulos-sofa\/","og_site_name":"FDA srl","article_publisher":"https:\/\/www.facebook.com\/share\/1MWhFWg1Tp\/?mibextid=LQQJ4d","og_image":[{"width":1199,"height":1200,"url":"https:\/\/fdasrl.it\/wp-content\/uploads\/2025\/05\/Pavimentazione-gomma-stalla-quaadro-sofa.jpeg","type":"image\/jpeg"}],"twitter_card":"summary_large_image","twitter_misc":{"pre\u00e7o":"","Disponibilidade":"Em stock"},"schema":{"@context":"https:\/\/schema.org","@graph":[{"@type":"WebPage","@id":"https:\/\/fdasrl.it\/pt-pt\/prodotto\/estrados-de-borracha-antiderrapante-para-estabulos-sofa\/","url":"https:\/\/fdasrl.it\/pt-pt\/prodotto\/estrados-de-borracha-antiderrapante-para-estabulos-sofa\/","name":"Estrados Antiderrapantes Quadrados Para Est\u00e1bulos: Seguran\u00e7a e Conforto - FDA srl","isPartOf":{"@id":"https:\/\/fdasrl.it\/pt-pt\/#website"},"primaryImageOfPage":{"@id":"https:\/\/fdasrl.it\/pt-pt\/prodotto\/estrados-de-borracha-antiderrapante-para-estabulos-sofa\/#primaryimage"},"image":{"@id":"https:\/\/fdasrl.it\/pt-pt\/prodotto\/estrados-de-borracha-antiderrapante-para-estabulos-sofa\/#primaryimage"},"thumbnailUrl":"https:\/\/fdasrl.it\/wp-content\/uploads\/2025\/05\/Pavimentazione-gomma-stalla-quaadro-sofa.jpeg","datePublished":"2025-05-09T13:51:04+00:00","description":"Melhore o conforto e a seguran\u00e7a dos animais com os estrados antiderrapantes quadrados para est\u00e1bulos. Concebidos para durar e adaptar-se a qualquer superf\u00edcie!","breadcrumb":{"@id":"https:\/\/fdasrl.it\/pt-pt\/prodotto\/estrados-de-borracha-antiderrapante-para-estabulos-sofa\/#breadcrumb"},"inLanguage":"pt-PT","potentialAction":[{"@type":"ReadAction","target":["https:\/\/fdasrl.it\/pt-pt\/prodotto\/estrados-de-borracha-antiderrapante-para-estabulos-sofa\/"]}]},{"@type":"ImageObject","inLanguage":"pt-PT","@id":"https:\/\/fdasrl.it\/pt-pt\/prodotto\/estrados-de-borracha-antiderrapante-para-estabulos-sofa\/#primaryimage","url":"https:\/\/fdasrl.it\/wp-content\/uploads\/2025\/05\/Pavimentazione-gomma-stalla-quaadro-sofa.jpeg","contentUrl":"https:\/\/fdasrl.it\/wp-content\/uploads\/2025\/05\/Pavimentazione-gomma-stalla-quaadro-sofa.jpeg","width":1199,"height":1200,"caption":"Tappetino in gomma antiscivolo per stalle"},{"@type":"BreadcrumbList","@id":"https:\/\/fdasrl.it\/pt-pt\/prodotto\/estrados-de-borracha-antiderrapante-para-estabulos-sofa\/#breadcrumb","itemListElement":[{"@type":"ListItem","position":1,"name":"Home","item":"https:\/\/fdasrl.it\/pt-pt\/inicio\/"},{"@type":"ListItem","position":2,"name":"Loja","item":"https:\/\/fdasrl.it\/pt-pt\/loja\/"},{"@type":"ListItem","position":3,"name":"Estrados de borracha antiderrapante para est\u00e1bulos Sofa"}]},{"@type":"WebSite","@id":"https:\/\/fdasrl.it\/pt-pt\/#website","url":"https:\/\/fdasrl.it\/pt-pt\/","name":"FDA srl","description":"Equipment for animal husbandry","publisher":{"@id":"https:\/\/fdasrl.it\/pt-pt\/#organization"},"potentialAction":[{"@type":"SearchAction","target":{"@type":"EntryPoint","urlTemplate":"https:\/\/fdasrl.it\/pt-pt\/?s={search_term_string}"},"query-input":{"@type":"PropertyValueSpecification","valueRequired":true,"valueName":"search_term_string"}}],"inLanguage":"pt-PT"},{"@type":"Organization","@id":"https:\/\/fdasrl.it\/pt-pt\/#organization","name":"FDA srl","url":"https:\/\/fdasrl.it\/pt-pt\/","logo":{"@type":"ImageObject","inLanguage":"pt-PT","@id":"https:\/\/fdasrl.it\/pt-pt\/#\/schema\/logo\/image\/","url":"https:\/\/fdasrl.it\/wp-content\/uploads\/2024\/12\/Logo-FDA.png","contentUrl":"https:\/\/fdasrl.it\/wp-content\/uploads\/2024\/12\/Logo-FDA.png","width":316,"height":119,"caption":"FDA srl"},"image":{"@id":"https:\/\/fdasrl.it\/pt-pt\/#\/schema\/logo\/image\/"},"sameAs":["https:\/\/www.facebook.com\/share\/1MWhFWg1Tp\/?mibextid=LQQJ4d","https:\/\/www.instagram.com\/fda_srl\/profilecard\/?igsh=YW5lbzJ6MWg0d21u","https:\/\/www.youtube.com\/@FDASRL_ANIMALCARE"],"description":"FDA SRL \u2013 Equipment for animal husbandry nasce con l\u2019obiettivo di offrire soluzioni affidabili e innovative per l\u2019allevamento moderno. Con anni di esperienza nel settore zootecnico, progettiamo e realizziamo attrezzature destinate al benessere animale e alla gestione efficiente delle stalle: vasche, abbeveratoi, mangiatoie e sistemi di riscaldamento pensati per durare nel tempo e semplificare il lavoro quotidiano degli allevatori. Dalla progettazione alla produzione, ogni nostro prodotto \u00e8 studiato nei minimi dettagli, testato con cura e costruito per rispondere alle esigenze reali del settore. La nostra forza \u00e8 unire artigianalit\u00e0, tecnologia e competenza tecnica per trasformare ogni progetto in una soluzione concreta e funzionale. Oggi FDA SRL \u00e8 un punto di riferimento per privati e rivenditori che cercano qualit\u00e0, affidabilit\u00e0 e innovazione nelle attrezzature per l\u2019allevamento.","email":"info@fdasrl.it","telephone":"+390522826820","legalName":"F.D.A. SRL","foundingDate":"2024-10-13","vatID":"03075840359","taxID":"03075840359","numberOfEmployees":{"@type":"QuantitativeValue","minValue":"1","maxValue":"10"}}]},"product_price_currency":"EUR","og_availability":"instock","product_availability":"instock","product_retailer_item_id":"SOFAPZ-1","product_condition":"new"},"_links":{"self":[{"href":"https:\/\/fdasrl.it\/pt-pt\/wp-json\/wp\/v2\/product\/2880","targetHints":{"allow":["GET"]}}],"collection":[{"href":"https:\/\/fdasrl.it\/pt-pt\/wp-json\/wp\/v2\/product"}],"about":[{"href":"https:\/\/fdasrl.it\/pt-pt\/wp-json\/wp\/v2\/types\/product"}],"replies":[{"embeddable":true,"href":"https:\/\/fdasrl.it\/pt-pt\/wp-json\/wp\/v2\/comments?post=2880"}],"wp:featuredmedia":[{"embeddable":true,"href":"https:\/\/fdasrl.it\/pt-pt\/wp-json\/wp\/v2\/media\/790"}],"wp:attachment":[{"href":"https:\/\/fdasrl.it\/pt-pt\/wp-json\/wp\/v2\/media?parent=2880"}],"wp:term":[{"taxonomy":"product_brand","embeddable":true,"href":"https:\/\/fdasrl.it\/pt-pt\/wp-json\/wp\/v2\/product_brand?post=2880"},{"taxonomy":"product_cat","embeddable":true,"href":"https:\/\/fdasrl.it\/pt-pt\/wp-json\/wp\/v2\/product_cat?post=2880"},{"taxonomy":"product_tag","embeddable":true,"href":"https:\/\/fdasrl.it\/pt-pt\/wp-json\/wp\/v2\/product_tag?post=2880"}],"curies":[{"name":"wp","href":"https:\/\/api.w.org\/{rel}","templated":true}]}}