{"id":2933,"date":"2025-01-21T13:06:43","date_gmt":"2025-01-21T12:06:43","guid":{"rendered":"https:\/\/fdasrl.it\/prodotto\/grupo-bomba-de-ordenha-de-400-litros-com-acumulador\/"},"modified":"2025-01-21T13:06:43","modified_gmt":"2025-01-21T12:06:43","slug":"grupo-bomba-de-ordenha-de-400-litros-com-acumulador","status":"publish","type":"product","link":"https:\/\/fdasrl.it\/pt-pt\/prodotto\/grupo-bomba-de-ordenha-de-400-litros-com-acumulador\/","title":{"rendered":"GRUPO BOMBA DE ORDENHA DE 400 LITROS COM ACUMULADOR"},"content":{"rendered":"<div>\n<h3 data-start=\"180\" data-end=\"274\"><strong data-start=\"184\" data-end=\"274\">Grupo Bomba de V\u00e1cuo 400 L\/min com Acumulador de 18 Litros para Compensa\u00e7\u00e3o de V\u00e1cuo para sistemas de ordenha \u2013 Motor 1,1 kW 220V<\/strong><\/h3>\n<p data-start=\"276\" data-end=\"562\">Fi\u00e1vel e eficiente, esta <strong data-start=\"309\" data-end=\"351\">bomba de v\u00e1cuo de 400 litros por minuto<\/strong> \u00e9 ideal para sistemas de ordenha profissionais de pequena e m\u00e9dia dimens\u00e3o.<br data-start=\"431\" data-end=\"434\">Gra\u00e7as \u00e0 <strong data-start=\"446\" data-end=\"503\">bomba a seco com palhetas em grafite autolubrificantes<\/strong>, garante uma longa vida \u00fatil e baixas necessidades de manuten\u00e7\u00e3o.<\/p>\n<h4 data-start=\"564\" data-end=\"611\">\u2705 <strong data-start=\"571\" data-end=\"611\">Principais caracter\u00edsticas t\u00e9cnicas:<\/strong><\/h4>\n<ul data-start=\"612\" data-end=\"888\">\n<li data-start=\"612\" data-end=\"650\">\n<p data-start=\"614\" data-end=\"650\"><strong data-start=\"614\" data-end=\"637\">Caudal da bomba<\/strong>: 400 L\/min &#8211; 1,5 HP<\/p>\n<\/li>\n<li data-start=\"651\" data-end=\"721\">\n<p data-start=\"653\" data-end=\"721\"><strong data-start=\"653\" data-end=\"670\">Tipo de bomba<\/strong>: A seco com palhetas em grafite autolubrificantes<\/p>\n<\/li>\n<li data-start=\"722\" data-end=\"761\">\n<p data-start=\"724\" data-end=\"761\"><strong data-start=\"724\" data-end=\"749\">Dep\u00f3sito de acumula\u00e7\u00e3o<\/strong>: 18 litros<\/p>\n<\/li>\n<li data-start=\"762\" data-end=\"805\">\n<p data-start=\"764\" data-end=\"805\"><strong data-start=\"764\" data-end=\"784\">Motor el\u00e9trico<\/strong>: 1,1 kW \u2013 monof\u00e1sico<\/p>\n<\/li>\n<li data-start=\"806\" data-end=\"840\">\n<p data-start=\"808\" data-end=\"840\"><strong data-start=\"808\" data-end=\"825\">Alimenta\u00e7\u00e3o<\/strong>: 220V \u2013 50 Hz<\/p>\n<\/li>\n<li data-start=\"841\" data-end=\"888\">\n<p data-start=\"843\" data-end=\"888\"><strong data-start=\"843\" data-end=\"865\">Estrutura compacta<\/strong> e f\u00e1cil de instalar<\/p>\n<\/li>\n<\/ul>\n<h4 data-start=\"890\" data-end=\"924\">\ud83d\udc04 <strong data-start=\"898\" data-end=\"924\">Capacidade de ordenha:<\/strong><\/h4>\n<ul data-start=\"925\" data-end=\"1018\">\n<li data-start=\"925\" data-end=\"975\">\n<p data-start=\"927\" data-end=\"975\"><strong data-start=\"927\" data-end=\"954\">At\u00e9 4 cabras ou ovelhas<\/strong> em simult\u00e2neo<\/p>\n<\/li>\n<li data-start=\"976\" data-end=\"1018\">\n<p data-start=\"978\" data-end=\"1018\"><strong data-start=\"978\" data-end=\"997\">At\u00e9 2 vacas<\/strong> em simult\u00e2neo<\/p>\n<\/li>\n<\/ul>\n<p data-start=\"1020\" data-end=\"1162\">Ideal para criadores que procuram uma <strong data-start=\"1058\" data-end=\"1123\">bomba de ordenha eficiente, compacta e de f\u00e1cil utiliza\u00e7\u00e3o<\/strong>. Perfeita para sistemas m\u00f3veis ou fixos. <\/p>\n<hr data-start=\"1164\" data-end=\"1167\">\n<h3 data-start=\"1169\" data-end=\"1243\">\ud83d\uded2 <strong data-start=\"1176\" data-end=\"1243\">Compre agora a Bomba de V\u00e1cuo de 400 L na nossa loja online<\/strong><\/h3>\n<p data-start=\"1245\" data-end=\"1283\">\ud83d\udc49 <a href=\"https:\/\/fda-shop.it\/shop\/gruppo-pompa-mungitore-da-400-litri-con-accumulatore\" target=\"_blank\" rel=\"noopener\">Loja online<\/a><\/p>\n<\/div>\n","protected":false},"excerpt":{"rendered":"<p>Bomba de v\u00e1cuo de 400 L\/min com dep\u00f3sito de 18 litros, ideal para ordenha de 4 cabras ou 2 vacas. Equipada com motor el\u00e9trico de 1,1 kW e bomba a seco com palhetas em grafite autolubrificantes. <\/p>\n","protected":false},"featured_media":470,"comment_status":"open","ping_status":"closed","template":"","meta":{"_et_pb_use_builder":"","_et_pb_old_content":"","_et_gb_content_width":""},"product_brand":[],"product_cat":[500,384],"product_tag":[724],"class_list":{"0":"post-2933","1":"product","2":"type-product","3":"status-publish","4":"has-post-thumbnail","6":"product_cat-acessorios-para-ordenhadoras","7":"product_cat-ordenhas-moveis","8":"product_tag-facm99001","10":"first","11":"instock","12":"shipping-taxable","13":"product-type-simple"},"yoast_head":"<!-- This site is optimized with the Yoast SEO Premium plugin v27.5 (Yoast SEO v27.6) - https:\/\/yoast.com\/product\/yoast-seo-premium-wordpress\/ -->\n<title>Grupo bomba de v\u00e1cuo para ordenhadeira f\u00e1cil de instalar - FDA srl<\/title>\n<meta name=\"description\" content=\"Otimize o seu sistema de ordenha com o grupo bomba de v\u00e1cuo para ordenhadeira, que oferece efici\u00eancia e baixos custos de manuten\u00e7\u00e3o. Compre agora!\" \/>\n<meta name=\"robots\" content=\"index, follow, max-snippet:-1, max-image-preview:large, max-video-preview:-1\" \/>\n<link rel=\"canonical\" href=\"https:\/\/fdasrl.it\/pt-pt\/prodotto\/grupo-bomba-de-ordenha-de-400-litros-com-acumulador\/\" \/>\n<meta property=\"og:locale\" content=\"pt_PT\" \/>\n<meta property=\"og:type\" content=\"article\" \/>\n<meta property=\"og:title\" content=\"GRUPO BOMBA DE ORDENHA DE 400 LITROS COM ACUMULADOR\" \/>\n<meta property=\"og:description\" content=\"Otimize o seu sistema de ordenha com o grupo bomba de v\u00e1cuo para ordenhadeira, que oferece efici\u00eancia e baixos custos de manuten\u00e7\u00e3o. Compre agora!\" \/>\n<meta property=\"og:url\" content=\"https:\/\/fdasrl.it\/pt-pt\/prodotto\/grupo-bomba-de-ordenha-de-400-litros-com-acumulador\/\" \/>\n<meta property=\"og:site_name\" content=\"FDA srl\" \/>\n<meta property=\"article:publisher\" content=\"https:\/\/www.facebook.com\/share\/1MWhFWg1Tp\/?mibextid=LQQJ4d\" \/>\n<meta property=\"og:image\" content=\"https:\/\/fdasrl.it\/wp-content\/uploads\/2025\/01\/FACM99001_1.jpg\" \/>\n\t<meta property=\"og:image:width\" content=\"225\" \/>\n\t<meta property=\"og:image:height\" content=\"300\" \/>\n\t<meta property=\"og:image:type\" content=\"image\/jpeg\" \/>\n<meta name=\"twitter:card\" content=\"summary_large_image\" \/>\n<meta name=\"twitter:label1\" content=\"pre\u00e7o\" \/>\n\t<meta name=\"twitter:data1\" content=\"\" \/>\n\t<meta name=\"twitter:label2\" content=\"Disponibilidade\" \/>\n\t<meta name=\"twitter:data2\" content=\"Em stock\" \/>\n<meta property=\"product:price:currency\" content=\"EUR\" \/>\n<meta property=\"og:availability\" content=\"instock\" \/>\n<meta property=\"product:availability\" content=\"instock\" \/>\n<meta property=\"product:retailer_item_id\" content=\"FACM99001\" \/>\n<meta property=\"product:condition\" content=\"new\" \/>\n<!-- \/ Yoast SEO Premium plugin. -->","yoast_head_json":{"title":"Grupo bomba de v\u00e1cuo para ordenhadeira f\u00e1cil de instalar - FDA srl","description":"Otimize o seu sistema de ordenha com o grupo bomba de v\u00e1cuo para ordenhadeira, que oferece efici\u00eancia e baixos custos de manuten\u00e7\u00e3o. Compre agora!","robots":{"index":"index","follow":"follow","max-snippet":"max-snippet:-1","max-image-preview":"max-image-preview:large","max-video-preview":"max-video-preview:-1"},"canonical":"https:\/\/fdasrl.it\/pt-pt\/prodotto\/grupo-bomba-de-ordenha-de-400-litros-com-acumulador\/","og_locale":"pt_PT","og_type":"article","og_title":"GRUPO BOMBA DE ORDENHA DE 400 LITROS COM ACUMULADOR","og_description":"Otimize o seu sistema de ordenha com o grupo bomba de v\u00e1cuo para ordenhadeira, que oferece efici\u00eancia e baixos custos de manuten\u00e7\u00e3o. Compre agora!","og_url":"https:\/\/fdasrl.it\/pt-pt\/prodotto\/grupo-bomba-de-ordenha-de-400-litros-com-acumulador\/","og_site_name":"FDA srl","article_publisher":"https:\/\/www.facebook.com\/share\/1MWhFWg1Tp\/?mibextid=LQQJ4d","og_image":[{"width":225,"height":300,"url":"https:\/\/fdasrl.it\/wp-content\/uploads\/2025\/01\/FACM99001_1.jpg","type":"image\/jpeg"}],"twitter_card":"summary_large_image","twitter_misc":{"pre\u00e7o":"","Disponibilidade":"Em stock"},"schema":{"@context":"https:\/\/schema.org","@graph":[{"@type":"WebPage","@id":"https:\/\/fdasrl.it\/pt-pt\/prodotto\/grupo-bomba-de-ordenha-de-400-litros-com-acumulador\/","url":"https:\/\/fdasrl.it\/pt-pt\/prodotto\/grupo-bomba-de-ordenha-de-400-litros-com-acumulador\/","name":"Grupo bomba de v\u00e1cuo para ordenhadeira f\u00e1cil de instalar - FDA srl","isPartOf":{"@id":"https:\/\/fdasrl.it\/pt-pt\/#website"},"primaryImageOfPage":{"@id":"https:\/\/fdasrl.it\/pt-pt\/prodotto\/grupo-bomba-de-ordenha-de-400-litros-com-acumulador\/#primaryimage"},"image":{"@id":"https:\/\/fdasrl.it\/pt-pt\/prodotto\/grupo-bomba-de-ordenha-de-400-litros-com-acumulador\/#primaryimage"},"thumbnailUrl":"https:\/\/fdasrl.it\/wp-content\/uploads\/2025\/01\/FACM99001_1.jpg","datePublished":"2025-01-21T12:06:43+00:00","description":"Otimize o seu sistema de ordenha com o grupo bomba de v\u00e1cuo para ordenhadeira, que oferece efici\u00eancia e baixos custos de manuten\u00e7\u00e3o. Compre agora!","breadcrumb":{"@id":"https:\/\/fdasrl.it\/pt-pt\/prodotto\/grupo-bomba-de-ordenha-de-400-litros-com-acumulador\/#breadcrumb"},"inLanguage":"pt-PT","potentialAction":[{"@type":"ReadAction","target":["https:\/\/fdasrl.it\/pt-pt\/prodotto\/grupo-bomba-de-ordenha-de-400-litros-com-acumulador\/"]}]},{"@type":"ImageObject","inLanguage":"pt-PT","@id":"https:\/\/fdasrl.it\/pt-pt\/prodotto\/grupo-bomba-de-ordenha-de-400-litros-com-acumulador\/#primaryimage","url":"https:\/\/fdasrl.it\/wp-content\/uploads\/2025\/01\/FACM99001_1.jpg","contentUrl":"https:\/\/fdasrl.it\/wp-content\/uploads\/2025\/01\/FACM99001_1.jpg","width":225,"height":300,"caption":"Pompa del vuoto 400 litri per mungitura con serbatoio di compensazione da 18 litri"},{"@type":"BreadcrumbList","@id":"https:\/\/fdasrl.it\/pt-pt\/prodotto\/grupo-bomba-de-ordenha-de-400-litros-com-acumulador\/#breadcrumb","itemListElement":[{"@type":"ListItem","position":1,"name":"Home","item":"https:\/\/fdasrl.it\/pt-pt\/inicio\/"},{"@type":"ListItem","position":2,"name":"Loja","item":"https:\/\/fdasrl.it\/pt-pt\/loja\/"},{"@type":"ListItem","position":3,"name":"GRUPO BOMBA DE ORDENHA DE 400 LITROS COM ACUMULADOR"}]},{"@type":"WebSite","@id":"https:\/\/fdasrl.it\/pt-pt\/#website","url":"https:\/\/fdasrl.it\/pt-pt\/","name":"FDA srl","description":"Equipment for animal husbandry","publisher":{"@id":"https:\/\/fdasrl.it\/pt-pt\/#organization"},"potentialAction":[{"@type":"SearchAction","target":{"@type":"EntryPoint","urlTemplate":"https:\/\/fdasrl.it\/pt-pt\/?s={search_term_string}"},"query-input":{"@type":"PropertyValueSpecification","valueRequired":true,"valueName":"search_term_string"}}],"inLanguage":"pt-PT"},{"@type":"Organization","@id":"https:\/\/fdasrl.it\/pt-pt\/#organization","name":"FDA srl","url":"https:\/\/fdasrl.it\/pt-pt\/","logo":{"@type":"ImageObject","inLanguage":"pt-PT","@id":"https:\/\/fdasrl.it\/pt-pt\/#\/schema\/logo\/image\/","url":"https:\/\/fdasrl.it\/wp-content\/uploads\/2024\/12\/Logo-FDA.png","contentUrl":"https:\/\/fdasrl.it\/wp-content\/uploads\/2024\/12\/Logo-FDA.png","width":316,"height":119,"caption":"FDA srl"},"image":{"@id":"https:\/\/fdasrl.it\/pt-pt\/#\/schema\/logo\/image\/"},"sameAs":["https:\/\/www.facebook.com\/share\/1MWhFWg1Tp\/?mibextid=LQQJ4d","https:\/\/www.instagram.com\/fda_srl\/profilecard\/?igsh=YW5lbzJ6MWg0d21u","https:\/\/www.youtube.com\/@FDASRL_ANIMALCARE"],"description":"FDA SRL \u2013 Equipment for animal husbandry nasce con l\u2019obiettivo di offrire soluzioni affidabili e innovative per l\u2019allevamento moderno. Con anni di esperienza nel settore zootecnico, progettiamo e realizziamo attrezzature destinate al benessere animale e alla gestione efficiente delle stalle: vasche, abbeveratoi, mangiatoie e sistemi di riscaldamento pensati per durare nel tempo e semplificare il lavoro quotidiano degli allevatori. Dalla progettazione alla produzione, ogni nostro prodotto \u00e8 studiato nei minimi dettagli, testato con cura e costruito per rispondere alle esigenze reali del settore. La nostra forza \u00e8 unire artigianalit\u00e0, tecnologia e competenza tecnica per trasformare ogni progetto in una soluzione concreta e funzionale. Oggi FDA SRL \u00e8 un punto di riferimento per privati e rivenditori che cercano qualit\u00e0, affidabilit\u00e0 e innovazione nelle attrezzature per l\u2019allevamento.","email":"info@fdasrl.it","telephone":"+390522826820","legalName":"F.D.A. SRL","foundingDate":"2024-10-13","vatID":"03075840359","taxID":"03075840359","numberOfEmployees":{"@type":"QuantitativeValue","minValue":"1","maxValue":"10"}}]},"product_price_currency":"EUR","og_availability":"instock","product_availability":"instock","product_retailer_item_id":"FACM99001","product_condition":"new"},"_links":{"self":[{"href":"https:\/\/fdasrl.it\/pt-pt\/wp-json\/wp\/v2\/product\/2933","targetHints":{"allow":["GET"]}}],"collection":[{"href":"https:\/\/fdasrl.it\/pt-pt\/wp-json\/wp\/v2\/product"}],"about":[{"href":"https:\/\/fdasrl.it\/pt-pt\/wp-json\/wp\/v2\/types\/product"}],"replies":[{"embeddable":true,"href":"https:\/\/fdasrl.it\/pt-pt\/wp-json\/wp\/v2\/comments?post=2933"}],"wp:featuredmedia":[{"embeddable":true,"href":"https:\/\/fdasrl.it\/pt-pt\/wp-json\/wp\/v2\/media\/470"}],"wp:attachment":[{"href":"https:\/\/fdasrl.it\/pt-pt\/wp-json\/wp\/v2\/media?parent=2933"}],"wp:term":[{"taxonomy":"product_brand","embeddable":true,"href":"https:\/\/fdasrl.it\/pt-pt\/wp-json\/wp\/v2\/product_brand?post=2933"},{"taxonomy":"product_cat","embeddable":true,"href":"https:\/\/fdasrl.it\/pt-pt\/wp-json\/wp\/v2\/product_cat?post=2933"},{"taxonomy":"product_tag","embeddable":true,"href":"https:\/\/fdasrl.it\/pt-pt\/wp-json\/wp\/v2\/product_tag?post=2933"}],"curies":[{"name":"wp","href":"https:\/\/api.w.org\/{rel}","templated":true}]}}