{"id":2939,"date":"2025-01-21T13:15:41","date_gmt":"2025-01-21T12:15:41","guid":{"rendered":"https:\/\/fdasrl.it\/prodotto\/bidao-para-ordenha-e-transporte-de-leite-de-caprinos-e-ovinos\/"},"modified":"2025-01-21T13:15:41","modified_gmt":"2025-01-21T12:15:41","slug":"bidao-para-ordenha-e-transporte-de-leite-de-caprinos-e-ovinos","status":"publish","type":"product","link":"https:\/\/fdasrl.it\/pt-pt\/prodotto\/bidao-para-ordenha-e-transporte-de-leite-de-caprinos-e-ovinos\/","title":{"rendered":"BID\u00c3O PARA ORDENHA E TRANSPORTE DE LEITE DE CAPRINOS E OVINOS"},"content":{"rendered":"<h2 data-start=\"113\" data-end=\"198\">Balde Bid\u00e3o Ordenhador em A\u00e7o Inoxid\u00e1vel 30 Lt para Caprinos e Ovinos \u2013 Duplo Grupo<\/h2>\n<p data-start=\"200\" data-end=\"527\">O <strong data-start=\"203\" data-end=\"252\">balde ordenhador em a\u00e7o inoxid\u00e1vel de 30 litros<\/strong> \u00e9 um instrumento essencial para a ordenha profissional e quotidiana de <strong data-start=\"327\" data-end=\"345\">cabras e ovelhas<\/strong>.<br data-start=\"346\" data-end=\"349\">Fabricado em <strong data-start=\"363\" data-end=\"388\">a\u00e7o inoxid\u00e1vel AISI 304<\/strong> para uso alimentar, assegura elevados padr\u00f5es higi\u00e9nicos, resist\u00eancia \u00e0 corros\u00e3o e longa dura\u00e7\u00e3o, mesmo em ambientes pecu\u00e1rios intensivos.<\/p>\n<p data-start=\"529\" data-end=\"787\">Este modelo est\u00e1 concebido para funcionar com <strong data-start=\"576\" data-end=\"598\">2 grupos de ordenha<\/strong>, oferecendo maior efici\u00eancia e poupan\u00e7a de tempo em rela\u00e7\u00e3o aos sistemas de grupo \u00fanico. O balde est\u00e1 equipado com uma <strong data-start=\"715\" data-end=\"735\">pega robusta<\/strong> que facilita o transporte, mesmo com carga completa. <\/p>\n<p data-start=\"789\" data-end=\"814\">O kit \u00e9 <strong data-start=\"798\" data-end=\"813\">completo com<\/strong>:<\/p>\n<ul data-start=\"815\" data-end=\"1142\">\n<li data-start=\"815\" data-end=\"862\">\n<p data-start=\"817\" data-end=\"862\">Tampa em a\u00e7o inoxid\u00e1vel com liga\u00e7\u00f5es r\u00e1pidas<\/p>\n<\/li>\n<li data-start=\"863\" data-end=\"932\">\n<p data-start=\"865\" data-end=\"932\">Pulsador pneum\u00e1tico (frequ\u00eancia 50\/50 para ovelhas ou 60\/40 para cabras)<\/p>\n<\/li>\n<li data-start=\"933\" data-end=\"981\">\n<p data-start=\"935\" data-end=\"981\">2 coletores com v\u00e1lvula de abertura e fecho<\/p>\n<\/li>\n<li data-start=\"982\" data-end=\"1044\">\n<p data-start=\"984\" data-end=\"1044\">Canelas em material resistente com v\u00e1lvulas semiautom\u00e1ticas<\/p>\n<\/li>\n<li data-start=\"1045\" data-end=\"1069\">\n<p data-start=\"1047\" data-end=\"1069\">Tetinas em silicone<\/p>\n<\/li>\n<li data-start=\"1070\" data-end=\"1142\">\n<p data-start=\"1072\" data-end=\"1142\">Tubagens em <strong data-start=\"1085\" data-end=\"1124\">crystal alimentar extra espessado<\/strong> para leite e v\u00e1cuo<\/p>\n<\/li>\n<\/ul>\n<blockquote data-start=\"1144\" data-end=\"1238\">\n<p data-start=\"1146\" data-end=\"1238\">\u26a0\ufe0f <strong data-start=\"1149\" data-end=\"1163\">Aten\u00e7\u00e3o<\/strong>: o sistema requer uma <strong data-start=\"1189\" data-end=\"1216\">bomba de v\u00e1cuo externa<\/strong>, n\u00e3o inclu\u00edda no kit.<\/p>\n<\/blockquote>\n<p data-start=\"1240\" data-end=\"1463\">Ideal para <strong data-start=\"1251\" data-end=\"1274\">pequenas explora\u00e7\u00f5es<\/strong>, ordenha m\u00f3vel ou <strong data-start=\"1295\" data-end=\"1341\">produ\u00e7\u00e3o artesanal de leite e derivados<\/strong> (queijos, iogurtes, etc.).<br data-start=\"1367\" data-end=\"1370\">Instrumento fi\u00e1vel, f\u00e1cil de usar e compat\u00edvel com instala\u00e7\u00f5es de ordenha port\u00e1teis ou fixas.<\/p>\n<hr data-start=\"1282\" data-end=\"1285\">\n<p data-start=\"1287\" data-end=\"1336\">\ud83d\uded2 <strong data-start=\"1290\" data-end=\"1336\">Adquira-o agora na nossa <\/strong><a href=\"https:\/\/fda-shop.it\/shop\/mungitura\/secchio-mungitore-in-acciaio-inox-per-capra-o-pecora\" target=\"_blank\" rel=\"noopener\">loja online<\/a><\/p>\n","protected":false},"excerpt":{"rendered":"<p>Balde ordenhador inox de 30 lt para ovinos e caprinos de leite, completo com acess\u00f3rios.<\/p>\n","protected":false},"featured_media":476,"comment_status":"open","ping_status":"closed","template":"","meta":{"_et_pb_use_builder":"","_et_pb_old_content":"","_et_gb_content_width":""},"product_brand":[],"product_cat":[500],"product_tag":[725],"class_list":{"0":"post-2939","1":"product","2":"type-product","3":"status-publish","4":"has-post-thumbnail","6":"product_cat-acessorios-para-ordenhadoras","7":"product_tag-facm19300","9":"first","10":"instock","11":"shipping-taxable","12":"product-type-simple"},"yoast_head":"<!-- This site is optimized with the Yoast SEO Premium plugin v27.5 (Yoast SEO v27.5) - https:\/\/yoast.com\/product\/yoast-seo-premium-wordpress\/ -->\n<title>balde ordenhador em a\u00e7o inoxid\u00e1vel ovinos caprinos de 30L - FDA srl<\/title>\n<meta name=\"description\" content=\"Descubra o balde ordenhador em a\u00e7o inoxid\u00e1vel ovinos caprinos, concebido para uma ordenha profissional e higi\u00e9nica. N\u00e3o perca a oportunidade, adquira-o agora!\" \/>\n<meta name=\"robots\" content=\"index, follow, max-snippet:-1, max-image-preview:large, max-video-preview:-1\" \/>\n<link rel=\"canonical\" href=\"https:\/\/fdasrl.it\/pt-pt\/prodotto\/bidao-para-ordenha-e-transporte-de-leite-de-caprinos-e-ovinos\/\" \/>\n<meta property=\"og:locale\" content=\"pt_PT\" \/>\n<meta property=\"og:type\" content=\"article\" \/>\n<meta property=\"og:title\" content=\"BID\u00c3O PARA ORDENHA E TRANSPORTE DE LEITE DE CAPRINOS E OVINOS\" \/>\n<meta property=\"og:description\" content=\"Descubra o balde ordenhador em a\u00e7o inoxid\u00e1vel ovinos caprinos, concebido para uma ordenha profissional e higi\u00e9nica. N\u00e3o perca a oportunidade, adquira-o agora!\" \/>\n<meta property=\"og:url\" content=\"https:\/\/fdasrl.it\/pt-pt\/prodotto\/bidao-para-ordenha-e-transporte-de-leite-de-caprinos-e-ovinos\/\" \/>\n<meta property=\"og:site_name\" content=\"FDA srl\" \/>\n<meta property=\"article:publisher\" content=\"https:\/\/www.facebook.com\/share\/1MWhFWg1Tp\/?mibextid=LQQJ4d\" \/>\n<meta property=\"og:image\" content=\"https:\/\/fdasrl.it\/wp-content\/uploads\/2025\/01\/FACM19300.jpg\" \/>\n\t<meta property=\"og:image:width\" content=\"600\" \/>\n\t<meta property=\"og:image:height\" content=\"800\" \/>\n\t<meta property=\"og:image:type\" content=\"image\/jpeg\" \/>\n<meta name=\"twitter:card\" content=\"summary_large_image\" \/>\n<meta name=\"twitter:label1\" content=\"pre\u00e7o\" \/>\n\t<meta name=\"twitter:data1\" content=\"\" \/>\n\t<meta name=\"twitter:label2\" content=\"Disponibilidade\" \/>\n\t<meta name=\"twitter:data2\" content=\"Em stock\" \/>\n<meta property=\"product:price:currency\" content=\"EUR\" \/>\n<meta property=\"og:availability\" content=\"instock\" \/>\n<meta property=\"product:availability\" content=\"instock\" \/>\n<meta property=\"product:retailer_item_id\" content=\"FACM19300\" \/>\n<meta property=\"product:condition\" content=\"new\" \/>\n<!-- \/ Yoast SEO Premium plugin. -->","yoast_head_json":{"title":"balde ordenhador em a\u00e7o inoxid\u00e1vel ovinos caprinos de 30L - FDA srl","description":"Descubra o balde ordenhador em a\u00e7o inoxid\u00e1vel ovinos caprinos, concebido para uma ordenha profissional e higi\u00e9nica. N\u00e3o perca a oportunidade, adquira-o agora!","robots":{"index":"index","follow":"follow","max-snippet":"max-snippet:-1","max-image-preview":"max-image-preview:large","max-video-preview":"max-video-preview:-1"},"canonical":"https:\/\/fdasrl.it\/pt-pt\/prodotto\/bidao-para-ordenha-e-transporte-de-leite-de-caprinos-e-ovinos\/","og_locale":"pt_PT","og_type":"article","og_title":"BID\u00c3O PARA ORDENHA E TRANSPORTE DE LEITE DE CAPRINOS E OVINOS","og_description":"Descubra o balde ordenhador em a\u00e7o inoxid\u00e1vel ovinos caprinos, concebido para uma ordenha profissional e higi\u00e9nica. N\u00e3o perca a oportunidade, adquira-o agora!","og_url":"https:\/\/fdasrl.it\/pt-pt\/prodotto\/bidao-para-ordenha-e-transporte-de-leite-de-caprinos-e-ovinos\/","og_site_name":"FDA srl","article_publisher":"https:\/\/www.facebook.com\/share\/1MWhFWg1Tp\/?mibextid=LQQJ4d","og_image":[{"width":600,"height":800,"url":"https:\/\/fdasrl.it\/wp-content\/uploads\/2025\/01\/FACM19300.jpg","type":"image\/jpeg"}],"twitter_card":"summary_large_image","twitter_misc":{"pre\u00e7o":"","Disponibilidade":"Em stock"},"schema":{"@context":"https:\/\/schema.org","@graph":[{"@type":"WebPage","@id":"https:\/\/fdasrl.it\/pt-pt\/prodotto\/bidao-para-ordenha-e-transporte-de-leite-de-caprinos-e-ovinos\/","url":"https:\/\/fdasrl.it\/pt-pt\/prodotto\/bidao-para-ordenha-e-transporte-de-leite-de-caprinos-e-ovinos\/","name":"balde ordenhador em a\u00e7o inoxid\u00e1vel ovinos caprinos de 30L - FDA srl","isPartOf":{"@id":"https:\/\/fdasrl.it\/pt-pt\/#website"},"primaryImageOfPage":{"@id":"https:\/\/fdasrl.it\/pt-pt\/prodotto\/bidao-para-ordenha-e-transporte-de-leite-de-caprinos-e-ovinos\/#primaryimage"},"image":{"@id":"https:\/\/fdasrl.it\/pt-pt\/prodotto\/bidao-para-ordenha-e-transporte-de-leite-de-caprinos-e-ovinos\/#primaryimage"},"thumbnailUrl":"https:\/\/fdasrl.it\/wp-content\/uploads\/2025\/01\/FACM19300.jpg","datePublished":"2025-01-21T12:15:41+00:00","description":"Descubra o balde ordenhador em a\u00e7o inoxid\u00e1vel ovinos caprinos, concebido para uma ordenha profissional e higi\u00e9nica. N\u00e3o perca a oportunidade, adquira-o agora!","breadcrumb":{"@id":"https:\/\/fdasrl.it\/pt-pt\/prodotto\/bidao-para-ordenha-e-transporte-de-leite-de-caprinos-e-ovinos\/#breadcrumb"},"inLanguage":"pt-PT","potentialAction":[{"@type":"ReadAction","target":["https:\/\/fdasrl.it\/pt-pt\/prodotto\/bidao-para-ordenha-e-transporte-de-leite-de-caprinos-e-ovinos\/"]}]},{"@type":"ImageObject","inLanguage":"pt-PT","@id":"https:\/\/fdasrl.it\/pt-pt\/prodotto\/bidao-para-ordenha-e-transporte-de-leite-de-caprinos-e-ovinos\/#primaryimage","url":"https:\/\/fdasrl.it\/wp-content\/uploads\/2025\/01\/FACM19300.jpg","contentUrl":"https:\/\/fdasrl.it\/wp-content\/uploads\/2025\/01\/FACM19300.jpg","width":600,"height":800},{"@type":"BreadcrumbList","@id":"https:\/\/fdasrl.it\/pt-pt\/prodotto\/bidao-para-ordenha-e-transporte-de-leite-de-caprinos-e-ovinos\/#breadcrumb","itemListElement":[{"@type":"ListItem","position":1,"name":"Home","item":"https:\/\/fdasrl.it\/pt-pt\/inicio\/"},{"@type":"ListItem","position":2,"name":"Loja","item":"https:\/\/fdasrl.it\/pt-pt\/loja\/"},{"@type":"ListItem","position":3,"name":"BID\u00c3O PARA ORDENHA E TRANSPORTE DE LEITE DE CAPRINOS E OVINOS"}]},{"@type":"WebSite","@id":"https:\/\/fdasrl.it\/pt-pt\/#website","url":"https:\/\/fdasrl.it\/pt-pt\/","name":"FDA srl","description":"Equipment for animal husbandry","publisher":{"@id":"https:\/\/fdasrl.it\/pt-pt\/#organization"},"potentialAction":[{"@type":"SearchAction","target":{"@type":"EntryPoint","urlTemplate":"https:\/\/fdasrl.it\/pt-pt\/?s={search_term_string}"},"query-input":{"@type":"PropertyValueSpecification","valueRequired":true,"valueName":"search_term_string"}}],"inLanguage":"pt-PT"},{"@type":"Organization","@id":"https:\/\/fdasrl.it\/pt-pt\/#organization","name":"FDA srl","url":"https:\/\/fdasrl.it\/pt-pt\/","logo":{"@type":"ImageObject","inLanguage":"pt-PT","@id":"https:\/\/fdasrl.it\/pt-pt\/#\/schema\/logo\/image\/","url":"https:\/\/fdasrl.it\/wp-content\/uploads\/2024\/12\/Logo-FDA.png","contentUrl":"https:\/\/fdasrl.it\/wp-content\/uploads\/2024\/12\/Logo-FDA.png","width":316,"height":119,"caption":"FDA srl"},"image":{"@id":"https:\/\/fdasrl.it\/pt-pt\/#\/schema\/logo\/image\/"},"sameAs":["https:\/\/www.facebook.com\/share\/1MWhFWg1Tp\/?mibextid=LQQJ4d","https:\/\/www.instagram.com\/fda_srl\/profilecard\/?igsh=YW5lbzJ6MWg0d21u","https:\/\/www.youtube.com\/@FDASRL_ANIMALCARE"],"description":"FDA SRL \u2013 Equipment for animal husbandry nasce con l\u2019obiettivo di offrire soluzioni affidabili e innovative per l\u2019allevamento moderno. Con anni di esperienza nel settore zootecnico, progettiamo e realizziamo attrezzature destinate al benessere animale e alla gestione efficiente delle stalle: vasche, abbeveratoi, mangiatoie e sistemi di riscaldamento pensati per durare nel tempo e semplificare il lavoro quotidiano degli allevatori. Dalla progettazione alla produzione, ogni nostro prodotto \u00e8 studiato nei minimi dettagli, testato con cura e costruito per rispondere alle esigenze reali del settore. La nostra forza \u00e8 unire artigianalit\u00e0, tecnologia e competenza tecnica per trasformare ogni progetto in una soluzione concreta e funzionale. Oggi FDA SRL \u00e8 un punto di riferimento per privati e rivenditori che cercano qualit\u00e0, affidabilit\u00e0 e innovazione nelle attrezzature per l\u2019allevamento.","email":"info@fdasrl.it","telephone":"+390522826820","legalName":"F.D.A. SRL","foundingDate":"2024-10-13","vatID":"03075840359","taxID":"03075840359","numberOfEmployees":{"@type":"QuantitativeValue","minValue":"1","maxValue":"10"}}]},"product_price_currency":"EUR","og_availability":"instock","product_availability":"instock","product_retailer_item_id":"FACM19300","product_condition":"new"},"_links":{"self":[{"href":"https:\/\/fdasrl.it\/pt-pt\/wp-json\/wp\/v2\/product\/2939","targetHints":{"allow":["GET"]}}],"collection":[{"href":"https:\/\/fdasrl.it\/pt-pt\/wp-json\/wp\/v2\/product"}],"about":[{"href":"https:\/\/fdasrl.it\/pt-pt\/wp-json\/wp\/v2\/types\/product"}],"replies":[{"embeddable":true,"href":"https:\/\/fdasrl.it\/pt-pt\/wp-json\/wp\/v2\/comments?post=2939"}],"wp:featuredmedia":[{"embeddable":true,"href":"https:\/\/fdasrl.it\/pt-pt\/wp-json\/wp\/v2\/media\/476"}],"wp:attachment":[{"href":"https:\/\/fdasrl.it\/pt-pt\/wp-json\/wp\/v2\/media?parent=2939"}],"wp:term":[{"taxonomy":"product_brand","embeddable":true,"href":"https:\/\/fdasrl.it\/pt-pt\/wp-json\/wp\/v2\/product_brand?post=2939"},{"taxonomy":"product_cat","embeddable":true,"href":"https:\/\/fdasrl.it\/pt-pt\/wp-json\/wp\/v2\/product_cat?post=2939"},{"taxonomy":"product_tag","embeddable":true,"href":"https:\/\/fdasrl.it\/pt-pt\/wp-json\/wp\/v2\/product_tag?post=2939"}],"curies":[{"name":"wp","href":"https:\/\/api.w.org\/{rel}","templated":true}]}}