{"id":3022,"date":"2025-04-22T11:33:21","date_gmt":"2025-04-22T09:33:21","guid":{"rendered":"https:\/\/fdasrl.it\/prodotto\/comedouro-angular-em-aco-galvanizado-para-cavalaricas-e-estabulos\/"},"modified":"2025-04-22T11:33:21","modified_gmt":"2025-04-22T09:33:21","slug":"comedouro-angular-em-aco-galvanizado-para-cavalaricas-e-estabulos","status":"publish","type":"product","link":"https:\/\/fdasrl.it\/pt-pt\/prodotto\/comedouro-angular-em-aco-galvanizado-para-cavalaricas-e-estabulos\/","title":{"rendered":"Comedouro angular em a\u00e7o galvanizado para cavalari\u00e7as e est\u00e1bulos"},"content":{"rendered":"<h3 data-start=\"162\" data-end=\"267\"><strong data-start=\"162\" data-end=\"267\">Comedouro angular em a\u00e7o galvanizado para equinos e bovinos \u2013 35 litros \u2013 resistente e seguro<\/strong><\/h3>\n<p class=\"\" data-start=\"269\" data-end=\"729\">O <strong data-start=\"272\" data-end=\"322\">comedouro angular em a\u00e7o galvanizado a quente<\/strong> \u00e9 um acess\u00f3rio indispens\u00e1vel para quem gere um <strong data-start=\"375\" data-end=\"416\">est\u00e1bulo, uma cavalari\u00e7a ou uma explora\u00e7\u00e3o pecu\u00e1ria<\/strong>.<\/p>\n<p class=\"\" data-start=\"269\" data-end=\"729\">Gra\u00e7as \u00e0 sua <strong data-start=\"434\" data-end=\"455\">forma triangular<\/strong>, pode ser facilmente instalado num canto da parede, otimizando o espa\u00e7o e garantindo uma utiliza\u00e7\u00e3o c\u00f3moda por parte dos animais. Ideal para <strong data-start=\"609\" data-end=\"673\">bovinos, cavalos, poldros, vitelos e outros animais de rendimento<\/strong>, permite uma alimenta\u00e7\u00e3o segura, ordenada e higi\u00e9nica. <\/p>\n<p class=\"\" data-start=\"731\" data-end=\"1225\">Constru\u00eddo inteiramente em <strong data-start=\"756\" data-end=\"790\">tubo e chapa galvanizados a quente<\/strong>, este comedouro foi concebido para resistir durante muito tempo mesmo em ambientes h\u00famidos ou expostos a condi\u00e7\u00f5es dif\u00edceis.<\/p>\n<p class=\"\" data-start=\"731\" data-end=\"1225\">A <strong data-start=\"906\" data-end=\"938\">galvaniza\u00e7\u00e3o interna e externa<\/strong> protege eficazmente contra a <strong data-start=\"968\" data-end=\"998\">ferrugem e a corros\u00e3o<\/strong>, prolongando a durabilidade do produto mesmo com uma utiliza\u00e7\u00e3o intensiva. Al\u00e9m disso, a estrutura sem arestas vivas reduz consideravelmente o risco de <strong data-start=\"1146\" data-end=\"1168\">ferimentos acidentais<\/strong>, oferecendo maior seguran\u00e7a aos animais durante a utiliza\u00e7\u00e3o. <\/p>\n<p class=\"\" data-start=\"1227\" data-end=\"1696\">Com uma <strong data-start=\"1235\" data-end=\"1259\">capacidade de 35 litros<\/strong>, o bebedouro \u00e9 adequado tanto para alimentos secos como h\u00famidos, tais como ra\u00e7\u00f5es, feno triturado, \u00e1gua ou suplementos l\u00edquidos.<\/p>\n<p class=\"\" data-start=\"1227\" data-end=\"1696\">As dimens\u00f5es generosas \u2013 <strong data-start=\"1399\" data-end=\"1461\">44 cm de largura, 44 cm de profundidade e 24 cm de altura<\/strong> \u2013 garantem uma conten\u00e7\u00e3o \u00f3tima sem desperd\u00edcios. A <strong data-start=\"1520\" data-end=\"1549\">tampa de escoamento de 15 mm<\/strong> integrada na base permite uma <strong data-start=\"1583\" data-end=\"1625\">limpeza r\u00e1pida e um esvaziamento f\u00e1cil<\/strong>, facilitando as opera\u00e7\u00f5es di\u00e1rias de manuten\u00e7\u00e3o e higieniza\u00e7\u00e3o. <\/p>\n<p class=\"\" data-start=\"1698\" data-end=\"1871\">A instala\u00e7\u00e3o \u00e9 simples e r\u00e1pida: o comedouro pode ser <strong data-start=\"1760\" data-end=\"1795\">fixado \u00e0 parede atrav\u00e9s de 4 parafusos<\/strong> (n\u00e3o inclu\u00eddos), tornando-o est\u00e1vel, s\u00f3lido e pronto a utilizar em poucos minutos.<\/p>\n<h3 class=\"\" data-start=\"1873\" data-end=\"1897\">Principais vantagens:<\/h3>\n<ul data-start=\"1898\" data-end=\"2307\">\n<li class=\"\" data-start=\"1898\" data-end=\"1973\">\n<p class=\"\" data-start=\"1900\" data-end=\"1973\"><strong data-start=\"1900\" data-end=\"1919\">Design angular<\/strong> para uma instala\u00e7\u00e3o que poupa espa\u00e7o em cavalari\u00e7as e est\u00e1bulos<\/p>\n<\/li>\n<li class=\"\" data-start=\"1974\" data-end=\"2055\">\n<p class=\"\" data-start=\"1976\" data-end=\"2055\"><strong data-start=\"1976\" data-end=\"2016\">Estrutura em a\u00e7o galvanizado a quente<\/strong>, dur\u00e1vel e resistente \u00e0 corros\u00e3o<\/p>\n<\/li>\n<li class=\"\" data-start=\"2056\" data-end=\"2113\">\n<p class=\"\" data-start=\"2058\" data-end=\"2113\"><strong data-start=\"2058\" data-end=\"2079\">Prote\u00e7\u00e3o total<\/strong> contra choques, desgaste e deforma\u00e7\u00f5es<\/p>\n<\/li>\n<li class=\"\" data-start=\"2114\" data-end=\"2181\">\n<p class=\"\" data-start=\"2116\" data-end=\"2181\"><strong data-start=\"2116\" data-end=\"2134\">Ampla capacidade<\/strong> de 35 litros, adequada a diversos tipos de alimentos<\/p>\n<\/li>\n<li class=\"\" data-start=\"2182\" data-end=\"2257\">\n<p class=\"\" data-start=\"2184\" data-end=\"2257\"><strong data-start=\"2184\" data-end=\"2214\">Tampa de escoamento integrada<\/strong>, para uma limpeza f\u00e1cil e higiene garantida<\/p>\n<\/li>\n<li class=\"\" data-start=\"2258\" data-end=\"2307\">\n<p class=\"\" data-start=\"2260\" data-end=\"2307\"><strong data-start=\"2260\" data-end=\"2282\">Montagem simples<\/strong> com 4 pontos de fixa\u00e7\u00e3o<\/p>\n<\/li>\n<\/ul>\n<h3 class=\"\" data-start=\"2309\" data-end=\"2333\">Especifica\u00e7\u00f5es t\u00e9cnicas:<\/h3>\n<ul data-start=\"2334\" data-end=\"2590\">\n<li class=\"\" data-start=\"2334\" data-end=\"2391\">\n<p class=\"\" data-start=\"2336\" data-end=\"2391\">Material: a\u00e7o galvanizado a quente (interno e externo)<\/p>\n<\/li>\n<li class=\"\" data-start=\"2392\" data-end=\"2412\">\n<p class=\"\" data-start=\"2394\" data-end=\"2412\">Capacidade: 35 litros<\/p>\n<\/li>\n<li class=\"\" data-start=\"2413\" data-end=\"2454\">\n<p class=\"\" data-start=\"2415\" data-end=\"2454\">Dimens\u00f5es: 44 x 44 x 24 cm (L x P x A)<\/p>\n<\/li>\n<li class=\"\" data-start=\"2455\" data-end=\"2480\">\n<p class=\"\" data-start=\"2457\" data-end=\"2480\">Escoamento: tampa de 15 mm<\/p>\n<\/li>\n<li class=\"\" data-start=\"2481\" data-end=\"2538\">\n<p class=\"\" data-start=\"2483\" data-end=\"2538\">Instala\u00e7\u00e3o: montagem \u00e0 parede (angular) com 4 parafusos<\/p>\n<\/li>\n<li class=\"\" data-start=\"2539\" data-end=\"2590\">\n<p class=\"\" data-start=\"2541\" data-end=\"2590\">Utiliza\u00e7\u00e3o: bovinos, cavalos, animais de cria\u00e7\u00e3o<\/p>\n<\/li>\n<\/ul>\n","protected":false},"excerpt":{"rendered":"<p>Comedouro angular em a\u00e7o galvanizado a quente, ideal para cavalos e bovinos. Capacidade 35 litros, resistente \u00e0 corros\u00e3o, seguro e f\u00e1cil de limpar gra\u00e7as \u00e0 tampa de escoamento integrada. Montagem \u00e0 parede com 4 parafusos.  <\/p>\n","protected":false},"featured_media":742,"comment_status":"open","ping_status":"closed","template":"","meta":{"_et_pb_use_builder":"","_et_pb_old_content":"","_et_gb_content_width":""},"product_brand":[],"product_cat":[383,609,748],"product_tag":[749,750],"class_list":{"0":"post-3022","1":"product","2":"type-product","3":"status-publish","4":"has-post-thumbnail","6":"product_cat-bovinos","7":"product_cat-cavalos","8":"product_cat-comedouros","9":"product_tag-fa-ma6","10":"product_tag-fama6","12":"first","13":"instock","14":"shipping-taxable","15":"product-type-simple"},"yoast_head":"<!-- This site is optimized with the Yoast SEO Premium plugin v27.5 (Yoast SEO v27.5) - https:\/\/yoast.com\/product\/yoast-seo-premium-wordpress\/ -->\n<title>Comedouro angular em a\u00e7o galvanizado para equinos e bovinos - FDA srl<\/title>\n<meta name=\"description\" content=\"Descubra o comedouro angular em a\u00e7o galvanizado para equinos e bovinos, perfeito para otimizar os espa\u00e7os no seu est\u00e1bulo. Adquira j\u00e1!\" \/>\n<meta name=\"robots\" content=\"index, follow, max-snippet:-1, max-image-preview:large, max-video-preview:-1\" \/>\n<link rel=\"canonical\" href=\"https:\/\/fdasrl.it\/pt-pt\/prodotto\/comedouro-angular-em-aco-galvanizado-para-cavalaricas-e-estabulos\/\" \/>\n<meta property=\"og:locale\" content=\"pt_PT\" \/>\n<meta property=\"og:type\" content=\"article\" \/>\n<meta property=\"og:title\" content=\"Comedouro angular em a\u00e7o galvanizado para cavalari\u00e7as e est\u00e1bulos\" \/>\n<meta property=\"og:description\" content=\"Descubra o comedouro angular em a\u00e7o galvanizado para equinos e bovinos, perfeito para otimizar os espa\u00e7os no seu est\u00e1bulo. Adquira j\u00e1!\" \/>\n<meta property=\"og:url\" content=\"https:\/\/fdasrl.it\/pt-pt\/prodotto\/comedouro-angular-em-aco-galvanizado-para-cavalaricas-e-estabulos\/\" \/>\n<meta property=\"og:site_name\" content=\"FDA srl\" \/>\n<meta property=\"article:publisher\" content=\"https:\/\/www.facebook.com\/share\/1MWhFWg1Tp\/?mibextid=LQQJ4d\" \/>\n<meta property=\"og:image\" content=\"https:\/\/fdasrl.it\/wp-content\/uploads\/2025\/04\/mangiatoia-angolare-in-acciaio-zincato-35-litri-mucca-cavallo.webp\" \/>\n\t<meta property=\"og:image:width\" content=\"1280\" \/>\n\t<meta property=\"og:image:height\" content=\"1280\" \/>\n\t<meta property=\"og:image:type\" content=\"image\/webp\" \/>\n<meta name=\"twitter:card\" content=\"summary_large_image\" \/>\n<meta name=\"twitter:label1\" content=\"pre\u00e7o\" \/>\n\t<meta name=\"twitter:data1\" content=\"\" \/>\n\t<meta name=\"twitter:label2\" content=\"Disponibilidade\" \/>\n\t<meta name=\"twitter:data2\" content=\"Em stock\" \/>\n<meta property=\"product:price:currency\" content=\"EUR\" \/>\n<meta property=\"og:availability\" content=\"instock\" \/>\n<meta property=\"product:availability\" content=\"instock\" \/>\n<meta property=\"product:retailer_item_id\" content=\"FAMA6\" \/>\n<meta property=\"product:condition\" content=\"new\" \/>\n<!-- \/ Yoast SEO Premium plugin. -->","yoast_head_json":{"title":"Comedouro angular em a\u00e7o galvanizado para equinos e bovinos - FDA srl","description":"Descubra o comedouro angular em a\u00e7o galvanizado para equinos e bovinos, perfeito para otimizar os espa\u00e7os no seu est\u00e1bulo. Adquira j\u00e1!","robots":{"index":"index","follow":"follow","max-snippet":"max-snippet:-1","max-image-preview":"max-image-preview:large","max-video-preview":"max-video-preview:-1"},"canonical":"https:\/\/fdasrl.it\/pt-pt\/prodotto\/comedouro-angular-em-aco-galvanizado-para-cavalaricas-e-estabulos\/","og_locale":"pt_PT","og_type":"article","og_title":"Comedouro angular em a\u00e7o galvanizado para cavalari\u00e7as e est\u00e1bulos","og_description":"Descubra o comedouro angular em a\u00e7o galvanizado para equinos e bovinos, perfeito para otimizar os espa\u00e7os no seu est\u00e1bulo. Adquira j\u00e1!","og_url":"https:\/\/fdasrl.it\/pt-pt\/prodotto\/comedouro-angular-em-aco-galvanizado-para-cavalaricas-e-estabulos\/","og_site_name":"FDA srl","article_publisher":"https:\/\/www.facebook.com\/share\/1MWhFWg1Tp\/?mibextid=LQQJ4d","og_image":[{"width":1280,"height":1280,"url":"https:\/\/fdasrl.it\/wp-content\/uploads\/2025\/04\/mangiatoia-angolare-in-acciaio-zincato-35-litri-mucca-cavallo.webp","type":"image\/webp"}],"twitter_card":"summary_large_image","twitter_misc":{"pre\u00e7o":"","Disponibilidade":"Em stock"},"schema":{"@context":"https:\/\/schema.org","@graph":[{"@type":"WebPage","@id":"https:\/\/fdasrl.it\/pt-pt\/prodotto\/comedouro-angular-em-aco-galvanizado-para-cavalaricas-e-estabulos\/","url":"https:\/\/fdasrl.it\/pt-pt\/prodotto\/comedouro-angular-em-aco-galvanizado-para-cavalaricas-e-estabulos\/","name":"Comedouro angular em a\u00e7o galvanizado para equinos e bovinos - FDA srl","isPartOf":{"@id":"https:\/\/fdasrl.it\/pt-pt\/#website"},"primaryImageOfPage":{"@id":"https:\/\/fdasrl.it\/pt-pt\/prodotto\/comedouro-angular-em-aco-galvanizado-para-cavalaricas-e-estabulos\/#primaryimage"},"image":{"@id":"https:\/\/fdasrl.it\/pt-pt\/prodotto\/comedouro-angular-em-aco-galvanizado-para-cavalaricas-e-estabulos\/#primaryimage"},"thumbnailUrl":"https:\/\/fdasrl.it\/wp-content\/uploads\/2025\/04\/mangiatoia-angolare-in-acciaio-zincato-35-litri-mucca-cavallo.webp","datePublished":"2025-04-22T09:33:21+00:00","description":"Descubra o comedouro angular em a\u00e7o galvanizado para equinos e bovinos, perfeito para otimizar os espa\u00e7os no seu est\u00e1bulo. Adquira j\u00e1!","breadcrumb":{"@id":"https:\/\/fdasrl.it\/pt-pt\/prodotto\/comedouro-angular-em-aco-galvanizado-para-cavalaricas-e-estabulos\/#breadcrumb"},"inLanguage":"pt-PT","potentialAction":[{"@type":"ReadAction","target":["https:\/\/fdasrl.it\/pt-pt\/prodotto\/comedouro-angular-em-aco-galvanizado-para-cavalaricas-e-estabulos\/"]}]},{"@type":"ImageObject","inLanguage":"pt-PT","@id":"https:\/\/fdasrl.it\/pt-pt\/prodotto\/comedouro-angular-em-aco-galvanizado-para-cavalaricas-e-estabulos\/#primaryimage","url":"https:\/\/fdasrl.it\/wp-content\/uploads\/2025\/04\/mangiatoia-angolare-in-acciaio-zincato-35-litri-mucca-cavallo.webp","contentUrl":"https:\/\/fdasrl.it\/wp-content\/uploads\/2025\/04\/mangiatoia-angolare-in-acciaio-zincato-35-litri-mucca-cavallo.webp","width":1280,"height":1280,"caption":"comedouro-angular-em-aco-galvanizado-35-litros-vaca-cavalo"},{"@type":"BreadcrumbList","@id":"https:\/\/fdasrl.it\/pt-pt\/prodotto\/comedouro-angular-em-aco-galvanizado-para-cavalaricas-e-estabulos\/#breadcrumb","itemListElement":[{"@type":"ListItem","position":1,"name":"Home","item":"https:\/\/fdasrl.it\/pt-pt\/inicio\/"},{"@type":"ListItem","position":2,"name":"Loja","item":"https:\/\/fdasrl.it\/pt-pt\/loja\/"},{"@type":"ListItem","position":3,"name":"Comedouro angular em a\u00e7o galvanizado para cavalari\u00e7as e est\u00e1bulos"}]},{"@type":"WebSite","@id":"https:\/\/fdasrl.it\/pt-pt\/#website","url":"https:\/\/fdasrl.it\/pt-pt\/","name":"FDA srl","description":"Equipment for animal husbandry","publisher":{"@id":"https:\/\/fdasrl.it\/pt-pt\/#organization"},"potentialAction":[{"@type":"SearchAction","target":{"@type":"EntryPoint","urlTemplate":"https:\/\/fdasrl.it\/pt-pt\/?s={search_term_string}"},"query-input":{"@type":"PropertyValueSpecification","valueRequired":true,"valueName":"search_term_string"}}],"inLanguage":"pt-PT"},{"@type":"Organization","@id":"https:\/\/fdasrl.it\/pt-pt\/#organization","name":"FDA srl","url":"https:\/\/fdasrl.it\/pt-pt\/","logo":{"@type":"ImageObject","inLanguage":"pt-PT","@id":"https:\/\/fdasrl.it\/pt-pt\/#\/schema\/logo\/image\/","url":"https:\/\/fdasrl.it\/wp-content\/uploads\/2024\/12\/Logo-FDA.png","contentUrl":"https:\/\/fdasrl.it\/wp-content\/uploads\/2024\/12\/Logo-FDA.png","width":316,"height":119,"caption":"FDA srl"},"image":{"@id":"https:\/\/fdasrl.it\/pt-pt\/#\/schema\/logo\/image\/"},"sameAs":["https:\/\/www.facebook.com\/share\/1MWhFWg1Tp\/?mibextid=LQQJ4d","https:\/\/www.instagram.com\/fda_srl\/profilecard\/?igsh=YW5lbzJ6MWg0d21u","https:\/\/www.youtube.com\/@FDASRL_ANIMALCARE"],"description":"FDA SRL \u2013 Equipment for animal husbandry nasce con l\u2019obiettivo di offrire soluzioni affidabili e innovative per l\u2019allevamento moderno. Con anni di esperienza nel settore zootecnico, progettiamo e realizziamo attrezzature destinate al benessere animale e alla gestione efficiente delle stalle: vasche, abbeveratoi, mangiatoie e sistemi di riscaldamento pensati per durare nel tempo e semplificare il lavoro quotidiano degli allevatori. Dalla progettazione alla produzione, ogni nostro prodotto \u00e8 studiato nei minimi dettagli, testato con cura e costruito per rispondere alle esigenze reali del settore. La nostra forza \u00e8 unire artigianalit\u00e0, tecnologia e competenza tecnica per trasformare ogni progetto in una soluzione concreta e funzionale. Oggi FDA SRL \u00e8 un punto di riferimento per privati e rivenditori che cercano qualit\u00e0, affidabilit\u00e0 e innovazione nelle attrezzature per l\u2019allevamento.","email":"info@fdasrl.it","telephone":"+390522826820","legalName":"F.D.A. SRL","foundingDate":"2024-10-13","vatID":"03075840359","taxID":"03075840359","numberOfEmployees":{"@type":"QuantitativeValue","minValue":"1","maxValue":"10"}}]},"product_price_currency":"EUR","og_availability":"instock","product_availability":"instock","product_retailer_item_id":"FAMA6","product_condition":"new"},"_links":{"self":[{"href":"https:\/\/fdasrl.it\/pt-pt\/wp-json\/wp\/v2\/product\/3022","targetHints":{"allow":["GET"]}}],"collection":[{"href":"https:\/\/fdasrl.it\/pt-pt\/wp-json\/wp\/v2\/product"}],"about":[{"href":"https:\/\/fdasrl.it\/pt-pt\/wp-json\/wp\/v2\/types\/product"}],"replies":[{"embeddable":true,"href":"https:\/\/fdasrl.it\/pt-pt\/wp-json\/wp\/v2\/comments?post=3022"}],"wp:featuredmedia":[{"embeddable":true,"href":"https:\/\/fdasrl.it\/pt-pt\/wp-json\/wp\/v2\/media\/742"}],"wp:attachment":[{"href":"https:\/\/fdasrl.it\/pt-pt\/wp-json\/wp\/v2\/media?parent=3022"}],"wp:term":[{"taxonomy":"product_brand","embeddable":true,"href":"https:\/\/fdasrl.it\/pt-pt\/wp-json\/wp\/v2\/product_brand?post=3022"},{"taxonomy":"product_cat","embeddable":true,"href":"https:\/\/fdasrl.it\/pt-pt\/wp-json\/wp\/v2\/product_cat?post=3022"},{"taxonomy":"product_tag","embeddable":true,"href":"https:\/\/fdasrl.it\/pt-pt\/wp-json\/wp\/v2\/product_tag?post=3022"}],"curies":[{"name":"wp","href":"https:\/\/api.w.org\/{rel}","templated":true}]}}