{"id":3100,"date":"2025-06-25T11:42:12","date_gmt":"2025-06-25T09:42:12","guid":{"rendered":"https:\/\/fdasrl.it\/prodotto\/comedouro-retangular-em-aco-galvanizado-para-cavalos-e-vacas\/"},"modified":"2025-06-25T11:42:12","modified_gmt":"2025-06-25T09:42:12","slug":"comedouro-retangular-em-aco-galvanizado-para-cavalos-e-vacas","status":"publish","type":"product","link":"https:\/\/fdasrl.it\/pt-pt\/prodotto\/comedouro-retangular-em-aco-galvanizado-para-cavalos-e-vacas\/","title":{"rendered":"Comedouro retangular em a\u00e7o galvanizado para Cavalos e Vacas"},"content":{"rendered":"<h3 class=\"ai-optimize-68 ai-optimize-introduction\" data-start=\"341\" data-end=\"448\"><strong data-start=\"341\" data-end=\"448\">Comedouro retangular em a\u00e7o galvanizado a quente \u2013 35 litros \u2013 para cavalos, vacas e animais de est\u00e1bulo<\/strong><\/h3>\n<p class=\"ai-optimize-69 ai-optimize-introduction\" data-start=\"450\" data-end=\"759\">Comedouro retangular profissional, ideal para a alimenta\u00e7\u00e3o de <strong data-start=\"519\" data-end=\"564\">bovinos, cavalos e outros animais de est\u00e1bulo<\/strong> ou cavalari\u00e7a. Fabricado em <strong data-start=\"591\" data-end=\"618\">a\u00e7o galvanizado a quente<\/strong>, garante <strong data-start=\"631\" data-end=\"669\">elevada resist\u00eancia \u00e0 corros\u00e3o<\/strong>, m\u00e1xima durabilidade e uma estrutura segura que reduz o risco de les\u00f5es nos animais. <\/p>\n<p class=\"ai-optimize-70\" data-start=\"761\" data-end=\"972\">Com uma <strong data-start=\"769\" data-end=\"793\">capacidade de 35 litros<\/strong>, este comedouro \u00e9 perfeito para a administra\u00e7\u00e3o de ra\u00e7\u00f5es ou forragens. O <strong data-start=\"873\" data-end=\"902\">tamp\u00e3o de escoamento de 15 mm<\/strong> facilita a limpeza di\u00e1ria, mantendo elevados padr\u00f5es de higiene. <\/p>\n<p class=\"ai-optimize-71\" data-start=\"974\" data-end=\"1167\">As <strong data-start=\"977\" data-end=\"1020\">dimens\u00f5es compactas (45 x 34 x A 24 cm)<\/strong> tornam-no adequado a qualquer tipo de box, recinto ou est\u00e1bulo. A fixa\u00e7\u00e3o \u00e0 parede \u00e9 simples e r\u00e1pida gra\u00e7as aos <strong data-start=\"1129\" data-end=\"1154\">3 pontos de ancoragem<\/strong> predispostos. <\/p>\n<hr data-start=\"1169\" data-end=\"1172\">\n<h3 class=\"ai-optimize-72\" data-start=\"1174\" data-end=\"1209\"><strong data-start=\"1178\" data-end=\"1209\">Caracter\u00edsticas principais:<\/strong><\/h3>\n<ul data-start=\"1211\" data-end=\"1509\">\n<li class=\"ai-optimize-73\" data-start=\"1211\" data-end=\"1294\">\n<p class=\"ai-optimize-74\" data-start=\"1213\" data-end=\"1294\">\u2705 <strong data-start=\"1215\" data-end=\"1239\">Material resistente<\/strong>: a\u00e7o galvanizado a quente, tamb\u00e9m no interior dos tubos<\/p>\n<\/li>\n<li class=\"ai-optimize-75\" data-start=\"1295\" data-end=\"1323\">\n<p class=\"ai-optimize-76\" data-start=\"1297\" data-end=\"1323\">\u2705 <strong data-start=\"1299\" data-end=\"1311\">Capacidade<\/strong>: 35 litros<\/p>\n<\/li>\n<li class=\"ai-optimize-77\" data-start=\"1324\" data-end=\"1402\">\n<p class=\"ai-optimize-78\" data-start=\"1326\" data-end=\"1402\">\u2705 <strong data-start=\"1328\" data-end=\"1342\">Dimens\u00f5es<\/strong>: 45 cm (largura) x 34 cm (profundidade) x 24 cm (altura)<\/p>\n<\/li>\n<li class=\"ai-optimize-79\" data-start=\"1403\" data-end=\"1457\">\n<p class=\"ai-optimize-80\" data-start=\"1405\" data-end=\"1457\">\u2705 <strong data-start=\"1407\" data-end=\"1427\">Tamp\u00e3o de escoamento<\/strong> de 15 mm para f\u00e1cil limpeza<\/p>\n<\/li>\n<li class=\"ai-optimize-81\" data-start=\"1458\" data-end=\"1509\">\n<p class=\"ai-optimize-82\" data-start=\"1460\" data-end=\"1509\">\u2705 <strong data-start=\"1462\" data-end=\"1484\">Montagem na parede<\/strong> com 3 parafusos (n\u00e3o inclu\u00eddos)<\/p>\n<\/li>\n<\/ul>\n","protected":false},"excerpt":{"rendered":"<p class=\"ai-optimize-31\"><strong data-start=\"158\" data-end=\"217\">Comedouro retangular em a\u00e7o para cavalos e vacas<\/strong>, de 35 litros. Resistente, seguro, f\u00e1cil de montar e limpar. Ideal para est\u00e1bulos e cavalari\u00e7as.  <\/p>\n","protected":false},"featured_media":860,"comment_status":"open","ping_status":"closed","template":"","meta":{"_et_pb_use_builder":"","_et_pb_old_content":"","_et_gb_content_width":""},"product_brand":[],"product_cat":[383,609,748],"product_tag":[780,778,779],"class_list":{"0":"post-3100","1":"product","2":"type-product","3":"status-publish","4":"has-post-thumbnail","6":"product_cat-bovinos","7":"product_cat-cavalos","8":"product_cat-comedouros","9":"product_tag-fa-ma-8","10":"product_tag-fa-ma8","11":"product_tag-fama8","13":"first","14":"instock","15":"shipping-taxable","16":"product-type-simple"},"yoast_head":"<!-- This site is optimized with the Yoast SEO Premium plugin v27.5 (Yoast SEO v27.6) - https:\/\/yoast.com\/product\/yoast-seo-premium-wordpress\/ -->\n<title>Comedouro retangular em a\u00e7o para cavalos e vacas: alta qualidade<\/title>\n<meta name=\"description\" content=\"Escolha o comedouro retangular em a\u00e7o para cavalos e vacas, com capacidade de 35 litros. Facilita a limpeza e garante seguran\u00e7a para os seus animais! \u2705\" \/>\n<meta name=\"robots\" content=\"index, follow, max-snippet:-1, max-image-preview:large, max-video-preview:-1\" \/>\n<link rel=\"canonical\" href=\"https:\/\/fdasrl.it\/pt-pt\/prodotto\/comedouro-retangular-em-aco-galvanizado-para-cavalos-e-vacas\/\" \/>\n<meta property=\"og:locale\" content=\"pt_PT\" \/>\n<meta property=\"og:type\" content=\"article\" \/>\n<meta property=\"og:title\" content=\"Comedouro retangular em a\u00e7o galvanizado para Cavalos e Vacas\" \/>\n<meta property=\"og:description\" content=\"Escolha o comedouro retangular em a\u00e7o para cavalos e vacas, com capacidade de 35 litros. Facilita a limpeza e garante seguran\u00e7a para os seus animais! \u2705\" \/>\n<meta property=\"og:url\" content=\"https:\/\/fdasrl.it\/pt-pt\/prodotto\/comedouro-retangular-em-aco-galvanizado-para-cavalos-e-vacas\/\" \/>\n<meta property=\"og:site_name\" content=\"FDA srl\" \/>\n<meta property=\"article:publisher\" content=\"https:\/\/www.facebook.com\/share\/1MWhFWg1Tp\/?mibextid=LQQJ4d\" \/>\n<meta property=\"og:image\" content=\"https:\/\/fdasrl.it\/wp-content\/uploads\/2025\/06\/mangiatoia-a-rettangolo-acciaio.jpg\" \/>\n\t<meta property=\"og:image:width\" content=\"1261\" \/>\n\t<meta property=\"og:image:height\" content=\"900\" \/>\n\t<meta property=\"og:image:type\" content=\"image\/jpeg\" \/>\n<meta name=\"twitter:card\" content=\"summary_large_image\" \/>\n<meta name=\"twitter:label1\" content=\"pre\u00e7o\" \/>\n\t<meta name=\"twitter:data1\" content=\"\" \/>\n\t<meta name=\"twitter:label2\" content=\"Disponibilidade\" \/>\n\t<meta name=\"twitter:data2\" content=\"Em stock\" \/>\n<meta property=\"product:price:currency\" content=\"EUR\" \/>\n<meta property=\"og:availability\" content=\"instock\" \/>\n<meta property=\"product:availability\" content=\"instock\" \/>\n<meta property=\"product:retailer_item_id\" content=\"FAMA6-1\" \/>\n<meta property=\"product:condition\" content=\"new\" \/>\n<!-- \/ Yoast SEO Premium plugin. -->","yoast_head_json":{"title":"Comedouro retangular em a\u00e7o para cavalos e vacas: alta qualidade","description":"Escolha o comedouro retangular em a\u00e7o para cavalos e vacas, com capacidade de 35 litros. Facilita a limpeza e garante seguran\u00e7a para os seus animais! \u2705","robots":{"index":"index","follow":"follow","max-snippet":"max-snippet:-1","max-image-preview":"max-image-preview:large","max-video-preview":"max-video-preview:-1"},"canonical":"https:\/\/fdasrl.it\/pt-pt\/prodotto\/comedouro-retangular-em-aco-galvanizado-para-cavalos-e-vacas\/","og_locale":"pt_PT","og_type":"article","og_title":"Comedouro retangular em a\u00e7o galvanizado para Cavalos e Vacas","og_description":"Escolha o comedouro retangular em a\u00e7o para cavalos e vacas, com capacidade de 35 litros. Facilita a limpeza e garante seguran\u00e7a para os seus animais! \u2705","og_url":"https:\/\/fdasrl.it\/pt-pt\/prodotto\/comedouro-retangular-em-aco-galvanizado-para-cavalos-e-vacas\/","og_site_name":"FDA srl","article_publisher":"https:\/\/www.facebook.com\/share\/1MWhFWg1Tp\/?mibextid=LQQJ4d","og_image":[{"width":1261,"height":900,"url":"https:\/\/fdasrl.it\/wp-content\/uploads\/2025\/06\/mangiatoia-a-rettangolo-acciaio.jpg","type":"image\/jpeg"}],"twitter_card":"summary_large_image","twitter_misc":{"pre\u00e7o":"","Disponibilidade":"Em stock"},"schema":{"@context":"https:\/\/schema.org","@graph":[{"@type":"WebPage","@id":"https:\/\/fdasrl.it\/pt-pt\/prodotto\/comedouro-retangular-em-aco-galvanizado-para-cavalos-e-vacas\/","url":"https:\/\/fdasrl.it\/pt-pt\/prodotto\/comedouro-retangular-em-aco-galvanizado-para-cavalos-e-vacas\/","name":"Comedouro retangular em a\u00e7o para cavalos e vacas: alta qualidade","isPartOf":{"@id":"https:\/\/fdasrl.it\/pt-pt\/#website"},"primaryImageOfPage":{"@id":"https:\/\/fdasrl.it\/pt-pt\/prodotto\/comedouro-retangular-em-aco-galvanizado-para-cavalos-e-vacas\/#primaryimage"},"image":{"@id":"https:\/\/fdasrl.it\/pt-pt\/prodotto\/comedouro-retangular-em-aco-galvanizado-para-cavalos-e-vacas\/#primaryimage"},"thumbnailUrl":"https:\/\/fdasrl.it\/wp-content\/uploads\/2025\/06\/mangiatoia-a-rettangolo-acciaio.jpg","datePublished":"2025-06-25T09:42:12+00:00","description":"Escolha o comedouro retangular em a\u00e7o para cavalos e vacas, com capacidade de 35 litros. Facilita a limpeza e garante seguran\u00e7a para os seus animais! \u2705","breadcrumb":{"@id":"https:\/\/fdasrl.it\/pt-pt\/prodotto\/comedouro-retangular-em-aco-galvanizado-para-cavalos-e-vacas\/#breadcrumb"},"inLanguage":"pt-PT","potentialAction":[{"@type":"ReadAction","target":["https:\/\/fdasrl.it\/pt-pt\/prodotto\/comedouro-retangular-em-aco-galvanizado-para-cavalos-e-vacas\/"]}]},{"@type":"ImageObject","inLanguage":"pt-PT","@id":"https:\/\/fdasrl.it\/pt-pt\/prodotto\/comedouro-retangular-em-aco-galvanizado-para-cavalos-e-vacas\/#primaryimage","url":"https:\/\/fdasrl.it\/wp-content\/uploads\/2025\/06\/mangiatoia-a-rettangolo-acciaio.jpg","contentUrl":"https:\/\/fdasrl.it\/wp-content\/uploads\/2025\/06\/mangiatoia-a-rettangolo-acciaio.jpg","width":1261,"height":900,"caption":"Mangiatoia rettangolare in acciaio zincato a caldo da 35 litri per cavalli e mucche, resistente e facile da montare"},{"@type":"BreadcrumbList","@id":"https:\/\/fdasrl.it\/pt-pt\/prodotto\/comedouro-retangular-em-aco-galvanizado-para-cavalos-e-vacas\/#breadcrumb","itemListElement":[{"@type":"ListItem","position":1,"name":"Home","item":"https:\/\/fdasrl.it\/pt-pt\/inicio\/"},{"@type":"ListItem","position":2,"name":"Loja","item":"https:\/\/fdasrl.it\/pt-pt\/loja\/"},{"@type":"ListItem","position":3,"name":"Comedouro retangular em a\u00e7o galvanizado para Cavalos e Vacas"}]},{"@type":"WebSite","@id":"https:\/\/fdasrl.it\/pt-pt\/#website","url":"https:\/\/fdasrl.it\/pt-pt\/","name":"FDA srl","description":"Equipment for animal husbandry","publisher":{"@id":"https:\/\/fdasrl.it\/pt-pt\/#organization"},"potentialAction":[{"@type":"SearchAction","target":{"@type":"EntryPoint","urlTemplate":"https:\/\/fdasrl.it\/pt-pt\/?s={search_term_string}"},"query-input":{"@type":"PropertyValueSpecification","valueRequired":true,"valueName":"search_term_string"}}],"inLanguage":"pt-PT"},{"@type":"Organization","@id":"https:\/\/fdasrl.it\/pt-pt\/#organization","name":"FDA srl","url":"https:\/\/fdasrl.it\/pt-pt\/","logo":{"@type":"ImageObject","inLanguage":"pt-PT","@id":"https:\/\/fdasrl.it\/pt-pt\/#\/schema\/logo\/image\/","url":"https:\/\/fdasrl.it\/wp-content\/uploads\/2024\/12\/Logo-FDA.png","contentUrl":"https:\/\/fdasrl.it\/wp-content\/uploads\/2024\/12\/Logo-FDA.png","width":316,"height":119,"caption":"FDA srl"},"image":{"@id":"https:\/\/fdasrl.it\/pt-pt\/#\/schema\/logo\/image\/"},"sameAs":["https:\/\/www.facebook.com\/share\/1MWhFWg1Tp\/?mibextid=LQQJ4d","https:\/\/www.instagram.com\/fda_srl\/profilecard\/?igsh=YW5lbzJ6MWg0d21u","https:\/\/www.youtube.com\/@FDASRL_ANIMALCARE"],"description":"FDA SRL \u2013 Equipment for animal husbandry nasce con l\u2019obiettivo di offrire soluzioni affidabili e innovative per l\u2019allevamento moderno. Con anni di esperienza nel settore zootecnico, progettiamo e realizziamo attrezzature destinate al benessere animale e alla gestione efficiente delle stalle: vasche, abbeveratoi, mangiatoie e sistemi di riscaldamento pensati per durare nel tempo e semplificare il lavoro quotidiano degli allevatori. Dalla progettazione alla produzione, ogni nostro prodotto \u00e8 studiato nei minimi dettagli, testato con cura e costruito per rispondere alle esigenze reali del settore. La nostra forza \u00e8 unire artigianalit\u00e0, tecnologia e competenza tecnica per trasformare ogni progetto in una soluzione concreta e funzionale. Oggi FDA SRL \u00e8 un punto di riferimento per privati e rivenditori che cercano qualit\u00e0, affidabilit\u00e0 e innovazione nelle attrezzature per l\u2019allevamento.","email":"info@fdasrl.it","telephone":"+390522826820","legalName":"F.D.A. SRL","foundingDate":"2024-10-13","vatID":"03075840359","taxID":"03075840359","numberOfEmployees":{"@type":"QuantitativeValue","minValue":"1","maxValue":"10"}}]},"product_price_currency":"EUR","og_availability":"instock","product_availability":"instock","product_retailer_item_id":"FAMA6-1","product_condition":"new"},"_links":{"self":[{"href":"https:\/\/fdasrl.it\/pt-pt\/wp-json\/wp\/v2\/product\/3100","targetHints":{"allow":["GET"]}}],"collection":[{"href":"https:\/\/fdasrl.it\/pt-pt\/wp-json\/wp\/v2\/product"}],"about":[{"href":"https:\/\/fdasrl.it\/pt-pt\/wp-json\/wp\/v2\/types\/product"}],"replies":[{"embeddable":true,"href":"https:\/\/fdasrl.it\/pt-pt\/wp-json\/wp\/v2\/comments?post=3100"}],"wp:featuredmedia":[{"embeddable":true,"href":"https:\/\/fdasrl.it\/pt-pt\/wp-json\/wp\/v2\/media\/860"}],"wp:attachment":[{"href":"https:\/\/fdasrl.it\/pt-pt\/wp-json\/wp\/v2\/media?parent=3100"}],"wp:term":[{"taxonomy":"product_brand","embeddable":true,"href":"https:\/\/fdasrl.it\/pt-pt\/wp-json\/wp\/v2\/product_brand?post=3100"},{"taxonomy":"product_cat","embeddable":true,"href":"https:\/\/fdasrl.it\/pt-pt\/wp-json\/wp\/v2\/product_cat?post=3100"},{"taxonomy":"product_tag","embeddable":true,"href":"https:\/\/fdasrl.it\/pt-pt\/wp-json\/wp\/v2\/product_tag?post=3100"}],"curies":[{"name":"wp","href":"https:\/\/api.w.org\/{rel}","templated":true}]}}