{"id":3185,"date":"2025-05-23T09:33:28","date_gmt":"2025-05-23T07:33:28","guid":{"rendered":"https:\/\/fdasrl.it\/prodotto\/suporte-de-canto-universal-para-bebedouros-far22\/"},"modified":"2025-05-23T09:33:28","modified_gmt":"2025-05-23T07:33:28","slug":"suporte-de-canto-universal-para-bebedouros-far22","status":"publish","type":"product","link":"https:\/\/fdasrl.it\/pt-pt\/prodotto\/suporte-de-canto-universal-para-bebedouros-far22\/","title":{"rendered":"Suporte de Canto Universal para Bebedouros FAR22"},"content":{"rendered":"<h3 data-start=\"155\" data-end=\"274\">\u2705 <strong data-start=\"161\" data-end=\"274\">Suporte de Canto para Bebedouro Universal FAR22 \u2013 Robusto, Compat\u00edvel e Cortado a Laser sem Oxida\u00e7\u00e3o<\/strong><\/h3>\n<p data-start=\"276\" data-end=\"301\"><strong data-start=\"276\" data-end=\"301\">Descri\u00e7\u00e3o do produto:<\/strong><\/p>\n<p data-start=\"303\" data-end=\"613\">O <strong data-start=\"306\" data-end=\"342\">Suporte de Canto Universal FAR22<\/strong> \u00e9 a solu\u00e7\u00e3o ideal para instalar de forma segura e est\u00e1vel qualquer tipo de bebedouro em cantos de paredes ou muros. Fabricado em <strong data-start=\"481\" data-end=\"512\">a\u00e7o galvanizado de 30\/10 mm<\/strong>, oferece uma elevada resist\u00eancia mec\u00e2nica e \u00e0 corros\u00e3o, sendo perfeito para o uso em ambientes pecu\u00e1rios. <\/p>\n<p data-start=\"615\" data-end=\"821\">O processamento \u00e9 realizado atrav\u00e9s de <strong data-start=\"646\" data-end=\"672\">corte a laser com nitrog\u00e9nio<\/strong>, uma tecnologia que garante a m\u00e1xima precis\u00e3o e <strong data-start=\"725\" data-end=\"761\">previne a oxida\u00e7\u00e3o das extremidades<\/strong>, preservando a qualidade e a durabilidade do produto ao longo do tempo.<\/p>\n<p data-start=\"823\" data-end=\"1093\">A <strong data-start=\"826\" data-end=\"850\">forma angular de 90\u00b0<\/strong> e a <strong data-start=\"856\" data-end=\"880\">abertura posterior<\/strong> permitem uma instala\u00e7\u00e3o r\u00e1pida e organizada, facilitando a passagem do tubo e reduzindo as dobras. Ideal para est\u00e1bulos, boxes e situa\u00e7\u00f5es onde \u00e9 necess\u00e1ria uma montagem em canto, mesmo em espa\u00e7os reduzidos. <\/p>\n<p data-start=\"1095\" data-end=\"1124\"><strong data-start=\"1095\" data-end=\"1124\">Caracter\u00edsticas t\u00e9cnicas:<\/strong><\/p>\n<ul data-start=\"1125\" data-end=\"1406\">\n<li data-start=\"1125\" data-end=\"1153\">\n<p data-start=\"1127\" data-end=\"1153\">Material: a\u00e7o galvanizado<\/p>\n<\/li>\n<li data-start=\"1154\" data-end=\"1174\">\n<p data-start=\"1156\" data-end=\"1174\">Espessura: 30\/10 mm<\/p>\n<\/li>\n<li data-start=\"1175\" data-end=\"1219\">\n<p data-start=\"1177\" data-end=\"1219\">Corte: laser com nitrog\u00e9nio (antioxida\u00e7\u00e3o)<\/p>\n<\/li>\n<li data-start=\"1220\" data-end=\"1243\">\n<p data-start=\"1222\" data-end=\"1243\">Forma: angular de 90\u00b0<\/p>\n<\/li>\n<li data-start=\"1244\" data-end=\"1305\">\n<p data-start=\"1246\" data-end=\"1305\">Sa\u00edda posterior alinhada com a entrada do bebedouro<\/p>\n<\/li>\n<li data-start=\"1306\" data-end=\"1353\">\n<p data-start=\"1308\" data-end=\"1353\">Preparado para fixa\u00e7\u00e3o com parafusos e buchas<\/p>\n<\/li>\n<li data-start=\"1354\" data-end=\"1406\">\n<p data-start=\"1356\" data-end=\"1406\">Compatibilidade universal com todos os bebedouros<\/p>\n<\/li>\n<\/ul>\n<p data-start=\"1408\" data-end=\"1421\"><strong data-start=\"1408\" data-end=\"1421\">Vantagens:<\/strong><\/p>\n<ul data-start=\"1422\" data-end=\"1576\">\n<li data-start=\"1422\" data-end=\"1452\">\n<p data-start=\"1424\" data-end=\"1452\">Fixa\u00e7\u00e3o est\u00e1vel e duradoura<\/p>\n<\/li>\n<li data-start=\"1453\" data-end=\"1492\">\n<p data-start=\"1455\" data-end=\"1492\">Processamento preciso sem oxida\u00e7\u00e3o<\/p>\n<\/li>\n<li data-start=\"1493\" data-end=\"1540\">\n<p data-start=\"1495\" data-end=\"1540\">Instala\u00e7\u00e3o simples mesmo em espa\u00e7os reduzidos<\/p>\n<\/li>\n<li data-start=\"1541\" data-end=\"1576\">\n<p data-start=\"1543\" data-end=\"1576\">Gest\u00e3o organizada da tubagem<\/p>\n<\/li>\n<\/ul>\n<p>&nbsp;<\/p>\n<p>Contacte-nos para uma cota\u00e7\u00e3o dedicada a revendedores: info@fdasrl.it<\/p>\n<p>Adquira-o na nossa <a href=\"https:\/\/fda-shop.it\/shop\/articoli-per-allevamento\/abbeveratoi\/staffa-angolare-universale-per-abbeveratoi#\/25-accessori_e_confezioni-singola_unita\">loja online<\/a><\/p>\n","protected":false},"excerpt":{"rendered":"<p>Suporte de canto universal em a\u00e7o galvanizado para bebedouros. Compat\u00edvel com todos os modelos, com sa\u00edda posterior e corte a laser antioxida\u00e7\u00e3o. F\u00e1cil de instalar mesmo em espa\u00e7os reduzidos.  <\/p>\n<p>Descarregar: <a href=\"https:\/\/fdasrl.it\/wp-content\/uploads\/2025\/05\/Scheda-tecnica-FAR22_compressed-1.pdf\">Ficha t\u00e9cnica FAR22_compressed (1)<\/a><\/p>\n","protected":false},"featured_media":832,"comment_status":"open","ping_status":"closed","template":"","meta":{"_et_pb_use_builder":"","_et_pb_old_content":"","_et_gb_content_width":""},"product_brand":[],"product_cat":[502,554,383,609,412],"product_tag":[795,794],"class_list":{"0":"post-3185","1":"product","2":"type-product","3":"status-publish","4":"has-post-thumbnail","6":"product_cat-bebedouros","7":"product_cat-bebedouros-2","8":"product_cat-bovinos","9":"product_cat-cavalos","10":"product_cat-ovinos-e-caprinos","11":"product_tag-far-22","12":"product_tag-far22","14":"first","15":"instock","16":"shipping-taxable","17":"product-type-simple"},"yoast_head":"<!-- This site is optimized with the Yoast SEO Premium plugin v27.5 (Yoast SEO v27.5) - https:\/\/yoast.com\/product\/yoast-seo-premium-wordpress\/ -->\n<title>Suporte de canto para bebedouro universal em a\u00e7o galvanizado - FDA srl<\/title>\n<meta name=\"description\" content=\"O Suporte de canto para bebedouro universal em a\u00e7o galvanizado \u00e9 perfeito para cantos estreitos e instala\u00e7\u00f5es est\u00e1veis.\" \/>\n<meta name=\"robots\" content=\"index, follow, max-snippet:-1, max-image-preview:large, max-video-preview:-1\" \/>\n<link rel=\"canonical\" href=\"https:\/\/fdasrl.it\/pt-pt\/prodotto\/suporte-de-canto-universal-para-bebedouros-far22\/\" \/>\n<meta property=\"og:locale\" content=\"pt_PT\" \/>\n<meta property=\"og:type\" content=\"article\" \/>\n<meta property=\"og:title\" content=\"Suporte de Canto Universal para Bebedouros FAR22\" \/>\n<meta property=\"og:description\" content=\"O Suporte de canto para bebedouro universal em a\u00e7o galvanizado \u00e9 perfeito para cantos estreitos e instala\u00e7\u00f5es est\u00e1veis.\" \/>\n<meta property=\"og:url\" content=\"https:\/\/fdasrl.it\/pt-pt\/prodotto\/suporte-de-canto-universal-para-bebedouros-far22\/\" \/>\n<meta property=\"og:site_name\" content=\"FDA srl\" \/>\n<meta property=\"article:publisher\" content=\"https:\/\/www.facebook.com\/share\/1MWhFWg1Tp\/?mibextid=LQQJ4d\" \/>\n<meta property=\"og:image\" content=\"https:\/\/fdasrl.it\/wp-content\/uploads\/2025\/05\/Staffa-angolare-abbeveratoi-FAR22-1.png\" \/>\n\t<meta property=\"og:image:width\" content=\"1376\" \/>\n\t<meta property=\"og:image:height\" content=\"1008\" \/>\n\t<meta property=\"og:image:type\" content=\"image\/png\" \/>\n<meta name=\"twitter:card\" content=\"summary_large_image\" \/>\n<meta name=\"twitter:label1\" content=\"pre\u00e7o\" \/>\n\t<meta name=\"twitter:data1\" content=\"\" \/>\n\t<meta name=\"twitter:label2\" content=\"Disponibilidade\" \/>\n\t<meta name=\"twitter:data2\" content=\"Em stock\" \/>\n<meta property=\"product:price:currency\" content=\"EUR\" \/>\n<meta property=\"og:availability\" content=\"instock\" \/>\n<meta property=\"product:availability\" content=\"instock\" \/>\n<meta property=\"product:retailer_item_id\" content=\"FAR22\" \/>\n<meta property=\"product:condition\" content=\"new\" \/>\n<!-- \/ Yoast SEO Premium plugin. -->","yoast_head_json":{"title":"Suporte de canto para bebedouro universal em a\u00e7o galvanizado - FDA srl","description":"O Suporte de canto para bebedouro universal em a\u00e7o galvanizado \u00e9 perfeito para cantos estreitos e instala\u00e7\u00f5es est\u00e1veis.","robots":{"index":"index","follow":"follow","max-snippet":"max-snippet:-1","max-image-preview":"max-image-preview:large","max-video-preview":"max-video-preview:-1"},"canonical":"https:\/\/fdasrl.it\/pt-pt\/prodotto\/suporte-de-canto-universal-para-bebedouros-far22\/","og_locale":"pt_PT","og_type":"article","og_title":"Suporte de Canto Universal para Bebedouros FAR22","og_description":"O Suporte de canto para bebedouro universal em a\u00e7o galvanizado \u00e9 perfeito para cantos estreitos e instala\u00e7\u00f5es est\u00e1veis.","og_url":"https:\/\/fdasrl.it\/pt-pt\/prodotto\/suporte-de-canto-universal-para-bebedouros-far22\/","og_site_name":"FDA srl","article_publisher":"https:\/\/www.facebook.com\/share\/1MWhFWg1Tp\/?mibextid=LQQJ4d","og_image":[{"width":1376,"height":1008,"url":"https:\/\/fdasrl.it\/wp-content\/uploads\/2025\/05\/Staffa-angolare-abbeveratoi-FAR22-1.png","type":"image\/png"}],"twitter_card":"summary_large_image","twitter_misc":{"pre\u00e7o":"","Disponibilidade":"Em stock"},"schema":{"@context":"https:\/\/schema.org","@graph":[{"@type":"WebPage","@id":"https:\/\/fdasrl.it\/pt-pt\/prodotto\/suporte-de-canto-universal-para-bebedouros-far22\/","url":"https:\/\/fdasrl.it\/pt-pt\/prodotto\/suporte-de-canto-universal-para-bebedouros-far22\/","name":"Suporte de canto para bebedouro universal em a\u00e7o galvanizado - FDA srl","isPartOf":{"@id":"https:\/\/fdasrl.it\/pt-pt\/#website"},"primaryImageOfPage":{"@id":"https:\/\/fdasrl.it\/pt-pt\/prodotto\/suporte-de-canto-universal-para-bebedouros-far22\/#primaryimage"},"image":{"@id":"https:\/\/fdasrl.it\/pt-pt\/prodotto\/suporte-de-canto-universal-para-bebedouros-far22\/#primaryimage"},"thumbnailUrl":"https:\/\/fdasrl.it\/wp-content\/uploads\/2025\/05\/Staffa-angolare-abbeveratoi-FAR22-1.png","datePublished":"2025-05-23T07:33:28+00:00","description":"O Suporte de canto para bebedouro universal em a\u00e7o galvanizado \u00e9 perfeito para cantos estreitos e instala\u00e7\u00f5es est\u00e1veis.","breadcrumb":{"@id":"https:\/\/fdasrl.it\/pt-pt\/prodotto\/suporte-de-canto-universal-para-bebedouros-far22\/#breadcrumb"},"inLanguage":"pt-PT","potentialAction":[{"@type":"ReadAction","target":["https:\/\/fdasrl.it\/pt-pt\/prodotto\/suporte-de-canto-universal-para-bebedouros-far22\/"]}]},{"@type":"ImageObject","inLanguage":"pt-PT","@id":"https:\/\/fdasrl.it\/pt-pt\/prodotto\/suporte-de-canto-universal-para-bebedouros-far22\/#primaryimage","url":"https:\/\/fdasrl.it\/wp-content\/uploads\/2025\/05\/Staffa-angolare-abbeveratoi-FAR22-1.png","contentUrl":"https:\/\/fdasrl.it\/wp-content\/uploads\/2025\/05\/Staffa-angolare-abbeveratoi-FAR22-1.png","width":1376,"height":1008,"caption":"Staffa angolare per abbeveratoio FAR22"},{"@type":"BreadcrumbList","@id":"https:\/\/fdasrl.it\/pt-pt\/prodotto\/suporte-de-canto-universal-para-bebedouros-far22\/#breadcrumb","itemListElement":[{"@type":"ListItem","position":1,"name":"Home","item":"https:\/\/fdasrl.it\/pt-pt\/inicio\/"},{"@type":"ListItem","position":2,"name":"Loja","item":"https:\/\/fdasrl.it\/pt-pt\/loja\/"},{"@type":"ListItem","position":3,"name":"Suporte de Canto Universal para Bebedouros FAR22"}]},{"@type":"WebSite","@id":"https:\/\/fdasrl.it\/pt-pt\/#website","url":"https:\/\/fdasrl.it\/pt-pt\/","name":"FDA srl","description":"Equipment for animal husbandry","publisher":{"@id":"https:\/\/fdasrl.it\/pt-pt\/#organization"},"potentialAction":[{"@type":"SearchAction","target":{"@type":"EntryPoint","urlTemplate":"https:\/\/fdasrl.it\/pt-pt\/?s={search_term_string}"},"query-input":{"@type":"PropertyValueSpecification","valueRequired":true,"valueName":"search_term_string"}}],"inLanguage":"pt-PT"},{"@type":"Organization","@id":"https:\/\/fdasrl.it\/pt-pt\/#organization","name":"FDA srl","url":"https:\/\/fdasrl.it\/pt-pt\/","logo":{"@type":"ImageObject","inLanguage":"pt-PT","@id":"https:\/\/fdasrl.it\/pt-pt\/#\/schema\/logo\/image\/","url":"https:\/\/fdasrl.it\/wp-content\/uploads\/2024\/12\/Logo-FDA.png","contentUrl":"https:\/\/fdasrl.it\/wp-content\/uploads\/2024\/12\/Logo-FDA.png","width":316,"height":119,"caption":"FDA srl"},"image":{"@id":"https:\/\/fdasrl.it\/pt-pt\/#\/schema\/logo\/image\/"},"sameAs":["https:\/\/www.facebook.com\/share\/1MWhFWg1Tp\/?mibextid=LQQJ4d","https:\/\/www.instagram.com\/fda_srl\/profilecard\/?igsh=YW5lbzJ6MWg0d21u","https:\/\/www.youtube.com\/@FDASRL_ANIMALCARE"],"description":"FDA SRL \u2013 Equipment for animal husbandry nasce con l\u2019obiettivo di offrire soluzioni affidabili e innovative per l\u2019allevamento moderno. Con anni di esperienza nel settore zootecnico, progettiamo e realizziamo attrezzature destinate al benessere animale e alla gestione efficiente delle stalle: vasche, abbeveratoi, mangiatoie e sistemi di riscaldamento pensati per durare nel tempo e semplificare il lavoro quotidiano degli allevatori. Dalla progettazione alla produzione, ogni nostro prodotto \u00e8 studiato nei minimi dettagli, testato con cura e costruito per rispondere alle esigenze reali del settore. La nostra forza \u00e8 unire artigianalit\u00e0, tecnologia e competenza tecnica per trasformare ogni progetto in una soluzione concreta e funzionale. Oggi FDA SRL \u00e8 un punto di riferimento per privati e rivenditori che cercano qualit\u00e0, affidabilit\u00e0 e innovazione nelle attrezzature per l\u2019allevamento.","email":"info@fdasrl.it","telephone":"+390522826820","legalName":"F.D.A. SRL","foundingDate":"2024-10-13","vatID":"03075840359","taxID":"03075840359","numberOfEmployees":{"@type":"QuantitativeValue","minValue":"1","maxValue":"10"}}]},"product_price_currency":"EUR","og_availability":"instock","product_availability":"instock","product_retailer_item_id":"FAR22","product_condition":"new"},"_links":{"self":[{"href":"https:\/\/fdasrl.it\/pt-pt\/wp-json\/wp\/v2\/product\/3185","targetHints":{"allow":["GET"]}}],"collection":[{"href":"https:\/\/fdasrl.it\/pt-pt\/wp-json\/wp\/v2\/product"}],"about":[{"href":"https:\/\/fdasrl.it\/pt-pt\/wp-json\/wp\/v2\/types\/product"}],"replies":[{"embeddable":true,"href":"https:\/\/fdasrl.it\/pt-pt\/wp-json\/wp\/v2\/comments?post=3185"}],"wp:featuredmedia":[{"embeddable":true,"href":"https:\/\/fdasrl.it\/pt-pt\/wp-json\/wp\/v2\/media\/832"}],"wp:attachment":[{"href":"https:\/\/fdasrl.it\/pt-pt\/wp-json\/wp\/v2\/media?parent=3185"}],"wp:term":[{"taxonomy":"product_brand","embeddable":true,"href":"https:\/\/fdasrl.it\/pt-pt\/wp-json\/wp\/v2\/product_brand?post=3185"},{"taxonomy":"product_cat","embeddable":true,"href":"https:\/\/fdasrl.it\/pt-pt\/wp-json\/wp\/v2\/product_cat?post=3185"},{"taxonomy":"product_tag","embeddable":true,"href":"https:\/\/fdasrl.it\/pt-pt\/wp-json\/wp\/v2\/product_tag?post=3185"}],"curies":[{"name":"wp","href":"https:\/\/api.w.org\/{rel}","templated":true}]}}