{"id":3240,"date":"2025-01-21T13:28:10","date_gmt":"2025-01-21T12:28:10","guid":{"rendered":"https:\/\/fdasrl.it\/prodotto\/coletor-para-cabras-e-ovelhas\/"},"modified":"2025-01-21T13:28:10","modified_gmt":"2025-01-21T12:28:10","slug":"coletor-para-cabras-e-ovelhas","status":"publish","type":"product","link":"https:\/\/fdasrl.it\/pt-pt\/prodotto\/coletor-para-cabras-e-ovelhas\/","title":{"rendered":"Coletor para cabras e ovelhas"},"content":{"rendered":"<h3>Coletor para cabras e ovelhas 13300 para ordenhadora.<\/h3>\n<p class=\"\" data-start=\"393\" data-end=\"612\">Fabricado em <strong data-start=\"407\" data-end=\"447\">material de qualidade alimentar de alta qualidade<\/strong>, <strong data-start=\"449\" data-end=\"461\">at\u00f3xico<\/strong> e <strong data-start=\"464\" data-end=\"488\">resistente ao desgaste<\/strong>, este acess\u00f3rio para ordenhadora foi concebido para garantir a <strong data-start=\"550\" data-end=\"580\">m\u00e1xima seguran\u00e7a higi\u00e9nica<\/strong> e <strong data-start=\"583\" data-end=\"609\">longa durabilidade<\/strong>.<\/p>\n<p class=\"\" data-start=\"393\" data-end=\"612\">Compat\u00edvel com <strong data-start=\"630\" data-end=\"681\">todos os grupos de ordenha para ovinos e caprinos<\/strong>, \u00e9 ideal para utiliza\u00e7\u00e3o em <strong data-start=\"705\" data-end=\"737\">carrinhos de ordenha m\u00f3veis<\/strong> e em <strong data-start=\"743\" data-end=\"761\">instala\u00e7\u00f5es fixas<\/strong>, assegurando <strong data-start=\"775\" data-end=\"800\">versatilidade operacional<\/strong> em qualquer tipo de explora\u00e7\u00e3o.<\/p>\n<p class=\"\" data-start=\"831\" data-end=\"993\">Especificamente concebido para a <strong data-start=\"863\" data-end=\"903\">recolha de leite de ovelhas e cabras<\/strong>, representa uma <strong data-start=\"920\" data-end=\"943\">pe\u00e7a de substitui\u00e7\u00e3o essencial<\/strong> para o correto funcionamento da ordenhadora.<\/p>\n<p class=\"\" data-start=\"995\" data-end=\"1156\">O seu <strong data-start=\"1002\" data-end=\"1022\">design intuitivo<\/strong> e funcional permite uma <strong data-start=\"1048\" data-end=\"1068\">utiliza\u00e7\u00e3o pr\u00e1tica<\/strong>, facilitando as opera\u00e7\u00f5es di\u00e1rias de ordenha e reduzindo os tempos de manuten\u00e7\u00e3o.<\/p>\n<hr class=\"\" data-start=\"1158\" data-end=\"1161\">\n<h4 class=\"\" data-start=\"1163\" data-end=\"1195\">Caracter\u00edsticas principais:<\/h4>\n<ul data-start=\"1196\" data-end=\"1412\">\n<li class=\"\" data-start=\"1196\" data-end=\"1238\">\n<p class=\"\" data-start=\"1198\" data-end=\"1238\">Material certificado para uso alimentar<\/p>\n<\/li>\n<li class=\"\" data-start=\"1239\" data-end=\"1297\">\n<p class=\"\" data-start=\"1241\" data-end=\"1297\">Compatibilidade universal com grupos de ordenha ovicaprinos<\/p>\n<\/li>\n<li class=\"\" data-start=\"1298\" data-end=\"1343\">\n<p class=\"\" data-start=\"1300\" data-end=\"1343\">Adequado para instala\u00e7\u00f5es fixas e carrinhos m\u00f3veis<\/p>\n<\/li>\n<li class=\"\" data-start=\"1344\" data-end=\"1376\">\n<p class=\"\" data-start=\"1346\" data-end=\"1376\">Alta resist\u00eancia e longa durabilidade<\/p>\n<\/li>\n<li class=\"\" data-start=\"1377\" data-end=\"1412\">\n<p class=\"\" data-start=\"1379\" data-end=\"1412\">F\u00e1cil de instalar e utilizar<\/p>\n<\/li>\n<\/ul>\n<p>Adquira-o na nossa <a href=\"https:\/\/fda-shop.it\/shop\/mungitura\/collettore-per-capre-o-pecore\" target=\"_blank\" rel=\"noopener\">loja online<\/a><\/p>\n","protected":false},"excerpt":{"rendered":"<p>O coletor para cabra\/ovelha \u00e9 compat\u00edvel com todos os grupos de ordenha para ovelhas e cabras, sendo ideal para utiliza\u00e7\u00e3o tanto em sistemas m\u00f3veis (carrinhos de ordenha) como em instala\u00e7\u00f5es fixas.<br data-start=\"458\" data-end=\"461\">Especificamente concebido para a recolha de leite, representa um acess\u00f3rio essencial para ordenhadoras destinadas a ovinos e caprinos.<\/p>\n","protected":false},"featured_media":630,"comment_status":"open","ping_status":"closed","template":"","meta":{"_et_pb_use_builder":"","_et_pb_old_content":"","_et_gb_content_width":""},"product_brand":[],"product_cat":[500],"product_tag":[810],"class_list":{"0":"post-3240","1":"product","2":"type-product","3":"status-publish","4":"has-post-thumbnail","6":"product_cat-acessorios-para-ordenhadoras","7":"product_tag-810","9":"first","10":"instock","11":"shipping-taxable","12":"product-type-simple"},"yoast_head":"<!-- This site is optimized with the Yoast SEO Premium plugin v27.5 (Yoast SEO v27.5) - https:\/\/yoast.com\/product\/yoast-seo-premium-wordpress\/ -->\n<title>Coletor para Cabras e Ovelhas Grupo de Ordenha - Alta Qualidade - FDA srl<\/title>\n<meta name=\"description\" content=\"Recolha o leite de forma simples e pr\u00e1tica com o Coletor para cabras e ovelhas do grupo de ordenha. Fabricado em material de alta qualidade e duradouro!\" \/>\n<meta name=\"robots\" content=\"index, follow, max-snippet:-1, max-image-preview:large, max-video-preview:-1\" \/>\n<link rel=\"canonical\" href=\"https:\/\/fdasrl.it\/pt-pt\/prodotto\/coletor-para-cabras-e-ovelhas\/\" \/>\n<meta property=\"og:locale\" content=\"pt_PT\" \/>\n<meta property=\"og:type\" content=\"article\" \/>\n<meta property=\"og:title\" content=\"Coletor para cabras e ovelhas\" \/>\n<meta property=\"og:description\" content=\"Recolha o leite de forma simples e pr\u00e1tica com o Coletor para cabras e ovelhas do grupo de ordenha. Fabricado em material de alta qualidade e duradouro!\" \/>\n<meta property=\"og:url\" content=\"https:\/\/fdasrl.it\/pt-pt\/prodotto\/coletor-para-cabras-e-ovelhas\/\" \/>\n<meta property=\"og:site_name\" content=\"FDA srl\" \/>\n<meta property=\"article:publisher\" content=\"https:\/\/www.facebook.com\/share\/1MWhFWg1Tp\/?mibextid=LQQJ4d\" \/>\n<meta property=\"og:image\" content=\"https:\/\/fdasrl.it\/wp-content\/uploads\/2025\/01\/Collettore-capre-pecore-mungitura-FDA.png\" \/>\n\t<meta property=\"og:image:width\" content=\"1001\" \/>\n\t<meta property=\"og:image:height\" content=\"900\" \/>\n\t<meta property=\"og:image:type\" content=\"image\/png\" \/>\n<meta name=\"twitter:card\" content=\"summary_large_image\" \/>\n<meta name=\"twitter:label1\" content=\"pre\u00e7o\" \/>\n\t<meta name=\"twitter:data1\" content=\"\" \/>\n\t<meta name=\"twitter:label2\" content=\"Disponibilidade\" \/>\n\t<meta name=\"twitter:data2\" content=\"Em stock\" \/>\n<meta property=\"product:price:currency\" content=\"EUR\" \/>\n<meta property=\"og:availability\" content=\"instock\" \/>\n<meta property=\"product:availability\" content=\"instock\" \/>\n<meta property=\"product:retailer_item_id\" content=\"13300\" \/>\n<meta property=\"product:condition\" content=\"new\" \/>\n<!-- \/ Yoast SEO Premium plugin. -->","yoast_head_json":{"title":"Coletor para Cabras e Ovelhas Grupo de Ordenha - Alta Qualidade - FDA srl","description":"Recolha o leite de forma simples e pr\u00e1tica com o Coletor para cabras e ovelhas do grupo de ordenha. Fabricado em material de alta qualidade e duradouro!","robots":{"index":"index","follow":"follow","max-snippet":"max-snippet:-1","max-image-preview":"max-image-preview:large","max-video-preview":"max-video-preview:-1"},"canonical":"https:\/\/fdasrl.it\/pt-pt\/prodotto\/coletor-para-cabras-e-ovelhas\/","og_locale":"pt_PT","og_type":"article","og_title":"Coletor para cabras e ovelhas","og_description":"Recolha o leite de forma simples e pr\u00e1tica com o Coletor para cabras e ovelhas do grupo de ordenha. Fabricado em material de alta qualidade e duradouro!","og_url":"https:\/\/fdasrl.it\/pt-pt\/prodotto\/coletor-para-cabras-e-ovelhas\/","og_site_name":"FDA srl","article_publisher":"https:\/\/www.facebook.com\/share\/1MWhFWg1Tp\/?mibextid=LQQJ4d","og_image":[{"width":1001,"height":900,"url":"https:\/\/fdasrl.it\/wp-content\/uploads\/2025\/01\/Collettore-capre-pecore-mungitura-FDA.png","type":"image\/png"}],"twitter_card":"summary_large_image","twitter_misc":{"pre\u00e7o":"","Disponibilidade":"Em stock"},"schema":{"@context":"https:\/\/schema.org","@graph":[{"@type":"WebPage","@id":"https:\/\/fdasrl.it\/pt-pt\/prodotto\/coletor-para-cabras-e-ovelhas\/","url":"https:\/\/fdasrl.it\/pt-pt\/prodotto\/coletor-para-cabras-e-ovelhas\/","name":"Coletor para Cabras e Ovelhas Grupo de Ordenha - Alta Qualidade - FDA srl","isPartOf":{"@id":"https:\/\/fdasrl.it\/pt-pt\/#website"},"primaryImageOfPage":{"@id":"https:\/\/fdasrl.it\/pt-pt\/prodotto\/coletor-para-cabras-e-ovelhas\/#primaryimage"},"image":{"@id":"https:\/\/fdasrl.it\/pt-pt\/prodotto\/coletor-para-cabras-e-ovelhas\/#primaryimage"},"thumbnailUrl":"https:\/\/fdasrl.it\/wp-content\/uploads\/2025\/01\/Collettore-capre-pecore-mungitura-FDA.png","datePublished":"2025-01-21T12:28:10+00:00","description":"Recolha o leite de forma simples e pr\u00e1tica com o Coletor para cabras e ovelhas do grupo de ordenha. Fabricado em material de alta qualidade e duradouro!","breadcrumb":{"@id":"https:\/\/fdasrl.it\/pt-pt\/prodotto\/coletor-para-cabras-e-ovelhas\/#breadcrumb"},"inLanguage":"pt-PT","potentialAction":[{"@type":"ReadAction","target":["https:\/\/fdasrl.it\/pt-pt\/prodotto\/coletor-para-cabras-e-ovelhas\/"]}]},{"@type":"ImageObject","inLanguage":"pt-PT","@id":"https:\/\/fdasrl.it\/pt-pt\/prodotto\/coletor-para-cabras-e-ovelhas\/#primaryimage","url":"https:\/\/fdasrl.it\/wp-content\/uploads\/2025\/01\/Collettore-capre-pecore-mungitura-FDA.png","contentUrl":"https:\/\/fdasrl.it\/wp-content\/uploads\/2025\/01\/Collettore-capre-pecore-mungitura-FDA.png","width":1001,"height":900,"caption":"Coletor-cabras-ovelhas-ordenha-13300-FDA"},{"@type":"BreadcrumbList","@id":"https:\/\/fdasrl.it\/pt-pt\/prodotto\/coletor-para-cabras-e-ovelhas\/#breadcrumb","itemListElement":[{"@type":"ListItem","position":1,"name":"Home","item":"https:\/\/fdasrl.it\/pt-pt\/inicio\/"},{"@type":"ListItem","position":2,"name":"Loja","item":"https:\/\/fdasrl.it\/pt-pt\/loja\/"},{"@type":"ListItem","position":3,"name":"Coletor para cabras e ovelhas"}]},{"@type":"WebSite","@id":"https:\/\/fdasrl.it\/pt-pt\/#website","url":"https:\/\/fdasrl.it\/pt-pt\/","name":"FDA srl","description":"Equipment for animal husbandry","publisher":{"@id":"https:\/\/fdasrl.it\/pt-pt\/#organization"},"potentialAction":[{"@type":"SearchAction","target":{"@type":"EntryPoint","urlTemplate":"https:\/\/fdasrl.it\/pt-pt\/?s={search_term_string}"},"query-input":{"@type":"PropertyValueSpecification","valueRequired":true,"valueName":"search_term_string"}}],"inLanguage":"pt-PT"},{"@type":"Organization","@id":"https:\/\/fdasrl.it\/pt-pt\/#organization","name":"FDA srl","url":"https:\/\/fdasrl.it\/pt-pt\/","logo":{"@type":"ImageObject","inLanguage":"pt-PT","@id":"https:\/\/fdasrl.it\/pt-pt\/#\/schema\/logo\/image\/","url":"https:\/\/fdasrl.it\/wp-content\/uploads\/2024\/12\/Logo-FDA.png","contentUrl":"https:\/\/fdasrl.it\/wp-content\/uploads\/2024\/12\/Logo-FDA.png","width":316,"height":119,"caption":"FDA srl"},"image":{"@id":"https:\/\/fdasrl.it\/pt-pt\/#\/schema\/logo\/image\/"},"sameAs":["https:\/\/www.facebook.com\/share\/1MWhFWg1Tp\/?mibextid=LQQJ4d","https:\/\/www.instagram.com\/fda_srl\/profilecard\/?igsh=YW5lbzJ6MWg0d21u","https:\/\/www.youtube.com\/@FDASRL_ANIMALCARE"],"description":"FDA SRL \u2013 Equipment for animal husbandry nasce con l\u2019obiettivo di offrire soluzioni affidabili e innovative per l\u2019allevamento moderno. Con anni di esperienza nel settore zootecnico, progettiamo e realizziamo attrezzature destinate al benessere animale e alla gestione efficiente delle stalle: vasche, abbeveratoi, mangiatoie e sistemi di riscaldamento pensati per durare nel tempo e semplificare il lavoro quotidiano degli allevatori. Dalla progettazione alla produzione, ogni nostro prodotto \u00e8 studiato nei minimi dettagli, testato con cura e costruito per rispondere alle esigenze reali del settore. La nostra forza \u00e8 unire artigianalit\u00e0, tecnologia e competenza tecnica per trasformare ogni progetto in una soluzione concreta e funzionale. Oggi FDA SRL \u00e8 un punto di riferimento per privati e rivenditori che cercano qualit\u00e0, affidabilit\u00e0 e innovazione nelle attrezzature per l\u2019allevamento.","email":"info@fdasrl.it","telephone":"+390522826820","legalName":"F.D.A. SRL","foundingDate":"2024-10-13","vatID":"03075840359","taxID":"03075840359","numberOfEmployees":{"@type":"QuantitativeValue","minValue":"1","maxValue":"10"}}]},"product_price_currency":"EUR","og_availability":"instock","product_availability":"instock","product_retailer_item_id":"13300","product_condition":"new"},"_links":{"self":[{"href":"https:\/\/fdasrl.it\/pt-pt\/wp-json\/wp\/v2\/product\/3240","targetHints":{"allow":["GET"]}}],"collection":[{"href":"https:\/\/fdasrl.it\/pt-pt\/wp-json\/wp\/v2\/product"}],"about":[{"href":"https:\/\/fdasrl.it\/pt-pt\/wp-json\/wp\/v2\/types\/product"}],"replies":[{"embeddable":true,"href":"https:\/\/fdasrl.it\/pt-pt\/wp-json\/wp\/v2\/comments?post=3240"}],"wp:featuredmedia":[{"embeddable":true,"href":"https:\/\/fdasrl.it\/pt-pt\/wp-json\/wp\/v2\/media\/630"}],"wp:attachment":[{"href":"https:\/\/fdasrl.it\/pt-pt\/wp-json\/wp\/v2\/media?parent=3240"}],"wp:term":[{"taxonomy":"product_brand","embeddable":true,"href":"https:\/\/fdasrl.it\/pt-pt\/wp-json\/wp\/v2\/product_brand?post=3240"},{"taxonomy":"product_cat","embeddable":true,"href":"https:\/\/fdasrl.it\/pt-pt\/wp-json\/wp\/v2\/product_cat?post=3240"},{"taxonomy":"product_tag","embeddable":true,"href":"https:\/\/fdasrl.it\/pt-pt\/wp-json\/wp\/v2\/product_tag?post=3240"}],"curies":[{"name":"wp","href":"https:\/\/api.w.org\/{rel}","templated":true}]}}