{"id":3270,"date":"2025-01-21T13:24:26","date_gmt":"2025-01-21T12:24:26","guid":{"rendered":"https:\/\/fdasrl.it\/prodotto\/pulsadores-pneumaticos-para-maquinas-de-ordenha\/"},"modified":"2025-01-21T13:24:26","modified_gmt":"2025-01-21T12:24:26","slug":"pulsadores-pneumaticos-para-maquinas-de-ordenha","status":"publish","type":"product","link":"https:\/\/fdasrl.it\/pt-pt\/prodotto\/pulsadores-pneumaticos-para-maquinas-de-ordenha\/","title":{"rendered":"PULSADORES PNEUM\u00c1TICOS PARA M\u00c1QUINAS DE ORDENHA"},"content":{"rendered":"<h2 data-start=\"120\" data-end=\"187\">Pulsadores Pneum\u00e1ticos para M\u00e1quinas de Ordenha \u2013 Para Vacas, Cabras e Ovelhas<\/h2>\n<p data-start=\"189\" data-end=\"406\"><strong data-start=\"189\" data-end=\"215\">Os pulsadores pneum\u00e1ticos<\/strong> s\u00e3o componentes essenciais nos sistemas de ordenha. Regulam o fluxo do v\u00e1cuo para as teteiras, simulando o ritmo de suc\u00e7\u00e3o do animal e garantindo uma ordenha eficiente e suave. <\/p>\n<h3 data-start=\"408\" data-end=\"453\">Para que serve um pulsador para m\u00e1quina de ordenha?<\/h3>\n<p data-start=\"455\" data-end=\"695\">O <strong data-start=\"458\" data-end=\"486\">pulsador para m\u00e1quina de ordenha<\/strong> controla o v\u00e1cuo de forma alternada, permitindo a abertura e o fecho das teteiras de ordenha. Este processo c\u00edclico \u00e9 fundamental para a sa\u00fade do animal e para uma produ\u00e7\u00e3o de leite otimizada. <\/p>\n<h3 data-start=\"697\" data-end=\"728\">Caracter\u00edsticas principais:<\/h3>\n<ul data-start=\"730\" data-end=\"938\">\n<li data-start=\"730\" data-end=\"847\">\n<p data-start=\"732\" data-end=\"847\">\u2705 <strong data-start=\"734\" data-end=\"759\">Rela\u00e7\u00e3o de frequ\u00eancia<\/strong>: indica o n\u00famero de pulsa\u00e7\u00f5es por minuto. Regul\u00e1vel atrav\u00e9s de um parafuso de precis\u00e3o. <\/p>\n<\/li>\n<li data-start=\"848\" data-end=\"938\">\n<p data-start=\"850\" data-end=\"938\">\u2705 <strong data-start=\"852\" data-end=\"878\">Rela\u00e7\u00e3o de pulsa\u00e7\u00e3o<\/strong>: define a dura\u00e7\u00e3o do v\u00e1cuo em cada ciclo de pulsa\u00e7\u00e3o.<\/p>\n<\/li>\n<\/ul>\n<hr data-start=\"940\" data-end=\"943\">\n<h3 data-start=\"945\" data-end=\"968\">Modelos dispon\u00edveis<\/h3>\n<h4 data-start=\"970\" data-end=\"1009\">\ud83d\udd39 Pulsador Pneum\u00e1tico para Vacas<\/h4>\n<ul data-start=\"1010\" data-end=\"1137\">\n<li data-start=\"1010\" data-end=\"1033\">\n<p data-start=\"1012\" data-end=\"1033\"><strong data-start=\"1012\" data-end=\"1024\">Rela\u00e7\u00e3o<\/strong>: 60\/40<\/p>\n<\/li>\n<li data-start=\"1034\" data-end=\"1073\">\n<p data-start=\"1036\" data-end=\"1073\"><strong data-start=\"1036\" data-end=\"1049\">Frequ\u00eancia<\/strong>: 60 pulsa\u00e7\u00f5es\/minuto<\/p>\n<\/li>\n<li data-start=\"1074\" data-end=\"1137\">\n<p data-start=\"1076\" data-end=\"1137\">Ideal para ordenha bovina, garante efici\u00eancia e conforto.<\/p>\n<\/li>\n<\/ul>\n<h4 data-start=\"1139\" data-end=\"1177\">\ud83d\udd39 Pulsador Pneum\u00e1tico para Cabras<\/h4>\n<ul data-start=\"1178\" data-end=\"1301\">\n<li data-start=\"1178\" data-end=\"1201\">\n<p data-start=\"1180\" data-end=\"1201\"><strong data-start=\"1180\" data-end=\"1192\">Rela\u00e7\u00e3o<\/strong>: 60\/40<\/p>\n<\/li>\n<li data-start=\"1202\" data-end=\"1241\">\n<p data-start=\"1204\" data-end=\"1241\"><strong data-start=\"1204\" data-end=\"1217\">Frequ\u00eancia<\/strong>: 90 pulsa\u00e7\u00f5es\/minuto<\/p>\n<\/li>\n<li data-start=\"1242\" data-end=\"1301\">\n<p data-start=\"1244\" data-end=\"1301\">Otimizado para o sistema delicado das cabras leiteiras.<\/p>\n<\/li>\n<\/ul>\n<h4 data-start=\"1303\" data-end=\"1342\">\ud83d\udd39 Pulsador Pneum\u00e1tico para Ovelhas<\/h4>\n<ul data-start=\"1343\" data-end=\"1459\">\n<li data-start=\"1343\" data-end=\"1366\">\n<p data-start=\"1345\" data-end=\"1366\"><strong data-start=\"1345\" data-end=\"1357\">Rela\u00e7\u00e3o<\/strong>: 50\/50<\/p>\n<\/li>\n<li data-start=\"1367\" data-end=\"1407\">\n<p data-start=\"1369\" data-end=\"1407\"><strong data-start=\"1369\" data-end=\"1382\">Frequ\u00eancia<\/strong>: 120 pulsa\u00e7\u00f5es\/minuto<\/p>\n<\/li>\n<li data-start=\"1408\" data-end=\"1459\">\n<p data-start=\"1410\" data-end=\"1459\">Projetado para ordenha ovina de alta frequ\u00eancia.<\/p>\n<\/li>\n<\/ul>\n<hr data-start=\"1461\" data-end=\"1464\">\n<h3 data-start=\"1466\" data-end=\"1506\">Por que escolher os nossos pulsadores?<\/h3>\n<ul data-start=\"1508\" data-end=\"1663\">\n<li data-start=\"1508\" data-end=\"1558\">\n<p data-start=\"1510\" data-end=\"1558\">\u2705 Compat\u00edveis com sistemas de ordenha standard<\/p>\n<\/li>\n<li data-start=\"1559\" data-end=\"1591\">\n<p data-start=\"1561\" data-end=\"1591\">\u2705 Regula\u00e7\u00e3o f\u00e1cil e precisa<\/p>\n<\/li>\n<li data-start=\"1592\" data-end=\"1632\">\n<p data-start=\"1594\" data-end=\"1632\">\u2705 Alta fiabilidade e durabilidade<\/p>\n<\/li>\n<li data-start=\"1633\" data-end=\"1663\">\n<p data-start=\"1635\" data-end=\"1663\">\u2705 Suporte t\u00e9cnico garantido<\/p>\n<\/li>\n<\/ul>\n<p>Adquira-o na nossa <a href=\"https:\/\/fda-shop.it\/shop\/mungitura\/pulsatore-pneumatico#\/148-tipo-mucca\" target=\"_blank\" rel=\"noopener\">loja online<\/a><\/p>\n","protected":false},"excerpt":{"rendered":"<p>Pulsadores pneum\u00e1ticos para m\u00e1quinas de ordenha de vacas, cabras e ovelhas. Alta qualidade, regul\u00e1veis e fi\u00e1veis. <\/p>\n","protected":false},"featured_media":482,"comment_status":"open","ping_status":"closed","template":"","meta":{"_et_pb_use_builder":"","_et_pb_old_content":"","_et_gb_content_width":""},"product_brand":[],"product_cat":[500],"product_tag":[816],"class_list":{"0":"post-3270","1":"product","2":"type-product","3":"status-publish","4":"has-post-thumbnail","6":"product_cat-acessorios-para-ordenhadoras","7":"product_tag-facm10200","9":"first","10":"instock","11":"shipping-taxable","12":"product-type-simple"},"yoast_head":"<!-- This site is optimized with the Yoast SEO Premium plugin v27.5 (Yoast SEO v27.5) - https:\/\/yoast.com\/product\/yoast-seo-premium-wordpress\/ -->\n<title>Pulsador para M\u00e1quina de Ordenha com Regula\u00e7\u00e3o de Frequ\u00eancia - FDA srl<\/title>\n<meta name=\"description\" content=\"O pulsador para m\u00e1quina de ordenha regula o fluxo do v\u00e1cuo para uma ordenha suave e otimizada. Compre agora e aumente a sua produ\u00e7\u00e3o! \u2705\" \/>\n<meta name=\"robots\" content=\"index, follow, max-snippet:-1, max-image-preview:large, max-video-preview:-1\" \/>\n<link rel=\"canonical\" href=\"https:\/\/fdasrl.it\/pt-pt\/prodotto\/pulsadores-pneumaticos-para-maquinas-de-ordenha\/\" \/>\n<meta property=\"og:locale\" content=\"pt_PT\" \/>\n<meta property=\"og:type\" content=\"article\" \/>\n<meta property=\"og:title\" content=\"PULSADORES PNEUM\u00c1TICOS PARA M\u00c1QUINAS DE ORDENHA\" \/>\n<meta property=\"og:description\" content=\"O pulsador para m\u00e1quina de ordenha regula o fluxo do v\u00e1cuo para uma ordenha suave e otimizada. Compre agora e aumente a sua produ\u00e7\u00e3o! \u2705\" \/>\n<meta property=\"og:url\" content=\"https:\/\/fdasrl.it\/pt-pt\/prodotto\/pulsadores-pneumaticos-para-maquinas-de-ordenha\/\" \/>\n<meta property=\"og:site_name\" content=\"FDA srl\" \/>\n<meta property=\"article:publisher\" content=\"https:\/\/www.facebook.com\/share\/1MWhFWg1Tp\/?mibextid=LQQJ4d\" \/>\n<meta property=\"og:image\" content=\"https:\/\/fdasrl.it\/wp-content\/uploads\/2025\/01\/FACM10000_2.jpg\" \/>\n\t<meta property=\"og:image:width\" content=\"300\" \/>\n\t<meta property=\"og:image:height\" content=\"276\" \/>\n\t<meta property=\"og:image:type\" content=\"image\/jpeg\" \/>\n<meta name=\"twitter:card\" content=\"summary_large_image\" \/>\n<meta name=\"twitter:label1\" content=\"pre\u00e7o\" \/>\n\t<meta name=\"twitter:data1\" content=\"\" \/>\n\t<meta name=\"twitter:label2\" content=\"Disponibilidade\" \/>\n\t<meta name=\"twitter:data2\" content=\"Em stock\" \/>\n<meta property=\"product:price:currency\" content=\"EUR\" \/>\n<meta property=\"og:availability\" content=\"instock\" \/>\n<meta property=\"product:availability\" content=\"instock\" \/>\n<meta property=\"product:retailer_item_id\" content=\"FACM10000\" \/>\n<meta property=\"product:condition\" content=\"new\" \/>\n<!-- \/ Yoast SEO Premium plugin. -->","yoast_head_json":{"title":"Pulsador para M\u00e1quina de Ordenha com Regula\u00e7\u00e3o de Frequ\u00eancia - FDA srl","description":"O pulsador para m\u00e1quina de ordenha regula o fluxo do v\u00e1cuo para uma ordenha suave e otimizada. Compre agora e aumente a sua produ\u00e7\u00e3o! \u2705","robots":{"index":"index","follow":"follow","max-snippet":"max-snippet:-1","max-image-preview":"max-image-preview:large","max-video-preview":"max-video-preview:-1"},"canonical":"https:\/\/fdasrl.it\/pt-pt\/prodotto\/pulsadores-pneumaticos-para-maquinas-de-ordenha\/","og_locale":"pt_PT","og_type":"article","og_title":"PULSADORES PNEUM\u00c1TICOS PARA M\u00c1QUINAS DE ORDENHA","og_description":"O pulsador para m\u00e1quina de ordenha regula o fluxo do v\u00e1cuo para uma ordenha suave e otimizada. Compre agora e aumente a sua produ\u00e7\u00e3o! \u2705","og_url":"https:\/\/fdasrl.it\/pt-pt\/prodotto\/pulsadores-pneumaticos-para-maquinas-de-ordenha\/","og_site_name":"FDA srl","article_publisher":"https:\/\/www.facebook.com\/share\/1MWhFWg1Tp\/?mibextid=LQQJ4d","og_image":[{"width":300,"height":276,"url":"https:\/\/fdasrl.it\/wp-content\/uploads\/2025\/01\/FACM10000_2.jpg","type":"image\/jpeg"}],"twitter_card":"summary_large_image","twitter_misc":{"pre\u00e7o":"","Disponibilidade":"Em stock"},"schema":{"@context":"https:\/\/schema.org","@graph":[{"@type":"WebPage","@id":"https:\/\/fdasrl.it\/pt-pt\/prodotto\/pulsadores-pneumaticos-para-maquinas-de-ordenha\/","url":"https:\/\/fdasrl.it\/pt-pt\/prodotto\/pulsadores-pneumaticos-para-maquinas-de-ordenha\/","name":"Pulsador para M\u00e1quina de Ordenha com Regula\u00e7\u00e3o de Frequ\u00eancia - FDA srl","isPartOf":{"@id":"https:\/\/fdasrl.it\/pt-pt\/#website"},"primaryImageOfPage":{"@id":"https:\/\/fdasrl.it\/pt-pt\/prodotto\/pulsadores-pneumaticos-para-maquinas-de-ordenha\/#primaryimage"},"image":{"@id":"https:\/\/fdasrl.it\/pt-pt\/prodotto\/pulsadores-pneumaticos-para-maquinas-de-ordenha\/#primaryimage"},"thumbnailUrl":"https:\/\/fdasrl.it\/wp-content\/uploads\/2025\/01\/FACM10000_2.jpg","datePublished":"2025-01-21T12:24:26+00:00","description":"O pulsador para m\u00e1quina de ordenha regula o fluxo do v\u00e1cuo para uma ordenha suave e otimizada. Compre agora e aumente a sua produ\u00e7\u00e3o! \u2705","breadcrumb":{"@id":"https:\/\/fdasrl.it\/pt-pt\/prodotto\/pulsadores-pneumaticos-para-maquinas-de-ordenha\/#breadcrumb"},"inLanguage":"pt-PT","potentialAction":[{"@type":"ReadAction","target":["https:\/\/fdasrl.it\/pt-pt\/prodotto\/pulsadores-pneumaticos-para-maquinas-de-ordenha\/"]}]},{"@type":"ImageObject","inLanguage":"pt-PT","@id":"https:\/\/fdasrl.it\/pt-pt\/prodotto\/pulsadores-pneumaticos-para-maquinas-de-ordenha\/#primaryimage","url":"https:\/\/fdasrl.it\/wp-content\/uploads\/2025\/01\/FACM10000_2.jpg","contentUrl":"https:\/\/fdasrl.it\/wp-content\/uploads\/2025\/01\/FACM10000_2.jpg","width":300,"height":276},{"@type":"BreadcrumbList","@id":"https:\/\/fdasrl.it\/pt-pt\/prodotto\/pulsadores-pneumaticos-para-maquinas-de-ordenha\/#breadcrumb","itemListElement":[{"@type":"ListItem","position":1,"name":"Home","item":"https:\/\/fdasrl.it\/pt-pt\/inicio\/"},{"@type":"ListItem","position":2,"name":"Loja","item":"https:\/\/fdasrl.it\/pt-pt\/loja\/"},{"@type":"ListItem","position":3,"name":"PULSADORES PNEUM\u00c1TICOS PARA M\u00c1QUINAS DE ORDENHA"}]},{"@type":"WebSite","@id":"https:\/\/fdasrl.it\/pt-pt\/#website","url":"https:\/\/fdasrl.it\/pt-pt\/","name":"FDA srl","description":"Equipment for animal husbandry","publisher":{"@id":"https:\/\/fdasrl.it\/pt-pt\/#organization"},"potentialAction":[{"@type":"SearchAction","target":{"@type":"EntryPoint","urlTemplate":"https:\/\/fdasrl.it\/pt-pt\/?s={search_term_string}"},"query-input":{"@type":"PropertyValueSpecification","valueRequired":true,"valueName":"search_term_string"}}],"inLanguage":"pt-PT"},{"@type":"Organization","@id":"https:\/\/fdasrl.it\/pt-pt\/#organization","name":"FDA srl","url":"https:\/\/fdasrl.it\/pt-pt\/","logo":{"@type":"ImageObject","inLanguage":"pt-PT","@id":"https:\/\/fdasrl.it\/pt-pt\/#\/schema\/logo\/image\/","url":"https:\/\/fdasrl.it\/wp-content\/uploads\/2024\/12\/Logo-FDA.png","contentUrl":"https:\/\/fdasrl.it\/wp-content\/uploads\/2024\/12\/Logo-FDA.png","width":316,"height":119,"caption":"FDA srl"},"image":{"@id":"https:\/\/fdasrl.it\/pt-pt\/#\/schema\/logo\/image\/"},"sameAs":["https:\/\/www.facebook.com\/share\/1MWhFWg1Tp\/?mibextid=LQQJ4d","https:\/\/www.instagram.com\/fda_srl\/profilecard\/?igsh=YW5lbzJ6MWg0d21u","https:\/\/www.youtube.com\/@FDASRL_ANIMALCARE"],"description":"FDA SRL \u2013 Equipment for animal husbandry nasce con l\u2019obiettivo di offrire soluzioni affidabili e innovative per l\u2019allevamento moderno. Con anni di esperienza nel settore zootecnico, progettiamo e realizziamo attrezzature destinate al benessere animale e alla gestione efficiente delle stalle: vasche, abbeveratoi, mangiatoie e sistemi di riscaldamento pensati per durare nel tempo e semplificare il lavoro quotidiano degli allevatori. Dalla progettazione alla produzione, ogni nostro prodotto \u00e8 studiato nei minimi dettagli, testato con cura e costruito per rispondere alle esigenze reali del settore. La nostra forza \u00e8 unire artigianalit\u00e0, tecnologia e competenza tecnica per trasformare ogni progetto in una soluzione concreta e funzionale. Oggi FDA SRL \u00e8 un punto di riferimento per privati e rivenditori che cercano qualit\u00e0, affidabilit\u00e0 e innovazione nelle attrezzature per l\u2019allevamento.","email":"info@fdasrl.it","telephone":"+390522826820","legalName":"F.D.A. SRL","foundingDate":"2024-10-13","vatID":"03075840359","taxID":"03075840359","numberOfEmployees":{"@type":"QuantitativeValue","minValue":"1","maxValue":"10"}}]},"product_price_currency":"EUR","og_availability":"instock","product_availability":"instock","product_retailer_item_id":"FACM10000","product_condition":"new"},"_links":{"self":[{"href":"https:\/\/fdasrl.it\/pt-pt\/wp-json\/wp\/v2\/product\/3270","targetHints":{"allow":["GET"]}}],"collection":[{"href":"https:\/\/fdasrl.it\/pt-pt\/wp-json\/wp\/v2\/product"}],"about":[{"href":"https:\/\/fdasrl.it\/pt-pt\/wp-json\/wp\/v2\/types\/product"}],"replies":[{"embeddable":true,"href":"https:\/\/fdasrl.it\/pt-pt\/wp-json\/wp\/v2\/comments?post=3270"}],"wp:featuredmedia":[{"embeddable":true,"href":"https:\/\/fdasrl.it\/pt-pt\/wp-json\/wp\/v2\/media\/482"}],"wp:attachment":[{"href":"https:\/\/fdasrl.it\/pt-pt\/wp-json\/wp\/v2\/media?parent=3270"}],"wp:term":[{"taxonomy":"product_brand","embeddable":true,"href":"https:\/\/fdasrl.it\/pt-pt\/wp-json\/wp\/v2\/product_brand?post=3270"},{"taxonomy":"product_cat","embeddable":true,"href":"https:\/\/fdasrl.it\/pt-pt\/wp-json\/wp\/v2\/product_cat?post=3270"},{"taxonomy":"product_tag","embeddable":true,"href":"https:\/\/fdasrl.it\/pt-pt\/wp-json\/wp\/v2\/product_tag?post=3270"}],"curies":[{"name":"wp","href":"https:\/\/api.w.org\/{rel}","templated":true}]}}