{"id":3349,"date":"2025-10-16T12:26:33","date_gmt":"2025-10-16T10:26:33","guid":{"rendered":"https:\/\/fdasrl.it\/prodotto\/bebedouro-de-taca-anti-desperdicio-fda-t100-ideal-para-leitoes\/"},"modified":"2025-10-16T12:26:33","modified_gmt":"2025-10-16T10:26:33","slug":"bebedouro-de-taca-anti-desperdicio-fda-t100-ideal-para-leitoes","status":"publish","type":"product","link":"https:\/\/fdasrl.it\/pt-pt\/prodotto\/bebedouro-de-taca-anti-desperdicio-fda-t100-ideal-para-leitoes\/","title":{"rendered":"Bebedouro de ta\u00e7a anti-desperd\u00edcio FDA-T100 ideal para leit\u00f5es"},"content":{"rendered":"<div>\n<h3 data-start=\"132\" data-end=\"207\">Ta\u00e7a anti-desperd\u00edcio pequena FDA-T100 com bebedouro para leit\u00f5es de 3 a 15 kg<\/h3>\n<p data-start=\"209\" data-end=\"388\">A <strong data-start=\"212\" data-end=\"244\">ta\u00e7a anti-desperd\u00edcio pequena<\/strong> \u00e9 fabricada inteiramente em <strong data-start=\"273\" data-end=\"298\">a\u00e7o inox AISI 304<\/strong> com espessura <strong data-start=\"312\" data-end=\"324\">10\/10 mm<\/strong>, garantia de <strong data-start=\"338\" data-end=\"385\">higiene, resist\u00eancia e longa durabilidade<\/strong>.<\/p>\n<p data-start=\"390\" data-end=\"592\">Equipada com <strong data-start=\"400\" data-end=\"426\">bebedouro integrado<\/strong>, foi concebida para <strong data-start=\"445\" data-end=\"486\">reduzir ao m\u00ednimo o desperd\u00edcio de \u00e1gua<\/strong> e garantir um f\u00e1cil acesso aos animais, melhorando o <strong data-start=\"546\" data-end=\"591\">bem-estar e a efici\u00eancia da explora\u00e7\u00e3o<\/strong>.<\/p>\n<p data-start=\"594\" data-end=\"629\">\u2705 <strong data-start=\"596\" data-end=\"627\">Caracter\u00edsticas principais:<\/strong><\/p>\n<ul data-start=\"630\" data-end=\"1445\">\n<li data-start=\"630\" data-end=\"673\">\n<p data-start=\"632\" data-end=\"673\">Adequada para <strong data-start=\"643\" data-end=\"671\">leit\u00f5es de 3 kg a 15 kg<\/strong><\/p>\n<\/li>\n<li data-start=\"674\" data-end=\"730\">\n<p data-start=\"676\" data-end=\"730\">Fabricada em <strong data-start=\"690\" data-end=\"728\">a\u00e7o inox AISI 304 esp. 10\/10 mm<\/strong><\/p>\n<\/li>\n<li data-start=\"731\" data-end=\"807\">\n<p data-start=\"733\" data-end=\"807\"><strong data-start=\"733\" data-end=\"759\">Bebedouro integrado<\/strong> c\u00f3d. <a class=\"decorated-link\" href=\"https:\/\/fdasrl.it\/prodotto\/art-fda-000006-abbeveratoio-1-2-per-vaschetta-inox\/\" rel=\"noopener\" data-start=\"765\" data-end=\"784\"><strong data-start=\"766\" data-end=\"780\">FDA-000006<\/strong><\/a> <em data-start=\"785\" data-end=\"805\">(ir para o artigo)<\/em><\/p>\n<\/li>\n<li data-start=\"808\" data-end=\"852\">\n<p data-start=\"810\" data-end=\"852\"><strong data-start=\"810\" data-end=\"825\">Dimens\u00f5es:<\/strong> L 13,5 \u00d7 A 13,5 \u00d7 P 8 cm<\/p>\n<\/li>\n<li data-start=\"853\" data-end=\"996\">\n<p data-start=\"855\" data-end=\"996\"><strong data-start=\"855\" data-end=\"877\">Design ergon\u00f3mico:<\/strong> a forma redonda foi concebida para se adaptar \u00e0 anatomia dos su\u00ednos, reduzindo o desperd\u00edcio de \u00e1gua durante a bebida<\/p>\n<\/li>\n<li data-start=\"997\" data-end=\"1133\">\n<p data-start=\"999\" data-end=\"1133\"><strong data-start=\"999\" data-end=\"1020\">Bordas anti-corte:<\/strong> viradas para o exterior para evitar a forma\u00e7\u00e3o de incrusta\u00e7\u00f5es, mantendo a ta\u00e7a limpa e segura<\/p>\n<\/li>\n<li data-start=\"1134\" data-end=\"1267\">\n<p data-start=\"1136\" data-end=\"1267\"><strong data-start=\"1136\" data-end=\"1169\">A\u00e7o inox de alta qualidade:<\/strong> constru\u00edda em AISI 304 esp. 10\/10, extremamente resistente e dur\u00e1vel mesmo em ambientes dif\u00edceis<\/p>\n<\/li>\n<li data-start=\"1268\" data-end=\"1417\">\n<p data-start=\"1270\" data-end=\"1417\"><strong data-start=\"1270\" data-end=\"1299\">Ampla gama de press\u00e3o:<\/strong> compat\u00edvel com press\u00f5es de <strong data-start=\"1329\" data-end=\"1372\">0,2 Bar (0,02 MPa) a 2,0 Bar (0,20 MPa)<\/strong>, adequada a diversas necessidades de bebida<\/p>\n<\/li>\n<li data-start=\"1418\" data-end=\"1445\">\n<p data-start=\"1420\" data-end=\"1445\"><strong data-start=\"1420\" data-end=\"1438\">Liga\u00e7\u00e3o de \u00e1gua:<\/strong> 1\/2&#8243;<\/p>\n<\/li>\n<\/ul>\n<p data-start=\"1447\" data-end=\"1497\">Resistente, higi\u00e9nica e <strong data-start=\"1470\" data-end=\"1494\">f\u00e1cil de instalar<\/strong>.<\/p>\n<p data-start=\"1499\" data-end=\"1612\">\ud83d\udc49 <strong data-start=\"1502\" data-end=\"1518\">Revendedores:<\/strong> para condi\u00e7\u00f5es de revenda fa\u00e7a pedido por e-mail: <a href=\"mailto:info@fdasrl.it\"><strong data-start=\"1573\" data-end=\"1587\">clique aqui<\/strong>.<\/a><\/p>\n<\/div>\n","protected":false},"excerpt":{"rendered":"<p>Ta\u00e7a anti-desperd\u00edcio pequena em <strong data-start=\"1678\" data-end=\"1716\">a\u00e7o inox AISI 304 esp. 10\/10 mm<\/strong> com <strong data-start=\"1721\" data-end=\"1747\">bebedouro integrado<\/strong>, bordas anti-corte e design ergon\u00f3mico. Adequada para <strong data-start=\"1798\" data-end=\"1823\">leit\u00f5es de 3 a 15 kg<\/strong>. Press\u00e3o de funcionamento: <strong data-start=\"1848\" data-end=\"1865\">0,2 \u2013 2,0 bar<\/strong>, liga\u00e7\u00e3o de \u00e1gua <strong data-start=\"1881\" data-end=\"1889\">1\/2&#8243;<\/strong>.  <\/p>\n","protected":false},"featured_media":976,"comment_status":"open","ping_status":"closed","template":"","meta":{"_et_pb_use_builder":"on","_et_pb_old_content":"<div>\n<h3 data-start=\"132\" data-end=\"207\">Ta\u00e7a anti-desperd\u00edcio pequena FDA-T100 com bebedouro para leit\u00f5es de 3 a 15 kg<\/h3>\n<p data-start=\"209\" data-end=\"388\">A <strong data-start=\"212\" data-end=\"244\">ta\u00e7a anti-desperd\u00edcio pequena<\/strong> \u00e9 fabricada inteiramente em <strong data-start=\"273\" data-end=\"298\">a\u00e7o inox AISI 304<\/strong> com espessura <strong data-start=\"312\" data-end=\"324\">10\/10 mm<\/strong>, garantia de <strong data-start=\"338\" data-end=\"385\">higiene, resist\u00eancia e longa durabilidade<\/strong>.<\/p>\n<p data-start=\"390\" data-end=\"592\">Equipada com <strong data-start=\"400\" data-end=\"426\">bebedouro integrado<\/strong>, foi concebida para <strong data-start=\"445\" data-end=\"486\">reduzir ao m\u00ednimo o desperd\u00edcio de \u00e1gua<\/strong> e garantir um f\u00e1cil acesso aos animais, melhorando o <strong data-start=\"546\" data-end=\"591\">bem-estar e a efici\u00eancia da explora\u00e7\u00e3o<\/strong>.<\/p>\n<p data-start=\"594\" data-end=\"629\">\u2705 <strong data-start=\"596\" data-end=\"627\">Caracter\u00edsticas principais:<\/strong><\/p>\n\n<ul data-start=\"630\" data-end=\"1445\">\n \t<li data-start=\"630\" data-end=\"673\">\n<p data-start=\"632\" data-end=\"673\">Adequada para <strong data-start=\"643\" data-end=\"671\">leit\u00f5es de 3 kg a 15 kg<\/strong><\/p>\n<\/li>\n \t<li data-start=\"674\" data-end=\"730\">\n<p data-start=\"676\" data-end=\"730\">Fabricada em <strong data-start=\"690\" data-end=\"728\">a\u00e7o inox AISI 304 esp. 10\/10 mm<\/strong><\/p>\n<\/li>\n \t<li data-start=\"731\" data-end=\"807\">\n<p data-start=\"733\" data-end=\"807\"><strong data-start=\"733\" data-end=\"759\">Bebedouro integrado<\/strong> c\u00f3d. <a class=\"decorated-link\" href=\"https:\/\/fdasrl.it\/prodotto\/art-fda-000006-abbeveratoio-1-2-per-vaschetta-inox\/\" rel=\"noopener\" data-start=\"765\" data-end=\"784\"><strong data-start=\"766\" data-end=\"780\">FDA-000006<\/strong><\/a> <em data-start=\"785\" data-end=\"805\">(ir para o artigo)<\/em><\/p>\n<\/li>\n \t<li data-start=\"808\" data-end=\"852\">\n<p data-start=\"810\" data-end=\"852\"><strong data-start=\"810\" data-end=\"825\">Dimens\u00f5es:<\/strong> L 13,5 \u00d7 A 13,5 \u00d7 P 8 cm<\/p>\n<\/li>\n \t<li data-start=\"853\" data-end=\"996\">\n<p data-start=\"855\" data-end=\"996\"><strong data-start=\"855\" data-end=\"877\">Design ergon\u00f3mico:<\/strong> a forma redonda foi concebida para se adaptar \u00e0 anatomia dos su\u00ednos, reduzindo o desperd\u00edcio de \u00e1gua durante a bebida<\/p>\n<\/li>\n \t<li data-start=\"997\" data-end=\"1133\">\n<p data-start=\"999\" data-end=\"1133\"><strong data-start=\"999\" data-end=\"1020\">Bordas anti-corte:<\/strong> viradas para o exterior para evitar a forma\u00e7\u00e3o de incrusta\u00e7\u00f5es, mantendo a ta\u00e7a limpa e segura<\/p>\n<\/li>\n \t<li data-start=\"1134\" data-end=\"1267\">\n<p data-start=\"1136\" data-end=\"1267\"><strong data-start=\"1136\" data-end=\"1169\">A\u00e7o inox de alta qualidade:<\/strong> constru\u00edda em AISI 304 esp. 10\/10, extremamente resistente e dur\u00e1vel mesmo em ambientes dif\u00edceis<\/p>\n<\/li>\n \t<li data-start=\"1268\" data-end=\"1417\">\n<p data-start=\"1270\" data-end=\"1417\"><strong data-start=\"1270\" data-end=\"1299\">Ampla gama de press\u00e3o:<\/strong> compat\u00edvel com press\u00f5es de <strong data-start=\"1329\" data-end=\"1372\">0,2 Bar (0,02 MPa) a 2,0 Bar (0,20 MPa)<\/strong>, adequada a diversas necessidades de bebida<\/p>\n<\/li>\n \t<li data-start=\"1418\" data-end=\"1445\">\n<p data-start=\"1420\" data-end=\"1445\"><strong data-start=\"1420\" data-end=\"1438\">Liga\u00e7\u00e3o de \u00e1gua:<\/strong> 1\/2\"<\/p>\n<\/li>\n<\/ul>\n<p data-start=\"1447\" data-end=\"1497\">Resistente, higi\u00e9nica e <strong data-start=\"1470\" data-end=\"1494\">f\u00e1cil de instalar<\/strong>.<\/p>\n<p data-start=\"1499\" data-end=\"1612\">\ud83d\udc49 <strong data-start=\"1502\" data-end=\"1518\">Revendedores:<\/strong> para condi\u00e7\u00f5es de revenda fa\u00e7a pedido por e-mail: <a href=\"mailto:info@fdasrl.it\"><strong data-start=\"1573\" data-end=\"1587\">clique aqui<\/strong>.<\/a><\/p>\n\n<\/div>","_et_gb_content_width":""},"product_brand":[],"product_cat":[831,830,628],"product_tag":[832],"class_list":{"0":"post-3349","1":"product","2":"type-product","3":"status-publish","4":"has-post-thumbnail","6":"product_cat-bebedouro-de-taca","7":"product_cat-bebedouros-3","8":"product_cat-suinos","9":"product_tag-fda-t100","11":"first","12":"instock","13":"shipping-taxable","14":"product-type-simple"},"yoast_head":"<!-- This site is optimized with the Yoast SEO Premium plugin v27.5 (Yoast SEO v27.5) - https:\/\/yoast.com\/product\/yoast-seo-premium-wordpress\/ -->\n<title>Ta\u00e7a anti-desperd\u00edcio Pequena: acesso f\u00e1cil para leit\u00f5es<\/title>\n<meta name=\"description\" content=\"A ta\u00e7a anti-desperd\u00edcio Pequena \u00e9 perfeita para leit\u00f5es de 3 kg a 15 kg! Fabricada em a\u00e7o inox AISI 304 para desempenho superior. Descubra mais!\" \/>\n<meta name=\"robots\" content=\"index, follow, max-snippet:-1, max-image-preview:large, max-video-preview:-1\" \/>\n<link rel=\"canonical\" href=\"https:\/\/fdasrl.it\/pt-pt\/prodotto\/bebedouro-de-taca-anti-desperdicio-fda-t100-ideal-para-leitoes\/\" \/>\n<meta property=\"og:locale\" content=\"pt_PT\" \/>\n<meta property=\"og:type\" content=\"article\" \/>\n<meta property=\"og:title\" content=\"Bebedouro de ta\u00e7a anti-desperd\u00edcio FDA-T100 ideal para leit\u00f5es\" \/>\n<meta property=\"og:description\" content=\"A ta\u00e7a anti-desperd\u00edcio Pequena \u00e9 perfeita para leit\u00f5es de 3 kg a 15 kg! Fabricada em a\u00e7o inox AISI 304 para desempenho superior. Descubra mais!\" \/>\n<meta property=\"og:url\" content=\"https:\/\/fdasrl.it\/pt-pt\/prodotto\/bebedouro-de-taca-anti-desperdicio-fda-t100-ideal-para-leitoes\/\" \/>\n<meta property=\"og:site_name\" content=\"FDA srl\" \/>\n<meta property=\"article:publisher\" content=\"https:\/\/www.facebook.com\/share\/1MWhFWg1Tp\/?mibextid=LQQJ4d\" \/>\n<meta property=\"og:image\" content=\"https:\/\/fdasrl.it\/wp-content\/uploads\/2025\/10\/FDA-T100-abbeveratoio_vaschetta_rotonda_antispreco_per_suini.jpg\" \/>\n\t<meta property=\"og:image:width\" content=\"1187\" \/>\n\t<meta property=\"og:image:height\" content=\"1200\" \/>\n\t<meta property=\"og:image:type\" content=\"image\/jpeg\" \/>\n<meta name=\"twitter:card\" content=\"summary_large_image\" \/>\n<meta name=\"twitter:label1\" content=\"pre\u00e7o\" \/>\n\t<meta name=\"twitter:data1\" content=\"\" \/>\n\t<meta name=\"twitter:label2\" content=\"Disponibilidade\" \/>\n\t<meta name=\"twitter:data2\" content=\"Em stock\" \/>\n<meta property=\"product:price:currency\" content=\"EUR\" \/>\n<meta property=\"og:availability\" content=\"instock\" \/>\n<meta property=\"product:availability\" content=\"instock\" \/>\n<meta property=\"product:retailer_item_id\" content=\"FDA-T100\" \/>\n<meta property=\"product:condition\" content=\"new\" \/>\n<!-- \/ Yoast SEO Premium plugin. -->","yoast_head_json":{"title":"Ta\u00e7a anti-desperd\u00edcio Pequena: acesso f\u00e1cil para leit\u00f5es","description":"A ta\u00e7a anti-desperd\u00edcio Pequena \u00e9 perfeita para leit\u00f5es de 3 kg a 15 kg! Fabricada em a\u00e7o inox AISI 304 para desempenho superior. Descubra mais!","robots":{"index":"index","follow":"follow","max-snippet":"max-snippet:-1","max-image-preview":"max-image-preview:large","max-video-preview":"max-video-preview:-1"},"canonical":"https:\/\/fdasrl.it\/pt-pt\/prodotto\/bebedouro-de-taca-anti-desperdicio-fda-t100-ideal-para-leitoes\/","og_locale":"pt_PT","og_type":"article","og_title":"Bebedouro de ta\u00e7a anti-desperd\u00edcio FDA-T100 ideal para leit\u00f5es","og_description":"A ta\u00e7a anti-desperd\u00edcio Pequena \u00e9 perfeita para leit\u00f5es de 3 kg a 15 kg! Fabricada em a\u00e7o inox AISI 304 para desempenho superior. Descubra mais!","og_url":"https:\/\/fdasrl.it\/pt-pt\/prodotto\/bebedouro-de-taca-anti-desperdicio-fda-t100-ideal-para-leitoes\/","og_site_name":"FDA srl","article_publisher":"https:\/\/www.facebook.com\/share\/1MWhFWg1Tp\/?mibextid=LQQJ4d","og_image":[{"width":1187,"height":1200,"url":"https:\/\/fdasrl.it\/wp-content\/uploads\/2025\/10\/FDA-T100-abbeveratoio_vaschetta_rotonda_antispreco_per_suini.jpg","type":"image\/jpeg"}],"twitter_card":"summary_large_image","twitter_misc":{"pre\u00e7o":"","Disponibilidade":"Em stock"},"schema":{"@context":"https:\/\/schema.org","@graph":[{"@type":"WebPage","@id":"https:\/\/fdasrl.it\/pt-pt\/prodotto\/bebedouro-de-taca-anti-desperdicio-fda-t100-ideal-para-leitoes\/","url":"https:\/\/fdasrl.it\/pt-pt\/prodotto\/bebedouro-de-taca-anti-desperdicio-fda-t100-ideal-para-leitoes\/","name":"Ta\u00e7a anti-desperd\u00edcio Pequena: acesso f\u00e1cil para leit\u00f5es","isPartOf":{"@id":"https:\/\/fdasrl.it\/pt-pt\/#website"},"primaryImageOfPage":{"@id":"https:\/\/fdasrl.it\/pt-pt\/prodotto\/bebedouro-de-taca-anti-desperdicio-fda-t100-ideal-para-leitoes\/#primaryimage"},"image":{"@id":"https:\/\/fdasrl.it\/pt-pt\/prodotto\/bebedouro-de-taca-anti-desperdicio-fda-t100-ideal-para-leitoes\/#primaryimage"},"thumbnailUrl":"https:\/\/fdasrl.it\/wp-content\/uploads\/2025\/10\/FDA-T100-abbeveratoio_vaschetta_rotonda_antispreco_per_suini.jpg","datePublished":"2025-10-16T10:26:33+00:00","description":"A ta\u00e7a anti-desperd\u00edcio Pequena \u00e9 perfeita para leit\u00f5es de 3 kg a 15 kg! Fabricada em a\u00e7o inox AISI 304 para desempenho superior. Descubra mais!","breadcrumb":{"@id":"https:\/\/fdasrl.it\/pt-pt\/prodotto\/bebedouro-de-taca-anti-desperdicio-fda-t100-ideal-para-leitoes\/#breadcrumb"},"inLanguage":"pt-PT","potentialAction":[{"@type":"ReadAction","target":["https:\/\/fdasrl.it\/pt-pt\/prodotto\/bebedouro-de-taca-anti-desperdicio-fda-t100-ideal-para-leitoes\/"]}]},{"@type":"ImageObject","inLanguage":"pt-PT","@id":"https:\/\/fdasrl.it\/pt-pt\/prodotto\/bebedouro-de-taca-anti-desperdicio-fda-t100-ideal-para-leitoes\/#primaryimage","url":"https:\/\/fdasrl.it\/wp-content\/uploads\/2025\/10\/FDA-T100-abbeveratoio_vaschetta_rotonda_antispreco_per_suini.jpg","contentUrl":"https:\/\/fdasrl.it\/wp-content\/uploads\/2025\/10\/FDA-T100-abbeveratoio_vaschetta_rotonda_antispreco_per_suini.jpg","width":1187,"height":1200,"caption":"Vaschetta antispreco in acciaio inox per suinetti"},{"@type":"BreadcrumbList","@id":"https:\/\/fdasrl.it\/pt-pt\/prodotto\/bebedouro-de-taca-anti-desperdicio-fda-t100-ideal-para-leitoes\/#breadcrumb","itemListElement":[{"@type":"ListItem","position":1,"name":"Home","item":"https:\/\/fdasrl.it\/pt-pt\/inicio\/"},{"@type":"ListItem","position":2,"name":"Loja","item":"https:\/\/fdasrl.it\/pt-pt\/loja\/"},{"@type":"ListItem","position":3,"name":"Bebedouro de ta\u00e7a anti-desperd\u00edcio FDA-T100 ideal para leit\u00f5es"}]},{"@type":"WebSite","@id":"https:\/\/fdasrl.it\/pt-pt\/#website","url":"https:\/\/fdasrl.it\/pt-pt\/","name":"FDA srl","description":"Equipment for animal husbandry","publisher":{"@id":"https:\/\/fdasrl.it\/pt-pt\/#organization"},"potentialAction":[{"@type":"SearchAction","target":{"@type":"EntryPoint","urlTemplate":"https:\/\/fdasrl.it\/pt-pt\/?s={search_term_string}"},"query-input":{"@type":"PropertyValueSpecification","valueRequired":true,"valueName":"search_term_string"}}],"inLanguage":"pt-PT"},{"@type":"Organization","@id":"https:\/\/fdasrl.it\/pt-pt\/#organization","name":"FDA srl","url":"https:\/\/fdasrl.it\/pt-pt\/","logo":{"@type":"ImageObject","inLanguage":"pt-PT","@id":"https:\/\/fdasrl.it\/pt-pt\/#\/schema\/logo\/image\/","url":"https:\/\/fdasrl.it\/wp-content\/uploads\/2024\/12\/Logo-FDA.png","contentUrl":"https:\/\/fdasrl.it\/wp-content\/uploads\/2024\/12\/Logo-FDA.png","width":316,"height":119,"caption":"FDA srl"},"image":{"@id":"https:\/\/fdasrl.it\/pt-pt\/#\/schema\/logo\/image\/"},"sameAs":["https:\/\/www.facebook.com\/share\/1MWhFWg1Tp\/?mibextid=LQQJ4d","https:\/\/www.instagram.com\/fda_srl\/profilecard\/?igsh=YW5lbzJ6MWg0d21u","https:\/\/www.youtube.com\/@FDASRL_ANIMALCARE"],"description":"FDA SRL \u2013 Equipment for animal husbandry nasce con l\u2019obiettivo di offrire soluzioni affidabili e innovative per l\u2019allevamento moderno. Con anni di esperienza nel settore zootecnico, progettiamo e realizziamo attrezzature destinate al benessere animale e alla gestione efficiente delle stalle: vasche, abbeveratoi, mangiatoie e sistemi di riscaldamento pensati per durare nel tempo e semplificare il lavoro quotidiano degli allevatori. Dalla progettazione alla produzione, ogni nostro prodotto \u00e8 studiato nei minimi dettagli, testato con cura e costruito per rispondere alle esigenze reali del settore. La nostra forza \u00e8 unire artigianalit\u00e0, tecnologia e competenza tecnica per trasformare ogni progetto in una soluzione concreta e funzionale. Oggi FDA SRL \u00e8 un punto di riferimento per privati e rivenditori che cercano qualit\u00e0, affidabilit\u00e0 e innovazione nelle attrezzature per l\u2019allevamento.","email":"info@fdasrl.it","telephone":"+390522826820","legalName":"F.D.A. SRL","foundingDate":"2024-10-13","vatID":"03075840359","taxID":"03075840359","numberOfEmployees":{"@type":"QuantitativeValue","minValue":"1","maxValue":"10"}}]},"product_price_currency":"EUR","og_availability":"instock","product_availability":"instock","product_retailer_item_id":"FDA-T100","product_condition":"new"},"_links":{"self":[{"href":"https:\/\/fdasrl.it\/pt-pt\/wp-json\/wp\/v2\/product\/3349","targetHints":{"allow":["GET"]}}],"collection":[{"href":"https:\/\/fdasrl.it\/pt-pt\/wp-json\/wp\/v2\/product"}],"about":[{"href":"https:\/\/fdasrl.it\/pt-pt\/wp-json\/wp\/v2\/types\/product"}],"replies":[{"embeddable":true,"href":"https:\/\/fdasrl.it\/pt-pt\/wp-json\/wp\/v2\/comments?post=3349"}],"wp:featuredmedia":[{"embeddable":true,"href":"https:\/\/fdasrl.it\/pt-pt\/wp-json\/wp\/v2\/media\/976"}],"wp:attachment":[{"href":"https:\/\/fdasrl.it\/pt-pt\/wp-json\/wp\/v2\/media?parent=3349"}],"wp:term":[{"taxonomy":"product_brand","embeddable":true,"href":"https:\/\/fdasrl.it\/pt-pt\/wp-json\/wp\/v2\/product_brand?post=3349"},{"taxonomy":"product_cat","embeddable":true,"href":"https:\/\/fdasrl.it\/pt-pt\/wp-json\/wp\/v2\/product_cat?post=3349"},{"taxonomy":"product_tag","embeddable":true,"href":"https:\/\/fdasrl.it\/pt-pt\/wp-json\/wp\/v2\/product_tag?post=3349"}],"curies":[{"name":"wp","href":"https:\/\/api.w.org\/{rel}","templated":true}]}}