{"id":3435,"date":"2025-07-25T16:56:01","date_gmt":"2025-07-25T14:56:01","guid":{"rendered":"https:\/\/fdasrl.it\/prodotto\/suporte-de-chao-universal-far-23-para-bebedouros\/"},"modified":"2025-07-25T16:56:01","modified_gmt":"2025-07-25T14:56:01","slug":"suporte-de-chao-universal-far-23-para-bebedouros","status":"publish","type":"product","link":"https:\/\/fdasrl.it\/pt-pt\/prodotto\/suporte-de-chao-universal-far-23-para-bebedouros\/","title":{"rendered":"Suporte de Ch\u00e3o Universal FAR 23 para Bebedouros"},"content":{"rendered":"<h3 data-start=\"155\" data-end=\"274\">\u2705 Suporte de ch\u00e3o FAR 23 para bebedouros \u2013 a\u00e7o galvanizado esp. 3 mm com corte a laser de azoto<\/h3>\n<p data-start=\"490\" data-end=\"800\">O <strong data-start=\"493\" data-end=\"510\">Suporte FAR 23<\/strong> da <strong data-start=\"514\" data-end=\"525\">FDA SRL<\/strong> \u00e9 um suporte de ch\u00e3o profissional concebido para a <strong data-start=\"580\" data-end=\"629\">instala\u00e7\u00e3o est\u00e1vel e segura de bebedouros<\/strong> em contextos agr\u00edcolas, pecu\u00e1rios, residenciais e PET de jardim. \u00c9 a solu\u00e7\u00e3o ideal para oferecer um ponto de abeberamento mesmo na aus\u00eancia de paredes ou estruturas verticais. <\/p>\n<p data-start=\"802\" data-end=\"1105\">Fabricado em <strong data-start=\"816\" data-end=\"855\">a\u00e7o galvanizado de 3 mm de espessura<\/strong>, garante uma elevada robustezza estrutural e uma longa durabilidade no exterior. O corte \u00e9 realizado com tecnologia <strong data-start=\"967\" data-end=\"985\">laser de azoto<\/strong>, que elimina o risco de ferrugem nas arestas cortadas, preservando a integridade do material mesmo em condi\u00e7\u00f5es h\u00famidas. <\/p>\n<p data-start=\"1107\" data-end=\"1186\">O suporte \u00e9 compat\u00edvel com os principais modelos de bebedouros autom\u00e1ticos da FDA:<\/p>\n<ul data-start=\"1188\" data-end=\"1268\">\n<li data-start=\"1188\" data-end=\"1219\">\n<p data-start=\"1190\" data-end=\"1219\">\u2705 <strong data-start=\"1192\" data-end=\"1204\">FAAGINOX<\/strong> \u2013 a\u00e7o inoxid\u00e1vel<\/p>\n<\/li>\n<li data-start=\"1220\" data-end=\"1268\">\n<p data-start=\"1222\" data-end=\"1268\">\u2705 <strong data-start=\"1224\" data-end=\"1241\">FAAG POLIPROP<\/strong> \u2013 polipropileno 3 modelos<\/p>\n<\/li>\n<\/ul>\n<p data-start=\"1270\" data-end=\"1416\">A instala\u00e7\u00e3o \u00e9 muito simples: basta <strong data-start=\"1309\" data-end=\"1347\">fix\u00e1-lo diretamente no solo<\/strong> e <strong data-start=\"1350\" data-end=\"1398\">fixar o bebedouro com os parafusos inclu\u00eddos<\/strong> na embalagem.<\/p>\n<hr data-start=\"1418\" data-end=\"1421\">\n<h3 data-start=\"1423\" data-end=\"1459\">\u2699\ufe0f <strong data-start=\"1430\" data-end=\"1459\">Caracter\u00edsticas t\u00e9cnicas:<\/strong><\/h3>\n<ul data-start=\"1461\" data-end=\"1905\">\n<li data-start=\"1461\" data-end=\"1491\">\n<p data-start=\"1463\" data-end=\"1491\"><strong data-start=\"1463\" data-end=\"1474\">Modelo<\/strong>: Suporte FAR 23<\/p>\n<\/li>\n<li data-start=\"1492\" data-end=\"1540\">\n<p data-start=\"1494\" data-end=\"1540\"><strong data-start=\"1494\" data-end=\"1507\">Material<\/strong>: a\u00e7o galvanizado com 3 mm de espessura<\/p>\n<\/li>\n<li data-start=\"1541\" data-end=\"1597\">\n<p data-start=\"1543\" data-end=\"1597\"><strong data-start=\"1543\" data-end=\"1553\">Corte<\/strong>: laser com azoto (antiferrugem nas arestas)<\/p>\n<\/li>\n<li data-start=\"1598\" data-end=\"1664\">\n<p data-start=\"1600\" data-end=\"1664\"><strong data-start=\"1600\" data-end=\"1613\">Fixa\u00e7\u00e3o<\/strong>: de ch\u00e3o \u2013 para fixar diretamente no solo<\/p>\n<\/li>\n<li data-start=\"1665\" data-end=\"1719\">\n<p data-start=\"1667\" data-end=\"1719\"><strong data-start=\"1667\" data-end=\"1681\">Parafusos<\/strong>: inclu\u00eddos para fixa\u00e7\u00e3o do bebedouro<\/p>\n<\/li>\n<li data-start=\"1720\" data-end=\"1796\">\n<p data-start=\"1722\" data-end=\"1796\"><strong data-start=\"1722\" data-end=\"1739\">Compatibilidade<\/strong>: FAAGINOX, FAAG POLIPROP e outros bebedouros padr\u00e3o<\/p>\n<\/li>\n<li data-start=\"1797\" data-end=\"1862\">\n<p data-start=\"1799\" data-end=\"1862\"><strong data-start=\"1799\" data-end=\"1811\">Utiliza\u00e7\u00e3o<\/strong>: paddocks, cercados, est\u00e1bulos, explora\u00e7\u00f5es pecu\u00e1rias, jardins<\/p>\n<\/li>\n<li data-start=\"1863\" data-end=\"1905\">\n<p data-start=\"1865\" data-end=\"1905\"><strong data-start=\"1865\" data-end=\"1880\">Produzido por<\/strong>: FDA SRL \u2013 Made in Italy<\/p>\n<\/li>\n<\/ul>\n<p>&nbsp;<\/p>\n<p>Contacte-nos para um or\u00e7amento dedicado a revendedores: info@fdasrl.it<\/p>\n<p>Compre-o na nossa loja online<\/p>\n","protected":false},"excerpt":{"rendered":"<p>Suporte de ch\u00e3o FAR 23 em a\u00e7o galvanizado de 3 mm, cortado com azoto. Para bebedouros FAAGINOX e POLIPROP. Robusto, antiferrugem, com parafusos inclu\u00eddos.  <\/p>\n<p>Descarregar ficha KIT INOX: <a href=\"https:\/\/fdasrl.it\/wp-content\/uploads\/2025\/07\/FAR23-instructions-with-FAAGINOX-final-version_compressed.pdf\">FAR23 instructions with FAAGINOX final version_compressed<\/a><\/p>\n<p>Descarregar ficha KIT INOX: <a href=\"https:\/\/fdasrl.it\/wp-content\/uploads\/2025\/07\/FAR23-instructions-with-FAAGPOLIPROP-final-version_compressed.pdf\">FAR23 instructions with FAAGPOLIPROP final version_compressed<\/a><\/p>\n","protected":false},"featured_media":898,"comment_status":"open","ping_status":"closed","template":"","meta":{"_et_pb_use_builder":"","_et_pb_old_content":"","_et_gb_content_width":""},"product_brand":[],"product_cat":[630,502,554,383,609,412],"product_tag":[858,857],"class_list":{"0":"post-3435","1":"product","2":"type-product","3":"status-publish","4":"has-post-thumbnail","6":"product_cat-aves","7":"product_cat-bebedouros","8":"product_cat-bebedouros-2","9":"product_cat-bovinos","10":"product_cat-cavalos","11":"product_cat-ovinos-e-caprinos","12":"product_tag-far-23","13":"product_tag-far23","15":"first","16":"instock","17":"shipping-taxable","18":"product-type-simple"},"yoast_head":"<!-- This site is optimized with the Yoast SEO Premium plugin v27.5 (Yoast SEO v27.5) - https:\/\/yoast.com\/product\/yoast-seo-premium-wordpress\/ -->\n<title>Suporte de Ch\u00e3o Galvanizado para Bebedouros: Robusto e Duradouro<\/title>\n<meta name=\"description\" content=\"Instala\u00e7\u00e3o r\u00e1pida e design resistente: o suporte de ch\u00e3o galvanizado para bebedouros universal em a\u00e7o galvanizado \u00e9 o que necessita! Aproveite j\u00e1!\" \/>\n<meta name=\"robots\" content=\"index, follow, max-snippet:-1, max-image-preview:large, max-video-preview:-1\" \/>\n<link rel=\"canonical\" href=\"https:\/\/fdasrl.it\/pt-pt\/prodotto\/suporte-de-chao-universal-far-23-para-bebedouros\/\" \/>\n<meta property=\"og:locale\" content=\"pt_PT\" \/>\n<meta property=\"og:type\" content=\"article\" \/>\n<meta property=\"og:title\" content=\"Suporte de Ch\u00e3o Universal FAR 23 para Bebedouros\" \/>\n<meta property=\"og:description\" content=\"Instala\u00e7\u00e3o r\u00e1pida e design resistente: o suporte de ch\u00e3o galvanizado para bebedouros universal em a\u00e7o galvanizado \u00e9 o que necessita! Aproveite j\u00e1!\" \/>\n<meta property=\"og:url\" content=\"https:\/\/fdasrl.it\/pt-pt\/prodotto\/suporte-de-chao-universal-far-23-para-bebedouros\/\" \/>\n<meta property=\"og:site_name\" content=\"FDA srl\" \/>\n<meta property=\"article:publisher\" content=\"https:\/\/www.facebook.com\/share\/1MWhFWg1Tp\/?mibextid=LQQJ4d\" \/>\n<meta property=\"og:image\" content=\"https:\/\/fdasrl.it\/wp-content\/uploads\/2025\/07\/staffa-terra-abbeveratoi-far23-1.webp\" \/>\n\t<meta property=\"og:image:width\" content=\"1000\" \/>\n\t<meta property=\"og:image:height\" content=\"2000\" \/>\n\t<meta property=\"og:image:type\" content=\"image\/webp\" \/>\n<meta name=\"twitter:card\" content=\"summary_large_image\" \/>\n<meta name=\"twitter:label1\" content=\"pre\u00e7o\" \/>\n\t<meta name=\"twitter:data1\" content=\"\" \/>\n\t<meta name=\"twitter:label2\" content=\"Disponibilidade\" \/>\n\t<meta name=\"twitter:data2\" content=\"Em stock\" \/>\n<meta property=\"product:price:currency\" content=\"EUR\" \/>\n<meta property=\"og:availability\" content=\"instock\" \/>\n<meta property=\"product:availability\" content=\"instock\" \/>\n<meta property=\"product:retailer_item_id\" content=\"FAR23\" \/>\n<meta property=\"product:condition\" content=\"new\" \/>\n<!-- \/ Yoast SEO Premium plugin. -->","yoast_head_json":{"title":"Suporte de Ch\u00e3o Galvanizado para Bebedouros: Robusto e Duradouro","description":"Instala\u00e7\u00e3o r\u00e1pida e design resistente: o suporte de ch\u00e3o galvanizado para bebedouros universal em a\u00e7o galvanizado \u00e9 o que necessita! Aproveite j\u00e1!","robots":{"index":"index","follow":"follow","max-snippet":"max-snippet:-1","max-image-preview":"max-image-preview:large","max-video-preview":"max-video-preview:-1"},"canonical":"https:\/\/fdasrl.it\/pt-pt\/prodotto\/suporte-de-chao-universal-far-23-para-bebedouros\/","og_locale":"pt_PT","og_type":"article","og_title":"Suporte de Ch\u00e3o Universal FAR 23 para Bebedouros","og_description":"Instala\u00e7\u00e3o r\u00e1pida e design resistente: o suporte de ch\u00e3o galvanizado para bebedouros universal em a\u00e7o galvanizado \u00e9 o que necessita! Aproveite j\u00e1!","og_url":"https:\/\/fdasrl.it\/pt-pt\/prodotto\/suporte-de-chao-universal-far-23-para-bebedouros\/","og_site_name":"FDA srl","article_publisher":"https:\/\/www.facebook.com\/share\/1MWhFWg1Tp\/?mibextid=LQQJ4d","og_image":[{"width":1000,"height":2000,"url":"https:\/\/fdasrl.it\/wp-content\/uploads\/2025\/07\/staffa-terra-abbeveratoi-far23-1.webp","type":"image\/webp"}],"twitter_card":"summary_large_image","twitter_misc":{"pre\u00e7o":"","Disponibilidade":"Em stock"},"schema":{"@context":"https:\/\/schema.org","@graph":[{"@type":"WebPage","@id":"https:\/\/fdasrl.it\/pt-pt\/prodotto\/suporte-de-chao-universal-far-23-para-bebedouros\/","url":"https:\/\/fdasrl.it\/pt-pt\/prodotto\/suporte-de-chao-universal-far-23-para-bebedouros\/","name":"Suporte de Ch\u00e3o Galvanizado para Bebedouros: Robusto e Duradouro","isPartOf":{"@id":"https:\/\/fdasrl.it\/pt-pt\/#website"},"primaryImageOfPage":{"@id":"https:\/\/fdasrl.it\/pt-pt\/prodotto\/suporte-de-chao-universal-far-23-para-bebedouros\/#primaryimage"},"image":{"@id":"https:\/\/fdasrl.it\/pt-pt\/prodotto\/suporte-de-chao-universal-far-23-para-bebedouros\/#primaryimage"},"thumbnailUrl":"https:\/\/fdasrl.it\/wp-content\/uploads\/2025\/07\/staffa-terra-abbeveratoi-far23-1.webp","datePublished":"2025-07-25T14:56:01+00:00","description":"Instala\u00e7\u00e3o r\u00e1pida e design resistente: o suporte de ch\u00e3o galvanizado para bebedouros universal em a\u00e7o galvanizado \u00e9 o que necessita! Aproveite j\u00e1!","breadcrumb":{"@id":"https:\/\/fdasrl.it\/pt-pt\/prodotto\/suporte-de-chao-universal-far-23-para-bebedouros\/#breadcrumb"},"inLanguage":"pt-PT","potentialAction":[{"@type":"ReadAction","target":["https:\/\/fdasrl.it\/pt-pt\/prodotto\/suporte-de-chao-universal-far-23-para-bebedouros\/"]}]},{"@type":"ImageObject","inLanguage":"pt-PT","@id":"https:\/\/fdasrl.it\/pt-pt\/prodotto\/suporte-de-chao-universal-far-23-para-bebedouros\/#primaryimage","url":"https:\/\/fdasrl.it\/wp-content\/uploads\/2025\/07\/staffa-terra-abbeveratoi-far23-1.webp","contentUrl":"https:\/\/fdasrl.it\/wp-content\/uploads\/2025\/07\/staffa-terra-abbeveratoi-far23-1.webp","width":1000,"height":2000,"caption":"Staffa da terra in acciaio zincato FAR 23 per abbeveratoi"},{"@type":"BreadcrumbList","@id":"https:\/\/fdasrl.it\/pt-pt\/prodotto\/suporte-de-chao-universal-far-23-para-bebedouros\/#breadcrumb","itemListElement":[{"@type":"ListItem","position":1,"name":"Home","item":"https:\/\/fdasrl.it\/pt-pt\/inicio\/"},{"@type":"ListItem","position":2,"name":"Loja","item":"https:\/\/fdasrl.it\/pt-pt\/loja\/"},{"@type":"ListItem","position":3,"name":"Suporte de Ch\u00e3o Universal FAR 23 para Bebedouros"}]},{"@type":"WebSite","@id":"https:\/\/fdasrl.it\/pt-pt\/#website","url":"https:\/\/fdasrl.it\/pt-pt\/","name":"FDA srl","description":"Equipment for animal husbandry","publisher":{"@id":"https:\/\/fdasrl.it\/pt-pt\/#organization"},"potentialAction":[{"@type":"SearchAction","target":{"@type":"EntryPoint","urlTemplate":"https:\/\/fdasrl.it\/pt-pt\/?s={search_term_string}"},"query-input":{"@type":"PropertyValueSpecification","valueRequired":true,"valueName":"search_term_string"}}],"inLanguage":"pt-PT"},{"@type":"Organization","@id":"https:\/\/fdasrl.it\/pt-pt\/#organization","name":"FDA srl","url":"https:\/\/fdasrl.it\/pt-pt\/","logo":{"@type":"ImageObject","inLanguage":"pt-PT","@id":"https:\/\/fdasrl.it\/pt-pt\/#\/schema\/logo\/image\/","url":"https:\/\/fdasrl.it\/wp-content\/uploads\/2024\/12\/Logo-FDA.png","contentUrl":"https:\/\/fdasrl.it\/wp-content\/uploads\/2024\/12\/Logo-FDA.png","width":316,"height":119,"caption":"FDA srl"},"image":{"@id":"https:\/\/fdasrl.it\/pt-pt\/#\/schema\/logo\/image\/"},"sameAs":["https:\/\/www.facebook.com\/share\/1MWhFWg1Tp\/?mibextid=LQQJ4d","https:\/\/www.instagram.com\/fda_srl\/profilecard\/?igsh=YW5lbzJ6MWg0d21u","https:\/\/www.youtube.com\/@FDASRL_ANIMALCARE"],"description":"FDA SRL \u2013 Equipment for animal husbandry nasce con l\u2019obiettivo di offrire soluzioni affidabili e innovative per l\u2019allevamento moderno. Con anni di esperienza nel settore zootecnico, progettiamo e realizziamo attrezzature destinate al benessere animale e alla gestione efficiente delle stalle: vasche, abbeveratoi, mangiatoie e sistemi di riscaldamento pensati per durare nel tempo e semplificare il lavoro quotidiano degli allevatori. Dalla progettazione alla produzione, ogni nostro prodotto \u00e8 studiato nei minimi dettagli, testato con cura e costruito per rispondere alle esigenze reali del settore. La nostra forza \u00e8 unire artigianalit\u00e0, tecnologia e competenza tecnica per trasformare ogni progetto in una soluzione concreta e funzionale. Oggi FDA SRL \u00e8 un punto di riferimento per privati e rivenditori che cercano qualit\u00e0, affidabilit\u00e0 e innovazione nelle attrezzature per l\u2019allevamento.","email":"info@fdasrl.it","telephone":"+390522826820","legalName":"F.D.A. SRL","foundingDate":"2024-10-13","vatID":"03075840359","taxID":"03075840359","numberOfEmployees":{"@type":"QuantitativeValue","minValue":"1","maxValue":"10"}}]},"product_price_currency":"EUR","og_availability":"instock","product_availability":"instock","product_retailer_item_id":"FAR23","product_condition":"new"},"_links":{"self":[{"href":"https:\/\/fdasrl.it\/pt-pt\/wp-json\/wp\/v2\/product\/3435","targetHints":{"allow":["GET"]}}],"collection":[{"href":"https:\/\/fdasrl.it\/pt-pt\/wp-json\/wp\/v2\/product"}],"about":[{"href":"https:\/\/fdasrl.it\/pt-pt\/wp-json\/wp\/v2\/types\/product"}],"replies":[{"embeddable":true,"href":"https:\/\/fdasrl.it\/pt-pt\/wp-json\/wp\/v2\/comments?post=3435"}],"wp:featuredmedia":[{"embeddable":true,"href":"https:\/\/fdasrl.it\/pt-pt\/wp-json\/wp\/v2\/media\/898"}],"wp:attachment":[{"href":"https:\/\/fdasrl.it\/pt-pt\/wp-json\/wp\/v2\/media?parent=3435"}],"wp:term":[{"taxonomy":"product_brand","embeddable":true,"href":"https:\/\/fdasrl.it\/pt-pt\/wp-json\/wp\/v2\/product_brand?post=3435"},{"taxonomy":"product_cat","embeddable":true,"href":"https:\/\/fdasrl.it\/pt-pt\/wp-json\/wp\/v2\/product_cat?post=3435"},{"taxonomy":"product_tag","embeddable":true,"href":"https:\/\/fdasrl.it\/pt-pt\/wp-json\/wp\/v2\/product_tag?post=3435"}],"curies":[{"name":"wp","href":"https:\/\/api.w.org\/{rel}","templated":true}]}}