{"id":3467,"date":"2025-01-21T12:02:15","date_gmt":"2025-01-21T11:02:15","guid":{"rendered":"https:\/\/fdasrl.it\/prodotto\/manjedoura-de-canto-com-rebordo-antidesperdicio-para-coudelaria\/"},"modified":"2025-01-21T12:02:15","modified_gmt":"2025-01-21T11:02:15","slug":"manjedoura-de-canto-com-rebordo-antidesperdicio-para-coudelaria","status":"publish","type":"product","link":"https:\/\/fdasrl.it\/pt-pt\/prodotto\/manjedoura-de-canto-com-rebordo-antidesperdicio-para-coudelaria\/","title":{"rendered":"Manjedoura de canto com rebordo antidesperd\u00edcio para coudelaria"},"content":{"rendered":"<p>Manjedoura de canto com rebordo antidesperd\u00edcio em metal galvanizado, ideal para coudelaria. Disp\u00f5e de buj\u00e3o no fundo para limpeza. Cor verde.  <\/p>\n<p>A manjedoura de canto para coudelaria FA-MA4 \u00e9 muito pr\u00e1tica e resistente.<\/p>\n<p>Caracter\u00edsticas:<\/p>\n<p>-fabricada em polietileno antirriscos<\/p>\n<p>-capacidade <strong>24 l<\/strong><\/p>\n<p>-rebordo antidesperd\u00edcio em metal pesado galvanizado<\/p>\n<p>-buj\u00e3o no fundo para a limpeza.<\/p>\n<p>-Produto de excelente qualidade<\/p>\n<p><strong>DIMENS\u00d5ES<\/strong>: largura 44 cm, comprimento 59 cm e altura 30 cm<\/p>\n","protected":false},"excerpt":{"rendered":"<p>Manjedoura de canto com rebordo antidesperd\u00edcio em metal galvanizado, ideal para coudelaria. Disp\u00f5e de buj\u00e3o no fundo para limpeza. Cor verde. A manjedoura de canto para coudelaria FA-MA4 \u00e9 muito pr\u00e1tica e resistente. Caracter\u00edsticas: -fabricada em polietileno antirriscos -capacidade 24 l -rebordo antidesperd\u00edcio em metal pesado galvanizado -buj\u00e3o no fundo para a limpeza. -Produto de [&hellip;]<\/p>\n","protected":false},"featured_media":640,"comment_status":"open","ping_status":"closed","template":"","meta":{"_et_pb_use_builder":"","_et_pb_old_content":"","_et_gb_content_width":""},"product_brand":[],"product_cat":[609,748],"product_tag":[864],"class_list":{"0":"post-3467","1":"product","2":"type-product","3":"status-publish","4":"has-post-thumbnail","6":"product_cat-cavalos","7":"product_cat-comedouros","8":"product_tag-fa-ma4","10":"first","11":"instock","12":"shipping-taxable","13":"product-type-simple"},"yoast_head":"<!-- This site is optimized with the Yoast SEO Premium plugin v27.5 (Yoast SEO v27.5) - https:\/\/yoast.com\/product\/yoast-seo-premium-wordpress\/ -->\n<title>Manjedoura de canto com rebordo antidesperd\u00edcio para coudelaria - FDA srl<\/title>\n<meta name=\"description\" content=\"Manjedoura de canto com rebordo antidesperd\u00edcio em metal galvanizado, ideal para coudelaria. Disp\u00f5e de buj\u00e3o no fundo para limpeza. Cor verde. A\" \/>\n<meta name=\"robots\" content=\"index, follow, max-snippet:-1, max-image-preview:large, max-video-preview:-1\" \/>\n<link rel=\"canonical\" href=\"https:\/\/fdasrl.it\/pt-pt\/prodotto\/manjedoura-de-canto-com-rebordo-antidesperdicio-para-coudelaria\/\" \/>\n<meta property=\"og:locale\" content=\"pt_PT\" \/>\n<meta property=\"og:type\" content=\"article\" \/>\n<meta property=\"og:title\" content=\"Manjedoura de canto com rebordo antidesperd\u00edcio para coudelaria\" \/>\n<meta property=\"og:description\" content=\"Manjedoura de canto com rebordo antidesperd\u00edcio em metal galvanizado, ideal para coudelaria. Disp\u00f5e de buj\u00e3o no fundo para limpeza. Cor verde. A\" \/>\n<meta property=\"og:url\" content=\"https:\/\/fdasrl.it\/pt-pt\/prodotto\/manjedoura-de-canto-com-rebordo-antidesperdicio-para-coudelaria\/\" \/>\n<meta property=\"og:site_name\" content=\"FDA srl\" \/>\n<meta property=\"article:publisher\" content=\"https:\/\/www.facebook.com\/share\/1MWhFWg1Tp\/?mibextid=LQQJ4d\" \/>\n<meta property=\"og:image\" content=\"https:\/\/fdasrl.it\/wp-content\/uploads\/2025\/01\/mangiatoia-angolare-bordo-metallo-pesante-zincato-fa-ma4.png\" \/>\n\t<meta property=\"og:image:width\" content=\"1400\" \/>\n\t<meta property=\"og:image:height\" content=\"1400\" \/>\n\t<meta property=\"og:image:type\" content=\"image\/png\" \/>\n<meta name=\"twitter:card\" content=\"summary_large_image\" \/>\n<meta name=\"twitter:label1\" content=\"pre\u00e7o\" \/>\n\t<meta name=\"twitter:data1\" content=\"\" \/>\n\t<meta name=\"twitter:label2\" content=\"Disponibilidade\" \/>\n\t<meta name=\"twitter:data2\" content=\"Em stock\" \/>\n<meta property=\"product:price:currency\" content=\"EUR\" \/>\n<meta property=\"og:availability\" content=\"instock\" \/>\n<meta property=\"product:availability\" content=\"instock\" \/>\n<meta property=\"product:retailer_item_id\" content=\"FA-MA4\" \/>\n<meta property=\"product:condition\" content=\"new\" \/>\n<!-- \/ Yoast SEO Premium plugin. -->","yoast_head_json":{"title":"Manjedoura de canto com rebordo antidesperd\u00edcio para coudelaria - FDA srl","description":"Manjedoura de canto com rebordo antidesperd\u00edcio em metal galvanizado, ideal para coudelaria. Disp\u00f5e de buj\u00e3o no fundo para limpeza. Cor verde. A","robots":{"index":"index","follow":"follow","max-snippet":"max-snippet:-1","max-image-preview":"max-image-preview:large","max-video-preview":"max-video-preview:-1"},"canonical":"https:\/\/fdasrl.it\/pt-pt\/prodotto\/manjedoura-de-canto-com-rebordo-antidesperdicio-para-coudelaria\/","og_locale":"pt_PT","og_type":"article","og_title":"Manjedoura de canto com rebordo antidesperd\u00edcio para coudelaria","og_description":"Manjedoura de canto com rebordo antidesperd\u00edcio em metal galvanizado, ideal para coudelaria. Disp\u00f5e de buj\u00e3o no fundo para limpeza. Cor verde. A","og_url":"https:\/\/fdasrl.it\/pt-pt\/prodotto\/manjedoura-de-canto-com-rebordo-antidesperdicio-para-coudelaria\/","og_site_name":"FDA srl","article_publisher":"https:\/\/www.facebook.com\/share\/1MWhFWg1Tp\/?mibextid=LQQJ4d","og_image":[{"width":1400,"height":1400,"url":"https:\/\/fdasrl.it\/wp-content\/uploads\/2025\/01\/mangiatoia-angolare-bordo-metallo-pesante-zincato-fa-ma4.png","type":"image\/png"}],"twitter_card":"summary_large_image","twitter_misc":{"pre\u00e7o":"","Disponibilidade":"Em stock"},"schema":{"@context":"https:\/\/schema.org","@graph":[{"@type":"WebPage","@id":"https:\/\/fdasrl.it\/pt-pt\/prodotto\/manjedoura-de-canto-com-rebordo-antidesperdicio-para-coudelaria\/","url":"https:\/\/fdasrl.it\/pt-pt\/prodotto\/manjedoura-de-canto-com-rebordo-antidesperdicio-para-coudelaria\/","name":"Manjedoura de canto com rebordo antidesperd\u00edcio para coudelaria - FDA srl","isPartOf":{"@id":"https:\/\/fdasrl.it\/pt-pt\/#website"},"primaryImageOfPage":{"@id":"https:\/\/fdasrl.it\/pt-pt\/prodotto\/manjedoura-de-canto-com-rebordo-antidesperdicio-para-coudelaria\/#primaryimage"},"image":{"@id":"https:\/\/fdasrl.it\/pt-pt\/prodotto\/manjedoura-de-canto-com-rebordo-antidesperdicio-para-coudelaria\/#primaryimage"},"thumbnailUrl":"https:\/\/fdasrl.it\/wp-content\/uploads\/2025\/01\/mangiatoia-angolare-bordo-metallo-pesante-zincato-fa-ma4.png","datePublished":"2025-01-21T11:02:15+00:00","description":"Manjedoura de canto com rebordo antidesperd\u00edcio em metal galvanizado, ideal para coudelaria. Disp\u00f5e de buj\u00e3o no fundo para limpeza. Cor verde. A","breadcrumb":{"@id":"https:\/\/fdasrl.it\/pt-pt\/prodotto\/manjedoura-de-canto-com-rebordo-antidesperdicio-para-coudelaria\/#breadcrumb"},"inLanguage":"pt-PT","potentialAction":[{"@type":"ReadAction","target":["https:\/\/fdasrl.it\/pt-pt\/prodotto\/manjedoura-de-canto-com-rebordo-antidesperdicio-para-coudelaria\/"]}]},{"@type":"ImageObject","inLanguage":"pt-PT","@id":"https:\/\/fdasrl.it\/pt-pt\/prodotto\/manjedoura-de-canto-com-rebordo-antidesperdicio-para-coudelaria\/#primaryimage","url":"https:\/\/fdasrl.it\/wp-content\/uploads\/2025\/01\/mangiatoia-angolare-bordo-metallo-pesante-zincato-fa-ma4.png","contentUrl":"https:\/\/fdasrl.it\/wp-content\/uploads\/2025\/01\/mangiatoia-angolare-bordo-metallo-pesante-zincato-fa-ma4.png","width":1400,"height":1400,"caption":"manjedoura-de-canto-rebordo-metal-pesado-galvanizado-fa-ma4"},{"@type":"BreadcrumbList","@id":"https:\/\/fdasrl.it\/pt-pt\/prodotto\/manjedoura-de-canto-com-rebordo-antidesperdicio-para-coudelaria\/#breadcrumb","itemListElement":[{"@type":"ListItem","position":1,"name":"Home","item":"https:\/\/fdasrl.it\/pt-pt\/inicio\/"},{"@type":"ListItem","position":2,"name":"Loja","item":"https:\/\/fdasrl.it\/pt-pt\/loja\/"},{"@type":"ListItem","position":3,"name":"Manjedoura de canto com rebordo antidesperd\u00edcio para coudelaria"}]},{"@type":"WebSite","@id":"https:\/\/fdasrl.it\/pt-pt\/#website","url":"https:\/\/fdasrl.it\/pt-pt\/","name":"FDA srl","description":"Equipment for animal husbandry","publisher":{"@id":"https:\/\/fdasrl.it\/pt-pt\/#organization"},"potentialAction":[{"@type":"SearchAction","target":{"@type":"EntryPoint","urlTemplate":"https:\/\/fdasrl.it\/pt-pt\/?s={search_term_string}"},"query-input":{"@type":"PropertyValueSpecification","valueRequired":true,"valueName":"search_term_string"}}],"inLanguage":"pt-PT"},{"@type":"Organization","@id":"https:\/\/fdasrl.it\/pt-pt\/#organization","name":"FDA srl","url":"https:\/\/fdasrl.it\/pt-pt\/","logo":{"@type":"ImageObject","inLanguage":"pt-PT","@id":"https:\/\/fdasrl.it\/pt-pt\/#\/schema\/logo\/image\/","url":"https:\/\/fdasrl.it\/wp-content\/uploads\/2024\/12\/Logo-FDA.png","contentUrl":"https:\/\/fdasrl.it\/wp-content\/uploads\/2024\/12\/Logo-FDA.png","width":316,"height":119,"caption":"FDA srl"},"image":{"@id":"https:\/\/fdasrl.it\/pt-pt\/#\/schema\/logo\/image\/"},"sameAs":["https:\/\/www.facebook.com\/share\/1MWhFWg1Tp\/?mibextid=LQQJ4d","https:\/\/www.instagram.com\/fda_srl\/profilecard\/?igsh=YW5lbzJ6MWg0d21u","https:\/\/www.youtube.com\/@FDASRL_ANIMALCARE"],"description":"FDA SRL \u2013 Equipment for animal husbandry nasce con l\u2019obiettivo di offrire soluzioni affidabili e innovative per l\u2019allevamento moderno. Con anni di esperienza nel settore zootecnico, progettiamo e realizziamo attrezzature destinate al benessere animale e alla gestione efficiente delle stalle: vasche, abbeveratoi, mangiatoie e sistemi di riscaldamento pensati per durare nel tempo e semplificare il lavoro quotidiano degli allevatori. Dalla progettazione alla produzione, ogni nostro prodotto \u00e8 studiato nei minimi dettagli, testato con cura e costruito per rispondere alle esigenze reali del settore. La nostra forza \u00e8 unire artigianalit\u00e0, tecnologia e competenza tecnica per trasformare ogni progetto in una soluzione concreta e funzionale. Oggi FDA SRL \u00e8 un punto di riferimento per privati e rivenditori che cercano qualit\u00e0, affidabilit\u00e0 e innovazione nelle attrezzature per l\u2019allevamento.","email":"info@fdasrl.it","telephone":"+390522826820","legalName":"F.D.A. SRL","foundingDate":"2024-10-13","vatID":"03075840359","taxID":"03075840359","numberOfEmployees":{"@type":"QuantitativeValue","minValue":"1","maxValue":"10"}}]},"product_price_currency":"EUR","og_availability":"instock","product_availability":"instock","product_retailer_item_id":"FA-MA4","product_condition":"new"},"_links":{"self":[{"href":"https:\/\/fdasrl.it\/pt-pt\/wp-json\/wp\/v2\/product\/3467","targetHints":{"allow":["GET"]}}],"collection":[{"href":"https:\/\/fdasrl.it\/pt-pt\/wp-json\/wp\/v2\/product"}],"about":[{"href":"https:\/\/fdasrl.it\/pt-pt\/wp-json\/wp\/v2\/types\/product"}],"replies":[{"embeddable":true,"href":"https:\/\/fdasrl.it\/pt-pt\/wp-json\/wp\/v2\/comments?post=3467"}],"wp:featuredmedia":[{"embeddable":true,"href":"https:\/\/fdasrl.it\/pt-pt\/wp-json\/wp\/v2\/media\/640"}],"wp:attachment":[{"href":"https:\/\/fdasrl.it\/pt-pt\/wp-json\/wp\/v2\/media?parent=3467"}],"wp:term":[{"taxonomy":"product_brand","embeddable":true,"href":"https:\/\/fdasrl.it\/pt-pt\/wp-json\/wp\/v2\/product_brand?post=3467"},{"taxonomy":"product_cat","embeddable":true,"href":"https:\/\/fdasrl.it\/pt-pt\/wp-json\/wp\/v2\/product_cat?post=3467"},{"taxonomy":"product_tag","embeddable":true,"href":"https:\/\/fdasrl.it\/pt-pt\/wp-json\/wp\/v2\/product_tag?post=3467"}],"curies":[{"name":"wp","href":"https:\/\/api.w.org\/{rel}","templated":true}]}}