{"id":3551,"date":"2025-01-21T10:51:18","date_gmt":"2025-01-21T09:51:18","guid":{"rendered":"https:\/\/fdasrl.it\/prodotto\/bebedouro-inclinado-de-tanque-inox-automatico\/"},"modified":"2025-01-21T10:51:18","modified_gmt":"2025-01-21T09:51:18","slug":"bebedouro-inclinado-de-tanque-inox-automatico","status":"publish","type":"product","link":"https:\/\/fdasrl.it\/pt-pt\/prodotto\/bebedouro-inclinado-de-tanque-inox-automatico\/","title":{"rendered":"BEBEDOURO INCLINADO DE TANQUE INOX AUTOM\u00c1TICO"},"content":{"rendered":"<h3 data-start=\"109\" data-end=\"179\">Bebedouro autom\u00e1tico de n\u00edvel constante modelo inclinado FA-V4<\/h3>\n<p data-start=\"181\" data-end=\"405\">O bebedouro autom\u00e1tico <strong data-start=\"207\" data-end=\"216\">FA-V4<\/strong>, ideal para <strong data-start=\"229\" data-end=\"264\">vacas, cavalos, cabras e ovelhas<\/strong>, \u00e9 fabricado inteiramente em <strong data-start=\"294\" data-end=\"319\">a\u00e7o inox AISI 304<\/strong> com espessura <strong data-start=\"333\" data-end=\"345\">15\/10 mm<\/strong>, garantia de robustez, higiene e longa durabilidade.<\/p>\n<p data-start=\"407\" data-end=\"642\">O <strong data-start=\"410\" data-end=\"429\">tanque inclinado<\/strong> assegura um <strong data-start=\"442\" data-end=\"469\">fluxo cont\u00ednuo de \u00e1gua<\/strong>, enquanto os <strong data-start=\"480\" data-end=\"512\">bordos arredondados anticorte<\/strong> garantem a m\u00e1xima seguran\u00e7a para os animais. A <strong data-start=\"567\" data-end=\"587\">fixa\u00e7\u00e3o \u00e0 parede<\/strong> \u00e9 simples e r\u00e1pida gra\u00e7as \u00e0s <strong data-start=\"620\" data-end=\"641\">placas integradas<\/strong>. <\/p>\n<p data-start=\"644\" data-end=\"679\">\u2705 <strong data-start=\"646\" data-end=\"677\">Caracter\u00edsticas principais:<\/strong><\/p>\n<ul data-start=\"680\" data-end=\"1130\">\n<li data-start=\"680\" data-end=\"712\">\n<p data-start=\"682\" data-end=\"712\"><strong data-start=\"682\" data-end=\"701\">Capacidade do tanque:<\/strong> 45 litros<\/p>\n<\/li>\n<li data-start=\"713\" data-end=\"778\">\n<p data-start=\"715\" data-end=\"778\">Alojamento para <strong data-start=\"733\" data-end=\"749\">flutuador<\/strong> no lado esquerdo ou direito<\/p>\n<\/li>\n<li data-start=\"779\" data-end=\"872\">\n<p data-start=\"781\" data-end=\"872\"><strong data-start=\"781\" data-end=\"810\">V\u00e1lvula de flutuador 3\/4&#8243;<\/strong> inclu\u00edda para manter automaticamente o n\u00edvel da \u00e1gua<\/p>\n<\/li>\n<li data-start=\"873\" data-end=\"900\">\n<p data-start=\"875\" data-end=\"900\"><strong data-start=\"875\" data-end=\"893\">Entrada de \u00e1gua:<\/strong> 3\/4&#8243;<\/p>\n<\/li>\n<li data-start=\"901\" data-end=\"943\">\n<p data-start=\"903\" data-end=\"943\"><strong data-start=\"903\" data-end=\"927\">Press\u00e3o de reten\u00e7\u00e3o:<\/strong> at\u00e9 10 bar<\/p>\n<\/li>\n<li data-start=\"944\" data-end=\"985\">\n<p data-start=\"946\" data-end=\"985\"><strong data-start=\"946\" data-end=\"958\">Descarga:<\/strong> de 2&#8243; para f\u00e1cil limpeza<\/p>\n<\/li>\n<li data-start=\"986\" data-end=\"1027\">\n<p data-start=\"988\" data-end=\"1027\"><strong data-start=\"988\" data-end=\"1003\">Dimens\u00f5es:<\/strong> C 80 \u00d7 P 30 \u00d7 A 40 cm<\/p>\n<\/li>\n<li data-start=\"1028\" data-end=\"1094\">\n<p data-start=\"1030\" data-end=\"1094\">Possibilidade de <strong data-start=\"1045\" data-end=\"1067\">fixa\u00e7\u00e3o \u00e0 parede<\/strong> atrav\u00e9s de buchas \u00d8 12 mm<\/p>\n<\/li>\n<li data-start=\"1095\" data-end=\"1130\">\n<p data-start=\"1097\" data-end=\"1130\"><strong data-start=\"1097\" data-end=\"1121\">Profundidade posterior:<\/strong> 100 cm<\/p>\n<\/li>\n<\/ul>\n<p data-start=\"1132\" data-end=\"1264\">Produto <strong data-start=\"1141\" data-end=\"1163\">100% Made in Italy<\/strong>, concebido para resistir \u00e0s condi\u00e7\u00f5es mais exigentes e garantir efici\u00eancia e durabilidade.<\/p>\n<p data-start=\"1266\" data-end=\"1427\"><br data-start=\"1318\" data-end=\"1321\"><strong data-start=\"1321\" data-end=\"1337\">\ud83d\udc49 Revendedores:<\/strong> para condi\u00e7\u00f5es de revenda fa\u00e7a o pedido por email: <a href=\"mailto:info@fdasrl.it\">clique aqui.<\/a><\/p>\n<p data-start=\"1266\" data-end=\"1427\">\ud83d\udc49 Adquira-o na nossa <a href=\"https:\/\/fda-shop.it\/shop\/articoli-per-allevamento\/abbeveratoi\/abbeveratoio-automatico-bovini\" target=\"_blank\" rel=\"noopener\">loja online<\/a><\/p>\n","protected":false},"excerpt":{"rendered":"<p>Bebedouro autom\u00e1tico de n\u00edvel constante em <strong data-start=\"1504\" data-end=\"1542\">a\u00e7o inox AISI 304 esp. 15\/10 mm<\/strong>, com tanque inclinado de <strong data-start=\"1567\" data-end=\"1579\">45 litros<\/strong>, <strong data-start=\"1581\" data-end=\"1610\">v\u00e1lvula de flutuador 3\/4&#8243;<\/strong> inclu\u00edda e descarga de 2&#8243;. Ideal para <strong data-start=\"1647\" data-end=\"1682\">bovinos, cavalos, cabras e ovelhas<\/strong>. <\/p>\n","protected":false},"featured_media":378,"comment_status":"open","ping_status":"closed","template":"","meta":{"_et_pb_use_builder":"","_et_pb_old_content":"","_et_gb_content_width":""},"product_brand":[],"product_cat":[554,383,609,412,503],"product_tag":[877],"class_list":{"0":"post-3551","1":"product","2":"type-product","3":"status-publish","4":"has-post-thumbnail","6":"product_cat-bebedouros-2","7":"product_cat-bovinos","8":"product_cat-cavalos","9":"product_cat-ovinos-e-caprinos","10":"product_cat-tanques-inox-para-estabulos","11":"product_tag-fa-v4","13":"first","14":"instock","15":"shipping-taxable","16":"product-type-simple"},"yoast_head":"<!-- This site is optimized with the Yoast SEO Premium plugin v27.5 (Yoast SEO v27.5) - https:\/\/yoast.com\/product\/yoast-seo-premium-wordpress\/ -->\n<title>Bebedouro inclinado de tanque inox FA-V4 para vacas e cavalos - FDA srl<\/title>\n<meta name=\"description\" content=\"Seguran\u00e7a e efici\u00eancia com o Bebedouro inclinado de tanque inox FA-V4! Ideal para cabras, vacas e ovelhas, torne a cria\u00e7\u00e3o mais simples. \ud83d\udc04\" \/>\n<meta name=\"robots\" content=\"index, follow, max-snippet:-1, max-image-preview:large, max-video-preview:-1\" \/>\n<link rel=\"canonical\" href=\"https:\/\/fdasrl.it\/pt-pt\/prodotto\/bebedouro-inclinado-de-tanque-inox-automatico\/\" \/>\n<meta property=\"og:locale\" content=\"pt_PT\" \/>\n<meta property=\"og:type\" content=\"article\" \/>\n<meta property=\"og:title\" content=\"BEBEDOURO INCLINADO DE TANQUE INOX AUTOM\u00c1TICO\" \/>\n<meta property=\"og:description\" content=\"Seguran\u00e7a e efici\u00eancia com o Bebedouro inclinado de tanque inox FA-V4! Ideal para cabras, vacas e ovelhas, torne a cria\u00e7\u00e3o mais simples. \ud83d\udc04\" \/>\n<meta property=\"og:url\" content=\"https:\/\/fdasrl.it\/pt-pt\/prodotto\/bebedouro-inclinado-de-tanque-inox-automatico\/\" \/>\n<meta property=\"og:site_name\" content=\"FDA srl\" \/>\n<meta property=\"article:publisher\" content=\"https:\/\/www.facebook.com\/share\/1MWhFWg1Tp\/?mibextid=LQQJ4d\" \/>\n<meta property=\"og:image\" content=\"https:\/\/fdasrl.it\/wp-content\/uploads\/2025\/01\/FA-VS4_2.jpg\" \/>\n\t<meta property=\"og:image:width\" content=\"800\" \/>\n\t<meta property=\"og:image:height\" content=\"600\" \/>\n\t<meta property=\"og:image:type\" content=\"image\/jpeg\" \/>\n<meta name=\"twitter:card\" content=\"summary_large_image\" \/>\n<meta name=\"twitter:label1\" content=\"pre\u00e7o\" \/>\n\t<meta name=\"twitter:data1\" content=\"\" \/>\n\t<meta name=\"twitter:label2\" content=\"Disponibilidade\" \/>\n\t<meta name=\"twitter:data2\" content=\"Em stock\" \/>\n<meta property=\"product:price:currency\" content=\"EUR\" \/>\n<meta property=\"og:availability\" content=\"instock\" \/>\n<meta property=\"product:availability\" content=\"instock\" \/>\n<meta property=\"product:retailer_item_id\" content=\"FA-V4\" \/>\n<meta property=\"product:condition\" content=\"new\" \/>\n<!-- \/ Yoast SEO Premium plugin. -->","yoast_head_json":{"title":"Bebedouro inclinado de tanque inox FA-V4 para vacas e cavalos - FDA srl","description":"Seguran\u00e7a e efici\u00eancia com o Bebedouro inclinado de tanque inox FA-V4! Ideal para cabras, vacas e ovelhas, torne a cria\u00e7\u00e3o mais simples. \ud83d\udc04","robots":{"index":"index","follow":"follow","max-snippet":"max-snippet:-1","max-image-preview":"max-image-preview:large","max-video-preview":"max-video-preview:-1"},"canonical":"https:\/\/fdasrl.it\/pt-pt\/prodotto\/bebedouro-inclinado-de-tanque-inox-automatico\/","og_locale":"pt_PT","og_type":"article","og_title":"BEBEDOURO INCLINADO DE TANQUE INOX AUTOM\u00c1TICO","og_description":"Seguran\u00e7a e efici\u00eancia com o Bebedouro inclinado de tanque inox FA-V4! Ideal para cabras, vacas e ovelhas, torne a cria\u00e7\u00e3o mais simples. \ud83d\udc04","og_url":"https:\/\/fdasrl.it\/pt-pt\/prodotto\/bebedouro-inclinado-de-tanque-inox-automatico\/","og_site_name":"FDA srl","article_publisher":"https:\/\/www.facebook.com\/share\/1MWhFWg1Tp\/?mibextid=LQQJ4d","og_image":[{"width":800,"height":600,"url":"https:\/\/fdasrl.it\/wp-content\/uploads\/2025\/01\/FA-VS4_2.jpg","type":"image\/jpeg"}],"twitter_card":"summary_large_image","twitter_misc":{"pre\u00e7o":"","Disponibilidade":"Em stock"},"schema":{"@context":"https:\/\/schema.org","@graph":[{"@type":"WebPage","@id":"https:\/\/fdasrl.it\/pt-pt\/prodotto\/bebedouro-inclinado-de-tanque-inox-automatico\/","url":"https:\/\/fdasrl.it\/pt-pt\/prodotto\/bebedouro-inclinado-de-tanque-inox-automatico\/","name":"Bebedouro inclinado de tanque inox FA-V4 para vacas e cavalos - FDA srl","isPartOf":{"@id":"https:\/\/fdasrl.it\/pt-pt\/#website"},"primaryImageOfPage":{"@id":"https:\/\/fdasrl.it\/pt-pt\/prodotto\/bebedouro-inclinado-de-tanque-inox-automatico\/#primaryimage"},"image":{"@id":"https:\/\/fdasrl.it\/pt-pt\/prodotto\/bebedouro-inclinado-de-tanque-inox-automatico\/#primaryimage"},"thumbnailUrl":"https:\/\/fdasrl.it\/wp-content\/uploads\/2025\/01\/FA-VS4_2.jpg","datePublished":"2025-01-21T09:51:18+00:00","description":"Seguran\u00e7a e efici\u00eancia com o Bebedouro inclinado de tanque inox FA-V4! Ideal para cabras, vacas e ovelhas, torne a cria\u00e7\u00e3o mais simples. \ud83d\udc04","breadcrumb":{"@id":"https:\/\/fdasrl.it\/pt-pt\/prodotto\/bebedouro-inclinado-de-tanque-inox-automatico\/#breadcrumb"},"inLanguage":"pt-PT","potentialAction":[{"@type":"ReadAction","target":["https:\/\/fdasrl.it\/pt-pt\/prodotto\/bebedouro-inclinado-de-tanque-inox-automatico\/"]}]},{"@type":"ImageObject","inLanguage":"pt-PT","@id":"https:\/\/fdasrl.it\/pt-pt\/prodotto\/bebedouro-inclinado-de-tanque-inox-automatico\/#primaryimage","url":"https:\/\/fdasrl.it\/wp-content\/uploads\/2025\/01\/FA-VS4_2.jpg","contentUrl":"https:\/\/fdasrl.it\/wp-content\/uploads\/2025\/01\/FA-VS4_2.jpg","width":800,"height":600},{"@type":"BreadcrumbList","@id":"https:\/\/fdasrl.it\/pt-pt\/prodotto\/bebedouro-inclinado-de-tanque-inox-automatico\/#breadcrumb","itemListElement":[{"@type":"ListItem","position":1,"name":"Home","item":"https:\/\/fdasrl.it\/pt-pt\/inicio\/"},{"@type":"ListItem","position":2,"name":"Loja","item":"https:\/\/fdasrl.it\/pt-pt\/loja\/"},{"@type":"ListItem","position":3,"name":"BEBEDOURO INCLINADO DE TANQUE INOX AUTOM\u00c1TICO"}]},{"@type":"WebSite","@id":"https:\/\/fdasrl.it\/pt-pt\/#website","url":"https:\/\/fdasrl.it\/pt-pt\/","name":"FDA srl","description":"Equipment for animal husbandry","publisher":{"@id":"https:\/\/fdasrl.it\/pt-pt\/#organization"},"potentialAction":[{"@type":"SearchAction","target":{"@type":"EntryPoint","urlTemplate":"https:\/\/fdasrl.it\/pt-pt\/?s={search_term_string}"},"query-input":{"@type":"PropertyValueSpecification","valueRequired":true,"valueName":"search_term_string"}}],"inLanguage":"pt-PT"},{"@type":"Organization","@id":"https:\/\/fdasrl.it\/pt-pt\/#organization","name":"FDA srl","url":"https:\/\/fdasrl.it\/pt-pt\/","logo":{"@type":"ImageObject","inLanguage":"pt-PT","@id":"https:\/\/fdasrl.it\/pt-pt\/#\/schema\/logo\/image\/","url":"https:\/\/fdasrl.it\/wp-content\/uploads\/2024\/12\/Logo-FDA.png","contentUrl":"https:\/\/fdasrl.it\/wp-content\/uploads\/2024\/12\/Logo-FDA.png","width":316,"height":119,"caption":"FDA srl"},"image":{"@id":"https:\/\/fdasrl.it\/pt-pt\/#\/schema\/logo\/image\/"},"sameAs":["https:\/\/www.facebook.com\/share\/1MWhFWg1Tp\/?mibextid=LQQJ4d","https:\/\/www.instagram.com\/fda_srl\/profilecard\/?igsh=YW5lbzJ6MWg0d21u","https:\/\/www.youtube.com\/@FDASRL_ANIMALCARE"],"description":"FDA SRL \u2013 Equipment for animal husbandry nasce con l\u2019obiettivo di offrire soluzioni affidabili e innovative per l\u2019allevamento moderno. Con anni di esperienza nel settore zootecnico, progettiamo e realizziamo attrezzature destinate al benessere animale e alla gestione efficiente delle stalle: vasche, abbeveratoi, mangiatoie e sistemi di riscaldamento pensati per durare nel tempo e semplificare il lavoro quotidiano degli allevatori. Dalla progettazione alla produzione, ogni nostro prodotto \u00e8 studiato nei minimi dettagli, testato con cura e costruito per rispondere alle esigenze reali del settore. La nostra forza \u00e8 unire artigianalit\u00e0, tecnologia e competenza tecnica per trasformare ogni progetto in una soluzione concreta e funzionale. Oggi FDA SRL \u00e8 un punto di riferimento per privati e rivenditori che cercano qualit\u00e0, affidabilit\u00e0 e innovazione nelle attrezzature per l\u2019allevamento.","email":"info@fdasrl.it","telephone":"+390522826820","legalName":"F.D.A. SRL","foundingDate":"2024-10-13","vatID":"03075840359","taxID":"03075840359","numberOfEmployees":{"@type":"QuantitativeValue","minValue":"1","maxValue":"10"}}]},"product_price_currency":"EUR","og_availability":"instock","product_availability":"instock","product_retailer_item_id":"FA-V4","product_condition":"new"},"_links":{"self":[{"href":"https:\/\/fdasrl.it\/pt-pt\/wp-json\/wp\/v2\/product\/3551","targetHints":{"allow":["GET"]}}],"collection":[{"href":"https:\/\/fdasrl.it\/pt-pt\/wp-json\/wp\/v2\/product"}],"about":[{"href":"https:\/\/fdasrl.it\/pt-pt\/wp-json\/wp\/v2\/types\/product"}],"replies":[{"embeddable":true,"href":"https:\/\/fdasrl.it\/pt-pt\/wp-json\/wp\/v2\/comments?post=3551"}],"wp:featuredmedia":[{"embeddable":true,"href":"https:\/\/fdasrl.it\/pt-pt\/wp-json\/wp\/v2\/media\/378"}],"wp:attachment":[{"href":"https:\/\/fdasrl.it\/pt-pt\/wp-json\/wp\/v2\/media?parent=3551"}],"wp:term":[{"taxonomy":"product_brand","embeddable":true,"href":"https:\/\/fdasrl.it\/pt-pt\/wp-json\/wp\/v2\/product_brand?post=3551"},{"taxonomy":"product_cat","embeddable":true,"href":"https:\/\/fdasrl.it\/pt-pt\/wp-json\/wp\/v2\/product_cat?post=3551"},{"taxonomy":"product_tag","embeddable":true,"href":"https:\/\/fdasrl.it\/pt-pt\/wp-json\/wp\/v2\/product_tag?post=3551"}],"curies":[{"name":"wp","href":"https:\/\/api.w.org\/{rel}","templated":true}]}}