{"id":3649,"date":"2025-01-21T10:47:40","date_gmt":"2025-01-21T09:47:40","guid":{"rendered":"https:\/\/fdasrl.it\/prodotto\/bebedouro-automatico-com-tanque-inox-para-estabulos\/"},"modified":"2025-01-21T10:47:40","modified_gmt":"2025-01-21T09:47:40","slug":"bebedouro-automatico-com-tanque-inox-para-estabulos","status":"publish","type":"product","link":"https:\/\/fdasrl.it\/pt-pt\/prodotto\/bebedouro-automatico-com-tanque-inox-para-estabulos\/","title":{"rendered":"BEBEDOURO AUTOM\u00c1TICO COM TANQUE INOX PARA EST\u00c1BULOS"},"content":{"rendered":"<p>O bebedouro autom\u00e1tico de n\u00edvel constante com tanque em a\u00e7o inox AISI 304 esp. 12\/10 mm foi concebido para fornecer \u00e1gua limpa e fresca de forma cont\u00ednua aos seus animais, garantindo o cumprimento das normas de bem-estar animal nas explora\u00e7\u00f5es agr\u00edcolas.<\/p>\n<h4><em>DISPON\u00cdVEL EM 3 COMPRIMENTOS DIFERENTES: 60 &#8211; 80 &#8211; 120 cm (envie-nos pedido por e-mail ou telefone &#8211; <a href=\"https:\/\/fdasrl.it\/pt-pt\/contactos\/#et_pb_contact_form_0\">consulte p\u00e1gina de CONTACTO &#8211; CLIQUE AQUI<\/a>)<\/em><\/h4>\n<p>As suas caracter\u00edsticas t\u00e9cnicas incluem:<\/p>\n<ul>\n<li>Alojamento para boia no lado esquerdo.<\/li>\n<li>Capacidade do tanque a n\u00edvel m\u00e1ximo 45 litros.<\/li>\n<li>Boia 3\/4&#8243; rosca macho corpo em ABS. Press\u00e3o de reten\u00e7\u00e3o de \u00e1gua da boia inclu\u00edda no tanque de caudal m\u00e1ximo de 0,5 a 10 bar. <\/li>\n<li>Descarga de 3\/4 polegadas com torneira para esvaziamento r\u00e1pido.<\/li>\n<li>Dimens\u00f5es: Comprimento 80 cm x profundidade 30 cm x altura 20 cm. Dimens\u00e3o posterior 100 cm totais. Espa\u00e7o de bebida 60 cm.  <\/li>\n<li>Possibilidade de fixa\u00e7\u00e3o \u00e0 parede mediante buchas di\u00e2metro 12 mm para ancoragem lateral.<\/li>\n<li>Peso 10,8 kg<\/li>\n<\/ul>\n<h3><strong>Descarga de \u00e1gua mediante a torneira de 3\/4 polegadas para esvaziamento r\u00e1pido do tanque.<\/strong><\/h3>\n<h4>Em conclus\u00e3o, o bebedouro autom\u00e1tico de n\u00edvel constante em a\u00e7o inox AISI 304 \u00e9 uma solu\u00e7\u00e3o fi\u00e1vel e conveniente para garantir um fornecimento adequado de \u00e1gua aos seus animais, assegurando o seu bem-estar e cumprindo as normas vigentes no sector agr\u00edcola.<\/h4>\n<h4><em>DISPON\u00cdVEL EM 3 COMPRIMENTOS DIFERENTES: 60 &#8211; 80 &#8211; 120 cm <\/em><em>(envie-nos pedido por e-mail ou telefone &#8211; <a href=\"https:\/\/fdasrl.it\/pt-pt\/contactos\/#et_pb_contact_form_0\">consulte p\u00e1gina de CONTACTO &#8211; CLIQUE AQUI<\/a>)<\/em><\/h4>\n<p>Adquira-o na nossa  <a href=\"https:\/\/fda-shop.it\/shop\/articoli-per-allevamento\/abbeveratoio-vasca-automatico-a-livello-costante\" target=\"_blank\" rel=\"noopener\">loja online<\/a><\/p>\n","protected":false},"excerpt":{"rendered":"<p>O bebedouro autom\u00e1tico de n\u00edvel constante em a\u00e7o inox AISI 304 esp. 12\/10 mm foi concebido para fornecer \u00e1gua limpa e fresca de forma cont\u00ednua aos seus animais, garantindo o cumprimento das normas de bem-estar animal nas explora\u00e7\u00f5es agr\u00edcolas.<\/p>\n","protected":false},"featured_media":667,"comment_status":"open","ping_status":"closed","template":"","meta":{"_et_pb_use_builder":"","_et_pb_old_content":"","_et_gb_content_width":""},"product_brand":[],"product_cat":[554,502,383,609,412,503],"product_tag":[888],"class_list":{"0":"post-3649","1":"product","2":"type-product","3":"status-publish","4":"has-post-thumbnail","6":"product_cat-bebedouros-2","7":"product_cat-bebedouros","8":"product_cat-bovinos","9":"product_cat-cavalos","10":"product_cat-ovinos-e-caprinos","11":"product_cat-tanques-inox-para-estabulos","12":"product_tag-fa-vs2","14":"first","15":"instock","16":"shipping-taxable","17":"product-type-simple"},"yoast_head":"<!-- This site is optimized with the Yoast SEO Premium plugin v27.5 (Yoast SEO v27.6) - https:\/\/yoast.com\/product\/yoast-seo-premium-wordpress\/ -->\n<title>Bebedouro autom\u00e1tico tanque inox est\u00e1bulos com boia<\/title>\n<meta name=\"description\" content=\"Assegure \u00e1gua fresca e limpa para os seus animais com o bebedouro autom\u00e1tico tanque inox est\u00e1bulos. Descubra todas as suas caracter\u00edsticas t\u00e9cnicas!\" \/>\n<meta name=\"robots\" content=\"index, follow, max-snippet:-1, max-image-preview:large, max-video-preview:-1\" \/>\n<link rel=\"canonical\" href=\"https:\/\/fdasrl.it\/pt-pt\/prodotto\/bebedouro-automatico-com-tanque-inox-para-estabulos\/\" \/>\n<meta property=\"og:locale\" content=\"pt_PT\" \/>\n<meta property=\"og:type\" content=\"article\" \/>\n<meta property=\"og:title\" content=\"BEBEDOURO AUTOM\u00c1TICO COM TANQUE INOX PARA EST\u00c1BULOS\" \/>\n<meta property=\"og:description\" content=\"Assegure \u00e1gua fresca e limpa para os seus animais com o bebedouro autom\u00e1tico tanque inox est\u00e1bulos. Descubra todas as suas caracter\u00edsticas t\u00e9cnicas!\" \/>\n<meta property=\"og:url\" content=\"https:\/\/fdasrl.it\/pt-pt\/prodotto\/bebedouro-automatico-com-tanque-inox-para-estabulos\/\" \/>\n<meta property=\"og:site_name\" content=\"FDA srl\" \/>\n<meta property=\"article:publisher\" content=\"https:\/\/www.facebook.com\/share\/1MWhFWg1Tp\/?mibextid=LQQJ4d\" \/>\n<meta property=\"og:image\" content=\"https:\/\/fdasrl.it\/wp-content\/uploads\/2025\/01\/Abbeveratoio-automatico-vasca-inox-stalla-equini-bovini-caprini-fa-v2.jpeg\" \/>\n\t<meta property=\"og:image:width\" content=\"1000\" \/>\n\t<meta property=\"og:image:height\" content=\"535\" \/>\n\t<meta property=\"og:image:type\" content=\"image\/jpeg\" \/>\n<meta name=\"twitter:card\" content=\"summary_large_image\" \/>\n<meta name=\"twitter:label1\" content=\"pre\u00e7o\" \/>\n\t<meta name=\"twitter:data1\" content=\"\" \/>\n\t<meta name=\"twitter:label2\" content=\"Disponibilidade\" \/>\n\t<meta name=\"twitter:data2\" content=\"Em stock\" \/>\n<meta property=\"product:price:currency\" content=\"EUR\" \/>\n<meta property=\"og:availability\" content=\"instock\" \/>\n<meta property=\"product:availability\" content=\"instock\" \/>\n<meta property=\"product:retailer_item_id\" content=\"FAVS2\" \/>\n<meta property=\"product:condition\" content=\"new\" \/>\n<!-- \/ Yoast SEO Premium plugin. -->","yoast_head_json":{"title":"Bebedouro autom\u00e1tico tanque inox est\u00e1bulos com boia","description":"Assegure \u00e1gua fresca e limpa para os seus animais com o bebedouro autom\u00e1tico tanque inox est\u00e1bulos. Descubra todas as suas caracter\u00edsticas t\u00e9cnicas!","robots":{"index":"index","follow":"follow","max-snippet":"max-snippet:-1","max-image-preview":"max-image-preview:large","max-video-preview":"max-video-preview:-1"},"canonical":"https:\/\/fdasrl.it\/pt-pt\/prodotto\/bebedouro-automatico-com-tanque-inox-para-estabulos\/","og_locale":"pt_PT","og_type":"article","og_title":"BEBEDOURO AUTOM\u00c1TICO COM TANQUE INOX PARA EST\u00c1BULOS","og_description":"Assegure \u00e1gua fresca e limpa para os seus animais com o bebedouro autom\u00e1tico tanque inox est\u00e1bulos. Descubra todas as suas caracter\u00edsticas t\u00e9cnicas!","og_url":"https:\/\/fdasrl.it\/pt-pt\/prodotto\/bebedouro-automatico-com-tanque-inox-para-estabulos\/","og_site_name":"FDA srl","article_publisher":"https:\/\/www.facebook.com\/share\/1MWhFWg1Tp\/?mibextid=LQQJ4d","og_image":[{"width":1000,"height":535,"url":"https:\/\/fdasrl.it\/wp-content\/uploads\/2025\/01\/Abbeveratoio-automatico-vasca-inox-stalla-equini-bovini-caprini-fa-v2.jpeg","type":"image\/jpeg"}],"twitter_card":"summary_large_image","twitter_misc":{"pre\u00e7o":"","Disponibilidade":"Em stock"},"schema":{"@context":"https:\/\/schema.org","@graph":[{"@type":"WebPage","@id":"https:\/\/fdasrl.it\/pt-pt\/prodotto\/bebedouro-automatico-com-tanque-inox-para-estabulos\/","url":"https:\/\/fdasrl.it\/pt-pt\/prodotto\/bebedouro-automatico-com-tanque-inox-para-estabulos\/","name":"Bebedouro autom\u00e1tico tanque inox est\u00e1bulos com boia","isPartOf":{"@id":"https:\/\/fdasrl.it\/pt-pt\/#website"},"primaryImageOfPage":{"@id":"https:\/\/fdasrl.it\/pt-pt\/prodotto\/bebedouro-automatico-com-tanque-inox-para-estabulos\/#primaryimage"},"image":{"@id":"https:\/\/fdasrl.it\/pt-pt\/prodotto\/bebedouro-automatico-com-tanque-inox-para-estabulos\/#primaryimage"},"thumbnailUrl":"https:\/\/fdasrl.it\/wp-content\/uploads\/2025\/01\/Abbeveratoio-automatico-vasca-inox-stalla-equini-bovini-caprini-fa-v2.jpeg","datePublished":"2025-01-21T09:47:40+00:00","description":"Assegure \u00e1gua fresca e limpa para os seus animais com o bebedouro autom\u00e1tico tanque inox est\u00e1bulos. Descubra todas as suas caracter\u00edsticas t\u00e9cnicas!","breadcrumb":{"@id":"https:\/\/fdasrl.it\/pt-pt\/prodotto\/bebedouro-automatico-com-tanque-inox-para-estabulos\/#breadcrumb"},"inLanguage":"pt-PT","potentialAction":[{"@type":"ReadAction","target":["https:\/\/fdasrl.it\/pt-pt\/prodotto\/bebedouro-automatico-com-tanque-inox-para-estabulos\/"]}]},{"@type":"ImageObject","inLanguage":"pt-PT","@id":"https:\/\/fdasrl.it\/pt-pt\/prodotto\/bebedouro-automatico-com-tanque-inox-para-estabulos\/#primaryimage","url":"https:\/\/fdasrl.it\/wp-content\/uploads\/2025\/01\/Abbeveratoio-automatico-vasca-inox-stalla-equini-bovini-caprini-fa-v2.jpeg","contentUrl":"https:\/\/fdasrl.it\/wp-content\/uploads\/2025\/01\/Abbeveratoio-automatico-vasca-inox-stalla-equini-bovini-caprini-fa-v2.jpeg","width":1000,"height":535,"caption":"Abbeveratoio automatico vasca inox con galleggiante automatico per stalla equini bovini caprini fav2"},{"@type":"BreadcrumbList","@id":"https:\/\/fdasrl.it\/pt-pt\/prodotto\/bebedouro-automatico-com-tanque-inox-para-estabulos\/#breadcrumb","itemListElement":[{"@type":"ListItem","position":1,"name":"Home","item":"https:\/\/fdasrl.it\/pt-pt\/inicio\/"},{"@type":"ListItem","position":2,"name":"Loja","item":"https:\/\/fdasrl.it\/pt-pt\/loja\/"},{"@type":"ListItem","position":3,"name":"BEBEDOURO AUTOM\u00c1TICO COM TANQUE INOX PARA EST\u00c1BULOS"}]},{"@type":"WebSite","@id":"https:\/\/fdasrl.it\/pt-pt\/#website","url":"https:\/\/fdasrl.it\/pt-pt\/","name":"FDA srl","description":"Equipment for animal husbandry","publisher":{"@id":"https:\/\/fdasrl.it\/pt-pt\/#organization"},"potentialAction":[{"@type":"SearchAction","target":{"@type":"EntryPoint","urlTemplate":"https:\/\/fdasrl.it\/pt-pt\/?s={search_term_string}"},"query-input":{"@type":"PropertyValueSpecification","valueRequired":true,"valueName":"search_term_string"}}],"inLanguage":"pt-PT"},{"@type":"Organization","@id":"https:\/\/fdasrl.it\/pt-pt\/#organization","name":"FDA srl","url":"https:\/\/fdasrl.it\/pt-pt\/","logo":{"@type":"ImageObject","inLanguage":"pt-PT","@id":"https:\/\/fdasrl.it\/pt-pt\/#\/schema\/logo\/image\/","url":"https:\/\/fdasrl.it\/wp-content\/uploads\/2024\/12\/Logo-FDA.png","contentUrl":"https:\/\/fdasrl.it\/wp-content\/uploads\/2024\/12\/Logo-FDA.png","width":316,"height":119,"caption":"FDA srl"},"image":{"@id":"https:\/\/fdasrl.it\/pt-pt\/#\/schema\/logo\/image\/"},"sameAs":["https:\/\/www.facebook.com\/share\/1MWhFWg1Tp\/?mibextid=LQQJ4d","https:\/\/www.instagram.com\/fda_srl\/profilecard\/?igsh=YW5lbzJ6MWg0d21u","https:\/\/www.youtube.com\/@FDASRL_ANIMALCARE"],"description":"FDA SRL \u2013 Equipment for animal husbandry nasce con l\u2019obiettivo di offrire soluzioni affidabili e innovative per l\u2019allevamento moderno. Con anni di esperienza nel settore zootecnico, progettiamo e realizziamo attrezzature destinate al benessere animale e alla gestione efficiente delle stalle: vasche, abbeveratoi, mangiatoie e sistemi di riscaldamento pensati per durare nel tempo e semplificare il lavoro quotidiano degli allevatori. Dalla progettazione alla produzione, ogni nostro prodotto \u00e8 studiato nei minimi dettagli, testato con cura e costruito per rispondere alle esigenze reali del settore. La nostra forza \u00e8 unire artigianalit\u00e0, tecnologia e competenza tecnica per trasformare ogni progetto in una soluzione concreta e funzionale. Oggi FDA SRL \u00e8 un punto di riferimento per privati e rivenditori che cercano qualit\u00e0, affidabilit\u00e0 e innovazione nelle attrezzature per l\u2019allevamento.","email":"info@fdasrl.it","telephone":"+390522826820","legalName":"F.D.A. SRL","foundingDate":"2024-10-13","vatID":"03075840359","taxID":"03075840359","numberOfEmployees":{"@type":"QuantitativeValue","minValue":"1","maxValue":"10"}}]},"product_price_currency":"EUR","og_availability":"instock","product_availability":"instock","product_retailer_item_id":"FAVS2","product_condition":"new"},"_links":{"self":[{"href":"https:\/\/fdasrl.it\/pt-pt\/wp-json\/wp\/v2\/product\/3649","targetHints":{"allow":["GET"]}}],"collection":[{"href":"https:\/\/fdasrl.it\/pt-pt\/wp-json\/wp\/v2\/product"}],"about":[{"href":"https:\/\/fdasrl.it\/pt-pt\/wp-json\/wp\/v2\/types\/product"}],"replies":[{"embeddable":true,"href":"https:\/\/fdasrl.it\/pt-pt\/wp-json\/wp\/v2\/comments?post=3649"}],"wp:featuredmedia":[{"embeddable":true,"href":"https:\/\/fdasrl.it\/pt-pt\/wp-json\/wp\/v2\/media\/667"}],"wp:attachment":[{"href":"https:\/\/fdasrl.it\/pt-pt\/wp-json\/wp\/v2\/media?parent=3649"}],"wp:term":[{"taxonomy":"product_brand","embeddable":true,"href":"https:\/\/fdasrl.it\/pt-pt\/wp-json\/wp\/v2\/product_brand?post=3649"},{"taxonomy":"product_cat","embeddable":true,"href":"https:\/\/fdasrl.it\/pt-pt\/wp-json\/wp\/v2\/product_cat?post=3649"},{"taxonomy":"product_tag","embeddable":true,"href":"https:\/\/fdasrl.it\/pt-pt\/wp-json\/wp\/v2\/product_tag?post=3649"}],"curies":[{"name":"wp","href":"https:\/\/api.w.org\/{rel}","templated":true}]}}