{"id":3791,"date":"2025-01-21T11:45:09","date_gmt":"2025-01-21T10:45:09","guid":{"rendered":"https:\/\/fdasrl.it\/prodotto\/pediluvio-para-bovinos-tratamento-dos-cascos\/"},"modified":"2025-01-21T11:45:09","modified_gmt":"2025-01-21T10:45:09","slug":"pediluvio-para-bovinos-tratamento-dos-cascos","status":"publish","type":"product","link":"https:\/\/fdasrl.it\/pt-pt\/prodotto\/pediluvio-para-bovinos-tratamento-dos-cascos\/","title":{"rendered":"PEDIL\u00daVIO PARA BOVINOS TRATAMENTO DOS CASCOS"},"content":{"rendered":"<h3 data-start=\"203\" data-end=\"285\"><strong data-start=\"207\" data-end=\"285\">Pedil\u00favio para bovinos \u2013 200 litros \u2013 Tratamento profissional dos cascos<\/strong><\/h3>\n<p data-start=\"287\" data-end=\"642\">O <strong data-start=\"290\" data-end=\"320\">pedil\u00favio para bovinos<\/strong> \u00e9 um instrumento indispens\u00e1vel para o <strong data-start=\"359\" data-end=\"426\">tratamento e a preven\u00e7\u00e3o de infe\u00e7\u00f5es nos cascos das vacas<\/strong>. Concebido para garantir um tratamento eficaz, seguro e duradouro, este tanque permite efetuar a lavagem e a desinfe\u00e7\u00e3o dos cascos de forma pr\u00e1tica e higi\u00e9nica diretamente na passagem dos animais. <\/p>\n<p data-start=\"644\" data-end=\"770\">Gra\u00e7as \u00e0 possibilidade de ligar <strong data-start=\"681\" data-end=\"707\">dois tanques em sequ\u00eancia<\/strong>, \u00e9 poss\u00edvel realizar um sistema completo de dupla a\u00e7\u00e3o:<\/p>\n<ul data-start=\"771\" data-end=\"999\">\n<li data-start=\"771\" data-end=\"868\">\n<p data-start=\"773\" data-end=\"868\">O <strong data-start=\"776\" data-end=\"791\">primeiro tanque<\/strong> \u00e9 utilizado para a lavagem, removendo o estrume e a sujidade dos cascos.<\/p>\n<\/li>\n<li data-start=\"869\" data-end=\"999\">\n<p data-start=\"871\" data-end=\"999\">O <strong data-start=\"874\" data-end=\"891\">segundo tanque<\/strong> cont\u00e9m uma <strong data-start=\"905\" data-end=\"932\">solu\u00e7\u00e3o desinfetante<\/strong> que atua em profundidade, melhorando a efic\u00e1cia do tratamento.<\/p>\n<\/li>\n<\/ul>\n<p data-start=\"1001\" data-end=\"1371\">O fundo do tanque est\u00e1 equipado com uma <strong data-start=\"1038\" data-end=\"1083\">superf\u00edcie antiderrapante de alta resist\u00eancia<\/strong>, que assegura maior seguran\u00e7a e estabilidade durante a passagem dos bovinos. A forma do tanque e o perfil estudado permitem um <strong data-start=\"1219\" data-end=\"1271\">ligeiro alargamento da fenda do casco<\/strong>, favorecendo assim a <strong data-start=\"1291\" data-end=\"1331\">plena penetra\u00e7\u00e3o do desinfetante<\/strong> em todos os pontos do casco. <\/p>\n<p data-start=\"1373\" data-end=\"1664\">As dimens\u00f5es de cada tanque s\u00e3o <strong data-start=\"1406\" data-end=\"1428\">203 x 80 x 18,5 cm<\/strong> com uma capacidade de <strong data-start=\"1449\" data-end=\"1462\">200 litros<\/strong>, e unindo dois tanques obt\u00e9m-se um percurso de <strong data-start=\"1510\" data-end=\"1525\">4 metros<\/strong>, suficiente para garantir que os animais caminhem lentamente, permitindo que o desinfetante atue durante mais tempo e de forma mais eficaz.<\/p>\n<h3 data-start=\"1666\" data-end=\"1701\"><strong data-start=\"1670\" data-end=\"1701\">Caracter\u00edsticas principais:<\/strong><\/h3>\n<ul data-start=\"1702\" data-end=\"2141\">\n<li data-start=\"1702\" data-end=\"1727\">\n<p data-start=\"1704\" data-end=\"1727\">Capacidade: <strong data-start=\"1714\" data-end=\"1727\">200 litros<\/strong><\/p>\n<\/li>\n<li data-start=\"1728\" data-end=\"1764\">\n<p data-start=\"1730\" data-end=\"1764\">Dimens\u00f5es: <strong data-start=\"1742\" data-end=\"1764\">203 x 80 x 18,5 cm<\/strong><\/p>\n<\/li>\n<li data-start=\"1765\" data-end=\"1855\">\n<p data-start=\"1767\" data-end=\"1855\">Fabricado em <strong data-start=\"1781\" data-end=\"1808\">polietileno High Impact<\/strong> ultra resistente \u00e0 abras\u00e3o e a agentes qu\u00edmicos<\/p>\n<\/li>\n<li data-start=\"1856\" data-end=\"1895\">\n<p data-start=\"1858\" data-end=\"1895\"><strong data-start=\"1858\" data-end=\"1876\">Escala graduada<\/strong> moldada na borda<\/p>\n<\/li>\n<li data-start=\"1896\" data-end=\"1941\">\n<p data-start=\"1898\" data-end=\"1941\"><strong data-start=\"1898\" data-end=\"1918\">Tamp\u00e3o de drenagem<\/strong> para esvaziamento r\u00e1pido<\/p>\n<\/li>\n<li data-start=\"1942\" data-end=\"1996\">\n<p data-start=\"1944\" data-end=\"1996\"><strong data-start=\"1944\" data-end=\"1970\">Superf\u00edcie antiderrapante<\/strong> para seguran\u00e7a e estabilidade<\/p>\n<\/li>\n<li data-start=\"1997\" data-end=\"2065\">\n<p data-start=\"1999\" data-end=\"2065\"><strong data-start=\"1999\" data-end=\"2022\">Pontos de ancoragem<\/strong> preparados para a liga\u00e7\u00e3o entre tanques<\/p>\n<\/li>\n<li data-start=\"2066\" data-end=\"2141\">\n<p data-start=\"2068\" data-end=\"2141\">Compat\u00edvel com todos os tipos de <strong data-start=\"2100\" data-end=\"2141\">detergentes e desinfetantes veterin\u00e1rios<\/strong><\/p>\n<\/li>\n<\/ul>\n<p data-start=\"2143\" data-end=\"2351\">Este <strong data-start=\"2150\" data-end=\"2205\">recipiente para lavagem dos cascos das vacas<\/strong> \u00e9 ideal para criadores e explora\u00e7\u00f5es agr\u00edcolas que desejam garantir o <strong data-start=\"2274\" data-end=\"2324\">bem-estar e a preven\u00e7\u00e3o de infe\u00e7\u00f5es podais<\/strong> de forma simples e segura.<\/p>\n<p>Adquira-o na nossa  <a href=\"https:\/\/fda-shop.it\/shop\/articoli-per-allevamento\/attrezzatura-di-stalla\/vasca-pediluvio-lavaggio-zoccolo-e-unghioni\" target=\"_blank\" rel=\"noopener\">loja online<\/a><\/p>\n<p>&nbsp;<\/p>\n","protected":false},"excerpt":{"rendered":"<p>Pedil\u00favio para bovinos de 200 litros, ideal para o tratamento e desinfe\u00e7\u00e3o dos cascos. Fundo antiderrapante, conect\u00e1vel, resistente a produtos qu\u00edmicos. <\/p>\n","protected":false},"featured_media":414,"comment_status":"open","ping_status":"closed","template":"","meta":{"_et_pb_use_builder":"","_et_pb_old_content":"","_et_gb_content_width":""},"product_brand":[],"product_cat":[701,383,700],"product_tag":[915],"class_list":{"0":"post-3791","1":"product","2":"type-product","3":"status-publish","4":"has-post-thumbnail","6":"product_cat-bem-estar-animal","7":"product_cat-bovinos","8":"product_cat-limpeza-de-cascos-e-tapetes-antiderrapantes-para-vacas","9":"product_tag-fa-cp","11":"first","12":"instock","13":"shipping-taxable","14":"product-type-simple"},"yoast_head":"<!-- This site is optimized with the Yoast SEO Premium plugin v27.5 (Yoast SEO v27.6) - https:\/\/yoast.com\/product\/yoast-seo-premium-wordpress\/ -->\n<title>PEDIL\u00daVIO PARA BOVINOS TRATAMENTO DOS CASCOS - FDA srl<\/title>\n<meta name=\"description\" content=\"Pedil\u00favio para bovinos de 200 litros, ideal para o tratamento e desinfe\u00e7\u00e3o dos cascos. Fundo antiderrapante, conect\u00e1vel, resistente a produtos qu\u00edmicos.\" \/>\n<meta name=\"robots\" content=\"index, follow, max-snippet:-1, max-image-preview:large, max-video-preview:-1\" \/>\n<link rel=\"canonical\" href=\"https:\/\/fdasrl.it\/pt-pt\/prodotto\/pediluvio-para-bovinos-tratamento-dos-cascos\/\" \/>\n<meta property=\"og:locale\" content=\"pt_PT\" \/>\n<meta property=\"og:type\" content=\"article\" \/>\n<meta property=\"og:title\" content=\"PEDIL\u00daVIO PARA BOVINOS TRATAMENTO DOS CASCOS\" \/>\n<meta property=\"og:description\" content=\"Pedil\u00favio para bovinos de 200 litros, ideal para o tratamento e desinfe\u00e7\u00e3o dos cascos. Fundo antiderrapante, conect\u00e1vel, resistente a produtos qu\u00edmicos.\" \/>\n<meta property=\"og:url\" content=\"https:\/\/fdasrl.it\/pt-pt\/prodotto\/pediluvio-para-bovinos-tratamento-dos-cascos\/\" \/>\n<meta property=\"og:site_name\" content=\"FDA srl\" \/>\n<meta property=\"article:publisher\" content=\"https:\/\/www.facebook.com\/share\/1MWhFWg1Tp\/?mibextid=LQQJ4d\" \/>\n<meta property=\"og:image\" content=\"https:\/\/fdasrl.it\/wp-content\/uploads\/2025\/01\/FA-CP_1.jpg\" \/>\n\t<meta property=\"og:image:width\" content=\"480\" \/>\n\t<meta property=\"og:image:height\" content=\"480\" \/>\n\t<meta property=\"og:image:type\" content=\"image\/jpeg\" \/>\n<meta name=\"twitter:card\" content=\"summary_large_image\" \/>\n<meta name=\"twitter:label1\" content=\"pre\u00e7o\" \/>\n\t<meta name=\"twitter:data1\" content=\"\" \/>\n\t<meta name=\"twitter:label2\" content=\"Disponibilidade\" \/>\n\t<meta name=\"twitter:data2\" content=\"Em stock\" \/>\n<meta property=\"product:price:currency\" content=\"EUR\" \/>\n<meta property=\"og:availability\" content=\"instock\" \/>\n<meta property=\"product:availability\" content=\"instock\" \/>\n<meta property=\"product:retailer_item_id\" content=\"FA-CP\" \/>\n<meta property=\"product:condition\" content=\"new\" \/>\n<!-- \/ Yoast SEO Premium plugin. -->","yoast_head_json":{"title":"PEDIL\u00daVIO PARA BOVINOS TRATAMENTO DOS CASCOS - FDA srl","description":"Pedil\u00favio para bovinos de 200 litros, ideal para o tratamento e desinfe\u00e7\u00e3o dos cascos. Fundo antiderrapante, conect\u00e1vel, resistente a produtos qu\u00edmicos.","robots":{"index":"index","follow":"follow","max-snippet":"max-snippet:-1","max-image-preview":"max-image-preview:large","max-video-preview":"max-video-preview:-1"},"canonical":"https:\/\/fdasrl.it\/pt-pt\/prodotto\/pediluvio-para-bovinos-tratamento-dos-cascos\/","og_locale":"pt_PT","og_type":"article","og_title":"PEDIL\u00daVIO PARA BOVINOS TRATAMENTO DOS CASCOS","og_description":"Pedil\u00favio para bovinos de 200 litros, ideal para o tratamento e desinfe\u00e7\u00e3o dos cascos. Fundo antiderrapante, conect\u00e1vel, resistente a produtos qu\u00edmicos.","og_url":"https:\/\/fdasrl.it\/pt-pt\/prodotto\/pediluvio-para-bovinos-tratamento-dos-cascos\/","og_site_name":"FDA srl","article_publisher":"https:\/\/www.facebook.com\/share\/1MWhFWg1Tp\/?mibextid=LQQJ4d","og_image":[{"width":480,"height":480,"url":"https:\/\/fdasrl.it\/wp-content\/uploads\/2025\/01\/FA-CP_1.jpg","type":"image\/jpeg"}],"twitter_card":"summary_large_image","twitter_misc":{"pre\u00e7o":"","Disponibilidade":"Em stock"},"schema":{"@context":"https:\/\/schema.org","@graph":[{"@type":"WebPage","@id":"https:\/\/fdasrl.it\/pt-pt\/prodotto\/pediluvio-para-bovinos-tratamento-dos-cascos\/","url":"https:\/\/fdasrl.it\/pt-pt\/prodotto\/pediluvio-para-bovinos-tratamento-dos-cascos\/","name":"PEDIL\u00daVIO PARA BOVINOS TRATAMENTO DOS CASCOS - FDA srl","isPartOf":{"@id":"https:\/\/fdasrl.it\/pt-pt\/#website"},"primaryImageOfPage":{"@id":"https:\/\/fdasrl.it\/pt-pt\/prodotto\/pediluvio-para-bovinos-tratamento-dos-cascos\/#primaryimage"},"image":{"@id":"https:\/\/fdasrl.it\/pt-pt\/prodotto\/pediluvio-para-bovinos-tratamento-dos-cascos\/#primaryimage"},"thumbnailUrl":"https:\/\/fdasrl.it\/wp-content\/uploads\/2025\/01\/FA-CP_1.jpg","datePublished":"2025-01-21T10:45:09+00:00","description":"Pedil\u00favio para bovinos de 200 litros, ideal para o tratamento e desinfe\u00e7\u00e3o dos cascos. Fundo antiderrapante, conect\u00e1vel, resistente a produtos qu\u00edmicos.","breadcrumb":{"@id":"https:\/\/fdasrl.it\/pt-pt\/prodotto\/pediluvio-para-bovinos-tratamento-dos-cascos\/#breadcrumb"},"inLanguage":"pt-PT","potentialAction":[{"@type":"ReadAction","target":["https:\/\/fdasrl.it\/pt-pt\/prodotto\/pediluvio-para-bovinos-tratamento-dos-cascos\/"]}]},{"@type":"ImageObject","inLanguage":"pt-PT","@id":"https:\/\/fdasrl.it\/pt-pt\/prodotto\/pediluvio-para-bovinos-tratamento-dos-cascos\/#primaryimage","url":"https:\/\/fdasrl.it\/wp-content\/uploads\/2025\/01\/FA-CP_1.jpg","contentUrl":"https:\/\/fdasrl.it\/wp-content\/uploads\/2025\/01\/FA-CP_1.jpg","width":480,"height":480,"caption":"pediluvio-para-bovinos-tratamento-dos-cascos-fa-cp"},{"@type":"BreadcrumbList","@id":"https:\/\/fdasrl.it\/pt-pt\/prodotto\/pediluvio-para-bovinos-tratamento-dos-cascos\/#breadcrumb","itemListElement":[{"@type":"ListItem","position":1,"name":"Home","item":"https:\/\/fdasrl.it\/pt-pt\/inicio\/"},{"@type":"ListItem","position":2,"name":"Loja","item":"https:\/\/fdasrl.it\/pt-pt\/loja\/"},{"@type":"ListItem","position":3,"name":"PEDIL\u00daVIO PARA BOVINOS TRATAMENTO DOS CASCOS"}]},{"@type":"WebSite","@id":"https:\/\/fdasrl.it\/pt-pt\/#website","url":"https:\/\/fdasrl.it\/pt-pt\/","name":"FDA srl","description":"Equipment for animal husbandry","publisher":{"@id":"https:\/\/fdasrl.it\/pt-pt\/#organization"},"potentialAction":[{"@type":"SearchAction","target":{"@type":"EntryPoint","urlTemplate":"https:\/\/fdasrl.it\/pt-pt\/?s={search_term_string}"},"query-input":{"@type":"PropertyValueSpecification","valueRequired":true,"valueName":"search_term_string"}}],"inLanguage":"pt-PT"},{"@type":"Organization","@id":"https:\/\/fdasrl.it\/pt-pt\/#organization","name":"FDA srl","url":"https:\/\/fdasrl.it\/pt-pt\/","logo":{"@type":"ImageObject","inLanguage":"pt-PT","@id":"https:\/\/fdasrl.it\/pt-pt\/#\/schema\/logo\/image\/","url":"https:\/\/fdasrl.it\/wp-content\/uploads\/2024\/12\/Logo-FDA.png","contentUrl":"https:\/\/fdasrl.it\/wp-content\/uploads\/2024\/12\/Logo-FDA.png","width":316,"height":119,"caption":"FDA srl"},"image":{"@id":"https:\/\/fdasrl.it\/pt-pt\/#\/schema\/logo\/image\/"},"sameAs":["https:\/\/www.facebook.com\/share\/1MWhFWg1Tp\/?mibextid=LQQJ4d","https:\/\/www.instagram.com\/fda_srl\/profilecard\/?igsh=YW5lbzJ6MWg0d21u","https:\/\/www.youtube.com\/@FDASRL_ANIMALCARE"],"description":"FDA SRL \u2013 Equipment for animal husbandry nasce con l\u2019obiettivo di offrire soluzioni affidabili e innovative per l\u2019allevamento moderno. Con anni di esperienza nel settore zootecnico, progettiamo e realizziamo attrezzature destinate al benessere animale e alla gestione efficiente delle stalle: vasche, abbeveratoi, mangiatoie e sistemi di riscaldamento pensati per durare nel tempo e semplificare il lavoro quotidiano degli allevatori. Dalla progettazione alla produzione, ogni nostro prodotto \u00e8 studiato nei minimi dettagli, testato con cura e costruito per rispondere alle esigenze reali del settore. La nostra forza \u00e8 unire artigianalit\u00e0, tecnologia e competenza tecnica per trasformare ogni progetto in una soluzione concreta e funzionale. Oggi FDA SRL \u00e8 un punto di riferimento per privati e rivenditori che cercano qualit\u00e0, affidabilit\u00e0 e innovazione nelle attrezzature per l\u2019allevamento.","email":"info@fdasrl.it","telephone":"+390522826820","legalName":"F.D.A. SRL","foundingDate":"2024-10-13","vatID":"03075840359","taxID":"03075840359","numberOfEmployees":{"@type":"QuantitativeValue","minValue":"1","maxValue":"10"}}]},"product_price_currency":"EUR","og_availability":"instock","product_availability":"instock","product_retailer_item_id":"FA-CP","product_condition":"new"},"_links":{"self":[{"href":"https:\/\/fdasrl.it\/pt-pt\/wp-json\/wp\/v2\/product\/3791","targetHints":{"allow":["GET"]}}],"collection":[{"href":"https:\/\/fdasrl.it\/pt-pt\/wp-json\/wp\/v2\/product"}],"about":[{"href":"https:\/\/fdasrl.it\/pt-pt\/wp-json\/wp\/v2\/types\/product"}],"replies":[{"embeddable":true,"href":"https:\/\/fdasrl.it\/pt-pt\/wp-json\/wp\/v2\/comments?post=3791"}],"wp:featuredmedia":[{"embeddable":true,"href":"https:\/\/fdasrl.it\/pt-pt\/wp-json\/wp\/v2\/media\/414"}],"wp:attachment":[{"href":"https:\/\/fdasrl.it\/pt-pt\/wp-json\/wp\/v2\/media?parent=3791"}],"wp:term":[{"taxonomy":"product_brand","embeddable":true,"href":"https:\/\/fdasrl.it\/pt-pt\/wp-json\/wp\/v2\/product_brand?post=3791"},{"taxonomy":"product_cat","embeddable":true,"href":"https:\/\/fdasrl.it\/pt-pt\/wp-json\/wp\/v2\/product_cat?post=3791"},{"taxonomy":"product_tag","embeddable":true,"href":"https:\/\/fdasrl.it\/pt-pt\/wp-json\/wp\/v2\/product_tag?post=3791"}],"curies":[{"name":"wp","href":"https:\/\/api.w.org\/{rel}","templated":true}]}}