{"id":3823,"date":"2025-01-21T10:56:42","date_gmt":"2025-01-21T09:56:42","guid":{"rendered":"https:\/\/fdasrl.it\/prodotto\/bebedouro-inclinado-de-tanque-em-aco-inox-fa-v5\/"},"modified":"2025-01-21T10:56:42","modified_gmt":"2025-01-21T09:56:42","slug":"bebedouro-inclinado-de-tanque-em-aco-inox-fa-v5","status":"publish","type":"product","link":"https:\/\/fdasrl.it\/pt-pt\/prodotto\/bebedouro-inclinado-de-tanque-em-aco-inox-fa-v5\/","title":{"rendered":"BEBEDOURO INCLINADO DE TANQUE EM A\u00c7O INOX FA-V5"},"content":{"rendered":"<h3 data-start=\"119\" data-end=\"189\">Bebedouro autom\u00e1tico de n\u00edvel constante modelo inclinado FA-V5<\/h3>\n<p data-start=\"191\" data-end=\"400\">O bebedouro autom\u00e1tico <strong data-start=\"217\" data-end=\"226\">FA-V5<\/strong>, ideal para <strong data-start=\"239\" data-end=\"259\">bovinos e cavalos<\/strong>, \u00e9 fabricado inteiramente em <strong data-start=\"289\" data-end=\"314\">a\u00e7o inox AISI 304<\/strong> com espessura <strong data-start=\"328\" data-end=\"340\">15\/10 mm<\/strong>, garantia de robustez, higiene e longa dura\u00e7\u00e3o.<\/p>\n<p data-start=\"402\" data-end=\"637\">O <strong data-start=\"405\" data-end=\"424\">tanque inclinado<\/strong> assegura um <strong data-start=\"437\" data-end=\"464\">fluxo cont\u00ednuo de \u00e1gua<\/strong>, enquanto os <strong data-start=\"475\" data-end=\"507\">bordos arredondados anticorte<\/strong> garantem a m\u00e1xima seguran\u00e7a para os animais. A <strong data-start=\"562\" data-end=\"582\">fixa\u00e7\u00e3o \u00e0 parede<\/strong> \u00e9 simples e r\u00e1pida gra\u00e7as \u00e0s <strong data-start=\"615\" data-end=\"636\">placas integradas<\/strong>. <\/p>\n<p data-start=\"639\" data-end=\"674\">\u2705 <strong data-start=\"641\" data-end=\"672\">Caracter\u00edsticas principais:<\/strong><\/p>\n<ul data-start=\"675\" data-end=\"1084\">\n<li data-start=\"675\" data-end=\"722\">\n<p data-start=\"677\" data-end=\"722\">Alojamento central para <strong data-start=\"704\" data-end=\"720\">flutuador<\/strong><\/p>\n<\/li>\n<li data-start=\"723\" data-end=\"755\">\n<p data-start=\"725\" data-end=\"755\"><strong data-start=\"725\" data-end=\"744\">Capacidade do tanque:<\/strong> 80 litros<\/p>\n<\/li>\n<li data-start=\"756\" data-end=\"795\">\n<p data-start=\"758\" data-end=\"795\"><strong data-start=\"758\" data-end=\"785\">Entrada de \u00e1gua de duas vias<\/strong> de 3\/4&#8243;<\/p>\n<\/li>\n<li data-start=\"796\" data-end=\"893\">\n<p data-start=\"798\" data-end=\"893\"><strong data-start=\"798\" data-end=\"822\">Press\u00e3o de reten\u00e7\u00e3o:<\/strong> at\u00e9 10 bar com dois flutuadores inclu\u00eddos para um enchimento r\u00e1pido<\/p>\n<\/li>\n<li data-start=\"894\" data-end=\"938\">\n<p data-start=\"896\" data-end=\"938\"><strong data-start=\"896\" data-end=\"907\">Descarga<\/strong> de 2&#8243; para uma f\u00e1cil limpeza<\/p>\n<\/li>\n<li data-start=\"939\" data-end=\"981\">\n<p data-start=\"941\" data-end=\"981\"><strong data-start=\"941\" data-end=\"956\">Dimens\u00f5es:<\/strong> C 100 \u00d7 P 40 \u00d7 A 60 cm<\/p>\n<\/li>\n<li data-start=\"982\" data-end=\"1048\">\n<p data-start=\"984\" data-end=\"1048\">Possibilidade de <strong data-start=\"999\" data-end=\"1021\">fixa\u00e7\u00e3o \u00e0 parede<\/strong> atrav\u00e9s de buchas \u00d8 12 mm<\/p>\n<\/li>\n<li data-start=\"1049\" data-end=\"1084\">\n<p data-start=\"1051\" data-end=\"1084\"><strong data-start=\"1051\" data-end=\"1075\">Dimens\u00e3o posterior:<\/strong> 120 cm<\/p>\n<\/li>\n<li data-start=\"1049\" data-end=\"1084\">Equipado com v\u00e1lvula de flutuador 3\/4&#8243;<\/li>\n<\/ul>\n<p data-start=\"1086\" data-end=\"1218\">Produto <strong data-start=\"1095\" data-end=\"1117\">100% Made in Italy<\/strong>, concebido para resistir \u00e0s condi\u00e7\u00f5es mais exigentes e garantir efici\u00eancia e durabilidade.<\/p>\n<p data-start=\"1220\" data-end=\"1272\">\ud83d\udc49 Solicite pre\u00e7o para revenda: <a href=\"mailto:info@fdasrl.it\">CLIQUE AQUI<\/a><\/p>\n<p>\ud83d\udc49 Adquira-o na nossa  <a href=\"https:\/\/fda-shop.it\/shop\/articoli-per-allevamento\/abbeveratoi\/abbeveratoio-vasca-automatico-bovini\" target=\"_blank\" rel=\"noopener\">loja online<\/a><\/p>\n","protected":false},"excerpt":{"rendered":"<p>Bebedouro autom\u00e1tico de n\u00edvel constante em <strong data-start=\"142\" data-end=\"180\">a\u00e7o inox AISI 304 esp. 15\/10 mm<\/strong>, ideal para <strong data-start=\"193\" data-end=\"213\">bovinos e cavalos<\/strong>. Equipado com <strong data-start=\"225\" data-end=\"254\">v\u00e1lvula de flutuador 3\/4&#8243;<\/strong>, tanque inclinado de <strong data-start=\"275\" data-end=\"287\">80 litros<\/strong>, descarga de 2&#8243; e fixa\u00e7\u00e3o \u00e0 parede. <strong data-start=\"325\" data-end=\"342\">Made in Italy<\/strong>, resistente e seguro. <\/p>\n","protected":false},"featured_media":660,"comment_status":"open","ping_status":"closed","template":"","meta":{"_et_pb_use_builder":"","_et_pb_old_content":"","_et_gb_content_width":""},"product_brand":[],"product_cat":[502,554,383,609,503],"product_tag":[922],"class_list":{"0":"post-3823","1":"product","2":"type-product","3":"status-publish","4":"has-post-thumbnail","6":"product_cat-bebedouros","7":"product_cat-bebedouros-2","8":"product_cat-bovinos","9":"product_cat-cavalos","10":"product_cat-tanques-inox-para-estabulos","11":"product_tag-fa-v5","13":"first","14":"instock","15":"shipping-taxable","16":"product-type-simple"},"yoast_head":"<!-- This site is optimized with the Yoast SEO Premium plugin v27.5 (Yoast SEO v27.5) - https:\/\/yoast.com\/product\/yoast-seo-premium-wordpress\/ -->\n<title>Bebedouro autom\u00e1tico modelo inclinado FA-V5 para Explora\u00e7\u00f5es - FDA srl<\/title>\n<meta name=\"description\" content=\"Descubra o bebedouro autom\u00e1tico modelo inclinado FA-V5, perfeito para bovinos e cavalos! Robusto e f\u00e1cil de instalar, garante seguran\u00e7a \ud83d\udca7\" \/>\n<meta name=\"robots\" content=\"index, follow, max-snippet:-1, max-image-preview:large, max-video-preview:-1\" \/>\n<link rel=\"canonical\" href=\"https:\/\/fdasrl.it\/pt-pt\/prodotto\/bebedouro-inclinado-de-tanque-em-aco-inox-fa-v5\/\" \/>\n<meta property=\"og:locale\" content=\"pt_PT\" \/>\n<meta property=\"og:type\" content=\"article\" \/>\n<meta property=\"og:title\" content=\"BEBEDOURO INCLINADO DE TANQUE EM A\u00c7O INOX FA-V5\" \/>\n<meta property=\"og:description\" content=\"Descubra o bebedouro autom\u00e1tico modelo inclinado FA-V5, perfeito para bovinos e cavalos! Robusto e f\u00e1cil de instalar, garante seguran\u00e7a \ud83d\udca7\" \/>\n<meta property=\"og:url\" content=\"https:\/\/fdasrl.it\/pt-pt\/prodotto\/bebedouro-inclinado-de-tanque-em-aco-inox-fa-v5\/\" \/>\n<meta property=\"og:site_name\" content=\"FDA srl\" \/>\n<meta property=\"article:publisher\" content=\"https:\/\/www.facebook.com\/share\/1MWhFWg1Tp\/?mibextid=LQQJ4d\" \/>\n<meta property=\"og:image\" content=\"https:\/\/fdasrl.it\/wp-content\/uploads\/2025\/01\/Abbeveratoio-inclinato-inox-vasca-cavalli-mucche-favs5.jpeg\" \/>\n\t<meta property=\"og:image:width\" content=\"1000\" \/>\n\t<meta property=\"og:image:height\" content=\"571\" \/>\n\t<meta property=\"og:image:type\" content=\"image\/jpeg\" \/>\n<meta name=\"twitter:card\" content=\"summary_large_image\" \/>\n<meta name=\"twitter:label1\" content=\"pre\u00e7o\" \/>\n\t<meta name=\"twitter:data1\" content=\"\" \/>\n\t<meta name=\"twitter:label2\" content=\"Disponibilidade\" \/>\n\t<meta name=\"twitter:data2\" content=\"Em stock\" \/>\n<meta property=\"product:price:currency\" content=\"EUR\" \/>\n<meta property=\"og:availability\" content=\"instock\" \/>\n<meta property=\"product:availability\" content=\"instock\" \/>\n<meta property=\"product:retailer_item_id\" content=\"FA-V5\" \/>\n<meta property=\"product:condition\" content=\"new\" \/>\n<!-- \/ Yoast SEO Premium plugin. -->","yoast_head_json":{"title":"Bebedouro autom\u00e1tico modelo inclinado FA-V5 para Explora\u00e7\u00f5es - FDA srl","description":"Descubra o bebedouro autom\u00e1tico modelo inclinado FA-V5, perfeito para bovinos e cavalos! Robusto e f\u00e1cil de instalar, garante seguran\u00e7a \ud83d\udca7","robots":{"index":"index","follow":"follow","max-snippet":"max-snippet:-1","max-image-preview":"max-image-preview:large","max-video-preview":"max-video-preview:-1"},"canonical":"https:\/\/fdasrl.it\/pt-pt\/prodotto\/bebedouro-inclinado-de-tanque-em-aco-inox-fa-v5\/","og_locale":"pt_PT","og_type":"article","og_title":"BEBEDOURO INCLINADO DE TANQUE EM A\u00c7O INOX FA-V5","og_description":"Descubra o bebedouro autom\u00e1tico modelo inclinado FA-V5, perfeito para bovinos e cavalos! Robusto e f\u00e1cil de instalar, garante seguran\u00e7a \ud83d\udca7","og_url":"https:\/\/fdasrl.it\/pt-pt\/prodotto\/bebedouro-inclinado-de-tanque-em-aco-inox-fa-v5\/","og_site_name":"FDA srl","article_publisher":"https:\/\/www.facebook.com\/share\/1MWhFWg1Tp\/?mibextid=LQQJ4d","og_image":[{"width":1000,"height":571,"url":"https:\/\/fdasrl.it\/wp-content\/uploads\/2025\/01\/Abbeveratoio-inclinato-inox-vasca-cavalli-mucche-favs5.jpeg","type":"image\/jpeg"}],"twitter_card":"summary_large_image","twitter_misc":{"pre\u00e7o":"","Disponibilidade":"Em stock"},"schema":{"@context":"https:\/\/schema.org","@graph":[{"@type":"WebPage","@id":"https:\/\/fdasrl.it\/pt-pt\/prodotto\/bebedouro-inclinado-de-tanque-em-aco-inox-fa-v5\/","url":"https:\/\/fdasrl.it\/pt-pt\/prodotto\/bebedouro-inclinado-de-tanque-em-aco-inox-fa-v5\/","name":"Bebedouro autom\u00e1tico modelo inclinado FA-V5 para Explora\u00e7\u00f5es - FDA srl","isPartOf":{"@id":"https:\/\/fdasrl.it\/pt-pt\/#website"},"primaryImageOfPage":{"@id":"https:\/\/fdasrl.it\/pt-pt\/prodotto\/bebedouro-inclinado-de-tanque-em-aco-inox-fa-v5\/#primaryimage"},"image":{"@id":"https:\/\/fdasrl.it\/pt-pt\/prodotto\/bebedouro-inclinado-de-tanque-em-aco-inox-fa-v5\/#primaryimage"},"thumbnailUrl":"https:\/\/fdasrl.it\/wp-content\/uploads\/2025\/01\/Abbeveratoio-inclinato-inox-vasca-cavalli-mucche-favs5.jpeg","datePublished":"2025-01-21T09:56:42+00:00","description":"Descubra o bebedouro autom\u00e1tico modelo inclinado FA-V5, perfeito para bovinos e cavalos! Robusto e f\u00e1cil de instalar, garante seguran\u00e7a \ud83d\udca7","breadcrumb":{"@id":"https:\/\/fdasrl.it\/pt-pt\/prodotto\/bebedouro-inclinado-de-tanque-em-aco-inox-fa-v5\/#breadcrumb"},"inLanguage":"pt-PT","potentialAction":[{"@type":"ReadAction","target":["https:\/\/fdasrl.it\/pt-pt\/prodotto\/bebedouro-inclinado-de-tanque-em-aco-inox-fa-v5\/"]}]},{"@type":"ImageObject","inLanguage":"pt-PT","@id":"https:\/\/fdasrl.it\/pt-pt\/prodotto\/bebedouro-inclinado-de-tanque-em-aco-inox-fa-v5\/#primaryimage","url":"https:\/\/fdasrl.it\/wp-content\/uploads\/2025\/01\/Abbeveratoio-inclinato-inox-vasca-cavalli-mucche-favs5.jpeg","contentUrl":"https:\/\/fdasrl.it\/wp-content\/uploads\/2025\/01\/Abbeveratoio-inclinato-inox-vasca-cavalli-mucche-favs5.jpeg","width":1000,"height":571,"caption":"Bebedouro-inclinado-inox-tanque-cavalos-vacas-favs5"},{"@type":"BreadcrumbList","@id":"https:\/\/fdasrl.it\/pt-pt\/prodotto\/bebedouro-inclinado-de-tanque-em-aco-inox-fa-v5\/#breadcrumb","itemListElement":[{"@type":"ListItem","position":1,"name":"Home","item":"https:\/\/fdasrl.it\/pt-pt\/inicio\/"},{"@type":"ListItem","position":2,"name":"Loja","item":"https:\/\/fdasrl.it\/pt-pt\/loja\/"},{"@type":"ListItem","position":3,"name":"BEBEDOURO INCLINADO DE TANQUE EM A\u00c7O INOX FA-V5"}]},{"@type":"WebSite","@id":"https:\/\/fdasrl.it\/pt-pt\/#website","url":"https:\/\/fdasrl.it\/pt-pt\/","name":"FDA srl","description":"Equipment for animal husbandry","publisher":{"@id":"https:\/\/fdasrl.it\/pt-pt\/#organization"},"potentialAction":[{"@type":"SearchAction","target":{"@type":"EntryPoint","urlTemplate":"https:\/\/fdasrl.it\/pt-pt\/?s={search_term_string}"},"query-input":{"@type":"PropertyValueSpecification","valueRequired":true,"valueName":"search_term_string"}}],"inLanguage":"pt-PT"},{"@type":"Organization","@id":"https:\/\/fdasrl.it\/pt-pt\/#organization","name":"FDA srl","url":"https:\/\/fdasrl.it\/pt-pt\/","logo":{"@type":"ImageObject","inLanguage":"pt-PT","@id":"https:\/\/fdasrl.it\/pt-pt\/#\/schema\/logo\/image\/","url":"https:\/\/fdasrl.it\/wp-content\/uploads\/2024\/12\/Logo-FDA.png","contentUrl":"https:\/\/fdasrl.it\/wp-content\/uploads\/2024\/12\/Logo-FDA.png","width":316,"height":119,"caption":"FDA srl"},"image":{"@id":"https:\/\/fdasrl.it\/pt-pt\/#\/schema\/logo\/image\/"},"sameAs":["https:\/\/www.facebook.com\/share\/1MWhFWg1Tp\/?mibextid=LQQJ4d","https:\/\/www.instagram.com\/fda_srl\/profilecard\/?igsh=YW5lbzJ6MWg0d21u","https:\/\/www.youtube.com\/@FDASRL_ANIMALCARE"],"description":"FDA SRL \u2013 Equipment for animal husbandry nasce con l\u2019obiettivo di offrire soluzioni affidabili e innovative per l\u2019allevamento moderno. Con anni di esperienza nel settore zootecnico, progettiamo e realizziamo attrezzature destinate al benessere animale e alla gestione efficiente delle stalle: vasche, abbeveratoi, mangiatoie e sistemi di riscaldamento pensati per durare nel tempo e semplificare il lavoro quotidiano degli allevatori. Dalla progettazione alla produzione, ogni nostro prodotto \u00e8 studiato nei minimi dettagli, testato con cura e costruito per rispondere alle esigenze reali del settore. La nostra forza \u00e8 unire artigianalit\u00e0, tecnologia e competenza tecnica per trasformare ogni progetto in una soluzione concreta e funzionale. Oggi FDA SRL \u00e8 un punto di riferimento per privati e rivenditori che cercano qualit\u00e0, affidabilit\u00e0 e innovazione nelle attrezzature per l\u2019allevamento.","email":"info@fdasrl.it","telephone":"+390522826820","legalName":"F.D.A. SRL","foundingDate":"2024-10-13","vatID":"03075840359","taxID":"03075840359","numberOfEmployees":{"@type":"QuantitativeValue","minValue":"1","maxValue":"10"}}]},"product_price_currency":"EUR","og_availability":"instock","product_availability":"instock","product_retailer_item_id":"FA-V5","product_condition":"new"},"_links":{"self":[{"href":"https:\/\/fdasrl.it\/pt-pt\/wp-json\/wp\/v2\/product\/3823","targetHints":{"allow":["GET"]}}],"collection":[{"href":"https:\/\/fdasrl.it\/pt-pt\/wp-json\/wp\/v2\/product"}],"about":[{"href":"https:\/\/fdasrl.it\/pt-pt\/wp-json\/wp\/v2\/types\/product"}],"replies":[{"embeddable":true,"href":"https:\/\/fdasrl.it\/pt-pt\/wp-json\/wp\/v2\/comments?post=3823"}],"wp:featuredmedia":[{"embeddable":true,"href":"https:\/\/fdasrl.it\/pt-pt\/wp-json\/wp\/v2\/media\/660"}],"wp:attachment":[{"href":"https:\/\/fdasrl.it\/pt-pt\/wp-json\/wp\/v2\/media?parent=3823"}],"wp:term":[{"taxonomy":"product_brand","embeddable":true,"href":"https:\/\/fdasrl.it\/pt-pt\/wp-json\/wp\/v2\/product_brand?post=3823"},{"taxonomy":"product_cat","embeddable":true,"href":"https:\/\/fdasrl.it\/pt-pt\/wp-json\/wp\/v2\/product_cat?post=3823"},{"taxonomy":"product_tag","embeddable":true,"href":"https:\/\/fdasrl.it\/pt-pt\/wp-json\/wp\/v2\/product_tag?post=3823"}],"curies":[{"name":"wp","href":"https:\/\/api.w.org\/{rel}","templated":true}]}}