{"id":3859,"date":"2025-01-21T10:38:03","date_gmt":"2025-01-21T09:38:03","guid":{"rendered":"https:\/\/fdasrl.it\/prodotto\/bomba-de-circulacao-anticongelante\/"},"modified":"2025-01-21T10:38:03","modified_gmt":"2025-01-21T09:38:03","slug":"bomba-de-circulacao-anticongelante","status":"publish","type":"product","link":"https:\/\/fdasrl.it\/pt-pt\/prodotto\/bomba-de-circulacao-anticongelante\/","title":{"rendered":"Bomba de Circula\u00e7\u00e3o Anticongelante"},"content":{"rendered":"<h2 data-start=\"262\" data-end=\"361\">\ud83d\udca7 <strong data-start=\"268\" data-end=\"361\">AquaLine \u2013 Bomba de Circula\u00e7\u00e3o Anticongelante com Aquecimento Integrado para Sistemas de Bebedouros<\/strong><\/h2>\n<p data-start=\"363\" data-end=\"737\"><strong data-start=\"363\" data-end=\"375\">AquaLine<\/strong> \u00e9 a <strong data-start=\"381\" data-end=\"498\">solu\u00e7\u00e3o profissional para a recircula\u00e7\u00e3o e o aquecimento da \u00e1gua nos sistemas de bebedouros para animais<\/strong>, ideal para tubagens em anel at\u00e9 <strong data-start=\"538\" data-end=\"551\">250 metros<\/strong> (com tubo de 3\/4&#8243;). O movimento cont\u00ednuo da \u00e1gua e o aquecimento com resist\u00eancia de guilhotina oferecem uma <strong data-start=\"666\" data-end=\"702\">prote\u00e7\u00e3o segura contra o gelo<\/strong> mesmo nas condi\u00e7\u00f5es mais rigorosas. <\/p>\n<hr data-start=\"865\" data-end=\"868\">\n<h3 data-start=\"870\" data-end=\"905\">\u2699\ufe0f <strong data-start=\"877\" data-end=\"905\">Caracter\u00edsticas t\u00e9cnicas<\/strong><\/h3>\n<ul data-start=\"907\" data-end=\"1502\">\n<li data-start=\"907\" data-end=\"964\">\n<p data-start=\"909\" data-end=\"964\"><strong data-start=\"909\" data-end=\"937\">Funcionamento 4 esta\u00e7\u00f5es<\/strong>: com ou sem aquecimento<\/p>\n<\/li>\n<li data-start=\"965\" data-end=\"1011\">\n<p data-start=\"967\" data-end=\"1011\"><strong data-start=\"967\" data-end=\"1011\">Regula\u00e7\u00e3o autom\u00e1tica da temperatura<\/strong><\/p>\n<\/li>\n<li data-start=\"1012\" data-end=\"1091\">\n<p data-start=\"1014\" data-end=\"1091\"><strong data-start=\"1014\" data-end=\"1042\">Dispositivo de seguran\u00e7a<\/strong> contra o sobreaquecimento com bloqueio autom\u00e1tico<\/p>\n<\/li>\n<li data-start=\"1092\" data-end=\"1141\">\n<p data-start=\"1094\" data-end=\"1141\"><strong data-start=\"1094\" data-end=\"1115\">Indicadores LED separados<\/strong> para bomba e aquecimento<\/p>\n<\/li>\n<li data-start=\"1142\" data-end=\"1175\">\n<p data-start=\"1144\" data-end=\"1175\"><strong data-start=\"1144\" data-end=\"1175\">V\u00e1lvula de purga integrada<\/strong><\/p>\n<\/li>\n<li data-start=\"1176\" data-end=\"1249\">\n<p data-start=\"1178\" data-end=\"1249\"><strong data-start=\"1178\" data-end=\"1202\">Eletr\u00f3nica protegida<\/strong> em caixa isolada em poliamida anticondensa\u00e7\u00e3o<\/p>\n<\/li>\n<li data-start=\"1250\" data-end=\"1314\">\n<p data-start=\"1252\" data-end=\"1314\"><strong data-start=\"1252\" data-end=\"1278\">Instala\u00e7\u00e3o simples<\/strong> na parede (kit de fixa\u00e7\u00e3o inclu\u00eddo)<\/p>\n<\/li>\n<li data-start=\"1315\" data-end=\"1364\">\n<p data-start=\"1317\" data-end=\"1364\"><strong data-start=\"1317\" data-end=\"1336\">Design compacto<\/strong>, ideal para espa\u00e7os reduzidos<\/p>\n<\/li>\n<li data-start=\"1365\" data-end=\"1416\">\n<p data-start=\"1367\" data-end=\"1416\"><strong data-start=\"1367\" data-end=\"1389\">Baixa manuten\u00e7\u00e3o<\/strong>, materiais de alta qualidade<\/p>\n<\/li>\n<li data-start=\"1417\" data-end=\"1443\">\n<p data-start=\"1419\" data-end=\"1443\"><strong data-start=\"1419\" data-end=\"1436\">Alimenta\u00e7\u00e3o<\/strong>: 230 V<\/p>\n<\/li>\n<li data-start=\"1444\" data-end=\"1479\">\n<p data-start=\"1446\" data-end=\"1479\"><strong data-start=\"1446\" data-end=\"1463\">Liga\u00e7\u00e3o de \u00e1gua<\/strong>: 3\/4\u201d por baixo<\/p>\n<\/li>\n<li data-start=\"1480\" data-end=\"1502\">\n<p data-start=\"1482\" data-end=\"1502\"><strong data-start=\"1482\" data-end=\"1494\">Garantia<\/strong>: 2 anos<\/p>\n<\/li>\n<\/ul>\n<hr data-start=\"1959\" data-end=\"1962\">\n<h3 data-start=\"1964\" data-end=\"2031\">\ud83d\udc04 <strong data-start=\"1971\" data-end=\"2031\">Perfeita para sistemas de bebedouros em explora\u00e7\u00f5es de:<\/strong><\/h3>\n<ul data-start=\"2032\" data-end=\"2098\">\n<li data-start=\"2032\" data-end=\"2040\">\n<p data-start=\"2034\" data-end=\"2040\">Bovinos<\/p>\n<\/li>\n<li data-start=\"2041\" data-end=\"2048\">\n<p data-start=\"2043\" data-end=\"2048\">Su\u00ednos<\/p>\n<\/li>\n<li data-start=\"2049\" data-end=\"2058\">\n<p data-start=\"2051\" data-end=\"2058\">Cavalos<\/p>\n<\/li>\n<li data-start=\"2059\" data-end=\"2071\">\n<p data-start=\"2061\" data-end=\"2071\">Ovinos e caprinos<\/p>\n<\/li>\n<li data-start=\"2072\" data-end=\"2098\">\n<p data-start=\"2074\" data-end=\"2098\">Outros animais de produ\u00e7\u00e3o<\/p>\n<\/li>\n<\/ul>\n<p>Adquira na nossa <a href=\"https:\/\/fda-shop.it\/shop\/articoli-per-allevamento\/pompa-di-ricircolo-acqua-antigelo-marca-aqualine\" target=\"_blank\" rel=\"noopener\">loja online<\/a><\/p>\n","protected":false},"excerpt":{"rendered":"<p>Bomba de circula\u00e7\u00e3o com aquecimento integrado para sistemas de bebedouros at\u00e9 250 m. Prote\u00e7\u00e3o anticongelante e instala\u00e7\u00e3o simples. <\/p>\n","protected":false},"featured_media":366,"comment_status":"open","ping_status":"closed","template":"","meta":{"_et_pb_use_builder":"","_et_pb_old_content":"","_et_gb_content_width":""},"product_brand":[],"product_cat":[898,383],"product_tag":[931],"class_list":{"0":"post-3859","1":"product","2":"type-product","3":"status-publish","4":"has-post-thumbnail","6":"product_cat-bebedouros-anticongelantes","7":"product_cat-bovinos","8":"product_tag-neg-fabb0019","10":"first","11":"instock","12":"shipping-taxable","13":"product-type-simple"},"yoast_head":"<!-- This site is optimized with the Yoast SEO Premium plugin v27.5 (Yoast SEO v27.5) - https:\/\/yoast.com\/product\/yoast-seo-premium-wordpress\/ -->\n<title>Bomba de circula\u00e7\u00e3o anticongelante com instala\u00e7\u00e3o simples - FDA srl<\/title>\n<meta name=\"description\" content=\"Descubra a Bomba de circula\u00e7\u00e3o anticongelante AquaLine, ideal para o aquecimento da \u00e1gua nos bebedouros. Encomende hoje a sua solu\u00e7\u00e3o profissional!\" \/>\n<meta name=\"robots\" content=\"index, follow, max-snippet:-1, max-image-preview:large, max-video-preview:-1\" \/>\n<link rel=\"canonical\" href=\"https:\/\/fdasrl.it\/pt-pt\/prodotto\/bomba-de-circulacao-anticongelante\/\" \/>\n<meta property=\"og:locale\" content=\"pt_PT\" \/>\n<meta property=\"og:type\" content=\"article\" \/>\n<meta property=\"og:title\" content=\"Bomba de Circula\u00e7\u00e3o Anticongelante\" \/>\n<meta property=\"og:description\" content=\"Descubra a Bomba de circula\u00e7\u00e3o anticongelante AquaLine, ideal para o aquecimento da \u00e1gua nos bebedouros. Encomende hoje a sua solu\u00e7\u00e3o profissional!\" \/>\n<meta property=\"og:url\" content=\"https:\/\/fdasrl.it\/pt-pt\/prodotto\/bomba-de-circulacao-anticongelante\/\" \/>\n<meta property=\"og:site_name\" content=\"FDA srl\" \/>\n<meta property=\"article:publisher\" content=\"https:\/\/www.facebook.com\/share\/1MWhFWg1Tp\/?mibextid=LQQJ4d\" \/>\n<meta property=\"og:image\" content=\"https:\/\/fdasrl.it\/wp-content\/uploads\/2025\/01\/22331_3.jpg\" \/>\n\t<meta property=\"og:image:width\" content=\"500\" \/>\n\t<meta property=\"og:image:height\" content=\"500\" \/>\n\t<meta property=\"og:image:type\" content=\"image\/jpeg\" \/>\n<meta name=\"twitter:card\" content=\"summary_large_image\" \/>\n<meta name=\"twitter:label1\" content=\"pre\u00e7o\" \/>\n\t<meta name=\"twitter:data1\" content=\"\" \/>\n\t<meta name=\"twitter:label2\" content=\"Disponibilidade\" \/>\n\t<meta name=\"twitter:data2\" content=\"Em stock\" \/>\n<meta property=\"product:price:currency\" content=\"EUR\" \/>\n<meta property=\"og:availability\" content=\"instock\" \/>\n<meta property=\"product:availability\" content=\"instock\" \/>\n<meta property=\"product:retailer_item_id\" content=\"NEG-FABB0019\" \/>\n<meta property=\"product:condition\" content=\"new\" \/>\n<!-- \/ Yoast SEO Premium plugin. -->","yoast_head_json":{"title":"Bomba de circula\u00e7\u00e3o anticongelante com instala\u00e7\u00e3o simples - FDA srl","description":"Descubra a Bomba de circula\u00e7\u00e3o anticongelante AquaLine, ideal para o aquecimento da \u00e1gua nos bebedouros. Encomende hoje a sua solu\u00e7\u00e3o profissional!","robots":{"index":"index","follow":"follow","max-snippet":"max-snippet:-1","max-image-preview":"max-image-preview:large","max-video-preview":"max-video-preview:-1"},"canonical":"https:\/\/fdasrl.it\/pt-pt\/prodotto\/bomba-de-circulacao-anticongelante\/","og_locale":"pt_PT","og_type":"article","og_title":"Bomba de Circula\u00e7\u00e3o Anticongelante","og_description":"Descubra a Bomba de circula\u00e7\u00e3o anticongelante AquaLine, ideal para o aquecimento da \u00e1gua nos bebedouros. Encomende hoje a sua solu\u00e7\u00e3o profissional!","og_url":"https:\/\/fdasrl.it\/pt-pt\/prodotto\/bomba-de-circulacao-anticongelante\/","og_site_name":"FDA srl","article_publisher":"https:\/\/www.facebook.com\/share\/1MWhFWg1Tp\/?mibextid=LQQJ4d","og_image":[{"width":500,"height":500,"url":"https:\/\/fdasrl.it\/wp-content\/uploads\/2025\/01\/22331_3.jpg","type":"image\/jpeg"}],"twitter_card":"summary_large_image","twitter_misc":{"pre\u00e7o":"","Disponibilidade":"Em stock"},"schema":{"@context":"https:\/\/schema.org","@graph":[{"@type":"WebPage","@id":"https:\/\/fdasrl.it\/pt-pt\/prodotto\/bomba-de-circulacao-anticongelante\/","url":"https:\/\/fdasrl.it\/pt-pt\/prodotto\/bomba-de-circulacao-anticongelante\/","name":"Bomba de circula\u00e7\u00e3o anticongelante com instala\u00e7\u00e3o simples - FDA srl","isPartOf":{"@id":"https:\/\/fdasrl.it\/pt-pt\/#website"},"primaryImageOfPage":{"@id":"https:\/\/fdasrl.it\/pt-pt\/prodotto\/bomba-de-circulacao-anticongelante\/#primaryimage"},"image":{"@id":"https:\/\/fdasrl.it\/pt-pt\/prodotto\/bomba-de-circulacao-anticongelante\/#primaryimage"},"thumbnailUrl":"https:\/\/fdasrl.it\/wp-content\/uploads\/2025\/01\/22331_3.jpg","datePublished":"2025-01-21T09:38:03+00:00","description":"Descubra a Bomba de circula\u00e7\u00e3o anticongelante AquaLine, ideal para o aquecimento da \u00e1gua nos bebedouros. Encomende hoje a sua solu\u00e7\u00e3o profissional!","breadcrumb":{"@id":"https:\/\/fdasrl.it\/pt-pt\/prodotto\/bomba-de-circulacao-anticongelante\/#breadcrumb"},"inLanguage":"pt-PT","potentialAction":[{"@type":"ReadAction","target":["https:\/\/fdasrl.it\/pt-pt\/prodotto\/bomba-de-circulacao-anticongelante\/"]}]},{"@type":"ImageObject","inLanguage":"pt-PT","@id":"https:\/\/fdasrl.it\/pt-pt\/prodotto\/bomba-de-circulacao-anticongelante\/#primaryimage","url":"https:\/\/fdasrl.it\/wp-content\/uploads\/2025\/01\/22331_3.jpg","contentUrl":"https:\/\/fdasrl.it\/wp-content\/uploads\/2025\/01\/22331_3.jpg","width":500,"height":500},{"@type":"BreadcrumbList","@id":"https:\/\/fdasrl.it\/pt-pt\/prodotto\/bomba-de-circulacao-anticongelante\/#breadcrumb","itemListElement":[{"@type":"ListItem","position":1,"name":"Home","item":"https:\/\/fdasrl.it\/pt-pt\/inicio\/"},{"@type":"ListItem","position":2,"name":"Loja","item":"https:\/\/fdasrl.it\/pt-pt\/loja\/"},{"@type":"ListItem","position":3,"name":"Bomba de Circula\u00e7\u00e3o Anticongelante"}]},{"@type":"WebSite","@id":"https:\/\/fdasrl.it\/pt-pt\/#website","url":"https:\/\/fdasrl.it\/pt-pt\/","name":"FDA srl","description":"Equipment for animal husbandry","publisher":{"@id":"https:\/\/fdasrl.it\/pt-pt\/#organization"},"potentialAction":[{"@type":"SearchAction","target":{"@type":"EntryPoint","urlTemplate":"https:\/\/fdasrl.it\/pt-pt\/?s={search_term_string}"},"query-input":{"@type":"PropertyValueSpecification","valueRequired":true,"valueName":"search_term_string"}}],"inLanguage":"pt-PT"},{"@type":"Organization","@id":"https:\/\/fdasrl.it\/pt-pt\/#organization","name":"FDA srl","url":"https:\/\/fdasrl.it\/pt-pt\/","logo":{"@type":"ImageObject","inLanguage":"pt-PT","@id":"https:\/\/fdasrl.it\/pt-pt\/#\/schema\/logo\/image\/","url":"https:\/\/fdasrl.it\/wp-content\/uploads\/2024\/12\/Logo-FDA.png","contentUrl":"https:\/\/fdasrl.it\/wp-content\/uploads\/2024\/12\/Logo-FDA.png","width":316,"height":119,"caption":"FDA srl"},"image":{"@id":"https:\/\/fdasrl.it\/pt-pt\/#\/schema\/logo\/image\/"},"sameAs":["https:\/\/www.facebook.com\/share\/1MWhFWg1Tp\/?mibextid=LQQJ4d","https:\/\/www.instagram.com\/fda_srl\/profilecard\/?igsh=YW5lbzJ6MWg0d21u","https:\/\/www.youtube.com\/@FDASRL_ANIMALCARE"],"description":"FDA SRL \u2013 Equipment for animal husbandry nasce con l\u2019obiettivo di offrire soluzioni affidabili e innovative per l\u2019allevamento moderno. Con anni di esperienza nel settore zootecnico, progettiamo e realizziamo attrezzature destinate al benessere animale e alla gestione efficiente delle stalle: vasche, abbeveratoi, mangiatoie e sistemi di riscaldamento pensati per durare nel tempo e semplificare il lavoro quotidiano degli allevatori. Dalla progettazione alla produzione, ogni nostro prodotto \u00e8 studiato nei minimi dettagli, testato con cura e costruito per rispondere alle esigenze reali del settore. La nostra forza \u00e8 unire artigianalit\u00e0, tecnologia e competenza tecnica per trasformare ogni progetto in una soluzione concreta e funzionale. Oggi FDA SRL \u00e8 un punto di riferimento per privati e rivenditori che cercano qualit\u00e0, affidabilit\u00e0 e innovazione nelle attrezzature per l\u2019allevamento.","email":"info@fdasrl.it","telephone":"+390522826820","legalName":"F.D.A. SRL","foundingDate":"2024-10-13","vatID":"03075840359","taxID":"03075840359","numberOfEmployees":{"@type":"QuantitativeValue","minValue":"1","maxValue":"10"}}]},"product_price_currency":"EUR","og_availability":"instock","product_availability":"instock","product_retailer_item_id":"NEG-FABB0019","product_condition":"new"},"_links":{"self":[{"href":"https:\/\/fdasrl.it\/pt-pt\/wp-json\/wp\/v2\/product\/3859","targetHints":{"allow":["GET"]}}],"collection":[{"href":"https:\/\/fdasrl.it\/pt-pt\/wp-json\/wp\/v2\/product"}],"about":[{"href":"https:\/\/fdasrl.it\/pt-pt\/wp-json\/wp\/v2\/types\/product"}],"replies":[{"embeddable":true,"href":"https:\/\/fdasrl.it\/pt-pt\/wp-json\/wp\/v2\/comments?post=3859"}],"wp:featuredmedia":[{"embeddable":true,"href":"https:\/\/fdasrl.it\/pt-pt\/wp-json\/wp\/v2\/media\/366"}],"wp:attachment":[{"href":"https:\/\/fdasrl.it\/pt-pt\/wp-json\/wp\/v2\/media?parent=3859"}],"wp:term":[{"taxonomy":"product_brand","embeddable":true,"href":"https:\/\/fdasrl.it\/pt-pt\/wp-json\/wp\/v2\/product_brand?post=3859"},{"taxonomy":"product_cat","embeddable":true,"href":"https:\/\/fdasrl.it\/pt-pt\/wp-json\/wp\/v2\/product_cat?post=3859"},{"taxonomy":"product_tag","embeddable":true,"href":"https:\/\/fdasrl.it\/pt-pt\/wp-json\/wp\/v2\/product_tag?post=3859"}],"curies":[{"name":"wp","href":"https:\/\/api.w.org\/{rel}","templated":true}]}}