{"id":3976,"date":"2025-01-21T10:09:47","date_gmt":"2025-01-21T09:09:47","guid":{"rendered":"https:\/\/fdasrl.it\/prodotto\/bebedouro-em-aco-inox-fa-kb-com-suporte-em-ferro-fundido\/"},"modified":"2025-01-21T10:09:47","modified_gmt":"2025-01-21T09:09:47","slug":"bebedouro-em-aco-inox-fa-kb-com-suporte-em-ferro-fundido","status":"publish","type":"product","link":"https:\/\/fdasrl.it\/pt-pt\/prodotto\/bebedouro-em-aco-inox-fa-kb-com-suporte-em-ferro-fundido\/","title":{"rendered":"Bebedouro em a\u00e7o inox FA-KB com suporte em ferro fundido"},"content":{"rendered":"<h2 data-start=\"242\" data-end=\"331\">\ud83d\udca7 <strong data-start=\"248\" data-end=\"331\">Bebedouro em A\u00e7o Inox FA-KB com Suporte em Ferro Fundido e V\u00e1lvula de Alto Fluxo<\/strong><\/h2>\n<p data-start=\"333\" data-end=\"669\">O <strong data-start=\"335\" data-end=\"357\">bebedouro FA-KB<\/strong> \u00e9 uma solu\u00e7\u00e3o robusta e higi\u00e9nica para o abeberamento de <strong data-start=\"415\" data-end=\"456\">bovinos e equinos em estabulagem fixa<\/strong>. Equipado com <strong data-start=\"468\" data-end=\"512\">cuba em a\u00e7o inox de 12\/10 de espessura<\/strong>, garante a m\u00e1xima resist\u00eancia, higiene e durabilidade. A <strong data-start=\"578\" data-end=\"617\">v\u00e1lvula em lat\u00e3o de alto fluxo<\/strong> assegura um fornecimento de \u00e1gua abundante e r\u00e1pido.  <\/p>\n<hr data-start=\"671\" data-end=\"674\">\n<h3 data-start=\"676\" data-end=\"711\">\u2699\ufe0f <strong data-start=\"683\" data-end=\"711\">Caracter\u00edsticas t\u00e9cnicas<\/strong><\/h3>\n<ul data-start=\"713\" data-end=\"1307\">\n<li data-start=\"713\" data-end=\"735\">\n<p data-start=\"715\" data-end=\"735\"><strong data-start=\"715\" data-end=\"726\">Modelo<\/strong>: FA-KB<\/p>\n<\/li>\n<li data-start=\"736\" data-end=\"787\">\n<p data-start=\"738\" data-end=\"787\"><strong data-start=\"738\" data-end=\"761\">Material da cuba<\/strong>: A\u00e7o inox esp. 12\/10<\/p>\n<\/li>\n<li data-start=\"788\" data-end=\"834\">\n<p data-start=\"790\" data-end=\"834\"><strong data-start=\"790\" data-end=\"802\">Suporte<\/strong>: Suporte de fixa\u00e7\u00e3o em ferro fundido<\/p>\n<\/li>\n<li data-start=\"835\" data-end=\"876\">\n<p data-start=\"837\" data-end=\"876\"><strong data-start=\"837\" data-end=\"848\">V\u00e1lvula<\/strong>: Em lat\u00e3o de alto fluxo<\/p>\n<\/li>\n<li data-start=\"877\" data-end=\"942\">\n<p data-start=\"879\" data-end=\"942\"><strong data-start=\"879\" data-end=\"896\">Caudal de \u00e1gua<\/strong>: de 5 a 21 L\/min (m\u00e1x. 20 L\/min recomendados)<\/p>\n<\/li>\n<li data-start=\"943\" data-end=\"987\">\n<p data-start=\"945\" data-end=\"987\"><strong data-start=\"945\" data-end=\"971\">Press\u00e3o de servi\u00e7o<\/strong>: de 0 a 5 atm<\/p>\n<\/li>\n<li data-start=\"988\" data-end=\"1015\">\n<p data-start=\"990\" data-end=\"1015\"><strong data-start=\"990\" data-end=\"1002\">Capacidade<\/strong>: 5,5 litros<\/p>\n<\/li>\n<li data-start=\"1016\" data-end=\"1134\">\n<p data-start=\"1018\" data-end=\"1045\"><strong data-start=\"1018\" data-end=\"1042\">Dimens\u00f5es da cuba<\/strong>:<\/p>\n<ul data-start=\"1048\" data-end=\"1134\">\n<li data-start=\"1048\" data-end=\"1075\">\n<p data-start=\"1050\" data-end=\"1075\">Di\u00e2metro interno: 26 cm<\/p>\n<\/li>\n<li data-start=\"1078\" data-end=\"1099\">\n<p data-start=\"1080\" data-end=\"1099\">Profundidade: 12 cm<\/p>\n<\/li>\n<li data-start=\"1102\" data-end=\"1134\">\n<p data-start=\"1104\" data-end=\"1134\">Largura da bacia: \u00d8 27 cm<\/p>\n<\/li>\n<\/ul>\n<\/li>\n<li data-start=\"1135\" data-end=\"1169\">\n<p data-start=\"1137\" data-end=\"1169\"><strong data-start=\"1137\" data-end=\"1160\">Altura total<\/strong>: 23 cm<\/p>\n<\/li>\n<li data-start=\"1170\" data-end=\"1253\">\n<p data-start=\"1172\" data-end=\"1253\"><strong data-start=\"1172\" data-end=\"1195\">Liga\u00e7\u00e3o h\u00eddrica<\/strong>: \u00d8 1\/2&#8243;, entrada de \u00e1gua tanto <strong data-start=\"1224\" data-end=\"1251\">por cima como por baixo<\/strong><\/p>\n<\/li>\n<li data-start=\"1254\" data-end=\"1288\">\n<p data-start=\"1256\" data-end=\"1288\"><strong data-start=\"1256\" data-end=\"1278\">Fixa\u00e7\u00e3o \u00e0 parede<\/strong>: 4 furos<\/p>\n<\/li>\n<li data-start=\"1289\" data-end=\"1307\">\n<p data-start=\"1291\" data-end=\"1307\"><strong data-start=\"1291\" data-end=\"1299\">Peso<\/strong>: 5 kg<\/p>\n<\/li>\n<\/ul>\n<hr data-start=\"1309\" data-end=\"1312\">\n<h3 data-start=\"1314\" data-end=\"1343\">\u2705 <strong data-start=\"1320\" data-end=\"1343\">Principais vantagens<\/strong><\/h3>\n<ul data-start=\"1345\" data-end=\"1648\">\n<li data-start=\"1345\" data-end=\"1402\">\n<p data-start=\"1347\" data-end=\"1402\">Ideal para <strong data-start=\"1358\" data-end=\"1400\">bovinos e equinos em estabulagem fixa<\/strong><\/p>\n<\/li>\n<li data-start=\"1403\" data-end=\"1475\">\n<p data-start=\"1405\" data-end=\"1475\">Cuba ampla e profunda: <strong data-start=\"1433\" data-end=\"1473\">m\u00e1xima higiene e facilidade de limpeza<\/strong><\/p>\n<\/li>\n<li data-start=\"1476\" data-end=\"1529\">\n<p data-start=\"1478\" data-end=\"1529\">Fluxo de \u00e1gua elevado: ideal para animais adultos<\/p>\n<\/li>\n<li data-start=\"1530\" data-end=\"1588\">\n<p data-start=\"1532\" data-end=\"1588\">Instala\u00e7\u00e3o flex\u00edvel (entrada de \u00e1gua por cima ou por baixo)<\/p>\n<\/li>\n<li data-start=\"1589\" data-end=\"1624\">\n<p data-start=\"1591\" data-end=\"1624\">Estrutura resistente e duradoura<\/p>\n<\/li>\n<li data-start=\"1625\" data-end=\"1648\">\n<p data-start=\"1627\" data-end=\"1648\">Manuten\u00e7\u00e3o f\u00e1cil<\/p>\n<\/li>\n<\/ul>\n<p>&nbsp;<\/p>\n<p>\ud83d\udc49 Solicite pre\u00e7o para revenda: <a href=\"mailto:info@fdasrl.it\">CLIQUE AQUI<\/a><\/p>\n<div>\n<p>\ud83d\udc49 Compre-o na nossa <a href=\"https:\/\/fda-shop.it\/shop\/articoli-per-allevamento\/abbeveratoi\/abbeveratoio-automatico-bovini-a-pendolo\" target=\"_blank\" rel=\"noopener\">loja online<\/a><\/p>\n<\/div>\n","protected":false},"excerpt":{"rendered":"<p>Bebedouro em a\u00e7o inox FA-KB com suporte em ferro fundido e v\u00e1lvula de alto fluxo. Para bovinos e cavalos em estabulagem fixa. Higi\u00e9nico, robusto e f\u00e1cil de instalar.  <\/p>\n","protected":false},"featured_media":354,"comment_status":"open","ping_status":"closed","template":"","meta":{"_et_pb_use_builder":"","_et_pb_old_content":"","_et_gb_content_width":""},"product_brand":[],"product_cat":[554,502,383,609],"product_tag":[949],"class_list":{"0":"post-3976","1":"product","2":"type-product","3":"status-publish","4":"has-post-thumbnail","6":"product_cat-bebedouros-2","7":"product_cat-bebedouros","8":"product_cat-bovinos","9":"product_cat-cavalos","10":"product_tag-fa-kb","12":"first","13":"instock","14":"shipping-taxable","15":"product-type-simple"},"yoast_head":"<!-- This site is optimized with the Yoast SEO Premium plugin v27.5 (Yoast SEO v27.6) - https:\/\/yoast.com\/product\/yoast-seo-premium-wordpress\/ -->\n<title>Bebedouro em inox para bovinos e equinos FA-KB de longa dura\u00e7\u00e3o - FDA srl<\/title>\n<meta name=\"description\" content=\"Descubra o bebedouro em inox para bovinos e equinos FA-KB, resistente e higi\u00e9nico. A solu\u00e7\u00e3o perfeita para a sua explora\u00e7\u00e3o! \ud83d\udca7\" \/>\n<meta name=\"robots\" content=\"index, follow, max-snippet:-1, max-image-preview:large, max-video-preview:-1\" \/>\n<link rel=\"canonical\" href=\"https:\/\/fdasrl.it\/pt-pt\/prodotto\/bebedouro-em-aco-inox-fa-kb-com-suporte-em-ferro-fundido\/\" \/>\n<meta property=\"og:locale\" content=\"pt_PT\" \/>\n<meta property=\"og:type\" content=\"article\" \/>\n<meta property=\"og:title\" content=\"Bebedouro em a\u00e7o inox FA-KB com suporte em ferro fundido\" \/>\n<meta property=\"og:description\" content=\"Descubra o bebedouro em inox para bovinos e equinos FA-KB, resistente e higi\u00e9nico. A solu\u00e7\u00e3o perfeita para a sua explora\u00e7\u00e3o! \ud83d\udca7\" \/>\n<meta property=\"og:url\" content=\"https:\/\/fdasrl.it\/pt-pt\/prodotto\/bebedouro-em-aco-inox-fa-kb-com-suporte-em-ferro-fundido\/\" \/>\n<meta property=\"og:site_name\" content=\"FDA srl\" \/>\n<meta property=\"article:publisher\" content=\"https:\/\/www.facebook.com\/share\/1MWhFWg1Tp\/?mibextid=LQQJ4d\" \/>\n<meta property=\"og:image\" content=\"https:\/\/fdasrl.it\/wp-content\/uploads\/2025\/01\/FA-KB.jpg\" \/>\n\t<meta property=\"og:image:width\" content=\"800\" \/>\n\t<meta property=\"og:image:height\" content=\"737\" \/>\n\t<meta property=\"og:image:type\" content=\"image\/jpeg\" \/>\n<meta name=\"twitter:card\" content=\"summary_large_image\" \/>\n<meta name=\"twitter:label1\" content=\"pre\u00e7o\" \/>\n\t<meta name=\"twitter:data1\" content=\"\" \/>\n\t<meta name=\"twitter:label2\" content=\"Disponibilidade\" \/>\n\t<meta name=\"twitter:data2\" content=\"Em stock\" \/>\n<meta property=\"product:price:currency\" content=\"EUR\" \/>\n<meta property=\"og:availability\" content=\"instock\" \/>\n<meta property=\"product:availability\" content=\"instock\" \/>\n<meta property=\"product:retailer_item_id\" content=\"FA-KB\" \/>\n<meta property=\"product:condition\" content=\"new\" \/>\n<!-- \/ Yoast SEO Premium plugin. -->","yoast_head_json":{"title":"Bebedouro em inox para bovinos e equinos FA-KB de longa dura\u00e7\u00e3o - FDA srl","description":"Descubra o bebedouro em inox para bovinos e equinos FA-KB, resistente e higi\u00e9nico. A solu\u00e7\u00e3o perfeita para a sua explora\u00e7\u00e3o! \ud83d\udca7","robots":{"index":"index","follow":"follow","max-snippet":"max-snippet:-1","max-image-preview":"max-image-preview:large","max-video-preview":"max-video-preview:-1"},"canonical":"https:\/\/fdasrl.it\/pt-pt\/prodotto\/bebedouro-em-aco-inox-fa-kb-com-suporte-em-ferro-fundido\/","og_locale":"pt_PT","og_type":"article","og_title":"Bebedouro em a\u00e7o inox FA-KB com suporte em ferro fundido","og_description":"Descubra o bebedouro em inox para bovinos e equinos FA-KB, resistente e higi\u00e9nico. A solu\u00e7\u00e3o perfeita para a sua explora\u00e7\u00e3o! \ud83d\udca7","og_url":"https:\/\/fdasrl.it\/pt-pt\/prodotto\/bebedouro-em-aco-inox-fa-kb-com-suporte-em-ferro-fundido\/","og_site_name":"FDA srl","article_publisher":"https:\/\/www.facebook.com\/share\/1MWhFWg1Tp\/?mibextid=LQQJ4d","og_image":[{"width":800,"height":737,"url":"https:\/\/fdasrl.it\/wp-content\/uploads\/2025\/01\/FA-KB.jpg","type":"image\/jpeg"}],"twitter_card":"summary_large_image","twitter_misc":{"pre\u00e7o":"","Disponibilidade":"Em stock"},"schema":{"@context":"https:\/\/schema.org","@graph":[{"@type":"WebPage","@id":"https:\/\/fdasrl.it\/pt-pt\/prodotto\/bebedouro-em-aco-inox-fa-kb-com-suporte-em-ferro-fundido\/","url":"https:\/\/fdasrl.it\/pt-pt\/prodotto\/bebedouro-em-aco-inox-fa-kb-com-suporte-em-ferro-fundido\/","name":"Bebedouro em inox para bovinos e equinos FA-KB de longa dura\u00e7\u00e3o - FDA srl","isPartOf":{"@id":"https:\/\/fdasrl.it\/pt-pt\/#website"},"primaryImageOfPage":{"@id":"https:\/\/fdasrl.it\/pt-pt\/prodotto\/bebedouro-em-aco-inox-fa-kb-com-suporte-em-ferro-fundido\/#primaryimage"},"image":{"@id":"https:\/\/fdasrl.it\/pt-pt\/prodotto\/bebedouro-em-aco-inox-fa-kb-com-suporte-em-ferro-fundido\/#primaryimage"},"thumbnailUrl":"https:\/\/fdasrl.it\/wp-content\/uploads\/2025\/01\/FA-KB.jpg","datePublished":"2025-01-21T09:09:47+00:00","description":"Descubra o bebedouro em inox para bovinos e equinos FA-KB, resistente e higi\u00e9nico. A solu\u00e7\u00e3o perfeita para a sua explora\u00e7\u00e3o! \ud83d\udca7","breadcrumb":{"@id":"https:\/\/fdasrl.it\/pt-pt\/prodotto\/bebedouro-em-aco-inox-fa-kb-com-suporte-em-ferro-fundido\/#breadcrumb"},"inLanguage":"pt-PT","potentialAction":[{"@type":"ReadAction","target":["https:\/\/fdasrl.it\/pt-pt\/prodotto\/bebedouro-em-aco-inox-fa-kb-com-suporte-em-ferro-fundido\/"]}]},{"@type":"ImageObject","inLanguage":"pt-PT","@id":"https:\/\/fdasrl.it\/pt-pt\/prodotto\/bebedouro-em-aco-inox-fa-kb-com-suporte-em-ferro-fundido\/#primaryimage","url":"https:\/\/fdasrl.it\/wp-content\/uploads\/2025\/01\/FA-KB.jpg","contentUrl":"https:\/\/fdasrl.it\/wp-content\/uploads\/2025\/01\/FA-KB.jpg","width":800,"height":737,"caption":"Abbeveratoio in acciaio inox FA-KB per bovini e cavalli con valvola ad alto flusso"},{"@type":"BreadcrumbList","@id":"https:\/\/fdasrl.it\/pt-pt\/prodotto\/bebedouro-em-aco-inox-fa-kb-com-suporte-em-ferro-fundido\/#breadcrumb","itemListElement":[{"@type":"ListItem","position":1,"name":"Home","item":"https:\/\/fdasrl.it\/pt-pt\/inicio\/"},{"@type":"ListItem","position":2,"name":"Loja","item":"https:\/\/fdasrl.it\/pt-pt\/loja\/"},{"@type":"ListItem","position":3,"name":"Bebedouro em a\u00e7o inox FA-KB com suporte em ferro fundido"}]},{"@type":"WebSite","@id":"https:\/\/fdasrl.it\/pt-pt\/#website","url":"https:\/\/fdasrl.it\/pt-pt\/","name":"FDA srl","description":"Equipment for animal husbandry","publisher":{"@id":"https:\/\/fdasrl.it\/pt-pt\/#organization"},"potentialAction":[{"@type":"SearchAction","target":{"@type":"EntryPoint","urlTemplate":"https:\/\/fdasrl.it\/pt-pt\/?s={search_term_string}"},"query-input":{"@type":"PropertyValueSpecification","valueRequired":true,"valueName":"search_term_string"}}],"inLanguage":"pt-PT"},{"@type":"Organization","@id":"https:\/\/fdasrl.it\/pt-pt\/#organization","name":"FDA srl","url":"https:\/\/fdasrl.it\/pt-pt\/","logo":{"@type":"ImageObject","inLanguage":"pt-PT","@id":"https:\/\/fdasrl.it\/pt-pt\/#\/schema\/logo\/image\/","url":"https:\/\/fdasrl.it\/wp-content\/uploads\/2024\/12\/Logo-FDA.png","contentUrl":"https:\/\/fdasrl.it\/wp-content\/uploads\/2024\/12\/Logo-FDA.png","width":316,"height":119,"caption":"FDA srl"},"image":{"@id":"https:\/\/fdasrl.it\/pt-pt\/#\/schema\/logo\/image\/"},"sameAs":["https:\/\/www.facebook.com\/share\/1MWhFWg1Tp\/?mibextid=LQQJ4d","https:\/\/www.instagram.com\/fda_srl\/profilecard\/?igsh=YW5lbzJ6MWg0d21u","https:\/\/www.youtube.com\/@FDASRL_ANIMALCARE"],"description":"FDA SRL \u2013 Equipment for animal husbandry nasce con l\u2019obiettivo di offrire soluzioni affidabili e innovative per l\u2019allevamento moderno. Con anni di esperienza nel settore zootecnico, progettiamo e realizziamo attrezzature destinate al benessere animale e alla gestione efficiente delle stalle: vasche, abbeveratoi, mangiatoie e sistemi di riscaldamento pensati per durare nel tempo e semplificare il lavoro quotidiano degli allevatori. Dalla progettazione alla produzione, ogni nostro prodotto \u00e8 studiato nei minimi dettagli, testato con cura e costruito per rispondere alle esigenze reali del settore. La nostra forza \u00e8 unire artigianalit\u00e0, tecnologia e competenza tecnica per trasformare ogni progetto in una soluzione concreta e funzionale. Oggi FDA SRL \u00e8 un punto di riferimento per privati e rivenditori che cercano qualit\u00e0, affidabilit\u00e0 e innovazione nelle attrezzature per l\u2019allevamento.","email":"info@fdasrl.it","telephone":"+390522826820","legalName":"F.D.A. SRL","foundingDate":"2024-10-13","vatID":"03075840359","taxID":"03075840359","numberOfEmployees":{"@type":"QuantitativeValue","minValue":"1","maxValue":"10"}}]},"product_price_currency":"EUR","og_availability":"instock","product_availability":"instock","product_retailer_item_id":"FA-KB","product_condition":"new"},"_links":{"self":[{"href":"https:\/\/fdasrl.it\/pt-pt\/wp-json\/wp\/v2\/product\/3976","targetHints":{"allow":["GET"]}}],"collection":[{"href":"https:\/\/fdasrl.it\/pt-pt\/wp-json\/wp\/v2\/product"}],"about":[{"href":"https:\/\/fdasrl.it\/pt-pt\/wp-json\/wp\/v2\/types\/product"}],"replies":[{"embeddable":true,"href":"https:\/\/fdasrl.it\/pt-pt\/wp-json\/wp\/v2\/comments?post=3976"}],"wp:featuredmedia":[{"embeddable":true,"href":"https:\/\/fdasrl.it\/pt-pt\/wp-json\/wp\/v2\/media\/354"}],"wp:attachment":[{"href":"https:\/\/fdasrl.it\/pt-pt\/wp-json\/wp\/v2\/media?parent=3976"}],"wp:term":[{"taxonomy":"product_brand","embeddable":true,"href":"https:\/\/fdasrl.it\/pt-pt\/wp-json\/wp\/v2\/product_brand?post=3976"},{"taxonomy":"product_cat","embeddable":true,"href":"https:\/\/fdasrl.it\/pt-pt\/wp-json\/wp\/v2\/product_cat?post=3976"},{"taxonomy":"product_tag","embeddable":true,"href":"https:\/\/fdasrl.it\/pt-pt\/wp-json\/wp\/v2\/product_tag?post=3976"}],"curies":[{"name":"wp","href":"https:\/\/api.w.org\/{rel}","templated":true}]}}