{"id":4046,"date":"2025-01-21T11:01:42","date_gmt":"2025-01-21T10:01:42","guid":{"rendered":"https:\/\/fdasrl.it\/prodotto\/bebedouro-automatico-de-nivel-constante-com-tanque-basculante-em-aco-inox-aisi-304\/"},"modified":"2025-01-21T11:01:42","modified_gmt":"2025-01-21T10:01:42","slug":"bebedouro-automatico-de-nivel-constante-com-tanque-basculante-em-aco-inox-aisi-304","status":"publish","type":"product","link":"https:\/\/fdasrl.it\/pt-pt\/prodotto\/bebedouro-automatico-de-nivel-constante-com-tanque-basculante-em-aco-inox-aisi-304\/","title":{"rendered":"Bebedouro Autom\u00e1tico de N\u00edvel Constante com Tanque Basculante em a\u00e7o inox aisi 304"},"content":{"rendered":"<p>Bebedouro autom\u00e1tico de n\u00edvel constante com tanque basculante em a\u00e7o inox aisi 304 FA-VSRP. <strong>Concebido para garantir um fornecimento cont\u00ednuo de \u00e1gua limpa e fresca para bovinos e equinos.<\/strong><\/p>\n<h3><strong>Dispon\u00edvel em diversos tamanhos para satisfazer todas as necessidades:<\/strong><\/h3>\n<h4>&#8211; FA VSRP 1 COMPRIMENTO 1 metro de parede<\/h4>\n<p><strong>Caracter\u00edsticas t\u00e9cnicas:<\/strong><\/p>\n<ul>\n<li>Estrutura de prote\u00e7\u00e3o em tubular galvanizado a quente com placas para fixa\u00e7\u00e3o \u00e0 parede (dimens\u00f5es: comprimento 130 cm, largura 58 cm);<\/li>\n<li>Tanque com 32 cm de largura, 23 cm de altura, 100 cm de comprimento; Espa\u00e7o de bebida 88 cm;<\/li>\n<li>Flutuador \u00d8 3\/4 rosca macho, corpo de v\u00e1lvula em ABS completo com pr\u00e9-filtro, corpo de esfera em PE, esfera regul\u00e1vel em altura, press\u00e3o de funcionamento de 0,5 a 12 Bar, caudal de 50 litros de \u00e1gua por minuto com press\u00e3o de funcionamento a 6 Bar;<\/li>\n<li>Peso 45 kg.<\/li>\n<\/ul>\n<p>Adquira-o na nossa <a href=\"https:\/\/fda-shop.it\/shop\/articoli-per-allevamento\/abbeveratoi\/abbeveratoio-automatico-a-parete-un-metro-ribaltabile\" target=\"_blank\" rel=\"noopener\">loja online<\/a><\/p>\n<h4 class=\"content-title\">&#8211; FA VSRP 1.5 COMPRIMENTO 1,5 metros de parede<\/h4>\n<p>Bebedouro autom\u00e1tico de n\u00edvel constante com tanque basculante em a\u00e7o inox aisi 304. <strong>Caracter\u00edsticas t\u00e9cnicas:<\/strong><\/p>\n<ul>\n<li>Estrutura de prote\u00e7\u00e3o em tubular galvanizado a quente com placas para fixa\u00e7\u00e3o \u00e0 parede (dimens\u00f5es: comprimento 180 cm, largura 58 cm);<\/li>\n<li>Tanque com 32 cm de largura, 23 cm de altura, 150 cm de comprimento;<\/li>\n<li>Espa\u00e7o de bebida 138 cm;<\/li>\n<li>Flutuador \u00d8 3\/4 rosca macho, corpo de v\u00e1lvula em ABS completo com pr\u00e9-filtro, corpo de esfera em PE, esfera regul\u00e1vel em altura, press\u00e3o de funcionamento de 0,5 a 12 Bar, caudal de 50 litros de \u00e1gua por minuto com press\u00e3o de funcionamento a 6 Bar;<\/li>\n<li>Peso 45 kg.<\/li>\n<\/ul>\n<p>Adquira-o na nossa <a href=\"https:\/\/fda-shop.it\/shop\/articoli-per-allevamento\/abbeveratoi\/abbeveratoio-automatico-a-parete-un-metro-mezzo-ribaltabile\" target=\"_blank\" rel=\"noopener\">loja online<\/a><\/p>\n<h4 class=\"content-title\">&#8211; FA VSRP 2 COMPRIMENTO 2 metros de parede<\/h4>\n<p>Bebedouro autom\u00e1tico de n\u00edvel constante com tanque basculante em a\u00e7o inox aisi 304. <strong>Caracter\u00edsticas t\u00e9cnicas:<\/strong><\/p>\n<ul>\n<li>Estrutura de prote\u00e7\u00e3o em tubular galvanizado a quente com placas para fixa\u00e7\u00e3o \u00e0 parede (dimens\u00f5es: comprimento 230 cm, largura 58 cm);<\/li>\n<li>Tanque com 32 cm de largura, 23 cm de altura, 200 cm de comprimento;<\/li>\n<li>Espa\u00e7o de bebida 188 cm;<\/li>\n<li>Flutuador \u00d8 3\/4 rosca macho, corpo de v\u00e1lvula em ABS completo com pr\u00e9-filtro, corpo de esfera em PE, esfera regul\u00e1vel em altura, press\u00e3o de funcionamento de 0,5 a 12 Bar, caudal de 50 litros de \u00e1gua por minuto com press\u00e3o de funcionamento a 6 Bar;<\/li>\n<li>Peso 54 kg.<\/li>\n<\/ul>\n<p>Adquira-o na nossa <a href=\"https:\/\/fda-shop.it\/shop\/articoli-per-allevamento\/abbeveratoi\/abbeveratoio-automatico-a-parete-due-metri-ribaltabile\" target=\"_blank\" rel=\"noopener\">loja online<\/a><\/p>\n<p>DESCARREGAR FICHAS T\u00c9CNICAS:<\/p>\n<ul>\n<li><a href=\"http:\/\/content\/uploads\/2025\/05\/SCHEDA_TECNICA__E_RICAMBI_VASCA_RIBALTABILE_A_PARETE_MT_10.pdf\">TANQUE BASCULANTE 1 M &#8211; DESCARREGAR<\/a><\/li>\n<li><a href=\"http:\/\/content\/uploads\/2025\/05\/SCHEDA_TECNICA__E_RICAMBI_VASCA_RIBALTABILE_A_PARETE_MT_15.pdf\">TANQUE BASCULANTE 1,5 M &#8211; DESCARREGAR<\/a><\/li>\n<li><a href=\"http:\/\/content\/uploads\/2025\/05\/SCHEDA_TECNICA__E_RICAMBI_VASCA_RIBALTABILE_A_PARETE_MT_20.pdf\">TANQUE BASCULANTE 2 M &#8211; DESCARREGAR<\/a><\/li>\n<\/ul>\n","protected":false},"excerpt":{"rendered":"<p>Bebedouro autom\u00e1tico de n\u00edvel constante FA-VSRP em a\u00e7o inox AISI 304, com tanque basculante e flutuador regul\u00e1vel. Dispon\u00edvel em comprimentos de 1, 1,5 e 2 metros para bovinos e equinos. Garante \u00e1gua limpa e fresca com caudal at\u00e9 50 l\/min a 6 Bar. Estrutura galvanizada a quente para m\u00e1xima resist\u00eancia.   <\/p>\n","protected":false},"featured_media":384,"comment_status":"open","ping_status":"closed","template":"","meta":{"_et_pb_use_builder":"off","_et_pb_old_content":"Bebedouro autom\u00e1tico de n\u00edvel constante com tanque basculante em a\u00e7o inox aisi 304 FA-VSRP. <strong>Concebido para garantir um fornecimento cont\u00ednuo de \u00e1gua limpa e fresca para bovinos e equinos.<\/strong>\n<h3><strong>Dispon\u00edvel em diversos tamanhos para satisfazer todas as necessidades:<\/strong><\/h3>\n<h4>- FA VSRP 1 COMPRIMENTO 1 metro de parede<\/h4>\n<strong>Caracter\u00edsticas t\u00e9cnicas:<\/strong>\n<ul>\n \t<li>Estrutura de prote\u00e7\u00e3o em tubular galvanizado a quente com placas para fixa\u00e7\u00e3o \u00e0 parede (dimens\u00f5es: comprimento 130 cm, largura 58 cm);<\/li>\n \t<li>Tanque com 32 cm de largura, 23 cm de altura, 100 cm de comprimento;\nEspa\u00e7o de bebida 88 cm;<\/li>\n \t<li>Flutuador \u00d8 3\/4 rosca macho, corpo de v\u00e1lvula em ABS completo com pr\u00e9-filtro, corpo de esfera em PE, esfera regul\u00e1vel em altura, press\u00e3o de funcionamento de 0,5 a 12 Bar, caudal de 50 litros de \u00e1gua por minuto com press\u00e3o de funcionamento a 6 Bar;<\/li>\n \t<li>Peso 45 kg.<\/li>\n<\/ul>\nAdquira-o na nossa <a href=\"https:\/\/fda-shop.it\/shop\/articoli-per-allevamento\/abbeveratoi\/abbeveratoio-automatico-a-parete-un-metro-ribaltabile\" target=\"_blank\" rel=\"noopener\">loja online<\/a>\n<h4 class=\"content-title\">- FA VSRP 1.5 COMPRIMENTO 1,5 metros de parede<\/h4>\nBebedouro autom\u00e1tico de n\u00edvel constante com tanque basculante em a\u00e7o inox aisi 304.\n\n<strong>Caracter\u00edsticas t\u00e9cnicas:<\/strong>\n<ul>\n \t<li>Estrutura de prote\u00e7\u00e3o em tubular galvanizado a quente com placas para fixa\u00e7\u00e3o \u00e0 parede (dimens\u00f5es: comprimento 180 cm, largura 58 cm);<\/li>\n \t<li>Tanque com 32 cm de largura, 23 cm de altura, 150 cm de comprimento;<\/li>\n \t<li>Espa\u00e7o de bebida 138 cm;<\/li>\n \t<li>Flutuador \u00d8 3\/4 rosca macho, corpo de v\u00e1lvula em ABS completo com pr\u00e9-filtro, corpo de esfera em PE, esfera regul\u00e1vel em altura, press\u00e3o de funcionamento de 0,5 a 12 Bar, caudal de 50 litros de \u00e1gua por minuto com press\u00e3o de funcionamento a 6 Bar;<\/li>\n \t<li>Peso 45 kg.<\/li>\n<\/ul>\nAdquira-o na nossa <a href=\"https:\/\/fda-shop.it\/shop\/articoli-per-allevamento\/abbeveratoi\/abbeveratoio-automatico-a-parete-un-metro-mezzo-ribaltabile\" target=\"_blank\" rel=\"noopener\">loja online<\/a>\n<h4 class=\"content-title\">- FA VSRP 2 COMPRIMENTO 2 metros de parede<\/h4>\nBebedouro autom\u00e1tico de n\u00edvel constante com tanque basculante em a\u00e7o inox aisi 304.\n\n<strong>Caracter\u00edsticas t\u00e9cnicas:<\/strong>\n<ul>\n \t<li>Estrutura de prote\u00e7\u00e3o em tubular galvanizado a quente com placas para fixa\u00e7\u00e3o \u00e0 parede (dimens\u00f5es: comprimento 230 cm, largura 58 cm);<\/li>\n \t<li>Tanque com 32 cm de largura, 23 cm de altura, 200 cm de comprimento;<\/li>\n \t<li>Espa\u00e7o de bebida 188 cm;<\/li>\n \t<li>Flutuador \u00d8 3\/4 rosca macho, corpo de v\u00e1lvula em ABS completo com pr\u00e9-filtro, corpo de esfera em PE, esfera regul\u00e1vel em altura, press\u00e3o de funcionamento de 0,5 a 12 Bar, caudal de 50 litros de \u00e1gua por minuto com press\u00e3o de funcionamento a 6 Bar;<\/li>\n \t<li>Peso 54 kg.<\/li>\n<\/ul>\nAdquira-o na nossa <a href=\"https:\/\/fda-shop.it\/shop\/articoli-per-allevamento\/abbeveratoi\/abbeveratoio-automatico-a-parete-due-metri-ribaltabile\" target=\"_blank\" rel=\"noopener\">loja online<\/a>","_et_gb_content_width":""},"product_brand":[],"product_cat":[502,554,383,609,503],"product_tag":[965],"class_list":{"0":"post-4046","1":"product","2":"type-product","3":"status-publish","4":"has-post-thumbnail","6":"product_cat-bebedouros","7":"product_cat-bebedouros-2","8":"product_cat-bovinos","9":"product_cat-cavalos","10":"product_cat-tanques-inox-para-estabulos","11":"product_tag-fa-vsrp","13":"first","14":"instock","15":"shipping-taxable","16":"product-type-simple"},"yoast_head":"<!-- This site is optimized with the Yoast SEO Premium plugin v27.5 (Yoast SEO v27.5) - https:\/\/yoast.com\/product\/yoast-seo-premium-wordpress\/ -->\n<title>Bebedouro autom\u00e1tico com tanque basculante: \u00e1gua fresca - FDA srl<\/title>\n<meta name=\"description\" content=\"Bebedouro autom\u00e1tico de n\u00edvel constante FA-VSRP em a\u00e7o inox AISI 304, com tanque basculante e flutuador regul\u00e1vel. Dispon\u00edvel em comprimentos de 1, 1,5 e 2 metros para bovinos e equinos. Garante \u00e1gua limpa e fresca com caudal at\u00e9 50 l\/min a 6 Bar. Estrutura galvanizada a quente para m\u00e1xima resist\u00eancia.\" \/>\n<meta name=\"robots\" content=\"index, follow, max-snippet:-1, max-image-preview:large, max-video-preview:-1\" \/>\n<link rel=\"canonical\" href=\"https:\/\/fdasrl.it\/pt-pt\/prodotto\/bebedouro-automatico-de-nivel-constante-com-tanque-basculante-em-aco-inox-aisi-304\/\" \/>\n<meta property=\"og:locale\" content=\"pt_PT\" \/>\n<meta property=\"og:type\" content=\"article\" \/>\n<meta property=\"og:title\" content=\"Bebedouro Autom\u00e1tico de N\u00edvel Constante com Tanque Basculante em a\u00e7o inox aisi 304\" \/>\n<meta property=\"og:description\" content=\"Bebedouro autom\u00e1tico de n\u00edvel constante FA-VSRP em a\u00e7o inox AISI 304, com tanque basculante e flutuador regul\u00e1vel. Dispon\u00edvel em comprimentos de 1, 1,5 e 2 metros para bovinos e equinos. Garante \u00e1gua limpa e fresca com caudal at\u00e9 50 l\/min a 6 Bar. Estrutura galvanizada a quente para m\u00e1xima resist\u00eancia.\" \/>\n<meta property=\"og:url\" content=\"https:\/\/fdasrl.it\/pt-pt\/prodotto\/bebedouro-automatico-de-nivel-constante-com-tanque-basculante-em-aco-inox-aisi-304\/\" \/>\n<meta property=\"og:site_name\" content=\"FDA srl\" \/>\n<meta property=\"article:publisher\" content=\"https:\/\/www.facebook.com\/share\/1MWhFWg1Tp\/?mibextid=LQQJ4d\" \/>\n<meta property=\"og:image\" content=\"https:\/\/fdasrl.it\/wp-content\/uploads\/2025\/01\/FA-VSRP1_1.jpg\" \/>\n\t<meta property=\"og:image:width\" content=\"730\" \/>\n\t<meta property=\"og:image:height\" content=\"433\" \/>\n\t<meta property=\"og:image:type\" content=\"image\/jpeg\" \/>\n<meta name=\"twitter:card\" content=\"summary_large_image\" \/>\n<meta name=\"twitter:label1\" content=\"pre\u00e7o\" \/>\n\t<meta name=\"twitter:data1\" content=\"\" \/>\n\t<meta name=\"twitter:label2\" content=\"Disponibilidade\" \/>\n\t<meta name=\"twitter:data2\" content=\"Em stock\" \/>\n<meta property=\"product:price:currency\" content=\"EUR\" \/>\n<meta property=\"og:availability\" content=\"instock\" \/>\n<meta property=\"product:availability\" content=\"instock\" \/>\n<meta property=\"product:retailer_item_id\" content=\"FAVSRP\" \/>\n<meta property=\"product:condition\" content=\"new\" \/>\n<!-- \/ Yoast SEO Premium plugin. -->","yoast_head_json":{"title":"Bebedouro autom\u00e1tico com tanque basculante: \u00e1gua fresca - FDA srl","description":"Bebedouro autom\u00e1tico de n\u00edvel constante FA-VSRP em a\u00e7o inox AISI 304, com tanque basculante e flutuador regul\u00e1vel. Dispon\u00edvel em comprimentos de 1, 1,5 e 2 metros para bovinos e equinos. Garante \u00e1gua limpa e fresca com caudal at\u00e9 50 l\/min a 6 Bar. Estrutura galvanizada a quente para m\u00e1xima resist\u00eancia.","robots":{"index":"index","follow":"follow","max-snippet":"max-snippet:-1","max-image-preview":"max-image-preview:large","max-video-preview":"max-video-preview:-1"},"canonical":"https:\/\/fdasrl.it\/pt-pt\/prodotto\/bebedouro-automatico-de-nivel-constante-com-tanque-basculante-em-aco-inox-aisi-304\/","og_locale":"pt_PT","og_type":"article","og_title":"Bebedouro Autom\u00e1tico de N\u00edvel Constante com Tanque Basculante em a\u00e7o inox aisi 304","og_description":"Bebedouro autom\u00e1tico de n\u00edvel constante FA-VSRP em a\u00e7o inox AISI 304, com tanque basculante e flutuador regul\u00e1vel. Dispon\u00edvel em comprimentos de 1, 1,5 e 2 metros para bovinos e equinos. Garante \u00e1gua limpa e fresca com caudal at\u00e9 50 l\/min a 6 Bar. Estrutura galvanizada a quente para m\u00e1xima resist\u00eancia.","og_url":"https:\/\/fdasrl.it\/pt-pt\/prodotto\/bebedouro-automatico-de-nivel-constante-com-tanque-basculante-em-aco-inox-aisi-304\/","og_site_name":"FDA srl","article_publisher":"https:\/\/www.facebook.com\/share\/1MWhFWg1Tp\/?mibextid=LQQJ4d","og_image":[{"width":730,"height":433,"url":"https:\/\/fdasrl.it\/wp-content\/uploads\/2025\/01\/FA-VSRP1_1.jpg","type":"image\/jpeg"}],"twitter_card":"summary_large_image","twitter_misc":{"pre\u00e7o":"","Disponibilidade":"Em stock"},"schema":{"@context":"https:\/\/schema.org","@graph":[{"@type":"WebPage","@id":"https:\/\/fdasrl.it\/pt-pt\/prodotto\/bebedouro-automatico-de-nivel-constante-com-tanque-basculante-em-aco-inox-aisi-304\/","url":"https:\/\/fdasrl.it\/pt-pt\/prodotto\/bebedouro-automatico-de-nivel-constante-com-tanque-basculante-em-aco-inox-aisi-304\/","name":"Bebedouro autom\u00e1tico com tanque basculante: \u00e1gua fresca - FDA srl","isPartOf":{"@id":"https:\/\/fdasrl.it\/pt-pt\/#website"},"primaryImageOfPage":{"@id":"https:\/\/fdasrl.it\/pt-pt\/prodotto\/bebedouro-automatico-de-nivel-constante-com-tanque-basculante-em-aco-inox-aisi-304\/#primaryimage"},"image":{"@id":"https:\/\/fdasrl.it\/pt-pt\/prodotto\/bebedouro-automatico-de-nivel-constante-com-tanque-basculante-em-aco-inox-aisi-304\/#primaryimage"},"thumbnailUrl":"https:\/\/fdasrl.it\/wp-content\/uploads\/2025\/01\/FA-VSRP1_1.jpg","datePublished":"2025-01-21T10:01:42+00:00","description":"Bebedouro autom\u00e1tico de n\u00edvel constante FA-VSRP em a\u00e7o inox AISI 304, com tanque basculante e flutuador regul\u00e1vel. Dispon\u00edvel em comprimentos de 1, 1,5 e 2 metros para bovinos e equinos. Garante \u00e1gua limpa e fresca com caudal at\u00e9 50 l\/min a 6 Bar. Estrutura galvanizada a quente para m\u00e1xima resist\u00eancia.","breadcrumb":{"@id":"https:\/\/fdasrl.it\/pt-pt\/prodotto\/bebedouro-automatico-de-nivel-constante-com-tanque-basculante-em-aco-inox-aisi-304\/#breadcrumb"},"inLanguage":"pt-PT","potentialAction":[{"@type":"ReadAction","target":["https:\/\/fdasrl.it\/pt-pt\/prodotto\/bebedouro-automatico-de-nivel-constante-com-tanque-basculante-em-aco-inox-aisi-304\/"]}]},{"@type":"ImageObject","inLanguage":"pt-PT","@id":"https:\/\/fdasrl.it\/pt-pt\/prodotto\/bebedouro-automatico-de-nivel-constante-com-tanque-basculante-em-aco-inox-aisi-304\/#primaryimage","url":"https:\/\/fdasrl.it\/wp-content\/uploads\/2025\/01\/FA-VSRP1_1.jpg","contentUrl":"https:\/\/fdasrl.it\/wp-content\/uploads\/2025\/01\/FA-VSRP1_1.jpg","width":730,"height":433},{"@type":"BreadcrumbList","@id":"https:\/\/fdasrl.it\/pt-pt\/prodotto\/bebedouro-automatico-de-nivel-constante-com-tanque-basculante-em-aco-inox-aisi-304\/#breadcrumb","itemListElement":[{"@type":"ListItem","position":1,"name":"Home","item":"https:\/\/fdasrl.it\/pt-pt\/inicio\/"},{"@type":"ListItem","position":2,"name":"Loja","item":"https:\/\/fdasrl.it\/pt-pt\/loja\/"},{"@type":"ListItem","position":3,"name":"Bebedouro Autom\u00e1tico de N\u00edvel Constante com Tanque Basculante em a\u00e7o inox aisi 304"}]},{"@type":"WebSite","@id":"https:\/\/fdasrl.it\/pt-pt\/#website","url":"https:\/\/fdasrl.it\/pt-pt\/","name":"FDA srl","description":"Equipment for animal husbandry","publisher":{"@id":"https:\/\/fdasrl.it\/pt-pt\/#organization"},"potentialAction":[{"@type":"SearchAction","target":{"@type":"EntryPoint","urlTemplate":"https:\/\/fdasrl.it\/pt-pt\/?s={search_term_string}"},"query-input":{"@type":"PropertyValueSpecification","valueRequired":true,"valueName":"search_term_string"}}],"inLanguage":"pt-PT"},{"@type":"Organization","@id":"https:\/\/fdasrl.it\/pt-pt\/#organization","name":"FDA srl","url":"https:\/\/fdasrl.it\/pt-pt\/","logo":{"@type":"ImageObject","inLanguage":"pt-PT","@id":"https:\/\/fdasrl.it\/pt-pt\/#\/schema\/logo\/image\/","url":"https:\/\/fdasrl.it\/wp-content\/uploads\/2024\/12\/Logo-FDA.png","contentUrl":"https:\/\/fdasrl.it\/wp-content\/uploads\/2024\/12\/Logo-FDA.png","width":316,"height":119,"caption":"FDA srl"},"image":{"@id":"https:\/\/fdasrl.it\/pt-pt\/#\/schema\/logo\/image\/"},"sameAs":["https:\/\/www.facebook.com\/share\/1MWhFWg1Tp\/?mibextid=LQQJ4d","https:\/\/www.instagram.com\/fda_srl\/profilecard\/?igsh=YW5lbzJ6MWg0d21u","https:\/\/www.youtube.com\/@FDASRL_ANIMALCARE"],"description":"FDA SRL \u2013 Equipment for animal husbandry nasce con l\u2019obiettivo di offrire soluzioni affidabili e innovative per l\u2019allevamento moderno. Con anni di esperienza nel settore zootecnico, progettiamo e realizziamo attrezzature destinate al benessere animale e alla gestione efficiente delle stalle: vasche, abbeveratoi, mangiatoie e sistemi di riscaldamento pensati per durare nel tempo e semplificare il lavoro quotidiano degli allevatori. Dalla progettazione alla produzione, ogni nostro prodotto \u00e8 studiato nei minimi dettagli, testato con cura e costruito per rispondere alle esigenze reali del settore. La nostra forza \u00e8 unire artigianalit\u00e0, tecnologia e competenza tecnica per trasformare ogni progetto in una soluzione concreta e funzionale. Oggi FDA SRL \u00e8 un punto di riferimento per privati e rivenditori che cercano qualit\u00e0, affidabilit\u00e0 e innovazione nelle attrezzature per l\u2019allevamento.","email":"info@fdasrl.it","telephone":"+390522826820","legalName":"F.D.A. SRL","foundingDate":"2024-10-13","vatID":"03075840359","taxID":"03075840359","numberOfEmployees":{"@type":"QuantitativeValue","minValue":"1","maxValue":"10"}}]},"product_price_currency":"EUR","og_availability":"instock","product_availability":"instock","product_retailer_item_id":"FAVSRP","product_condition":"new"},"_links":{"self":[{"href":"https:\/\/fdasrl.it\/pt-pt\/wp-json\/wp\/v2\/product\/4046","targetHints":{"allow":["GET"]}}],"collection":[{"href":"https:\/\/fdasrl.it\/pt-pt\/wp-json\/wp\/v2\/product"}],"about":[{"href":"https:\/\/fdasrl.it\/pt-pt\/wp-json\/wp\/v2\/types\/product"}],"replies":[{"embeddable":true,"href":"https:\/\/fdasrl.it\/pt-pt\/wp-json\/wp\/v2\/comments?post=4046"}],"wp:featuredmedia":[{"embeddable":true,"href":"https:\/\/fdasrl.it\/pt-pt\/wp-json\/wp\/v2\/media\/384"}],"wp:attachment":[{"href":"https:\/\/fdasrl.it\/pt-pt\/wp-json\/wp\/v2\/media?parent=4046"}],"wp:term":[{"taxonomy":"product_brand","embeddable":true,"href":"https:\/\/fdasrl.it\/pt-pt\/wp-json\/wp\/v2\/product_brand?post=4046"},{"taxonomy":"product_cat","embeddable":true,"href":"https:\/\/fdasrl.it\/pt-pt\/wp-json\/wp\/v2\/product_cat?post=4046"},{"taxonomy":"product_tag","embeddable":true,"href":"https:\/\/fdasrl.it\/pt-pt\/wp-json\/wp\/v2\/product_tag?post=4046"}],"curies":[{"name":"wp","href":"https:\/\/api.w.org\/{rel}","templated":true}]}}