{"id":4072,"date":"2025-01-21T11:23:26","date_gmt":"2025-01-21T10:23:26","guid":{"rendered":"https:\/\/fdasrl.it\/prodotto\/bebedouro-automatico-de-cuba-basculante-com-fixacao-a-parede\/"},"modified":"2025-01-21T11:23:26","modified_gmt":"2025-01-21T10:23:26","slug":"bebedouro-automatico-de-cuba-basculante-com-fixacao-a-parede","status":"publish","type":"product","link":"https:\/\/fdasrl.it\/pt-pt\/prodotto\/bebedouro-automatico-de-cuba-basculante-com-fixacao-a-parede\/","title":{"rendered":"BEBEDOURO AUTOM\u00c1TICO DE CUBA BASCULANTE COM FIXA\u00c7\u00c3O \u00c0 PAREDE"},"content":{"rendered":"<h2 data-start=\"245\" data-end=\"352\">\ud83d\udeb0 <strong data-start=\"251\" data-end=\"352\">Bebedouro Autom\u00e1tico de Cuba Basculante FA VSRT em A\u00e7o Inoxid\u00e1vel \u2013 Ideal para Bovinos e Equinos<\/strong><\/h2>\n<p data-start=\"354\" data-end=\"686\">Bebedouro autom\u00e1tico de n\u00edvel constante, concebido para a cria\u00e7\u00e3o profissional de <strong data-start=\"444\" data-end=\"464\">bovinos e cavalos<\/strong>, com <strong data-start=\"470\" data-end=\"516\">cuba basculante em a\u00e7o inoxid\u00e1vel AISI 304<\/strong>.<br data-start=\"517\" data-end=\"520\">O sistema de boia permite um <strong data-start=\"558\" data-end=\"593\">enchimento autom\u00e1tico constante<\/strong>, enquanto a <strong data-start=\"605\" data-end=\"637\">estrutura em a\u00e7o galvanizado<\/strong> garante resist\u00eancia, estabilidade e longa durabilidade.<\/p>\n<p data-start=\"688\" data-end=\"884\">Dispon\u00edvel em <strong data-start=\"703\" data-end=\"737\">tr\u00eas vers\u00f5es (1 m, 1,5 m, 2 m)<\/strong> para se adaptar a cada tipo de explora\u00e7\u00e3o.<br data-start=\"779\" data-end=\"782\">A cuba basculante permite uma <strong data-start=\"816\" data-end=\"843\">limpeza r\u00e1pida e segura<\/strong>, reduzindo o risco de contamina\u00e7\u00f5es.<\/p>\n<hr data-start=\"886\" data-end=\"889\">\n<h3 data-start=\"891\" data-end=\"953\">\ud83d\udee0\ufe0f <strong data-start=\"899\" data-end=\"953\">Caracter\u00edsticas t\u00e9cnicas comuns a todos os modelos:<\/strong><\/h3>\n<ul data-start=\"954\" data-end=\"1410\">\n<li data-start=\"954\" data-end=\"992\">\n<p data-start=\"956\" data-end=\"992\"><strong data-start=\"956\" data-end=\"990\">Cuba em a\u00e7o inoxid\u00e1vel AISI 304<\/strong><\/p>\n<\/li>\n<li data-start=\"993\" data-end=\"1088\">\n<p data-start=\"995\" data-end=\"1088\"><strong data-start=\"995\" data-end=\"1022\">Estrutura de prote\u00e7\u00e3o<\/strong> em tubular galvanizado a quente com p\u00e9s para fixa\u00e7\u00e3o ao pavimento<\/p>\n<\/li>\n<li data-start=\"1089\" data-end=\"1187\">\n<p data-start=\"1091\" data-end=\"1187\"><strong data-start=\"1091\" data-end=\"1114\">Boia \u00d8 3\/4\u201d<\/strong> com v\u00e1lvula em ABS, pr\u00e9-filtro, corpo de esfera em PE e regula\u00e7\u00e3o de altura<\/p>\n<\/li>\n<li data-start=\"1188\" data-end=\"1227\">\n<p data-start=\"1190\" data-end=\"1227\"><strong data-start=\"1190\" data-end=\"1207\">Caudal de \u00e1gua<\/strong>: 50 L\/min a 6 bar<\/p>\n<\/li>\n<li data-start=\"1228\" data-end=\"1275\">\n<p data-start=\"1230\" data-end=\"1275\"><strong data-start=\"1230\" data-end=\"1256\">Press\u00e3o de servi\u00e7o<\/strong>: de 0,5 a 12 bar<\/p>\n<\/li>\n<li data-start=\"1276\" data-end=\"1359\">\n<p data-start=\"1278\" data-end=\"1359\"><strong data-start=\"1278\" data-end=\"1309\">Sistema de n\u00edvel constante<\/strong> com cuba basculante para facilitar a limpeza<\/p>\n<\/li>\n<\/ul>\n<hr data-start=\"1412\" data-end=\"1415\">\n<h3 data-start=\"1417\" data-end=\"1448\">\ud83d\udccf <strong data-start=\"1424\" data-end=\"1448\">Modelos dispon\u00edveis:<\/strong><\/h3>\n<h4 data-start=\"1450\" data-end=\"1491\">\ud83d\udd39 <strong data-start=\"1458\" data-end=\"1491\">FA VSRT 1 \u2013 Comprimento 1 metro<\/strong><\/h4>\n<ul data-start=\"1492\" data-end=\"1659\">\n<li data-start=\"1492\" data-end=\"1519\">\n<p data-start=\"1494\" data-end=\"1519\">Cuba: 100 x 32 x 23 cm<\/p>\n<\/li>\n<li data-start=\"1520\" data-end=\"1553\">\n<p data-start=\"1522\" data-end=\"1553\">Espa\u00e7o de abeberamento: 88 cm<\/p>\n<\/li>\n<li data-start=\"1554\" data-end=\"1596\">\n<p data-start=\"1556\" data-end=\"1596\">Dimens\u00f5es da estrutura: 140 x 60 x 81 cm<\/p>\n<\/li>\n<li data-start=\"1597\" data-end=\"1659\">\n<p data-start=\"1599\" data-end=\"1659\"><strong data-start=\"1599\" data-end=\"1607\">Peso<\/strong>: 70 kg<br data-start=\"1614\" data-end=\"1617\">\ud83d\udc49 [<a href=\"https:\/\/fda-shop.it\/shop\/articoli-per-allevamento\/abbeveratoi\/abbeveratoio-automatico-un-metro-ribaltabile\"><strong data-start=\"1621\" data-end=\"1658\">Compre-o na nossa loja online<\/strong><\/a>]<\/p>\n<\/li>\n<\/ul>\n<h4 data-start=\"1661\" data-end=\"1706\">\ud83d\udd39 <strong data-start=\"1669\" data-end=\"1706\">FA VSRT 1.5 \u2013 Comprimento 1,5 metros<\/strong><\/h4>\n<ul data-start=\"1707\" data-end=\"1875\">\n<li data-start=\"1707\" data-end=\"1734\">\n<p data-start=\"1709\" data-end=\"1734\">Cuba: 150 x 32 x 23 cm<\/p>\n<\/li>\n<li data-start=\"1735\" data-end=\"1769\">\n<p data-start=\"1737\" data-end=\"1769\">Espa\u00e7o de abeberamento: 138 cm<\/p>\n<\/li>\n<li data-start=\"1770\" data-end=\"1812\">\n<p data-start=\"1772\" data-end=\"1812\">Dimens\u00f5es da estrutura: 190 x 60 x 81 cm<\/p>\n<\/li>\n<li data-start=\"1813\" data-end=\"1875\">\n<p data-start=\"1815\" data-end=\"1875\"><strong data-start=\"1815\" data-end=\"1823\">Peso<\/strong>: 80 kg<br data-start=\"1830\" data-end=\"1833\">\ud83d\udc49 [<a href=\"https:\/\/fda-shop.it\/shop\/articoli-per-allevamento\/abbeveratoio-automatico-ribaltabile-un-metro-mezzo\"><strong data-start=\"1837\" data-end=\"1874\">Compre-o na nossa loja online<\/strong><\/a>]<\/p>\n<\/li>\n<\/ul>\n<h4 data-start=\"1877\" data-end=\"1918\">\ud83d\udd39 <strong data-start=\"1885\" data-end=\"1918\">FA VSRT 2 \u2013 Comprimento 2 metros<\/strong><\/h4>\n<ul data-start=\"1919\" data-end=\"2087\">\n<li data-start=\"1919\" data-end=\"1946\">\n<p data-start=\"1921\" data-end=\"1946\">Cuba: 200 x 32 x 23 cm<\/p>\n<\/li>\n<li data-start=\"1947\" data-end=\"1981\">\n<p data-start=\"1949\" data-end=\"1981\">Espa\u00e7o de abeberamento: 188 cm<\/p>\n<\/li>\n<li data-start=\"1982\" data-end=\"2024\">\n<p data-start=\"1984\" data-end=\"2024\">Dimens\u00f5es da estrutura: 240 x 60 x 81 cm<\/p>\n<\/li>\n<li data-start=\"2025\" data-end=\"2087\">\n<p data-start=\"2027\" data-end=\"2087\"><strong data-start=\"2027\" data-end=\"2035\">Peso<\/strong>: 92 kg<br data-start=\"2042\" data-end=\"2045\">\ud83d\udc49 [<a href=\"https:\/\/fda-shop.it\/shop\/articoli-per-allevamento\/abbeveratoi\/abbeveratoio-automatico-due-metri-ribaltabile\"><strong data-start=\"2049\" data-end=\"2086\">Compre-o na nossa loja online<\/strong><\/a>]<\/p>\n<\/li>\n<\/ul>\n","protected":false},"excerpt":{"rendered":"<p>Bebedouro autom\u00e1tico de n\u00edvel constante com cuba basculante em a\u00e7o inoxid\u00e1vel AISI 304, ideal para bovinos e equinos.<\/p>\n","protected":false},"featured_media":399,"comment_status":"open","ping_status":"closed","template":"","meta":{"_et_pb_use_builder":"","_et_pb_old_content":"","_et_gb_content_width":""},"product_brand":[],"product_cat":[502,554,383,609,503],"product_tag":[967,968,970,969],"class_list":{"0":"post-4072","1":"product","2":"type-product","3":"status-publish","4":"has-post-thumbnail","6":"product_cat-bebedouros","7":"product_cat-bebedouros-2","8":"product_cat-bovinos","9":"product_cat-cavalos","10":"product_cat-tanques-inox-para-estabulos","11":"product_tag-fa-vsrt1","12":"product_tag-favsrt1","13":"product_tag-favsrt1-5","14":"product_tag-favsrt2","16":"first","17":"instock","18":"shipping-taxable","19":"product-type-simple"},"yoast_head":"<!-- This site is optimized with the Yoast SEO Premium plugin v27.5 (Yoast SEO v27.5) - https:\/\/yoast.com\/product\/yoast-seo-premium-wordpress\/ -->\n<title>Bebedouro autom\u00e1tico de n\u00edvel constante com cuba basculante - FDA srl<\/title>\n<meta name=\"description\" content=\"Otimize a explora\u00e7\u00e3o pecu\u00e1ria com o nosso Bebedouro autom\u00e1tico de n\u00edvel constante. A cuba em a\u00e7o inoxid\u00e1vel foi concebida para resistir ao tempo! \ud83d\udca7\" \/>\n<meta name=\"robots\" content=\"index, follow, max-snippet:-1, max-image-preview:large, max-video-preview:-1\" \/>\n<link rel=\"canonical\" href=\"https:\/\/fdasrl.it\/pt-pt\/prodotto\/bebedouro-automatico-de-cuba-basculante-com-fixacao-a-parede\/\" \/>\n<meta property=\"og:locale\" content=\"pt_PT\" \/>\n<meta property=\"og:type\" content=\"article\" \/>\n<meta property=\"og:title\" content=\"BEBEDOURO AUTOM\u00c1TICO DE CUBA BASCULANTE COM FIXA\u00c7\u00c3O \u00c0 PAREDE\" \/>\n<meta property=\"og:description\" content=\"Otimize a explora\u00e7\u00e3o pecu\u00e1ria com o nosso Bebedouro autom\u00e1tico de n\u00edvel constante. A cuba em a\u00e7o inoxid\u00e1vel foi concebida para resistir ao tempo! \ud83d\udca7\" \/>\n<meta property=\"og:url\" content=\"https:\/\/fdasrl.it\/pt-pt\/prodotto\/bebedouro-automatico-de-cuba-basculante-com-fixacao-a-parede\/\" \/>\n<meta property=\"og:site_name\" content=\"FDA srl\" \/>\n<meta property=\"article:publisher\" content=\"https:\/\/www.facebook.com\/share\/1MWhFWg1Tp\/?mibextid=LQQJ4d\" \/>\n<meta property=\"og:image\" content=\"https:\/\/fdasrl.it\/wp-content\/uploads\/2025\/01\/FA-VSRT1_1.jpg\" \/>\n\t<meta property=\"og:image:width\" content=\"621\" \/>\n\t<meta property=\"og:image:height\" content=\"640\" \/>\n\t<meta property=\"og:image:type\" content=\"image\/jpeg\" \/>\n<meta name=\"twitter:card\" content=\"summary_large_image\" \/>\n<meta name=\"twitter:label1\" content=\"pre\u00e7o\" \/>\n\t<meta name=\"twitter:data1\" content=\"\" \/>\n\t<meta name=\"twitter:label2\" content=\"Disponibilidade\" \/>\n\t<meta name=\"twitter:data2\" content=\"Em stock\" \/>\n<meta property=\"product:price:currency\" content=\"EUR\" \/>\n<meta property=\"og:availability\" content=\"instock\" \/>\n<meta property=\"product:availability\" content=\"instock\" \/>\n<meta property=\"product:retailer_item_id\" content=\"FAVSRT\" \/>\n<meta property=\"product:condition\" content=\"new\" \/>\n<!-- \/ Yoast SEO Premium plugin. -->","yoast_head_json":{"title":"Bebedouro autom\u00e1tico de n\u00edvel constante com cuba basculante - FDA srl","description":"Otimize a explora\u00e7\u00e3o pecu\u00e1ria com o nosso Bebedouro autom\u00e1tico de n\u00edvel constante. A cuba em a\u00e7o inoxid\u00e1vel foi concebida para resistir ao tempo! \ud83d\udca7","robots":{"index":"index","follow":"follow","max-snippet":"max-snippet:-1","max-image-preview":"max-image-preview:large","max-video-preview":"max-video-preview:-1"},"canonical":"https:\/\/fdasrl.it\/pt-pt\/prodotto\/bebedouro-automatico-de-cuba-basculante-com-fixacao-a-parede\/","og_locale":"pt_PT","og_type":"article","og_title":"BEBEDOURO AUTOM\u00c1TICO DE CUBA BASCULANTE COM FIXA\u00c7\u00c3O \u00c0 PAREDE","og_description":"Otimize a explora\u00e7\u00e3o pecu\u00e1ria com o nosso Bebedouro autom\u00e1tico de n\u00edvel constante. A cuba em a\u00e7o inoxid\u00e1vel foi concebida para resistir ao tempo! \ud83d\udca7","og_url":"https:\/\/fdasrl.it\/pt-pt\/prodotto\/bebedouro-automatico-de-cuba-basculante-com-fixacao-a-parede\/","og_site_name":"FDA srl","article_publisher":"https:\/\/www.facebook.com\/share\/1MWhFWg1Tp\/?mibextid=LQQJ4d","og_image":[{"width":621,"height":640,"url":"https:\/\/fdasrl.it\/wp-content\/uploads\/2025\/01\/FA-VSRT1_1.jpg","type":"image\/jpeg"}],"twitter_card":"summary_large_image","twitter_misc":{"pre\u00e7o":"","Disponibilidade":"Em stock"},"schema":{"@context":"https:\/\/schema.org","@graph":[{"@type":"WebPage","@id":"https:\/\/fdasrl.it\/pt-pt\/prodotto\/bebedouro-automatico-de-cuba-basculante-com-fixacao-a-parede\/","url":"https:\/\/fdasrl.it\/pt-pt\/prodotto\/bebedouro-automatico-de-cuba-basculante-com-fixacao-a-parede\/","name":"Bebedouro autom\u00e1tico de n\u00edvel constante com cuba basculante - FDA srl","isPartOf":{"@id":"https:\/\/fdasrl.it\/pt-pt\/#website"},"primaryImageOfPage":{"@id":"https:\/\/fdasrl.it\/pt-pt\/prodotto\/bebedouro-automatico-de-cuba-basculante-com-fixacao-a-parede\/#primaryimage"},"image":{"@id":"https:\/\/fdasrl.it\/pt-pt\/prodotto\/bebedouro-automatico-de-cuba-basculante-com-fixacao-a-parede\/#primaryimage"},"thumbnailUrl":"https:\/\/fdasrl.it\/wp-content\/uploads\/2025\/01\/FA-VSRT1_1.jpg","datePublished":"2025-01-21T10:23:26+00:00","description":"Otimize a explora\u00e7\u00e3o pecu\u00e1ria com o nosso Bebedouro autom\u00e1tico de n\u00edvel constante. A cuba em a\u00e7o inoxid\u00e1vel foi concebida para resistir ao tempo! \ud83d\udca7","breadcrumb":{"@id":"https:\/\/fdasrl.it\/pt-pt\/prodotto\/bebedouro-automatico-de-cuba-basculante-com-fixacao-a-parede\/#breadcrumb"},"inLanguage":"pt-PT","potentialAction":[{"@type":"ReadAction","target":["https:\/\/fdasrl.it\/pt-pt\/prodotto\/bebedouro-automatico-de-cuba-basculante-com-fixacao-a-parede\/"]}]},{"@type":"ImageObject","inLanguage":"pt-PT","@id":"https:\/\/fdasrl.it\/pt-pt\/prodotto\/bebedouro-automatico-de-cuba-basculante-com-fixacao-a-parede\/#primaryimage","url":"https:\/\/fdasrl.it\/wp-content\/uploads\/2025\/01\/FA-VSRT1_1.jpg","contentUrl":"https:\/\/fdasrl.it\/wp-content\/uploads\/2025\/01\/FA-VSRT1_1.jpg","width":621,"height":640,"caption":"Abbeveratoio automatico con vasca ribaltabile in acciaio inox per bovini e cavalli FA VSRT"},{"@type":"BreadcrumbList","@id":"https:\/\/fdasrl.it\/pt-pt\/prodotto\/bebedouro-automatico-de-cuba-basculante-com-fixacao-a-parede\/#breadcrumb","itemListElement":[{"@type":"ListItem","position":1,"name":"Home","item":"https:\/\/fdasrl.it\/pt-pt\/inicio\/"},{"@type":"ListItem","position":2,"name":"Loja","item":"https:\/\/fdasrl.it\/pt-pt\/loja\/"},{"@type":"ListItem","position":3,"name":"BEBEDOURO AUTOM\u00c1TICO DE CUBA BASCULANTE COM FIXA\u00c7\u00c3O \u00c0 PAREDE"}]},{"@type":"WebSite","@id":"https:\/\/fdasrl.it\/pt-pt\/#website","url":"https:\/\/fdasrl.it\/pt-pt\/","name":"FDA srl","description":"Equipment for animal husbandry","publisher":{"@id":"https:\/\/fdasrl.it\/pt-pt\/#organization"},"potentialAction":[{"@type":"SearchAction","target":{"@type":"EntryPoint","urlTemplate":"https:\/\/fdasrl.it\/pt-pt\/?s={search_term_string}"},"query-input":{"@type":"PropertyValueSpecification","valueRequired":true,"valueName":"search_term_string"}}],"inLanguage":"pt-PT"},{"@type":"Organization","@id":"https:\/\/fdasrl.it\/pt-pt\/#organization","name":"FDA srl","url":"https:\/\/fdasrl.it\/pt-pt\/","logo":{"@type":"ImageObject","inLanguage":"pt-PT","@id":"https:\/\/fdasrl.it\/pt-pt\/#\/schema\/logo\/image\/","url":"https:\/\/fdasrl.it\/wp-content\/uploads\/2024\/12\/Logo-FDA.png","contentUrl":"https:\/\/fdasrl.it\/wp-content\/uploads\/2024\/12\/Logo-FDA.png","width":316,"height":119,"caption":"FDA srl"},"image":{"@id":"https:\/\/fdasrl.it\/pt-pt\/#\/schema\/logo\/image\/"},"sameAs":["https:\/\/www.facebook.com\/share\/1MWhFWg1Tp\/?mibextid=LQQJ4d","https:\/\/www.instagram.com\/fda_srl\/profilecard\/?igsh=YW5lbzJ6MWg0d21u","https:\/\/www.youtube.com\/@FDASRL_ANIMALCARE"],"description":"FDA SRL \u2013 Equipment for animal husbandry nasce con l\u2019obiettivo di offrire soluzioni affidabili e innovative per l\u2019allevamento moderno. Con anni di esperienza nel settore zootecnico, progettiamo e realizziamo attrezzature destinate al benessere animale e alla gestione efficiente delle stalle: vasche, abbeveratoi, mangiatoie e sistemi di riscaldamento pensati per durare nel tempo e semplificare il lavoro quotidiano degli allevatori. Dalla progettazione alla produzione, ogni nostro prodotto \u00e8 studiato nei minimi dettagli, testato con cura e costruito per rispondere alle esigenze reali del settore. La nostra forza \u00e8 unire artigianalit\u00e0, tecnologia e competenza tecnica per trasformare ogni progetto in una soluzione concreta e funzionale. Oggi FDA SRL \u00e8 un punto di riferimento per privati e rivenditori che cercano qualit\u00e0, affidabilit\u00e0 e innovazione nelle attrezzature per l\u2019allevamento.","email":"info@fdasrl.it","telephone":"+390522826820","legalName":"F.D.A. SRL","foundingDate":"2024-10-13","vatID":"03075840359","taxID":"03075840359","numberOfEmployees":{"@type":"QuantitativeValue","minValue":"1","maxValue":"10"}}]},"product_price_currency":"EUR","og_availability":"instock","product_availability":"instock","product_retailer_item_id":"FAVSRT","product_condition":"new"},"_links":{"self":[{"href":"https:\/\/fdasrl.it\/pt-pt\/wp-json\/wp\/v2\/product\/4072","targetHints":{"allow":["GET"]}}],"collection":[{"href":"https:\/\/fdasrl.it\/pt-pt\/wp-json\/wp\/v2\/product"}],"about":[{"href":"https:\/\/fdasrl.it\/pt-pt\/wp-json\/wp\/v2\/types\/product"}],"replies":[{"embeddable":true,"href":"https:\/\/fdasrl.it\/pt-pt\/wp-json\/wp\/v2\/comments?post=4072"}],"wp:featuredmedia":[{"embeddable":true,"href":"https:\/\/fdasrl.it\/pt-pt\/wp-json\/wp\/v2\/media\/399"}],"wp:attachment":[{"href":"https:\/\/fdasrl.it\/pt-pt\/wp-json\/wp\/v2\/media?parent=4072"}],"wp:term":[{"taxonomy":"product_brand","embeddable":true,"href":"https:\/\/fdasrl.it\/pt-pt\/wp-json\/wp\/v2\/product_brand?post=4072"},{"taxonomy":"product_cat","embeddable":true,"href":"https:\/\/fdasrl.it\/pt-pt\/wp-json\/wp\/v2\/product_cat?post=4072"},{"taxonomy":"product_tag","embeddable":true,"href":"https:\/\/fdasrl.it\/pt-pt\/wp-json\/wp\/v2\/product_tag?post=4072"}],"curies":[{"name":"wp","href":"https:\/\/api.w.org\/{rel}","templated":true}]}}