{"id":4087,"date":"2025-01-21T10:43:30","date_gmt":"2025-01-21T09:43:30","guid":{"rendered":"https:\/\/fdasrl.it\/prodotto\/tanque-de-nivel-constante-em-aco-inoxidavel\/"},"modified":"2025-01-21T10:43:30","modified_gmt":"2025-01-21T09:43:30","slug":"tanque-de-nivel-constante-em-aco-inoxidavel","status":"publish","type":"product","link":"https:\/\/fdasrl.it\/pt-pt\/prodotto\/tanque-de-nivel-constante-em-aco-inoxidavel\/","title":{"rendered":"Tanque de N\u00edvel Constante em A\u00e7o Inoxid\u00e1vel"},"content":{"rendered":"<div class=\"product-intro\">\n<div class=\"product-intro-padding\">\n<div class=\"xt-container-content-wrapper\">\n<div class=\"xt-introduction-wrapper\">\n<p data-start=\"287\" data-end=\"544\">O <strong data-start=\"290\" data-end=\"334\">tanque em a\u00e7o inoxid\u00e1vel de n\u00edvel constante<\/strong> \u00e9 uma solu\u00e7\u00e3o robusta e higi\u00e9nica para o abeberamento dos animais. Fabricado em <strong data-start=\"418\" data-end=\"443\">a\u00e7o inoxid\u00e1vel AISI 304<\/strong>, \u00e9 ideal para aplica\u00e7\u00f5es zoot\u00e9cnicas onde s\u00e3o exigidas resist\u00eancia, durabilidade e facilidade de limpeza. <\/p>\n<h3 data-start=\"546\" data-end=\"582\">\u2705 <strong data-start=\"552\" data-end=\"582\">Caracter\u00edsticas principais<\/strong><\/h3>\n<ul data-start=\"584\" data-end=\"1024\">\n<li data-start=\"584\" data-end=\"634\">\n<p data-start=\"586\" data-end=\"634\"><strong data-start=\"586\" data-end=\"599\">Material<\/strong>: A\u00e7o inoxid\u00e1vel 304 (espessura 10\/10)<\/p>\n<\/li>\n<li data-start=\"635\" data-end=\"704\">\n<p data-start=\"637\" data-end=\"704\"><strong data-start=\"637\" data-end=\"667\">Sistema de n\u00edvel constante<\/strong> com <strong data-start=\"672\" data-end=\"696\">boia de 1\/2&#8243;<\/strong> inclu\u00edda<\/p>\n<\/li>\n<li data-start=\"705\" data-end=\"776\">\n<p data-start=\"707\" data-end=\"776\"><strong data-start=\"707\" data-end=\"737\">Alojamento da boia<\/strong> dispon\u00edvel no lado esquerdo ou direito<\/p>\n<\/li>\n<li data-start=\"777\" data-end=\"835\">\n<p data-start=\"779\" data-end=\"835\"><strong data-start=\"779\" data-end=\"797\">Sem suportes<\/strong>: adequado para apoio<\/p>\n<\/li>\n<li data-start=\"836\" data-end=\"868\">\n<p data-start=\"838\" data-end=\"868\"><strong data-start=\"838\" data-end=\"858\">Capacidade m\u00e1xima<\/strong>: 45 litros<\/p>\n<\/li>\n<li data-start=\"869\" data-end=\"937\">\n<p data-start=\"871\" data-end=\"937\"><strong data-start=\"871\" data-end=\"897\">Descarga para limpeza<\/strong>: liga\u00e7\u00e3o de 3\/4&#8243; para f\u00e1cil esvaziamento<\/p>\n<\/li>\n<li data-start=\"938\" data-end=\"975\">\n<p data-start=\"940\" data-end=\"975\"><strong data-start=\"940\" data-end=\"958\">Entrada de \u00e1gua<\/strong>: liga\u00e7\u00e3o de 3\/4&#8243;<\/p>\n<\/li>\n<li data-start=\"976\" data-end=\"1024\">\n<p data-start=\"978\" data-end=\"1024\"><strong data-start=\"978\" data-end=\"1016\">Press\u00e3o m\u00e1xima da boia<\/strong>: 10 bar<\/p>\n<\/li>\n<\/ul>\n<h3 data-start=\"1026\" data-end=\"1059\">\ud83d\udcd0 <strong data-start=\"1033\" data-end=\"1059\">Dimens\u00f5es dispon\u00edveis<\/strong><\/h3>\n<ul data-start=\"1061\" data-end=\"1127\">\n<li data-start=\"1061\" data-end=\"1082\">\n<p data-start=\"1063\" data-end=\"1082\">60 x 30 x h 20 cm<\/p>\n<\/li>\n<li data-start=\"1083\" data-end=\"1104\">\n<p data-start=\"1085\" data-end=\"1104\">80 x 30 x h 20 cm<\/p>\n<\/li>\n<li data-start=\"1105\" data-end=\"1127\">\n<p data-start=\"1107\" data-end=\"1127\">120 x 30 x h 20 cm<\/p>\n<\/li>\n<\/ul>\n<blockquote data-start=\"1129\" data-end=\"1242\">\n<p data-start=\"1131\" data-end=\"1242\">Ideal para cria\u00e7\u00f5es de bovinos, su\u00ednos, ovinos\/caprinos e cavalos. Facilmente integr\u00e1vel em est\u00e1bulos novos ou existentes. <\/p>\n<\/blockquote>\n<h3 data-start=\"1244\" data-end=\"1267\">\ud83d\udd27 <strong data-start=\"1251\" data-end=\"1267\">Aplica\u00e7\u00f5es<\/strong><\/h3>\n<ul data-start=\"1269\" data-end=\"1367\">\n<li data-start=\"1269\" data-end=\"1294\">\n<p data-start=\"1271\" data-end=\"1294\">Bebedouros para animais<\/p>\n<\/li>\n<li data-start=\"1295\" data-end=\"1324\">\n<p data-start=\"1297\" data-end=\"1324\">Tanques para est\u00e1bulos e currais<\/p>\n<\/li>\n<li data-start=\"1325\" data-end=\"1367\">\n<p data-start=\"1327\" data-end=\"1367\">Sistemas h\u00eddricos autom\u00e1ticos em cria\u00e7\u00e3o<\/p>\n<\/li>\n<\/ul>\n<h3 data-start=\"1369\" data-end=\"1415\">\ud83c\udf10 Porqu\u00ea escolher os nossos tanques inox?<\/h3>\n<ul data-start=\"1417\" data-end=\"1573\">\n<li data-start=\"1417\" data-end=\"1445\">\n<p data-start=\"1419\" data-end=\"1445\">Alta qualidade dos materiais<\/p>\n<\/li>\n<li data-start=\"1446\" data-end=\"1485\">\n<p data-start=\"1448\" data-end=\"1485\">M\u00e1xima higiene e facilidade de lavagem<\/p>\n<\/li>\n<li data-start=\"1486\" data-end=\"1528\">\n<p data-start=\"1488\" data-end=\"1528\">Longa dura\u00e7\u00e3o mesmo em condi\u00e7\u00f5es adversas<\/p>\n<\/li>\n<li data-start=\"1529\" data-end=\"1573\">\n<p data-start=\"1531\" data-end=\"1573\">Produto projetado e fabricado em It\u00e1lia<\/p>\n<\/li>\n<\/ul>\n<hr data-start=\"1575\" data-end=\"1578\">\n<h4 data-start=\"1580\" data-end=\"1648\">\ud83d\udcde Contacte-nos para personaliza\u00e7\u00f5es ou encomendas em grandes quantidades &#8211; <a href=\"https:\/\/fdasrl.it\/pt-pt\/contactos\/#et_pb_contact_form_0\">CLIQUE AQUI<\/a><\/h4>\n<\/div>\n<\/div>\n<\/div>\n<\/div>\n","protected":false},"excerpt":{"rendered":"<p>Tanque em a\u00e7o inoxid\u00e1vel AISI 304 de n\u00edvel constante com boia de 1\/2&#8243;, ideal para est\u00e1bulos e cria\u00e7\u00f5es. Capacidade 45 litros, f\u00e1cil de limpar. Tr\u00eas medidas dispon\u00edveis.  <\/p>\n","protected":false},"featured_media":369,"comment_status":"open","ping_status":"closed","template":"","meta":{"_et_pb_use_builder":"","_et_pb_old_content":"","_et_gb_content_width":""},"product_brand":[],"product_cat":[383,412,503],"product_tag":[971],"class_list":{"0":"post-4087","1":"product","2":"type-product","3":"status-publish","4":"has-post-thumbnail","6":"product_cat-bovinos","7":"product_cat-ovinos-e-caprinos","8":"product_cat-tanques-inox-para-estabulos","9":"product_tag-fa-vs1","11":"first","12":"instock","13":"shipping-taxable","14":"product-type-simple"},"yoast_head":"<!-- This site is optimized with the Yoast SEO Premium plugin v27.5 (Yoast SEO v27.5) - https:\/\/yoast.com\/product\/yoast-seo-premium-wordpress\/ -->\n<title>Tanque bebedouro a\u00e7o inoxid\u00e1vel para est\u00e1bulos e currais - FDA srl<\/title>\n<meta name=\"description\" content=\"Escolha o tanque em a\u00e7o inoxid\u00e1vel Tanque bebedouro a\u00e7o inoxid\u00e1vel para uma solu\u00e7\u00e3o higi\u00e9nica e robusta para o seu gado. Saiba mais!\" \/>\n<meta name=\"robots\" content=\"index, follow, max-snippet:-1, max-image-preview:large, max-video-preview:-1\" \/>\n<link rel=\"canonical\" href=\"https:\/\/fdasrl.it\/pt-pt\/prodotto\/tanque-de-nivel-constante-em-aco-inoxidavel\/\" \/>\n<meta property=\"og:locale\" content=\"pt_PT\" \/>\n<meta property=\"og:type\" content=\"article\" \/>\n<meta property=\"og:title\" content=\"Tanque de N\u00edvel Constante em A\u00e7o Inoxid\u00e1vel\" \/>\n<meta property=\"og:description\" content=\"Escolha o tanque em a\u00e7o inoxid\u00e1vel Tanque bebedouro a\u00e7o inoxid\u00e1vel para uma solu\u00e7\u00e3o higi\u00e9nica e robusta para o seu gado. Saiba mais!\" \/>\n<meta property=\"og:url\" content=\"https:\/\/fdasrl.it\/pt-pt\/prodotto\/tanque-de-nivel-constante-em-aco-inoxidavel\/\" \/>\n<meta property=\"og:site_name\" content=\"FDA srl\" \/>\n<meta property=\"article:publisher\" content=\"https:\/\/www.facebook.com\/share\/1MWhFWg1Tp\/?mibextid=LQQJ4d\" \/>\n<meta property=\"og:image\" content=\"https:\/\/fdasrl.it\/wp-content\/uploads\/2025\/01\/FA-VS1.jpg\" \/>\n\t<meta property=\"og:image:width\" content=\"730\" \/>\n\t<meta property=\"og:image:height\" content=\"548\" \/>\n\t<meta property=\"og:image:type\" content=\"image\/jpeg\" \/>\n<meta name=\"twitter:card\" content=\"summary_large_image\" \/>\n<meta name=\"twitter:label1\" content=\"pre\u00e7o\" \/>\n\t<meta name=\"twitter:data1\" content=\"\" \/>\n\t<meta name=\"twitter:label2\" content=\"Disponibilidade\" \/>\n\t<meta name=\"twitter:data2\" content=\"Em stock\" \/>\n<meta property=\"product:price:currency\" content=\"EUR\" \/>\n<meta property=\"og:availability\" content=\"instock\" \/>\n<meta property=\"product:availability\" content=\"instock\" \/>\n<meta property=\"product:retailer_item_id\" content=\"FA-VS1\" \/>\n<meta property=\"product:condition\" content=\"new\" \/>\n<!-- \/ Yoast SEO Premium plugin. -->","yoast_head_json":{"title":"Tanque bebedouro a\u00e7o inoxid\u00e1vel para est\u00e1bulos e currais - FDA srl","description":"Escolha o tanque em a\u00e7o inoxid\u00e1vel Tanque bebedouro a\u00e7o inoxid\u00e1vel para uma solu\u00e7\u00e3o higi\u00e9nica e robusta para o seu gado. Saiba mais!","robots":{"index":"index","follow":"follow","max-snippet":"max-snippet:-1","max-image-preview":"max-image-preview:large","max-video-preview":"max-video-preview:-1"},"canonical":"https:\/\/fdasrl.it\/pt-pt\/prodotto\/tanque-de-nivel-constante-em-aco-inoxidavel\/","og_locale":"pt_PT","og_type":"article","og_title":"Tanque de N\u00edvel Constante em A\u00e7o Inoxid\u00e1vel","og_description":"Escolha o tanque em a\u00e7o inoxid\u00e1vel Tanque bebedouro a\u00e7o inoxid\u00e1vel para uma solu\u00e7\u00e3o higi\u00e9nica e robusta para o seu gado. Saiba mais!","og_url":"https:\/\/fdasrl.it\/pt-pt\/prodotto\/tanque-de-nivel-constante-em-aco-inoxidavel\/","og_site_name":"FDA srl","article_publisher":"https:\/\/www.facebook.com\/share\/1MWhFWg1Tp\/?mibextid=LQQJ4d","og_image":[{"width":730,"height":548,"url":"https:\/\/fdasrl.it\/wp-content\/uploads\/2025\/01\/FA-VS1.jpg","type":"image\/jpeg"}],"twitter_card":"summary_large_image","twitter_misc":{"pre\u00e7o":"","Disponibilidade":"Em stock"},"schema":{"@context":"https:\/\/schema.org","@graph":[{"@type":"WebPage","@id":"https:\/\/fdasrl.it\/pt-pt\/prodotto\/tanque-de-nivel-constante-em-aco-inoxidavel\/","url":"https:\/\/fdasrl.it\/pt-pt\/prodotto\/tanque-de-nivel-constante-em-aco-inoxidavel\/","name":"Tanque bebedouro a\u00e7o inoxid\u00e1vel para est\u00e1bulos e currais - FDA srl","isPartOf":{"@id":"https:\/\/fdasrl.it\/pt-pt\/#website"},"primaryImageOfPage":{"@id":"https:\/\/fdasrl.it\/pt-pt\/prodotto\/tanque-de-nivel-constante-em-aco-inoxidavel\/#primaryimage"},"image":{"@id":"https:\/\/fdasrl.it\/pt-pt\/prodotto\/tanque-de-nivel-constante-em-aco-inoxidavel\/#primaryimage"},"thumbnailUrl":"https:\/\/fdasrl.it\/wp-content\/uploads\/2025\/01\/FA-VS1.jpg","datePublished":"2025-01-21T09:43:30+00:00","description":"Escolha o tanque em a\u00e7o inoxid\u00e1vel Tanque bebedouro a\u00e7o inoxid\u00e1vel para uma solu\u00e7\u00e3o higi\u00e9nica e robusta para o seu gado. Saiba mais!","breadcrumb":{"@id":"https:\/\/fdasrl.it\/pt-pt\/prodotto\/tanque-de-nivel-constante-em-aco-inoxidavel\/#breadcrumb"},"inLanguage":"pt-PT","potentialAction":[{"@type":"ReadAction","target":["https:\/\/fdasrl.it\/pt-pt\/prodotto\/tanque-de-nivel-constante-em-aco-inoxidavel\/"]}]},{"@type":"ImageObject","inLanguage":"pt-PT","@id":"https:\/\/fdasrl.it\/pt-pt\/prodotto\/tanque-de-nivel-constante-em-aco-inoxidavel\/#primaryimage","url":"https:\/\/fdasrl.it\/wp-content\/uploads\/2025\/01\/FA-VS1.jpg","contentUrl":"https:\/\/fdasrl.it\/wp-content\/uploads\/2025\/01\/FA-VS1.jpg","width":730,"height":548},{"@type":"BreadcrumbList","@id":"https:\/\/fdasrl.it\/pt-pt\/prodotto\/tanque-de-nivel-constante-em-aco-inoxidavel\/#breadcrumb","itemListElement":[{"@type":"ListItem","position":1,"name":"Home","item":"https:\/\/fdasrl.it\/pt-pt\/inicio\/"},{"@type":"ListItem","position":2,"name":"Loja","item":"https:\/\/fdasrl.it\/pt-pt\/loja\/"},{"@type":"ListItem","position":3,"name":"Tanque de N\u00edvel Constante em A\u00e7o Inoxid\u00e1vel"}]},{"@type":"WebSite","@id":"https:\/\/fdasrl.it\/pt-pt\/#website","url":"https:\/\/fdasrl.it\/pt-pt\/","name":"FDA srl","description":"Equipment for animal husbandry","publisher":{"@id":"https:\/\/fdasrl.it\/pt-pt\/#organization"},"potentialAction":[{"@type":"SearchAction","target":{"@type":"EntryPoint","urlTemplate":"https:\/\/fdasrl.it\/pt-pt\/?s={search_term_string}"},"query-input":{"@type":"PropertyValueSpecification","valueRequired":true,"valueName":"search_term_string"}}],"inLanguage":"pt-PT"},{"@type":"Organization","@id":"https:\/\/fdasrl.it\/pt-pt\/#organization","name":"FDA srl","url":"https:\/\/fdasrl.it\/pt-pt\/","logo":{"@type":"ImageObject","inLanguage":"pt-PT","@id":"https:\/\/fdasrl.it\/pt-pt\/#\/schema\/logo\/image\/","url":"https:\/\/fdasrl.it\/wp-content\/uploads\/2024\/12\/Logo-FDA.png","contentUrl":"https:\/\/fdasrl.it\/wp-content\/uploads\/2024\/12\/Logo-FDA.png","width":316,"height":119,"caption":"FDA srl"},"image":{"@id":"https:\/\/fdasrl.it\/pt-pt\/#\/schema\/logo\/image\/"},"sameAs":["https:\/\/www.facebook.com\/share\/1MWhFWg1Tp\/?mibextid=LQQJ4d","https:\/\/www.instagram.com\/fda_srl\/profilecard\/?igsh=YW5lbzJ6MWg0d21u","https:\/\/www.youtube.com\/@FDASRL_ANIMALCARE"],"description":"FDA SRL \u2013 Equipment for animal husbandry nasce con l\u2019obiettivo di offrire soluzioni affidabili e innovative per l\u2019allevamento moderno. Con anni di esperienza nel settore zootecnico, progettiamo e realizziamo attrezzature destinate al benessere animale e alla gestione efficiente delle stalle: vasche, abbeveratoi, mangiatoie e sistemi di riscaldamento pensati per durare nel tempo e semplificare il lavoro quotidiano degli allevatori. Dalla progettazione alla produzione, ogni nostro prodotto \u00e8 studiato nei minimi dettagli, testato con cura e costruito per rispondere alle esigenze reali del settore. La nostra forza \u00e8 unire artigianalit\u00e0, tecnologia e competenza tecnica per trasformare ogni progetto in una soluzione concreta e funzionale. Oggi FDA SRL \u00e8 un punto di riferimento per privati e rivenditori che cercano qualit\u00e0, affidabilit\u00e0 e innovazione nelle attrezzature per l\u2019allevamento.","email":"info@fdasrl.it","telephone":"+390522826820","legalName":"F.D.A. SRL","foundingDate":"2024-10-13","vatID":"03075840359","taxID":"03075840359","numberOfEmployees":{"@type":"QuantitativeValue","minValue":"1","maxValue":"10"}}]},"product_price_currency":"EUR","og_availability":"instock","product_availability":"instock","product_retailer_item_id":"FA-VS1","product_condition":"new"},"_links":{"self":[{"href":"https:\/\/fdasrl.it\/pt-pt\/wp-json\/wp\/v2\/product\/4087","targetHints":{"allow":["GET"]}}],"collection":[{"href":"https:\/\/fdasrl.it\/pt-pt\/wp-json\/wp\/v2\/product"}],"about":[{"href":"https:\/\/fdasrl.it\/pt-pt\/wp-json\/wp\/v2\/types\/product"}],"replies":[{"embeddable":true,"href":"https:\/\/fdasrl.it\/pt-pt\/wp-json\/wp\/v2\/comments?post=4087"}],"wp:featuredmedia":[{"embeddable":true,"href":"https:\/\/fdasrl.it\/pt-pt\/wp-json\/wp\/v2\/media\/369"}],"wp:attachment":[{"href":"https:\/\/fdasrl.it\/pt-pt\/wp-json\/wp\/v2\/media?parent=4087"}],"wp:term":[{"taxonomy":"product_brand","embeddable":true,"href":"https:\/\/fdasrl.it\/pt-pt\/wp-json\/wp\/v2\/product_brand?post=4087"},{"taxonomy":"product_cat","embeddable":true,"href":"https:\/\/fdasrl.it\/pt-pt\/wp-json\/wp\/v2\/product_cat?post=4087"},{"taxonomy":"product_tag","embeddable":true,"href":"https:\/\/fdasrl.it\/pt-pt\/wp-json\/wp\/v2\/product_tag?post=4087"}],"curies":[{"name":"wp","href":"https:\/\/api.w.org\/{rel}","templated":true}]}}